{"id":15302,"date":"2026-01-07T12:50:11","date_gmt":"2026-01-07T10:50:11","guid":{"rendered":"https:\/\/mekulo.com\/no\/produkt\/rc-bil-med-bevegelseskontroll\/"},"modified":"2026-03-02T12:22:02","modified_gmt":"2026-03-02T10:22:02","slug":"rc-bil-med-bevegelseskontroll","status":"publish","type":"product","link":"https:\/\/mekulo.com\/no\/produkt\/rc-bil-med-bevegelseskontroll\/","title":{"rendered":"RC-bil med bevegelseskontroll"},"content":{"rendered":"<div class=\"flex max-w-full flex-col grow\">\n<div class=\"min-h-8 text-message relative flex w-full flex-col items-end gap-2 text-start break-words whitespace-normal [.text-message+&amp;]:mt-1\" dir=\"auto\" data-message-author-role=\"assistant\" data-message-id=\"d511ec06-7f8c-48d1-b102-5bb4ee1983b8\" data-message-model-slug=\"gpt-5-2\">\n<div class=\"flex w-full flex-col gap-1 empty:hidden first:pt-[1px]\">\n<div class=\"markdown prose dark:prose-invert w-full break-words light markdown-new-styling\">\n<p style=\"text-align: center;\" data-start=\"0\" data-end=\"72\"><strong data-start=\"0\" data-end=\"72\">Kontroller Bilen Med Hendene Og Utf\u00f8r Fantastiske Stunts Hvor Som Helst.<\/strong><span style=\"font-size: 16px; font-style: normal; font-weight: 400;\">\ud83d\ude97\u00a0<\/span><\/p>\n<p data-start=\"74\" data-end=\"286\"><img fetchpriority=\"high\" decoding=\"async\" class=\"size-full wp-image-46153 aligncenter\" src=\"https:\/\/keluvo.com\/template\/wp-content\/uploads\/sites\/5\/2025\/12\/10226-ezgif.com-video-to-webp-converter-6.webp\" alt=\"\" width=\"500\" height=\"500\" \/><\/p>\n<h2 style=\"text-align: center;\" data-start=\"524\" data-end=\"544\">\ud83d\udd25 Hovedfordeler<\/h2>\n<p data-start=\"547\" data-end=\"613\">\u270b Gestkontrollmodus \u2013 Styr bilen med h\u00e5ndbevegelser.<\/p>\n<p data-start=\"616\" data-end=\"671\">\ud83c\udfae Fjernkontrollmodus \u2013 Enkel og presis kj\u00f8ring.<\/p>\n<p data-start=\"674\" data-end=\"731\">\ud83d\udd04 360\u00b0 stunts \u2013 Spinner, flips og triks med letthet.<\/p>\n<p data-start=\"734\" data-end=\"799\">\ud83d\udca1 LED-lys \u2013 Lyse og fargerike, perfekte for nattlek.<\/p>\n<p data-start=\"802\" data-end=\"858\">\ud83d\udede Stuntdekk \u2013 Sterkt grep p\u00e5 forskjellige overflater.<\/p>\n<p data-start=\"861\" data-end=\"911\">\ud83d\udcaa Slitesterk konstruksjon \u2013 H\u00e5ndterer st\u00f8t og krasj.<\/p>\n<p data-start=\"914\" data-end=\"972\">\ud83d\udc76 Barnesikkert design \u2013 Ingen skarpe kanter eller sm\u00e5 deler.<\/p>\n<p data-start=\"914\" data-end=\"972\"><img decoding=\"async\" class=\"size-full wp-image-46154 aligncenter\" src=\"https:\/\/keluvo.com\/template\/wp-content\/uploads\/sites\/5\/2025\/12\/16014453268e8e971de8.webp\" alt=\"\" width=\"500\" height=\"370\" \/><\/p>\n<h2 style=\"text-align: center;\" data-start=\"974\" data-end=\"991\">\u25b6\ufe0f Slik Bruker Du Den<\/h2>\n<ol data-start=\"992\" data-end=\"1267\">\n<li data-start=\"992\" data-end=\"1044\">\n<p data-start=\"995\" data-end=\"1044\">Lad opp RC-bilen med den medf\u00f8lgende USB-kabelen.<\/p>\n<\/li>\n<li data-start=\"1045\" data-end=\"1090\">\n<p data-start=\"1048\" data-end=\"1090\">Sl\u00e5 p\u00e5 bilen og velg kontrollmodus.<\/p>\n<\/li>\n<li data-start=\"1091\" data-end=\"1166\">\n<p data-start=\"1094\" data-end=\"1166\">Bruk fjernkontrollen for klassisk kj\u00f8ring eller bruk gestkontrolleren.<\/p>\n<\/li>\n<li data-start=\"1167\" data-end=\"1222\">\n<p data-start=\"1170\" data-end=\"1222\">Beveg h\u00e5nden for \u00e5 styre, spinne og utf\u00f8re stunts.<\/p>\n<\/li>\n<li data-start=\"1223\" data-end=\"1267\">\n<p data-start=\"1226\" data-end=\"1267\">Kos deg med racing og triks p\u00e5 alle underlag.<\/p>\n<\/li>\n<\/ol>\n<h2 style=\"text-align: center;\" data-start=\"1269\" data-end=\"1291\">\ud83d\udccf Produktdetaljer<\/h2>\n<ul data-start=\"1292\" data-end=\"1552\">\n<li data-start=\"1292\" data-end=\"1339\">\n<p data-start=\"1294\" data-end=\"1339\">Materiale: Plast og elektroniske komponenter<\/p>\n<\/li>\n<li data-start=\"1340\" data-end=\"1391\">\n<p data-start=\"1342\" data-end=\"1391\">Kontrollmodi: Gestkontroll &amp; fjernkontroll<\/p>\n<\/li>\n<li data-start=\"1392\" data-end=\"1454\">\n<p data-start=\"1394\" data-end=\"1454\">Kraft: 3,7 V 500 mAh oppladbart litiumbatteri (inkludert)<\/p>\n<\/li>\n<li data-start=\"1455\" data-end=\"1472\">\n<p data-start=\"1457\" data-end=\"1472\">Lading: USB<\/p>\n<\/li>\n<li data-start=\"1517\" data-end=\"1552\">\n<p data-start=\"1519\" data-end=\"1552\">Anbefalt alder: 3 \u00e5r og oppover<\/p>\n<\/li>\n<\/ul>\n<h2 style=\"text-align: center;\" data-start=\"1554\" data-end=\"1577\">\ud83d\udce6 Pakken inkluderer<\/h2>\n<ul data-start=\"1578\" data-end=\"1723\" data-is-last-node=\"\" data-is-only-node=\"\">\n<li data-start=\"1578\" data-end=\"1608\">\n<p data-start=\"1580\" data-end=\"1608\">1x gestkontroll RC-bil<\/p>\n<\/li>\n<li data-start=\"1609\" data-end=\"1634\">\n<p data-start=\"1611\" data-end=\"1634\">1x fjernkontroll<\/p>\n<\/li>\n<li data-start=\"1635\" data-end=\"1669\">\n<p data-start=\"1637\" data-end=\"1669\">1x gestkontrollkontroller<\/p>\n<\/li>\n<li data-start=\"1670\" data-end=\"1696\">\n<p data-start=\"1672\" data-end=\"1696\">1x USB-ladekabel<\/p>\n<\/li>\n<li data-start=\"1697\" data-end=\"1723\" data-is-last-node=\"\">\n<p data-start=\"1699\" data-end=\"1723\" data-is-last-node=\"\">1x oppladbart batteri.<\/p>\n<\/li>\n<\/ul>\n<\/div>\n<\/div>\n<\/div>\n<\/div>\n","protected":false},"excerpt":{"rendered":"<p>Med denne geststyrte RC-bilen kan barna kj\u00f8re, spinne og vippe ved hjelp av h\u00e5ndbevegelser eller en klassisk fjernkontroll. Med kraftige stuntdekk, skarpe LED-lys og en robust konstruksjon gir den nonstop action b\u00e5de innend\u00f8rs og utend\u00f8rs. Denne RC-bilen har to kontrollmoduser, slik at barna kan velge hvordan de vil leke. Bruk fjernkontrollen til presis kj\u00f8ring, eller bytt til gestkontroll for \u00e5 styre, svinge og utf\u00f8re triks med enkle h\u00e5ndbevegelser.<\/p>\n","protected":false},"featured_media":15298,"comment_status":"open","ping_status":"closed","template":"","meta":{"site-sidebar-layout":"default","site-content-layout":"","ast-site-content-layout":"default","site-content-style":"default","site-sidebar-style":"default","ast-global-header-display":"","ast-banner-title-visibility":"","ast-main-header-display":"","ast-hfb-above-header-display":"","ast-hfb-below-header-display":"","ast-hfb-mobile-header-display":"","site-post-title":"","ast-breadcrumbs-content":"","ast-featured-img":"","footer-sml-layout":"","theme-transparent-header-meta":"default","adv-header-id-meta":"","stick-header-meta":"","header-above-stick-meta":"","header-main-stick-meta":"","header-below-stick-meta":"","astra-migrate-meta-layouts":"set","ast-page-background-enabled":"default","ast-page-background-meta":{"desktop":{"background-color":"var(--ast-global-color-5)","background-image":"","background-repeat":"repeat","background-position":"center center","background-size":"auto","background-attachment":"scroll","background-type":"","background-media":"","overlay-type":"","overlay-color":"","overlay-opacity":"","overlay-gradient":""},"tablet":{"background-color":"","background-image":"","background-repeat":"repeat","background-position":"center center","background-size":"auto","background-attachment":"scroll","background-type":"","background-media":"","overlay-type":"","overlay-color":"","overlay-opacity":"","overlay-gradient":""},"mobile":{"background-color":"","background-image":"","background-repeat":"repeat","background-position":"center center","background-size":"auto","background-attachment":"scroll","background-type":"","background-media":"","overlay-type":"","overlay-color":"","overlay-opacity":"","overlay-gradient":""}},"ast-content-background-meta":{"desktop":{"background-color":"var(--ast-global-color-4)","background-image":"","background-repeat":"repeat","background-position":"center center","background-size":"auto","background-attachment":"scroll","background-type":"","background-media":"","overlay-type":"","overlay-color":"","overlay-opacity":"","overlay-gradient":""},"tablet":{"background-color":"var(--ast-global-color-4)","background-image":"","background-repeat":"repeat","background-position":"center center","background-size":"auto","background-attachment":"scroll","background-type":"","background-media":"","overlay-type":"","overlay-color":"","overlay-opacity":"","overlay-gradient":""},"mobile":{"background-color":"var(--ast-global-color-4)","background-image":"","background-repeat":"repeat","background-position":"center center","background-size":"auto","background-attachment":"scroll","background-type":"","background-media":"","overlay-type":"","overlay-color":"","overlay-opacity":"","overlay-gradient":""}}},"product_brand":[],"product_cat":[172],"product_tag":[],"class_list":{"0":"post-15302","1":"product","2":"type-product","3":"status-publish","4":"has-post-thumbnail","6":"product_cat-leker-barne-og-babyprodukter","7":"pa_60497_svjmmla9-bla","8":"pa_60497_svjmmla9-gra","9":"pa_60497_svjmmla9-rod","10":"desktop-align-left","11":"tablet-align-left","12":"mobile-align-left","14":"first","15":"instock","16":"shipping-taxable","17":"purchasable","18":"product-type-variable"},"yoast_head":"<!-- This site is optimized with the Yoast SEO plugin v26.6 - https:\/\/yoast.com\/wordpress\/plugins\/seo\/ -->\n<title>RC-bil med bevegelseskontroll - Mekulo NO<\/title>\n<meta name=\"robots\" content=\"index, follow, max-snippet:-1, max-image-preview:large, max-video-preview:-1\" \/>\n<link rel=\"canonical\" href=\"https:\/\/mekulo.com\/no\/produkt\/rc-bil-med-bevegelseskontroll\/\" \/>\n<meta property=\"og:locale\" content=\"nb_NO\" \/>\n<meta property=\"og:type\" content=\"article\" \/>\n<meta property=\"og:title\" content=\"RC-bil med bevegelseskontroll - Mekulo NO\" \/>\n<meta property=\"og:description\" content=\"Med denne geststyrte RC-bilen kan barna kj\u00f8re, spinne og vippe ved hjelp av h\u00e5ndbevegelser eller en klassisk fjernkontroll. Med kraftige stuntdekk, skarpe LED-lys og en robust konstruksjon gir den nonstop action b\u00e5de innend\u00f8rs og utend\u00f8rs. Denne RC-bilen har to kontrollmoduser, slik at barna kan velge hvordan de vil leke. Bruk fjernkontrollen til presis kj\u00f8ring, eller bytt til gestkontroll for \u00e5 styre, svinge og utf\u00f8re triks med enkle h\u00e5ndbevegelser.\" \/>\n<meta property=\"og:url\" content=\"https:\/\/mekulo.com\/no\/produkt\/rc-bil-med-bevegelseskontroll\/\" \/>\n<meta property=\"og:site_name\" content=\"Mekulo NO\" \/>\n<meta property=\"article:modified_time\" content=\"2026-03-02T10:22:02+00:00\" \/>\n<meta property=\"og:image\" content=\"https:\/\/mekulo.com\/no\/wp-content\/uploads\/sites\/10\/2026\/01\/szy8nug-1.webp\" \/>\n\t<meta property=\"og:image:width\" content=\"713\" \/>\n\t<meta property=\"og:image:height\" content=\"713\" \/>\n\t<meta property=\"og:image:type\" content=\"image\/webp\" \/>\n<meta name=\"twitter:card\" content=\"summary_large_image\" \/>\n<meta name=\"twitter:label1\" content=\"Ansl. lesetid\" \/>\n\t<meta name=\"twitter:data1\" content=\"2 minutter\" \/>\n<script type=\"application\/ld+json\" class=\"yoast-schema-graph\">{\"@context\":\"https:\/\/schema.org\",\"@graph\":[{\"@type\":\"WebPage\",\"@id\":\"https:\/\/mekulo.com\/no\/produkt\/rc-bil-med-bevegelseskontroll\/\",\"url\":\"https:\/\/mekulo.com\/no\/produkt\/rc-bil-med-bevegelseskontroll\/\",\"name\":\"RC-bil med bevegelseskontroll - Mekulo NO\",\"isPartOf\":{\"@id\":\"https:\/\/mekulo.com\/no\/#website\"},\"primaryImageOfPage\":{\"@id\":\"https:\/\/mekulo.com\/no\/produkt\/rc-bil-med-bevegelseskontroll\/#primaryimage\"},\"image\":{\"@id\":\"https:\/\/mekulo.com\/no\/produkt\/rc-bil-med-bevegelseskontroll\/#primaryimage\"},\"thumbnailUrl\":\"https:\/\/mekulo.com\/no\/wp-content\/uploads\/sites\/10\/2026\/01\/szy8nug-1.webp\",\"datePublished\":\"2026-01-07T10:50:11+00:00\",\"dateModified\":\"2026-03-02T10:22:02+00:00\",\"breadcrumb\":{\"@id\":\"https:\/\/mekulo.com\/no\/produkt\/rc-bil-med-bevegelseskontroll\/#breadcrumb\"},\"inLanguage\":\"nb-NO\",\"potentialAction\":[{\"@type\":\"ReadAction\",\"target\":[\"https:\/\/mekulo.com\/no\/produkt\/rc-bil-med-bevegelseskontroll\/\"]}]},{\"@type\":\"ImageObject\",\"inLanguage\":\"nb-NO\",\"@id\":\"https:\/\/mekulo.com\/no\/produkt\/rc-bil-med-bevegelseskontroll\/#primaryimage\",\"url\":\"https:\/\/mekulo.com\/no\/wp-content\/uploads\/sites\/10\/2026\/01\/szy8nug-1.webp\",\"contentUrl\":\"https:\/\/mekulo.com\/no\/wp-content\/uploads\/sites\/10\/2026\/01\/szy8nug-1.webp\",\"width\":713,\"height\":713},{\"@type\":\"BreadcrumbList\",\"@id\":\"https:\/\/mekulo.com\/no\/produkt\/rc-bil-med-bevegelseskontroll\/#breadcrumb\",\"itemListElement\":[{\"@type\":\"ListItem\",\"position\":1,\"name\":\"Home\",\"item\":\"https:\/\/mekulo.com\/no\/\"},{\"@type\":\"ListItem\",\"position\":2,\"name\":\"Butikk\",\"item\":\"https:\/\/mekulo.com\/no\/butikk\/\"},{\"@type\":\"ListItem\",\"position\":3,\"name\":\"RC-bil med bevegelseskontroll\"}]},{\"@type\":\"WebSite\",\"@id\":\"https:\/\/mekulo.com\/no\/#website\",\"url\":\"https:\/\/mekulo.com\/no\/\",\"name\":\"Mekulo NO\",\"description\":\"\",\"publisher\":{\"@id\":\"https:\/\/mekulo.com\/no\/#organization\"},\"potentialAction\":[{\"@type\":\"SearchAction\",\"target\":{\"@type\":\"EntryPoint\",\"urlTemplate\":\"https:\/\/mekulo.com\/no\/?s={search_term_string}\"},\"query-input\":{\"@type\":\"PropertyValueSpecification\",\"valueRequired\":true,\"valueName\":\"search_term_string\"}}],\"inLanguage\":\"nb-NO\"},{\"@type\":\"Organization\",\"@id\":\"https:\/\/mekulo.com\/no\/#organization\",\"name\":\"Mekulo\",\"url\":\"https:\/\/mekulo.com\/no\/\",\"logo\":{\"@type\":\"ImageObject\",\"inLanguage\":\"nb-NO\",\"@id\":\"https:\/\/mekulo.com\/no\/#\/schema\/logo\/image\/\",\"url\":\"https:\/\/mekulo.com\/no\/wp-content\/uploads\/sites\/10\/2025\/12\/favicon_mekulo.png\",\"contentUrl\":\"https:\/\/mekulo.com\/no\/wp-content\/uploads\/sites\/10\/2025\/12\/favicon_mekulo.png\",\"width\":50,\"height\":50,\"caption\":\"Mekulo\"},\"image\":{\"@id\":\"https:\/\/mekulo.com\/no\/#\/schema\/logo\/image\/\"}}]}<\/script>\n<!-- \/ Yoast SEO plugin. -->","yoast_head_json":{"title":"RC-bil med bevegelseskontroll - Mekulo NO","robots":{"index":"index","follow":"follow","max-snippet":"max-snippet:-1","max-image-preview":"max-image-preview:large","max-video-preview":"max-video-preview:-1"},"canonical":"https:\/\/mekulo.com\/no\/produkt\/rc-bil-med-bevegelseskontroll\/","og_locale":"nb_NO","og_type":"article","og_title":"RC-bil med bevegelseskontroll - Mekulo NO","og_description":"Med denne geststyrte RC-bilen kan barna kj\u00f8re, spinne og vippe ved hjelp av h\u00e5ndbevegelser eller en klassisk fjernkontroll. Med kraftige stuntdekk, skarpe LED-lys og en robust konstruksjon gir den nonstop action b\u00e5de innend\u00f8rs og utend\u00f8rs. Denne RC-bilen har to kontrollmoduser, slik at barna kan velge hvordan de vil leke. Bruk fjernkontrollen til presis kj\u00f8ring, eller bytt til gestkontroll for \u00e5 styre, svinge og utf\u00f8re triks med enkle h\u00e5ndbevegelser.","og_url":"https:\/\/mekulo.com\/no\/produkt\/rc-bil-med-bevegelseskontroll\/","og_site_name":"Mekulo NO","article_modified_time":"2026-03-02T10:22:02+00:00","og_image":[{"width":713,"height":713,"url":"https:\/\/mekulo.com\/no\/wp-content\/uploads\/sites\/10\/2026\/01\/szy8nug-1.webp","type":"image\/webp"}],"twitter_card":"summary_large_image","twitter_misc":{"Ansl. lesetid":"2 minutter"},"schema":{"@context":"https:\/\/schema.org","@graph":[{"@type":"WebPage","@id":"https:\/\/mekulo.com\/no\/produkt\/rc-bil-med-bevegelseskontroll\/","url":"https:\/\/mekulo.com\/no\/produkt\/rc-bil-med-bevegelseskontroll\/","name":"RC-bil med bevegelseskontroll - Mekulo NO","isPartOf":{"@id":"https:\/\/mekulo.com\/no\/#website"},"primaryImageOfPage":{"@id":"https:\/\/mekulo.com\/no\/produkt\/rc-bil-med-bevegelseskontroll\/#primaryimage"},"image":{"@id":"https:\/\/mekulo.com\/no\/produkt\/rc-bil-med-bevegelseskontroll\/#primaryimage"},"thumbnailUrl":"https:\/\/mekulo.com\/no\/wp-content\/uploads\/sites\/10\/2026\/01\/szy8nug-1.webp","datePublished":"2026-01-07T10:50:11+00:00","dateModified":"2026-03-02T10:22:02+00:00","breadcrumb":{"@id":"https:\/\/mekulo.com\/no\/produkt\/rc-bil-med-bevegelseskontroll\/#breadcrumb"},"inLanguage":"nb-NO","potentialAction":[{"@type":"ReadAction","target":["https:\/\/mekulo.com\/no\/produkt\/rc-bil-med-bevegelseskontroll\/"]}]},{"@type":"ImageObject","inLanguage":"nb-NO","@id":"https:\/\/mekulo.com\/no\/produkt\/rc-bil-med-bevegelseskontroll\/#primaryimage","url":"https:\/\/mekulo.com\/no\/wp-content\/uploads\/sites\/10\/2026\/01\/szy8nug-1.webp","contentUrl":"https:\/\/mekulo.com\/no\/wp-content\/uploads\/sites\/10\/2026\/01\/szy8nug-1.webp","width":713,"height":713},{"@type":"BreadcrumbList","@id":"https:\/\/mekulo.com\/no\/produkt\/rc-bil-med-bevegelseskontroll\/#breadcrumb","itemListElement":[{"@type":"ListItem","position":1,"name":"Home","item":"https:\/\/mekulo.com\/no\/"},{"@type":"ListItem","position":2,"name":"Butikk","item":"https:\/\/mekulo.com\/no\/butikk\/"},{"@type":"ListItem","position":3,"name":"RC-bil med bevegelseskontroll"}]},{"@type":"WebSite","@id":"https:\/\/mekulo.com\/no\/#website","url":"https:\/\/mekulo.com\/no\/","name":"Mekulo NO","description":"","publisher":{"@id":"https:\/\/mekulo.com\/no\/#organization"},"potentialAction":[{"@type":"SearchAction","target":{"@type":"EntryPoint","urlTemplate":"https:\/\/mekulo.com\/no\/?s={search_term_string}"},"query-input":{"@type":"PropertyValueSpecification","valueRequired":true,"valueName":"search_term_string"}}],"inLanguage":"nb-NO"},{"@type":"Organization","@id":"https:\/\/mekulo.com\/no\/#organization","name":"Mekulo","url":"https:\/\/mekulo.com\/no\/","logo":{"@type":"ImageObject","inLanguage":"nb-NO","@id":"https:\/\/mekulo.com\/no\/#\/schema\/logo\/image\/","url":"https:\/\/mekulo.com\/no\/wp-content\/uploads\/sites\/10\/2025\/12\/favicon_mekulo.png","contentUrl":"https:\/\/mekulo.com\/no\/wp-content\/uploads\/sites\/10\/2025\/12\/favicon_mekulo.png","width":50,"height":50,"caption":"Mekulo"},"image":{"@id":"https:\/\/mekulo.com\/no\/#\/schema\/logo\/image\/"}}]}},"_links":{"self":[{"href":"https:\/\/mekulo.com\/no\/wp-json\/wp\/v2\/product\/15302","targetHints":{"allow":["GET"]}}],"collection":[{"href":"https:\/\/mekulo.com\/no\/wp-json\/wp\/v2\/product"}],"about":[{"href":"https:\/\/mekulo.com\/no\/wp-json\/wp\/v2\/types\/product"}],"replies":[{"embeddable":true,"href":"https:\/\/mekulo.com\/no\/wp-json\/wp\/v2\/comments?post=15302"}],"wp:featuredmedia":[{"embeddable":true,"href":"https:\/\/mekulo.com\/no\/wp-json\/wp\/v2\/media\/15298"}],"wp:attachment":[{"href":"https:\/\/mekulo.com\/no\/wp-json\/wp\/v2\/media?parent=15302"}],"wp:term":[{"taxonomy":"product_brand","embeddable":true,"href":"https:\/\/mekulo.com\/no\/wp-json\/wp\/v2\/product_brand?post=15302"},{"taxonomy":"product_cat","embeddable":true,"href":"https:\/\/mekulo.com\/no\/wp-json\/wp\/v2\/product_cat?post=15302"},{"taxonomy":"product_tag","embeddable":true,"href":"https:\/\/mekulo.com\/no\/wp-json\/wp\/v2\/product_tag?post=15302"}],"curies":[{"name":"wp","href":"https:\/\/api.w.org\/{rel}","templated":true}]}}