{"id":15276,"date":"2026-01-07T12:47:44","date_gmt":"2026-01-07T10:47:44","guid":{"rendered":"https:\/\/mekulo.com\/no\/produkt\/baerbar-motorsag-for-overlevelse\/"},"modified":"2026-01-07T18:30:34","modified_gmt":"2026-01-07T16:30:34","slug":"baerbar-motorsag-for-overlevelse","status":"publish","type":"product","link":"https:\/\/mekulo.com\/no\/produkt\/baerbar-motorsag-for-overlevelse\/","title":{"rendered":"B\u00e6rbar motorsag for overlevelse"},"content":{"rendered":"<p style=\"text-align: center;\" data-start=\"0\" data-end=\"73\"><strong>Kutt ved raskt og enkelt hvor som helst med denne kompakte motorsagen. \ud83c\udf33\ud83d\udee0\ufe0f<\/strong><\/p>\n<p data-start=\"75\" data-end=\"260\"><img fetchpriority=\"high\" decoding=\"async\" class=\"size-full wp-image-44509 aligncenter\" src=\"https:\/\/keluvo.com\/template\/wp-content\/uploads\/sites\/5\/2025\/12\/102216-ezgif.com-video-to-webp-converter.webp\" alt=\"\" width=\"500\" height=\"500\" \/><\/p>\n<h2 style=\"text-align: center;\" data-start=\"267\" data-end=\"291\">Hovedfordeler\u2728<\/h2>\n<p data-start=\"294\" data-end=\"384\">\ud83d\udd25 Essensielt overlevelsesverkt\u00f8y &#8211; Ideell for n\u00f8dsituasjoner, camping og utend\u00f8rsopplevelser.<\/p>\n<p data-start=\"387\" data-end=\"480\">\ud83c\udf33 Allsidig saging &#8211; Perfekt til ved, grener, hagearbeid og leirplassoppsett.<\/p>\n<p data-start=\"483\" data-end=\"567\">\u26a1 3 ganger raskere saging &#8211; Toveis tenner kutter raskere enn vanlige h\u00e5ndsager.<\/p>\n<p data-start=\"570\" data-end=\"647\">\ud83c\udfd5\ufe0f Enkel \u00e5 b\u00e6re &#8211; Lett og kompakt, passer fint i en ryggsekk.<\/p>\n<p data-start=\"650\" data-end=\"743\">\ud83d\udee0\ufe0f Sterkt manganst\u00e5l &#8211; Slitesterkt, korrosjonsbestandig og konstruert for langvarig bruk.<\/p>\n<p data-start=\"746\" data-end=\"808\">\u270b Enkel \u00e5 bruke &#8211; Ingen erfaring n\u00f8dvendig, bare trekk og sag.<\/p>\n<p data-start=\"746\" data-end=\"808\"><img decoding=\"async\" class=\"size-full wp-image-44513 aligncenter\" src=\"https:\/\/keluvo.com\/template\/wp-content\/uploads\/sites\/5\/2025\/12\/TREKSAW43214-2.jpg\" alt=\"\" width=\"600\" height=\"600\" \/><\/p>\n<h2 style=\"text-align: center;\" data-start=\"815\" data-end=\"837\">Hvordan bruke \ud83e\uddf0<\/h2>\n<ol data-start=\"838\" data-end=\"1067\">\n<li data-start=\"838\" data-end=\"899\">\n<p data-start=\"841\" data-end=\"899\">Legg kjedet rundt grenen eller stokken du vil sage.<\/p>\n<\/li>\n<li data-start=\"900\" data-end=\"934\">\n<p data-start=\"903\" data-end=\"934\">Hold et h\u00e5ndtak i hver h\u00e5nd.<\/p>\n<\/li>\n<li data-start=\"935\" data-end=\"961\">\n<p data-start=\"938\" data-end=\"961\">Trekk kjedet stramt.<\/p>\n<\/li>\n<li data-start=\"962\" data-end=\"1017\">\n<p data-start=\"965\" data-end=\"1017\">Beveg hendene frem og tilbake i en sagbevegelse.<\/p>\n<\/li>\n<li data-start=\"1018\" data-end=\"1067\">\n<p data-start=\"1021\" data-end=\"1067\">Skj\u00e6r gjennom tre raskt og med mindre anstrengelse.<\/p>\n<\/li>\n<\/ol>\n<h2 style=\"text-align: center;\" data-start=\"1074\" data-end=\"1101\">Produktdetaljer \ud83d\udccf<\/h2>\n<ul data-start=\"1102\" data-end=\"1315\">\n<li data-start=\"1102\" data-end=\"1144\">\n<p data-start=\"1104\" data-end=\"1144\">Materiale: Varmebehandlet manganst\u00e5l<\/p>\n<\/li>\n<li data-start=\"1145\" data-end=\"1169\">\n<p data-start=\"1147\" data-end=\"1169\">Total lengde: 103 cm<\/p>\n<\/li>\n<li data-start=\"1170\" data-end=\"1191\">\n<p data-start=\"1172\" data-end=\"1191\">Saglengde: 65 cm<\/p>\n<\/li>\n<li data-start=\"1218\" data-end=\"1242\">\n<p data-start=\"1220\" data-end=\"1242\">Pakest\u00f8rrelse: 10 x 12 cm<\/p>\n<\/li>\n<li data-start=\"1243\" data-end=\"1315\">\n<p data-start=\"1245\" data-end=\"1315\">Funksjoner: Toveis skj\u00e6retenner, lett, fleksibel design<\/p>\n<\/li>\n<\/ul>\n<h2 style=\"text-align: center;\" data-start=\"1322\" data-end=\"1350\">Pakken inkluderer \ud83d\udce6<\/h2>\n<ul data-start=\"1351\" data-end=\"1412\">\n<li data-start=\"1351\" data-end=\"1385\">\n<p data-start=\"1353\" data-end=\"1385\">1, 2x b\u00e6rbar overlevelses motorsag<\/p>\n<\/li>\n<li data-start=\"1386\" data-end=\"1412\">\n<p data-start=\"1388\" data-end=\"1412\">1, 2x lerretoppbevaringspose.<\/p>\n<\/li>\n<\/ul>\n","protected":false},"excerpt":{"rendered":"<p>Med denne b\u00e6rbare motorsagen kan du raskt kutte greiner og ved uten tunge verkt\u00f8y. Den er lett, sterk og perfekt for camping, fotturer, n\u00f8dsituasjoner og utend\u00f8rsarbeid.<\/p>\n","protected":false},"featured_media":15272,"comment_status":"open","ping_status":"closed","template":"","meta":{"site-sidebar-layout":"default","site-content-layout":"","ast-site-content-layout":"default","site-content-style":"default","site-sidebar-style":"default","ast-global-header-display":"","ast-banner-title-visibility":"","ast-main-header-display":"","ast-hfb-above-header-display":"","ast-hfb-below-header-display":"","ast-hfb-mobile-header-display":"","site-post-title":"","ast-breadcrumbs-content":"","ast-featured-img":"","footer-sml-layout":"","theme-transparent-header-meta":"default","adv-header-id-meta":"","stick-header-meta":"","header-above-stick-meta":"","header-main-stick-meta":"","header-below-stick-meta":"","astra-migrate-meta-layouts":"set","ast-page-background-enabled":"default","ast-page-background-meta":{"desktop":{"background-color":"var(--ast-global-color-5)","background-image":"","background-repeat":"repeat","background-position":"center center","background-size":"auto","background-attachment":"scroll","background-type":"","background-media":"","overlay-type":"","overlay-color":"","overlay-opacity":"","overlay-gradient":""},"tablet":{"background-color":"","background-image":"","background-repeat":"repeat","background-position":"center center","background-size":"auto","background-attachment":"scroll","background-type":"","background-media":"","overlay-type":"","overlay-color":"","overlay-opacity":"","overlay-gradient":""},"mobile":{"background-color":"","background-image":"","background-repeat":"repeat","background-position":"center center","background-size":"auto","background-attachment":"scroll","background-type":"","background-media":"","overlay-type":"","overlay-color":"","overlay-opacity":"","overlay-gradient":""}},"ast-content-background-meta":{"desktop":{"background-color":"var(--ast-global-color-4)","background-image":"","background-repeat":"repeat","background-position":"center center","background-size":"auto","background-attachment":"scroll","background-type":"","background-media":"","overlay-type":"","overlay-color":"","overlay-opacity":"","overlay-gradient":""},"tablet":{"background-color":"var(--ast-global-color-4)","background-image":"","background-repeat":"repeat","background-position":"center center","background-size":"auto","background-attachment":"scroll","background-type":"","background-media":"","overlay-type":"","overlay-color":"","overlay-opacity":"","overlay-gradient":""},"mobile":{"background-color":"var(--ast-global-color-4)","background-image":"","background-repeat":"repeat","background-position":"center center","background-size":"auto","background-attachment":"scroll","background-type":"","background-media":"","overlay-type":"","overlay-color":"","overlay-opacity":"","overlay-gradient":""}}},"product_brand":[],"product_cat":[167,171],"product_tag":[],"class_list":{"0":"post-15276","1":"product","2":"type-product","3":"status-publish","4":"has-post-thumbnail","6":"product_cat-fotturer-camping-og-fritidsartikler","7":"product_cat-verktoy","8":"pa_56214_03xy7101-oransje","9":"pa_56214_03xy7101-svart","10":"pa_56214_0o195izt-1-stk","11":"pa_56214_0o195izt-2-stk","12":"desktop-align-left","13":"tablet-align-left","14":"mobile-align-left","16":"first","17":"instock","18":"shipping-taxable","19":"purchasable","20":"product-type-variable","21":"has-default-attributes"},"yoast_head":"<!-- This site is optimized with the Yoast SEO plugin v26.6 - https:\/\/yoast.com\/wordpress\/plugins\/seo\/ -->\n<title>B\u00e6rbar motorsag for overlevelse - Mekulo NO<\/title>\n<meta name=\"robots\" content=\"index, follow, max-snippet:-1, max-image-preview:large, max-video-preview:-1\" \/>\n<link rel=\"canonical\" href=\"https:\/\/mekulo.com\/no\/produkt\/baerbar-motorsag-for-overlevelse\/\" \/>\n<meta property=\"og:locale\" content=\"nb_NO\" \/>\n<meta property=\"og:type\" content=\"article\" \/>\n<meta property=\"og:title\" content=\"B\u00e6rbar motorsag for overlevelse - Mekulo NO\" \/>\n<meta property=\"og:description\" content=\"Med denne b\u00e6rbare motorsagen kan du raskt kutte greiner og ved uten tunge verkt\u00f8y. Den er lett, sterk og perfekt for camping, fotturer, n\u00f8dsituasjoner og utend\u00f8rsarbeid.\" \/>\n<meta property=\"og:url\" content=\"https:\/\/mekulo.com\/no\/produkt\/baerbar-motorsag-for-overlevelse\/\" \/>\n<meta property=\"og:site_name\" content=\"Mekulo NO\" \/>\n<meta property=\"article:modified_time\" content=\"2026-01-07T16:30:34+00:00\" \/>\n<meta property=\"og:image\" content=\"https:\/\/mekulo.com\/no\/wp-content\/uploads\/sites\/10\/2026\/01\/ja0irak-1.jpg\" \/>\n\t<meta property=\"og:image:width\" content=\"600\" \/>\n\t<meta property=\"og:image:height\" content=\"600\" \/>\n\t<meta property=\"og:image:type\" content=\"image\/jpeg\" \/>\n<meta name=\"twitter:card\" content=\"summary_large_image\" \/>\n<meta name=\"twitter:label1\" content=\"Ansl. lesetid\" \/>\n\t<meta name=\"twitter:data1\" content=\"2 minutter\" \/>\n<script type=\"application\/ld+json\" class=\"yoast-schema-graph\">{\"@context\":\"https:\/\/schema.org\",\"@graph\":[{\"@type\":\"WebPage\",\"@id\":\"https:\/\/mekulo.com\/no\/produkt\/baerbar-motorsag-for-overlevelse\/\",\"url\":\"https:\/\/mekulo.com\/no\/produkt\/baerbar-motorsag-for-overlevelse\/\",\"name\":\"B\u00e6rbar motorsag for overlevelse - Mekulo NO\",\"isPartOf\":{\"@id\":\"https:\/\/mekulo.com\/no\/#website\"},\"primaryImageOfPage\":{\"@id\":\"https:\/\/mekulo.com\/no\/produkt\/baerbar-motorsag-for-overlevelse\/#primaryimage\"},\"image\":{\"@id\":\"https:\/\/mekulo.com\/no\/produkt\/baerbar-motorsag-for-overlevelse\/#primaryimage\"},\"thumbnailUrl\":\"https:\/\/mekulo.com\/no\/wp-content\/uploads\/sites\/10\/2026\/01\/ja0irak-1.jpg\",\"datePublished\":\"2026-01-07T10:47:44+00:00\",\"dateModified\":\"2026-01-07T16:30:34+00:00\",\"breadcrumb\":{\"@id\":\"https:\/\/mekulo.com\/no\/produkt\/baerbar-motorsag-for-overlevelse\/#breadcrumb\"},\"inLanguage\":\"nb-NO\",\"potentialAction\":[{\"@type\":\"ReadAction\",\"target\":[\"https:\/\/mekulo.com\/no\/produkt\/baerbar-motorsag-for-overlevelse\/\"]}]},{\"@type\":\"ImageObject\",\"inLanguage\":\"nb-NO\",\"@id\":\"https:\/\/mekulo.com\/no\/produkt\/baerbar-motorsag-for-overlevelse\/#primaryimage\",\"url\":\"https:\/\/mekulo.com\/no\/wp-content\/uploads\/sites\/10\/2026\/01\/ja0irak-1.jpg\",\"contentUrl\":\"https:\/\/mekulo.com\/no\/wp-content\/uploads\/sites\/10\/2026\/01\/ja0irak-1.jpg\",\"width\":600,\"height\":600},{\"@type\":\"BreadcrumbList\",\"@id\":\"https:\/\/mekulo.com\/no\/produkt\/baerbar-motorsag-for-overlevelse\/#breadcrumb\",\"itemListElement\":[{\"@type\":\"ListItem\",\"position\":1,\"name\":\"Home\",\"item\":\"https:\/\/mekulo.com\/no\/\"},{\"@type\":\"ListItem\",\"position\":2,\"name\":\"Butikk\",\"item\":\"https:\/\/mekulo.com\/no\/butikk\/\"},{\"@type\":\"ListItem\",\"position\":3,\"name\":\"B\u00e6rbar motorsag for overlevelse\"}]},{\"@type\":\"WebSite\",\"@id\":\"https:\/\/mekulo.com\/no\/#website\",\"url\":\"https:\/\/mekulo.com\/no\/\",\"name\":\"Mekulo NO\",\"description\":\"\",\"publisher\":{\"@id\":\"https:\/\/mekulo.com\/no\/#organization\"},\"potentialAction\":[{\"@type\":\"SearchAction\",\"target\":{\"@type\":\"EntryPoint\",\"urlTemplate\":\"https:\/\/mekulo.com\/no\/?s={search_term_string}\"},\"query-input\":{\"@type\":\"PropertyValueSpecification\",\"valueRequired\":true,\"valueName\":\"search_term_string\"}}],\"inLanguage\":\"nb-NO\"},{\"@type\":\"Organization\",\"@id\":\"https:\/\/mekulo.com\/no\/#organization\",\"name\":\"Mekulo\",\"url\":\"https:\/\/mekulo.com\/no\/\",\"logo\":{\"@type\":\"ImageObject\",\"inLanguage\":\"nb-NO\",\"@id\":\"https:\/\/mekulo.com\/no\/#\/schema\/logo\/image\/\",\"url\":\"https:\/\/mekulo.com\/no\/wp-content\/uploads\/sites\/10\/2025\/12\/favicon_mekulo.png\",\"contentUrl\":\"https:\/\/mekulo.com\/no\/wp-content\/uploads\/sites\/10\/2025\/12\/favicon_mekulo.png\",\"width\":50,\"height\":50,\"caption\":\"Mekulo\"},\"image\":{\"@id\":\"https:\/\/mekulo.com\/no\/#\/schema\/logo\/image\/\"}}]}<\/script>\n<!-- \/ Yoast SEO plugin. -->","yoast_head_json":{"title":"B\u00e6rbar motorsag for overlevelse - Mekulo NO","robots":{"index":"index","follow":"follow","max-snippet":"max-snippet:-1","max-image-preview":"max-image-preview:large","max-video-preview":"max-video-preview:-1"},"canonical":"https:\/\/mekulo.com\/no\/produkt\/baerbar-motorsag-for-overlevelse\/","og_locale":"nb_NO","og_type":"article","og_title":"B\u00e6rbar motorsag for overlevelse - Mekulo NO","og_description":"Med denne b\u00e6rbare motorsagen kan du raskt kutte greiner og ved uten tunge verkt\u00f8y. Den er lett, sterk og perfekt for camping, fotturer, n\u00f8dsituasjoner og utend\u00f8rsarbeid.","og_url":"https:\/\/mekulo.com\/no\/produkt\/baerbar-motorsag-for-overlevelse\/","og_site_name":"Mekulo NO","article_modified_time":"2026-01-07T16:30:34+00:00","og_image":[{"width":600,"height":600,"url":"https:\/\/mekulo.com\/no\/wp-content\/uploads\/sites\/10\/2026\/01\/ja0irak-1.jpg","type":"image\/jpeg"}],"twitter_card":"summary_large_image","twitter_misc":{"Ansl. lesetid":"2 minutter"},"schema":{"@context":"https:\/\/schema.org","@graph":[{"@type":"WebPage","@id":"https:\/\/mekulo.com\/no\/produkt\/baerbar-motorsag-for-overlevelse\/","url":"https:\/\/mekulo.com\/no\/produkt\/baerbar-motorsag-for-overlevelse\/","name":"B\u00e6rbar motorsag for overlevelse - Mekulo NO","isPartOf":{"@id":"https:\/\/mekulo.com\/no\/#website"},"primaryImageOfPage":{"@id":"https:\/\/mekulo.com\/no\/produkt\/baerbar-motorsag-for-overlevelse\/#primaryimage"},"image":{"@id":"https:\/\/mekulo.com\/no\/produkt\/baerbar-motorsag-for-overlevelse\/#primaryimage"},"thumbnailUrl":"https:\/\/mekulo.com\/no\/wp-content\/uploads\/sites\/10\/2026\/01\/ja0irak-1.jpg","datePublished":"2026-01-07T10:47:44+00:00","dateModified":"2026-01-07T16:30:34+00:00","breadcrumb":{"@id":"https:\/\/mekulo.com\/no\/produkt\/baerbar-motorsag-for-overlevelse\/#breadcrumb"},"inLanguage":"nb-NO","potentialAction":[{"@type":"ReadAction","target":["https:\/\/mekulo.com\/no\/produkt\/baerbar-motorsag-for-overlevelse\/"]}]},{"@type":"ImageObject","inLanguage":"nb-NO","@id":"https:\/\/mekulo.com\/no\/produkt\/baerbar-motorsag-for-overlevelse\/#primaryimage","url":"https:\/\/mekulo.com\/no\/wp-content\/uploads\/sites\/10\/2026\/01\/ja0irak-1.jpg","contentUrl":"https:\/\/mekulo.com\/no\/wp-content\/uploads\/sites\/10\/2026\/01\/ja0irak-1.jpg","width":600,"height":600},{"@type":"BreadcrumbList","@id":"https:\/\/mekulo.com\/no\/produkt\/baerbar-motorsag-for-overlevelse\/#breadcrumb","itemListElement":[{"@type":"ListItem","position":1,"name":"Home","item":"https:\/\/mekulo.com\/no\/"},{"@type":"ListItem","position":2,"name":"Butikk","item":"https:\/\/mekulo.com\/no\/butikk\/"},{"@type":"ListItem","position":3,"name":"B\u00e6rbar motorsag for overlevelse"}]},{"@type":"WebSite","@id":"https:\/\/mekulo.com\/no\/#website","url":"https:\/\/mekulo.com\/no\/","name":"Mekulo NO","description":"","publisher":{"@id":"https:\/\/mekulo.com\/no\/#organization"},"potentialAction":[{"@type":"SearchAction","target":{"@type":"EntryPoint","urlTemplate":"https:\/\/mekulo.com\/no\/?s={search_term_string}"},"query-input":{"@type":"PropertyValueSpecification","valueRequired":true,"valueName":"search_term_string"}}],"inLanguage":"nb-NO"},{"@type":"Organization","@id":"https:\/\/mekulo.com\/no\/#organization","name":"Mekulo","url":"https:\/\/mekulo.com\/no\/","logo":{"@type":"ImageObject","inLanguage":"nb-NO","@id":"https:\/\/mekulo.com\/no\/#\/schema\/logo\/image\/","url":"https:\/\/mekulo.com\/no\/wp-content\/uploads\/sites\/10\/2025\/12\/favicon_mekulo.png","contentUrl":"https:\/\/mekulo.com\/no\/wp-content\/uploads\/sites\/10\/2025\/12\/favicon_mekulo.png","width":50,"height":50,"caption":"Mekulo"},"image":{"@id":"https:\/\/mekulo.com\/no\/#\/schema\/logo\/image\/"}}]}},"_links":{"self":[{"href":"https:\/\/mekulo.com\/no\/wp-json\/wp\/v2\/product\/15276","targetHints":{"allow":["GET"]}}],"collection":[{"href":"https:\/\/mekulo.com\/no\/wp-json\/wp\/v2\/product"}],"about":[{"href":"https:\/\/mekulo.com\/no\/wp-json\/wp\/v2\/types\/product"}],"replies":[{"embeddable":true,"href":"https:\/\/mekulo.com\/no\/wp-json\/wp\/v2\/comments?post=15276"}],"wp:featuredmedia":[{"embeddable":true,"href":"https:\/\/mekulo.com\/no\/wp-json\/wp\/v2\/media\/15272"}],"wp:attachment":[{"href":"https:\/\/mekulo.com\/no\/wp-json\/wp\/v2\/media?parent=15276"}],"wp:term":[{"taxonomy":"product_brand","embeddable":true,"href":"https:\/\/mekulo.com\/no\/wp-json\/wp\/v2\/product_brand?post=15276"},{"taxonomy":"product_cat","embeddable":true,"href":"https:\/\/mekulo.com\/no\/wp-json\/wp\/v2\/product_cat?post=15276"},{"taxonomy":"product_tag","embeddable":true,"href":"https:\/\/mekulo.com\/no\/wp-json\/wp\/v2\/product_tag?post=15276"}],"curies":[{"name":"wp","href":"https:\/\/api.w.org\/{rel}","templated":true}]}}