{"id":15261,"date":"2026-01-07T12:46:21","date_gmt":"2026-01-07T10:46:21","guid":{"rendered":"https:\/\/mekulo.com\/no\/produkt\/organisering-av-mellommaltider\/"},"modified":"2026-01-22T18:14:50","modified_gmt":"2026-01-22T16:14:50","slug":"organisering-av-mellommaltider","status":"publish","type":"product","link":"https:\/\/mekulo.com\/no\/produkt\/organisering-av-mellommaltider\/","title":{"rendered":"Organisering av mellomm\u00e5ltider"},"content":{"rendered":"<p style=\"text-align: center;\" data-start=\"180\" data-end=\"249\"><strong>Hold all snacksen din fersk, adskilt og enkel \u00e5 dele hvor som helst. \ud83e\udd68\ud83c\udfe1<\/strong><\/p>\n<p data-start=\"251\" data-end=\"508\"><img fetchpriority=\"high\" decoding=\"async\" class=\"size-full wp-image-43982 aligncenter\" src=\"https:\/\/keluvo.com\/template\/wp-content\/uploads\/sites\/5\/2025\/12\/10223-ezgif.com-video-to-webp-converter-1-1.webp\" alt=\"\" width=\"500\" height=\"500\" \/><\/p>\n<h2 style=\"text-align: center;\" data-start=\"515\" data-end=\"539\">Hovedfordeler \u2728<\/h2>\n<p data-start=\"542\" data-end=\"638\">\ud83c\udf6a Inndelte rom &#8211; Forhindre at snacks blandes og hold alt pent atskilt.<\/p>\n<p data-start=\"641\" data-end=\"725\">\ud83e\udd68 Sterk forseglingsdesign &#8211; Holder maten frisk og beskytter den mot fuktighet.<\/p>\n<p data-start=\"728\" data-end=\"832\">\ud83c\udf89 Perfekt for alle arrangementer &#8211; piknik, grilling, bursdagsfester, bryllup eller koselige kvelder hjemme.<\/p>\n<p data-start=\"835\" data-end=\"927\">\ud83c\udfe1 Stor kapasitet &#8211; Har plass til flere snacks samtidig som du holder bordet organisert og ryddig.<\/p>\n<p data-start=\"930\" data-end=\"1024\">\ud83d\udcaa Slitesterke materialer &#8211; Tykt ABS + PET gj\u00f8r den sterk, gjenbrukbar og enkel \u00e5 rengj\u00f8re.<\/p>\n<p data-start=\"1027\" data-end=\"1124\">\ud83d\ude97 Flott for utend\u00f8rs bruk &#8211; Lett, praktisk og ideell for \u00e5 dele snacks med venner.<\/p>\n<p data-start=\"1027\" data-end=\"1124\"><img decoding=\"async\" class=\" wp-image-43986 aligncenter\" src=\"https:\/\/keluvo.com\/template\/wp-content\/uploads\/sites\/5\/2025\/12\/3deaa340ce2e1637849ba09d3bf6b85671cdbae2.webp\" alt=\"\" width=\"500\" height=\"667\" \/><\/p>\n<h2 style=\"text-align: center;\" data-start=\"1131\" data-end=\"1153\">Hvordan du bruker \ud83e\uddf0<\/h2>\n<ol data-start=\"1154\" data-end=\"1404\">\n<li data-start=\"1154\" data-end=\"1219\">\n<p data-start=\"1157\" data-end=\"1219\">\u00c5pne lokket og legg forskjellige snacks i hvert rom.<\/p>\n<\/li>\n<li data-start=\"1220\" data-end=\"1270\">\n<p data-start=\"1223\" data-end=\"1270\">Lukk lokket tett for \u00e5 sikre at det er forseglet.<\/p>\n<\/li>\n<li data-start=\"1271\" data-end=\"1336\">\n<p data-start=\"1274\" data-end=\"1336\">Plasser det p\u00e5 bordet ditt eller ta det med utend\u00f8rs for enkel servering.<\/p>\n<\/li>\n<li data-start=\"1337\" data-end=\"1404\">\n<p data-start=\"1340\" data-end=\"1404\">\u00c5pne og nyt &#8211; snacks holder seg ferske, atskilt og klare til \u00e5 deles.<\/p>\n<\/li>\n<\/ol>\n<h2 style=\"text-align: center;\" data-start=\"1411\" data-end=\"1438\">Produktdetaljer \ud83d\udccf<\/h2>\n<ul data-start=\"1439\" data-end=\"1691\">\n<li data-start=\"1439\" data-end=\"1462\">\n<p data-start=\"1441\" data-end=\"1462\">Materiale: ABS + PET<\/p>\n<\/li>\n<li data-start=\"1439\" data-end=\"1462\">\n<p data-start=\"1441\" data-end=\"1462\">Vekt: 925 g<\/p>\n<\/li>\n<li data-start=\"1439\" data-end=\"1462\">\n<p data-start=\"1441\" data-end=\"1462\">St\u00f8rrelse: 28,5 x 9,5 cm<\/p>\n<\/li>\n<li data-start=\"1481\" data-end=\"1525\">\n<p data-start=\"1483\" data-end=\"1525\">Struktur: Flere inndelte rom<\/p>\n<\/li>\n<li data-start=\"1526\" data-end=\"1604\">\n<p data-start=\"1528\" data-end=\"1604\">Funksjoner: Sterk forsegling, stor lagringskapasitet, fortykket slitesterk design<\/p>\n<\/li>\n<li data-start=\"1605\" data-end=\"1691\">\n<p data-start=\"1607\" data-end=\"1691\">Brukskofferter: Hjem, piknik, fester, grilling, bryllup, sammenkomster, utend\u00f8rsarrangementer<\/p>\n<\/li>\n<\/ul>\n<h2 style=\"text-align: center;\" data-start=\"1698\" data-end=\"1726\">Pakken inkluderer \ud83d\udce6<\/h2>\n<ul data-start=\"1727\" data-end=\"1750\">\n<li data-start=\"1727\" data-end=\"1750\">\n<p data-start=\"1729\" data-end=\"1750\">1x snackholder.<\/p>\n<\/li>\n<\/ul>\n","protected":false},"excerpt":{"rendered":"<p>Denne snacksholderen har inndelte rom, sterk forsegling og en stor kapasitet som gj\u00f8r det enkelt \u00e5 oppbevare og servere snacks. Den er perfekt til hjemmebruk, fester og utend\u00f8rsarrangementer, og hjelper deg med \u00e5 holde alt rent, organisert og klart til \u00e5 nytes.<\/p>\n","protected":false},"featured_media":15257,"comment_status":"open","ping_status":"closed","template":"","meta":{"site-sidebar-layout":"default","site-content-layout":"","ast-site-content-layout":"default","site-content-style":"default","site-sidebar-style":"default","ast-global-header-display":"","ast-banner-title-visibility":"","ast-main-header-display":"","ast-hfb-above-header-display":"","ast-hfb-below-header-display":"","ast-hfb-mobile-header-display":"","site-post-title":"","ast-breadcrumbs-content":"","ast-featured-img":"","footer-sml-layout":"","theme-transparent-header-meta":"default","adv-header-id-meta":"","stick-header-meta":"","header-above-stick-meta":"","header-main-stick-meta":"","header-below-stick-meta":"","astra-migrate-meta-layouts":"set","ast-page-background-enabled":"default","ast-page-background-meta":{"desktop":{"background-color":"var(--ast-global-color-5)","background-image":"","background-repeat":"repeat","background-position":"center center","background-size":"auto","background-attachment":"scroll","background-type":"","background-media":"","overlay-type":"","overlay-color":"","overlay-opacity":"","overlay-gradient":""},"tablet":{"background-color":"","background-image":"","background-repeat":"repeat","background-position":"center center","background-size":"auto","background-attachment":"scroll","background-type":"","background-media":"","overlay-type":"","overlay-color":"","overlay-opacity":"","overlay-gradient":""},"mobile":{"background-color":"","background-image":"","background-repeat":"repeat","background-position":"center center","background-size":"auto","background-attachment":"scroll","background-type":"","background-media":"","overlay-type":"","overlay-color":"","overlay-opacity":"","overlay-gradient":""}},"ast-content-background-meta":{"desktop":{"background-color":"var(--ast-global-color-4)","background-image":"","background-repeat":"repeat","background-position":"center center","background-size":"auto","background-attachment":"scroll","background-type":"","background-media":"","overlay-type":"","overlay-color":"","overlay-opacity":"","overlay-gradient":""},"tablet":{"background-color":"var(--ast-global-color-4)","background-image":"","background-repeat":"repeat","background-position":"center center","background-size":"auto","background-attachment":"scroll","background-type":"","background-media":"","overlay-type":"","overlay-color":"","overlay-opacity":"","overlay-gradient":""},"mobile":{"background-color":"var(--ast-global-color-4)","background-image":"","background-repeat":"repeat","background-position":"center center","background-size":"auto","background-attachment":"scroll","background-type":"","background-media":"","overlay-type":"","overlay-color":"","overlay-opacity":"","overlay-gradient":""}}},"product_brand":[],"product_cat":[168],"product_tag":[],"class_list":{"0":"post-15261","1":"product","2":"type-product","3":"status-publish","4":"has-post-thumbnail","6":"product_cat-husholdningsartikler","7":"pa_55576_cni5p2l5-gra","8":"pa_55576_cni5p2l5-hvit","9":"pa_55576_cni5p2l5-solv","10":"desktop-align-left","11":"tablet-align-left","12":"mobile-align-left","14":"first","15":"instock","16":"shipping-taxable","17":"purchasable","18":"product-type-variable"},"yoast_head":"<!-- This site is optimized with the Yoast SEO plugin v26.6 - https:\/\/yoast.com\/wordpress\/plugins\/seo\/ -->\n<title>Organisering av mellomm\u00e5ltider - Mekulo NO<\/title>\n<meta name=\"robots\" content=\"index, follow, max-snippet:-1, max-image-preview:large, max-video-preview:-1\" \/>\n<link rel=\"canonical\" href=\"https:\/\/mekulo.com\/no\/produkt\/organisering-av-mellommaltider\/\" \/>\n<meta property=\"og:locale\" content=\"nb_NO\" \/>\n<meta property=\"og:type\" content=\"article\" \/>\n<meta property=\"og:title\" content=\"Organisering av mellomm\u00e5ltider - Mekulo NO\" \/>\n<meta property=\"og:description\" content=\"Denne snacksholderen har inndelte rom, sterk forsegling og en stor kapasitet som gj\u00f8r det enkelt \u00e5 oppbevare og servere snacks. Den er perfekt til hjemmebruk, fester og utend\u00f8rsarrangementer, og hjelper deg med \u00e5 holde alt rent, organisert og klart til \u00e5 nytes.\" \/>\n<meta property=\"og:url\" content=\"https:\/\/mekulo.com\/no\/produkt\/organisering-av-mellommaltider\/\" \/>\n<meta property=\"og:site_name\" content=\"Mekulo NO\" \/>\n<meta property=\"article:modified_time\" content=\"2026-01-22T16:14:50+00:00\" \/>\n<meta property=\"og:image\" content=\"https:\/\/mekulo.com\/no\/wp-content\/uploads\/sites\/10\/2026\/01\/xic6q27-1.jpg\" \/>\n\t<meta property=\"og:image:width\" content=\"748\" \/>\n\t<meta property=\"og:image:height\" content=\"766\" \/>\n\t<meta property=\"og:image:type\" content=\"image\/jpeg\" \/>\n<meta name=\"twitter:card\" content=\"summary_large_image\" \/>\n<meta name=\"twitter:label1\" content=\"Ansl. lesetid\" \/>\n\t<meta name=\"twitter:data1\" content=\"2 minutter\" \/>\n<script type=\"application\/ld+json\" class=\"yoast-schema-graph\">{\"@context\":\"https:\/\/schema.org\",\"@graph\":[{\"@type\":\"WebPage\",\"@id\":\"https:\/\/mekulo.com\/no\/produkt\/organisering-av-mellommaltider\/\",\"url\":\"https:\/\/mekulo.com\/no\/produkt\/organisering-av-mellommaltider\/\",\"name\":\"Organisering av mellomm\u00e5ltider - Mekulo NO\",\"isPartOf\":{\"@id\":\"https:\/\/mekulo.com\/no\/#website\"},\"primaryImageOfPage\":{\"@id\":\"https:\/\/mekulo.com\/no\/produkt\/organisering-av-mellommaltider\/#primaryimage\"},\"image\":{\"@id\":\"https:\/\/mekulo.com\/no\/produkt\/organisering-av-mellommaltider\/#primaryimage\"},\"thumbnailUrl\":\"https:\/\/mekulo.com\/no\/wp-content\/uploads\/sites\/10\/2026\/01\/xic6q27-1.jpg\",\"datePublished\":\"2026-01-07T10:46:21+00:00\",\"dateModified\":\"2026-01-22T16:14:50+00:00\",\"breadcrumb\":{\"@id\":\"https:\/\/mekulo.com\/no\/produkt\/organisering-av-mellommaltider\/#breadcrumb\"},\"inLanguage\":\"nb-NO\",\"potentialAction\":[{\"@type\":\"ReadAction\",\"target\":[\"https:\/\/mekulo.com\/no\/produkt\/organisering-av-mellommaltider\/\"]}]},{\"@type\":\"ImageObject\",\"inLanguage\":\"nb-NO\",\"@id\":\"https:\/\/mekulo.com\/no\/produkt\/organisering-av-mellommaltider\/#primaryimage\",\"url\":\"https:\/\/mekulo.com\/no\/wp-content\/uploads\/sites\/10\/2026\/01\/xic6q27-1.jpg\",\"contentUrl\":\"https:\/\/mekulo.com\/no\/wp-content\/uploads\/sites\/10\/2026\/01\/xic6q27-1.jpg\",\"width\":748,\"height\":766},{\"@type\":\"BreadcrumbList\",\"@id\":\"https:\/\/mekulo.com\/no\/produkt\/organisering-av-mellommaltider\/#breadcrumb\",\"itemListElement\":[{\"@type\":\"ListItem\",\"position\":1,\"name\":\"Home\",\"item\":\"https:\/\/mekulo.com\/no\/\"},{\"@type\":\"ListItem\",\"position\":2,\"name\":\"Butikk\",\"item\":\"https:\/\/mekulo.com\/no\/butikk\/\"},{\"@type\":\"ListItem\",\"position\":3,\"name\":\"Organisering av mellomm\u00e5ltider\"}]},{\"@type\":\"WebSite\",\"@id\":\"https:\/\/mekulo.com\/no\/#website\",\"url\":\"https:\/\/mekulo.com\/no\/\",\"name\":\"Mekulo NO\",\"description\":\"\",\"publisher\":{\"@id\":\"https:\/\/mekulo.com\/no\/#organization\"},\"potentialAction\":[{\"@type\":\"SearchAction\",\"target\":{\"@type\":\"EntryPoint\",\"urlTemplate\":\"https:\/\/mekulo.com\/no\/?s={search_term_string}\"},\"query-input\":{\"@type\":\"PropertyValueSpecification\",\"valueRequired\":true,\"valueName\":\"search_term_string\"}}],\"inLanguage\":\"nb-NO\"},{\"@type\":\"Organization\",\"@id\":\"https:\/\/mekulo.com\/no\/#organization\",\"name\":\"Mekulo\",\"url\":\"https:\/\/mekulo.com\/no\/\",\"logo\":{\"@type\":\"ImageObject\",\"inLanguage\":\"nb-NO\",\"@id\":\"https:\/\/mekulo.com\/no\/#\/schema\/logo\/image\/\",\"url\":\"https:\/\/mekulo.com\/no\/wp-content\/uploads\/sites\/10\/2025\/12\/favicon_mekulo.png\",\"contentUrl\":\"https:\/\/mekulo.com\/no\/wp-content\/uploads\/sites\/10\/2025\/12\/favicon_mekulo.png\",\"width\":50,\"height\":50,\"caption\":\"Mekulo\"},\"image\":{\"@id\":\"https:\/\/mekulo.com\/no\/#\/schema\/logo\/image\/\"}}]}<\/script>\n<!-- \/ Yoast SEO plugin. -->","yoast_head_json":{"title":"Organisering av mellomm\u00e5ltider - Mekulo NO","robots":{"index":"index","follow":"follow","max-snippet":"max-snippet:-1","max-image-preview":"max-image-preview:large","max-video-preview":"max-video-preview:-1"},"canonical":"https:\/\/mekulo.com\/no\/produkt\/organisering-av-mellommaltider\/","og_locale":"nb_NO","og_type":"article","og_title":"Organisering av mellomm\u00e5ltider - Mekulo NO","og_description":"Denne snacksholderen har inndelte rom, sterk forsegling og en stor kapasitet som gj\u00f8r det enkelt \u00e5 oppbevare og servere snacks. Den er perfekt til hjemmebruk, fester og utend\u00f8rsarrangementer, og hjelper deg med \u00e5 holde alt rent, organisert og klart til \u00e5 nytes.","og_url":"https:\/\/mekulo.com\/no\/produkt\/organisering-av-mellommaltider\/","og_site_name":"Mekulo NO","article_modified_time":"2026-01-22T16:14:50+00:00","og_image":[{"width":748,"height":766,"url":"https:\/\/mekulo.com\/no\/wp-content\/uploads\/sites\/10\/2026\/01\/xic6q27-1.jpg","type":"image\/jpeg"}],"twitter_card":"summary_large_image","twitter_misc":{"Ansl. lesetid":"2 minutter"},"schema":{"@context":"https:\/\/schema.org","@graph":[{"@type":"WebPage","@id":"https:\/\/mekulo.com\/no\/produkt\/organisering-av-mellommaltider\/","url":"https:\/\/mekulo.com\/no\/produkt\/organisering-av-mellommaltider\/","name":"Organisering av mellomm\u00e5ltider - Mekulo NO","isPartOf":{"@id":"https:\/\/mekulo.com\/no\/#website"},"primaryImageOfPage":{"@id":"https:\/\/mekulo.com\/no\/produkt\/organisering-av-mellommaltider\/#primaryimage"},"image":{"@id":"https:\/\/mekulo.com\/no\/produkt\/organisering-av-mellommaltider\/#primaryimage"},"thumbnailUrl":"https:\/\/mekulo.com\/no\/wp-content\/uploads\/sites\/10\/2026\/01\/xic6q27-1.jpg","datePublished":"2026-01-07T10:46:21+00:00","dateModified":"2026-01-22T16:14:50+00:00","breadcrumb":{"@id":"https:\/\/mekulo.com\/no\/produkt\/organisering-av-mellommaltider\/#breadcrumb"},"inLanguage":"nb-NO","potentialAction":[{"@type":"ReadAction","target":["https:\/\/mekulo.com\/no\/produkt\/organisering-av-mellommaltider\/"]}]},{"@type":"ImageObject","inLanguage":"nb-NO","@id":"https:\/\/mekulo.com\/no\/produkt\/organisering-av-mellommaltider\/#primaryimage","url":"https:\/\/mekulo.com\/no\/wp-content\/uploads\/sites\/10\/2026\/01\/xic6q27-1.jpg","contentUrl":"https:\/\/mekulo.com\/no\/wp-content\/uploads\/sites\/10\/2026\/01\/xic6q27-1.jpg","width":748,"height":766},{"@type":"BreadcrumbList","@id":"https:\/\/mekulo.com\/no\/produkt\/organisering-av-mellommaltider\/#breadcrumb","itemListElement":[{"@type":"ListItem","position":1,"name":"Home","item":"https:\/\/mekulo.com\/no\/"},{"@type":"ListItem","position":2,"name":"Butikk","item":"https:\/\/mekulo.com\/no\/butikk\/"},{"@type":"ListItem","position":3,"name":"Organisering av mellomm\u00e5ltider"}]},{"@type":"WebSite","@id":"https:\/\/mekulo.com\/no\/#website","url":"https:\/\/mekulo.com\/no\/","name":"Mekulo NO","description":"","publisher":{"@id":"https:\/\/mekulo.com\/no\/#organization"},"potentialAction":[{"@type":"SearchAction","target":{"@type":"EntryPoint","urlTemplate":"https:\/\/mekulo.com\/no\/?s={search_term_string}"},"query-input":{"@type":"PropertyValueSpecification","valueRequired":true,"valueName":"search_term_string"}}],"inLanguage":"nb-NO"},{"@type":"Organization","@id":"https:\/\/mekulo.com\/no\/#organization","name":"Mekulo","url":"https:\/\/mekulo.com\/no\/","logo":{"@type":"ImageObject","inLanguage":"nb-NO","@id":"https:\/\/mekulo.com\/no\/#\/schema\/logo\/image\/","url":"https:\/\/mekulo.com\/no\/wp-content\/uploads\/sites\/10\/2025\/12\/favicon_mekulo.png","contentUrl":"https:\/\/mekulo.com\/no\/wp-content\/uploads\/sites\/10\/2025\/12\/favicon_mekulo.png","width":50,"height":50,"caption":"Mekulo"},"image":{"@id":"https:\/\/mekulo.com\/no\/#\/schema\/logo\/image\/"}}]}},"_links":{"self":[{"href":"https:\/\/mekulo.com\/no\/wp-json\/wp\/v2\/product\/15261","targetHints":{"allow":["GET"]}}],"collection":[{"href":"https:\/\/mekulo.com\/no\/wp-json\/wp\/v2\/product"}],"about":[{"href":"https:\/\/mekulo.com\/no\/wp-json\/wp\/v2\/types\/product"}],"replies":[{"embeddable":true,"href":"https:\/\/mekulo.com\/no\/wp-json\/wp\/v2\/comments?post=15261"}],"wp:featuredmedia":[{"embeddable":true,"href":"https:\/\/mekulo.com\/no\/wp-json\/wp\/v2\/media\/15257"}],"wp:attachment":[{"href":"https:\/\/mekulo.com\/no\/wp-json\/wp\/v2\/media?parent=15261"}],"wp:term":[{"taxonomy":"product_brand","embeddable":true,"href":"https:\/\/mekulo.com\/no\/wp-json\/wp\/v2\/product_brand?post=15261"},{"taxonomy":"product_cat","embeddable":true,"href":"https:\/\/mekulo.com\/no\/wp-json\/wp\/v2\/product_cat?post=15261"},{"taxonomy":"product_tag","embeddable":true,"href":"https:\/\/mekulo.com\/no\/wp-json\/wp\/v2\/product_tag?post=15261"}],"curies":[{"name":"wp","href":"https:\/\/api.w.org\/{rel}","templated":true}]}}