{"id":15210,"date":"2026-01-07T12:42:20","date_gmt":"2026-01-07T10:42:20","guid":{"rendered":"https:\/\/mekulo.com\/no\/produkt\/konturmaler\/"},"modified":"2026-01-22T17:48:52","modified_gmt":"2026-01-22T15:48:52","slug":"konturmaler","status":"publish","type":"product","link":"https:\/\/mekulo.com\/no\/produkt\/konturmaler\/","title":{"rendered":"Konturm\u00e5ler"},"content":{"rendered":"<p style=\"text-align: center;\" data-start=\"172\" data-end=\"235\"><strong>F\u00e5 perfekte m\u00e5l for selv de mest komplekse former. \ud83d\udccf<\/strong><\/p>\n<p data-start=\"236\" data-end=\"506\"><img fetchpriority=\"high\" decoding=\"async\" class=\"size-full wp-image-43302 aligncenter\" src=\"https:\/\/keluvo.com\/template\/wp-content\/uploads\/sites\/5\/2025\/11\/102215-ezgif.com-video-to-webp-converter.webp\" alt=\"\" width=\"500\" height=\"500\" \/><\/p>\n<h2 style=\"text-align: center;\" data-start=\"513\" data-end=\"533\">\u2b50 Hovedfordeler<\/h2>\n<p data-start=\"534\" data-end=\"1084\">\ud83d\udccf Perfekt duplisering av former &#8211; Kopierer komplekse former umiddelbart for n\u00f8yaktig skj\u00e6ring.<\/p>\n<p data-start=\"534\" data-end=\"1084\">\u26a1 Sparer tid og krefter &#8211; Ingen behov for pappmaler eller manuell sporing.<\/p>\n<p data-start=\"534\" data-end=\"1084\">\ud83e\uddf0 Bredt bruksomr\u00e5de &#8211; Perfekt for fliser, laminat, tepper, r\u00f8r, rammer, kanaler og mer.<\/p>\n<p data-start=\"534\" data-end=\"1084\">\ud83c\udfaf Presis og n\u00f8yaktig &#8211; sikrer at kuttene passer n\u00f8yaktig til objektets profil.<\/p>\n<p data-start=\"534\" data-end=\"1084\">\ud83d\ude4c Enkel \u00e5 bruke for alle &#8211; Bare trykk m\u00e5leren p\u00e5 objektet, s\u00e5 formes formen umiddelbart.<\/p>\n<p data-start=\"534\" data-end=\"1084\">\ud83d\udcaa Slitesterk konstruksjon &#8211; Laget for \u00e5 t\u00e5le hyppig bruk i profesjonelle prosjekter og gj\u00f8r-det-selv-prosjekter.<\/p>\n<p data-start=\"534\" data-end=\"1084\"><img decoding=\"async\" class=\"size-full wp-image-43306 aligncenter\" src=\"https:\/\/keluvo.com\/template\/wp-content\/uploads\/sites\/5\/2025\/11\/36246e6ad842c1f08680ba57e9661bab19345397-700.avif\" alt=\"\" \/><\/p>\n<h2 style=\"text-align: center;\" data-start=\"1091\" data-end=\"1109\">\ud83d\udd27 Slik bruker du den<\/h2>\n<ol data-start=\"1110\" data-end=\"1435\">\n<li data-start=\"1110\" data-end=\"1184\">\n<p data-start=\"1113\" data-end=\"1184\">Plasser konturm\u00e5leren mot gjenstanden eller formen du skal kopiere.<\/p>\n<\/li>\n<li data-start=\"1185\" data-end=\"1242\">\n<p data-start=\"1188\" data-end=\"1242\">Trykk stiftene godt ned for \u00e5 matche gjenstandens profil.<\/p>\n<\/li>\n<li data-start=\"1243\" data-end=\"1315\">\n<p data-start=\"1246\" data-end=\"1315\">Fjern m\u00e5leren forsiktig mens formen holdes p\u00e5 plass.<\/p>\n<\/li>\n<li data-start=\"1316\" data-end=\"1384\">\n<p data-start=\"1319\" data-end=\"1384\">Overf\u00f8r omrisset til fliser, tre, laminat eller annet materiale.<\/p>\n<\/li>\n<li data-start=\"1385\" data-end=\"1435\">\n<p data-start=\"1388\" data-end=\"1435\">Skj\u00e6r langs den opptegnede formen for perfekt passform.<\/p>\n<\/li>\n<\/ol>\n<h2 style=\"text-align: center;\" data-start=\"1442\" data-end=\"1465\">\ud83d\udccf Produktdetaljer<\/h2>\n<ul data-start=\"1466\" data-end=\"1766\">\n<li data-start=\"1498\" data-end=\"1549\">\n<p data-start=\"1500\" data-end=\"1549\">Form\u00e5l: Formduplisering for n\u00f8yaktig skj\u00e6ring<\/p>\n<\/li>\n<li data-start=\"1550\" data-end=\"1653\">\n<p data-start=\"1552\" data-end=\"1653\">Egnet for: Fliser, laminat, teppe, r\u00f8rmontering, trebearbeiding, karosseri, metallarbeid, DIY-prosjekter<\/p>\n<\/li>\n<li data-start=\"1654\" data-end=\"1701\">\n<p data-start=\"1656\" data-end=\"1701\">Materiale: Holdbar konstruksjon av h\u00f8y kvalitet<\/p>\n<\/li>\n<li data-start=\"1702\" data-end=\"1766\">\n<p data-start=\"1704\" data-end=\"1766\">Funksjoner: N\u00f8yaktig m\u00e5ling, multifunksjonell, enkel \u00e5 bruke<\/p>\n<\/li>\n<li data-start=\"1702\" data-end=\"1766\">St\u00f8rrelser: 12,7 cm, 25,5 cm<\/li>\n<\/ul>\n<h2 style=\"text-align: center;\" data-start=\"1773\" data-end=\"1797\">\ud83d\udce6 Pakken inneholder<\/h2>\n<ul data-start=\"1798\" data-end=\"1819\">\n<li data-start=\"1798\" data-end=\"1819\">\n<p data-start=\"1800\" data-end=\"1819\">1x konturm\u00e5ler.<\/p>\n<\/li>\n<\/ul>\n","protected":false},"excerpt":{"rendered":"<p>Denne konturm\u00e5leren er utviklet for \u00e5 hjelpe deg med \u00e5 kopiere kurver, hj\u00f8rner og unike profiler uten \u00e5 m\u00e5tte gjette eller tegne for h\u00e5nd. Den er ideell for gulvlegging, flislegging, trearbeid eller andre gj\u00f8r-det-selv-jobber, og sikrer rene, n\u00f8yaktige kutt med langt mindre innsats. Bare trykk, spor og skj\u00e6r.<\/p>\n","protected":false},"featured_media":15206,"comment_status":"open","ping_status":"closed","template":"","meta":{"site-sidebar-layout":"default","site-content-layout":"","ast-site-content-layout":"default","site-content-style":"default","site-sidebar-style":"default","ast-global-header-display":"","ast-banner-title-visibility":"","ast-main-header-display":"","ast-hfb-above-header-display":"","ast-hfb-below-header-display":"","ast-hfb-mobile-header-display":"","site-post-title":"","ast-breadcrumbs-content":"","ast-featured-img":"","footer-sml-layout":"","theme-transparent-header-meta":"default","adv-header-id-meta":"","stick-header-meta":"","header-above-stick-meta":"","header-main-stick-meta":"","header-below-stick-meta":"","astra-migrate-meta-layouts":"set","ast-page-background-enabled":"default","ast-page-background-meta":{"desktop":{"background-color":"var(--ast-global-color-5)","background-image":"","background-repeat":"repeat","background-position":"center center","background-size":"auto","background-attachment":"scroll","background-type":"","background-media":"","overlay-type":"","overlay-color":"","overlay-opacity":"","overlay-gradient":""},"tablet":{"background-color":"","background-image":"","background-repeat":"repeat","background-position":"center center","background-size":"auto","background-attachment":"scroll","background-type":"","background-media":"","overlay-type":"","overlay-color":"","overlay-opacity":"","overlay-gradient":""},"mobile":{"background-color":"","background-image":"","background-repeat":"repeat","background-position":"center center","background-size":"auto","background-attachment":"scroll","background-type":"","background-media":"","overlay-type":"","overlay-color":"","overlay-opacity":"","overlay-gradient":""}},"ast-content-background-meta":{"desktop":{"background-color":"var(--ast-global-color-4)","background-image":"","background-repeat":"repeat","background-position":"center center","background-size":"auto","background-attachment":"scroll","background-type":"","background-media":"","overlay-type":"","overlay-color":"","overlay-opacity":"","overlay-gradient":""},"tablet":{"background-color":"var(--ast-global-color-4)","background-image":"","background-repeat":"repeat","background-position":"center center","background-size":"auto","background-attachment":"scroll","background-type":"","background-media":"","overlay-type":"","overlay-color":"","overlay-opacity":"","overlay-gradient":""},"mobile":{"background-color":"var(--ast-global-color-4)","background-image":"","background-repeat":"repeat","background-position":"center center","background-size":"auto","background-attachment":"scroll","background-type":"","background-media":"","overlay-type":"","overlay-color":"","overlay-opacity":"","overlay-gradient":""}}},"product_brand":[],"product_cat":[171],"product_tag":[],"class_list":{"0":"post-15210","1":"product","2":"type-product","3":"status-publish","4":"has-post-thumbnail","6":"product_cat-verktoy","7":"pa_54182_f5zfwuju-bla","8":"pa_54182_f5zfwuju-gronn","9":"pa_54182_f5zfwuju-rod","10":"pa_54182_iwmxd1uc-127-cm","11":"pa_54182_iwmxd1uc-255-cm","12":"desktop-align-left","13":"tablet-align-left","14":"mobile-align-left","16":"first","17":"instock","18":"shipping-taxable","19":"purchasable","20":"product-type-variable","21":"has-default-attributes"},"yoast_head":"<!-- This site is optimized with the Yoast SEO plugin v26.6 - https:\/\/yoast.com\/wordpress\/plugins\/seo\/ -->\n<title>Konturm\u00e5ler - Mekulo NO<\/title>\n<meta name=\"robots\" content=\"index, follow, max-snippet:-1, max-image-preview:large, max-video-preview:-1\" \/>\n<link rel=\"canonical\" href=\"https:\/\/mekulo.com\/no\/produkt\/konturmaler\/\" \/>\n<meta property=\"og:locale\" content=\"nb_NO\" \/>\n<meta property=\"og:type\" content=\"article\" \/>\n<meta property=\"og:title\" content=\"Konturm\u00e5ler - Mekulo NO\" \/>\n<meta property=\"og:description\" content=\"Denne konturm\u00e5leren er utviklet for \u00e5 hjelpe deg med \u00e5 kopiere kurver, hj\u00f8rner og unike profiler uten \u00e5 m\u00e5tte gjette eller tegne for h\u00e5nd. Den er ideell for gulvlegging, flislegging, trearbeid eller andre gj\u00f8r-det-selv-jobber, og sikrer rene, n\u00f8yaktige kutt med langt mindre innsats. Bare trykk, spor og skj\u00e6r.\" \/>\n<meta property=\"og:url\" content=\"https:\/\/mekulo.com\/no\/produkt\/konturmaler\/\" \/>\n<meta property=\"og:site_name\" content=\"Mekulo NO\" \/>\n<meta property=\"article:modified_time\" content=\"2026-01-22T15:48:52+00:00\" \/>\n<meta property=\"og:image\" content=\"https:\/\/mekulo.com\/no\/wp-content\/uploads\/sites\/10\/2026\/01\/jil6hew-1.jpg\" \/>\n\t<meta property=\"og:image:width\" content=\"700\" \/>\n\t<meta property=\"og:image:height\" content=\"700\" \/>\n\t<meta property=\"og:image:type\" content=\"image\/jpeg\" \/>\n<meta name=\"twitter:card\" content=\"summary_large_image\" \/>\n<meta name=\"twitter:label1\" content=\"Ansl. lesetid\" \/>\n\t<meta name=\"twitter:data1\" content=\"2 minutter\" \/>\n<script type=\"application\/ld+json\" class=\"yoast-schema-graph\">{\"@context\":\"https:\/\/schema.org\",\"@graph\":[{\"@type\":\"WebPage\",\"@id\":\"https:\/\/mekulo.com\/no\/produkt\/konturmaler\/\",\"url\":\"https:\/\/mekulo.com\/no\/produkt\/konturmaler\/\",\"name\":\"Konturm\u00e5ler - Mekulo NO\",\"isPartOf\":{\"@id\":\"https:\/\/mekulo.com\/no\/#website\"},\"primaryImageOfPage\":{\"@id\":\"https:\/\/mekulo.com\/no\/produkt\/konturmaler\/#primaryimage\"},\"image\":{\"@id\":\"https:\/\/mekulo.com\/no\/produkt\/konturmaler\/#primaryimage\"},\"thumbnailUrl\":\"https:\/\/mekulo.com\/no\/wp-content\/uploads\/sites\/10\/2026\/01\/jil6hew-1.jpg\",\"datePublished\":\"2026-01-07T10:42:20+00:00\",\"dateModified\":\"2026-01-22T15:48:52+00:00\",\"breadcrumb\":{\"@id\":\"https:\/\/mekulo.com\/no\/produkt\/konturmaler\/#breadcrumb\"},\"inLanguage\":\"nb-NO\",\"potentialAction\":[{\"@type\":\"ReadAction\",\"target\":[\"https:\/\/mekulo.com\/no\/produkt\/konturmaler\/\"]}]},{\"@type\":\"ImageObject\",\"inLanguage\":\"nb-NO\",\"@id\":\"https:\/\/mekulo.com\/no\/produkt\/konturmaler\/#primaryimage\",\"url\":\"https:\/\/mekulo.com\/no\/wp-content\/uploads\/sites\/10\/2026\/01\/jil6hew-1.jpg\",\"contentUrl\":\"https:\/\/mekulo.com\/no\/wp-content\/uploads\/sites\/10\/2026\/01\/jil6hew-1.jpg\",\"width\":700,\"height\":700},{\"@type\":\"BreadcrumbList\",\"@id\":\"https:\/\/mekulo.com\/no\/produkt\/konturmaler\/#breadcrumb\",\"itemListElement\":[{\"@type\":\"ListItem\",\"position\":1,\"name\":\"Home\",\"item\":\"https:\/\/mekulo.com\/no\/\"},{\"@type\":\"ListItem\",\"position\":2,\"name\":\"Butikk\",\"item\":\"https:\/\/mekulo.com\/no\/butikk\/\"},{\"@type\":\"ListItem\",\"position\":3,\"name\":\"Konturm\u00e5ler\"}]},{\"@type\":\"WebSite\",\"@id\":\"https:\/\/mekulo.com\/no\/#website\",\"url\":\"https:\/\/mekulo.com\/no\/\",\"name\":\"Mekulo NO\",\"description\":\"\",\"publisher\":{\"@id\":\"https:\/\/mekulo.com\/no\/#organization\"},\"potentialAction\":[{\"@type\":\"SearchAction\",\"target\":{\"@type\":\"EntryPoint\",\"urlTemplate\":\"https:\/\/mekulo.com\/no\/?s={search_term_string}\"},\"query-input\":{\"@type\":\"PropertyValueSpecification\",\"valueRequired\":true,\"valueName\":\"search_term_string\"}}],\"inLanguage\":\"nb-NO\"},{\"@type\":\"Organization\",\"@id\":\"https:\/\/mekulo.com\/no\/#organization\",\"name\":\"Mekulo\",\"url\":\"https:\/\/mekulo.com\/no\/\",\"logo\":{\"@type\":\"ImageObject\",\"inLanguage\":\"nb-NO\",\"@id\":\"https:\/\/mekulo.com\/no\/#\/schema\/logo\/image\/\",\"url\":\"https:\/\/mekulo.com\/no\/wp-content\/uploads\/sites\/10\/2025\/12\/favicon_mekulo.png\",\"contentUrl\":\"https:\/\/mekulo.com\/no\/wp-content\/uploads\/sites\/10\/2025\/12\/favicon_mekulo.png\",\"width\":50,\"height\":50,\"caption\":\"Mekulo\"},\"image\":{\"@id\":\"https:\/\/mekulo.com\/no\/#\/schema\/logo\/image\/\"}}]}<\/script>\n<!-- \/ Yoast SEO plugin. -->","yoast_head_json":{"title":"Konturm\u00e5ler - Mekulo NO","robots":{"index":"index","follow":"follow","max-snippet":"max-snippet:-1","max-image-preview":"max-image-preview:large","max-video-preview":"max-video-preview:-1"},"canonical":"https:\/\/mekulo.com\/no\/produkt\/konturmaler\/","og_locale":"nb_NO","og_type":"article","og_title":"Konturm\u00e5ler - Mekulo NO","og_description":"Denne konturm\u00e5leren er utviklet for \u00e5 hjelpe deg med \u00e5 kopiere kurver, hj\u00f8rner og unike profiler uten \u00e5 m\u00e5tte gjette eller tegne for h\u00e5nd. Den er ideell for gulvlegging, flislegging, trearbeid eller andre gj\u00f8r-det-selv-jobber, og sikrer rene, n\u00f8yaktige kutt med langt mindre innsats. Bare trykk, spor og skj\u00e6r.","og_url":"https:\/\/mekulo.com\/no\/produkt\/konturmaler\/","og_site_name":"Mekulo NO","article_modified_time":"2026-01-22T15:48:52+00:00","og_image":[{"width":700,"height":700,"url":"https:\/\/mekulo.com\/no\/wp-content\/uploads\/sites\/10\/2026\/01\/jil6hew-1.jpg","type":"image\/jpeg"}],"twitter_card":"summary_large_image","twitter_misc":{"Ansl. lesetid":"2 minutter"},"schema":{"@context":"https:\/\/schema.org","@graph":[{"@type":"WebPage","@id":"https:\/\/mekulo.com\/no\/produkt\/konturmaler\/","url":"https:\/\/mekulo.com\/no\/produkt\/konturmaler\/","name":"Konturm\u00e5ler - Mekulo NO","isPartOf":{"@id":"https:\/\/mekulo.com\/no\/#website"},"primaryImageOfPage":{"@id":"https:\/\/mekulo.com\/no\/produkt\/konturmaler\/#primaryimage"},"image":{"@id":"https:\/\/mekulo.com\/no\/produkt\/konturmaler\/#primaryimage"},"thumbnailUrl":"https:\/\/mekulo.com\/no\/wp-content\/uploads\/sites\/10\/2026\/01\/jil6hew-1.jpg","datePublished":"2026-01-07T10:42:20+00:00","dateModified":"2026-01-22T15:48:52+00:00","breadcrumb":{"@id":"https:\/\/mekulo.com\/no\/produkt\/konturmaler\/#breadcrumb"},"inLanguage":"nb-NO","potentialAction":[{"@type":"ReadAction","target":["https:\/\/mekulo.com\/no\/produkt\/konturmaler\/"]}]},{"@type":"ImageObject","inLanguage":"nb-NO","@id":"https:\/\/mekulo.com\/no\/produkt\/konturmaler\/#primaryimage","url":"https:\/\/mekulo.com\/no\/wp-content\/uploads\/sites\/10\/2026\/01\/jil6hew-1.jpg","contentUrl":"https:\/\/mekulo.com\/no\/wp-content\/uploads\/sites\/10\/2026\/01\/jil6hew-1.jpg","width":700,"height":700},{"@type":"BreadcrumbList","@id":"https:\/\/mekulo.com\/no\/produkt\/konturmaler\/#breadcrumb","itemListElement":[{"@type":"ListItem","position":1,"name":"Home","item":"https:\/\/mekulo.com\/no\/"},{"@type":"ListItem","position":2,"name":"Butikk","item":"https:\/\/mekulo.com\/no\/butikk\/"},{"@type":"ListItem","position":3,"name":"Konturm\u00e5ler"}]},{"@type":"WebSite","@id":"https:\/\/mekulo.com\/no\/#website","url":"https:\/\/mekulo.com\/no\/","name":"Mekulo NO","description":"","publisher":{"@id":"https:\/\/mekulo.com\/no\/#organization"},"potentialAction":[{"@type":"SearchAction","target":{"@type":"EntryPoint","urlTemplate":"https:\/\/mekulo.com\/no\/?s={search_term_string}"},"query-input":{"@type":"PropertyValueSpecification","valueRequired":true,"valueName":"search_term_string"}}],"inLanguage":"nb-NO"},{"@type":"Organization","@id":"https:\/\/mekulo.com\/no\/#organization","name":"Mekulo","url":"https:\/\/mekulo.com\/no\/","logo":{"@type":"ImageObject","inLanguage":"nb-NO","@id":"https:\/\/mekulo.com\/no\/#\/schema\/logo\/image\/","url":"https:\/\/mekulo.com\/no\/wp-content\/uploads\/sites\/10\/2025\/12\/favicon_mekulo.png","contentUrl":"https:\/\/mekulo.com\/no\/wp-content\/uploads\/sites\/10\/2025\/12\/favicon_mekulo.png","width":50,"height":50,"caption":"Mekulo"},"image":{"@id":"https:\/\/mekulo.com\/no\/#\/schema\/logo\/image\/"}}]}},"_links":{"self":[{"href":"https:\/\/mekulo.com\/no\/wp-json\/wp\/v2\/product\/15210","targetHints":{"allow":["GET"]}}],"collection":[{"href":"https:\/\/mekulo.com\/no\/wp-json\/wp\/v2\/product"}],"about":[{"href":"https:\/\/mekulo.com\/no\/wp-json\/wp\/v2\/types\/product"}],"replies":[{"embeddable":true,"href":"https:\/\/mekulo.com\/no\/wp-json\/wp\/v2\/comments?post=15210"}],"wp:featuredmedia":[{"embeddable":true,"href":"https:\/\/mekulo.com\/no\/wp-json\/wp\/v2\/media\/15206"}],"wp:attachment":[{"href":"https:\/\/mekulo.com\/no\/wp-json\/wp\/v2\/media?parent=15210"}],"wp:term":[{"taxonomy":"product_brand","embeddable":true,"href":"https:\/\/mekulo.com\/no\/wp-json\/wp\/v2\/product_brand?post=15210"},{"taxonomy":"product_cat","embeddable":true,"href":"https:\/\/mekulo.com\/no\/wp-json\/wp\/v2\/product_cat?post=15210"},{"taxonomy":"product_tag","embeddable":true,"href":"https:\/\/mekulo.com\/no\/wp-json\/wp\/v2\/product_tag?post=15210"}],"curies":[{"name":"wp","href":"https:\/\/api.w.org\/{rel}","templated":true}]}}