{"id":15027,"date":"2026-01-07T12:30:42","date_gmt":"2026-01-07T10:30:42","guid":{"rendered":"https:\/\/mekulo.com\/no\/produkt\/dorkilestopper\/"},"modified":"2026-01-07T18:10:21","modified_gmt":"2026-01-07T16:10:21","slug":"dorkilestopper","status":"publish","type":"product","link":"https:\/\/mekulo.com\/no\/produkt\/dorkilestopper\/","title":{"rendered":"D\u00f8rkilestopper"},"content":{"rendered":"<p style=\"text-align: center;\" data-start=\"0\" data-end=\"58\"><strong data-start=\"0\" data-end=\"58\">Hold d\u00f8rene stille, sikre og perfekt p\u00e5 plass. \ud83d\udd07<\/strong><\/p>\n<p data-start=\"60\" data-end=\"343\"><img decoding=\"async\" class=\"size-full wp-image-41175 aligncenter\" src=\"https:\/\/keluvo.com\/template\/wp-content\/uploads\/sites\/5\/2025\/11\/10229-ezgif.com-video-to-webp-converter-3.webp\" alt=\"\" \/><\/p>\n<h2 style=\"text-align: center;\" data-start=\"350\" data-end=\"372\">Hovedfordeler \ud83d\udcab<\/h2>\n<p data-start=\"375\" data-end=\"457\">\ud83d\udd07 Lydl\u00f8s drift &#8211; Reduserer d\u00f8rkollisjonsst\u00f8y for et rolig og stille hjem.<\/p>\n<p data-start=\"460\" data-end=\"552\">\ud83d\udee0\ufe0f Ingen boring n\u00f8dvendig &#8211; Monteres p\u00e5 gulvet uten \u00e5 skade vegger eller d\u00f8rkarmer.<\/p>\n<p data-start=\"555\" data-end=\"632\">\ud83d\udd12 Sterkt magnetisk grep &#8211; Holder d\u00f8rer sikkert lukket eller festet p\u00e5 plass.<\/p>\n<p data-start=\"635\" data-end=\"722\">\ud83e\uddf1 H\u00f8y styrke &amp; holdbar &#8211; Laget av sinklegering for \u00e5 motst\u00e5 hyppig daglig bruk.<\/p>\n<p data-start=\"725\" data-end=\"818\">\u2699\ufe0f Justerbar h\u00f8yde &#8211; Passer til forskjellige d\u00f8r\u00e5pninger og gulvtyper for perfekt plassering.<\/p>\n<p data-start=\"725\" data-end=\"818\"><img decoding=\"async\" class=\"size-full wp-image-41172 aligncenter\" src=\"https:\/\/keluvo.com\/template\/wp-content\/uploads\/sites\/5\/2025\/11\/Saaae73f338c0448ba2d4e0320924c450j.jpg_960x960q75.jpg_.jpg\" alt=\"\" \/><\/p>\n<h2 style=\"text-align: center;\" data-start=\"825\" data-end=\"844\">Slik bruker du den \ud83d\udccc<\/h2>\n<ol data-start=\"845\" data-end=\"1160\">\n<li data-start=\"845\" data-end=\"907\">\n<p data-start=\"848\" data-end=\"907\">Rengj\u00f8r gulvflaten der proppen skal plasseres.<\/p>\n<\/li>\n<li data-start=\"908\" data-end=\"974\">\n<p data-start=\"911\" data-end=\"974\">Plasser proppen under d\u00f8ren for \u00e5 finne riktig h\u00f8yde.<\/p>\n<\/li>\n<li data-start=\"975\" data-end=\"1026\">\n<p data-start=\"978\" data-end=\"1026\">Juster h\u00f8yden om n\u00f8dvendig for perfekt passform.<\/p>\n<\/li>\n<li data-start=\"1027\" data-end=\"1096\">\n<p data-start=\"1030\" data-end=\"1096\">Fest proppen ved hjelp av det medf\u00f8lgende limet eller monteringsbasen.<\/p>\n<\/li>\n<li data-start=\"1097\" data-end=\"1160\">\n<p data-start=\"1100\" data-end=\"1160\">La den magnetiske fangeren holde d\u00f8ren n\u00e5r den lukkes.<\/p>\n<\/li>\n<\/ol>\n<h2 style=\"text-align: center;\" data-start=\"1167\" data-end=\"1191\">Produktdetaljer \ud83d\udccf<\/h2>\n<ul data-start=\"1192\" data-end=\"1463\">\n<li data-start=\"1192\" data-end=\"1220\">\n<p data-start=\"1194\" data-end=\"1220\">Materiale: Sinklegering<\/p>\n<\/li>\n<li data-start=\"1221\" data-end=\"1250\">\n<p data-start=\"1223\" data-end=\"1250\">St\u00f8rrelse: 62 x 50 x 30 mm<\/p>\n<\/li>\n<li data-start=\"1251\" data-end=\"1300\">\n<p data-start=\"1253\" data-end=\"1300\">Installasjon: Ingen boring av gulvinstallasjon<\/p>\n<\/li>\n<li data-start=\"1301\" data-end=\"1374\">\n<p data-start=\"1303\" data-end=\"1374\">Funksjoner: Magnetisk fiksering, justerbar h\u00f8yde, lydl\u00f8s demping<\/p>\n<\/li>\n<li data-start=\"1375\" data-end=\"1463\">\n<p data-start=\"1377\" data-end=\"1463\">Farger tilgjengelig: Svart, gr\u00e5, messing, lys s\u00f8lv, gull, bronse, hvit<\/p>\n<\/li>\n<\/ul>\n<h2 style=\"text-align: center;\" data-start=\"1470\" data-end=\"1495\">Pakken inkluderer \ud83d\udce6<\/h2>\n<ul data-start=\"1496\" data-end=\"1526\">\n<li data-start=\"1496\" data-end=\"1526\">\n<p data-start=\"1498\" data-end=\"1526\">1, 2, 4x d\u00f8rkilestopper<\/p>\n<\/li>\n<li data-start=\"1496\" data-end=\"1526\">\n<p data-start=\"1498\" data-end=\"1526\">1, 2, 4x selvklebende tape.<\/p>\n<\/li>\n<\/ul>\n","protected":false},"excerpt":{"rendered":"<p>Denne d\u00f8rkilestopperen er utformet for \u00e5 stoppe u\u00f8nskede d\u00f8rbevegelser samtidig som den reduserer st\u00f8y og beskytter vegger og gulv. Med magnetisk design uten boring og justerbar h\u00f8yde passer den til alle rom og d\u00f8rer, og er en enkel, holdbar og effektiv l\u00f8sning for daglig bruk.<\/p>\n","protected":false},"featured_media":15023,"comment_status":"open","ping_status":"closed","template":"","meta":{"site-sidebar-layout":"default","site-content-layout":"","ast-site-content-layout":"default","site-content-style":"default","site-sidebar-style":"default","ast-global-header-display":"","ast-banner-title-visibility":"","ast-main-header-display":"","ast-hfb-above-header-display":"","ast-hfb-below-header-display":"","ast-hfb-mobile-header-display":"","site-post-title":"","ast-breadcrumbs-content":"","ast-featured-img":"","footer-sml-layout":"","theme-transparent-header-meta":"default","adv-header-id-meta":"","stick-header-meta":"","header-above-stick-meta":"","header-main-stick-meta":"","header-below-stick-meta":"","astra-migrate-meta-layouts":"set","ast-page-background-enabled":"default","ast-page-background-meta":{"desktop":{"background-color":"var(--ast-global-color-5)","background-image":"","background-repeat":"repeat","background-position":"center center","background-size":"auto","background-attachment":"scroll","background-type":"","background-media":"","overlay-type":"","overlay-color":"","overlay-opacity":"","overlay-gradient":""},"tablet":{"background-color":"","background-image":"","background-repeat":"repeat","background-position":"center center","background-size":"auto","background-attachment":"scroll","background-type":"","background-media":"","overlay-type":"","overlay-color":"","overlay-opacity":"","overlay-gradient":""},"mobile":{"background-color":"","background-image":"","background-repeat":"repeat","background-position":"center center","background-size":"auto","background-attachment":"scroll","background-type":"","background-media":"","overlay-type":"","overlay-color":"","overlay-opacity":"","overlay-gradient":""}},"ast-content-background-meta":{"desktop":{"background-color":"var(--ast-global-color-4)","background-image":"","background-repeat":"repeat","background-position":"center center","background-size":"auto","background-attachment":"scroll","background-type":"","background-media":"","overlay-type":"","overlay-color":"","overlay-opacity":"","overlay-gradient":""},"tablet":{"background-color":"var(--ast-global-color-4)","background-image":"","background-repeat":"repeat","background-position":"center center","background-size":"auto","background-attachment":"scroll","background-type":"","background-media":"","overlay-type":"","overlay-color":"","overlay-opacity":"","overlay-gradient":""},"mobile":{"background-color":"var(--ast-global-color-4)","background-image":"","background-repeat":"repeat","background-position":"center center","background-size":"auto","background-attachment":"scroll","background-type":"","background-media":"","overlay-type":"","overlay-color":"","overlay-opacity":"","overlay-gradient":""}}},"product_brand":[],"product_cat":[168],"product_tag":[],"class_list":{"0":"post-15027","1":"product","2":"type-product","3":"status-publish","4":"has-post-thumbnail","6":"product_cat-husholdningsartikler","7":"pa_51178_u248ijpp-bronse","8":"pa_51178_u248ijpp-gra","9":"pa_51178_u248ijpp-gull","10":"pa_51178_u248ijpp-hvit","11":"pa_51178_u248ijpp-lyst-solv","12":"pa_51178_u248ijpp-messing","13":"pa_51178_u248ijpp-svart","14":"pa_51178_y30odc4x-1-stk","15":"pa_51178_y30odc4x-2-stk","16":"pa_51178_y30odc4x-4-stk","17":"desktop-align-left","18":"tablet-align-left","19":"mobile-align-left","21":"first","22":"instock","23":"shipping-taxable","24":"purchasable","25":"product-type-variable","26":"has-default-attributes"},"yoast_head":"<!-- This site is optimized with the Yoast SEO plugin v26.6 - https:\/\/yoast.com\/wordpress\/plugins\/seo\/ -->\n<title>D\u00f8rkilestopper - Mekulo NO<\/title>\n<meta name=\"robots\" content=\"index, follow, max-snippet:-1, max-image-preview:large, max-video-preview:-1\" \/>\n<link rel=\"canonical\" href=\"https:\/\/mekulo.com\/no\/produkt\/dorkilestopper\/\" \/>\n<meta property=\"og:locale\" content=\"nb_NO\" \/>\n<meta property=\"og:type\" content=\"article\" \/>\n<meta property=\"og:title\" content=\"D\u00f8rkilestopper - Mekulo NO\" \/>\n<meta property=\"og:description\" content=\"Denne d\u00f8rkilestopperen er utformet for \u00e5 stoppe u\u00f8nskede d\u00f8rbevegelser samtidig som den reduserer st\u00f8y og beskytter vegger og gulv. Med magnetisk design uten boring og justerbar h\u00f8yde passer den til alle rom og d\u00f8rer, og er en enkel, holdbar og effektiv l\u00f8sning for daglig bruk.\" \/>\n<meta property=\"og:url\" content=\"https:\/\/mekulo.com\/no\/produkt\/dorkilestopper\/\" \/>\n<meta property=\"og:site_name\" content=\"Mekulo NO\" \/>\n<meta property=\"article:modified_time\" content=\"2026-01-07T16:10:21+00:00\" \/>\n<meta property=\"og:image\" content=\"https:\/\/mekulo.com\/no\/wp-content\/uploads\/sites\/10\/2026\/01\/drhhol6-1.jpg\" \/>\n\t<meta property=\"og:image:width\" content=\"800\" \/>\n\t<meta property=\"og:image:height\" content=\"800\" \/>\n\t<meta property=\"og:image:type\" content=\"image\/jpeg\" \/>\n<meta name=\"twitter:card\" content=\"summary_large_image\" \/>\n<meta name=\"twitter:label1\" content=\"Ansl. lesetid\" \/>\n\t<meta name=\"twitter:data1\" content=\"2 minutter\" \/>\n<script type=\"application\/ld+json\" class=\"yoast-schema-graph\">{\"@context\":\"https:\/\/schema.org\",\"@graph\":[{\"@type\":\"WebPage\",\"@id\":\"https:\/\/mekulo.com\/no\/produkt\/dorkilestopper\/\",\"url\":\"https:\/\/mekulo.com\/no\/produkt\/dorkilestopper\/\",\"name\":\"D\u00f8rkilestopper - Mekulo NO\",\"isPartOf\":{\"@id\":\"https:\/\/mekulo.com\/no\/#website\"},\"primaryImageOfPage\":{\"@id\":\"https:\/\/mekulo.com\/no\/produkt\/dorkilestopper\/#primaryimage\"},\"image\":{\"@id\":\"https:\/\/mekulo.com\/no\/produkt\/dorkilestopper\/#primaryimage\"},\"thumbnailUrl\":\"https:\/\/mekulo.com\/no\/wp-content\/uploads\/sites\/10\/2026\/01\/drhhol6-1.jpg\",\"datePublished\":\"2026-01-07T10:30:42+00:00\",\"dateModified\":\"2026-01-07T16:10:21+00:00\",\"breadcrumb\":{\"@id\":\"https:\/\/mekulo.com\/no\/produkt\/dorkilestopper\/#breadcrumb\"},\"inLanguage\":\"nb-NO\",\"potentialAction\":[{\"@type\":\"ReadAction\",\"target\":[\"https:\/\/mekulo.com\/no\/produkt\/dorkilestopper\/\"]}]},{\"@type\":\"ImageObject\",\"inLanguage\":\"nb-NO\",\"@id\":\"https:\/\/mekulo.com\/no\/produkt\/dorkilestopper\/#primaryimage\",\"url\":\"https:\/\/mekulo.com\/no\/wp-content\/uploads\/sites\/10\/2026\/01\/drhhol6-1.jpg\",\"contentUrl\":\"https:\/\/mekulo.com\/no\/wp-content\/uploads\/sites\/10\/2026\/01\/drhhol6-1.jpg\",\"width\":800,\"height\":800},{\"@type\":\"BreadcrumbList\",\"@id\":\"https:\/\/mekulo.com\/no\/produkt\/dorkilestopper\/#breadcrumb\",\"itemListElement\":[{\"@type\":\"ListItem\",\"position\":1,\"name\":\"Home\",\"item\":\"https:\/\/mekulo.com\/no\/\"},{\"@type\":\"ListItem\",\"position\":2,\"name\":\"Butikk\",\"item\":\"https:\/\/mekulo.com\/no\/butikk\/\"},{\"@type\":\"ListItem\",\"position\":3,\"name\":\"D\u00f8rkilestopper\"}]},{\"@type\":\"WebSite\",\"@id\":\"https:\/\/mekulo.com\/no\/#website\",\"url\":\"https:\/\/mekulo.com\/no\/\",\"name\":\"Mekulo NO\",\"description\":\"\",\"publisher\":{\"@id\":\"https:\/\/mekulo.com\/no\/#organization\"},\"potentialAction\":[{\"@type\":\"SearchAction\",\"target\":{\"@type\":\"EntryPoint\",\"urlTemplate\":\"https:\/\/mekulo.com\/no\/?s={search_term_string}\"},\"query-input\":{\"@type\":\"PropertyValueSpecification\",\"valueRequired\":true,\"valueName\":\"search_term_string\"}}],\"inLanguage\":\"nb-NO\"},{\"@type\":\"Organization\",\"@id\":\"https:\/\/mekulo.com\/no\/#organization\",\"name\":\"Mekulo\",\"url\":\"https:\/\/mekulo.com\/no\/\",\"logo\":{\"@type\":\"ImageObject\",\"inLanguage\":\"nb-NO\",\"@id\":\"https:\/\/mekulo.com\/no\/#\/schema\/logo\/image\/\",\"url\":\"https:\/\/mekulo.com\/no\/wp-content\/uploads\/sites\/10\/2025\/12\/favicon_mekulo.png\",\"contentUrl\":\"https:\/\/mekulo.com\/no\/wp-content\/uploads\/sites\/10\/2025\/12\/favicon_mekulo.png\",\"width\":50,\"height\":50,\"caption\":\"Mekulo\"},\"image\":{\"@id\":\"https:\/\/mekulo.com\/no\/#\/schema\/logo\/image\/\"}}]}<\/script>\n<!-- \/ Yoast SEO plugin. -->","yoast_head_json":{"title":"D\u00f8rkilestopper - Mekulo NO","robots":{"index":"index","follow":"follow","max-snippet":"max-snippet:-1","max-image-preview":"max-image-preview:large","max-video-preview":"max-video-preview:-1"},"canonical":"https:\/\/mekulo.com\/no\/produkt\/dorkilestopper\/","og_locale":"nb_NO","og_type":"article","og_title":"D\u00f8rkilestopper - Mekulo NO","og_description":"Denne d\u00f8rkilestopperen er utformet for \u00e5 stoppe u\u00f8nskede d\u00f8rbevegelser samtidig som den reduserer st\u00f8y og beskytter vegger og gulv. Med magnetisk design uten boring og justerbar h\u00f8yde passer den til alle rom og d\u00f8rer, og er en enkel, holdbar og effektiv l\u00f8sning for daglig bruk.","og_url":"https:\/\/mekulo.com\/no\/produkt\/dorkilestopper\/","og_site_name":"Mekulo NO","article_modified_time":"2026-01-07T16:10:21+00:00","og_image":[{"width":800,"height":800,"url":"https:\/\/mekulo.com\/no\/wp-content\/uploads\/sites\/10\/2026\/01\/drhhol6-1.jpg","type":"image\/jpeg"}],"twitter_card":"summary_large_image","twitter_misc":{"Ansl. lesetid":"2 minutter"},"schema":{"@context":"https:\/\/schema.org","@graph":[{"@type":"WebPage","@id":"https:\/\/mekulo.com\/no\/produkt\/dorkilestopper\/","url":"https:\/\/mekulo.com\/no\/produkt\/dorkilestopper\/","name":"D\u00f8rkilestopper - Mekulo NO","isPartOf":{"@id":"https:\/\/mekulo.com\/no\/#website"},"primaryImageOfPage":{"@id":"https:\/\/mekulo.com\/no\/produkt\/dorkilestopper\/#primaryimage"},"image":{"@id":"https:\/\/mekulo.com\/no\/produkt\/dorkilestopper\/#primaryimage"},"thumbnailUrl":"https:\/\/mekulo.com\/no\/wp-content\/uploads\/sites\/10\/2026\/01\/drhhol6-1.jpg","datePublished":"2026-01-07T10:30:42+00:00","dateModified":"2026-01-07T16:10:21+00:00","breadcrumb":{"@id":"https:\/\/mekulo.com\/no\/produkt\/dorkilestopper\/#breadcrumb"},"inLanguage":"nb-NO","potentialAction":[{"@type":"ReadAction","target":["https:\/\/mekulo.com\/no\/produkt\/dorkilestopper\/"]}]},{"@type":"ImageObject","inLanguage":"nb-NO","@id":"https:\/\/mekulo.com\/no\/produkt\/dorkilestopper\/#primaryimage","url":"https:\/\/mekulo.com\/no\/wp-content\/uploads\/sites\/10\/2026\/01\/drhhol6-1.jpg","contentUrl":"https:\/\/mekulo.com\/no\/wp-content\/uploads\/sites\/10\/2026\/01\/drhhol6-1.jpg","width":800,"height":800},{"@type":"BreadcrumbList","@id":"https:\/\/mekulo.com\/no\/produkt\/dorkilestopper\/#breadcrumb","itemListElement":[{"@type":"ListItem","position":1,"name":"Home","item":"https:\/\/mekulo.com\/no\/"},{"@type":"ListItem","position":2,"name":"Butikk","item":"https:\/\/mekulo.com\/no\/butikk\/"},{"@type":"ListItem","position":3,"name":"D\u00f8rkilestopper"}]},{"@type":"WebSite","@id":"https:\/\/mekulo.com\/no\/#website","url":"https:\/\/mekulo.com\/no\/","name":"Mekulo NO","description":"","publisher":{"@id":"https:\/\/mekulo.com\/no\/#organization"},"potentialAction":[{"@type":"SearchAction","target":{"@type":"EntryPoint","urlTemplate":"https:\/\/mekulo.com\/no\/?s={search_term_string}"},"query-input":{"@type":"PropertyValueSpecification","valueRequired":true,"valueName":"search_term_string"}}],"inLanguage":"nb-NO"},{"@type":"Organization","@id":"https:\/\/mekulo.com\/no\/#organization","name":"Mekulo","url":"https:\/\/mekulo.com\/no\/","logo":{"@type":"ImageObject","inLanguage":"nb-NO","@id":"https:\/\/mekulo.com\/no\/#\/schema\/logo\/image\/","url":"https:\/\/mekulo.com\/no\/wp-content\/uploads\/sites\/10\/2025\/12\/favicon_mekulo.png","contentUrl":"https:\/\/mekulo.com\/no\/wp-content\/uploads\/sites\/10\/2025\/12\/favicon_mekulo.png","width":50,"height":50,"caption":"Mekulo"},"image":{"@id":"https:\/\/mekulo.com\/no\/#\/schema\/logo\/image\/"}}]}},"_links":{"self":[{"href":"https:\/\/mekulo.com\/no\/wp-json\/wp\/v2\/product\/15027","targetHints":{"allow":["GET"]}}],"collection":[{"href":"https:\/\/mekulo.com\/no\/wp-json\/wp\/v2\/product"}],"about":[{"href":"https:\/\/mekulo.com\/no\/wp-json\/wp\/v2\/types\/product"}],"replies":[{"embeddable":true,"href":"https:\/\/mekulo.com\/no\/wp-json\/wp\/v2\/comments?post=15027"}],"wp:featuredmedia":[{"embeddable":true,"href":"https:\/\/mekulo.com\/no\/wp-json\/wp\/v2\/media\/15023"}],"wp:attachment":[{"href":"https:\/\/mekulo.com\/no\/wp-json\/wp\/v2\/media?parent=15027"}],"wp:term":[{"taxonomy":"product_brand","embeddable":true,"href":"https:\/\/mekulo.com\/no\/wp-json\/wp\/v2\/product_brand?post=15027"},{"taxonomy":"product_cat","embeddable":true,"href":"https:\/\/mekulo.com\/no\/wp-json\/wp\/v2\/product_cat?post=15027"},{"taxonomy":"product_tag","embeddable":true,"href":"https:\/\/mekulo.com\/no\/wp-json\/wp\/v2\/product_tag?post=15027"}],"curies":[{"name":"wp","href":"https:\/\/api.w.org\/{rel}","templated":true}]}}