{"id":15017,"date":"2026-01-07T12:29:18","date_gmt":"2026-01-07T10:29:18","guid":{"rendered":"https:\/\/mekulo.com\/no\/produkt\/elektrisk-frukt-og-gronnsaksskreller\/"},"modified":"2026-01-07T18:08:43","modified_gmt":"2026-01-07T16:08:43","slug":"elektrisk-frukt-og-gronnsaksskreller","status":"publish","type":"product","link":"https:\/\/mekulo.com\/no\/produkt\/elektrisk-frukt-og-gronnsaksskreller\/","title":{"rendered":"Elektrisk frukt- og gr\u00f8nnsaksskreller"},"content":{"rendered":"<p style=\"text-align: center;\" data-start=\"0\" data-end=\"62\"><strong data-start=\"0\" data-end=\"60\">Skrell frukt og gr\u00f8nnsaker uten problemer &#8211; p\u00e5 sekunder! \ud83c\udf47<\/strong><\/p>\n<p data-start=\"64\" data-end=\"444\"><img decoding=\"async\" class=\"size-full wp-image-39991 aligncenter\" src=\"https:\/\/keluvo.com\/template\/wp-content\/uploads\/sites\/5\/2025\/11\/10226-ezgif.com-video-to-webp-converter.webp\" alt=\"\" \/><\/p>\n<h2 style=\"text-align: center;\" data-start=\"451\" data-end=\"473\">Hovedfordeler \ud83d\udcab<\/h2>\n<p data-start=\"476\" data-end=\"558\">\u26a1 H\u00f8yhastighets ytelse &#8211; skreller frukt p\u00e5 sekunder med en kraftig 50W motor.<\/p>\n<p data-start=\"561\" data-end=\"666\">\ud83d\udd2a Presise og effektive kniver &#8211; 200 mm rustfritt st\u00e5lblad fjerner huden uten \u00e5 skade frukten.<\/p>\n<p data-start=\"669\" data-end=\"731\">\ud83d\udca7 Enkel \u00e5 rengj\u00f8re &#8211; alle deler er avtakbare og vaskbare.<\/p>\n<p data-start=\"734\" data-end=\"821\">\ud83d\udd0b Tr\u00e5dl\u00f8s og oppladbar &#8211; innebygd 1300 mAh batteri for b\u00e6rbar, ledningsfri bruk.<\/p>\n<p data-start=\"824\" data-end=\"915\">\ud83d\udcaa Slitesterke materialer &#8211; laget av rustbestandig 304 rustfritt st\u00e5l og solid PC-plast.<\/p>\n<p data-start=\"918\" data-end=\"1001\">\ud83c\udf52 Allsidig bruk &#8211; perfekt til druer, cherrytomater og andre myke frukter.<\/p>\n<p data-start=\"918\" data-end=\"1001\"><img decoding=\"async\" class=\"size-full wp-image-39988 aligncenter\" src=\"https:\/\/keluvo.com\/template\/wp-content\/uploads\/sites\/5\/2025\/11\/10227-ezgif.com-video-to-webp-converter.webp\" alt=\"\" \/><\/p>\n<h2 style=\"text-align: center;\" data-start=\"1008\" data-end=\"1027\">Slik bruker du den \ud83d\udccc<\/h2>\n<ol data-start=\"1028\" data-end=\"1294\">\n<li data-start=\"1028\" data-end=\"1088\">\n<p data-start=\"1031\" data-end=\"1088\">Plasser frukten eller gr\u00f8nnsaken inne i skrellerkammeret.<\/p>\n<\/li>\n<li data-start=\"1089\" data-end=\"1148\">\n<p data-start=\"1092\" data-end=\"1148\">Trykk p\u00e5 startknappen med ett klikk for \u00e5 begynne \u00e5 skrelle.<\/p>\n<\/li>\n<li data-start=\"1149\" data-end=\"1221\">\n<p data-start=\"1152\" data-end=\"1221\">Vent noen sekunder mens de roterende bladene fjerner skallet jevnt.<\/p>\n<\/li>\n<li data-start=\"1222\" data-end=\"1294\">\n<p data-start=\"1225\" data-end=\"1294\">Fjern den skrellede frukten og skyll de avtakbare delene for rengj\u00f8ring.<\/p>\n<\/li>\n<\/ol>\n<h2 style=\"text-align: center;\" data-start=\"1301\" data-end=\"1325\">Produktdetaljer \ud83d\udccf<\/h2>\n<ul data-start=\"1326\" data-end=\"1694\">\n<li data-start=\"1326\" data-end=\"1388\">\n<p data-start=\"1328\" data-end=\"1388\">Materiale: PC + rustfritt st\u00e5l (304-grade, rustbestandig)<\/p>\n<\/li>\n<li data-start=\"1389\" data-end=\"1416\">\n<p data-start=\"1391\" data-end=\"1416\">Nominell spenning: 3,7V<\/p>\n<\/li>\n<li data-start=\"1417\" data-end=\"1450\">\n<p data-start=\"1419\" data-end=\"1450\">Ladespenning: 5V \/ 1A<\/p>\n<\/li>\n<li data-start=\"1451\" data-end=\"1469\">\n<p data-start=\"1453\" data-end=\"1469\">Peffekt: 50W<\/p>\n<\/li>\n<li data-start=\"1470\" data-end=\"1518\">\n<p data-start=\"1472\" data-end=\"1518\">Motorhastighet: 1300 omdreininger per minutt<\/p>\n<\/li>\n<li data-start=\"1519\" data-end=\"1567\">\n<p data-start=\"1521\" data-end=\"1567\">Batterikapasitet: 1300mAh (tr\u00e5dl\u00f8s bruk)<\/p>\n<\/li>\n<li data-start=\"1568\" data-end=\"1601\">\n<p data-start=\"1570\" data-end=\"1601\">St\u00f8rrelse: 20,3 x 20,3 x 23 cm<\/p>\n<\/li>\n<li data-start=\"1602\" data-end=\"1624\">\n<p data-start=\"1604\" data-end=\"1624\">Vekt: 0,8 kg<\/p>\n<\/li>\n<li data-start=\"1625\" data-end=\"1694\">\n<p data-start=\"1627\" data-end=\"1694\">Funksjoner: Ett-klikk betjening, enkel rengj\u00f8ring, h\u00f8y effektivitet<\/p>\n<\/li>\n<li data-start=\"1625\" data-end=\"1694\">Farge: Bl\u00e5<\/li>\n<\/ul>\n<h2 style=\"text-align: center;\" data-start=\"1701\" data-end=\"1726\">Pakken inkluderer \ud83d\udce6<\/h2>\n<ul data-start=\"1727\" data-end=\"1768\">\n<li data-start=\"1727\" data-end=\"1768\">\n<p data-start=\"1729\" data-end=\"1768\">1x elektrisk frukt &amp; gr\u00f8nnsaksskreller<\/p>\n<\/li>\n<li data-start=\"1727\" data-end=\"1768\">1x USB-kabel.<\/li>\n<\/ul>\n","protected":false},"excerpt":{"rendered":"<p>Denne elektriske frukt- og gr\u00f8nnsaksskrelleren gj\u00f8r skrellingen raskere, renere og mer effektiv enn noen gang. Den er designet med et roterende blad i rustfritt st\u00e5l som fjerner skallet fra druer, kirseb\u00e6r og andre delikate frukter p\u00e5 bare 20 sekunder &#8211; noe som sparer deg for tid og krefter p\u00e5 kj\u00f8kkenet. Perfekt for hjemmekokker og profesjonelle som \u00f8nsker konsistente resultater uten rot.<\/p>\n","protected":false},"featured_media":15013,"comment_status":"open","ping_status":"closed","template":"","meta":{"site-sidebar-layout":"default","site-content-layout":"","ast-site-content-layout":"default","site-content-style":"default","site-sidebar-style":"default","ast-global-header-display":"","ast-banner-title-visibility":"","ast-main-header-display":"","ast-hfb-above-header-display":"","ast-hfb-below-header-display":"","ast-hfb-mobile-header-display":"","site-post-title":"","ast-breadcrumbs-content":"","ast-featured-img":"","footer-sml-layout":"","theme-transparent-header-meta":"default","adv-header-id-meta":"","stick-header-meta":"","header-above-stick-meta":"","header-main-stick-meta":"","header-below-stick-meta":"","astra-migrate-meta-layouts":"set","ast-page-background-enabled":"default","ast-page-background-meta":{"desktop":{"background-color":"var(--ast-global-color-5)","background-image":"","background-repeat":"repeat","background-position":"center center","background-size":"auto","background-attachment":"scroll","background-type":"","background-media":"","overlay-type":"","overlay-color":"","overlay-opacity":"","overlay-gradient":""},"tablet":{"background-color":"","background-image":"","background-repeat":"repeat","background-position":"center center","background-size":"auto","background-attachment":"scroll","background-type":"","background-media":"","overlay-type":"","overlay-color":"","overlay-opacity":"","overlay-gradient":""},"mobile":{"background-color":"","background-image":"","background-repeat":"repeat","background-position":"center center","background-size":"auto","background-attachment":"scroll","background-type":"","background-media":"","overlay-type":"","overlay-color":"","overlay-opacity":"","overlay-gradient":""}},"ast-content-background-meta":{"desktop":{"background-color":"var(--ast-global-color-4)","background-image":"","background-repeat":"repeat","background-position":"center center","background-size":"auto","background-attachment":"scroll","background-type":"","background-media":"","overlay-type":"","overlay-color":"","overlay-opacity":"","overlay-gradient":""},"tablet":{"background-color":"var(--ast-global-color-4)","background-image":"","background-repeat":"repeat","background-position":"center center","background-size":"auto","background-attachment":"scroll","background-type":"","background-media":"","overlay-type":"","overlay-color":"","overlay-opacity":"","overlay-gradient":""},"mobile":{"background-color":"var(--ast-global-color-4)","background-image":"","background-repeat":"repeat","background-position":"center center","background-size":"auto","background-attachment":"scroll","background-type":"","background-media":"","overlay-type":"","overlay-color":"","overlay-opacity":"","overlay-gradient":""}}},"product_brand":[],"product_cat":[168],"product_tag":[],"class_list":{"0":"post-15017","1":"product","2":"type-product","3":"status-publish","4":"has-post-thumbnail","6":"product_cat-husholdningsartikler","7":"desktop-align-left","8":"tablet-align-left","9":"mobile-align-left","11":"first","12":"instock","13":"shipping-taxable","14":"purchasable","15":"product-type-simple"},"yoast_head":"<!-- This site is optimized with the Yoast SEO plugin v26.6 - https:\/\/yoast.com\/wordpress\/plugins\/seo\/ -->\n<title>Elektrisk frukt- og gr\u00f8nnsaksskreller - Mekulo NO<\/title>\n<meta name=\"robots\" content=\"index, follow, max-snippet:-1, max-image-preview:large, max-video-preview:-1\" \/>\n<link rel=\"canonical\" href=\"https:\/\/mekulo.com\/no\/produkt\/elektrisk-frukt-og-gronnsaksskreller\/\" \/>\n<meta property=\"og:locale\" content=\"nb_NO\" \/>\n<meta property=\"og:type\" content=\"article\" \/>\n<meta property=\"og:title\" content=\"Elektrisk frukt- og gr\u00f8nnsaksskreller - Mekulo NO\" \/>\n<meta property=\"og:description\" content=\"Denne elektriske frukt- og gr\u00f8nnsaksskrelleren gj\u00f8r skrellingen raskere, renere og mer effektiv enn noen gang. Den er designet med et roterende blad i rustfritt st\u00e5l som fjerner skallet fra druer, kirseb\u00e6r og andre delikate frukter p\u00e5 bare 20 sekunder - noe som sparer deg for tid og krefter p\u00e5 kj\u00f8kkenet. Perfekt for hjemmekokker og profesjonelle som \u00f8nsker konsistente resultater uten rot.\" \/>\n<meta property=\"og:url\" content=\"https:\/\/mekulo.com\/no\/produkt\/elektrisk-frukt-og-gronnsaksskreller\/\" \/>\n<meta property=\"og:site_name\" content=\"Mekulo NO\" \/>\n<meta property=\"article:modified_time\" content=\"2026-01-07T16:08:43+00:00\" \/>\n<meta property=\"og:image\" content=\"https:\/\/mekulo.com\/no\/wp-content\/uploads\/sites\/10\/2026\/01\/ssz33ub-1.jpg\" \/>\n\t<meta property=\"og:image:width\" content=\"1080\" \/>\n\t<meta property=\"og:image:height\" content=\"1080\" \/>\n\t<meta property=\"og:image:type\" content=\"image\/jpeg\" \/>\n<meta name=\"twitter:card\" content=\"summary_large_image\" \/>\n<meta name=\"twitter:label1\" content=\"Ansl. lesetid\" \/>\n\t<meta name=\"twitter:data1\" content=\"2 minutter\" \/>\n<script type=\"application\/ld+json\" class=\"yoast-schema-graph\">{\"@context\":\"https:\/\/schema.org\",\"@graph\":[{\"@type\":\"WebPage\",\"@id\":\"https:\/\/mekulo.com\/no\/produkt\/elektrisk-frukt-og-gronnsaksskreller\/\",\"url\":\"https:\/\/mekulo.com\/no\/produkt\/elektrisk-frukt-og-gronnsaksskreller\/\",\"name\":\"Elektrisk frukt- og gr\u00f8nnsaksskreller - Mekulo NO\",\"isPartOf\":{\"@id\":\"https:\/\/mekulo.com\/no\/#website\"},\"primaryImageOfPage\":{\"@id\":\"https:\/\/mekulo.com\/no\/produkt\/elektrisk-frukt-og-gronnsaksskreller\/#primaryimage\"},\"image\":{\"@id\":\"https:\/\/mekulo.com\/no\/produkt\/elektrisk-frukt-og-gronnsaksskreller\/#primaryimage\"},\"thumbnailUrl\":\"https:\/\/mekulo.com\/no\/wp-content\/uploads\/sites\/10\/2026\/01\/ssz33ub-1.jpg\",\"datePublished\":\"2026-01-07T10:29:18+00:00\",\"dateModified\":\"2026-01-07T16:08:43+00:00\",\"breadcrumb\":{\"@id\":\"https:\/\/mekulo.com\/no\/produkt\/elektrisk-frukt-og-gronnsaksskreller\/#breadcrumb\"},\"inLanguage\":\"nb-NO\",\"potentialAction\":[{\"@type\":\"ReadAction\",\"target\":[\"https:\/\/mekulo.com\/no\/produkt\/elektrisk-frukt-og-gronnsaksskreller\/\"]}]},{\"@type\":\"ImageObject\",\"inLanguage\":\"nb-NO\",\"@id\":\"https:\/\/mekulo.com\/no\/produkt\/elektrisk-frukt-og-gronnsaksskreller\/#primaryimage\",\"url\":\"https:\/\/mekulo.com\/no\/wp-content\/uploads\/sites\/10\/2026\/01\/ssz33ub-1.jpg\",\"contentUrl\":\"https:\/\/mekulo.com\/no\/wp-content\/uploads\/sites\/10\/2026\/01\/ssz33ub-1.jpg\",\"width\":1080,\"height\":1080},{\"@type\":\"BreadcrumbList\",\"@id\":\"https:\/\/mekulo.com\/no\/produkt\/elektrisk-frukt-og-gronnsaksskreller\/#breadcrumb\",\"itemListElement\":[{\"@type\":\"ListItem\",\"position\":1,\"name\":\"Home\",\"item\":\"https:\/\/mekulo.com\/no\/\"},{\"@type\":\"ListItem\",\"position\":2,\"name\":\"Butikk\",\"item\":\"https:\/\/mekulo.com\/no\/butikk\/\"},{\"@type\":\"ListItem\",\"position\":3,\"name\":\"Elektrisk frukt- og gr\u00f8nnsaksskreller\"}]},{\"@type\":\"WebSite\",\"@id\":\"https:\/\/mekulo.com\/no\/#website\",\"url\":\"https:\/\/mekulo.com\/no\/\",\"name\":\"Mekulo NO\",\"description\":\"\",\"publisher\":{\"@id\":\"https:\/\/mekulo.com\/no\/#organization\"},\"potentialAction\":[{\"@type\":\"SearchAction\",\"target\":{\"@type\":\"EntryPoint\",\"urlTemplate\":\"https:\/\/mekulo.com\/no\/?s={search_term_string}\"},\"query-input\":{\"@type\":\"PropertyValueSpecification\",\"valueRequired\":true,\"valueName\":\"search_term_string\"}}],\"inLanguage\":\"nb-NO\"},{\"@type\":\"Organization\",\"@id\":\"https:\/\/mekulo.com\/no\/#organization\",\"name\":\"Mekulo\",\"url\":\"https:\/\/mekulo.com\/no\/\",\"logo\":{\"@type\":\"ImageObject\",\"inLanguage\":\"nb-NO\",\"@id\":\"https:\/\/mekulo.com\/no\/#\/schema\/logo\/image\/\",\"url\":\"https:\/\/mekulo.com\/no\/wp-content\/uploads\/sites\/10\/2025\/12\/favicon_mekulo.png\",\"contentUrl\":\"https:\/\/mekulo.com\/no\/wp-content\/uploads\/sites\/10\/2025\/12\/favicon_mekulo.png\",\"width\":50,\"height\":50,\"caption\":\"Mekulo\"},\"image\":{\"@id\":\"https:\/\/mekulo.com\/no\/#\/schema\/logo\/image\/\"}}]}<\/script>\n<!-- \/ Yoast SEO plugin. -->","yoast_head_json":{"title":"Elektrisk frukt- og gr\u00f8nnsaksskreller - Mekulo NO","robots":{"index":"index","follow":"follow","max-snippet":"max-snippet:-1","max-image-preview":"max-image-preview:large","max-video-preview":"max-video-preview:-1"},"canonical":"https:\/\/mekulo.com\/no\/produkt\/elektrisk-frukt-og-gronnsaksskreller\/","og_locale":"nb_NO","og_type":"article","og_title":"Elektrisk frukt- og gr\u00f8nnsaksskreller - Mekulo NO","og_description":"Denne elektriske frukt- og gr\u00f8nnsaksskrelleren gj\u00f8r skrellingen raskere, renere og mer effektiv enn noen gang. Den er designet med et roterende blad i rustfritt st\u00e5l som fjerner skallet fra druer, kirseb\u00e6r og andre delikate frukter p\u00e5 bare 20 sekunder - noe som sparer deg for tid og krefter p\u00e5 kj\u00f8kkenet. Perfekt for hjemmekokker og profesjonelle som \u00f8nsker konsistente resultater uten rot.","og_url":"https:\/\/mekulo.com\/no\/produkt\/elektrisk-frukt-og-gronnsaksskreller\/","og_site_name":"Mekulo NO","article_modified_time":"2026-01-07T16:08:43+00:00","og_image":[{"width":1080,"height":1080,"url":"https:\/\/mekulo.com\/no\/wp-content\/uploads\/sites\/10\/2026\/01\/ssz33ub-1.jpg","type":"image\/jpeg"}],"twitter_card":"summary_large_image","twitter_misc":{"Ansl. lesetid":"2 minutter"},"schema":{"@context":"https:\/\/schema.org","@graph":[{"@type":"WebPage","@id":"https:\/\/mekulo.com\/no\/produkt\/elektrisk-frukt-og-gronnsaksskreller\/","url":"https:\/\/mekulo.com\/no\/produkt\/elektrisk-frukt-og-gronnsaksskreller\/","name":"Elektrisk frukt- og gr\u00f8nnsaksskreller - Mekulo NO","isPartOf":{"@id":"https:\/\/mekulo.com\/no\/#website"},"primaryImageOfPage":{"@id":"https:\/\/mekulo.com\/no\/produkt\/elektrisk-frukt-og-gronnsaksskreller\/#primaryimage"},"image":{"@id":"https:\/\/mekulo.com\/no\/produkt\/elektrisk-frukt-og-gronnsaksskreller\/#primaryimage"},"thumbnailUrl":"https:\/\/mekulo.com\/no\/wp-content\/uploads\/sites\/10\/2026\/01\/ssz33ub-1.jpg","datePublished":"2026-01-07T10:29:18+00:00","dateModified":"2026-01-07T16:08:43+00:00","breadcrumb":{"@id":"https:\/\/mekulo.com\/no\/produkt\/elektrisk-frukt-og-gronnsaksskreller\/#breadcrumb"},"inLanguage":"nb-NO","potentialAction":[{"@type":"ReadAction","target":["https:\/\/mekulo.com\/no\/produkt\/elektrisk-frukt-og-gronnsaksskreller\/"]}]},{"@type":"ImageObject","inLanguage":"nb-NO","@id":"https:\/\/mekulo.com\/no\/produkt\/elektrisk-frukt-og-gronnsaksskreller\/#primaryimage","url":"https:\/\/mekulo.com\/no\/wp-content\/uploads\/sites\/10\/2026\/01\/ssz33ub-1.jpg","contentUrl":"https:\/\/mekulo.com\/no\/wp-content\/uploads\/sites\/10\/2026\/01\/ssz33ub-1.jpg","width":1080,"height":1080},{"@type":"BreadcrumbList","@id":"https:\/\/mekulo.com\/no\/produkt\/elektrisk-frukt-og-gronnsaksskreller\/#breadcrumb","itemListElement":[{"@type":"ListItem","position":1,"name":"Home","item":"https:\/\/mekulo.com\/no\/"},{"@type":"ListItem","position":2,"name":"Butikk","item":"https:\/\/mekulo.com\/no\/butikk\/"},{"@type":"ListItem","position":3,"name":"Elektrisk frukt- og gr\u00f8nnsaksskreller"}]},{"@type":"WebSite","@id":"https:\/\/mekulo.com\/no\/#website","url":"https:\/\/mekulo.com\/no\/","name":"Mekulo NO","description":"","publisher":{"@id":"https:\/\/mekulo.com\/no\/#organization"},"potentialAction":[{"@type":"SearchAction","target":{"@type":"EntryPoint","urlTemplate":"https:\/\/mekulo.com\/no\/?s={search_term_string}"},"query-input":{"@type":"PropertyValueSpecification","valueRequired":true,"valueName":"search_term_string"}}],"inLanguage":"nb-NO"},{"@type":"Organization","@id":"https:\/\/mekulo.com\/no\/#organization","name":"Mekulo","url":"https:\/\/mekulo.com\/no\/","logo":{"@type":"ImageObject","inLanguage":"nb-NO","@id":"https:\/\/mekulo.com\/no\/#\/schema\/logo\/image\/","url":"https:\/\/mekulo.com\/no\/wp-content\/uploads\/sites\/10\/2025\/12\/favicon_mekulo.png","contentUrl":"https:\/\/mekulo.com\/no\/wp-content\/uploads\/sites\/10\/2025\/12\/favicon_mekulo.png","width":50,"height":50,"caption":"Mekulo"},"image":{"@id":"https:\/\/mekulo.com\/no\/#\/schema\/logo\/image\/"}}]}},"_links":{"self":[{"href":"https:\/\/mekulo.com\/no\/wp-json\/wp\/v2\/product\/15017","targetHints":{"allow":["GET"]}}],"collection":[{"href":"https:\/\/mekulo.com\/no\/wp-json\/wp\/v2\/product"}],"about":[{"href":"https:\/\/mekulo.com\/no\/wp-json\/wp\/v2\/types\/product"}],"replies":[{"embeddable":true,"href":"https:\/\/mekulo.com\/no\/wp-json\/wp\/v2\/comments?post=15017"}],"wp:featuredmedia":[{"embeddable":true,"href":"https:\/\/mekulo.com\/no\/wp-json\/wp\/v2\/media\/15013"}],"wp:attachment":[{"href":"https:\/\/mekulo.com\/no\/wp-json\/wp\/v2\/media?parent=15017"}],"wp:term":[{"taxonomy":"product_brand","embeddable":true,"href":"https:\/\/mekulo.com\/no\/wp-json\/wp\/v2\/product_brand?post=15017"},{"taxonomy":"product_cat","embeddable":true,"href":"https:\/\/mekulo.com\/no\/wp-json\/wp\/v2\/product_cat?post=15017"},{"taxonomy":"product_tag","embeddable":true,"href":"https:\/\/mekulo.com\/no\/wp-json\/wp\/v2\/product_tag?post=15017"}],"curies":[{"name":"wp","href":"https:\/\/api.w.org\/{rel}","templated":true}]}}