{"id":14936,"date":"2026-01-07T12:23:01","date_gmt":"2026-01-07T10:23:01","guid":{"rendered":"https:\/\/mekulo.com\/no\/produkt\/magnetisk-brokinnlaeringssett\/"},"modified":"2026-01-07T12:23:08","modified_gmt":"2026-01-07T10:23:08","slug":"magnetisk-brokinnlaeringssett","status":"publish","type":"product","link":"https:\/\/mekulo.com\/no\/produkt\/magnetisk-brokinnlaeringssett\/","title":{"rendered":"Magnetisk br\u00f8kinnl\u00e6ringssett"},"content":{"rendered":"<p style=\"text-align: center\" data-start=\"136\" data-end=\"182\"><strong>Gj\u00f8r Det Morsomt Og Enkelt \u00c5 L\u00e6re Br\u00f8kdeler \ud83c\udf93\ud83e\uddf2<\/strong><\/p>\n<p data-start=\"184\" data-end=\"388\"><img decoding=\"async\" class=\"size-full wp-image-35784 aligncenter\" src=\"https:\/\/keluvo.com\/template\/wp-content\/uploads\/sites\/5\/2025\/09\/PracticeMath-White-1280x1280-min.jpg\" alt=\"\" \/><\/p>\n<h2 style=\"text-align: center\" data-start=\"390\" data-end=\"412\">Hovedfordeler \ud83c\udf1f<\/h2>\n<p data-start=\"415\" data-end=\"476\">\ud83c\udfaf Hjelper barn med \u00e5 forst\u00e5 br\u00f8kdeler raskt gjennom lek<\/p>\n<p data-start=\"479\" data-end=\"525\">\ud83e\udde0 Forbedrer matteferdigheter og logisk tenkning<\/p>\n<p data-start=\"528\" data-end=\"587\">\ud83c\udfa8 Lyse, fargerike brikker gj\u00f8r l\u00e6ringen engasjerende og morsom<\/p>\n<p data-start=\"590\" data-end=\"647\">\ud83e\uddf2 Magnetisk design holder delene p\u00e5 plass og er enkle \u00e5 use<\/p>\n<p data-start=\"650\" data-end=\"702\">\ud83d\udc69\u200d\ud83c\udfeb Flott for l\u00e6ringsaktiviteter hjemme eller p\u00e5 skolen<\/p>\n<p data-start=\"650\" data-end=\"702\"><img decoding=\"async\" class=\"size-full wp-image-35782 aligncenter\" src=\"https:\/\/keluvo.com\/template\/wp-content\/uploads\/sites\/5\/2025\/09\/PracticeMath-Info-2-1280x1280-min-1.jpg\" alt=\"\" \/><\/p>\n<h2 style=\"text-align: center\" data-start=\"704\" data-end=\"723\">Slik Bruker Du Det \ud83d\udc47<\/h2>\n<ol data-start=\"724\" data-end=\"946\">\n<li data-start=\"724\" data-end=\"772\">\n<p data-start=\"727\" data-end=\"772\">Plasser magnettavlen p\u00e5 en flat overflate.<\/p>\n<\/li>\n<li data-start=\"773\" data-end=\"832\">\n<p data-start=\"776\" data-end=\"832\">Bruk br\u00f8kflisene til \u00e5 bygge og sammenligne br\u00f8ker.<\/p>\n<\/li>\n<li data-start=\"833\" data-end=\"888\">\n<p data-start=\"836\" data-end=\"888\">Pr\u00f8v \u00e5 matche flisene med kakediagrammets design.<\/p>\n<\/li>\n<li data-start=\"889\" data-end=\"946\">\n<p data-start=\"892\" data-end=\"946\">L\u00e6r ved \u00e5 leke med venner, foreldre eller l\u00e6rere.<\/p>\n<\/li>\n<\/ol>\n<h2 style=\"text-align: center\" data-start=\"948\" data-end=\"972\">Produktdetaljer \ud83d\udccf<\/h2>\n<ul data-start=\"973\" data-end=\"1156\">\n<li data-start=\"973\" data-end=\"1031\">\n<p data-start=\"975\" data-end=\"1031\">Materiale: slitesterk, barnesikker magnettavle og fliser<\/p>\n<\/li>\n<li data-start=\"1032\" data-end=\"1079\">\n<p data-start=\"1034\" data-end=\"1079\">Inkluderer: br\u00f8kfliser + kakediagramtavler<\/p>\n<\/li>\n<li data-start=\"1080\" data-end=\"1131\">\n<p data-start=\"1082\" data-end=\"1131\">\u00c5 brukes og varer lenge for daglig praksis<\/p>\n<\/li>\n<li data-start=\"1132\" data-end=\"1156\">\n<p data-start=\"1134\" data-end=\"1156\">Egnet for 3+<\/p>\n<\/li>\n<\/ul>\n<h2 style=\"text-align: center\" data-start=\"1372\" data-end=\"1397\">Pakken Inkluderer \ud83c\udf81<\/h2>\n<ul data-start=\"1398\" data-end=\"1478\">\n<li data-start=\"1398\" data-end=\"1419\">\n<p data-start=\"1400\" data-end=\"1419\">1x magnettavle<\/p>\n<\/li>\n<li data-start=\"1420\" data-end=\"1448\">\n<p data-start=\"1422\" data-end=\"1448\">1x sett med br\u00f8kfliser<\/p>\n<\/li>\n<li data-start=\"1449\" data-end=\"1478\">\n<p data-start=\"1451\" data-end=\"1478\">1x kakediagram l\u00e6ringssett<\/p>\n<\/li>\n<li data-start=\"1449\" data-end=\"1478\">\n<p data-start=\"1451\" data-end=\"1478\">1x penn.<\/p>\n<\/li>\n<\/ul>\n","protected":false},"excerpt":{"rendered":"<p>Gj\u00f8r vanskelig matematikk om til en fargerik lek! Dette magnetiske br\u00f8kinnl\u00e6ringssettet hjelper barn \u00e5 forst\u00e5 br\u00f8k trinn for trinn gjennom praktisk lek. Perfekt for hjemmel\u00e6ring, hjemmeundervisning eller bruk i klasserommet.<\/p>\n","protected":false},"featured_media":14932,"comment_status":"open","ping_status":"closed","template":"","meta":{"site-sidebar-layout":"default","site-content-layout":"","ast-site-content-layout":"default","site-content-style":"default","site-sidebar-style":"default","ast-global-header-display":"","ast-banner-title-visibility":"","ast-main-header-display":"","ast-hfb-above-header-display":"","ast-hfb-below-header-display":"","ast-hfb-mobile-header-display":"","site-post-title":"","ast-breadcrumbs-content":"","ast-featured-img":"","footer-sml-layout":"","ast-disable-related-posts":"","theme-transparent-header-meta":"default","adv-header-id-meta":"","stick-header-meta":"","header-above-stick-meta":"","header-main-stick-meta":"","header-below-stick-meta":"","astra-migrate-meta-layouts":"set","ast-page-background-enabled":"default","ast-page-background-meta":{"desktop":{"background-color":"var(--ast-global-color-5)","background-image":"","background-repeat":"repeat","background-position":"center center","background-size":"auto","background-attachment":"scroll","background-type":"","background-media":"","overlay-type":"","overlay-color":"","overlay-opacity":"","overlay-gradient":""},"tablet":{"background-color":"","background-image":"","background-repeat":"repeat","background-position":"center center","background-size":"auto","background-attachment":"scroll","background-type":"","background-media":"","overlay-type":"","overlay-color":"","overlay-opacity":"","overlay-gradient":""},"mobile":{"background-color":"","background-image":"","background-repeat":"repeat","background-position":"center center","background-size":"auto","background-attachment":"scroll","background-type":"","background-media":"","overlay-type":"","overlay-color":"","overlay-opacity":"","overlay-gradient":""}},"ast-content-background-meta":{"desktop":{"background-color":"var(--ast-global-color-4)","background-image":"","background-repeat":"repeat","background-position":"center center","background-size":"auto","background-attachment":"scroll","background-type":"","background-media":"","overlay-type":"","overlay-color":"","overlay-opacity":"","overlay-gradient":""},"tablet":{"background-color":"var(--ast-global-color-4)","background-image":"","background-repeat":"repeat","background-position":"center center","background-size":"auto","background-attachment":"scroll","background-type":"","background-media":"","overlay-type":"","overlay-color":"","overlay-opacity":"","overlay-gradient":""},"mobile":{"background-color":"var(--ast-global-color-4)","background-image":"","background-repeat":"repeat","background-position":"center center","background-size":"auto","background-attachment":"scroll","background-type":"","background-media":"","overlay-type":"","overlay-color":"","overlay-opacity":"","overlay-gradient":""}}},"product_brand":[],"product_cat":[172],"product_tag":[],"class_list":{"0":"post-14936","1":"product","2":"type-product","3":"status-publish","4":"has-post-thumbnail","6":"product_cat-leker-barne-og-babyprodukter","7":"pa_43041_mzcqle8u-bunny","8":"pa_43041_mzcqle8u-zebra","9":"desktop-align-left","10":"tablet-align-left","11":"mobile-align-left","13":"first","14":"instock","15":"shipping-taxable","16":"purchasable","17":"product-type-variable"},"yoast_head":"<!-- This site is optimized with the Yoast SEO plugin v27.4 - https:\/\/yoast.com\/product\/yoast-seo-wordpress\/ -->\n<title>Magnetisk br\u00f8kinnl\u00e6ringssett - Mekulo NO<\/title>\n<meta name=\"robots\" content=\"index, follow, max-snippet:-1, max-image-preview:large, max-video-preview:-1\" \/>\n<link rel=\"canonical\" href=\"https:\/\/mekulo.com\/no\/produkt\/magnetisk-brokinnlaeringssett\/\" \/>\n<meta property=\"og:locale\" content=\"nb_NO\" \/>\n<meta property=\"og:type\" content=\"article\" \/>\n<meta property=\"og:title\" content=\"Magnetisk br\u00f8kinnl\u00e6ringssett - Mekulo NO\" \/>\n<meta property=\"og:description\" content=\"Gj\u00f8r vanskelig matematikk om til en fargerik lek! Dette magnetiske br\u00f8kinnl\u00e6ringssettet hjelper barn \u00e5 forst\u00e5 br\u00f8k trinn for trinn gjennom praktisk lek. Perfekt for hjemmel\u00e6ring, hjemmeundervisning eller bruk i klasserommet.\" \/>\n<meta property=\"og:url\" content=\"https:\/\/mekulo.com\/no\/produkt\/magnetisk-brokinnlaeringssett\/\" \/>\n<meta property=\"og:site_name\" content=\"Mekulo NO\" \/>\n<meta property=\"article:modified_time\" content=\"2026-01-07T10:23:08+00:00\" \/>\n<meta property=\"og:image\" content=\"https:\/\/mekulo.com\/no\/wp-content\/uploads\/sites\/10\/2026\/01\/cqmj741-1.jpg\" \/>\n\t<meta property=\"og:image:width\" content=\"1280\" \/>\n\t<meta property=\"og:image:height\" content=\"1280\" \/>\n\t<meta property=\"og:image:type\" content=\"image\/jpeg\" \/>\n<meta name=\"twitter:card\" content=\"summary_large_image\" \/>\n<meta name=\"twitter:label1\" content=\"Ansl. lesetid\" \/>\n\t<meta name=\"twitter:data1\" content=\"2 minutter\" \/>\n<script type=\"application\/ld+json\" class=\"yoast-schema-graph\">{\"@context\":\"https:\\\/\\\/schema.org\",\"@graph\":[{\"@type\":\"WebPage\",\"@id\":\"https:\\\/\\\/mekulo.com\\\/no\\\/produkt\\\/magnetisk-brokinnlaeringssett\\\/\",\"url\":\"https:\\\/\\\/mekulo.com\\\/no\\\/produkt\\\/magnetisk-brokinnlaeringssett\\\/\",\"name\":\"Magnetisk br\u00f8kinnl\u00e6ringssett - Mekulo NO\",\"isPartOf\":{\"@id\":\"https:\\\/\\\/mekulo.com\\\/no\\\/#website\"},\"primaryImageOfPage\":{\"@id\":\"https:\\\/\\\/mekulo.com\\\/no\\\/produkt\\\/magnetisk-brokinnlaeringssett\\\/#primaryimage\"},\"image\":{\"@id\":\"https:\\\/\\\/mekulo.com\\\/no\\\/produkt\\\/magnetisk-brokinnlaeringssett\\\/#primaryimage\"},\"thumbnailUrl\":\"https:\\\/\\\/mekulo.com\\\/no\\\/wp-content\\\/uploads\\\/sites\\\/10\\\/2026\\\/01\\\/cqmj741-1.jpg\",\"datePublished\":\"2026-01-07T10:23:01+00:00\",\"dateModified\":\"2026-01-07T10:23:08+00:00\",\"breadcrumb\":{\"@id\":\"https:\\\/\\\/mekulo.com\\\/no\\\/produkt\\\/magnetisk-brokinnlaeringssett\\\/#breadcrumb\"},\"inLanguage\":\"nb-NO\",\"potentialAction\":[{\"@type\":\"ReadAction\",\"target\":[\"https:\\\/\\\/mekulo.com\\\/no\\\/produkt\\\/magnetisk-brokinnlaeringssett\\\/\"]}]},{\"@type\":\"ImageObject\",\"inLanguage\":\"nb-NO\",\"@id\":\"https:\\\/\\\/mekulo.com\\\/no\\\/produkt\\\/magnetisk-brokinnlaeringssett\\\/#primaryimage\",\"url\":\"https:\\\/\\\/mekulo.com\\\/no\\\/wp-content\\\/uploads\\\/sites\\\/10\\\/2026\\\/01\\\/cqmj741-1.jpg\",\"contentUrl\":\"https:\\\/\\\/mekulo.com\\\/no\\\/wp-content\\\/uploads\\\/sites\\\/10\\\/2026\\\/01\\\/cqmj741-1.jpg\",\"width\":1280,\"height\":1280},{\"@type\":\"BreadcrumbList\",\"@id\":\"https:\\\/\\\/mekulo.com\\\/no\\\/produkt\\\/magnetisk-brokinnlaeringssett\\\/#breadcrumb\",\"itemListElement\":[{\"@type\":\"ListItem\",\"position\":1,\"name\":\"Home\",\"item\":\"https:\\\/\\\/mekulo.com\\\/no\\\/\"},{\"@type\":\"ListItem\",\"position\":2,\"name\":\"Butikk\",\"item\":\"https:\\\/\\\/mekulo.com\\\/no\\\/butikk\\\/\"},{\"@type\":\"ListItem\",\"position\":3,\"name\":\"Magnetisk br\u00f8kinnl\u00e6ringssett\"}]},{\"@type\":\"WebSite\",\"@id\":\"https:\\\/\\\/mekulo.com\\\/no\\\/#website\",\"url\":\"https:\\\/\\\/mekulo.com\\\/no\\\/\",\"name\":\"Mekulo NO\",\"description\":\"\",\"publisher\":{\"@id\":\"https:\\\/\\\/mekulo.com\\\/no\\\/#organization\"},\"potentialAction\":[{\"@type\":\"SearchAction\",\"target\":{\"@type\":\"EntryPoint\",\"urlTemplate\":\"https:\\\/\\\/mekulo.com\\\/no\\\/?s={search_term_string}\"},\"query-input\":{\"@type\":\"PropertyValueSpecification\",\"valueRequired\":true,\"valueName\":\"search_term_string\"}}],\"inLanguage\":\"nb-NO\"},{\"@type\":\"Organization\",\"@id\":\"https:\\\/\\\/mekulo.com\\\/no\\\/#organization\",\"name\":\"Mekulo\",\"url\":\"https:\\\/\\\/mekulo.com\\\/no\\\/\",\"logo\":{\"@type\":\"ImageObject\",\"inLanguage\":\"nb-NO\",\"@id\":\"https:\\\/\\\/mekulo.com\\\/no\\\/#\\\/schema\\\/logo\\\/image\\\/\",\"url\":\"https:\\\/\\\/mekulo.com\\\/no\\\/wp-content\\\/uploads\\\/sites\\\/10\\\/2025\\\/12\\\/favicon_mekulo.png\",\"contentUrl\":\"https:\\\/\\\/mekulo.com\\\/no\\\/wp-content\\\/uploads\\\/sites\\\/10\\\/2025\\\/12\\\/favicon_mekulo.png\",\"width\":50,\"height\":50,\"caption\":\"Mekulo\"},\"image\":{\"@id\":\"https:\\\/\\\/mekulo.com\\\/no\\\/#\\\/schema\\\/logo\\\/image\\\/\"}}]}<\/script>\n<!-- \/ Yoast SEO plugin. -->","yoast_head_json":{"title":"Magnetisk br\u00f8kinnl\u00e6ringssett - Mekulo NO","robots":{"index":"index","follow":"follow","max-snippet":"max-snippet:-1","max-image-preview":"max-image-preview:large","max-video-preview":"max-video-preview:-1"},"canonical":"https:\/\/mekulo.com\/no\/produkt\/magnetisk-brokinnlaeringssett\/","og_locale":"nb_NO","og_type":"article","og_title":"Magnetisk br\u00f8kinnl\u00e6ringssett - Mekulo NO","og_description":"Gj\u00f8r vanskelig matematikk om til en fargerik lek! Dette magnetiske br\u00f8kinnl\u00e6ringssettet hjelper barn \u00e5 forst\u00e5 br\u00f8k trinn for trinn gjennom praktisk lek. Perfekt for hjemmel\u00e6ring, hjemmeundervisning eller bruk i klasserommet.","og_url":"https:\/\/mekulo.com\/no\/produkt\/magnetisk-brokinnlaeringssett\/","og_site_name":"Mekulo NO","article_modified_time":"2026-01-07T10:23:08+00:00","og_image":[{"width":1280,"height":1280,"url":"https:\/\/mekulo.com\/no\/wp-content\/uploads\/sites\/10\/2026\/01\/cqmj741-1.jpg","type":"image\/jpeg"}],"twitter_card":"summary_large_image","twitter_misc":{"Ansl. lesetid":"2 minutter"},"schema":{"@context":"https:\/\/schema.org","@graph":[{"@type":"WebPage","@id":"https:\/\/mekulo.com\/no\/produkt\/magnetisk-brokinnlaeringssett\/","url":"https:\/\/mekulo.com\/no\/produkt\/magnetisk-brokinnlaeringssett\/","name":"Magnetisk br\u00f8kinnl\u00e6ringssett - Mekulo NO","isPartOf":{"@id":"https:\/\/mekulo.com\/no\/#website"},"primaryImageOfPage":{"@id":"https:\/\/mekulo.com\/no\/produkt\/magnetisk-brokinnlaeringssett\/#primaryimage"},"image":{"@id":"https:\/\/mekulo.com\/no\/produkt\/magnetisk-brokinnlaeringssett\/#primaryimage"},"thumbnailUrl":"https:\/\/mekulo.com\/no\/wp-content\/uploads\/sites\/10\/2026\/01\/cqmj741-1.jpg","datePublished":"2026-01-07T10:23:01+00:00","dateModified":"2026-01-07T10:23:08+00:00","breadcrumb":{"@id":"https:\/\/mekulo.com\/no\/produkt\/magnetisk-brokinnlaeringssett\/#breadcrumb"},"inLanguage":"nb-NO","potentialAction":[{"@type":"ReadAction","target":["https:\/\/mekulo.com\/no\/produkt\/magnetisk-brokinnlaeringssett\/"]}]},{"@type":"ImageObject","inLanguage":"nb-NO","@id":"https:\/\/mekulo.com\/no\/produkt\/magnetisk-brokinnlaeringssett\/#primaryimage","url":"https:\/\/mekulo.com\/no\/wp-content\/uploads\/sites\/10\/2026\/01\/cqmj741-1.jpg","contentUrl":"https:\/\/mekulo.com\/no\/wp-content\/uploads\/sites\/10\/2026\/01\/cqmj741-1.jpg","width":1280,"height":1280},{"@type":"BreadcrumbList","@id":"https:\/\/mekulo.com\/no\/produkt\/magnetisk-brokinnlaeringssett\/#breadcrumb","itemListElement":[{"@type":"ListItem","position":1,"name":"Home","item":"https:\/\/mekulo.com\/no\/"},{"@type":"ListItem","position":2,"name":"Butikk","item":"https:\/\/mekulo.com\/no\/butikk\/"},{"@type":"ListItem","position":3,"name":"Magnetisk br\u00f8kinnl\u00e6ringssett"}]},{"@type":"WebSite","@id":"https:\/\/mekulo.com\/no\/#website","url":"https:\/\/mekulo.com\/no\/","name":"Mekulo NO","description":"","publisher":{"@id":"https:\/\/mekulo.com\/no\/#organization"},"potentialAction":[{"@type":"SearchAction","target":{"@type":"EntryPoint","urlTemplate":"https:\/\/mekulo.com\/no\/?s={search_term_string}"},"query-input":{"@type":"PropertyValueSpecification","valueRequired":true,"valueName":"search_term_string"}}],"inLanguage":"nb-NO"},{"@type":"Organization","@id":"https:\/\/mekulo.com\/no\/#organization","name":"Mekulo","url":"https:\/\/mekulo.com\/no\/","logo":{"@type":"ImageObject","inLanguage":"nb-NO","@id":"https:\/\/mekulo.com\/no\/#\/schema\/logo\/image\/","url":"https:\/\/mekulo.com\/no\/wp-content\/uploads\/sites\/10\/2025\/12\/favicon_mekulo.png","contentUrl":"https:\/\/mekulo.com\/no\/wp-content\/uploads\/sites\/10\/2025\/12\/favicon_mekulo.png","width":50,"height":50,"caption":"Mekulo"},"image":{"@id":"https:\/\/mekulo.com\/no\/#\/schema\/logo\/image\/"}}]}},"_links":{"self":[{"href":"https:\/\/mekulo.com\/no\/wp-json\/wp\/v2\/product\/14936","targetHints":{"allow":["GET"]}}],"collection":[{"href":"https:\/\/mekulo.com\/no\/wp-json\/wp\/v2\/product"}],"about":[{"href":"https:\/\/mekulo.com\/no\/wp-json\/wp\/v2\/types\/product"}],"replies":[{"embeddable":true,"href":"https:\/\/mekulo.com\/no\/wp-json\/wp\/v2\/comments?post=14936"}],"wp:featuredmedia":[{"embeddable":true,"href":"https:\/\/mekulo.com\/no\/wp-json\/wp\/v2\/media\/14932"}],"wp:attachment":[{"href":"https:\/\/mekulo.com\/no\/wp-json\/wp\/v2\/media?parent=14936"}],"wp:term":[{"taxonomy":"product_brand","embeddable":true,"href":"https:\/\/mekulo.com\/no\/wp-json\/wp\/v2\/product_brand?post=14936"},{"taxonomy":"product_cat","embeddable":true,"href":"https:\/\/mekulo.com\/no\/wp-json\/wp\/v2\/product_cat?post=14936"},{"taxonomy":"product_tag","embeddable":true,"href":"https:\/\/mekulo.com\/no\/wp-json\/wp\/v2\/product_tag?post=14936"}],"curies":[{"name":"wp","href":"https:\/\/api.w.org\/{rel}","templated":true}]}}