{"id":14872,"date":"2026-01-07T12:18:34","date_gmt":"2026-01-07T10:18:34","guid":{"rendered":"https:\/\/mekulo.com\/no\/produkt\/reparasjon-av-dorhengsel\/"},"modified":"2026-01-22T17:48:50","modified_gmt":"2026-01-22T15:48:50","slug":"reparasjon-av-dorhengsel","status":"publish","type":"product","link":"https:\/\/mekulo.com\/no\/produkt\/reparasjon-av-dorhengsel\/","title":{"rendered":"Reparasjon av d\u00f8rhengsel"},"content":{"rendered":"<p style=\"text-align: center;\" data-start=\"0\" data-end=\"86\"><strong>Fikser l\u00f8se eller \u00f8delagte skaphengsler raskt &#8211; gj\u00f8r at m\u00f8blene dine ser nye ut igjen. \ud83d\udd27\ud83d\udeaa\u2728<\/strong><\/p>\n<p data-start=\"243\" data-end=\"436\"><img fetchpriority=\"high\" decoding=\"async\" class=\"size-full wp-image-18631 aligncenter\" src=\"https:\/\/mekulo.com\/template\/wp-content\/uploads\/sites\/6\/2026\/01\/Copy_of_Copy_of_Copy_of_135_-_Fittershape_SleepGuard_Blauwlichtfilter_Voor_Betere_Nachtrust_42.webp\" alt=\"\" width=\"800\" height=\"800\" \/><\/p>\n<h2 style=\"text-align: center;\" data-start=\"326\" data-end=\"347\">Hovedfordeler \ud83d\udcab<\/h2>\n<p data-start=\"350\" data-end=\"422\">\ud83d\udee0\ufe0f Styrker l\u00f8se hengsler &#8211; forsterker svake eller slitte skruehull.<\/p>\n<p data-start=\"425\" data-end=\"493\">\ud83e\udde9 Dekker skadet treverk &#8211; skjuler sprekker og skrueuttrekksomr\u00e5der.<\/p>\n<p data-start=\"496\" data-end=\"569\">\ud83d\udcaa Ekstra sterk st\u00f8tte &#8211; sprer belastningen for langvarig stabilitet.<\/p>\n<p data-start=\"572\" data-end=\"635\">\ud83c\udf27\ufe0f Rustbestandig &#8211; slitesterk konstruksjon i rustfritt st\u00e5l.<\/p>\n<p data-start=\"638\" data-end=\"716\">\ud83e\ude91 Fungerer p\u00e5 mange gjenstander &#8211; skap, skuffer, senger, hyller, bord og mye mer.<\/p>\n<p data-start=\"719\" data-end=\"780\">\u26a1 Rask montering &#8211; leveres med skruer for enkelt oppsett.<\/p>\n<p data-start=\"719\" data-end=\"780\"><img decoding=\"async\" class=\"size-full wp-image-18632 aligncenter\" src=\"https:\/\/mekulo.com\/template\/wp-content\/uploads\/sites\/6\/2026\/01\/102217-ezgif.com-video-to-webp-converter.webp\" alt=\"\" width=\"500\" height=\"889\" \/><\/p>\n<h2 style=\"text-align: center;\" data-start=\"782\" data-end=\"802\">Slik bruker du \ud83d\udccc<\/h2>\n<ol data-start=\"803\" data-end=\"1030\">\n<li data-start=\"803\" data-end=\"852\">\n<p data-start=\"806\" data-end=\"852\">Plasser platen over det skadede hengselomr\u00e5det.<\/p>\n<\/li>\n<li data-start=\"853\" data-end=\"897\">\n<p data-start=\"856\" data-end=\"897\">Plasser hengslet p\u00e5 toppen av platen.<\/p>\n<\/li>\n<li data-start=\"898\" data-end=\"980\">\n<p data-start=\"901\" data-end=\"980\">Bruk en skrutrekker eller drill til \u00e5 feste skruene gjennom b\u00e5de hengsel og plate.<\/p>\n<\/li>\n<li data-start=\"981\" data-end=\"1030\">\n<p data-start=\"984\" data-end=\"1030\">Kontroller d\u00f8ren &#8211; den er n\u00e5 stabil og sikker.<\/p>\n<\/li>\n<\/ol>\n<h2 style=\"text-align: center;\" data-start=\"1032\" data-end=\"1056\">Produktdetaljer \ud83d\udccf<\/h2>\n<ul data-start=\"1057\" data-end=\"1257\">\n<li data-start=\"1057\" data-end=\"1086\">\n<p data-start=\"1059\" data-end=\"1086\">Materiale: Rustfritt st\u00e5l<\/p>\n<\/li>\n<li data-start=\"1087\" data-end=\"1109\">\n<p data-start=\"1089\" data-end=\"1109\">Tykkelse: 0,75 mm<\/p>\n<\/li>\n<li data-start=\"1110\" data-end=\"1140\">\n<p data-start=\"1112\" data-end=\"1140\">St\u00f8rrelser: 9 x 9 cm<\/p>\n<\/li>\n<li data-start=\"1141\" data-end=\"1174\">\n<p data-start=\"1143\" data-end=\"1174\">Farge: Rustfritt st\u00e5l s\u00f8lv<\/p>\n<\/li>\n<li data-start=\"1175\" data-end=\"1257\">\n<p data-start=\"1177\" data-end=\"1257\">Egnet for: Skapd\u00f8rer, skap, senger, bord, skuffer og m\u00f8belrammer<\/p>\n<\/li>\n<\/ul>\n<h2 style=\"text-align: center;\" data-start=\"1259\" data-end=\"1284\">Pakken inkluderer \ud83d\udce6<\/h2>\n<ul data-start=\"1285\" data-end=\"1335\">\n<li data-start=\"1285\" data-end=\"1319\">\n<p data-start=\"1287\" data-end=\"1319\">2, 4, 8, 10x d\u00f8rhengselreparasjonsplater<\/p>\n<\/li>\n<li data-start=\"1320\" data-end=\"1335\">\n<p data-start=\"1322\" data-end=\"1335\">12, 24, 48, 60x skruer.<\/p>\n<\/li>\n<\/ul>\n","protected":false},"excerpt":{"rendered":"<p>Denne reparasjonsplaten for d\u00f8rhengsler er laget av rustfritt st\u00e5l av h\u00f8y kvalitet, noe som gj\u00f8r den sterk og holdbar. Den motst\u00e5r rust og slitasje, slik at hengslene dine f\u00e5r p\u00e5litelig st\u00f8tte over tid.<\/p>\n","protected":false},"featured_media":14868,"comment_status":"open","ping_status":"closed","template":"","meta":{"site-sidebar-layout":"default","site-content-layout":"","ast-site-content-layout":"default","site-content-style":"default","site-sidebar-style":"default","ast-global-header-display":"","ast-banner-title-visibility":"","ast-main-header-display":"","ast-hfb-above-header-display":"","ast-hfb-below-header-display":"","ast-hfb-mobile-header-display":"","site-post-title":"","ast-breadcrumbs-content":"","ast-featured-img":"","footer-sml-layout":"","theme-transparent-header-meta":"default","adv-header-id-meta":"","stick-header-meta":"","header-above-stick-meta":"","header-main-stick-meta":"","header-below-stick-meta":"","astra-migrate-meta-layouts":"set","ast-page-background-enabled":"default","ast-page-background-meta":{"desktop":{"background-color":"var(--ast-global-color-5)","background-image":"","background-repeat":"repeat","background-position":"center center","background-size":"auto","background-attachment":"scroll","background-type":"","background-media":"","overlay-type":"","overlay-color":"","overlay-opacity":"","overlay-gradient":""},"tablet":{"background-color":"","background-image":"","background-repeat":"repeat","background-position":"center center","background-size":"auto","background-attachment":"scroll","background-type":"","background-media":"","overlay-type":"","overlay-color":"","overlay-opacity":"","overlay-gradient":""},"mobile":{"background-color":"","background-image":"","background-repeat":"repeat","background-position":"center center","background-size":"auto","background-attachment":"scroll","background-type":"","background-media":"","overlay-type":"","overlay-color":"","overlay-opacity":"","overlay-gradient":""}},"ast-content-background-meta":{"desktop":{"background-color":"var(--ast-global-color-4)","background-image":"","background-repeat":"repeat","background-position":"center center","background-size":"auto","background-attachment":"scroll","background-type":"","background-media":"","overlay-type":"","overlay-color":"","overlay-opacity":"","overlay-gradient":""},"tablet":{"background-color":"var(--ast-global-color-4)","background-image":"","background-repeat":"repeat","background-position":"center center","background-size":"auto","background-attachment":"scroll","background-type":"","background-media":"","overlay-type":"","overlay-color":"","overlay-opacity":"","overlay-gradient":""},"mobile":{"background-color":"var(--ast-global-color-4)","background-image":"","background-repeat":"repeat","background-position":"center center","background-size":"auto","background-attachment":"scroll","background-type":"","background-media":"","overlay-type":"","overlay-color":"","overlay-opacity":"","overlay-gradient":""}}},"product_brand":[],"product_cat":[171],"product_tag":[],"class_list":{"0":"post-14872","1":"product","2":"type-product","3":"status-publish","4":"has-post-thumbnail","6":"product_cat-verktoy","7":"pa_23499_8a5kvtdt-10-stk","8":"pa_23499_8a5kvtdt-2-stk","9":"pa_23499_8a5kvtdt-4-stk","10":"pa_23499_8a5kvtdt-6-stk","11":"desktop-align-left","12":"tablet-align-left","13":"mobile-align-left","15":"first","16":"instock","17":"shipping-taxable","18":"purchasable","19":"product-type-variable"},"yoast_head":"<!-- This site is optimized with the Yoast SEO plugin v26.6 - https:\/\/yoast.com\/wordpress\/plugins\/seo\/ -->\n<title>Reparasjon av d\u00f8rhengsel - Mekulo NO<\/title>\n<meta name=\"robots\" content=\"index, follow, max-snippet:-1, max-image-preview:large, max-video-preview:-1\" \/>\n<link rel=\"canonical\" href=\"https:\/\/mekulo.com\/no\/produkt\/reparasjon-av-dorhengsel\/\" \/>\n<meta property=\"og:locale\" content=\"nb_NO\" \/>\n<meta property=\"og:type\" content=\"article\" \/>\n<meta property=\"og:title\" content=\"Reparasjon av d\u00f8rhengsel - Mekulo NO\" \/>\n<meta property=\"og:description\" content=\"Denne reparasjonsplaten for d\u00f8rhengsler er laget av rustfritt st\u00e5l av h\u00f8y kvalitet, noe som gj\u00f8r den sterk og holdbar. Den motst\u00e5r rust og slitasje, slik at hengslene dine f\u00e5r p\u00e5litelig st\u00f8tte over tid.\" \/>\n<meta property=\"og:url\" content=\"https:\/\/mekulo.com\/no\/produkt\/reparasjon-av-dorhengsel\/\" \/>\n<meta property=\"og:site_name\" content=\"Mekulo NO\" \/>\n<meta property=\"article:modified_time\" content=\"2026-01-22T15:48:50+00:00\" \/>\n<meta property=\"og:image\" content=\"https:\/\/mekulo.com\/no\/wp-content\/uploads\/sites\/10\/2026\/01\/iphdke9-1.jpg\" \/>\n\t<meta property=\"og:image:width\" content=\"800\" \/>\n\t<meta property=\"og:image:height\" content=\"800\" \/>\n\t<meta property=\"og:image:type\" content=\"image\/jpeg\" \/>\n<meta name=\"twitter:card\" content=\"summary_large_image\" \/>\n<meta name=\"twitter:label1\" content=\"Ansl. lesetid\" \/>\n\t<meta name=\"twitter:data1\" content=\"2 minutter\" \/>\n<script type=\"application\/ld+json\" class=\"yoast-schema-graph\">{\"@context\":\"https:\/\/schema.org\",\"@graph\":[{\"@type\":\"WebPage\",\"@id\":\"https:\/\/mekulo.com\/no\/produkt\/reparasjon-av-dorhengsel\/\",\"url\":\"https:\/\/mekulo.com\/no\/produkt\/reparasjon-av-dorhengsel\/\",\"name\":\"Reparasjon av d\u00f8rhengsel - Mekulo NO\",\"isPartOf\":{\"@id\":\"https:\/\/mekulo.com\/no\/#website\"},\"primaryImageOfPage\":{\"@id\":\"https:\/\/mekulo.com\/no\/produkt\/reparasjon-av-dorhengsel\/#primaryimage\"},\"image\":{\"@id\":\"https:\/\/mekulo.com\/no\/produkt\/reparasjon-av-dorhengsel\/#primaryimage\"},\"thumbnailUrl\":\"https:\/\/mekulo.com\/no\/wp-content\/uploads\/sites\/10\/2026\/01\/iphdke9-1.jpg\",\"datePublished\":\"2026-01-07T10:18:34+00:00\",\"dateModified\":\"2026-01-22T15:48:50+00:00\",\"breadcrumb\":{\"@id\":\"https:\/\/mekulo.com\/no\/produkt\/reparasjon-av-dorhengsel\/#breadcrumb\"},\"inLanguage\":\"nb-NO\",\"potentialAction\":[{\"@type\":\"ReadAction\",\"target\":[\"https:\/\/mekulo.com\/no\/produkt\/reparasjon-av-dorhengsel\/\"]}]},{\"@type\":\"ImageObject\",\"inLanguage\":\"nb-NO\",\"@id\":\"https:\/\/mekulo.com\/no\/produkt\/reparasjon-av-dorhengsel\/#primaryimage\",\"url\":\"https:\/\/mekulo.com\/no\/wp-content\/uploads\/sites\/10\/2026\/01\/iphdke9-1.jpg\",\"contentUrl\":\"https:\/\/mekulo.com\/no\/wp-content\/uploads\/sites\/10\/2026\/01\/iphdke9-1.jpg\",\"width\":800,\"height\":800},{\"@type\":\"BreadcrumbList\",\"@id\":\"https:\/\/mekulo.com\/no\/produkt\/reparasjon-av-dorhengsel\/#breadcrumb\",\"itemListElement\":[{\"@type\":\"ListItem\",\"position\":1,\"name\":\"Home\",\"item\":\"https:\/\/mekulo.com\/no\/\"},{\"@type\":\"ListItem\",\"position\":2,\"name\":\"Butikk\",\"item\":\"https:\/\/mekulo.com\/no\/butikk\/\"},{\"@type\":\"ListItem\",\"position\":3,\"name\":\"Reparasjon av d\u00f8rhengsel\"}]},{\"@type\":\"WebSite\",\"@id\":\"https:\/\/mekulo.com\/no\/#website\",\"url\":\"https:\/\/mekulo.com\/no\/\",\"name\":\"Mekulo NO\",\"description\":\"\",\"publisher\":{\"@id\":\"https:\/\/mekulo.com\/no\/#organization\"},\"potentialAction\":[{\"@type\":\"SearchAction\",\"target\":{\"@type\":\"EntryPoint\",\"urlTemplate\":\"https:\/\/mekulo.com\/no\/?s={search_term_string}\"},\"query-input\":{\"@type\":\"PropertyValueSpecification\",\"valueRequired\":true,\"valueName\":\"search_term_string\"}}],\"inLanguage\":\"nb-NO\"},{\"@type\":\"Organization\",\"@id\":\"https:\/\/mekulo.com\/no\/#organization\",\"name\":\"Mekulo\",\"url\":\"https:\/\/mekulo.com\/no\/\",\"logo\":{\"@type\":\"ImageObject\",\"inLanguage\":\"nb-NO\",\"@id\":\"https:\/\/mekulo.com\/no\/#\/schema\/logo\/image\/\",\"url\":\"https:\/\/mekulo.com\/no\/wp-content\/uploads\/sites\/10\/2025\/12\/favicon_mekulo.png\",\"contentUrl\":\"https:\/\/mekulo.com\/no\/wp-content\/uploads\/sites\/10\/2025\/12\/favicon_mekulo.png\",\"width\":50,\"height\":50,\"caption\":\"Mekulo\"},\"image\":{\"@id\":\"https:\/\/mekulo.com\/no\/#\/schema\/logo\/image\/\"}}]}<\/script>\n<!-- \/ Yoast SEO plugin. -->","yoast_head_json":{"title":"Reparasjon av d\u00f8rhengsel - Mekulo NO","robots":{"index":"index","follow":"follow","max-snippet":"max-snippet:-1","max-image-preview":"max-image-preview:large","max-video-preview":"max-video-preview:-1"},"canonical":"https:\/\/mekulo.com\/no\/produkt\/reparasjon-av-dorhengsel\/","og_locale":"nb_NO","og_type":"article","og_title":"Reparasjon av d\u00f8rhengsel - Mekulo NO","og_description":"Denne reparasjonsplaten for d\u00f8rhengsler er laget av rustfritt st\u00e5l av h\u00f8y kvalitet, noe som gj\u00f8r den sterk og holdbar. Den motst\u00e5r rust og slitasje, slik at hengslene dine f\u00e5r p\u00e5litelig st\u00f8tte over tid.","og_url":"https:\/\/mekulo.com\/no\/produkt\/reparasjon-av-dorhengsel\/","og_site_name":"Mekulo NO","article_modified_time":"2026-01-22T15:48:50+00:00","og_image":[{"width":800,"height":800,"url":"https:\/\/mekulo.com\/no\/wp-content\/uploads\/sites\/10\/2026\/01\/iphdke9-1.jpg","type":"image\/jpeg"}],"twitter_card":"summary_large_image","twitter_misc":{"Ansl. lesetid":"2 minutter"},"schema":{"@context":"https:\/\/schema.org","@graph":[{"@type":"WebPage","@id":"https:\/\/mekulo.com\/no\/produkt\/reparasjon-av-dorhengsel\/","url":"https:\/\/mekulo.com\/no\/produkt\/reparasjon-av-dorhengsel\/","name":"Reparasjon av d\u00f8rhengsel - Mekulo NO","isPartOf":{"@id":"https:\/\/mekulo.com\/no\/#website"},"primaryImageOfPage":{"@id":"https:\/\/mekulo.com\/no\/produkt\/reparasjon-av-dorhengsel\/#primaryimage"},"image":{"@id":"https:\/\/mekulo.com\/no\/produkt\/reparasjon-av-dorhengsel\/#primaryimage"},"thumbnailUrl":"https:\/\/mekulo.com\/no\/wp-content\/uploads\/sites\/10\/2026\/01\/iphdke9-1.jpg","datePublished":"2026-01-07T10:18:34+00:00","dateModified":"2026-01-22T15:48:50+00:00","breadcrumb":{"@id":"https:\/\/mekulo.com\/no\/produkt\/reparasjon-av-dorhengsel\/#breadcrumb"},"inLanguage":"nb-NO","potentialAction":[{"@type":"ReadAction","target":["https:\/\/mekulo.com\/no\/produkt\/reparasjon-av-dorhengsel\/"]}]},{"@type":"ImageObject","inLanguage":"nb-NO","@id":"https:\/\/mekulo.com\/no\/produkt\/reparasjon-av-dorhengsel\/#primaryimage","url":"https:\/\/mekulo.com\/no\/wp-content\/uploads\/sites\/10\/2026\/01\/iphdke9-1.jpg","contentUrl":"https:\/\/mekulo.com\/no\/wp-content\/uploads\/sites\/10\/2026\/01\/iphdke9-1.jpg","width":800,"height":800},{"@type":"BreadcrumbList","@id":"https:\/\/mekulo.com\/no\/produkt\/reparasjon-av-dorhengsel\/#breadcrumb","itemListElement":[{"@type":"ListItem","position":1,"name":"Home","item":"https:\/\/mekulo.com\/no\/"},{"@type":"ListItem","position":2,"name":"Butikk","item":"https:\/\/mekulo.com\/no\/butikk\/"},{"@type":"ListItem","position":3,"name":"Reparasjon av d\u00f8rhengsel"}]},{"@type":"WebSite","@id":"https:\/\/mekulo.com\/no\/#website","url":"https:\/\/mekulo.com\/no\/","name":"Mekulo NO","description":"","publisher":{"@id":"https:\/\/mekulo.com\/no\/#organization"},"potentialAction":[{"@type":"SearchAction","target":{"@type":"EntryPoint","urlTemplate":"https:\/\/mekulo.com\/no\/?s={search_term_string}"},"query-input":{"@type":"PropertyValueSpecification","valueRequired":true,"valueName":"search_term_string"}}],"inLanguage":"nb-NO"},{"@type":"Organization","@id":"https:\/\/mekulo.com\/no\/#organization","name":"Mekulo","url":"https:\/\/mekulo.com\/no\/","logo":{"@type":"ImageObject","inLanguage":"nb-NO","@id":"https:\/\/mekulo.com\/no\/#\/schema\/logo\/image\/","url":"https:\/\/mekulo.com\/no\/wp-content\/uploads\/sites\/10\/2025\/12\/favicon_mekulo.png","contentUrl":"https:\/\/mekulo.com\/no\/wp-content\/uploads\/sites\/10\/2025\/12\/favicon_mekulo.png","width":50,"height":50,"caption":"Mekulo"},"image":{"@id":"https:\/\/mekulo.com\/no\/#\/schema\/logo\/image\/"}}]}},"_links":{"self":[{"href":"https:\/\/mekulo.com\/no\/wp-json\/wp\/v2\/product\/14872","targetHints":{"allow":["GET"]}}],"collection":[{"href":"https:\/\/mekulo.com\/no\/wp-json\/wp\/v2\/product"}],"about":[{"href":"https:\/\/mekulo.com\/no\/wp-json\/wp\/v2\/types\/product"}],"replies":[{"embeddable":true,"href":"https:\/\/mekulo.com\/no\/wp-json\/wp\/v2\/comments?post=14872"}],"wp:featuredmedia":[{"embeddable":true,"href":"https:\/\/mekulo.com\/no\/wp-json\/wp\/v2\/media\/14868"}],"wp:attachment":[{"href":"https:\/\/mekulo.com\/no\/wp-json\/wp\/v2\/media?parent=14872"}],"wp:term":[{"taxonomy":"product_brand","embeddable":true,"href":"https:\/\/mekulo.com\/no\/wp-json\/wp\/v2\/product_brand?post=14872"},{"taxonomy":"product_cat","embeddable":true,"href":"https:\/\/mekulo.com\/no\/wp-json\/wp\/v2\/product_cat?post=14872"},{"taxonomy":"product_tag","embeddable":true,"href":"https:\/\/mekulo.com\/no\/wp-json\/wp\/v2\/product_tag?post=14872"}],"curies":[{"name":"wp","href":"https:\/\/api.w.org\/{rel}","templated":true}]}}