{"id":14863,"date":"2026-01-07T12:17:42","date_gmt":"2026-01-07T10:17:42","guid":{"rendered":"https:\/\/mekulo.com\/no\/produkt\/avgiftningsplaster\/"},"modified":"2026-01-07T17:54:41","modified_gmt":"2026-01-07T15:54:41","slug":"avgiftningsplaster","status":"publish","type":"product","link":"https:\/\/mekulo.com\/no\/produkt\/avgiftningsplaster\/","title":{"rendered":"Avgiftningsplaster"},"content":{"rendered":"<p style=\"text-align: center;\" data-start=\"0\" data-end=\"72\"><strong data-start=\"0\" data-end=\"70\">Detox fotplaster &#8211; renser kroppen mens du sover \ud83c\udf3f<\/strong><\/p>\n<p data-start=\"74\" data-end=\"317\"><img fetchpriority=\"high\" decoding=\"async\" class=\" wp-image-31984 aligncenter\" src=\"https:\/\/keluvo.com\/template\/wp-content\/uploads\/sites\/5\/2025\/08\/Patch.gif\" alt=\"\" width=\"500\" height=\"500\" \/><\/p>\n<h2 style=\"text-align: center;\" data-start=\"324\" data-end=\"346\">Hovedfordeler \ud83d\udcab<\/h2>\n<p data-start=\"349\" data-end=\"394\">\ud83c\udf19 Fungerer mens du sover &#8211; ingen anstrengelse n\u00f8dvendig<\/p>\n<p data-start=\"397\" data-end=\"470\">\ud83c\udf43 Laget med naturlige ingredienser som bambuseddik og ingef\u00e6rekstrakt<\/p>\n<p data-start=\"473\" data-end=\"519\">\ud83d\udc86 Hjelper med \u00e5 fremme avslapning og dypere s\u00f8vn<\/p>\n<p data-start=\"522\" data-end=\"574\">\ud83e\ude78 St\u00f8tter sirkulasjon og naturlig avgiftning<\/p>\n<p data-start=\"577\" data-end=\"615\">\ud83e\uddfc Enkelt, problemfritt og ikke-invasivt<\/p>\n<p data-start=\"577\" data-end=\"615\"><img decoding=\"async\" class=\"size-full wp-image-31981 aligncenter\" src=\"https:\/\/keluvo.com\/template\/wp-content\/uploads\/sites\/5\/2025\/08\/Druga-slika-LT-2-1.jpg\" alt=\"\" \/><\/p>\n<h2 style=\"text-align: center;\" data-start=\"622\" data-end=\"641\">Slik bruker du det \ud83d\udccc<\/h2>\n<ol data-start=\"642\" data-end=\"892\">\n<li data-start=\"642\" data-end=\"686\">\n<p data-start=\"645\" data-end=\"686\">Rengj\u00f8r og t\u00f8rk f\u00f8ttene dine f\u00f8r sengetid.<\/p>\n<\/li>\n<li data-start=\"687\" data-end=\"754\">\n<p data-start=\"690\" data-end=\"754\">Ta plasteret ut av emballasjen og trekk av limet.<\/p>\n<\/li>\n<li data-start=\"755\" data-end=\"801\">\n<p data-start=\"758\" data-end=\"801\">Plasser plasteret p\u00e5 fots\u00e5len.<\/p>\n<\/li>\n<li data-start=\"802\" data-end=\"845\">\n<p data-start=\"805\" data-end=\"845\">Sov med plasteret p\u00e5 i 6-8 timer.<\/p>\n<\/li>\n<li data-start=\"846\" data-end=\"892\">\n<p data-start=\"849\" data-end=\"892\">Fjern plasteret om morgenen og vask f\u00f8ttene.<\/p>\n<\/li>\n<\/ol>\n<h2 style=\"text-align: center;\" data-start=\"899\" data-end=\"923\">Produktdetaljer \ud83d\udccf<\/h2>\n<ul data-start=\"924\" data-end=\"1066\">\n<li data-start=\"924\" data-end=\"959\">\n<p data-start=\"926\" data-end=\"959\">Kvantitet: 10 plaster<\/p>\n<\/li>\n<li data-start=\"960\" data-end=\"1040\">\n<p data-start=\"962\" data-end=\"1040\">Ingredienser: bambuseddik, turmalin, ingef\u00e6rekstrakt, andre naturlige urter<\/p>\n<\/li>\n<li data-start=\"1041\" data-end=\"1066\">\n<p data-start=\"1043\" data-end=\"1066\">Kun til utvortes bruk<\/p>\n<\/li>\n<\/ul>\n<h2 style=\"text-align: center;\" data-start=\"1073\" data-end=\"1098\">Pakken inneholder \ud83d\udce6<\/h2>\n<ul data-start=\"1099\" data-end=\"1162\">\n<li data-start=\"1099\" data-end=\"1126\">\n<p data-start=\"1101\" data-end=\"1126\">10x detox-fotplaster.<\/p>\n<\/li>\n<\/ul>\n","protected":false},"excerpt":{"rendered":"<p>V\u00e5kn opp og f\u00f8l deg lettere, uthvilt og mer energisk med disse naturlige detox-fotplastrene. De er designet for \u00e5 trekke ut giftstoffer og urenheter over natten, og bidrar til bedre s\u00f8vn, bedre blodsirkulasjon og generelt velv\u00e6re &#8211; alt mens du hviler.<\/p>\n","protected":false},"featured_media":14859,"comment_status":"open","ping_status":"closed","template":"","meta":{"site-sidebar-layout":"default","site-content-layout":"","ast-site-content-layout":"default","site-content-style":"default","site-sidebar-style":"default","ast-global-header-display":"","ast-banner-title-visibility":"","ast-main-header-display":"","ast-hfb-above-header-display":"","ast-hfb-below-header-display":"","ast-hfb-mobile-header-display":"","site-post-title":"","ast-breadcrumbs-content":"","ast-featured-img":"","footer-sml-layout":"","theme-transparent-header-meta":"default","adv-header-id-meta":"","stick-header-meta":"","header-above-stick-meta":"","header-main-stick-meta":"","header-below-stick-meta":"","astra-migrate-meta-layouts":"set","ast-page-background-enabled":"default","ast-page-background-meta":{"desktop":{"background-color":"var(--ast-global-color-5)","background-image":"","background-repeat":"repeat","background-position":"center center","background-size":"auto","background-attachment":"scroll","background-type":"","background-media":"","overlay-type":"","overlay-color":"","overlay-opacity":"","overlay-gradient":""},"tablet":{"background-color":"","background-image":"","background-repeat":"repeat","background-position":"center center","background-size":"auto","background-attachment":"scroll","background-type":"","background-media":"","overlay-type":"","overlay-color":"","overlay-opacity":"","overlay-gradient":""},"mobile":{"background-color":"","background-image":"","background-repeat":"repeat","background-position":"center center","background-size":"auto","background-attachment":"scroll","background-type":"","background-media":"","overlay-type":"","overlay-color":"","overlay-opacity":"","overlay-gradient":""}},"ast-content-background-meta":{"desktop":{"background-color":"var(--ast-global-color-4)","background-image":"","background-repeat":"repeat","background-position":"center center","background-size":"auto","background-attachment":"scroll","background-type":"","background-media":"","overlay-type":"","overlay-color":"","overlay-opacity":"","overlay-gradient":""},"tablet":{"background-color":"var(--ast-global-color-4)","background-image":"","background-repeat":"repeat","background-position":"center center","background-size":"auto","background-attachment":"scroll","background-type":"","background-media":"","overlay-type":"","overlay-color":"","overlay-opacity":"","overlay-gradient":""},"mobile":{"background-color":"var(--ast-global-color-4)","background-image":"","background-repeat":"repeat","background-position":"center center","background-size":"auto","background-attachment":"scroll","background-type":"","background-media":"","overlay-type":"","overlay-color":"","overlay-opacity":"","overlay-gradient":""}}},"product_brand":[],"product_cat":[166,162],"product_tag":[],"class_list":{"0":"post-14863","1":"product","2":"type-product","3":"status-publish","4":"has-post-thumbnail","6":"product_cat-helsevesenets-forsyninger","7":"product_cat-skjonnhets-og-hygieneprodukter","8":"desktop-align-left","9":"tablet-align-left","10":"mobile-align-left","12":"first","13":"instock","14":"shipping-taxable","15":"purchasable","16":"product-type-simple"},"yoast_head":"<!-- This site is optimized with the Yoast SEO plugin v26.6 - https:\/\/yoast.com\/wordpress\/plugins\/seo\/ -->\n<title>Avgiftningsplaster - Mekulo NO<\/title>\n<meta name=\"robots\" content=\"index, follow, max-snippet:-1, max-image-preview:large, max-video-preview:-1\" \/>\n<link rel=\"canonical\" href=\"https:\/\/mekulo.com\/no\/produkt\/avgiftningsplaster\/\" \/>\n<meta property=\"og:locale\" content=\"nb_NO\" \/>\n<meta property=\"og:type\" content=\"article\" \/>\n<meta property=\"og:title\" content=\"Avgiftningsplaster - Mekulo NO\" \/>\n<meta property=\"og:description\" content=\"V\u00e5kn opp og f\u00f8l deg lettere, uthvilt og mer energisk med disse naturlige detox-fotplastrene. De er designet for \u00e5 trekke ut giftstoffer og urenheter over natten, og bidrar til bedre s\u00f8vn, bedre blodsirkulasjon og generelt velv\u00e6re - alt mens du hviler.\" \/>\n<meta property=\"og:url\" content=\"https:\/\/mekulo.com\/no\/produkt\/avgiftningsplaster\/\" \/>\n<meta property=\"og:site_name\" content=\"Mekulo NO\" \/>\n<meta property=\"article:modified_time\" content=\"2026-01-07T15:54:41+00:00\" \/>\n<meta property=\"og:image\" content=\"https:\/\/mekulo.com\/no\/wp-content\/uploads\/sites\/10\/2026\/01\/y6k0xno-1.jpg\" \/>\n\t<meta property=\"og:image:width\" content=\"1000\" \/>\n\t<meta property=\"og:image:height\" content=\"1000\" \/>\n\t<meta property=\"og:image:type\" content=\"image\/jpeg\" \/>\n<meta name=\"twitter:card\" content=\"summary_large_image\" \/>\n<meta name=\"twitter:label1\" content=\"Ansl. lesetid\" \/>\n\t<meta name=\"twitter:data1\" content=\"2 minutter\" \/>\n<script type=\"application\/ld+json\" class=\"yoast-schema-graph\">{\"@context\":\"https:\/\/schema.org\",\"@graph\":[{\"@type\":\"WebPage\",\"@id\":\"https:\/\/mekulo.com\/no\/produkt\/avgiftningsplaster\/\",\"url\":\"https:\/\/mekulo.com\/no\/produkt\/avgiftningsplaster\/\",\"name\":\"Avgiftningsplaster - Mekulo NO\",\"isPartOf\":{\"@id\":\"https:\/\/mekulo.com\/no\/#website\"},\"primaryImageOfPage\":{\"@id\":\"https:\/\/mekulo.com\/no\/produkt\/avgiftningsplaster\/#primaryimage\"},\"image\":{\"@id\":\"https:\/\/mekulo.com\/no\/produkt\/avgiftningsplaster\/#primaryimage\"},\"thumbnailUrl\":\"https:\/\/mekulo.com\/no\/wp-content\/uploads\/sites\/10\/2026\/01\/y6k0xno-1.jpg\",\"datePublished\":\"2026-01-07T10:17:42+00:00\",\"dateModified\":\"2026-01-07T15:54:41+00:00\",\"breadcrumb\":{\"@id\":\"https:\/\/mekulo.com\/no\/produkt\/avgiftningsplaster\/#breadcrumb\"},\"inLanguage\":\"nb-NO\",\"potentialAction\":[{\"@type\":\"ReadAction\",\"target\":[\"https:\/\/mekulo.com\/no\/produkt\/avgiftningsplaster\/\"]}]},{\"@type\":\"ImageObject\",\"inLanguage\":\"nb-NO\",\"@id\":\"https:\/\/mekulo.com\/no\/produkt\/avgiftningsplaster\/#primaryimage\",\"url\":\"https:\/\/mekulo.com\/no\/wp-content\/uploads\/sites\/10\/2026\/01\/y6k0xno-1.jpg\",\"contentUrl\":\"https:\/\/mekulo.com\/no\/wp-content\/uploads\/sites\/10\/2026\/01\/y6k0xno-1.jpg\",\"width\":1000,\"height\":1000},{\"@type\":\"BreadcrumbList\",\"@id\":\"https:\/\/mekulo.com\/no\/produkt\/avgiftningsplaster\/#breadcrumb\",\"itemListElement\":[{\"@type\":\"ListItem\",\"position\":1,\"name\":\"Home\",\"item\":\"https:\/\/mekulo.com\/no\/\"},{\"@type\":\"ListItem\",\"position\":2,\"name\":\"Butikk\",\"item\":\"https:\/\/mekulo.com\/no\/butikk\/\"},{\"@type\":\"ListItem\",\"position\":3,\"name\":\"Avgiftningsplaster\"}]},{\"@type\":\"WebSite\",\"@id\":\"https:\/\/mekulo.com\/no\/#website\",\"url\":\"https:\/\/mekulo.com\/no\/\",\"name\":\"Mekulo NO\",\"description\":\"\",\"publisher\":{\"@id\":\"https:\/\/mekulo.com\/no\/#organization\"},\"potentialAction\":[{\"@type\":\"SearchAction\",\"target\":{\"@type\":\"EntryPoint\",\"urlTemplate\":\"https:\/\/mekulo.com\/no\/?s={search_term_string}\"},\"query-input\":{\"@type\":\"PropertyValueSpecification\",\"valueRequired\":true,\"valueName\":\"search_term_string\"}}],\"inLanguage\":\"nb-NO\"},{\"@type\":\"Organization\",\"@id\":\"https:\/\/mekulo.com\/no\/#organization\",\"name\":\"Mekulo\",\"url\":\"https:\/\/mekulo.com\/no\/\",\"logo\":{\"@type\":\"ImageObject\",\"inLanguage\":\"nb-NO\",\"@id\":\"https:\/\/mekulo.com\/no\/#\/schema\/logo\/image\/\",\"url\":\"https:\/\/mekulo.com\/no\/wp-content\/uploads\/sites\/10\/2025\/12\/favicon_mekulo.png\",\"contentUrl\":\"https:\/\/mekulo.com\/no\/wp-content\/uploads\/sites\/10\/2025\/12\/favicon_mekulo.png\",\"width\":50,\"height\":50,\"caption\":\"Mekulo\"},\"image\":{\"@id\":\"https:\/\/mekulo.com\/no\/#\/schema\/logo\/image\/\"}}]}<\/script>\n<!-- \/ Yoast SEO plugin. -->","yoast_head_json":{"title":"Avgiftningsplaster - Mekulo NO","robots":{"index":"index","follow":"follow","max-snippet":"max-snippet:-1","max-image-preview":"max-image-preview:large","max-video-preview":"max-video-preview:-1"},"canonical":"https:\/\/mekulo.com\/no\/produkt\/avgiftningsplaster\/","og_locale":"nb_NO","og_type":"article","og_title":"Avgiftningsplaster - Mekulo NO","og_description":"V\u00e5kn opp og f\u00f8l deg lettere, uthvilt og mer energisk med disse naturlige detox-fotplastrene. De er designet for \u00e5 trekke ut giftstoffer og urenheter over natten, og bidrar til bedre s\u00f8vn, bedre blodsirkulasjon og generelt velv\u00e6re - alt mens du hviler.","og_url":"https:\/\/mekulo.com\/no\/produkt\/avgiftningsplaster\/","og_site_name":"Mekulo NO","article_modified_time":"2026-01-07T15:54:41+00:00","og_image":[{"width":1000,"height":1000,"url":"https:\/\/mekulo.com\/no\/wp-content\/uploads\/sites\/10\/2026\/01\/y6k0xno-1.jpg","type":"image\/jpeg"}],"twitter_card":"summary_large_image","twitter_misc":{"Ansl. lesetid":"2 minutter"},"schema":{"@context":"https:\/\/schema.org","@graph":[{"@type":"WebPage","@id":"https:\/\/mekulo.com\/no\/produkt\/avgiftningsplaster\/","url":"https:\/\/mekulo.com\/no\/produkt\/avgiftningsplaster\/","name":"Avgiftningsplaster - Mekulo NO","isPartOf":{"@id":"https:\/\/mekulo.com\/no\/#website"},"primaryImageOfPage":{"@id":"https:\/\/mekulo.com\/no\/produkt\/avgiftningsplaster\/#primaryimage"},"image":{"@id":"https:\/\/mekulo.com\/no\/produkt\/avgiftningsplaster\/#primaryimage"},"thumbnailUrl":"https:\/\/mekulo.com\/no\/wp-content\/uploads\/sites\/10\/2026\/01\/y6k0xno-1.jpg","datePublished":"2026-01-07T10:17:42+00:00","dateModified":"2026-01-07T15:54:41+00:00","breadcrumb":{"@id":"https:\/\/mekulo.com\/no\/produkt\/avgiftningsplaster\/#breadcrumb"},"inLanguage":"nb-NO","potentialAction":[{"@type":"ReadAction","target":["https:\/\/mekulo.com\/no\/produkt\/avgiftningsplaster\/"]}]},{"@type":"ImageObject","inLanguage":"nb-NO","@id":"https:\/\/mekulo.com\/no\/produkt\/avgiftningsplaster\/#primaryimage","url":"https:\/\/mekulo.com\/no\/wp-content\/uploads\/sites\/10\/2026\/01\/y6k0xno-1.jpg","contentUrl":"https:\/\/mekulo.com\/no\/wp-content\/uploads\/sites\/10\/2026\/01\/y6k0xno-1.jpg","width":1000,"height":1000},{"@type":"BreadcrumbList","@id":"https:\/\/mekulo.com\/no\/produkt\/avgiftningsplaster\/#breadcrumb","itemListElement":[{"@type":"ListItem","position":1,"name":"Home","item":"https:\/\/mekulo.com\/no\/"},{"@type":"ListItem","position":2,"name":"Butikk","item":"https:\/\/mekulo.com\/no\/butikk\/"},{"@type":"ListItem","position":3,"name":"Avgiftningsplaster"}]},{"@type":"WebSite","@id":"https:\/\/mekulo.com\/no\/#website","url":"https:\/\/mekulo.com\/no\/","name":"Mekulo NO","description":"","publisher":{"@id":"https:\/\/mekulo.com\/no\/#organization"},"potentialAction":[{"@type":"SearchAction","target":{"@type":"EntryPoint","urlTemplate":"https:\/\/mekulo.com\/no\/?s={search_term_string}"},"query-input":{"@type":"PropertyValueSpecification","valueRequired":true,"valueName":"search_term_string"}}],"inLanguage":"nb-NO"},{"@type":"Organization","@id":"https:\/\/mekulo.com\/no\/#organization","name":"Mekulo","url":"https:\/\/mekulo.com\/no\/","logo":{"@type":"ImageObject","inLanguage":"nb-NO","@id":"https:\/\/mekulo.com\/no\/#\/schema\/logo\/image\/","url":"https:\/\/mekulo.com\/no\/wp-content\/uploads\/sites\/10\/2025\/12\/favicon_mekulo.png","contentUrl":"https:\/\/mekulo.com\/no\/wp-content\/uploads\/sites\/10\/2025\/12\/favicon_mekulo.png","width":50,"height":50,"caption":"Mekulo"},"image":{"@id":"https:\/\/mekulo.com\/no\/#\/schema\/logo\/image\/"}}]}},"_links":{"self":[{"href":"https:\/\/mekulo.com\/no\/wp-json\/wp\/v2\/product\/14863","targetHints":{"allow":["GET"]}}],"collection":[{"href":"https:\/\/mekulo.com\/no\/wp-json\/wp\/v2\/product"}],"about":[{"href":"https:\/\/mekulo.com\/no\/wp-json\/wp\/v2\/types\/product"}],"replies":[{"embeddable":true,"href":"https:\/\/mekulo.com\/no\/wp-json\/wp\/v2\/comments?post=14863"}],"wp:featuredmedia":[{"embeddable":true,"href":"https:\/\/mekulo.com\/no\/wp-json\/wp\/v2\/media\/14859"}],"wp:attachment":[{"href":"https:\/\/mekulo.com\/no\/wp-json\/wp\/v2\/media?parent=14863"}],"wp:term":[{"taxonomy":"product_brand","embeddable":true,"href":"https:\/\/mekulo.com\/no\/wp-json\/wp\/v2\/product_brand?post=14863"},{"taxonomy":"product_cat","embeddable":true,"href":"https:\/\/mekulo.com\/no\/wp-json\/wp\/v2\/product_cat?post=14863"},{"taxonomy":"product_tag","embeddable":true,"href":"https:\/\/mekulo.com\/no\/wp-json\/wp\/v2\/product_tag?post=14863"}],"curies":[{"name":"wp","href":"https:\/\/api.w.org\/{rel}","templated":true}]}}