{"id":14850,"date":"2026-01-07T12:16:48","date_gmt":"2026-01-07T10:16:48","guid":{"rendered":"https:\/\/mekulo.com\/no\/produkt\/grenfiksatorer\/"},"modified":"2026-01-07T17:52:24","modified_gmt":"2026-01-07T15:52:24","slug":"grenfiksatorer","status":"publish","type":"product","link":"https:\/\/mekulo.com\/no\/produkt\/grenfiksatorer\/","title":{"rendered":"Grenfiksatorer"},"content":{"rendered":"<p style=\"text-align: center;\" data-start=\"91\" data-end=\"147\"><strong>\ud83c\udf33 Hjelp tr\u00e6rne dine med \u00e5 vokse seg sterke, ryddige og fulle av frukt!<\/strong><\/p>\n<p data-start=\"149\" data-end=\"401\"><img decoding=\"async\" class=\"size-full wp-image-28251 aligncenter\" src=\"https:\/\/keluvo.com\/template\/wp-content\/uploads\/sites\/5\/2025\/07\/GIF2_b7bdda47-5aa9-4044-ad9d-6a098b5ca6e8_480x480.webp\" alt=\"\" \/><\/p>\n<h2 style=\"text-align: center;\" data-start=\"403\" data-end=\"424\">\ud83c\udf4e Hovedfordeler<\/h2>\n<p data-start=\"427\" data-end=\"483\">\ud83c\udf3f Skiller sammenfiltrede grener for bedre luft og lys<\/p>\n<p data-start=\"486\" data-end=\"532\">\ud83c\udf51 Forbedrer frukt- og blomstringspotensialet<\/p>\n<p data-start=\"535\" data-end=\"591\">\ud83e\uddf9 Holder tr\u00e6r og planter pene og symmetriske<\/p>\n<p data-start=\"594\" data-end=\"644\">\ud83e\udeb4 Passer til tr\u00e6r, busker og potteplanter<\/p>\n<p data-start=\"647\" data-end=\"677\">\ud83d\udee0\ufe0f Enkel \u00e5 bruke og justere<\/p>\n<p data-start=\"647\" data-end=\"677\"><img decoding=\"async\" class=\"size-full wp-image-28252 aligncenter\" src=\"https:\/\/keluvo.com\/template\/wp-content\/uploads\/sites\/5\/2025\/07\/GIF1_518c5163-04c4-4b8e-8f1e-e2aec572cebb_480x480.webp\" alt=\"\" \/><\/p>\n<h2 style=\"text-align: center;\" data-start=\"679\" data-end=\"697\">\ud83d\udccc Hvordan Bruke<\/h2>\n<ol data-start=\"698\" data-end=\"858\">\n<li data-start=\"698\" data-end=\"743\">\n<p data-start=\"701\" data-end=\"743\">Identifiser sammenfiltrede eller overlappende grener.<\/p>\n<\/li>\n<li data-start=\"744\" data-end=\"805\">\n<p data-start=\"747\" data-end=\"805\">Klem forsiktig p\u00e5 klemmen for \u00e5 skille dem fra hverandre og holde dem p\u00e5 plass.<\/p>\n<\/li>\n<li data-start=\"806\" data-end=\"858\">\n<p data-start=\"809\" data-end=\"858\">Se plantene dine vokse jevnere og sunnere!<\/p>\n<\/li>\n<\/ol>\n<h2 style=\"text-align: center;\" data-start=\"860\" data-end=\"883\">\ud83d\udcd0 Produktdetaljer<\/h2>\n<ul data-start=\"884\" data-end=\"970\">\n<li data-start=\"884\" data-end=\"903\">\n<p data-start=\"886\" data-end=\"903\">Materiale: metall<\/p>\n<\/li>\n<li data-start=\"904\" data-end=\"935\">\n<p data-start=\"906\" data-end=\"935\">Kvantitet: 20 eller 40 <span style=\"font-size: 16px;\">stk. per sett<\/span><\/p>\n<\/li>\n<li data-start=\"936\" data-end=\"970\">\n<p data-start=\"938\" data-end=\"970\">Brukbare og v\u00e6rbestandige<\/p>\n<\/li>\n<\/ul>\n<h2 style=\"text-align: center;\" data-start=\"972\" data-end=\"996\">\ud83d\udce6 Pakken inneholder<\/h2>\n<ul data-start=\"997\" data-end=\"1034\">\n<li data-start=\"997\" data-end=\"1034\">\n<p data-start=\"999\" data-end=\"1034\">20, 40x grenfiksatorer.<\/p>\n<\/li>\n<\/ul>\n","protected":false},"excerpt":{"rendered":"<p>Grenfiksatorer skiller forsiktig sammenflettede grener for \u00e5 gi plantene mer plass til \u00e5 puste, blomstre og vokse produktivt. Enten du jobber med frukttr\u00e6r, potteplanter eller busker &#8211; disse klemmene \u00f8ker veksten og holder alt ryddig.<\/p>\n","protected":false},"featured_media":14846,"comment_status":"open","ping_status":"closed","template":"","meta":{"site-sidebar-layout":"default","site-content-layout":"","ast-site-content-layout":"default","site-content-style":"default","site-sidebar-style":"default","ast-global-header-display":"","ast-banner-title-visibility":"","ast-main-header-display":"","ast-hfb-above-header-display":"","ast-hfb-below-header-display":"","ast-hfb-mobile-header-display":"","site-post-title":"","ast-breadcrumbs-content":"","ast-featured-img":"","footer-sml-layout":"","theme-transparent-header-meta":"default","adv-header-id-meta":"","stick-header-meta":"","header-above-stick-meta":"","header-main-stick-meta":"","header-below-stick-meta":"","astra-migrate-meta-layouts":"set","ast-page-background-enabled":"default","ast-page-background-meta":{"desktop":{"background-color":"var(--ast-global-color-5)","background-image":"","background-repeat":"repeat","background-position":"center center","background-size":"auto","background-attachment":"scroll","background-type":"","background-media":"","overlay-type":"","overlay-color":"","overlay-opacity":"","overlay-gradient":""},"tablet":{"background-color":"","background-image":"","background-repeat":"repeat","background-position":"center center","background-size":"auto","background-attachment":"scroll","background-type":"","background-media":"","overlay-type":"","overlay-color":"","overlay-opacity":"","overlay-gradient":""},"mobile":{"background-color":"","background-image":"","background-repeat":"repeat","background-position":"center center","background-size":"auto","background-attachment":"scroll","background-type":"","background-media":"","overlay-type":"","overlay-color":"","overlay-opacity":"","overlay-gradient":""}},"ast-content-background-meta":{"desktop":{"background-color":"var(--ast-global-color-4)","background-image":"","background-repeat":"repeat","background-position":"center center","background-size":"auto","background-attachment":"scroll","background-type":"","background-media":"","overlay-type":"","overlay-color":"","overlay-opacity":"","overlay-gradient":""},"tablet":{"background-color":"var(--ast-global-color-4)","background-image":"","background-repeat":"repeat","background-position":"center center","background-size":"auto","background-attachment":"scroll","background-type":"","background-media":"","overlay-type":"","overlay-color":"","overlay-opacity":"","overlay-gradient":""},"mobile":{"background-color":"var(--ast-global-color-4)","background-image":"","background-repeat":"repeat","background-position":"center center","background-size":"auto","background-attachment":"scroll","background-type":"","background-media":"","overlay-type":"","overlay-color":"","overlay-opacity":"","overlay-gradient":""}}},"product_brand":[],"product_cat":[168],"product_tag":[],"class_list":{"0":"post-14850","1":"product","2":"type-product","3":"status-publish","4":"has-post-thumbnail","6":"product_cat-husholdningsartikler","7":"pa_19352_v021m558-20-stk","8":"pa_19352_v021m558-40-stk","9":"desktop-align-left","10":"tablet-align-left","11":"mobile-align-left","13":"first","14":"instock","15":"shipping-taxable","16":"purchasable","17":"product-type-variable"},"yoast_head":"<!-- This site is optimized with the Yoast SEO plugin v26.6 - https:\/\/yoast.com\/wordpress\/plugins\/seo\/ -->\n<title>Grenfiksatorer - Mekulo NO<\/title>\n<meta name=\"robots\" content=\"index, follow, max-snippet:-1, max-image-preview:large, max-video-preview:-1\" \/>\n<link rel=\"canonical\" href=\"https:\/\/mekulo.com\/no\/produkt\/grenfiksatorer\/\" \/>\n<meta property=\"og:locale\" content=\"nb_NO\" \/>\n<meta property=\"og:type\" content=\"article\" \/>\n<meta property=\"og:title\" content=\"Grenfiksatorer - Mekulo NO\" \/>\n<meta property=\"og:description\" content=\"Grenfiksatorer skiller forsiktig sammenflettede grener for \u00e5 gi plantene mer plass til \u00e5 puste, blomstre og vokse produktivt. Enten du jobber med frukttr\u00e6r, potteplanter eller busker - disse klemmene \u00f8ker veksten og holder alt ryddig.\" \/>\n<meta property=\"og:url\" content=\"https:\/\/mekulo.com\/no\/produkt\/grenfiksatorer\/\" \/>\n<meta property=\"og:site_name\" content=\"Mekulo NO\" \/>\n<meta property=\"article:modified_time\" content=\"2026-01-07T15:52:24+00:00\" \/>\n<meta property=\"og:image\" content=\"https:\/\/mekulo.com\/no\/wp-content\/uploads\/sites\/10\/2026\/01\/u6o4z3t-1.webp\" \/>\n\t<meta property=\"og:image:width\" content=\"1000\" \/>\n\t<meta property=\"og:image:height\" content=\"825\" \/>\n\t<meta property=\"og:image:type\" content=\"image\/webp\" \/>\n<meta name=\"twitter:card\" content=\"summary_large_image\" \/>\n<meta name=\"twitter:label1\" content=\"Ansl. lesetid\" \/>\n\t<meta name=\"twitter:data1\" content=\"2 minutter\" \/>\n<script type=\"application\/ld+json\" class=\"yoast-schema-graph\">{\"@context\":\"https:\/\/schema.org\",\"@graph\":[{\"@type\":\"WebPage\",\"@id\":\"https:\/\/mekulo.com\/no\/produkt\/grenfiksatorer\/\",\"url\":\"https:\/\/mekulo.com\/no\/produkt\/grenfiksatorer\/\",\"name\":\"Grenfiksatorer - Mekulo NO\",\"isPartOf\":{\"@id\":\"https:\/\/mekulo.com\/no\/#website\"},\"primaryImageOfPage\":{\"@id\":\"https:\/\/mekulo.com\/no\/produkt\/grenfiksatorer\/#primaryimage\"},\"image\":{\"@id\":\"https:\/\/mekulo.com\/no\/produkt\/grenfiksatorer\/#primaryimage\"},\"thumbnailUrl\":\"https:\/\/mekulo.com\/no\/wp-content\/uploads\/sites\/10\/2026\/01\/u6o4z3t-1.webp\",\"datePublished\":\"2026-01-07T10:16:48+00:00\",\"dateModified\":\"2026-01-07T15:52:24+00:00\",\"breadcrumb\":{\"@id\":\"https:\/\/mekulo.com\/no\/produkt\/grenfiksatorer\/#breadcrumb\"},\"inLanguage\":\"nb-NO\",\"potentialAction\":[{\"@type\":\"ReadAction\",\"target\":[\"https:\/\/mekulo.com\/no\/produkt\/grenfiksatorer\/\"]}]},{\"@type\":\"ImageObject\",\"inLanguage\":\"nb-NO\",\"@id\":\"https:\/\/mekulo.com\/no\/produkt\/grenfiksatorer\/#primaryimage\",\"url\":\"https:\/\/mekulo.com\/no\/wp-content\/uploads\/sites\/10\/2026\/01\/u6o4z3t-1.webp\",\"contentUrl\":\"https:\/\/mekulo.com\/no\/wp-content\/uploads\/sites\/10\/2026\/01\/u6o4z3t-1.webp\",\"width\":1000,\"height\":825},{\"@type\":\"BreadcrumbList\",\"@id\":\"https:\/\/mekulo.com\/no\/produkt\/grenfiksatorer\/#breadcrumb\",\"itemListElement\":[{\"@type\":\"ListItem\",\"position\":1,\"name\":\"Home\",\"item\":\"https:\/\/mekulo.com\/no\/\"},{\"@type\":\"ListItem\",\"position\":2,\"name\":\"Butikk\",\"item\":\"https:\/\/mekulo.com\/no\/butikk\/\"},{\"@type\":\"ListItem\",\"position\":3,\"name\":\"Grenfiksatorer\"}]},{\"@type\":\"WebSite\",\"@id\":\"https:\/\/mekulo.com\/no\/#website\",\"url\":\"https:\/\/mekulo.com\/no\/\",\"name\":\"Mekulo NO\",\"description\":\"\",\"publisher\":{\"@id\":\"https:\/\/mekulo.com\/no\/#organization\"},\"potentialAction\":[{\"@type\":\"SearchAction\",\"target\":{\"@type\":\"EntryPoint\",\"urlTemplate\":\"https:\/\/mekulo.com\/no\/?s={search_term_string}\"},\"query-input\":{\"@type\":\"PropertyValueSpecification\",\"valueRequired\":true,\"valueName\":\"search_term_string\"}}],\"inLanguage\":\"nb-NO\"},{\"@type\":\"Organization\",\"@id\":\"https:\/\/mekulo.com\/no\/#organization\",\"name\":\"Mekulo\",\"url\":\"https:\/\/mekulo.com\/no\/\",\"logo\":{\"@type\":\"ImageObject\",\"inLanguage\":\"nb-NO\",\"@id\":\"https:\/\/mekulo.com\/no\/#\/schema\/logo\/image\/\",\"url\":\"https:\/\/mekulo.com\/no\/wp-content\/uploads\/sites\/10\/2025\/12\/favicon_mekulo.png\",\"contentUrl\":\"https:\/\/mekulo.com\/no\/wp-content\/uploads\/sites\/10\/2025\/12\/favicon_mekulo.png\",\"width\":50,\"height\":50,\"caption\":\"Mekulo\"},\"image\":{\"@id\":\"https:\/\/mekulo.com\/no\/#\/schema\/logo\/image\/\"}}]}<\/script>\n<!-- \/ Yoast SEO plugin. -->","yoast_head_json":{"title":"Grenfiksatorer - Mekulo NO","robots":{"index":"index","follow":"follow","max-snippet":"max-snippet:-1","max-image-preview":"max-image-preview:large","max-video-preview":"max-video-preview:-1"},"canonical":"https:\/\/mekulo.com\/no\/produkt\/grenfiksatorer\/","og_locale":"nb_NO","og_type":"article","og_title":"Grenfiksatorer - Mekulo NO","og_description":"Grenfiksatorer skiller forsiktig sammenflettede grener for \u00e5 gi plantene mer plass til \u00e5 puste, blomstre og vokse produktivt. Enten du jobber med frukttr\u00e6r, potteplanter eller busker - disse klemmene \u00f8ker veksten og holder alt ryddig.","og_url":"https:\/\/mekulo.com\/no\/produkt\/grenfiksatorer\/","og_site_name":"Mekulo NO","article_modified_time":"2026-01-07T15:52:24+00:00","og_image":[{"width":1000,"height":825,"url":"https:\/\/mekulo.com\/no\/wp-content\/uploads\/sites\/10\/2026\/01\/u6o4z3t-1.webp","type":"image\/webp"}],"twitter_card":"summary_large_image","twitter_misc":{"Ansl. lesetid":"2 minutter"},"schema":{"@context":"https:\/\/schema.org","@graph":[{"@type":"WebPage","@id":"https:\/\/mekulo.com\/no\/produkt\/grenfiksatorer\/","url":"https:\/\/mekulo.com\/no\/produkt\/grenfiksatorer\/","name":"Grenfiksatorer - Mekulo NO","isPartOf":{"@id":"https:\/\/mekulo.com\/no\/#website"},"primaryImageOfPage":{"@id":"https:\/\/mekulo.com\/no\/produkt\/grenfiksatorer\/#primaryimage"},"image":{"@id":"https:\/\/mekulo.com\/no\/produkt\/grenfiksatorer\/#primaryimage"},"thumbnailUrl":"https:\/\/mekulo.com\/no\/wp-content\/uploads\/sites\/10\/2026\/01\/u6o4z3t-1.webp","datePublished":"2026-01-07T10:16:48+00:00","dateModified":"2026-01-07T15:52:24+00:00","breadcrumb":{"@id":"https:\/\/mekulo.com\/no\/produkt\/grenfiksatorer\/#breadcrumb"},"inLanguage":"nb-NO","potentialAction":[{"@type":"ReadAction","target":["https:\/\/mekulo.com\/no\/produkt\/grenfiksatorer\/"]}]},{"@type":"ImageObject","inLanguage":"nb-NO","@id":"https:\/\/mekulo.com\/no\/produkt\/grenfiksatorer\/#primaryimage","url":"https:\/\/mekulo.com\/no\/wp-content\/uploads\/sites\/10\/2026\/01\/u6o4z3t-1.webp","contentUrl":"https:\/\/mekulo.com\/no\/wp-content\/uploads\/sites\/10\/2026\/01\/u6o4z3t-1.webp","width":1000,"height":825},{"@type":"BreadcrumbList","@id":"https:\/\/mekulo.com\/no\/produkt\/grenfiksatorer\/#breadcrumb","itemListElement":[{"@type":"ListItem","position":1,"name":"Home","item":"https:\/\/mekulo.com\/no\/"},{"@type":"ListItem","position":2,"name":"Butikk","item":"https:\/\/mekulo.com\/no\/butikk\/"},{"@type":"ListItem","position":3,"name":"Grenfiksatorer"}]},{"@type":"WebSite","@id":"https:\/\/mekulo.com\/no\/#website","url":"https:\/\/mekulo.com\/no\/","name":"Mekulo NO","description":"","publisher":{"@id":"https:\/\/mekulo.com\/no\/#organization"},"potentialAction":[{"@type":"SearchAction","target":{"@type":"EntryPoint","urlTemplate":"https:\/\/mekulo.com\/no\/?s={search_term_string}"},"query-input":{"@type":"PropertyValueSpecification","valueRequired":true,"valueName":"search_term_string"}}],"inLanguage":"nb-NO"},{"@type":"Organization","@id":"https:\/\/mekulo.com\/no\/#organization","name":"Mekulo","url":"https:\/\/mekulo.com\/no\/","logo":{"@type":"ImageObject","inLanguage":"nb-NO","@id":"https:\/\/mekulo.com\/no\/#\/schema\/logo\/image\/","url":"https:\/\/mekulo.com\/no\/wp-content\/uploads\/sites\/10\/2025\/12\/favicon_mekulo.png","contentUrl":"https:\/\/mekulo.com\/no\/wp-content\/uploads\/sites\/10\/2025\/12\/favicon_mekulo.png","width":50,"height":50,"caption":"Mekulo"},"image":{"@id":"https:\/\/mekulo.com\/no\/#\/schema\/logo\/image\/"}}]}},"_links":{"self":[{"href":"https:\/\/mekulo.com\/no\/wp-json\/wp\/v2\/product\/14850","targetHints":{"allow":["GET"]}}],"collection":[{"href":"https:\/\/mekulo.com\/no\/wp-json\/wp\/v2\/product"}],"about":[{"href":"https:\/\/mekulo.com\/no\/wp-json\/wp\/v2\/types\/product"}],"replies":[{"embeddable":true,"href":"https:\/\/mekulo.com\/no\/wp-json\/wp\/v2\/comments?post=14850"}],"wp:featuredmedia":[{"embeddable":true,"href":"https:\/\/mekulo.com\/no\/wp-json\/wp\/v2\/media\/14846"}],"wp:attachment":[{"href":"https:\/\/mekulo.com\/no\/wp-json\/wp\/v2\/media?parent=14850"}],"wp:term":[{"taxonomy":"product_brand","embeddable":true,"href":"https:\/\/mekulo.com\/no\/wp-json\/wp\/v2\/product_brand?post=14850"},{"taxonomy":"product_cat","embeddable":true,"href":"https:\/\/mekulo.com\/no\/wp-json\/wp\/v2\/product_cat?post=14850"},{"taxonomy":"product_tag","embeddable":true,"href":"https:\/\/mekulo.com\/no\/wp-json\/wp\/v2\/product_tag?post=14850"}],"curies":[{"name":"wp","href":"https:\/\/api.w.org\/{rel}","templated":true}]}}