{"id":14786,"date":"2026-01-06T12:13:30","date_gmt":"2026-01-06T10:13:30","guid":{"rendered":"https:\/\/mekulo.com\/no\/produkt\/skjaereverktoy-for-metallplater\/"},"modified":"2026-03-26T11:43:59","modified_gmt":"2026-03-26T09:43:59","slug":"skjaereverktoy-for-metallplater","status":"publish","type":"product","link":"https:\/\/mekulo.com\/no\/produkt\/skjaereverktoy-for-metallplater\/","title":{"rendered":"Skj\u00e6reverkt\u00f8y for metallplater"},"content":{"rendered":"<p style=\"text-align: center;\" data-start=\"102\" data-end=\"166\"><strong>\u2699\ufe0f Gj\u00f8r Boret Ditt Om Til En Presisjonsskj\u00e6rer For Metall &#8211; Uten Problemer!<\/strong><\/p>\n<p data-start=\"168\" data-end=\"321\"><img fetchpriority=\"high\" decoding=\"async\" class=\" wp-image-26580 aligncenter\" src=\"https:\/\/keluvo.com\/template\/wp-content\/uploads\/sites\/5\/2025\/07\/9199f098abd1be52e9016bce7b2a6b2e7cc7e325.webp\" alt=\"\" width=\"417\" height=\"521\" \/><\/p>\n<h2 style=\"text-align: center;\" data-start=\"323\" data-end=\"344\">\ud83e\uddf0 Hovedfordeler<\/h2>\n<p data-start=\"347\" data-end=\"408\">\u2702\ufe0f Skj\u00e6rer gjennom metallplater, jern, kobber, aluminium og mer<\/p>\n<p data-start=\"411\" data-end=\"477\">\ud83d\udd27 Passer til de fleste batteridrevne eller elektriske driller (ingen spesialverkt\u00f8y trengs)<\/p>\n<p data-start=\"480\" data-end=\"527\">\ud83d\udca8 Raske, gratfrie kutt uten st\u00f8y eller gnister<\/p>\n<p data-start=\"480\" data-end=\"527\">\ud83e\udded Presise, buede og rette kutt er enkelt<\/p>\n<p data-start=\"581\" data-end=\"639\">\ud83d\udcaa Slitesterk og bygget for \u00e5 vare &#8211; perfekt for proffer og DIYers<\/p>\n<p data-start=\"581\" data-end=\"639\"><img decoding=\"async\" class=\" wp-image-26579 aligncenter\" src=\"https:\/\/keluvo.com\/template\/wp-content\/uploads\/sites\/5\/2025\/07\/9bd77a750b6a26f597e5c86658e5329a7e0951b3.webp\" alt=\"\" width=\"418\" height=\"583\" \/><\/p>\n<h2 style=\"text-align: center;\" data-start=\"641\" data-end=\"660\">\ud83d\udee0\ufe0f Slik bruker du<\/h2>\n<ol data-start=\"661\" data-end=\"794\">\n<li data-start=\"661\" data-end=\"702\">\n<p data-start=\"664\" data-end=\"702\">Fest adapterhodet p\u00e5 drillen din.<\/p>\n<\/li>\n<li data-start=\"703\" data-end=\"740\">\n<p data-start=\"706\" data-end=\"740\">Plasser det p\u00e5 metalloverflaten.<\/p>\n<\/li>\n<li data-start=\"741\" data-end=\"794\">\n<p data-start=\"744\" data-end=\"794\">Trykk p\u00e5 avtrekkeren og styr kuttet &#8211; det er alt!<\/p>\n<\/li>\n<\/ol>\n<h2 style=\"text-align: center;\" data-start=\"796\" data-end=\"819\">\ud83d\udcd0 Produktdetaljer<\/h2>\n<ul data-start=\"820\" data-end=\"934\">\n<li data-start=\"820\" data-end=\"849\">\n<p data-start=\"822\" data-end=\"849\">Kompatibel med de fleste boremaskiner<\/p>\n<\/li>\n<li data-start=\"850\" data-end=\"884\">\n<p data-start=\"852\" data-end=\"884\">Kutter materialtykkelse: 0,8-2 mm<\/p>\n<\/li>\n<li data-start=\"885\" data-end=\"934\">\n<p data-start=\"887\" data-end=\"934\">Inkluderer skj\u00e6rehode, skiften\u00f8kkel og instruksjoner<\/p>\n<\/li>\n<\/ul>\n<h2 style=\"text-align: center;\" data-start=\"936\" data-end=\"960\">\ud83d\udce6 Pakken inneholder<\/h2>\n<ul data-start=\"961\" data-end=\"1017\">\n<li data-start=\"961\" data-end=\"987\">\n<p data-start=\"963\" data-end=\"987\">1x metallskj\u00e6rer<\/p>\n<\/li>\n<li data-start=\"961\" data-end=\"987\">\n<p data-start=\"963\" data-end=\"987\">1x brukerh\u00e5ndbok<\/p>\n<\/li>\n<li data-start=\"961\" data-end=\"987\">Festeverkt\u00f8y.<\/li>\n<\/ul>\n","protected":false},"excerpt":{"rendered":"<p>Denne metallskj\u00e6reren forvandler ethvert standard bor til en kraftig metallskj\u00e6rer. Rene, jevne kutt hver gang &#8211; ingen grader, gnister eller stress!<\/p>\n","protected":false},"featured_media":14782,"comment_status":"open","ping_status":"closed","template":"","meta":{"site-sidebar-layout":"default","site-content-layout":"","ast-site-content-layout":"default","site-content-style":"default","site-sidebar-style":"default","ast-global-header-display":"","ast-banner-title-visibility":"","ast-main-header-display":"","ast-hfb-above-header-display":"","ast-hfb-below-header-display":"","ast-hfb-mobile-header-display":"","site-post-title":"","ast-breadcrumbs-content":"","ast-featured-img":"","footer-sml-layout":"","theme-transparent-header-meta":"default","adv-header-id-meta":"","stick-header-meta":"","header-above-stick-meta":"","header-main-stick-meta":"","header-below-stick-meta":"","astra-migrate-meta-layouts":"set","ast-page-background-enabled":"default","ast-page-background-meta":{"desktop":{"background-color":"var(--ast-global-color-5)","background-image":"","background-repeat":"repeat","background-position":"center center","background-size":"auto","background-attachment":"scroll","background-type":"","background-media":"","overlay-type":"","overlay-color":"","overlay-opacity":"","overlay-gradient":""},"tablet":{"background-color":"","background-image":"","background-repeat":"repeat","background-position":"center center","background-size":"auto","background-attachment":"scroll","background-type":"","background-media":"","overlay-type":"","overlay-color":"","overlay-opacity":"","overlay-gradient":""},"mobile":{"background-color":"","background-image":"","background-repeat":"repeat","background-position":"center center","background-size":"auto","background-attachment":"scroll","background-type":"","background-media":"","overlay-type":"","overlay-color":"","overlay-opacity":"","overlay-gradient":""}},"ast-content-background-meta":{"desktop":{"background-color":"var(--ast-global-color-4)","background-image":"","background-repeat":"repeat","background-position":"center center","background-size":"auto","background-attachment":"scroll","background-type":"","background-media":"","overlay-type":"","overlay-color":"","overlay-opacity":"","overlay-gradient":""},"tablet":{"background-color":"var(--ast-global-color-4)","background-image":"","background-repeat":"repeat","background-position":"center center","background-size":"auto","background-attachment":"scroll","background-type":"","background-media":"","overlay-type":"","overlay-color":"","overlay-opacity":"","overlay-gradient":""},"mobile":{"background-color":"var(--ast-global-color-4)","background-image":"","background-repeat":"repeat","background-position":"center center","background-size":"auto","background-attachment":"scroll","background-type":"","background-media":"","overlay-type":"","overlay-color":"","overlay-opacity":"","overlay-gradient":""}}},"product_brand":[],"product_cat":[171],"product_tag":[],"class_list":{"0":"post-14786","1":"product","2":"type-product","3":"status-publish","4":"has-post-thumbnail","6":"product_cat-verktoy","7":"desktop-align-left","8":"tablet-align-left","9":"mobile-align-left","11":"first","12":"instock","13":"shipping-taxable","14":"purchasable","15":"product-type-simple"},"yoast_head":"<!-- This site is optimized with the Yoast SEO plugin v26.6 - https:\/\/yoast.com\/wordpress\/plugins\/seo\/ -->\n<title>Skj\u00e6reverkt\u00f8y for metallplater - Mekulo NO<\/title>\n<meta name=\"robots\" content=\"index, follow, max-snippet:-1, max-image-preview:large, max-video-preview:-1\" \/>\n<link rel=\"canonical\" href=\"https:\/\/mekulo.com\/no\/produkt\/skjaereverktoy-for-metallplater\/\" \/>\n<meta property=\"og:locale\" content=\"nb_NO\" \/>\n<meta property=\"og:type\" content=\"article\" \/>\n<meta property=\"og:title\" content=\"Skj\u00e6reverkt\u00f8y for metallplater - Mekulo NO\" \/>\n<meta property=\"og:description\" content=\"Denne metallskj\u00e6reren forvandler ethvert standard bor til en kraftig metallskj\u00e6rer. Rene, jevne kutt hver gang - ingen grader, gnister eller stress!\" \/>\n<meta property=\"og:url\" content=\"https:\/\/mekulo.com\/no\/produkt\/skjaereverktoy-for-metallplater\/\" \/>\n<meta property=\"og:site_name\" content=\"Mekulo NO\" \/>\n<meta property=\"article:modified_time\" content=\"2026-03-26T09:43:59+00:00\" \/>\n<meta property=\"og:image\" content=\"https:\/\/mekulo.com\/no\/wp-content\/uploads\/sites\/10\/2026\/01\/5gh0s14-1.jpg\" \/>\n\t<meta property=\"og:image:width\" content=\"1080\" \/>\n\t<meta property=\"og:image:height\" content=\"1080\" \/>\n\t<meta property=\"og:image:type\" content=\"image\/jpeg\" \/>\n<meta name=\"twitter:card\" content=\"summary_large_image\" \/>\n<meta name=\"twitter:label1\" content=\"Ansl. lesetid\" \/>\n\t<meta name=\"twitter:data1\" content=\"2 minutter\" \/>\n<script type=\"application\/ld+json\" class=\"yoast-schema-graph\">{\"@context\":\"https:\/\/schema.org\",\"@graph\":[{\"@type\":\"WebPage\",\"@id\":\"https:\/\/mekulo.com\/no\/produkt\/skjaereverktoy-for-metallplater\/\",\"url\":\"https:\/\/mekulo.com\/no\/produkt\/skjaereverktoy-for-metallplater\/\",\"name\":\"Skj\u00e6reverkt\u00f8y for metallplater - Mekulo NO\",\"isPartOf\":{\"@id\":\"https:\/\/mekulo.com\/no\/#website\"},\"primaryImageOfPage\":{\"@id\":\"https:\/\/mekulo.com\/no\/produkt\/skjaereverktoy-for-metallplater\/#primaryimage\"},\"image\":{\"@id\":\"https:\/\/mekulo.com\/no\/produkt\/skjaereverktoy-for-metallplater\/#primaryimage\"},\"thumbnailUrl\":\"https:\/\/mekulo.com\/no\/wp-content\/uploads\/sites\/10\/2026\/01\/5gh0s14-1.jpg\",\"datePublished\":\"2026-01-06T10:13:30+00:00\",\"dateModified\":\"2026-03-26T09:43:59+00:00\",\"breadcrumb\":{\"@id\":\"https:\/\/mekulo.com\/no\/produkt\/skjaereverktoy-for-metallplater\/#breadcrumb\"},\"inLanguage\":\"nb-NO\",\"potentialAction\":[{\"@type\":\"ReadAction\",\"target\":[\"https:\/\/mekulo.com\/no\/produkt\/skjaereverktoy-for-metallplater\/\"]}]},{\"@type\":\"ImageObject\",\"inLanguage\":\"nb-NO\",\"@id\":\"https:\/\/mekulo.com\/no\/produkt\/skjaereverktoy-for-metallplater\/#primaryimage\",\"url\":\"https:\/\/mekulo.com\/no\/wp-content\/uploads\/sites\/10\/2026\/01\/5gh0s14-1.jpg\",\"contentUrl\":\"https:\/\/mekulo.com\/no\/wp-content\/uploads\/sites\/10\/2026\/01\/5gh0s14-1.jpg\",\"width\":1080,\"height\":1080},{\"@type\":\"BreadcrumbList\",\"@id\":\"https:\/\/mekulo.com\/no\/produkt\/skjaereverktoy-for-metallplater\/#breadcrumb\",\"itemListElement\":[{\"@type\":\"ListItem\",\"position\":1,\"name\":\"Home\",\"item\":\"https:\/\/mekulo.com\/no\/\"},{\"@type\":\"ListItem\",\"position\":2,\"name\":\"Butikk\",\"item\":\"https:\/\/mekulo.com\/no\/butikk\/\"},{\"@type\":\"ListItem\",\"position\":3,\"name\":\"Skj\u00e6reverkt\u00f8y for metallplater\"}]},{\"@type\":\"WebSite\",\"@id\":\"https:\/\/mekulo.com\/no\/#website\",\"url\":\"https:\/\/mekulo.com\/no\/\",\"name\":\"Mekulo NO\",\"description\":\"\",\"publisher\":{\"@id\":\"https:\/\/mekulo.com\/no\/#organization\"},\"potentialAction\":[{\"@type\":\"SearchAction\",\"target\":{\"@type\":\"EntryPoint\",\"urlTemplate\":\"https:\/\/mekulo.com\/no\/?s={search_term_string}\"},\"query-input\":{\"@type\":\"PropertyValueSpecification\",\"valueRequired\":true,\"valueName\":\"search_term_string\"}}],\"inLanguage\":\"nb-NO\"},{\"@type\":\"Organization\",\"@id\":\"https:\/\/mekulo.com\/no\/#organization\",\"name\":\"Mekulo\",\"url\":\"https:\/\/mekulo.com\/no\/\",\"logo\":{\"@type\":\"ImageObject\",\"inLanguage\":\"nb-NO\",\"@id\":\"https:\/\/mekulo.com\/no\/#\/schema\/logo\/image\/\",\"url\":\"https:\/\/mekulo.com\/no\/wp-content\/uploads\/sites\/10\/2025\/12\/favicon_mekulo.png\",\"contentUrl\":\"https:\/\/mekulo.com\/no\/wp-content\/uploads\/sites\/10\/2025\/12\/favicon_mekulo.png\",\"width\":50,\"height\":50,\"caption\":\"Mekulo\"},\"image\":{\"@id\":\"https:\/\/mekulo.com\/no\/#\/schema\/logo\/image\/\"}}]}<\/script>\n<!-- \/ Yoast SEO plugin. -->","yoast_head_json":{"title":"Skj\u00e6reverkt\u00f8y for metallplater - Mekulo NO","robots":{"index":"index","follow":"follow","max-snippet":"max-snippet:-1","max-image-preview":"max-image-preview:large","max-video-preview":"max-video-preview:-1"},"canonical":"https:\/\/mekulo.com\/no\/produkt\/skjaereverktoy-for-metallplater\/","og_locale":"nb_NO","og_type":"article","og_title":"Skj\u00e6reverkt\u00f8y for metallplater - Mekulo NO","og_description":"Denne metallskj\u00e6reren forvandler ethvert standard bor til en kraftig metallskj\u00e6rer. Rene, jevne kutt hver gang - ingen grader, gnister eller stress!","og_url":"https:\/\/mekulo.com\/no\/produkt\/skjaereverktoy-for-metallplater\/","og_site_name":"Mekulo NO","article_modified_time":"2026-03-26T09:43:59+00:00","og_image":[{"width":1080,"height":1080,"url":"https:\/\/mekulo.com\/no\/wp-content\/uploads\/sites\/10\/2026\/01\/5gh0s14-1.jpg","type":"image\/jpeg"}],"twitter_card":"summary_large_image","twitter_misc":{"Ansl. lesetid":"2 minutter"},"schema":{"@context":"https:\/\/schema.org","@graph":[{"@type":"WebPage","@id":"https:\/\/mekulo.com\/no\/produkt\/skjaereverktoy-for-metallplater\/","url":"https:\/\/mekulo.com\/no\/produkt\/skjaereverktoy-for-metallplater\/","name":"Skj\u00e6reverkt\u00f8y for metallplater - Mekulo NO","isPartOf":{"@id":"https:\/\/mekulo.com\/no\/#website"},"primaryImageOfPage":{"@id":"https:\/\/mekulo.com\/no\/produkt\/skjaereverktoy-for-metallplater\/#primaryimage"},"image":{"@id":"https:\/\/mekulo.com\/no\/produkt\/skjaereverktoy-for-metallplater\/#primaryimage"},"thumbnailUrl":"https:\/\/mekulo.com\/no\/wp-content\/uploads\/sites\/10\/2026\/01\/5gh0s14-1.jpg","datePublished":"2026-01-06T10:13:30+00:00","dateModified":"2026-03-26T09:43:59+00:00","breadcrumb":{"@id":"https:\/\/mekulo.com\/no\/produkt\/skjaereverktoy-for-metallplater\/#breadcrumb"},"inLanguage":"nb-NO","potentialAction":[{"@type":"ReadAction","target":["https:\/\/mekulo.com\/no\/produkt\/skjaereverktoy-for-metallplater\/"]}]},{"@type":"ImageObject","inLanguage":"nb-NO","@id":"https:\/\/mekulo.com\/no\/produkt\/skjaereverktoy-for-metallplater\/#primaryimage","url":"https:\/\/mekulo.com\/no\/wp-content\/uploads\/sites\/10\/2026\/01\/5gh0s14-1.jpg","contentUrl":"https:\/\/mekulo.com\/no\/wp-content\/uploads\/sites\/10\/2026\/01\/5gh0s14-1.jpg","width":1080,"height":1080},{"@type":"BreadcrumbList","@id":"https:\/\/mekulo.com\/no\/produkt\/skjaereverktoy-for-metallplater\/#breadcrumb","itemListElement":[{"@type":"ListItem","position":1,"name":"Home","item":"https:\/\/mekulo.com\/no\/"},{"@type":"ListItem","position":2,"name":"Butikk","item":"https:\/\/mekulo.com\/no\/butikk\/"},{"@type":"ListItem","position":3,"name":"Skj\u00e6reverkt\u00f8y for metallplater"}]},{"@type":"WebSite","@id":"https:\/\/mekulo.com\/no\/#website","url":"https:\/\/mekulo.com\/no\/","name":"Mekulo NO","description":"","publisher":{"@id":"https:\/\/mekulo.com\/no\/#organization"},"potentialAction":[{"@type":"SearchAction","target":{"@type":"EntryPoint","urlTemplate":"https:\/\/mekulo.com\/no\/?s={search_term_string}"},"query-input":{"@type":"PropertyValueSpecification","valueRequired":true,"valueName":"search_term_string"}}],"inLanguage":"nb-NO"},{"@type":"Organization","@id":"https:\/\/mekulo.com\/no\/#organization","name":"Mekulo","url":"https:\/\/mekulo.com\/no\/","logo":{"@type":"ImageObject","inLanguage":"nb-NO","@id":"https:\/\/mekulo.com\/no\/#\/schema\/logo\/image\/","url":"https:\/\/mekulo.com\/no\/wp-content\/uploads\/sites\/10\/2025\/12\/favicon_mekulo.png","contentUrl":"https:\/\/mekulo.com\/no\/wp-content\/uploads\/sites\/10\/2025\/12\/favicon_mekulo.png","width":50,"height":50,"caption":"Mekulo"},"image":{"@id":"https:\/\/mekulo.com\/no\/#\/schema\/logo\/image\/"}}]}},"_links":{"self":[{"href":"https:\/\/mekulo.com\/no\/wp-json\/wp\/v2\/product\/14786","targetHints":{"allow":["GET"]}}],"collection":[{"href":"https:\/\/mekulo.com\/no\/wp-json\/wp\/v2\/product"}],"about":[{"href":"https:\/\/mekulo.com\/no\/wp-json\/wp\/v2\/types\/product"}],"replies":[{"embeddable":true,"href":"https:\/\/mekulo.com\/no\/wp-json\/wp\/v2\/comments?post=14786"}],"wp:featuredmedia":[{"embeddable":true,"href":"https:\/\/mekulo.com\/no\/wp-json\/wp\/v2\/media\/14782"}],"wp:attachment":[{"href":"https:\/\/mekulo.com\/no\/wp-json\/wp\/v2\/media?parent=14786"}],"wp:term":[{"taxonomy":"product_brand","embeddable":true,"href":"https:\/\/mekulo.com\/no\/wp-json\/wp\/v2\/product_brand?post=14786"},{"taxonomy":"product_cat","embeddable":true,"href":"https:\/\/mekulo.com\/no\/wp-json\/wp\/v2\/product_cat?post=14786"},{"taxonomy":"product_tag","embeddable":true,"href":"https:\/\/mekulo.com\/no\/wp-json\/wp\/v2\/product_tag?post=14786"}],"curies":[{"name":"wp","href":"https:\/\/api.w.org\/{rel}","templated":true}]}}