{"id":14777,"date":"2026-01-06T12:12:43","date_gmt":"2026-01-06T10:12:43","guid":{"rendered":"https:\/\/mekulo.com\/no\/produkt\/belte-for-fettreduksjon\/"},"modified":"2026-01-06T12:12:43","modified_gmt":"2026-01-06T10:12:43","slug":"belte-for-fettreduksjon","status":"publish","type":"product","link":"https:\/\/mekulo.com\/no\/produkt\/belte-for-fettreduksjon\/","title":{"rendered":"Belte for fettreduksjon"},"content":{"rendered":"<p style=\"text-align: center\" data-start=\"91\" data-end=\"308\"><strong>\ud83d\udd25 Forbren fett og form kroppen din &#8211; mens du sitter i sofaen!<\/strong><\/p>\n<p data-start=\"91\" data-end=\"308\"><img decoding=\"async\" class=\"size-full wp-image-26204 aligncenter\" src=\"https:\/\/keluvo.com\/template\/wp-content\/uploads\/sites\/5\/2025\/07\/07023-ezgif.com-video-to-webp-converter.webp\" alt=\"\" \/><\/p>\n<h2 style=\"text-align: center\" data-start=\"391\" data-end=\"412\">\u2728 Hovedfordeler<\/h2>\n<p data-start=\"415\" data-end=\"476\">\ud83d\udcaa Toner magemuskler, reduserer magefett og definerer midjen<\/p>\n<p data-start=\"479\" data-end=\"531\">\ud83d\udd0b EMS-teknologi aktiverer muskler uten anstrengelse<\/p>\n<p data-start=\"534\" data-end=\"582\">\ud83e\uddcd Slank design for diskret bruk under kl\u00e6rne<\/p>\n<p data-start=\"585\" data-end=\"629\">\u23f1 Justerbar intensitet med 6 effektniv\u00e5er<\/p>\n<p data-start=\"632\" data-end=\"677\">\ud83e\uddd8\u200d\u2642\ufe0f Flott for menn og kvinner &#8211; uten behov for treningsstudio<\/p>\n<p data-start=\"632\" data-end=\"677\"><img decoding=\"async\" class=\"size-full wp-image-26205 aligncenter\" src=\"https:\/\/keluvo.com\/template\/wp-content\/uploads\/sites\/5\/2025\/07\/573724ad-4591-49db-b9ab-16caa499d987.webp\" alt=\"\" \/><\/p>\n<h2 style=\"text-align: center\" data-start=\"679\" data-end=\"698\">\ud83d\udd27 Hvordan bruke<\/h2>\n<ol data-start=\"699\" data-end=\"840\">\n<li data-start=\"699\" data-end=\"738\">\n<p data-start=\"702\" data-end=\"738\">Feste beltet rundt midjen din.<\/p>\n<\/li>\n<li data-start=\"739\" data-end=\"789\">\n<p data-start=\"742\" data-end=\"789\">Velg \u00f8nsket modus og intensitetsniv\u00e5.<\/p>\n<\/li>\n<li data-start=\"790\" data-end=\"840\">\n<p data-start=\"793\" data-end=\"840\">Slapp av mens fettreduksjonsbeltet jobber med musklene for deg!<\/p>\n<\/li>\n<\/ol>\n<h2 style=\"text-align: center\" data-start=\"842\" data-end=\"866\">\ud83d\udccf Produktdetaljer<\/h2>\n<ul data-start=\"867\" data-end=\"1008\">\n<li data-start=\"924\" data-end=\"953\">\n<p data-start=\"926\" data-end=\"953\">Beltest\u00f8rrelse: 19,5 x 18,5 cm<\/p>\n<\/li>\n<li data-start=\"954\" data-end=\"977\">\n<p data-start=\"956\" data-end=\"977\">Intensitetsniv\u00e5er: 6<\/p>\n<\/li>\n<li data-start=\"978\" data-end=\"1008\">\n<p data-start=\"980\" data-end=\"1008\">Lading: USB-oppladbar<\/p>\n<\/li>\n<\/ul>\n<h2 style=\"text-align: center\" data-start=\"1010\" data-end=\"1035\">\ud83d\udce6 Pakken inkluderer<\/h2>\n<ul data-start=\"1036\" data-end=\"1110\">\n<li data-start=\"1036\" data-end=\"1069\">\n<p data-start=\"1038\" data-end=\"1069\">1x fettreduksjonsbelte<\/p>\n<\/li>\n<li data-start=\"1070\" data-end=\"1091\">\n<p data-start=\"1072\" data-end=\"1091\">1x ladekabel<\/p>\n<\/li>\n<li data-start=\"1092\" data-end=\"1110\">\n<p data-start=\"1094\" data-end=\"1110\">1x brukerh\u00e5ndbok.<\/p>\n<\/li>\n<\/ul>\n","protected":false},"excerpt":{"rendered":"<p>Fettreduksjonsbeltet bruker smart muskelstimulering (EMS) for \u00e5 redusere magefett, tone kjernemuskulaturen og definere magemusklene uten intense trenings\u00f8kter eller strenge dietter. Bruk det under kl\u00e6rne n\u00e5r som helst &#8211; p\u00e5 jobb, mens du g\u00e5r tur eller slapper av hjemme!<\/p>\n","protected":false},"featured_media":14773,"comment_status":"open","ping_status":"closed","template":"","meta":{"site-sidebar-layout":"default","site-content-layout":"","ast-site-content-layout":"default","site-content-style":"default","site-sidebar-style":"default","ast-global-header-display":"","ast-banner-title-visibility":"","ast-main-header-display":"","ast-hfb-above-header-display":"","ast-hfb-below-header-display":"","ast-hfb-mobile-header-display":"","site-post-title":"","ast-breadcrumbs-content":"","ast-featured-img":"","footer-sml-layout":"","theme-transparent-header-meta":"default","adv-header-id-meta":"","stick-header-meta":"","header-above-stick-meta":"","header-main-stick-meta":"","header-below-stick-meta":"","astra-migrate-meta-layouts":"set","ast-page-background-enabled":"default","ast-page-background-meta":{"desktop":{"background-color":"var(--ast-global-color-5)","background-image":"","background-repeat":"repeat","background-position":"center center","background-size":"auto","background-attachment":"scroll","background-type":"","background-media":"","overlay-type":"","overlay-color":"","overlay-opacity":"","overlay-gradient":""},"tablet":{"background-color":"","background-image":"","background-repeat":"repeat","background-position":"center center","background-size":"auto","background-attachment":"scroll","background-type":"","background-media":"","overlay-type":"","overlay-color":"","overlay-opacity":"","overlay-gradient":""},"mobile":{"background-color":"","background-image":"","background-repeat":"repeat","background-position":"center center","background-size":"auto","background-attachment":"scroll","background-type":"","background-media":"","overlay-type":"","overlay-color":"","overlay-opacity":"","overlay-gradient":""}},"ast-content-background-meta":{"desktop":{"background-color":"var(--ast-global-color-4)","background-image":"","background-repeat":"repeat","background-position":"center center","background-size":"auto","background-attachment":"scroll","background-type":"","background-media":"","overlay-type":"","overlay-color":"","overlay-opacity":"","overlay-gradient":""},"tablet":{"background-color":"var(--ast-global-color-4)","background-image":"","background-repeat":"repeat","background-position":"center center","background-size":"auto","background-attachment":"scroll","background-type":"","background-media":"","overlay-type":"","overlay-color":"","overlay-opacity":"","overlay-gradient":""},"mobile":{"background-color":"var(--ast-global-color-4)","background-image":"","background-repeat":"repeat","background-position":"center center","background-size":"auto","background-attachment":"scroll","background-type":"","background-media":"","overlay-type":"","overlay-color":"","overlay-opacity":"","overlay-gradient":""}}},"product_brand":[],"product_cat":[165,170],"product_tag":[],"class_list":{"0":"post-14777","1":"product","2":"type-product","3":"status-publish","4":"has-post-thumbnail","6":"product_cat-fottoy-tilbehor","7":"product_cat-sportsutstyr","8":"desktop-align-left","9":"tablet-align-left","10":"mobile-align-left","12":"first","13":"instock","14":"shipping-taxable","15":"purchasable","16":"product-type-simple"},"yoast_head":"<!-- This site is optimized with the Yoast SEO plugin v26.6 - https:\/\/yoast.com\/wordpress\/plugins\/seo\/ -->\n<title>Belte for fettreduksjon - Mekulo NO<\/title>\n<meta name=\"robots\" content=\"index, follow, max-snippet:-1, max-image-preview:large, max-video-preview:-1\" \/>\n<link rel=\"canonical\" href=\"https:\/\/mekulo.com\/no\/produkt\/belte-for-fettreduksjon\/\" \/>\n<meta property=\"og:locale\" content=\"nb_NO\" \/>\n<meta property=\"og:type\" content=\"article\" \/>\n<meta property=\"og:title\" content=\"Belte for fettreduksjon - Mekulo NO\" \/>\n<meta property=\"og:description\" content=\"Fettreduksjonsbeltet bruker smart muskelstimulering (EMS) for \u00e5 redusere magefett, tone kjernemuskulaturen og definere magemusklene uten intense trenings\u00f8kter eller strenge dietter. Bruk det under kl\u00e6rne n\u00e5r som helst - p\u00e5 jobb, mens du g\u00e5r tur eller slapper av hjemme!\" \/>\n<meta property=\"og:url\" content=\"https:\/\/mekulo.com\/no\/produkt\/belte-for-fettreduksjon\/\" \/>\n<meta property=\"og:site_name\" content=\"Mekulo NO\" \/>\n<meta property=\"og:image\" content=\"https:\/\/mekulo.com\/no\/wp-content\/uploads\/sites\/10\/2026\/01\/xzxiocx-1.webp\" \/>\n\t<meta property=\"og:image:width\" content=\"400\" \/>\n\t<meta property=\"og:image:height\" content=\"400\" \/>\n\t<meta property=\"og:image:type\" content=\"image\/webp\" \/>\n<meta name=\"twitter:card\" content=\"summary_large_image\" \/>\n<meta name=\"twitter:label1\" content=\"Ansl. lesetid\" \/>\n\t<meta name=\"twitter:data1\" content=\"2 minutter\" \/>\n<script type=\"application\/ld+json\" class=\"yoast-schema-graph\">{\"@context\":\"https:\/\/schema.org\",\"@graph\":[{\"@type\":\"WebPage\",\"@id\":\"https:\/\/mekulo.com\/no\/produkt\/belte-for-fettreduksjon\/\",\"url\":\"https:\/\/mekulo.com\/no\/produkt\/belte-for-fettreduksjon\/\",\"name\":\"Belte for fettreduksjon - Mekulo NO\",\"isPartOf\":{\"@id\":\"https:\/\/mekulo.com\/no\/#website\"},\"primaryImageOfPage\":{\"@id\":\"https:\/\/mekulo.com\/no\/produkt\/belte-for-fettreduksjon\/#primaryimage\"},\"image\":{\"@id\":\"https:\/\/mekulo.com\/no\/produkt\/belte-for-fettreduksjon\/#primaryimage\"},\"thumbnailUrl\":\"https:\/\/mekulo.com\/no\/wp-content\/uploads\/sites\/10\/2026\/01\/xzxiocx-1.webp\",\"datePublished\":\"2026-01-06T10:12:43+00:00\",\"breadcrumb\":{\"@id\":\"https:\/\/mekulo.com\/no\/produkt\/belte-for-fettreduksjon\/#breadcrumb\"},\"inLanguage\":\"nb-NO\",\"potentialAction\":[{\"@type\":\"ReadAction\",\"target\":[\"https:\/\/mekulo.com\/no\/produkt\/belte-for-fettreduksjon\/\"]}]},{\"@type\":\"ImageObject\",\"inLanguage\":\"nb-NO\",\"@id\":\"https:\/\/mekulo.com\/no\/produkt\/belte-for-fettreduksjon\/#primaryimage\",\"url\":\"https:\/\/mekulo.com\/no\/wp-content\/uploads\/sites\/10\/2026\/01\/xzxiocx-1.webp\",\"contentUrl\":\"https:\/\/mekulo.com\/no\/wp-content\/uploads\/sites\/10\/2026\/01\/xzxiocx-1.webp\",\"width\":400,\"height\":400},{\"@type\":\"BreadcrumbList\",\"@id\":\"https:\/\/mekulo.com\/no\/produkt\/belte-for-fettreduksjon\/#breadcrumb\",\"itemListElement\":[{\"@type\":\"ListItem\",\"position\":1,\"name\":\"Home\",\"item\":\"https:\/\/mekulo.com\/no\/\"},{\"@type\":\"ListItem\",\"position\":2,\"name\":\"Butikk\",\"item\":\"https:\/\/mekulo.com\/no\/butikk\/\"},{\"@type\":\"ListItem\",\"position\":3,\"name\":\"Belte for fettreduksjon\"}]},{\"@type\":\"WebSite\",\"@id\":\"https:\/\/mekulo.com\/no\/#website\",\"url\":\"https:\/\/mekulo.com\/no\/\",\"name\":\"Mekulo NO\",\"description\":\"\",\"publisher\":{\"@id\":\"https:\/\/mekulo.com\/no\/#organization\"},\"potentialAction\":[{\"@type\":\"SearchAction\",\"target\":{\"@type\":\"EntryPoint\",\"urlTemplate\":\"https:\/\/mekulo.com\/no\/?s={search_term_string}\"},\"query-input\":{\"@type\":\"PropertyValueSpecification\",\"valueRequired\":true,\"valueName\":\"search_term_string\"}}],\"inLanguage\":\"nb-NO\"},{\"@type\":\"Organization\",\"@id\":\"https:\/\/mekulo.com\/no\/#organization\",\"name\":\"Mekulo\",\"url\":\"https:\/\/mekulo.com\/no\/\",\"logo\":{\"@type\":\"ImageObject\",\"inLanguage\":\"nb-NO\",\"@id\":\"https:\/\/mekulo.com\/no\/#\/schema\/logo\/image\/\",\"url\":\"https:\/\/mekulo.com\/no\/wp-content\/uploads\/sites\/10\/2025\/12\/favicon_mekulo.png\",\"contentUrl\":\"https:\/\/mekulo.com\/no\/wp-content\/uploads\/sites\/10\/2025\/12\/favicon_mekulo.png\",\"width\":50,\"height\":50,\"caption\":\"Mekulo\"},\"image\":{\"@id\":\"https:\/\/mekulo.com\/no\/#\/schema\/logo\/image\/\"}}]}<\/script>\n<!-- \/ Yoast SEO plugin. -->","yoast_head_json":{"title":"Belte for fettreduksjon - Mekulo NO","robots":{"index":"index","follow":"follow","max-snippet":"max-snippet:-1","max-image-preview":"max-image-preview:large","max-video-preview":"max-video-preview:-1"},"canonical":"https:\/\/mekulo.com\/no\/produkt\/belte-for-fettreduksjon\/","og_locale":"nb_NO","og_type":"article","og_title":"Belte for fettreduksjon - Mekulo NO","og_description":"Fettreduksjonsbeltet bruker smart muskelstimulering (EMS) for \u00e5 redusere magefett, tone kjernemuskulaturen og definere magemusklene uten intense trenings\u00f8kter eller strenge dietter. Bruk det under kl\u00e6rne n\u00e5r som helst - p\u00e5 jobb, mens du g\u00e5r tur eller slapper av hjemme!","og_url":"https:\/\/mekulo.com\/no\/produkt\/belte-for-fettreduksjon\/","og_site_name":"Mekulo NO","og_image":[{"width":400,"height":400,"url":"https:\/\/mekulo.com\/no\/wp-content\/uploads\/sites\/10\/2026\/01\/xzxiocx-1.webp","type":"image\/webp"}],"twitter_card":"summary_large_image","twitter_misc":{"Ansl. lesetid":"2 minutter"},"schema":{"@context":"https:\/\/schema.org","@graph":[{"@type":"WebPage","@id":"https:\/\/mekulo.com\/no\/produkt\/belte-for-fettreduksjon\/","url":"https:\/\/mekulo.com\/no\/produkt\/belte-for-fettreduksjon\/","name":"Belte for fettreduksjon - Mekulo NO","isPartOf":{"@id":"https:\/\/mekulo.com\/no\/#website"},"primaryImageOfPage":{"@id":"https:\/\/mekulo.com\/no\/produkt\/belte-for-fettreduksjon\/#primaryimage"},"image":{"@id":"https:\/\/mekulo.com\/no\/produkt\/belte-for-fettreduksjon\/#primaryimage"},"thumbnailUrl":"https:\/\/mekulo.com\/no\/wp-content\/uploads\/sites\/10\/2026\/01\/xzxiocx-1.webp","datePublished":"2026-01-06T10:12:43+00:00","breadcrumb":{"@id":"https:\/\/mekulo.com\/no\/produkt\/belte-for-fettreduksjon\/#breadcrumb"},"inLanguage":"nb-NO","potentialAction":[{"@type":"ReadAction","target":["https:\/\/mekulo.com\/no\/produkt\/belte-for-fettreduksjon\/"]}]},{"@type":"ImageObject","inLanguage":"nb-NO","@id":"https:\/\/mekulo.com\/no\/produkt\/belte-for-fettreduksjon\/#primaryimage","url":"https:\/\/mekulo.com\/no\/wp-content\/uploads\/sites\/10\/2026\/01\/xzxiocx-1.webp","contentUrl":"https:\/\/mekulo.com\/no\/wp-content\/uploads\/sites\/10\/2026\/01\/xzxiocx-1.webp","width":400,"height":400},{"@type":"BreadcrumbList","@id":"https:\/\/mekulo.com\/no\/produkt\/belte-for-fettreduksjon\/#breadcrumb","itemListElement":[{"@type":"ListItem","position":1,"name":"Home","item":"https:\/\/mekulo.com\/no\/"},{"@type":"ListItem","position":2,"name":"Butikk","item":"https:\/\/mekulo.com\/no\/butikk\/"},{"@type":"ListItem","position":3,"name":"Belte for fettreduksjon"}]},{"@type":"WebSite","@id":"https:\/\/mekulo.com\/no\/#website","url":"https:\/\/mekulo.com\/no\/","name":"Mekulo NO","description":"","publisher":{"@id":"https:\/\/mekulo.com\/no\/#organization"},"potentialAction":[{"@type":"SearchAction","target":{"@type":"EntryPoint","urlTemplate":"https:\/\/mekulo.com\/no\/?s={search_term_string}"},"query-input":{"@type":"PropertyValueSpecification","valueRequired":true,"valueName":"search_term_string"}}],"inLanguage":"nb-NO"},{"@type":"Organization","@id":"https:\/\/mekulo.com\/no\/#organization","name":"Mekulo","url":"https:\/\/mekulo.com\/no\/","logo":{"@type":"ImageObject","inLanguage":"nb-NO","@id":"https:\/\/mekulo.com\/no\/#\/schema\/logo\/image\/","url":"https:\/\/mekulo.com\/no\/wp-content\/uploads\/sites\/10\/2025\/12\/favicon_mekulo.png","contentUrl":"https:\/\/mekulo.com\/no\/wp-content\/uploads\/sites\/10\/2025\/12\/favicon_mekulo.png","width":50,"height":50,"caption":"Mekulo"},"image":{"@id":"https:\/\/mekulo.com\/no\/#\/schema\/logo\/image\/"}}]}},"_links":{"self":[{"href":"https:\/\/mekulo.com\/no\/wp-json\/wp\/v2\/product\/14777","targetHints":{"allow":["GET"]}}],"collection":[{"href":"https:\/\/mekulo.com\/no\/wp-json\/wp\/v2\/product"}],"about":[{"href":"https:\/\/mekulo.com\/no\/wp-json\/wp\/v2\/types\/product"}],"replies":[{"embeddable":true,"href":"https:\/\/mekulo.com\/no\/wp-json\/wp\/v2\/comments?post=14777"}],"wp:featuredmedia":[{"embeddable":true,"href":"https:\/\/mekulo.com\/no\/wp-json\/wp\/v2\/media\/14773"}],"wp:attachment":[{"href":"https:\/\/mekulo.com\/no\/wp-json\/wp\/v2\/media?parent=14777"}],"wp:term":[{"taxonomy":"product_brand","embeddable":true,"href":"https:\/\/mekulo.com\/no\/wp-json\/wp\/v2\/product_brand?post=14777"},{"taxonomy":"product_cat","embeddable":true,"href":"https:\/\/mekulo.com\/no\/wp-json\/wp\/v2\/product_cat?post=14777"},{"taxonomy":"product_tag","embeddable":true,"href":"https:\/\/mekulo.com\/no\/wp-json\/wp\/v2\/product_tag?post=14777"}],"curies":[{"name":"wp","href":"https:\/\/api.w.org\/{rel}","templated":true}]}}