{"id":14762,"date":"2026-01-06T12:11:51","date_gmt":"2026-01-06T10:11:51","guid":{"rendered":"https:\/\/mekulo.com\/no\/produkt\/rustfjerner-spray\/"},"modified":"2026-01-06T12:44:00","modified_gmt":"2026-01-06T10:44:00","slug":"rustfjerner-spray","status":"publish","type":"product","link":"https:\/\/mekulo.com\/no\/produkt\/rustfjerner-spray\/","title":{"rendered":"Rustfjerner spray"},"content":{"rendered":"<p style=\"text-align: center;\" data-start=\"95\" data-end=\"139\"><strong data-start=\"95\" data-end=\"139\">F\u00e5 felgene dine til \u00e5 skinne som nye igjen! \ud83d\ude97\u2728<\/strong><\/p>\n<p data-start=\"141\" data-end=\"315\"><img decoding=\"async\" class=\"size-full wp-image-26856 aligncenter\" src=\"https:\/\/keluvo.com\/template\/wp-content\/uploads\/sites\/5\/2025\/07\/16923331924593.webp\" alt=\"\" \/><\/p>\n<h2 style=\"text-align: center;\" data-start=\"317\" data-end=\"338\">Hovedfordeler \ud83d\udcab<\/h2>\n<p data-start=\"341\" data-end=\"394\">\ud83e\uddfc Fjerner rust raskt fra felger og lakkerte overflater<\/p>\n<p data-start=\"397\" data-end=\"435\">\u2728 Gjenoppretter glans og originale finish<\/p>\n<p data-start=\"438\" data-end=\"494\">\ud83d\udee1\ufe0f Etterlater et beskyttende belegg for \u00e5 forhindre fremtidig rust<\/p>\n<p data-start=\"497\" data-end=\"548\">\ud83e\uddf4 Sk\u00e5nsom mot alle typer billakk og materialer<\/p>\n<p data-start=\"551\" data-end=\"600\">\ud83d\udd27 Perfekt for b\u00e5de bilelskere, gj\u00f8r-det-selv-folk og proffer<\/p>\n<p data-start=\"551\" data-end=\"600\"><img decoding=\"async\" class=\"size-full wp-image-26858 aligncenter\" src=\"https:\/\/keluvo.com\/template\/wp-content\/uploads\/sites\/5\/2025\/07\/a670559b-643e-425e-8ec4-cc026d1d91ba.webp\" alt=\"\" \/><\/p>\n<h2 style=\"text-align: center;\" data-start=\"602\" data-end=\"620\"><strong>Slik bruker du det \ud83d\udccc<\/strong><\/h2>\n<ol data-start=\"621\" data-end=\"776\">\n<li data-start=\"621\" data-end=\"652\">\n<p data-start=\"624\" data-end=\"652\">Rengj\u00f8r og t\u00f8rk overflaten.<\/p>\n<\/li>\n<li data-start=\"653\" data-end=\"708\">\n<p data-start=\"656\" data-end=\"708\">Spray rustfjerneren direkte p\u00e5 de ber\u00f8rte omr\u00e5dene.<\/p>\n<\/li>\n<li data-start=\"709\" data-end=\"743\">\n<p data-start=\"712\" data-end=\"743\">La det sitte i noen minutter.<\/p>\n<\/li>\n<li data-start=\"744\" data-end=\"776\">\n<p data-start=\"747\" data-end=\"776\">T\u00f8rk av med en klut &#8211; ferdig!<\/p>\n<\/li>\n<\/ol>\n<h2 style=\"text-align: center;\" data-start=\"778\" data-end=\"801\">Produktdetaljer \ud83d\udccf<\/h2>\n<ul data-start=\"802\" data-end=\"886\">\n<li data-start=\"818\" data-end=\"835\">\n<p data-start=\"820\" data-end=\"835\">Innhold: 50 ml<\/p>\n<\/li>\n<li data-start=\"836\" data-end=\"886\">\n<p data-start=\"838\" data-end=\"886\">Trygg for hjul, lakk og de fleste bilmaterialer<\/p>\n<\/li>\n<\/ul>\n<h2 style=\"text-align: center;\" data-start=\"888\" data-end=\"912\">Pakken inneholder \ud83d\udce6<\/h2>\n<ul data-start=\"913\" data-end=\"974\">\n<li data-start=\"913\" data-end=\"974\">\n<p data-start=\"915\" data-end=\"974\">1, 2, 3x flasker med rustfjerner.<\/p>\n<\/li>\n<\/ul>\n","protected":false},"excerpt":{"rendered":"<p>Si farvel til stygg rust og gjenopprett den fabrikknye glansen. Denne rustfjerneren er ditt hemmelige v\u00e5pen for \u00e5 rengj\u00f8re, beskytte og forvandle hjul og lakk p\u00e5 bare noen minutter!<\/p>\n","protected":false},"featured_media":14758,"comment_status":"open","ping_status":"closed","template":"","meta":{"site-sidebar-layout":"default","site-content-layout":"","ast-site-content-layout":"default","site-content-style":"default","site-sidebar-style":"default","ast-global-header-display":"","ast-banner-title-visibility":"","ast-main-header-display":"","ast-hfb-above-header-display":"","ast-hfb-below-header-display":"","ast-hfb-mobile-header-display":"","site-post-title":"","ast-breadcrumbs-content":"","ast-featured-img":"","footer-sml-layout":"","theme-transparent-header-meta":"default","adv-header-id-meta":"","stick-header-meta":"","header-above-stick-meta":"","header-main-stick-meta":"","header-below-stick-meta":"","astra-migrate-meta-layouts":"set","ast-page-background-enabled":"default","ast-page-background-meta":{"desktop":{"background-color":"var(--ast-global-color-5)","background-image":"","background-repeat":"repeat","background-position":"center center","background-size":"auto","background-attachment":"scroll","background-type":"","background-media":"","overlay-type":"","overlay-color":"","overlay-opacity":"","overlay-gradient":""},"tablet":{"background-color":"","background-image":"","background-repeat":"repeat","background-position":"center center","background-size":"auto","background-attachment":"scroll","background-type":"","background-media":"","overlay-type":"","overlay-color":"","overlay-opacity":"","overlay-gradient":""},"mobile":{"background-color":"","background-image":"","background-repeat":"repeat","background-position":"center center","background-size":"auto","background-attachment":"scroll","background-type":"","background-media":"","overlay-type":"","overlay-color":"","overlay-opacity":"","overlay-gradient":""}},"ast-content-background-meta":{"desktop":{"background-color":"var(--ast-global-color-4)","background-image":"","background-repeat":"repeat","background-position":"center center","background-size":"auto","background-attachment":"scroll","background-type":"","background-media":"","overlay-type":"","overlay-color":"","overlay-opacity":"","overlay-gradient":""},"tablet":{"background-color":"var(--ast-global-color-4)","background-image":"","background-repeat":"repeat","background-position":"center center","background-size":"auto","background-attachment":"scroll","background-type":"","background-media":"","overlay-type":"","overlay-color":"","overlay-opacity":"","overlay-gradient":""},"mobile":{"background-color":"var(--ast-global-color-4)","background-image":"","background-repeat":"repeat","background-position":"center center","background-size":"auto","background-attachment":"scroll","background-type":"","background-media":"","overlay-type":"","overlay-color":"","overlay-opacity":"","overlay-gradient":""}}},"product_brand":[],"product_cat":[161],"product_tag":[],"class_list":{"0":"post-14762","1":"product","2":"type-product","3":"status-publish","4":"has-post-thumbnail","6":"product_cat-bilprodukter","7":"pa_27968_ne3kbvpf-1-stk","8":"pa_27968_ne3kbvpf-2-stk","9":"pa_27968_ne3kbvpf-3-stk","10":"desktop-align-left","11":"tablet-align-left","12":"mobile-align-left","14":"first","15":"instock","16":"shipping-taxable","17":"purchasable","18":"product-type-variable"},"yoast_head":"<!-- This site is optimized with the Yoast SEO plugin v26.6 - https:\/\/yoast.com\/wordpress\/plugins\/seo\/ -->\n<title>Rustfjerner spray - Mekulo NO<\/title>\n<meta name=\"robots\" content=\"index, follow, max-snippet:-1, max-image-preview:large, max-video-preview:-1\" \/>\n<link rel=\"canonical\" href=\"https:\/\/mekulo.com\/no\/produkt\/rustfjerner-spray\/\" \/>\n<meta property=\"og:locale\" content=\"nb_NO\" \/>\n<meta property=\"og:type\" content=\"article\" \/>\n<meta property=\"og:title\" content=\"Rustfjerner spray - Mekulo NO\" \/>\n<meta property=\"og:description\" content=\"Si farvel til stygg rust og gjenopprett den fabrikknye glansen. Denne rustfjerneren er ditt hemmelige v\u00e5pen for \u00e5 rengj\u00f8re, beskytte og forvandle hjul og lakk p\u00e5 bare noen minutter!\" \/>\n<meta property=\"og:url\" content=\"https:\/\/mekulo.com\/no\/produkt\/rustfjerner-spray\/\" \/>\n<meta property=\"og:site_name\" content=\"Mekulo NO\" \/>\n<meta property=\"article:modified_time\" content=\"2026-01-06T10:44:00+00:00\" \/>\n<meta property=\"og:image\" content=\"https:\/\/mekulo.com\/no\/wp-content\/uploads\/sites\/10\/2026\/01\/xx1mqqc-1.webp\" \/>\n\t<meta property=\"og:image:width\" content=\"800\" \/>\n\t<meta property=\"og:image:height\" content=\"800\" \/>\n\t<meta property=\"og:image:type\" content=\"image\/webp\" \/>\n<meta name=\"twitter:card\" content=\"summary_large_image\" \/>\n<meta name=\"twitter:label1\" content=\"Ansl. lesetid\" \/>\n\t<meta name=\"twitter:data1\" content=\"2 minutter\" \/>\n<script type=\"application\/ld+json\" class=\"yoast-schema-graph\">{\"@context\":\"https:\/\/schema.org\",\"@graph\":[{\"@type\":\"WebPage\",\"@id\":\"https:\/\/mekulo.com\/no\/produkt\/rustfjerner-spray\/\",\"url\":\"https:\/\/mekulo.com\/no\/produkt\/rustfjerner-spray\/\",\"name\":\"Rustfjerner spray - Mekulo NO\",\"isPartOf\":{\"@id\":\"https:\/\/mekulo.com\/no\/#website\"},\"primaryImageOfPage\":{\"@id\":\"https:\/\/mekulo.com\/no\/produkt\/rustfjerner-spray\/#primaryimage\"},\"image\":{\"@id\":\"https:\/\/mekulo.com\/no\/produkt\/rustfjerner-spray\/#primaryimage\"},\"thumbnailUrl\":\"https:\/\/mekulo.com\/no\/wp-content\/uploads\/sites\/10\/2026\/01\/xx1mqqc-1.webp\",\"datePublished\":\"2026-01-06T10:11:51+00:00\",\"dateModified\":\"2026-01-06T10:44:00+00:00\",\"breadcrumb\":{\"@id\":\"https:\/\/mekulo.com\/no\/produkt\/rustfjerner-spray\/#breadcrumb\"},\"inLanguage\":\"nb-NO\",\"potentialAction\":[{\"@type\":\"ReadAction\",\"target\":[\"https:\/\/mekulo.com\/no\/produkt\/rustfjerner-spray\/\"]}]},{\"@type\":\"ImageObject\",\"inLanguage\":\"nb-NO\",\"@id\":\"https:\/\/mekulo.com\/no\/produkt\/rustfjerner-spray\/#primaryimage\",\"url\":\"https:\/\/mekulo.com\/no\/wp-content\/uploads\/sites\/10\/2026\/01\/xx1mqqc-1.webp\",\"contentUrl\":\"https:\/\/mekulo.com\/no\/wp-content\/uploads\/sites\/10\/2026\/01\/xx1mqqc-1.webp\",\"width\":800,\"height\":800},{\"@type\":\"BreadcrumbList\",\"@id\":\"https:\/\/mekulo.com\/no\/produkt\/rustfjerner-spray\/#breadcrumb\",\"itemListElement\":[{\"@type\":\"ListItem\",\"position\":1,\"name\":\"Home\",\"item\":\"https:\/\/mekulo.com\/no\/\"},{\"@type\":\"ListItem\",\"position\":2,\"name\":\"Butikk\",\"item\":\"https:\/\/mekulo.com\/no\/butikk\/\"},{\"@type\":\"ListItem\",\"position\":3,\"name\":\"Rustfjerner spray\"}]},{\"@type\":\"WebSite\",\"@id\":\"https:\/\/mekulo.com\/no\/#website\",\"url\":\"https:\/\/mekulo.com\/no\/\",\"name\":\"Mekulo NO\",\"description\":\"\",\"publisher\":{\"@id\":\"https:\/\/mekulo.com\/no\/#organization\"},\"potentialAction\":[{\"@type\":\"SearchAction\",\"target\":{\"@type\":\"EntryPoint\",\"urlTemplate\":\"https:\/\/mekulo.com\/no\/?s={search_term_string}\"},\"query-input\":{\"@type\":\"PropertyValueSpecification\",\"valueRequired\":true,\"valueName\":\"search_term_string\"}}],\"inLanguage\":\"nb-NO\"},{\"@type\":\"Organization\",\"@id\":\"https:\/\/mekulo.com\/no\/#organization\",\"name\":\"Mekulo\",\"url\":\"https:\/\/mekulo.com\/no\/\",\"logo\":{\"@type\":\"ImageObject\",\"inLanguage\":\"nb-NO\",\"@id\":\"https:\/\/mekulo.com\/no\/#\/schema\/logo\/image\/\",\"url\":\"https:\/\/mekulo.com\/no\/wp-content\/uploads\/sites\/10\/2025\/12\/favicon_mekulo.png\",\"contentUrl\":\"https:\/\/mekulo.com\/no\/wp-content\/uploads\/sites\/10\/2025\/12\/favicon_mekulo.png\",\"width\":50,\"height\":50,\"caption\":\"Mekulo\"},\"image\":{\"@id\":\"https:\/\/mekulo.com\/no\/#\/schema\/logo\/image\/\"}}]}<\/script>\n<!-- \/ Yoast SEO plugin. -->","yoast_head_json":{"title":"Rustfjerner spray - Mekulo NO","robots":{"index":"index","follow":"follow","max-snippet":"max-snippet:-1","max-image-preview":"max-image-preview:large","max-video-preview":"max-video-preview:-1"},"canonical":"https:\/\/mekulo.com\/no\/produkt\/rustfjerner-spray\/","og_locale":"nb_NO","og_type":"article","og_title":"Rustfjerner spray - Mekulo NO","og_description":"Si farvel til stygg rust og gjenopprett den fabrikknye glansen. Denne rustfjerneren er ditt hemmelige v\u00e5pen for \u00e5 rengj\u00f8re, beskytte og forvandle hjul og lakk p\u00e5 bare noen minutter!","og_url":"https:\/\/mekulo.com\/no\/produkt\/rustfjerner-spray\/","og_site_name":"Mekulo NO","article_modified_time":"2026-01-06T10:44:00+00:00","og_image":[{"width":800,"height":800,"url":"https:\/\/mekulo.com\/no\/wp-content\/uploads\/sites\/10\/2026\/01\/xx1mqqc-1.webp","type":"image\/webp"}],"twitter_card":"summary_large_image","twitter_misc":{"Ansl. lesetid":"2 minutter"},"schema":{"@context":"https:\/\/schema.org","@graph":[{"@type":"WebPage","@id":"https:\/\/mekulo.com\/no\/produkt\/rustfjerner-spray\/","url":"https:\/\/mekulo.com\/no\/produkt\/rustfjerner-spray\/","name":"Rustfjerner spray - Mekulo NO","isPartOf":{"@id":"https:\/\/mekulo.com\/no\/#website"},"primaryImageOfPage":{"@id":"https:\/\/mekulo.com\/no\/produkt\/rustfjerner-spray\/#primaryimage"},"image":{"@id":"https:\/\/mekulo.com\/no\/produkt\/rustfjerner-spray\/#primaryimage"},"thumbnailUrl":"https:\/\/mekulo.com\/no\/wp-content\/uploads\/sites\/10\/2026\/01\/xx1mqqc-1.webp","datePublished":"2026-01-06T10:11:51+00:00","dateModified":"2026-01-06T10:44:00+00:00","breadcrumb":{"@id":"https:\/\/mekulo.com\/no\/produkt\/rustfjerner-spray\/#breadcrumb"},"inLanguage":"nb-NO","potentialAction":[{"@type":"ReadAction","target":["https:\/\/mekulo.com\/no\/produkt\/rustfjerner-spray\/"]}]},{"@type":"ImageObject","inLanguage":"nb-NO","@id":"https:\/\/mekulo.com\/no\/produkt\/rustfjerner-spray\/#primaryimage","url":"https:\/\/mekulo.com\/no\/wp-content\/uploads\/sites\/10\/2026\/01\/xx1mqqc-1.webp","contentUrl":"https:\/\/mekulo.com\/no\/wp-content\/uploads\/sites\/10\/2026\/01\/xx1mqqc-1.webp","width":800,"height":800},{"@type":"BreadcrumbList","@id":"https:\/\/mekulo.com\/no\/produkt\/rustfjerner-spray\/#breadcrumb","itemListElement":[{"@type":"ListItem","position":1,"name":"Home","item":"https:\/\/mekulo.com\/no\/"},{"@type":"ListItem","position":2,"name":"Butikk","item":"https:\/\/mekulo.com\/no\/butikk\/"},{"@type":"ListItem","position":3,"name":"Rustfjerner spray"}]},{"@type":"WebSite","@id":"https:\/\/mekulo.com\/no\/#website","url":"https:\/\/mekulo.com\/no\/","name":"Mekulo NO","description":"","publisher":{"@id":"https:\/\/mekulo.com\/no\/#organization"},"potentialAction":[{"@type":"SearchAction","target":{"@type":"EntryPoint","urlTemplate":"https:\/\/mekulo.com\/no\/?s={search_term_string}"},"query-input":{"@type":"PropertyValueSpecification","valueRequired":true,"valueName":"search_term_string"}}],"inLanguage":"nb-NO"},{"@type":"Organization","@id":"https:\/\/mekulo.com\/no\/#organization","name":"Mekulo","url":"https:\/\/mekulo.com\/no\/","logo":{"@type":"ImageObject","inLanguage":"nb-NO","@id":"https:\/\/mekulo.com\/no\/#\/schema\/logo\/image\/","url":"https:\/\/mekulo.com\/no\/wp-content\/uploads\/sites\/10\/2025\/12\/favicon_mekulo.png","contentUrl":"https:\/\/mekulo.com\/no\/wp-content\/uploads\/sites\/10\/2025\/12\/favicon_mekulo.png","width":50,"height":50,"caption":"Mekulo"},"image":{"@id":"https:\/\/mekulo.com\/no\/#\/schema\/logo\/image\/"}}]}},"_links":{"self":[{"href":"https:\/\/mekulo.com\/no\/wp-json\/wp\/v2\/product\/14762","targetHints":{"allow":["GET"]}}],"collection":[{"href":"https:\/\/mekulo.com\/no\/wp-json\/wp\/v2\/product"}],"about":[{"href":"https:\/\/mekulo.com\/no\/wp-json\/wp\/v2\/types\/product"}],"replies":[{"embeddable":true,"href":"https:\/\/mekulo.com\/no\/wp-json\/wp\/v2\/comments?post=14762"}],"wp:featuredmedia":[{"embeddable":true,"href":"https:\/\/mekulo.com\/no\/wp-json\/wp\/v2\/media\/14758"}],"wp:attachment":[{"href":"https:\/\/mekulo.com\/no\/wp-json\/wp\/v2\/media?parent=14762"}],"wp:term":[{"taxonomy":"product_brand","embeddable":true,"href":"https:\/\/mekulo.com\/no\/wp-json\/wp\/v2\/product_brand?post=14762"},{"taxonomy":"product_cat","embeddable":true,"href":"https:\/\/mekulo.com\/no\/wp-json\/wp\/v2\/product_cat?post=14762"},{"taxonomy":"product_tag","embeddable":true,"href":"https:\/\/mekulo.com\/no\/wp-json\/wp\/v2\/product_tag?post=14762"}],"curies":[{"name":"wp","href":"https:\/\/api.w.org\/{rel}","templated":true}]}}