{"id":14753,"date":"2026-01-06T12:10:56","date_gmt":"2026-01-06T10:10:56","guid":{"rendered":"https:\/\/mekulo.com\/no\/produkt\/slipemaskin-for-motorsag\/"},"modified":"2026-01-06T12:42:27","modified_gmt":"2026-01-06T10:42:27","slug":"slipemaskin-for-motorsag","status":"publish","type":"product","link":"https:\/\/mekulo.com\/no\/produkt\/slipemaskin-for-motorsag\/","title":{"rendered":"Slipemaskin for motorsag"},"content":{"rendered":"<p style=\"text-align: center;\" data-start=\"65\" data-end=\"119\"><strong data-start=\"65\" data-end=\"119\">Slip Motorsagen Som En Proff \u2013 P\u00e5 Sekunder! \u26d3\ufe0f\u26a1<\/strong><\/p>\n<p data-start=\"121\" data-end=\"323\"><img decoding=\"async\" class=\"size-full wp-image-29020 aligncenter\" src=\"https:\/\/keluvo.com\/template\/wp-content\/uploads\/sites\/5\/2025\/07\/07212-ezgif.com-video-to-webp-converter-1.webp\" alt=\"\" \/><\/p>\n<h2 style=\"text-align: center;\" data-start=\"325\" data-end=\"346\">\ud83d\udd27 Hovedfordeler<\/h2>\n<p data-start=\"349\" data-end=\"397\">\u2699\ufe0f Skjerp motorsagbladene med perfekt angles<\/p>\n<p data-start=\"400\" data-end=\"444\">\u23f1\ufe0f Spar tid med raske, konsekvente resultater<\/p>\n<p data-start=\"447\" data-end=\"487\">\ud83d\udd12 Sikrere kutt takket v\u00e6re skarpere kjeder<\/p>\n<p data-start=\"490\" data-end=\"536\">\ud83d\udcaa Fungerer med de fleste vinkelslipere \u2013 plug &amp; slipe<\/p>\n<p data-start=\"539\" data-end=\"581\">\ud83e\uddf0 Enkel \u00e5 bruke, selv om du ikke er en pro<\/p>\n<p data-start=\"539\" data-end=\"581\"><img decoding=\"async\" class=\"size-full wp-image-29025 aligncenter\" src=\"https:\/\/keluvo.com\/template\/wp-content\/uploads\/sites\/5\/2025\/07\/GRINNEX25478-ezgif.com-video-to-webp-converter.webp\" alt=\"\" \/><\/p>\n<h2 style=\"text-align: center;\" data-start=\"583\" data-end=\"602\">\ud83d\udee0\ufe0f Slik bruker du verkt\u00f8yet<\/h2>\n<ol data-start=\"603\" data-end=\"770\">\n<li data-start=\"603\" data-end=\"645\">\n<p data-start=\"606\" data-end=\"645\">Fest verkt\u00f8yet til vinkelsliperen din.<\/p>\n<\/li>\n<li data-start=\"646\" data-end=\"681\">\n<p data-start=\"649\" data-end=\"681\">Plasser den p\u00e5 motorsagbladet.<\/p>\n<\/li>\n<li data-start=\"682\" data-end=\"733\">\n<p data-start=\"685\" data-end=\"733\">F\u00f8lg guiden og slip hver tann jevnt.<\/p>\n<\/li>\n<li data-start=\"734\" data-end=\"770\">\n<p data-start=\"737\" data-end=\"770\">P\u00e5 f\u00e5 minutter \u2013 uten gjetting!<\/p>\n<\/li>\n<\/ol>\n<h2 style=\"text-align: center;\" data-start=\"772\" data-end=\"795\">\ud83d\udccf Produktdetaljer<\/h2>\n<ul data-start=\"796\" data-end=\"937\">\n<li data-start=\"847\" data-end=\"895\">\n<p data-start=\"849\" data-end=\"895\">Kompatibel med de fleste standard vinkelslipere<\/p>\n<\/li>\n<li data-start=\"896\" data-end=\"937\">\n<p data-start=\"898\" data-end=\"937\">Designet for presisjon og holdbarhet<\/p>\n<\/li>\n<\/ul>\n<h2 style=\"text-align: center;\" data-start=\"939\" data-end=\"963\">\ud83d\udce6 Pakken inneholder<\/h2>\n<ul data-start=\"964\" data-end=\"1061\">\n<li data-start=\"964\" data-end=\"993\">\n<p data-start=\"966\" data-end=\"993\">1x spesialverkt\u00f8y for sliping av motorsager<\/p>\n<\/li>\n<li data-start=\"964\" data-end=\"993\">\n<p data-start=\"966\" data-end=\"993\">3x slipepinner<\/p>\n<\/li>\n<li data-start=\"964\" data-end=\"993\">\n<p data-start=\"966\" data-end=\"993\">1x skiften\u00f8kkel + elektrisk vinkelsliper.<\/p>\n<\/li>\n<\/ul>\n","protected":false},"excerpt":{"rendered":"<p>N\u00e5 er det slutt p\u00e5 sl\u00f8ve kjeder og slurvete manuell filing! Denne motorsagsliperen gj\u00f8r det raskt, enkelt og superpresist \u00e5 slipe motorsagen din &#8211; selv for nybegynnere. Bare fest den til kvernen, s\u00e5 er du klar til \u00e5 sette i gang!<\/p>\n","protected":false},"featured_media":14749,"comment_status":"open","ping_status":"closed","template":"","meta":{"site-sidebar-layout":"default","site-content-layout":"","ast-site-content-layout":"default","site-content-style":"default","site-sidebar-style":"default","ast-global-header-display":"","ast-banner-title-visibility":"","ast-main-header-display":"","ast-hfb-above-header-display":"","ast-hfb-below-header-display":"","ast-hfb-mobile-header-display":"","site-post-title":"","ast-breadcrumbs-content":"","ast-featured-img":"","footer-sml-layout":"","theme-transparent-header-meta":"default","adv-header-id-meta":"","stick-header-meta":"","header-above-stick-meta":"","header-main-stick-meta":"","header-below-stick-meta":"","astra-migrate-meta-layouts":"set","ast-page-background-enabled":"default","ast-page-background-meta":{"desktop":{"background-color":"var(--ast-global-color-5)","background-image":"","background-repeat":"repeat","background-position":"center center","background-size":"auto","background-attachment":"scroll","background-type":"","background-media":"","overlay-type":"","overlay-color":"","overlay-opacity":"","overlay-gradient":""},"tablet":{"background-color":"","background-image":"","background-repeat":"repeat","background-position":"center center","background-size":"auto","background-attachment":"scroll","background-type":"","background-media":"","overlay-type":"","overlay-color":"","overlay-opacity":"","overlay-gradient":""},"mobile":{"background-color":"","background-image":"","background-repeat":"repeat","background-position":"center center","background-size":"auto","background-attachment":"scroll","background-type":"","background-media":"","overlay-type":"","overlay-color":"","overlay-opacity":"","overlay-gradient":""}},"ast-content-background-meta":{"desktop":{"background-color":"var(--ast-global-color-4)","background-image":"","background-repeat":"repeat","background-position":"center center","background-size":"auto","background-attachment":"scroll","background-type":"","background-media":"","overlay-type":"","overlay-color":"","overlay-opacity":"","overlay-gradient":""},"tablet":{"background-color":"var(--ast-global-color-4)","background-image":"","background-repeat":"repeat","background-position":"center center","background-size":"auto","background-attachment":"scroll","background-type":"","background-media":"","overlay-type":"","overlay-color":"","overlay-opacity":"","overlay-gradient":""},"mobile":{"background-color":"var(--ast-global-color-4)","background-image":"","background-repeat":"repeat","background-position":"center center","background-size":"auto","background-attachment":"scroll","background-type":"","background-media":"","overlay-type":"","overlay-color":"","overlay-opacity":"","overlay-gradient":""}}},"product_brand":[],"product_cat":[171],"product_tag":[],"class_list":{"0":"post-14753","1":"product","2":"type-product","3":"status-publish","4":"has-post-thumbnail","6":"product_cat-verktoy","7":"desktop-align-left","8":"tablet-align-left","9":"mobile-align-left","11":"first","12":"instock","13":"shipping-taxable","14":"purchasable","15":"product-type-simple"},"yoast_head":"<!-- This site is optimized with the Yoast SEO plugin v26.6 - https:\/\/yoast.com\/wordpress\/plugins\/seo\/ -->\n<title>Slipemaskin for motorsag - Mekulo NO<\/title>\n<meta name=\"robots\" content=\"index, follow, max-snippet:-1, max-image-preview:large, max-video-preview:-1\" \/>\n<link rel=\"canonical\" href=\"https:\/\/mekulo.com\/no\/produkt\/slipemaskin-for-motorsag\/\" \/>\n<meta property=\"og:locale\" content=\"nb_NO\" \/>\n<meta property=\"og:type\" content=\"article\" \/>\n<meta property=\"og:title\" content=\"Slipemaskin for motorsag - Mekulo NO\" \/>\n<meta property=\"og:description\" content=\"N\u00e5 er det slutt p\u00e5 sl\u00f8ve kjeder og slurvete manuell filing! Denne motorsagsliperen gj\u00f8r det raskt, enkelt og superpresist \u00e5 slipe motorsagen din - selv for nybegynnere. Bare fest den til kvernen, s\u00e5 er du klar til \u00e5 sette i gang!\" \/>\n<meta property=\"og:url\" content=\"https:\/\/mekulo.com\/no\/produkt\/slipemaskin-for-motorsag\/\" \/>\n<meta property=\"og:site_name\" content=\"Mekulo NO\" \/>\n<meta property=\"article:modified_time\" content=\"2026-01-06T10:42:27+00:00\" \/>\n<meta property=\"og:image\" content=\"https:\/\/mekulo.com\/no\/wp-content\/uploads\/sites\/10\/2026\/01\/e7ch9fd-1.jpg\" \/>\n\t<meta property=\"og:image:width\" content=\"600\" \/>\n\t<meta property=\"og:image:height\" content=\"600\" \/>\n\t<meta property=\"og:image:type\" content=\"image\/jpeg\" \/>\n<meta name=\"twitter:card\" content=\"summary_large_image\" \/>\n<meta name=\"twitter:label1\" content=\"Ansl. lesetid\" \/>\n\t<meta name=\"twitter:data1\" content=\"2 minutter\" \/>\n<script type=\"application\/ld+json\" class=\"yoast-schema-graph\">{\"@context\":\"https:\/\/schema.org\",\"@graph\":[{\"@type\":\"WebPage\",\"@id\":\"https:\/\/mekulo.com\/no\/produkt\/slipemaskin-for-motorsag\/\",\"url\":\"https:\/\/mekulo.com\/no\/produkt\/slipemaskin-for-motorsag\/\",\"name\":\"Slipemaskin for motorsag - Mekulo NO\",\"isPartOf\":{\"@id\":\"https:\/\/mekulo.com\/no\/#website\"},\"primaryImageOfPage\":{\"@id\":\"https:\/\/mekulo.com\/no\/produkt\/slipemaskin-for-motorsag\/#primaryimage\"},\"image\":{\"@id\":\"https:\/\/mekulo.com\/no\/produkt\/slipemaskin-for-motorsag\/#primaryimage\"},\"thumbnailUrl\":\"https:\/\/mekulo.com\/no\/wp-content\/uploads\/sites\/10\/2026\/01\/e7ch9fd-1.jpg\",\"datePublished\":\"2026-01-06T10:10:56+00:00\",\"dateModified\":\"2026-01-06T10:42:27+00:00\",\"breadcrumb\":{\"@id\":\"https:\/\/mekulo.com\/no\/produkt\/slipemaskin-for-motorsag\/#breadcrumb\"},\"inLanguage\":\"nb-NO\",\"potentialAction\":[{\"@type\":\"ReadAction\",\"target\":[\"https:\/\/mekulo.com\/no\/produkt\/slipemaskin-for-motorsag\/\"]}]},{\"@type\":\"ImageObject\",\"inLanguage\":\"nb-NO\",\"@id\":\"https:\/\/mekulo.com\/no\/produkt\/slipemaskin-for-motorsag\/#primaryimage\",\"url\":\"https:\/\/mekulo.com\/no\/wp-content\/uploads\/sites\/10\/2026\/01\/e7ch9fd-1.jpg\",\"contentUrl\":\"https:\/\/mekulo.com\/no\/wp-content\/uploads\/sites\/10\/2026\/01\/e7ch9fd-1.jpg\",\"width\":600,\"height\":600},{\"@type\":\"BreadcrumbList\",\"@id\":\"https:\/\/mekulo.com\/no\/produkt\/slipemaskin-for-motorsag\/#breadcrumb\",\"itemListElement\":[{\"@type\":\"ListItem\",\"position\":1,\"name\":\"Home\",\"item\":\"https:\/\/mekulo.com\/no\/\"},{\"@type\":\"ListItem\",\"position\":2,\"name\":\"Butikk\",\"item\":\"https:\/\/mekulo.com\/no\/butikk\/\"},{\"@type\":\"ListItem\",\"position\":3,\"name\":\"Slipemaskin for motorsag\"}]},{\"@type\":\"WebSite\",\"@id\":\"https:\/\/mekulo.com\/no\/#website\",\"url\":\"https:\/\/mekulo.com\/no\/\",\"name\":\"Mekulo NO\",\"description\":\"\",\"publisher\":{\"@id\":\"https:\/\/mekulo.com\/no\/#organization\"},\"potentialAction\":[{\"@type\":\"SearchAction\",\"target\":{\"@type\":\"EntryPoint\",\"urlTemplate\":\"https:\/\/mekulo.com\/no\/?s={search_term_string}\"},\"query-input\":{\"@type\":\"PropertyValueSpecification\",\"valueRequired\":true,\"valueName\":\"search_term_string\"}}],\"inLanguage\":\"nb-NO\"},{\"@type\":\"Organization\",\"@id\":\"https:\/\/mekulo.com\/no\/#organization\",\"name\":\"Mekulo\",\"url\":\"https:\/\/mekulo.com\/no\/\",\"logo\":{\"@type\":\"ImageObject\",\"inLanguage\":\"nb-NO\",\"@id\":\"https:\/\/mekulo.com\/no\/#\/schema\/logo\/image\/\",\"url\":\"https:\/\/mekulo.com\/no\/wp-content\/uploads\/sites\/10\/2025\/12\/favicon_mekulo.png\",\"contentUrl\":\"https:\/\/mekulo.com\/no\/wp-content\/uploads\/sites\/10\/2025\/12\/favicon_mekulo.png\",\"width\":50,\"height\":50,\"caption\":\"Mekulo\"},\"image\":{\"@id\":\"https:\/\/mekulo.com\/no\/#\/schema\/logo\/image\/\"}}]}<\/script>\n<!-- \/ Yoast SEO plugin. -->","yoast_head_json":{"title":"Slipemaskin for motorsag - Mekulo NO","robots":{"index":"index","follow":"follow","max-snippet":"max-snippet:-1","max-image-preview":"max-image-preview:large","max-video-preview":"max-video-preview:-1"},"canonical":"https:\/\/mekulo.com\/no\/produkt\/slipemaskin-for-motorsag\/","og_locale":"nb_NO","og_type":"article","og_title":"Slipemaskin for motorsag - Mekulo NO","og_description":"N\u00e5 er det slutt p\u00e5 sl\u00f8ve kjeder og slurvete manuell filing! Denne motorsagsliperen gj\u00f8r det raskt, enkelt og superpresist \u00e5 slipe motorsagen din - selv for nybegynnere. Bare fest den til kvernen, s\u00e5 er du klar til \u00e5 sette i gang!","og_url":"https:\/\/mekulo.com\/no\/produkt\/slipemaskin-for-motorsag\/","og_site_name":"Mekulo NO","article_modified_time":"2026-01-06T10:42:27+00:00","og_image":[{"width":600,"height":600,"url":"https:\/\/mekulo.com\/no\/wp-content\/uploads\/sites\/10\/2026\/01\/e7ch9fd-1.jpg","type":"image\/jpeg"}],"twitter_card":"summary_large_image","twitter_misc":{"Ansl. lesetid":"2 minutter"},"schema":{"@context":"https:\/\/schema.org","@graph":[{"@type":"WebPage","@id":"https:\/\/mekulo.com\/no\/produkt\/slipemaskin-for-motorsag\/","url":"https:\/\/mekulo.com\/no\/produkt\/slipemaskin-for-motorsag\/","name":"Slipemaskin for motorsag - Mekulo NO","isPartOf":{"@id":"https:\/\/mekulo.com\/no\/#website"},"primaryImageOfPage":{"@id":"https:\/\/mekulo.com\/no\/produkt\/slipemaskin-for-motorsag\/#primaryimage"},"image":{"@id":"https:\/\/mekulo.com\/no\/produkt\/slipemaskin-for-motorsag\/#primaryimage"},"thumbnailUrl":"https:\/\/mekulo.com\/no\/wp-content\/uploads\/sites\/10\/2026\/01\/e7ch9fd-1.jpg","datePublished":"2026-01-06T10:10:56+00:00","dateModified":"2026-01-06T10:42:27+00:00","breadcrumb":{"@id":"https:\/\/mekulo.com\/no\/produkt\/slipemaskin-for-motorsag\/#breadcrumb"},"inLanguage":"nb-NO","potentialAction":[{"@type":"ReadAction","target":["https:\/\/mekulo.com\/no\/produkt\/slipemaskin-for-motorsag\/"]}]},{"@type":"ImageObject","inLanguage":"nb-NO","@id":"https:\/\/mekulo.com\/no\/produkt\/slipemaskin-for-motorsag\/#primaryimage","url":"https:\/\/mekulo.com\/no\/wp-content\/uploads\/sites\/10\/2026\/01\/e7ch9fd-1.jpg","contentUrl":"https:\/\/mekulo.com\/no\/wp-content\/uploads\/sites\/10\/2026\/01\/e7ch9fd-1.jpg","width":600,"height":600},{"@type":"BreadcrumbList","@id":"https:\/\/mekulo.com\/no\/produkt\/slipemaskin-for-motorsag\/#breadcrumb","itemListElement":[{"@type":"ListItem","position":1,"name":"Home","item":"https:\/\/mekulo.com\/no\/"},{"@type":"ListItem","position":2,"name":"Butikk","item":"https:\/\/mekulo.com\/no\/butikk\/"},{"@type":"ListItem","position":3,"name":"Slipemaskin for motorsag"}]},{"@type":"WebSite","@id":"https:\/\/mekulo.com\/no\/#website","url":"https:\/\/mekulo.com\/no\/","name":"Mekulo NO","description":"","publisher":{"@id":"https:\/\/mekulo.com\/no\/#organization"},"potentialAction":[{"@type":"SearchAction","target":{"@type":"EntryPoint","urlTemplate":"https:\/\/mekulo.com\/no\/?s={search_term_string}"},"query-input":{"@type":"PropertyValueSpecification","valueRequired":true,"valueName":"search_term_string"}}],"inLanguage":"nb-NO"},{"@type":"Organization","@id":"https:\/\/mekulo.com\/no\/#organization","name":"Mekulo","url":"https:\/\/mekulo.com\/no\/","logo":{"@type":"ImageObject","inLanguage":"nb-NO","@id":"https:\/\/mekulo.com\/no\/#\/schema\/logo\/image\/","url":"https:\/\/mekulo.com\/no\/wp-content\/uploads\/sites\/10\/2025\/12\/favicon_mekulo.png","contentUrl":"https:\/\/mekulo.com\/no\/wp-content\/uploads\/sites\/10\/2025\/12\/favicon_mekulo.png","width":50,"height":50,"caption":"Mekulo"},"image":{"@id":"https:\/\/mekulo.com\/no\/#\/schema\/logo\/image\/"}}]}},"_links":{"self":[{"href":"https:\/\/mekulo.com\/no\/wp-json\/wp\/v2\/product\/14753","targetHints":{"allow":["GET"]}}],"collection":[{"href":"https:\/\/mekulo.com\/no\/wp-json\/wp\/v2\/product"}],"about":[{"href":"https:\/\/mekulo.com\/no\/wp-json\/wp\/v2\/types\/product"}],"replies":[{"embeddable":true,"href":"https:\/\/mekulo.com\/no\/wp-json\/wp\/v2\/comments?post=14753"}],"wp:featuredmedia":[{"embeddable":true,"href":"https:\/\/mekulo.com\/no\/wp-json\/wp\/v2\/media\/14749"}],"wp:attachment":[{"href":"https:\/\/mekulo.com\/no\/wp-json\/wp\/v2\/media?parent=14753"}],"wp:term":[{"taxonomy":"product_brand","embeddable":true,"href":"https:\/\/mekulo.com\/no\/wp-json\/wp\/v2\/product_brand?post=14753"},{"taxonomy":"product_cat","embeddable":true,"href":"https:\/\/mekulo.com\/no\/wp-json\/wp\/v2\/product_cat?post=14753"},{"taxonomy":"product_tag","embeddable":true,"href":"https:\/\/mekulo.com\/no\/wp-json\/wp\/v2\/product_tag?post=14753"}],"curies":[{"name":"wp","href":"https:\/\/api.w.org\/{rel}","templated":true}]}}