{"id":14738,"date":"2026-01-06T12:09:59","date_gmt":"2026-01-06T10:09:59","guid":{"rendered":"https:\/\/mekulo.com\/no\/produkt\/skjaerer-for-innpakningspapir-2-stk\/"},"modified":"2026-01-06T12:41:09","modified_gmt":"2026-01-06T10:41:09","slug":"skjaerer-for-innpakningspapir-2-stk","status":"publish","type":"product","link":"https:\/\/mekulo.com\/no\/produkt\/skjaerer-for-innpakningspapir-2-stk\/","title":{"rendered":"Skj\u00e6rer for innpakningspapir (2 stk)"},"content":{"rendered":"<p style=\"text-align: center;\" data-start=\"0\" data-end=\"49\"><strong>Kutt Innpakningspapir Perfekt Hver Gang \ud83c\udf81\u2702\ufe0f<\/strong><\/p>\n<p data-start=\"50\" data-end=\"266\"><img decoding=\"async\" class=\"size-full wp-image-36505 aligncenter\" src=\"https:\/\/keluvo.com\/template\/wp-content\/uploads\/sites\/5\/2025\/10\/10026-ezgif.com-video-to-webp-converter.webp\" alt=\"\" \/><\/p>\n<h2 style=\"text-align: center;\" data-start=\"268\" data-end=\"289\">Hovedfordeler \u2705<\/h2>\n<p data-start=\"292\" data-end=\"375\">\ud83c\udfaf Jevne, presise kutt &#8211; skarpt presisjonsblad sikrer rette, rene linjer<\/p>\n<p data-start=\"378\" data-end=\"449\">\ud83d\udd12 Sikker design &#8211; bladet er skjult inne i sylinderen for trygg bruk<\/p>\n<p data-start=\"452\" data-end=\"521\">\ud83e\uddf5 Allsidig bruk &#8211; kutter papir, papp og til og med lett stoff<\/p>\n<p data-start=\"524\" data-end=\"609\">\ud83c\udfa8 Perfekt til h\u00e5ndverk &#8211; ideell til innpakning av gaver, skoleprosjekter eller DIY-oppgaver<\/p>\n<p data-start=\"612\" data-end=\"679\">\ud83e\udeb6 Kompakt og b\u00e6rbar &#8211; liten, lett og enkel \u00e5 b\u00e6re med seg<\/p>\n<p data-start=\"682\" data-end=\"745\">\ud83c\udf08 Flere farger &#8211; finnes i gr\u00f8nt, svart og hvitt<\/p>\n<p data-start=\"682\" data-end=\"745\"><img decoding=\"async\" class=\"size-full wp-image-36502 aligncenter\" src=\"https:\/\/keluvo.com\/template\/wp-content\/uploads\/sites\/5\/2025\/10\/ac91e1a4-0c80-4186-9460-61dbf8199d48_2d536a56-7a74-4194-a58a-b26d64930742.webp\" alt=\"\" \/><\/p>\n<h2 style=\"text-align: center;\" data-start=\"747\" data-end=\"767\">Slik bruker du \ud83d\udee0\ufe0f<\/h2>\n<ol data-start=\"768\" data-end=\"1037\">\n<li data-start=\"768\" data-end=\"825\">\n<p data-start=\"771\" data-end=\"825\">Insert rullen med innpakningspapir inn i sylinderen.<\/p>\n<\/li>\n<li data-start=\"826\" data-end=\"889\">\n<p data-start=\"829\" data-end=\"889\">Skyv kniven langs papirkanten for \u00e5 lage et rent kutt.<\/p>\n<\/li>\n<li data-start=\"890\" data-end=\"964\">\n<p data-start=\"893\" data-end=\"964\">Juster til \u00f8nsket lengde og fortsett \u00e5 rulle og skj\u00e6re etter behov.<\/p>\n<\/li>\n<li data-start=\"965\" data-end=\"1037\">\n<p data-start=\"968\" data-end=\"1037\">Oppbevares trygt etter bruk &#8211; det skjulte bladet forhindrer utilsiktede kutt.<\/p>\n<\/li>\n<\/ol>\n<h2 style=\"text-align: center;\" data-start=\"1039\" data-end=\"1063\">Produktdetaljer \u2139\ufe0f<\/h2>\n<ul data-start=\"1064\" data-end=\"1292\">\n<li data-start=\"1105\" data-end=\"1138\">\n<p data-start=\"1107\" data-end=\"1138\">Material: Slitesterk plast<\/p>\n<\/li>\n<li data-start=\"1139\" data-end=\"1166\">\n<p data-start=\"1141\" data-end=\"1166\">St\u00f8rrelse: 10 x 6 x 6 cm<\/p>\n<\/li>\n<li data-start=\"1167\" data-end=\"1189\">\n<p data-start=\"1169\" data-end=\"1189\">Vekt: 32,1 g<\/p>\n<\/li>\n<li data-start=\"1190\" data-end=\"1225\">\n<p data-start=\"1192\" data-end=\"1225\">Farger: Gr\u00f8nn, svart, hvit<\/p>\n<\/li>\n<li data-start=\"1226\" data-end=\"1292\">\n<p data-start=\"1228\" data-end=\"1292\">Funksjoner: Skjult bladdesign, b\u00e6rbar, trygg for alle aldre<\/p>\n<\/li>\n<\/ul>\n<h2 style=\"text-align: center;\" data-start=\"1294\" data-end=\"1319\">Pakken inkluderer \ud83d\udce6<\/h2>\n<ul data-start=\"1320\" data-end=\"1361\">\n<li data-start=\"1320\" data-end=\"1361\">\n<p data-start=\"1322\" data-end=\"1361\">2x innpakningspapirskj\u00e6rer.<\/p>\n<\/li>\n<\/ul>\n","protected":false},"excerpt":{"rendered":"<p>Denne miniskj\u00e6reren for innpakningspapir gj\u00f8r gaveinnpakningen raskere, renere og tryggere. Den er kompakt og enkel \u00e5 bruke, og er det perfekte verkt\u00f8yet for h\u00f8ytider, bursdager og hobbyarbeid &#8211; du slipper ujevne kanter og \u00e5 slite med sakser.<\/p>\n","protected":false},"featured_media":14734,"comment_status":"open","ping_status":"closed","template":"","meta":{"site-sidebar-layout":"default","site-content-layout":"","ast-site-content-layout":"default","site-content-style":"default","site-sidebar-style":"default","ast-global-header-display":"","ast-banner-title-visibility":"","ast-main-header-display":"","ast-hfb-above-header-display":"","ast-hfb-below-header-display":"","ast-hfb-mobile-header-display":"","site-post-title":"","ast-breadcrumbs-content":"","ast-featured-img":"","footer-sml-layout":"","theme-transparent-header-meta":"default","adv-header-id-meta":"","stick-header-meta":"","header-above-stick-meta":"","header-main-stick-meta":"","header-below-stick-meta":"","astra-migrate-meta-layouts":"set","ast-page-background-enabled":"default","ast-page-background-meta":{"desktop":{"background-color":"var(--ast-global-color-5)","background-image":"","background-repeat":"repeat","background-position":"center center","background-size":"auto","background-attachment":"scroll","background-type":"","background-media":"","overlay-type":"","overlay-color":"","overlay-opacity":"","overlay-gradient":""},"tablet":{"background-color":"","background-image":"","background-repeat":"repeat","background-position":"center center","background-size":"auto","background-attachment":"scroll","background-type":"","background-media":"","overlay-type":"","overlay-color":"","overlay-opacity":"","overlay-gradient":""},"mobile":{"background-color":"","background-image":"","background-repeat":"repeat","background-position":"center center","background-size":"auto","background-attachment":"scroll","background-type":"","background-media":"","overlay-type":"","overlay-color":"","overlay-opacity":"","overlay-gradient":""}},"ast-content-background-meta":{"desktop":{"background-color":"var(--ast-global-color-4)","background-image":"","background-repeat":"repeat","background-position":"center center","background-size":"auto","background-attachment":"scroll","background-type":"","background-media":"","overlay-type":"","overlay-color":"","overlay-opacity":"","overlay-gradient":""},"tablet":{"background-color":"var(--ast-global-color-4)","background-image":"","background-repeat":"repeat","background-position":"center center","background-size":"auto","background-attachment":"scroll","background-type":"","background-media":"","overlay-type":"","overlay-color":"","overlay-opacity":"","overlay-gradient":""},"mobile":{"background-color":"var(--ast-global-color-4)","background-image":"","background-repeat":"repeat","background-position":"center center","background-size":"auto","background-attachment":"scroll","background-type":"","background-media":"","overlay-type":"","overlay-color":"","overlay-opacity":"","overlay-gradient":""}}},"product_brand":[],"product_cat":[168,171],"product_tag":[],"class_list":{"0":"post-14738","1":"product","2":"type-product","3":"status-publish","4":"has-post-thumbnail","6":"product_cat-husholdningsartikler","7":"product_cat-verktoy","8":"pa_30304_tftxxf7p-gronn","9":"pa_30304_tftxxf7p-hvit","10":"pa_30304_tftxxf7p-svart","11":"desktop-align-left","12":"tablet-align-left","13":"mobile-align-left","15":"first","16":"instock","17":"shipping-taxable","18":"purchasable","19":"product-type-variable"},"yoast_head":"<!-- This site is optimized with the Yoast SEO plugin v26.6 - https:\/\/yoast.com\/wordpress\/plugins\/seo\/ -->\n<title>Skj\u00e6rer for innpakningspapir (2 stk) - Mekulo NO<\/title>\n<meta name=\"robots\" content=\"index, follow, max-snippet:-1, max-image-preview:large, max-video-preview:-1\" \/>\n<link rel=\"canonical\" href=\"https:\/\/mekulo.com\/no\/produkt\/skjaerer-for-innpakningspapir-2-stk\/\" \/>\n<meta property=\"og:locale\" content=\"nb_NO\" \/>\n<meta property=\"og:type\" content=\"article\" \/>\n<meta property=\"og:title\" content=\"Skj\u00e6rer for innpakningspapir (2 stk) - Mekulo NO\" \/>\n<meta property=\"og:description\" content=\"Denne miniskj\u00e6reren for innpakningspapir gj\u00f8r gaveinnpakningen raskere, renere og tryggere. Den er kompakt og enkel \u00e5 bruke, og er det perfekte verkt\u00f8yet for h\u00f8ytider, bursdager og hobbyarbeid - du slipper ujevne kanter og \u00e5 slite med sakser.\" \/>\n<meta property=\"og:url\" content=\"https:\/\/mekulo.com\/no\/produkt\/skjaerer-for-innpakningspapir-2-stk\/\" \/>\n<meta property=\"og:site_name\" content=\"Mekulo NO\" \/>\n<meta property=\"article:modified_time\" content=\"2026-01-06T10:41:09+00:00\" \/>\n<meta property=\"og:image\" content=\"https:\/\/mekulo.com\/no\/wp-content\/uploads\/sites\/10\/2026\/01\/d9xv2c8-1.webp\" \/>\n\t<meta property=\"og:image:width\" content=\"800\" \/>\n\t<meta property=\"og:image:height\" content=\"800\" \/>\n\t<meta property=\"og:image:type\" content=\"image\/webp\" \/>\n<meta name=\"twitter:card\" content=\"summary_large_image\" \/>\n<meta name=\"twitter:label1\" content=\"Ansl. lesetid\" \/>\n\t<meta name=\"twitter:data1\" content=\"2 minutter\" \/>\n<script type=\"application\/ld+json\" class=\"yoast-schema-graph\">{\"@context\":\"https:\/\/schema.org\",\"@graph\":[{\"@type\":\"WebPage\",\"@id\":\"https:\/\/mekulo.com\/no\/produkt\/skjaerer-for-innpakningspapir-2-stk\/\",\"url\":\"https:\/\/mekulo.com\/no\/produkt\/skjaerer-for-innpakningspapir-2-stk\/\",\"name\":\"Skj\u00e6rer for innpakningspapir (2 stk) - Mekulo NO\",\"isPartOf\":{\"@id\":\"https:\/\/mekulo.com\/no\/#website\"},\"primaryImageOfPage\":{\"@id\":\"https:\/\/mekulo.com\/no\/produkt\/skjaerer-for-innpakningspapir-2-stk\/#primaryimage\"},\"image\":{\"@id\":\"https:\/\/mekulo.com\/no\/produkt\/skjaerer-for-innpakningspapir-2-stk\/#primaryimage\"},\"thumbnailUrl\":\"https:\/\/mekulo.com\/no\/wp-content\/uploads\/sites\/10\/2026\/01\/d9xv2c8-1.webp\",\"datePublished\":\"2026-01-06T10:09:59+00:00\",\"dateModified\":\"2026-01-06T10:41:09+00:00\",\"breadcrumb\":{\"@id\":\"https:\/\/mekulo.com\/no\/produkt\/skjaerer-for-innpakningspapir-2-stk\/#breadcrumb\"},\"inLanguage\":\"nb-NO\",\"potentialAction\":[{\"@type\":\"ReadAction\",\"target\":[\"https:\/\/mekulo.com\/no\/produkt\/skjaerer-for-innpakningspapir-2-stk\/\"]}]},{\"@type\":\"ImageObject\",\"inLanguage\":\"nb-NO\",\"@id\":\"https:\/\/mekulo.com\/no\/produkt\/skjaerer-for-innpakningspapir-2-stk\/#primaryimage\",\"url\":\"https:\/\/mekulo.com\/no\/wp-content\/uploads\/sites\/10\/2026\/01\/d9xv2c8-1.webp\",\"contentUrl\":\"https:\/\/mekulo.com\/no\/wp-content\/uploads\/sites\/10\/2026\/01\/d9xv2c8-1.webp\",\"width\":800,\"height\":800},{\"@type\":\"BreadcrumbList\",\"@id\":\"https:\/\/mekulo.com\/no\/produkt\/skjaerer-for-innpakningspapir-2-stk\/#breadcrumb\",\"itemListElement\":[{\"@type\":\"ListItem\",\"position\":1,\"name\":\"Home\",\"item\":\"https:\/\/mekulo.com\/no\/\"},{\"@type\":\"ListItem\",\"position\":2,\"name\":\"Butikk\",\"item\":\"https:\/\/mekulo.com\/no\/butikk\/\"},{\"@type\":\"ListItem\",\"position\":3,\"name\":\"Skj\u00e6rer for innpakningspapir (2 stk)\"}]},{\"@type\":\"WebSite\",\"@id\":\"https:\/\/mekulo.com\/no\/#website\",\"url\":\"https:\/\/mekulo.com\/no\/\",\"name\":\"Mekulo NO\",\"description\":\"\",\"publisher\":{\"@id\":\"https:\/\/mekulo.com\/no\/#organization\"},\"potentialAction\":[{\"@type\":\"SearchAction\",\"target\":{\"@type\":\"EntryPoint\",\"urlTemplate\":\"https:\/\/mekulo.com\/no\/?s={search_term_string}\"},\"query-input\":{\"@type\":\"PropertyValueSpecification\",\"valueRequired\":true,\"valueName\":\"search_term_string\"}}],\"inLanguage\":\"nb-NO\"},{\"@type\":\"Organization\",\"@id\":\"https:\/\/mekulo.com\/no\/#organization\",\"name\":\"Mekulo\",\"url\":\"https:\/\/mekulo.com\/no\/\",\"logo\":{\"@type\":\"ImageObject\",\"inLanguage\":\"nb-NO\",\"@id\":\"https:\/\/mekulo.com\/no\/#\/schema\/logo\/image\/\",\"url\":\"https:\/\/mekulo.com\/no\/wp-content\/uploads\/sites\/10\/2025\/12\/favicon_mekulo.png\",\"contentUrl\":\"https:\/\/mekulo.com\/no\/wp-content\/uploads\/sites\/10\/2025\/12\/favicon_mekulo.png\",\"width\":50,\"height\":50,\"caption\":\"Mekulo\"},\"image\":{\"@id\":\"https:\/\/mekulo.com\/no\/#\/schema\/logo\/image\/\"}}]}<\/script>\n<!-- \/ Yoast SEO plugin. -->","yoast_head_json":{"title":"Skj\u00e6rer for innpakningspapir (2 stk) - Mekulo NO","robots":{"index":"index","follow":"follow","max-snippet":"max-snippet:-1","max-image-preview":"max-image-preview:large","max-video-preview":"max-video-preview:-1"},"canonical":"https:\/\/mekulo.com\/no\/produkt\/skjaerer-for-innpakningspapir-2-stk\/","og_locale":"nb_NO","og_type":"article","og_title":"Skj\u00e6rer for innpakningspapir (2 stk) - Mekulo NO","og_description":"Denne miniskj\u00e6reren for innpakningspapir gj\u00f8r gaveinnpakningen raskere, renere og tryggere. Den er kompakt og enkel \u00e5 bruke, og er det perfekte verkt\u00f8yet for h\u00f8ytider, bursdager og hobbyarbeid - du slipper ujevne kanter og \u00e5 slite med sakser.","og_url":"https:\/\/mekulo.com\/no\/produkt\/skjaerer-for-innpakningspapir-2-stk\/","og_site_name":"Mekulo NO","article_modified_time":"2026-01-06T10:41:09+00:00","og_image":[{"width":800,"height":800,"url":"https:\/\/mekulo.com\/no\/wp-content\/uploads\/sites\/10\/2026\/01\/d9xv2c8-1.webp","type":"image\/webp"}],"twitter_card":"summary_large_image","twitter_misc":{"Ansl. lesetid":"2 minutter"},"schema":{"@context":"https:\/\/schema.org","@graph":[{"@type":"WebPage","@id":"https:\/\/mekulo.com\/no\/produkt\/skjaerer-for-innpakningspapir-2-stk\/","url":"https:\/\/mekulo.com\/no\/produkt\/skjaerer-for-innpakningspapir-2-stk\/","name":"Skj\u00e6rer for innpakningspapir (2 stk) - Mekulo NO","isPartOf":{"@id":"https:\/\/mekulo.com\/no\/#website"},"primaryImageOfPage":{"@id":"https:\/\/mekulo.com\/no\/produkt\/skjaerer-for-innpakningspapir-2-stk\/#primaryimage"},"image":{"@id":"https:\/\/mekulo.com\/no\/produkt\/skjaerer-for-innpakningspapir-2-stk\/#primaryimage"},"thumbnailUrl":"https:\/\/mekulo.com\/no\/wp-content\/uploads\/sites\/10\/2026\/01\/d9xv2c8-1.webp","datePublished":"2026-01-06T10:09:59+00:00","dateModified":"2026-01-06T10:41:09+00:00","breadcrumb":{"@id":"https:\/\/mekulo.com\/no\/produkt\/skjaerer-for-innpakningspapir-2-stk\/#breadcrumb"},"inLanguage":"nb-NO","potentialAction":[{"@type":"ReadAction","target":["https:\/\/mekulo.com\/no\/produkt\/skjaerer-for-innpakningspapir-2-stk\/"]}]},{"@type":"ImageObject","inLanguage":"nb-NO","@id":"https:\/\/mekulo.com\/no\/produkt\/skjaerer-for-innpakningspapir-2-stk\/#primaryimage","url":"https:\/\/mekulo.com\/no\/wp-content\/uploads\/sites\/10\/2026\/01\/d9xv2c8-1.webp","contentUrl":"https:\/\/mekulo.com\/no\/wp-content\/uploads\/sites\/10\/2026\/01\/d9xv2c8-1.webp","width":800,"height":800},{"@type":"BreadcrumbList","@id":"https:\/\/mekulo.com\/no\/produkt\/skjaerer-for-innpakningspapir-2-stk\/#breadcrumb","itemListElement":[{"@type":"ListItem","position":1,"name":"Home","item":"https:\/\/mekulo.com\/no\/"},{"@type":"ListItem","position":2,"name":"Butikk","item":"https:\/\/mekulo.com\/no\/butikk\/"},{"@type":"ListItem","position":3,"name":"Skj\u00e6rer for innpakningspapir (2 stk)"}]},{"@type":"WebSite","@id":"https:\/\/mekulo.com\/no\/#website","url":"https:\/\/mekulo.com\/no\/","name":"Mekulo NO","description":"","publisher":{"@id":"https:\/\/mekulo.com\/no\/#organization"},"potentialAction":[{"@type":"SearchAction","target":{"@type":"EntryPoint","urlTemplate":"https:\/\/mekulo.com\/no\/?s={search_term_string}"},"query-input":{"@type":"PropertyValueSpecification","valueRequired":true,"valueName":"search_term_string"}}],"inLanguage":"nb-NO"},{"@type":"Organization","@id":"https:\/\/mekulo.com\/no\/#organization","name":"Mekulo","url":"https:\/\/mekulo.com\/no\/","logo":{"@type":"ImageObject","inLanguage":"nb-NO","@id":"https:\/\/mekulo.com\/no\/#\/schema\/logo\/image\/","url":"https:\/\/mekulo.com\/no\/wp-content\/uploads\/sites\/10\/2025\/12\/favicon_mekulo.png","contentUrl":"https:\/\/mekulo.com\/no\/wp-content\/uploads\/sites\/10\/2025\/12\/favicon_mekulo.png","width":50,"height":50,"caption":"Mekulo"},"image":{"@id":"https:\/\/mekulo.com\/no\/#\/schema\/logo\/image\/"}}]}},"_links":{"self":[{"href":"https:\/\/mekulo.com\/no\/wp-json\/wp\/v2\/product\/14738","targetHints":{"allow":["GET"]}}],"collection":[{"href":"https:\/\/mekulo.com\/no\/wp-json\/wp\/v2\/product"}],"about":[{"href":"https:\/\/mekulo.com\/no\/wp-json\/wp\/v2\/types\/product"}],"replies":[{"embeddable":true,"href":"https:\/\/mekulo.com\/no\/wp-json\/wp\/v2\/comments?post=14738"}],"wp:featuredmedia":[{"embeddable":true,"href":"https:\/\/mekulo.com\/no\/wp-json\/wp\/v2\/media\/14734"}],"wp:attachment":[{"href":"https:\/\/mekulo.com\/no\/wp-json\/wp\/v2\/media?parent=14738"}],"wp:term":[{"taxonomy":"product_brand","embeddable":true,"href":"https:\/\/mekulo.com\/no\/wp-json\/wp\/v2\/product_brand?post=14738"},{"taxonomy":"product_cat","embeddable":true,"href":"https:\/\/mekulo.com\/no\/wp-json\/wp\/v2\/product_cat?post=14738"},{"taxonomy":"product_tag","embeddable":true,"href":"https:\/\/mekulo.com\/no\/wp-json\/wp\/v2\/product_tag?post=14738"}],"curies":[{"name":"wp","href":"https:\/\/api.w.org\/{rel}","templated":true}]}}