{"id":14693,"date":"2026-01-06T12:05:28","date_gmt":"2026-01-06T10:05:28","guid":{"rendered":"https:\/\/mekulo.com\/no\/produkt\/ultra-rask-motorsagsliper\/"},"modified":"2026-03-17T11:44:24","modified_gmt":"2026-03-17T09:44:24","slug":"ultra-rask-motorsagsliper","status":"publish","type":"product","link":"https:\/\/mekulo.com\/no\/produkt\/ultra-rask-motorsagsliper\/","title":{"rendered":"Ultra rask motorsagsliper"},"content":{"rendered":"<h2 style=\"text-align: center;\">Rask og effektiv sliping<\/h2>\n<p style=\"text-align: center;\"><img fetchpriority=\"high\" decoding=\"async\" class=\"alignnone size-full wp-image-45369\" src=\"https:\/\/keluvo.com\/template\/wp-content\/uploads\/sites\/5\/2025\/12\/1_6e5cb4a0-5f73-41da-b215-1ba701dff05a-ezgif.com-video-to-webp-converter.webp\" alt=\"\" width=\"450\" height=\"450\" \/><\/p>\n<h2 style=\"text-align: center;\">B\u00e6rekraftighet og besparelser<\/h2>\n<div>\n<p style=\"text-align: center;\">Forleng levetiden til kjedene dine og unng\u00e5 gjentatte kj\u00f8p av nye kniver.<\/p>\n<p style=\"text-align: center;\"><img decoding=\"async\" class=\"\" src=\"https:\/\/cdn.shopify.com\/s\/files\/1\/0893\/1006\/9074\/files\/Design_sans_titre.svg?v=1737743651\" width=\"29\" height=\"29\" \/> Garantert \u00f8konomi: slip i stedet for \u00e5 bytte ut. Behold pengene dine.<\/p>\n<p style=\"text-align: center;\"><img decoding=\"async\" class=\"\" src=\"https:\/\/cdn.shopify.com\/s\/files\/1\/0893\/1006\/9074\/files\/Design_sans_titre.svg?v=1737743651\" width=\"29\" height=\"29\" \/> <span class=\"featured_row_list\">Redusert slitasje: opprettholder optimal skarphet lenger.<\/span><\/p>\n<div class=\"rte-setting featured-row__list \" style=\"text-align: center;\"><img decoding=\"async\" class=\"\" src=\"https:\/\/cdn.shopify.com\/s\/files\/1\/0893\/1006\/9074\/files\/Design_sans_titre.svg?v=1737743651\" width=\"29\" height=\"29\" \/>Robuste materialer: designet for \u00e5 vare og t\u00e5le intensiv bruk.<\/div>\n<h2><\/h2>\n<div><img decoding=\"async\" class=\"size-full wp-image-45371 aligncenter\" src=\"https:\/\/keluvo.com\/template\/wp-content\/uploads\/sites\/5\/2025\/12\/second-ezgif.com-video-to-webp-converter.webp\" alt=\"\" width=\"450\" height=\"450\" \/><\/div>\n<h2><\/h2>\n<h2 style=\"text-align: center;\">Praktisk og universell<\/h2>\n<p style=\"text-align: center;\"><span style=\"font-size: 16px;\">Enkel \u00e5 bruke og kompatibel med de fleste motorsager for maksimal allsidighet.<\/span><\/p>\n<div>\n<div class=\"rte-setting featured-row__subtext fade-down text-justify\">\n<h3 style=\"text-align: center;\">Ofte stilte sp\u00f8rsm\u00e5l<\/h3>\n<h2><\/h2>\n<p style=\"text-align: center;\"><strong>Sp\u00f8rsm\u00e5l: Passer denne sliperen til alle motorsagkjeder?<\/strong><\/p>\n<p style=\"text-align: center;\">Svar: Ja, den er designet for \u00e5 passe til de fleste standardkjeder, uavhengig av motorsagmerke.<\/p>\n<p style=\"text-align: center;\"><strong>Sp\u00f8rsm\u00e5l: Er det komplisert \u00e5 slipe kjedet med dette verkt\u00f8yet?<\/strong><\/p>\n<p style=\"text-align: center;\">Svar: Ikke i det hele tatt! Det er bare \u00e5 sette kjedet inn i sliperen og f\u00f8lge veiledningene for presis og jevn sliping p\u00e5 f\u00e5 sekunder.<\/p>\n<p style=\"text-align: center;\"><strong>Q: M\u00e5 jeg demontere kjedet for \u00e5 slipe det?<\/strong><\/p>\n<p style=\"text-align: center;\">A: Nei, slipingen gj\u00f8res direkte p\u00e5 motorsagen, uten demontering, for maksimal tidsbesparelse og forenklet bruk.<\/p>\n<p style=\"text-align: center;\"><strong>Q: Hvor lenge varer sliperen?<\/strong><\/p>\n<p style=\"text-align: center;\">A: Den er designet med slitesterke materialer for \u00e5 sikre lang levetid. Slipesteinene kan skiftes ut om n\u00f8dvendig.<\/p>\n<\/div>\n<\/div>\n<\/div>\n","protected":false},"excerpt":{"rendered":"<p>Skarp motorsag p\u00e5 sekunder, uten \u00e5 demontere eller kaste bort tid.<\/p>\n<p><img decoding=\"async\" class=\"\" src=\"https:\/\/cdn.shopify.com\/s\/files\/1\/0893\/1006\/9074\/files\/Design_sans_titre.svg?v=1737743651\" width=\"29\" height=\"29\" \/> Ekspress-sliping: Gjenopprett skarpheten med \u00e9n bevegelse.<\/p>\n<p><img decoding=\"async\" class=\"\" src=\"https:\/\/cdn.shopify.com\/s\/files\/1\/0893\/1006\/9074\/files\/Design_sans_titre.svg?v=1737743651\" width=\"29\" height=\"29\" \/> <span class=\"featured_row_list\">Optimal presisjon: sliper hver tann jevnt.<\/span><\/p>\n<p class=\"rte-setting featured-row__list \"><img decoding=\"async\" class=\"\" src=\"https:\/\/cdn.shopify.com\/s\/files\/1\/0893\/1006\/9074\/files\/Design_sans_titre.svg?v=1737743651\" width=\"29\" height=\"29\" \/>Spar tid<span style=\"font-size: 16px;\"> : unng\u00e5 avbrudd i skogen eller p\u00e5 byggeplasser.<\/span><\/p>\n","protected":false},"featured_media":14689,"comment_status":"open","ping_status":"closed","template":"","meta":{"site-sidebar-layout":"default","site-content-layout":"","ast-site-content-layout":"default","site-content-style":"default","site-sidebar-style":"default","ast-global-header-display":"","ast-banner-title-visibility":"","ast-main-header-display":"","ast-hfb-above-header-display":"","ast-hfb-below-header-display":"","ast-hfb-mobile-header-display":"","site-post-title":"","ast-breadcrumbs-content":"","ast-featured-img":"","footer-sml-layout":"","theme-transparent-header-meta":"default","adv-header-id-meta":"","stick-header-meta":"","header-above-stick-meta":"","header-main-stick-meta":"","header-below-stick-meta":"","astra-migrate-meta-layouts":"set","ast-page-background-enabled":"default","ast-page-background-meta":{"desktop":{"background-color":"var(--ast-global-color-5)","background-image":"","background-repeat":"repeat","background-position":"center center","background-size":"auto","background-attachment":"scroll","background-type":"","background-media":"","overlay-type":"","overlay-color":"","overlay-opacity":"","overlay-gradient":""},"tablet":{"background-color":"","background-image":"","background-repeat":"repeat","background-position":"center center","background-size":"auto","background-attachment":"scroll","background-type":"","background-media":"","overlay-type":"","overlay-color":"","overlay-opacity":"","overlay-gradient":""},"mobile":{"background-color":"","background-image":"","background-repeat":"repeat","background-position":"center center","background-size":"auto","background-attachment":"scroll","background-type":"","background-media":"","overlay-type":"","overlay-color":"","overlay-opacity":"","overlay-gradient":""}},"ast-content-background-meta":{"desktop":{"background-color":"var(--ast-global-color-4)","background-image":"","background-repeat":"repeat","background-position":"center center","background-size":"auto","background-attachment":"scroll","background-type":"","background-media":"","overlay-type":"","overlay-color":"","overlay-opacity":"","overlay-gradient":""},"tablet":{"background-color":"var(--ast-global-color-4)","background-image":"","background-repeat":"repeat","background-position":"center center","background-size":"auto","background-attachment":"scroll","background-type":"","background-media":"","overlay-type":"","overlay-color":"","overlay-opacity":"","overlay-gradient":""},"mobile":{"background-color":"var(--ast-global-color-4)","background-image":"","background-repeat":"repeat","background-position":"center center","background-size":"auto","background-attachment":"scroll","background-type":"","background-media":"","overlay-type":"","overlay-color":"","overlay-opacity":"","overlay-gradient":""}}},"product_brand":[],"product_cat":[15],"product_tag":[],"class_list":{"0":"post-14693","1":"product","2":"type-product","3":"status-publish","4":"has-post-thumbnail","6":"product_cat-uncategorized","7":"pa_60609_owdlhs6x-1-stk","8":"pa_60609_owdlhs6x-2-stk","9":"pa_60609_owdlhs6x-3-stk","10":"desktop-align-left","11":"tablet-align-left","12":"mobile-align-left","14":"first","15":"instock","16":"shipping-taxable","17":"purchasable","18":"product-type-variable"},"yoast_head":"<!-- This site is optimized with the Yoast SEO plugin v26.6 - https:\/\/yoast.com\/wordpress\/plugins\/seo\/ -->\n<title>Ultra rask motorsagsliper - Mekulo NO<\/title>\n<meta name=\"robots\" content=\"index, follow, max-snippet:-1, max-image-preview:large, max-video-preview:-1\" \/>\n<link rel=\"canonical\" href=\"https:\/\/mekulo.com\/no\/produkt\/ultra-rask-motorsagsliper\/\" \/>\n<meta property=\"og:locale\" content=\"nb_NO\" \/>\n<meta property=\"og:type\" content=\"article\" \/>\n<meta property=\"og:title\" content=\"Ultra rask motorsagsliper - Mekulo NO\" \/>\n<meta property=\"og:description\" content=\"Skarp motorsag p\u00e5 sekunder, uten \u00e5 demontere eller kaste bort tid.   Ekspress-sliping: Gjenopprett skarpheten med \u00e9n bevegelse.   Optimal presisjon: sliper hver tann jevnt. Spar tid : unng\u00e5 avbrudd i skogen eller p\u00e5 byggeplasser.\" \/>\n<meta property=\"og:url\" content=\"https:\/\/mekulo.com\/no\/produkt\/ultra-rask-motorsagsliper\/\" \/>\n<meta property=\"og:site_name\" content=\"Mekulo NO\" \/>\n<meta property=\"article:modified_time\" content=\"2026-03-17T09:44:24+00:00\" \/>\n<meta property=\"og:image\" content=\"https:\/\/mekulo.com\/no\/wp-content\/uploads\/sites\/10\/2026\/01\/cccztqn-1.webp\" \/>\n\t<meta property=\"og:image:width\" content=\"1000\" \/>\n\t<meta property=\"og:image:height\" content=\"1000\" \/>\n\t<meta property=\"og:image:type\" content=\"image\/webp\" \/>\n<meta name=\"twitter:card\" content=\"summary_large_image\" \/>\n<meta name=\"twitter:label1\" content=\"Ansl. lesetid\" \/>\n\t<meta name=\"twitter:data1\" content=\"3 minutter\" \/>\n<script type=\"application\/ld+json\" class=\"yoast-schema-graph\">{\"@context\":\"https:\/\/schema.org\",\"@graph\":[{\"@type\":\"WebPage\",\"@id\":\"https:\/\/mekulo.com\/no\/produkt\/ultra-rask-motorsagsliper\/\",\"url\":\"https:\/\/mekulo.com\/no\/produkt\/ultra-rask-motorsagsliper\/\",\"name\":\"Ultra rask motorsagsliper - Mekulo NO\",\"isPartOf\":{\"@id\":\"https:\/\/mekulo.com\/no\/#website\"},\"primaryImageOfPage\":{\"@id\":\"https:\/\/mekulo.com\/no\/produkt\/ultra-rask-motorsagsliper\/#primaryimage\"},\"image\":{\"@id\":\"https:\/\/mekulo.com\/no\/produkt\/ultra-rask-motorsagsliper\/#primaryimage\"},\"thumbnailUrl\":\"https:\/\/mekulo.com\/no\/wp-content\/uploads\/sites\/10\/2026\/01\/cccztqn-1.webp\",\"datePublished\":\"2026-01-06T10:05:28+00:00\",\"dateModified\":\"2026-03-17T09:44:24+00:00\",\"breadcrumb\":{\"@id\":\"https:\/\/mekulo.com\/no\/produkt\/ultra-rask-motorsagsliper\/#breadcrumb\"},\"inLanguage\":\"nb-NO\",\"potentialAction\":[{\"@type\":\"ReadAction\",\"target\":[\"https:\/\/mekulo.com\/no\/produkt\/ultra-rask-motorsagsliper\/\"]}]},{\"@type\":\"ImageObject\",\"inLanguage\":\"nb-NO\",\"@id\":\"https:\/\/mekulo.com\/no\/produkt\/ultra-rask-motorsagsliper\/#primaryimage\",\"url\":\"https:\/\/mekulo.com\/no\/wp-content\/uploads\/sites\/10\/2026\/01\/cccztqn-1.webp\",\"contentUrl\":\"https:\/\/mekulo.com\/no\/wp-content\/uploads\/sites\/10\/2026\/01\/cccztqn-1.webp\",\"width\":1000,\"height\":1000},{\"@type\":\"BreadcrumbList\",\"@id\":\"https:\/\/mekulo.com\/no\/produkt\/ultra-rask-motorsagsliper\/#breadcrumb\",\"itemListElement\":[{\"@type\":\"ListItem\",\"position\":1,\"name\":\"Home\",\"item\":\"https:\/\/mekulo.com\/no\/\"},{\"@type\":\"ListItem\",\"position\":2,\"name\":\"Butikk\",\"item\":\"https:\/\/mekulo.com\/no\/butikk\/\"},{\"@type\":\"ListItem\",\"position\":3,\"name\":\"Ultra rask motorsagsliper\"}]},{\"@type\":\"WebSite\",\"@id\":\"https:\/\/mekulo.com\/no\/#website\",\"url\":\"https:\/\/mekulo.com\/no\/\",\"name\":\"Mekulo NO\",\"description\":\"\",\"publisher\":{\"@id\":\"https:\/\/mekulo.com\/no\/#organization\"},\"potentialAction\":[{\"@type\":\"SearchAction\",\"target\":{\"@type\":\"EntryPoint\",\"urlTemplate\":\"https:\/\/mekulo.com\/no\/?s={search_term_string}\"},\"query-input\":{\"@type\":\"PropertyValueSpecification\",\"valueRequired\":true,\"valueName\":\"search_term_string\"}}],\"inLanguage\":\"nb-NO\"},{\"@type\":\"Organization\",\"@id\":\"https:\/\/mekulo.com\/no\/#organization\",\"name\":\"Mekulo\",\"url\":\"https:\/\/mekulo.com\/no\/\",\"logo\":{\"@type\":\"ImageObject\",\"inLanguage\":\"nb-NO\",\"@id\":\"https:\/\/mekulo.com\/no\/#\/schema\/logo\/image\/\",\"url\":\"https:\/\/mekulo.com\/no\/wp-content\/uploads\/sites\/10\/2025\/12\/favicon_mekulo.png\",\"contentUrl\":\"https:\/\/mekulo.com\/no\/wp-content\/uploads\/sites\/10\/2025\/12\/favicon_mekulo.png\",\"width\":50,\"height\":50,\"caption\":\"Mekulo\"},\"image\":{\"@id\":\"https:\/\/mekulo.com\/no\/#\/schema\/logo\/image\/\"}}]}<\/script>\n<!-- \/ Yoast SEO plugin. -->","yoast_head_json":{"title":"Ultra rask motorsagsliper - Mekulo NO","robots":{"index":"index","follow":"follow","max-snippet":"max-snippet:-1","max-image-preview":"max-image-preview:large","max-video-preview":"max-video-preview:-1"},"canonical":"https:\/\/mekulo.com\/no\/produkt\/ultra-rask-motorsagsliper\/","og_locale":"nb_NO","og_type":"article","og_title":"Ultra rask motorsagsliper - Mekulo NO","og_description":"Skarp motorsag p\u00e5 sekunder, uten \u00e5 demontere eller kaste bort tid.   Ekspress-sliping: Gjenopprett skarpheten med \u00e9n bevegelse.   Optimal presisjon: sliper hver tann jevnt. Spar tid : unng\u00e5 avbrudd i skogen eller p\u00e5 byggeplasser.","og_url":"https:\/\/mekulo.com\/no\/produkt\/ultra-rask-motorsagsliper\/","og_site_name":"Mekulo NO","article_modified_time":"2026-03-17T09:44:24+00:00","og_image":[{"width":1000,"height":1000,"url":"https:\/\/mekulo.com\/no\/wp-content\/uploads\/sites\/10\/2026\/01\/cccztqn-1.webp","type":"image\/webp"}],"twitter_card":"summary_large_image","twitter_misc":{"Ansl. lesetid":"3 minutter"},"schema":{"@context":"https:\/\/schema.org","@graph":[{"@type":"WebPage","@id":"https:\/\/mekulo.com\/no\/produkt\/ultra-rask-motorsagsliper\/","url":"https:\/\/mekulo.com\/no\/produkt\/ultra-rask-motorsagsliper\/","name":"Ultra rask motorsagsliper - Mekulo NO","isPartOf":{"@id":"https:\/\/mekulo.com\/no\/#website"},"primaryImageOfPage":{"@id":"https:\/\/mekulo.com\/no\/produkt\/ultra-rask-motorsagsliper\/#primaryimage"},"image":{"@id":"https:\/\/mekulo.com\/no\/produkt\/ultra-rask-motorsagsliper\/#primaryimage"},"thumbnailUrl":"https:\/\/mekulo.com\/no\/wp-content\/uploads\/sites\/10\/2026\/01\/cccztqn-1.webp","datePublished":"2026-01-06T10:05:28+00:00","dateModified":"2026-03-17T09:44:24+00:00","breadcrumb":{"@id":"https:\/\/mekulo.com\/no\/produkt\/ultra-rask-motorsagsliper\/#breadcrumb"},"inLanguage":"nb-NO","potentialAction":[{"@type":"ReadAction","target":["https:\/\/mekulo.com\/no\/produkt\/ultra-rask-motorsagsliper\/"]}]},{"@type":"ImageObject","inLanguage":"nb-NO","@id":"https:\/\/mekulo.com\/no\/produkt\/ultra-rask-motorsagsliper\/#primaryimage","url":"https:\/\/mekulo.com\/no\/wp-content\/uploads\/sites\/10\/2026\/01\/cccztqn-1.webp","contentUrl":"https:\/\/mekulo.com\/no\/wp-content\/uploads\/sites\/10\/2026\/01\/cccztqn-1.webp","width":1000,"height":1000},{"@type":"BreadcrumbList","@id":"https:\/\/mekulo.com\/no\/produkt\/ultra-rask-motorsagsliper\/#breadcrumb","itemListElement":[{"@type":"ListItem","position":1,"name":"Home","item":"https:\/\/mekulo.com\/no\/"},{"@type":"ListItem","position":2,"name":"Butikk","item":"https:\/\/mekulo.com\/no\/butikk\/"},{"@type":"ListItem","position":3,"name":"Ultra rask motorsagsliper"}]},{"@type":"WebSite","@id":"https:\/\/mekulo.com\/no\/#website","url":"https:\/\/mekulo.com\/no\/","name":"Mekulo NO","description":"","publisher":{"@id":"https:\/\/mekulo.com\/no\/#organization"},"potentialAction":[{"@type":"SearchAction","target":{"@type":"EntryPoint","urlTemplate":"https:\/\/mekulo.com\/no\/?s={search_term_string}"},"query-input":{"@type":"PropertyValueSpecification","valueRequired":true,"valueName":"search_term_string"}}],"inLanguage":"nb-NO"},{"@type":"Organization","@id":"https:\/\/mekulo.com\/no\/#organization","name":"Mekulo","url":"https:\/\/mekulo.com\/no\/","logo":{"@type":"ImageObject","inLanguage":"nb-NO","@id":"https:\/\/mekulo.com\/no\/#\/schema\/logo\/image\/","url":"https:\/\/mekulo.com\/no\/wp-content\/uploads\/sites\/10\/2025\/12\/favicon_mekulo.png","contentUrl":"https:\/\/mekulo.com\/no\/wp-content\/uploads\/sites\/10\/2025\/12\/favicon_mekulo.png","width":50,"height":50,"caption":"Mekulo"},"image":{"@id":"https:\/\/mekulo.com\/no\/#\/schema\/logo\/image\/"}}]}},"_links":{"self":[{"href":"https:\/\/mekulo.com\/no\/wp-json\/wp\/v2\/product\/14693","targetHints":{"allow":["GET"]}}],"collection":[{"href":"https:\/\/mekulo.com\/no\/wp-json\/wp\/v2\/product"}],"about":[{"href":"https:\/\/mekulo.com\/no\/wp-json\/wp\/v2\/types\/product"}],"replies":[{"embeddable":true,"href":"https:\/\/mekulo.com\/no\/wp-json\/wp\/v2\/comments?post=14693"}],"wp:featuredmedia":[{"embeddable":true,"href":"https:\/\/mekulo.com\/no\/wp-json\/wp\/v2\/media\/14689"}],"wp:attachment":[{"href":"https:\/\/mekulo.com\/no\/wp-json\/wp\/v2\/media?parent=14693"}],"wp:term":[{"taxonomy":"product_brand","embeddable":true,"href":"https:\/\/mekulo.com\/no\/wp-json\/wp\/v2\/product_brand?post=14693"},{"taxonomy":"product_cat","embeddable":true,"href":"https:\/\/mekulo.com\/no\/wp-json\/wp\/v2\/product_cat?post=14693"},{"taxonomy":"product_tag","embeddable":true,"href":"https:\/\/mekulo.com\/no\/wp-json\/wp\/v2\/product_tag?post=14693"}],"curies":[{"name":"wp","href":"https:\/\/api.w.org\/{rel}","templated":true}]}}