{"id":14674,"date":"2026-01-06T12:04:05","date_gmt":"2026-01-06T10:04:05","guid":{"rendered":"https:\/\/mekulo.com\/no\/produkt\/belte-for-holdningskorrigering-2-stk\/"},"modified":"2026-01-06T12:34:13","modified_gmt":"2026-01-06T10:34:13","slug":"belte-for-holdningskorrigering-2-stk","status":"publish","type":"product","link":"https:\/\/mekulo.com\/no\/produkt\/belte-for-holdningskorrigering-2-stk\/","title":{"rendered":"Belte for holdningskorrigering (2 stk)"},"content":{"rendered":"<p style=\"text-align: center;\" data-start=\"0\" data-end=\"76\"><strong data-start=\"0\" data-end=\"76\">Rett Ryggen Og Forbedre Holdningen Komfortabelt Hele Dagen.<\/strong><span style=\"font-size: 16px; font-style: normal; font-weight: 400;\">\ud83e\uddcd\u200d\u2642\ufe0f<\/span><\/p>\n<p data-start=\"78\" data-end=\"329\"><img fetchpriority=\"high\" decoding=\"async\" class=\"size-full wp-image-46679 aligncenter\" src=\"https:\/\/keluvo.com\/template\/wp-content\/uploads\/sites\/5\/2025\/12\/1221-ezgif.com-video-to-webp-converter.webp\" alt=\"\" width=\"500\" height=\"500\" \/><\/p>\n<h2 style=\"text-align: center;\" data-start=\"645\" data-end=\"664\">\u2b50 Hovedfordeler<\/h2>\n<p data-start=\"667\" data-end=\"730\">\ud83e\uddb4 Forbedrer holdningen &#8211; Hjelper med \u00e5 rette ryggen og skuldrene.<\/p>\n<p data-start=\"733\" data-end=\"791\">\ud83c\udf2c\ufe0f Pustende stoff &#8211; Komfortabelt for bruk hele dagen.<\/p>\n<p data-start=\"794\" data-end=\"855\">\ud83d\udd27 Justerbar passform &#8211; Tilpass tettheten til din komfort.<\/p>\n<p data-start=\"858\" data-end=\"934\">\ud83d\udcaa Smertelindrende st\u00f8tte &#8211; Reduserer belastning p\u00e5 skuldre, nakke og \u00f8vre del av ryggen.<\/p>\n<p data-start=\"937\" data-end=\"1004\">\ud83c\udfc3 Flerbruksbruk &#8211; Ideell for arbeid, sport og dagligliv.<\/p>\n<p data-start=\"937\" data-end=\"1004\"><img decoding=\"async\" class=\"size-full wp-image-46680 aligncenter\" src=\"https:\/\/keluvo.com\/template\/wp-content\/uploads\/sites\/5\/2025\/12\/12212-ezgif.com-video-to-webp-converter.webp\" alt=\"\" width=\"500\" height=\"500\" \/><\/p>\n<h2 style=\"text-align: center;\" data-start=\"1006\" data-end=\"1023\">\ud83d\udc55 Slik bruker du det<\/h2>\n<ol data-start=\"1024\" data-end=\"1249\">\n<li data-start=\"1024\" data-end=\"1061\">\n<p data-start=\"1027\" data-end=\"1061\">Ta p\u00e5 deg beltet som en ryggsekk.<\/p>\n<\/li>\n<li data-start=\"1062\" data-end=\"1113\">\n<p data-start=\"1065\" data-end=\"1113\">Juster stroppene for en tettsittende, komfortabel passform.<\/p>\n<\/li>\n<li data-start=\"1114\" data-end=\"1151\">\n<p data-start=\"1117\" data-end=\"1151\">Bruk det i 15-20 minutter i begynnelsen.<\/p>\n<\/li>\n<li data-start=\"1152\" data-end=\"1209\">\n<p data-start=\"1155\" data-end=\"1209\">\u00d8k brukstiden gradvis etter hvert som kroppen din tilpasser seg.<\/p>\n<\/li>\n<li data-start=\"1210\" data-end=\"1249\">\n<p data-start=\"1213\" data-end=\"1249\">Bruk det daglig for \u00e5 bygge opp holdningsminnet.<\/p>\n<\/li>\n<\/ol>\n<h2 style=\"text-align: center;\" data-start=\"1251\" data-end=\"1273\">\ud83d\udccf Produktdetaljer<\/h2>\n<ul data-start=\"1274\" data-end=\"1507\">\n<li data-start=\"1316\" data-end=\"1332\">\n<p data-start=\"1318\" data-end=\"1332\">Farge: Svart<\/p>\n<\/li>\n<li data-start=\"1333\" data-end=\"1357\">\n<p data-start=\"1335\" data-end=\"1357\">St\u00f8rrelser: S (45-55 kg), M (55-65 kg), L (65-75 kg), XL (75-85 kg), XXL (85-100 kg)<\/p>\n<\/li>\n<li data-start=\"1358\" data-end=\"1409\">\n<p data-start=\"1360\" data-end=\"1409\">Egnet for: Menn, kvinner, voksne og ten\u00e5ringer<\/p>\n<\/li>\n<li data-start=\"1410\" data-end=\"1456\">\n<p data-start=\"1412\" data-end=\"1456\">Materiale: Mykt, elastisk, pustende stoff<\/p>\n<\/li>\n<li data-start=\"1457\" data-end=\"1507\">\n<p data-start=\"1459\" data-end=\"1507\">Bruk: Sport, fitness, arbeid, daglige aktiviteter<\/p>\n<\/li>\n<\/ul>\n<h2 style=\"text-align: center;\" data-start=\"1509\" data-end=\"1532\">\ud83d\udce6 Pakken Inneholder<\/h2>\n<ul data-start=\"1533\" data-end=\"1562\" data-is-last-node=\"\" data-is-only-node=\"\">\n<li data-start=\"1533\" data-end=\"1562\" data-is-last-node=\"\">\n<p data-start=\"1535\" data-end=\"1562\" data-is-last-node=\"\">2x holdningskorrigeringsbelte.<\/p>\n<\/li>\n<\/ul>\n","protected":false},"excerpt":{"rendered":"<p>Dette holdningskorrigerende beltet trekker skuldrene forsiktig bakover for \u00e5 hjelpe deg \u00e5 st\u00e5, sitte og bevege deg med riktig holdning. Det reduserer krumming for\u00e5rsaket av langvarig sitting, telefonbruk eller d\u00e5rlige vaner, samtidig som det er komfortabelt \u00e5 bruke til daglig og ved sportsaktiviteter. Dette justerbare holdningsbeltet st\u00f8tter skuldrene og \u00f8vre del av ryggen for \u00e5 korrigere pukkelrygg og krum rygg. Det myke, pustende stoffet holder deg komfortabel samtidig som det bidrar til \u00e5 redusere ubehag i skuldre, nakke og rygg under arbeid, trening eller daglige aktiviteter.<\/p>\n","protected":false},"featured_media":14670,"comment_status":"open","ping_status":"closed","template":"","meta":{"site-sidebar-layout":"default","site-content-layout":"","ast-site-content-layout":"default","site-content-style":"default","site-sidebar-style":"default","ast-global-header-display":"","ast-banner-title-visibility":"","ast-main-header-display":"","ast-hfb-above-header-display":"","ast-hfb-below-header-display":"","ast-hfb-mobile-header-display":"","site-post-title":"","ast-breadcrumbs-content":"","ast-featured-img":"","footer-sml-layout":"","ast-disable-related-posts":"","theme-transparent-header-meta":"default","adv-header-id-meta":"","stick-header-meta":"","header-above-stick-meta":"","header-main-stick-meta":"","header-below-stick-meta":"","astra-migrate-meta-layouts":"set","ast-page-background-enabled":"default","ast-page-background-meta":{"desktop":{"background-color":"var(--ast-global-color-5)","background-image":"","background-repeat":"repeat","background-position":"center center","background-size":"auto","background-attachment":"scroll","background-type":"","background-media":"","overlay-type":"","overlay-color":"","overlay-opacity":"","overlay-gradient":""},"tablet":{"background-color":"","background-image":"","background-repeat":"repeat","background-position":"center center","background-size":"auto","background-attachment":"scroll","background-type":"","background-media":"","overlay-type":"","overlay-color":"","overlay-opacity":"","overlay-gradient":""},"mobile":{"background-color":"","background-image":"","background-repeat":"repeat","background-position":"center center","background-size":"auto","background-attachment":"scroll","background-type":"","background-media":"","overlay-type":"","overlay-color":"","overlay-opacity":"","overlay-gradient":""}},"ast-content-background-meta":{"desktop":{"background-color":"var(--ast-global-color-4)","background-image":"","background-repeat":"repeat","background-position":"center center","background-size":"auto","background-attachment":"scroll","background-type":"","background-media":"","overlay-type":"","overlay-color":"","overlay-opacity":"","overlay-gradient":""},"tablet":{"background-color":"var(--ast-global-color-4)","background-image":"","background-repeat":"repeat","background-position":"center center","background-size":"auto","background-attachment":"scroll","background-type":"","background-media":"","overlay-type":"","overlay-color":"","overlay-opacity":"","overlay-gradient":""},"mobile":{"background-color":"var(--ast-global-color-4)","background-image":"","background-repeat":"repeat","background-position":"center center","background-size":"auto","background-attachment":"scroll","background-type":"","background-media":"","overlay-type":"","overlay-color":"","overlay-opacity":"","overlay-gradient":""}}},"product_brand":[],"product_cat":[166],"product_tag":[],"class_list":{"0":"post-14674","1":"product","2":"type-product","3":"status-publish","4":"has-post-thumbnail","6":"product_cat-helsevesenets-forsyninger","7":"pa_62127_q34innop-l","8":"pa_62127_q34innop-m","9":"pa_62127_q34innop-s","10":"pa_62127_q34innop-xl","11":"pa_62127_q34innop-xxl","12":"desktop-align-left","13":"tablet-align-left","14":"mobile-align-left","16":"first","17":"instock","18":"shipping-taxable","19":"purchasable","20":"product-type-variable"},"yoast_head":"<!-- This site is optimized with the Yoast SEO plugin v27.4 - https:\/\/yoast.com\/product\/yoast-seo-wordpress\/ -->\n<title>Belte for holdningskorrigering (2 stk) - Mekulo NO<\/title>\n<meta name=\"robots\" content=\"index, follow, max-snippet:-1, max-image-preview:large, max-video-preview:-1\" \/>\n<link rel=\"canonical\" href=\"https:\/\/mekulo.com\/no\/produkt\/belte-for-holdningskorrigering-2-stk\/\" \/>\n<meta property=\"og:locale\" content=\"nb_NO\" \/>\n<meta property=\"og:type\" content=\"article\" \/>\n<meta property=\"og:title\" content=\"Belte for holdningskorrigering (2 stk) - Mekulo NO\" \/>\n<meta property=\"og:description\" content=\"Dette holdningskorrigerende beltet trekker skuldrene forsiktig bakover for \u00e5 hjelpe deg \u00e5 st\u00e5, sitte og bevege deg med riktig holdning. Det reduserer krumming for\u00e5rsaket av langvarig sitting, telefonbruk eller d\u00e5rlige vaner, samtidig som det er komfortabelt \u00e5 bruke til daglig og ved sportsaktiviteter. Dette justerbare holdningsbeltet st\u00f8tter skuldrene og \u00f8vre del av ryggen for \u00e5 korrigere pukkelrygg og krum rygg. Det myke, pustende stoffet holder deg komfortabel samtidig som det bidrar til \u00e5 redusere ubehag i skuldre, nakke og rygg under arbeid, trening eller daglige aktiviteter.\" \/>\n<meta property=\"og:url\" content=\"https:\/\/mekulo.com\/no\/produkt\/belte-for-holdningskorrigering-2-stk\/\" \/>\n<meta property=\"og:site_name\" content=\"Mekulo NO\" \/>\n<meta property=\"article:modified_time\" content=\"2026-01-06T10:34:13+00:00\" \/>\n<meta property=\"og:image\" content=\"https:\/\/mekulo.com\/no\/wp-content\/uploads\/sites\/10\/2026\/01\/44lbvvz-1.jpeg\" \/>\n\t<meta property=\"og:image:width\" content=\"802\" \/>\n\t<meta property=\"og:image:height\" content=\"802\" \/>\n\t<meta property=\"og:image:type\" content=\"image\/jpeg\" \/>\n<meta name=\"twitter:card\" content=\"summary_large_image\" \/>\n<meta name=\"twitter:label1\" content=\"Ansl. lesetid\" \/>\n\t<meta name=\"twitter:data1\" content=\"2 minutter\" \/>\n<script type=\"application\/ld+json\" class=\"yoast-schema-graph\">{\"@context\":\"https:\\\/\\\/schema.org\",\"@graph\":[{\"@type\":\"WebPage\",\"@id\":\"https:\\\/\\\/mekulo.com\\\/no\\\/produkt\\\/belte-for-holdningskorrigering-2-stk\\\/\",\"url\":\"https:\\\/\\\/mekulo.com\\\/no\\\/produkt\\\/belte-for-holdningskorrigering-2-stk\\\/\",\"name\":\"Belte for holdningskorrigering (2 stk) - Mekulo NO\",\"isPartOf\":{\"@id\":\"https:\\\/\\\/mekulo.com\\\/no\\\/#website\"},\"primaryImageOfPage\":{\"@id\":\"https:\\\/\\\/mekulo.com\\\/no\\\/produkt\\\/belte-for-holdningskorrigering-2-stk\\\/#primaryimage\"},\"image\":{\"@id\":\"https:\\\/\\\/mekulo.com\\\/no\\\/produkt\\\/belte-for-holdningskorrigering-2-stk\\\/#primaryimage\"},\"thumbnailUrl\":\"https:\\\/\\\/mekulo.com\\\/no\\\/wp-content\\\/uploads\\\/sites\\\/10\\\/2026\\\/01\\\/44lbvvz-1.jpeg\",\"datePublished\":\"2026-01-06T10:04:05+00:00\",\"dateModified\":\"2026-01-06T10:34:13+00:00\",\"breadcrumb\":{\"@id\":\"https:\\\/\\\/mekulo.com\\\/no\\\/produkt\\\/belte-for-holdningskorrigering-2-stk\\\/#breadcrumb\"},\"inLanguage\":\"nb-NO\",\"potentialAction\":[{\"@type\":\"ReadAction\",\"target\":[\"https:\\\/\\\/mekulo.com\\\/no\\\/produkt\\\/belte-for-holdningskorrigering-2-stk\\\/\"]}]},{\"@type\":\"ImageObject\",\"inLanguage\":\"nb-NO\",\"@id\":\"https:\\\/\\\/mekulo.com\\\/no\\\/produkt\\\/belte-for-holdningskorrigering-2-stk\\\/#primaryimage\",\"url\":\"https:\\\/\\\/mekulo.com\\\/no\\\/wp-content\\\/uploads\\\/sites\\\/10\\\/2026\\\/01\\\/44lbvvz-1.jpeg\",\"contentUrl\":\"https:\\\/\\\/mekulo.com\\\/no\\\/wp-content\\\/uploads\\\/sites\\\/10\\\/2026\\\/01\\\/44lbvvz-1.jpeg\",\"width\":802,\"height\":802},{\"@type\":\"BreadcrumbList\",\"@id\":\"https:\\\/\\\/mekulo.com\\\/no\\\/produkt\\\/belte-for-holdningskorrigering-2-stk\\\/#breadcrumb\",\"itemListElement\":[{\"@type\":\"ListItem\",\"position\":1,\"name\":\"Home\",\"item\":\"https:\\\/\\\/mekulo.com\\\/no\\\/\"},{\"@type\":\"ListItem\",\"position\":2,\"name\":\"Butikk\",\"item\":\"https:\\\/\\\/mekulo.com\\\/no\\\/butikk\\\/\"},{\"@type\":\"ListItem\",\"position\":3,\"name\":\"Belte for holdningskorrigering (2 stk)\"}]},{\"@type\":\"WebSite\",\"@id\":\"https:\\\/\\\/mekulo.com\\\/no\\\/#website\",\"url\":\"https:\\\/\\\/mekulo.com\\\/no\\\/\",\"name\":\"Mekulo NO\",\"description\":\"\",\"publisher\":{\"@id\":\"https:\\\/\\\/mekulo.com\\\/no\\\/#organization\"},\"potentialAction\":[{\"@type\":\"SearchAction\",\"target\":{\"@type\":\"EntryPoint\",\"urlTemplate\":\"https:\\\/\\\/mekulo.com\\\/no\\\/?s={search_term_string}\"},\"query-input\":{\"@type\":\"PropertyValueSpecification\",\"valueRequired\":true,\"valueName\":\"search_term_string\"}}],\"inLanguage\":\"nb-NO\"},{\"@type\":\"Organization\",\"@id\":\"https:\\\/\\\/mekulo.com\\\/no\\\/#organization\",\"name\":\"Mekulo\",\"url\":\"https:\\\/\\\/mekulo.com\\\/no\\\/\",\"logo\":{\"@type\":\"ImageObject\",\"inLanguage\":\"nb-NO\",\"@id\":\"https:\\\/\\\/mekulo.com\\\/no\\\/#\\\/schema\\\/logo\\\/image\\\/\",\"url\":\"https:\\\/\\\/mekulo.com\\\/no\\\/wp-content\\\/uploads\\\/sites\\\/10\\\/2025\\\/12\\\/favicon_mekulo.png\",\"contentUrl\":\"https:\\\/\\\/mekulo.com\\\/no\\\/wp-content\\\/uploads\\\/sites\\\/10\\\/2025\\\/12\\\/favicon_mekulo.png\",\"width\":50,\"height\":50,\"caption\":\"Mekulo\"},\"image\":{\"@id\":\"https:\\\/\\\/mekulo.com\\\/no\\\/#\\\/schema\\\/logo\\\/image\\\/\"}}]}<\/script>\n<!-- \/ Yoast SEO plugin. -->","yoast_head_json":{"title":"Belte for holdningskorrigering (2 stk) - Mekulo NO","robots":{"index":"index","follow":"follow","max-snippet":"max-snippet:-1","max-image-preview":"max-image-preview:large","max-video-preview":"max-video-preview:-1"},"canonical":"https:\/\/mekulo.com\/no\/produkt\/belte-for-holdningskorrigering-2-stk\/","og_locale":"nb_NO","og_type":"article","og_title":"Belte for holdningskorrigering (2 stk) - Mekulo NO","og_description":"Dette holdningskorrigerende beltet trekker skuldrene forsiktig bakover for \u00e5 hjelpe deg \u00e5 st\u00e5, sitte og bevege deg med riktig holdning. Det reduserer krumming for\u00e5rsaket av langvarig sitting, telefonbruk eller d\u00e5rlige vaner, samtidig som det er komfortabelt \u00e5 bruke til daglig og ved sportsaktiviteter. Dette justerbare holdningsbeltet st\u00f8tter skuldrene og \u00f8vre del av ryggen for \u00e5 korrigere pukkelrygg og krum rygg. Det myke, pustende stoffet holder deg komfortabel samtidig som det bidrar til \u00e5 redusere ubehag i skuldre, nakke og rygg under arbeid, trening eller daglige aktiviteter.","og_url":"https:\/\/mekulo.com\/no\/produkt\/belte-for-holdningskorrigering-2-stk\/","og_site_name":"Mekulo NO","article_modified_time":"2026-01-06T10:34:13+00:00","og_image":[{"width":802,"height":802,"url":"https:\/\/mekulo.com\/no\/wp-content\/uploads\/sites\/10\/2026\/01\/44lbvvz-1.jpeg","type":"image\/jpeg"}],"twitter_card":"summary_large_image","twitter_misc":{"Ansl. lesetid":"2 minutter"},"schema":{"@context":"https:\/\/schema.org","@graph":[{"@type":"WebPage","@id":"https:\/\/mekulo.com\/no\/produkt\/belte-for-holdningskorrigering-2-stk\/","url":"https:\/\/mekulo.com\/no\/produkt\/belte-for-holdningskorrigering-2-stk\/","name":"Belte for holdningskorrigering (2 stk) - Mekulo NO","isPartOf":{"@id":"https:\/\/mekulo.com\/no\/#website"},"primaryImageOfPage":{"@id":"https:\/\/mekulo.com\/no\/produkt\/belte-for-holdningskorrigering-2-stk\/#primaryimage"},"image":{"@id":"https:\/\/mekulo.com\/no\/produkt\/belte-for-holdningskorrigering-2-stk\/#primaryimage"},"thumbnailUrl":"https:\/\/mekulo.com\/no\/wp-content\/uploads\/sites\/10\/2026\/01\/44lbvvz-1.jpeg","datePublished":"2026-01-06T10:04:05+00:00","dateModified":"2026-01-06T10:34:13+00:00","breadcrumb":{"@id":"https:\/\/mekulo.com\/no\/produkt\/belte-for-holdningskorrigering-2-stk\/#breadcrumb"},"inLanguage":"nb-NO","potentialAction":[{"@type":"ReadAction","target":["https:\/\/mekulo.com\/no\/produkt\/belte-for-holdningskorrigering-2-stk\/"]}]},{"@type":"ImageObject","inLanguage":"nb-NO","@id":"https:\/\/mekulo.com\/no\/produkt\/belte-for-holdningskorrigering-2-stk\/#primaryimage","url":"https:\/\/mekulo.com\/no\/wp-content\/uploads\/sites\/10\/2026\/01\/44lbvvz-1.jpeg","contentUrl":"https:\/\/mekulo.com\/no\/wp-content\/uploads\/sites\/10\/2026\/01\/44lbvvz-1.jpeg","width":802,"height":802},{"@type":"BreadcrumbList","@id":"https:\/\/mekulo.com\/no\/produkt\/belte-for-holdningskorrigering-2-stk\/#breadcrumb","itemListElement":[{"@type":"ListItem","position":1,"name":"Home","item":"https:\/\/mekulo.com\/no\/"},{"@type":"ListItem","position":2,"name":"Butikk","item":"https:\/\/mekulo.com\/no\/butikk\/"},{"@type":"ListItem","position":3,"name":"Belte for holdningskorrigering (2 stk)"}]},{"@type":"WebSite","@id":"https:\/\/mekulo.com\/no\/#website","url":"https:\/\/mekulo.com\/no\/","name":"Mekulo NO","description":"","publisher":{"@id":"https:\/\/mekulo.com\/no\/#organization"},"potentialAction":[{"@type":"SearchAction","target":{"@type":"EntryPoint","urlTemplate":"https:\/\/mekulo.com\/no\/?s={search_term_string}"},"query-input":{"@type":"PropertyValueSpecification","valueRequired":true,"valueName":"search_term_string"}}],"inLanguage":"nb-NO"},{"@type":"Organization","@id":"https:\/\/mekulo.com\/no\/#organization","name":"Mekulo","url":"https:\/\/mekulo.com\/no\/","logo":{"@type":"ImageObject","inLanguage":"nb-NO","@id":"https:\/\/mekulo.com\/no\/#\/schema\/logo\/image\/","url":"https:\/\/mekulo.com\/no\/wp-content\/uploads\/sites\/10\/2025\/12\/favicon_mekulo.png","contentUrl":"https:\/\/mekulo.com\/no\/wp-content\/uploads\/sites\/10\/2025\/12\/favicon_mekulo.png","width":50,"height":50,"caption":"Mekulo"},"image":{"@id":"https:\/\/mekulo.com\/no\/#\/schema\/logo\/image\/"}}]}},"_links":{"self":[{"href":"https:\/\/mekulo.com\/no\/wp-json\/wp\/v2\/product\/14674","targetHints":{"allow":["GET"]}}],"collection":[{"href":"https:\/\/mekulo.com\/no\/wp-json\/wp\/v2\/product"}],"about":[{"href":"https:\/\/mekulo.com\/no\/wp-json\/wp\/v2\/types\/product"}],"replies":[{"embeddable":true,"href":"https:\/\/mekulo.com\/no\/wp-json\/wp\/v2\/comments?post=14674"}],"wp:featuredmedia":[{"embeddable":true,"href":"https:\/\/mekulo.com\/no\/wp-json\/wp\/v2\/media\/14670"}],"wp:attachment":[{"href":"https:\/\/mekulo.com\/no\/wp-json\/wp\/v2\/media?parent=14674"}],"wp:term":[{"taxonomy":"product_brand","embeddable":true,"href":"https:\/\/mekulo.com\/no\/wp-json\/wp\/v2\/product_brand?post=14674"},{"taxonomy":"product_cat","embeddable":true,"href":"https:\/\/mekulo.com\/no\/wp-json\/wp\/v2\/product_cat?post=14674"},{"taxonomy":"product_tag","embeddable":true,"href":"https:\/\/mekulo.com\/no\/wp-json\/wp\/v2\/product_tag?post=14674"}],"curies":[{"name":"wp","href":"https:\/\/api.w.org\/{rel}","templated":true}]}}