{"id":14655,"date":"2026-01-06T12:01:59","date_gmt":"2026-01-06T10:01:59","guid":{"rendered":"https:\/\/mekulo.com\/no\/produkt\/stotte-for-sideforlengelse-av-motorsykkel\/"},"modified":"2026-01-06T12:31:50","modified_gmt":"2026-01-06T10:31:50","slug":"stotte-for-sideforlengelse-av-motorsykkel","status":"publish","type":"product","link":"https:\/\/mekulo.com\/no\/produkt\/stotte-for-sideforlengelse-av-motorsykkel\/","title":{"rendered":"St\u00f8tte for sideforlengelse av motorsykkel"},"content":{"rendered":"<p style=\"text-align: center;\" data-start=\"0\" data-end=\"83\"><strong data-start=\"0\" data-end=\"83\">Parker Motorsykkelen Trygt P\u00e5 Alle Underlag Uten \u00c5 Bekymre Deg For \u00c5 Velte.<\/strong><span style=\"font-size: 16px; font-style: normal; font-weight: 400;\">\ud83c\udfcd\ufe0f<\/span><\/p>\n<p data-start=\"85\" data-end=\"335\"><img fetchpriority=\"high\" decoding=\"async\" class=\"size-full wp-image-46065 aligncenter\" src=\"https:\/\/keluvo.com\/template\/wp-content\/uploads\/sites\/5\/2025\/12\/102225-ezgif.com-video-to-webp-converter-1.webp\" alt=\"\" width=\"500\" height=\"889\" \/><\/p>\n<h2 style=\"text-align: center;\" data-start=\"610\" data-end=\"629\">\u2b50 Hovedfordeler<\/h2>\n<p data-start=\"632\" data-end=\"684\">\ud83d\uded1 Forhindrer velte \u2013 Mer stabil parkering.<\/p>\n<p data-start=\"687\" data-end=\"744\">\ud83c\udf31 Fungerer p\u00e5 mykt underlag \u2013 Gress, gj\u00f8rme, sand, asfalt.<\/p>\n<p data-start=\"747\" data-end=\"799\">\ud83d\udd29 CNC Aluminiumskonstruksjon \u2013 Sterk og lett.<\/p>\n<p data-start=\"802\" data-end=\"859\">\u2699\ufe0f Enkel installasjon \u2013 Ingen boring eller modifikasjoner.<\/p>\n<p data-start=\"862\" data-end=\"915\">\ud83c\udfa8 Anodisert finish \u2013 Slitesterk og falmebestandig.<\/p>\n<p data-start=\"918\" data-end=\"973\">\ud83c\udfcd\ufe0f Sykkel-spesifikk passform \u2013 Sikker og stabil st\u00f8tte.<\/p>\n<p data-start=\"918\" data-end=\"973\"><img decoding=\"async\" class=\"size-full wp-image-46064 aligncenter\" src=\"https:\/\/keluvo.com\/template\/wp-content\/uploads\/sites\/5\/2025\/12\/102226-ezgif.com-video-to-webp-converter-1.webp\" alt=\"\" width=\"500\" height=\"889\" \/><\/p>\n<h2 style=\"text-align: center;\" data-start=\"975\" data-end=\"992\">\ud83d\udd27 Hvordan bruke<\/h2>\n<ol data-start=\"993\" data-end=\"1214\">\n<li data-start=\"993\" data-end=\"1053\">\n<p data-start=\"996\" data-end=\"1053\">Plasser forlengelsen under motorsykkelens sidestativ.<\/p>\n<\/li>\n<li data-start=\"1054\" data-end=\"1105\">\n<p data-start=\"1057\" data-end=\"1105\">Juster den med stativfoten p\u00e5 venstre side.<\/p>\n<\/li>\n<li data-start=\"1106\" data-end=\"1156\">\n<p data-start=\"1109\" data-end=\"1156\">Stram til med den medf\u00f8lgende monteringsutstyret.<\/p>\n<\/li>\n<li data-start=\"1157\" data-end=\"1214\">\n<p data-start=\"1160\" data-end=\"1214\">Forsikre deg om at st\u00f8tten er godt festet f\u00f8r du kj\u00f8rer.<\/p>\n<\/li>\n<\/ol>\n<h2 style=\"text-align: center;\" data-start=\"1216\" data-end=\"1238\">\ud83d\udccf Produktdetaljer<\/h2>\n<ul data-start=\"1239\" data-end=\"1473\">\n<li data-start=\"1239\" data-end=\"1269\">\n<p data-start=\"1241\" data-end=\"1269\">Materiale: T6 6061 aluminium<\/p>\n<\/li>\n<li data-start=\"1270\" data-end=\"1301\">\n<p data-start=\"1272\" data-end=\"1301\">Produksjon: CNC-maskinert<\/p>\n<\/li>\n<li data-start=\"1302\" data-end=\"1330\">\n<p data-start=\"1304\" data-end=\"1330\">Overflatefinish: Anodisert<\/p>\n<\/li>\n<li data-start=\"1331\" data-end=\"1373\">\n<p data-start=\"1333\" data-end=\"1373\">Installasjonsplassering: Venstre sidestativ<\/p>\n<\/li>\n<li data-start=\"1374\" data-end=\"1390\">\n<p data-start=\"1376\" data-end=\"1390\">Vekt: 64 g<\/p>\n<\/li>\n<li data-start=\"1436\" data-end=\"1473\">\n<p data-start=\"1438\" data-end=\"1473\">Tilstand: Helt ny, ettermarked<\/p>\n<\/li>\n<li data-start=\"1436\" data-end=\"1473\">St\u00f8rrelse: 7,2 x 5 cm<\/li>\n<\/ul>\n<h2 style=\"text-align: center;\" data-start=\"1475\" data-end=\"1498\">\ud83d\udce6 Pakken inkluderer<\/h2>\n<ul data-start=\"1499\" data-end=\"1538\" data-is-last-node=\"\" data-is-only-node=\"\">\n<li data-start=\"1499\" data-end=\"1538\" data-is-last-node=\"\">\n<p data-start=\"1501\" data-end=\"1538\" data-is-last-node=\"\">1x sideforlengelsesst\u00f8tte for motorsykkel.<\/p>\n<\/li>\n<\/ul>\n","protected":false},"excerpt":{"rendered":"<p>Denne sidest\u00f8tten for motorsykkel \u00f8ker kontaktflaten til sidest\u00f8tten, noe som gir sykkelen bedre stabilitet p\u00e5 mykt eller ujevnt underlag. Den bidrar til \u00e5 forhindre at motorsykkelen synker ned, sklir og faller n\u00e5r den st\u00e5r parkert p\u00e5 gj\u00f8rme, gress, sand eller varm asfalt. Denne sidest\u00f8tteforst\u00f8rrelsen er laget av CNC-freset aluminium med h\u00f8y styrke og monteres enkelt uten boring eller modifikasjoner. Den anodiserte overflaten motst\u00e5r slitasje og v\u00e6r og vind, noe som gj\u00f8r den til en p\u00e5litelig oppgradering for hverdagskj\u00f8ring og touring.<\/p>\n","protected":false},"featured_media":14651,"comment_status":"open","ping_status":"closed","template":"","meta":{"site-sidebar-layout":"default","site-content-layout":"","ast-site-content-layout":"default","site-content-style":"default","site-sidebar-style":"default","ast-global-header-display":"","ast-banner-title-visibility":"","ast-main-header-display":"","ast-hfb-above-header-display":"","ast-hfb-below-header-display":"","ast-hfb-mobile-header-display":"","site-post-title":"","ast-breadcrumbs-content":"","ast-featured-img":"","footer-sml-layout":"","theme-transparent-header-meta":"default","adv-header-id-meta":"","stick-header-meta":"","header-above-stick-meta":"","header-main-stick-meta":"","header-below-stick-meta":"","astra-migrate-meta-layouts":"set","ast-page-background-enabled":"default","ast-page-background-meta":{"desktop":{"background-color":"var(--ast-global-color-5)","background-image":"","background-repeat":"repeat","background-position":"center center","background-size":"auto","background-attachment":"scroll","background-type":"","background-media":"","overlay-type":"","overlay-color":"","overlay-opacity":"","overlay-gradient":""},"tablet":{"background-color":"","background-image":"","background-repeat":"repeat","background-position":"center center","background-size":"auto","background-attachment":"scroll","background-type":"","background-media":"","overlay-type":"","overlay-color":"","overlay-opacity":"","overlay-gradient":""},"mobile":{"background-color":"","background-image":"","background-repeat":"repeat","background-position":"center center","background-size":"auto","background-attachment":"scroll","background-type":"","background-media":"","overlay-type":"","overlay-color":"","overlay-opacity":"","overlay-gradient":""}},"ast-content-background-meta":{"desktop":{"background-color":"var(--ast-global-color-4)","background-image":"","background-repeat":"repeat","background-position":"center center","background-size":"auto","background-attachment":"scroll","background-type":"","background-media":"","overlay-type":"","overlay-color":"","overlay-opacity":"","overlay-gradient":""},"tablet":{"background-color":"var(--ast-global-color-4)","background-image":"","background-repeat":"repeat","background-position":"center center","background-size":"auto","background-attachment":"scroll","background-type":"","background-media":"","overlay-type":"","overlay-color":"","overlay-opacity":"","overlay-gradient":""},"mobile":{"background-color":"var(--ast-global-color-4)","background-image":"","background-repeat":"repeat","background-position":"center center","background-size":"auto","background-attachment":"scroll","background-type":"","background-media":"","overlay-type":"","overlay-color":"","overlay-opacity":"","overlay-gradient":""}}},"product_brand":[],"product_cat":[171],"product_tag":[],"class_list":{"0":"post-14655","1":"product","2":"type-product","3":"status-publish","4":"has-post-thumbnail","6":"product_cat-verktoy","7":"pa_60286_xrn7drl3-bla","8":"pa_60286_xrn7drl3-gra","9":"pa_60286_xrn7drl3-gul","10":"pa_60286_xrn7drl3-rod","11":"pa_60286_xrn7drl3-svart","12":"desktop-align-left","13":"tablet-align-left","14":"mobile-align-left","16":"first","17":"instock","18":"shipping-taxable","19":"purchasable","20":"product-type-variable"},"yoast_head":"<!-- This site is optimized with the Yoast SEO plugin v26.6 - https:\/\/yoast.com\/wordpress\/plugins\/seo\/ -->\n<title>St\u00f8tte for sideforlengelse av motorsykkel - Mekulo NO<\/title>\n<meta name=\"robots\" content=\"index, follow, max-snippet:-1, max-image-preview:large, max-video-preview:-1\" \/>\n<link rel=\"canonical\" href=\"https:\/\/mekulo.com\/no\/produkt\/stotte-for-sideforlengelse-av-motorsykkel\/\" \/>\n<meta property=\"og:locale\" content=\"nb_NO\" \/>\n<meta property=\"og:type\" content=\"article\" \/>\n<meta property=\"og:title\" content=\"St\u00f8tte for sideforlengelse av motorsykkel - Mekulo NO\" \/>\n<meta property=\"og:description\" content=\"Denne sidest\u00f8tten for motorsykkel \u00f8ker kontaktflaten til sidest\u00f8tten, noe som gir sykkelen bedre stabilitet p\u00e5 mykt eller ujevnt underlag. Den bidrar til \u00e5 forhindre at motorsykkelen synker ned, sklir og faller n\u00e5r den st\u00e5r parkert p\u00e5 gj\u00f8rme, gress, sand eller varm asfalt. Denne sidest\u00f8tteforst\u00f8rrelsen er laget av CNC-freset aluminium med h\u00f8y styrke og monteres enkelt uten boring eller modifikasjoner. Den anodiserte overflaten motst\u00e5r slitasje og v\u00e6r og vind, noe som gj\u00f8r den til en p\u00e5litelig oppgradering for hverdagskj\u00f8ring og touring.\" \/>\n<meta property=\"og:url\" content=\"https:\/\/mekulo.com\/no\/produkt\/stotte-for-sideforlengelse-av-motorsykkel\/\" \/>\n<meta property=\"og:site_name\" content=\"Mekulo NO\" \/>\n<meta property=\"article:modified_time\" content=\"2026-01-06T10:31:50+00:00\" \/>\n<meta property=\"og:image\" content=\"https:\/\/mekulo.com\/no\/wp-content\/uploads\/sites\/10\/2026\/01\/iw1ldec-1.jpg\" \/>\n\t<meta property=\"og:image:width\" content=\"800\" \/>\n\t<meta property=\"og:image:height\" content=\"800\" \/>\n\t<meta property=\"og:image:type\" content=\"image\/jpeg\" \/>\n<meta name=\"twitter:card\" content=\"summary_large_image\" \/>\n<meta name=\"twitter:label1\" content=\"Ansl. lesetid\" \/>\n\t<meta name=\"twitter:data1\" content=\"2 minutter\" \/>\n<script type=\"application\/ld+json\" class=\"yoast-schema-graph\">{\"@context\":\"https:\/\/schema.org\",\"@graph\":[{\"@type\":\"WebPage\",\"@id\":\"https:\/\/mekulo.com\/no\/produkt\/stotte-for-sideforlengelse-av-motorsykkel\/\",\"url\":\"https:\/\/mekulo.com\/no\/produkt\/stotte-for-sideforlengelse-av-motorsykkel\/\",\"name\":\"St\u00f8tte for sideforlengelse av motorsykkel - Mekulo NO\",\"isPartOf\":{\"@id\":\"https:\/\/mekulo.com\/no\/#website\"},\"primaryImageOfPage\":{\"@id\":\"https:\/\/mekulo.com\/no\/produkt\/stotte-for-sideforlengelse-av-motorsykkel\/#primaryimage\"},\"image\":{\"@id\":\"https:\/\/mekulo.com\/no\/produkt\/stotte-for-sideforlengelse-av-motorsykkel\/#primaryimage\"},\"thumbnailUrl\":\"https:\/\/mekulo.com\/no\/wp-content\/uploads\/sites\/10\/2026\/01\/iw1ldec-1.jpg\",\"datePublished\":\"2026-01-06T10:01:59+00:00\",\"dateModified\":\"2026-01-06T10:31:50+00:00\",\"breadcrumb\":{\"@id\":\"https:\/\/mekulo.com\/no\/produkt\/stotte-for-sideforlengelse-av-motorsykkel\/#breadcrumb\"},\"inLanguage\":\"nb-NO\",\"potentialAction\":[{\"@type\":\"ReadAction\",\"target\":[\"https:\/\/mekulo.com\/no\/produkt\/stotte-for-sideforlengelse-av-motorsykkel\/\"]}]},{\"@type\":\"ImageObject\",\"inLanguage\":\"nb-NO\",\"@id\":\"https:\/\/mekulo.com\/no\/produkt\/stotte-for-sideforlengelse-av-motorsykkel\/#primaryimage\",\"url\":\"https:\/\/mekulo.com\/no\/wp-content\/uploads\/sites\/10\/2026\/01\/iw1ldec-1.jpg\",\"contentUrl\":\"https:\/\/mekulo.com\/no\/wp-content\/uploads\/sites\/10\/2026\/01\/iw1ldec-1.jpg\",\"width\":800,\"height\":800},{\"@type\":\"BreadcrumbList\",\"@id\":\"https:\/\/mekulo.com\/no\/produkt\/stotte-for-sideforlengelse-av-motorsykkel\/#breadcrumb\",\"itemListElement\":[{\"@type\":\"ListItem\",\"position\":1,\"name\":\"Home\",\"item\":\"https:\/\/mekulo.com\/no\/\"},{\"@type\":\"ListItem\",\"position\":2,\"name\":\"Butikk\",\"item\":\"https:\/\/mekulo.com\/no\/butikk\/\"},{\"@type\":\"ListItem\",\"position\":3,\"name\":\"St\u00f8tte for sideforlengelse av motorsykkel\"}]},{\"@type\":\"WebSite\",\"@id\":\"https:\/\/mekulo.com\/no\/#website\",\"url\":\"https:\/\/mekulo.com\/no\/\",\"name\":\"Mekulo NO\",\"description\":\"\",\"publisher\":{\"@id\":\"https:\/\/mekulo.com\/no\/#organization\"},\"potentialAction\":[{\"@type\":\"SearchAction\",\"target\":{\"@type\":\"EntryPoint\",\"urlTemplate\":\"https:\/\/mekulo.com\/no\/?s={search_term_string}\"},\"query-input\":{\"@type\":\"PropertyValueSpecification\",\"valueRequired\":true,\"valueName\":\"search_term_string\"}}],\"inLanguage\":\"nb-NO\"},{\"@type\":\"Organization\",\"@id\":\"https:\/\/mekulo.com\/no\/#organization\",\"name\":\"Mekulo\",\"url\":\"https:\/\/mekulo.com\/no\/\",\"logo\":{\"@type\":\"ImageObject\",\"inLanguage\":\"nb-NO\",\"@id\":\"https:\/\/mekulo.com\/no\/#\/schema\/logo\/image\/\",\"url\":\"https:\/\/mekulo.com\/no\/wp-content\/uploads\/sites\/10\/2025\/12\/favicon_mekulo.png\",\"contentUrl\":\"https:\/\/mekulo.com\/no\/wp-content\/uploads\/sites\/10\/2025\/12\/favicon_mekulo.png\",\"width\":50,\"height\":50,\"caption\":\"Mekulo\"},\"image\":{\"@id\":\"https:\/\/mekulo.com\/no\/#\/schema\/logo\/image\/\"}}]}<\/script>\n<!-- \/ Yoast SEO plugin. -->","yoast_head_json":{"title":"St\u00f8tte for sideforlengelse av motorsykkel - Mekulo NO","robots":{"index":"index","follow":"follow","max-snippet":"max-snippet:-1","max-image-preview":"max-image-preview:large","max-video-preview":"max-video-preview:-1"},"canonical":"https:\/\/mekulo.com\/no\/produkt\/stotte-for-sideforlengelse-av-motorsykkel\/","og_locale":"nb_NO","og_type":"article","og_title":"St\u00f8tte for sideforlengelse av motorsykkel - Mekulo NO","og_description":"Denne sidest\u00f8tten for motorsykkel \u00f8ker kontaktflaten til sidest\u00f8tten, noe som gir sykkelen bedre stabilitet p\u00e5 mykt eller ujevnt underlag. Den bidrar til \u00e5 forhindre at motorsykkelen synker ned, sklir og faller n\u00e5r den st\u00e5r parkert p\u00e5 gj\u00f8rme, gress, sand eller varm asfalt. Denne sidest\u00f8tteforst\u00f8rrelsen er laget av CNC-freset aluminium med h\u00f8y styrke og monteres enkelt uten boring eller modifikasjoner. Den anodiserte overflaten motst\u00e5r slitasje og v\u00e6r og vind, noe som gj\u00f8r den til en p\u00e5litelig oppgradering for hverdagskj\u00f8ring og touring.","og_url":"https:\/\/mekulo.com\/no\/produkt\/stotte-for-sideforlengelse-av-motorsykkel\/","og_site_name":"Mekulo NO","article_modified_time":"2026-01-06T10:31:50+00:00","og_image":[{"width":800,"height":800,"url":"https:\/\/mekulo.com\/no\/wp-content\/uploads\/sites\/10\/2026\/01\/iw1ldec-1.jpg","type":"image\/jpeg"}],"twitter_card":"summary_large_image","twitter_misc":{"Ansl. lesetid":"2 minutter"},"schema":{"@context":"https:\/\/schema.org","@graph":[{"@type":"WebPage","@id":"https:\/\/mekulo.com\/no\/produkt\/stotte-for-sideforlengelse-av-motorsykkel\/","url":"https:\/\/mekulo.com\/no\/produkt\/stotte-for-sideforlengelse-av-motorsykkel\/","name":"St\u00f8tte for sideforlengelse av motorsykkel - Mekulo NO","isPartOf":{"@id":"https:\/\/mekulo.com\/no\/#website"},"primaryImageOfPage":{"@id":"https:\/\/mekulo.com\/no\/produkt\/stotte-for-sideforlengelse-av-motorsykkel\/#primaryimage"},"image":{"@id":"https:\/\/mekulo.com\/no\/produkt\/stotte-for-sideforlengelse-av-motorsykkel\/#primaryimage"},"thumbnailUrl":"https:\/\/mekulo.com\/no\/wp-content\/uploads\/sites\/10\/2026\/01\/iw1ldec-1.jpg","datePublished":"2026-01-06T10:01:59+00:00","dateModified":"2026-01-06T10:31:50+00:00","breadcrumb":{"@id":"https:\/\/mekulo.com\/no\/produkt\/stotte-for-sideforlengelse-av-motorsykkel\/#breadcrumb"},"inLanguage":"nb-NO","potentialAction":[{"@type":"ReadAction","target":["https:\/\/mekulo.com\/no\/produkt\/stotte-for-sideforlengelse-av-motorsykkel\/"]}]},{"@type":"ImageObject","inLanguage":"nb-NO","@id":"https:\/\/mekulo.com\/no\/produkt\/stotte-for-sideforlengelse-av-motorsykkel\/#primaryimage","url":"https:\/\/mekulo.com\/no\/wp-content\/uploads\/sites\/10\/2026\/01\/iw1ldec-1.jpg","contentUrl":"https:\/\/mekulo.com\/no\/wp-content\/uploads\/sites\/10\/2026\/01\/iw1ldec-1.jpg","width":800,"height":800},{"@type":"BreadcrumbList","@id":"https:\/\/mekulo.com\/no\/produkt\/stotte-for-sideforlengelse-av-motorsykkel\/#breadcrumb","itemListElement":[{"@type":"ListItem","position":1,"name":"Home","item":"https:\/\/mekulo.com\/no\/"},{"@type":"ListItem","position":2,"name":"Butikk","item":"https:\/\/mekulo.com\/no\/butikk\/"},{"@type":"ListItem","position":3,"name":"St\u00f8tte for sideforlengelse av motorsykkel"}]},{"@type":"WebSite","@id":"https:\/\/mekulo.com\/no\/#website","url":"https:\/\/mekulo.com\/no\/","name":"Mekulo NO","description":"","publisher":{"@id":"https:\/\/mekulo.com\/no\/#organization"},"potentialAction":[{"@type":"SearchAction","target":{"@type":"EntryPoint","urlTemplate":"https:\/\/mekulo.com\/no\/?s={search_term_string}"},"query-input":{"@type":"PropertyValueSpecification","valueRequired":true,"valueName":"search_term_string"}}],"inLanguage":"nb-NO"},{"@type":"Organization","@id":"https:\/\/mekulo.com\/no\/#organization","name":"Mekulo","url":"https:\/\/mekulo.com\/no\/","logo":{"@type":"ImageObject","inLanguage":"nb-NO","@id":"https:\/\/mekulo.com\/no\/#\/schema\/logo\/image\/","url":"https:\/\/mekulo.com\/no\/wp-content\/uploads\/sites\/10\/2025\/12\/favicon_mekulo.png","contentUrl":"https:\/\/mekulo.com\/no\/wp-content\/uploads\/sites\/10\/2025\/12\/favicon_mekulo.png","width":50,"height":50,"caption":"Mekulo"},"image":{"@id":"https:\/\/mekulo.com\/no\/#\/schema\/logo\/image\/"}}]}},"_links":{"self":[{"href":"https:\/\/mekulo.com\/no\/wp-json\/wp\/v2\/product\/14655","targetHints":{"allow":["GET"]}}],"collection":[{"href":"https:\/\/mekulo.com\/no\/wp-json\/wp\/v2\/product"}],"about":[{"href":"https:\/\/mekulo.com\/no\/wp-json\/wp\/v2\/types\/product"}],"replies":[{"embeddable":true,"href":"https:\/\/mekulo.com\/no\/wp-json\/wp\/v2\/comments?post=14655"}],"wp:featuredmedia":[{"embeddable":true,"href":"https:\/\/mekulo.com\/no\/wp-json\/wp\/v2\/media\/14651"}],"wp:attachment":[{"href":"https:\/\/mekulo.com\/no\/wp-json\/wp\/v2\/media?parent=14655"}],"wp:term":[{"taxonomy":"product_brand","embeddable":true,"href":"https:\/\/mekulo.com\/no\/wp-json\/wp\/v2\/product_brand?post=14655"},{"taxonomy":"product_cat","embeddable":true,"href":"https:\/\/mekulo.com\/no\/wp-json\/wp\/v2\/product_cat?post=14655"},{"taxonomy":"product_tag","embeddable":true,"href":"https:\/\/mekulo.com\/no\/wp-json\/wp\/v2\/product_tag?post=14655"}],"curies":[{"name":"wp","href":"https:\/\/api.w.org\/{rel}","templated":true}]}}