{"id":14534,"date":"2026-01-04T19:07:44","date_gmt":"2026-01-04T17:07:44","guid":{"rendered":"https:\/\/mekulo.com\/no\/produkt\/retro-spillkonsoll-2-kontroller\/"},"modified":"2026-01-04T20:30:33","modified_gmt":"2026-01-04T18:30:33","slug":"retro-spillkonsoll-2-kontroller","status":"publish","type":"product","link":"https:\/\/mekulo.com\/no\/produkt\/retro-spillkonsoll-2-kontroller\/","title":{"rendered":"Retro spillkonsoll + 2 kontroller"},"content":{"rendered":"<p style=\"text-align: center;\" data-start=\"59\" data-end=\"145\"><strong>Spill tusenvis av klassiske spill umiddelbart p\u00e5 TV-en din uten behov for oppsett eller internett. \ud83c\udfae<\/strong><\/p>\n<p data-start=\"170\" data-end=\"528\"><img fetchpriority=\"high\" decoding=\"async\" class=\"size-full wp-image-47138 aligncenter\" src=\"https:\/\/keluvo.com\/template\/wp-content\/uploads\/sites\/5\/2025\/12\/122140-ezgif.com-video-to-webp-converter.webp\" alt=\"\" width=\"500\" height=\"889\" \/><\/p>\n<h2 style=\"text-align: center;\" data-start=\"581\" data-end=\"600\">Hovedfordeler \ud83d\udcab<\/h2>\n<p data-start=\"560\" data-end=\"626\">\ud83d\udd79\ufe0f Massivt spillbibliotek &#8211; Opptil 30 000 innebygde retrospill.<\/p>\n<p data-start=\"629\" data-end=\"690\">\ud83d\udcfa 4K HDMI-utgang &#8211; St\u00f8tter 4K \/ 1080P \/ 720P-skjermer.<\/p>\n<p data-start=\"693\" data-end=\"758\">\ud83c\udfae Two wireless controllers &#8211; Spill komfortabelt med venner.<\/p>\n<p data-start=\"761\" data-end=\"821\">\u26a1 Plug &amp; play &#8211; Ingen nedlastinger, ingen installasjon kreves.<\/p>\n<p data-start=\"824\" data-end=\"895\">\ud83d\udcbe Flere emulatorer &#8211; PS1, NES, SNES, GBA, Sega, MAME, og mer.<\/p>\n<p data-start=\"898\" data-end=\"956\">\ud83e\uddf3 Kompakt og b\u00e6rbar &#8211; Ideell for hjemme- eller reisebruk.<\/p>\n<p data-start=\"898\" data-end=\"956\"><img decoding=\"async\" class=\"size-full wp-image-47139 aligncenter\" src=\"https:\/\/keluvo.com\/template\/wp-content\/uploads\/sites\/5\/2025\/12\/122139-ezgif.com-video-to-webp-converter.webp\" alt=\"\" width=\"500\" height=\"889\" \/><\/p>\n<h2 style=\"text-align: center;\" data-start=\"920\" data-end=\"937\">Slik bruker du verkt\u00f8yet \ud83d\udccc<\/h2>\n<ol data-start=\"983\" data-end=\"1264\">\n<li data-start=\"983\" data-end=\"1041\">\n<p data-start=\"986\" data-end=\"1041\">Koble spillpinnen til TV-en eller skjermen via HDMI.<\/p>\n<\/li>\n<li data-start=\"1042\" data-end=\"1093\">\n<p data-start=\"1045\" data-end=\"1093\">Koble USB-str\u00f8mkabelen til en str\u00f8mkilde.<\/p>\n<\/li>\n<li data-start=\"1094\" data-end=\"1165\">\n<p data-start=\"1097\" data-end=\"1165\">Sett AAA-batterier i de tr\u00e5dl\u00f8se kontrollerne (ikke inkludert).<\/p>\n<\/li>\n<li data-start=\"1166\" data-end=\"1212\">\n<p data-start=\"1169\" data-end=\"1212\">Sl\u00e5 p\u00e5 TV-en og velg HDMI-inngangen.<\/p>\n<\/li>\n<li data-start=\"1213\" data-end=\"1264\">\n<p data-start=\"1216\" data-end=\"1264\">Velg et spill fra menyen og begynn \u00e5 spille.<\/p>\n<\/li>\n<\/ol>\n<h2 style=\"text-align: center;\" data-start=\"1182\" data-end=\"1204\">Produktdetaljer \ud83d\udccf<\/h2>\n<ul data-start=\"1296\" data-end=\"1642\">\n<li data-start=\"1296\" data-end=\"1360\">\n<p data-start=\"1298\" data-end=\"1360\">Lagringsalternativer: 32 GB (20 000+ spill) \/ 64 GB (30 000+ spill)<\/p>\n<\/li>\n<li data-start=\"1361\" data-end=\"1453\">\n<p data-start=\"1363\" data-end=\"1453\">Emulatorer som st\u00f8ttes: PS1, CPS1\/2\/3, NES, SNES, GBA, GB, GBC, Sega, MAME, Atari og mer<\/p>\n<\/li>\n<li data-start=\"1454\" data-end=\"1489\">\n<p data-start=\"1456\" data-end=\"1489\">Videoutgang: 4K \/ 1080P \/ 720P<\/p>\n<\/li>\n<li data-start=\"1490\" data-end=\"1515\">\n<p data-start=\"1492\" data-end=\"1515\">Peffektinngang: 5V (USB)<\/p>\n<\/li>\n<li data-start=\"1516\" data-end=\"1566\">\n<p data-start=\"1518\" data-end=\"1566\">Str\u00f8m til kontrolleren: AAA-batterier (ikke inkludert)<\/p>\n<\/li>\n<li data-start=\"1567\" data-end=\"1598\">\n<p data-start=\"1569\" data-end=\"1598\">Tilkobling: HDMI-kompatibel<\/p>\n<\/li>\n<li data-start=\"1599\" data-end=\"1642\">\n<p data-start=\"1601\" data-end=\"1642\">Design: Kompakt, lett spillpinne<\/p>\n<\/li>\n<\/ul>\n<h2 style=\"text-align: center;\" data-start=\"1374\" data-end=\"1397\">Pakken inkluderer \ud83d\udce6<\/h2>\n<ul data-start=\"1675\" data-end=\"1789\">\n<li data-start=\"1675\" data-end=\"1707\">\n<p data-start=\"1677\" data-end=\"1707\">1x retro spillkonsoll<\/p>\n<\/li>\n<li data-start=\"1708\" data-end=\"1736\">\n<p data-start=\"1710\" data-end=\"1736\">2x tr\u00e5dl\u00f8se kontrollere<\/p>\n<\/li>\n<li data-start=\"1737\" data-end=\"1765\">\n<p data-start=\"1739\" data-end=\"1765\">1x HDMI-forlengelseskabel<\/p>\n<\/li>\n<li data-start=\"1766\" data-end=\"1789\">\n<p data-start=\"1768\" data-end=\"1789\">1x USB-str\u00f8mkabel.<\/p>\n<\/li>\n<\/ul>\n","protected":false},"excerpt":{"rendered":"<p>Denne retrospillkonsollen leveres forh\u00e5ndslastet med opptil 30 000 klassiske spill fra flere konsoller, alt i \u00e9n kompakt plug-and-play-enhet. Bare koble den til TV-en eller skjermen via HDMI, og begynn \u00e5 spille med de to medf\u00f8lgende tr\u00e5dl\u00f8se kontrollerne. Den er perfekt for \u00e5 gjenoppleve barndomsminner, spillekvelder med familien eller for \u00e5 spille hjemme eller p\u00e5 reise.<\/p>\n","protected":false},"featured_media":14530,"comment_status":"open","ping_status":"closed","template":"","meta":{"site-sidebar-layout":"default","site-content-layout":"","ast-site-content-layout":"default","site-content-style":"default","site-sidebar-style":"default","ast-global-header-display":"","ast-banner-title-visibility":"","ast-main-header-display":"","ast-hfb-above-header-display":"","ast-hfb-below-header-display":"","ast-hfb-mobile-header-display":"","site-post-title":"","ast-breadcrumbs-content":"","ast-featured-img":"","footer-sml-layout":"","theme-transparent-header-meta":"default","adv-header-id-meta":"","stick-header-meta":"","header-above-stick-meta":"","header-main-stick-meta":"","header-below-stick-meta":"","astra-migrate-meta-layouts":"set","ast-page-background-enabled":"default","ast-page-background-meta":{"desktop":{"background-color":"var(--ast-global-color-5)","background-image":"","background-repeat":"repeat","background-position":"center center","background-size":"auto","background-attachment":"scroll","background-type":"","background-media":"","overlay-type":"","overlay-color":"","overlay-opacity":"","overlay-gradient":""},"tablet":{"background-color":"","background-image":"","background-repeat":"repeat","background-position":"center center","background-size":"auto","background-attachment":"scroll","background-type":"","background-media":"","overlay-type":"","overlay-color":"","overlay-opacity":"","overlay-gradient":""},"mobile":{"background-color":"","background-image":"","background-repeat":"repeat","background-position":"center center","background-size":"auto","background-attachment":"scroll","background-type":"","background-media":"","overlay-type":"","overlay-color":"","overlay-opacity":"","overlay-gradient":""}},"ast-content-background-meta":{"desktop":{"background-color":"var(--ast-global-color-4)","background-image":"","background-repeat":"repeat","background-position":"center center","background-size":"auto","background-attachment":"scroll","background-type":"","background-media":"","overlay-type":"","overlay-color":"","overlay-opacity":"","overlay-gradient":""},"tablet":{"background-color":"var(--ast-global-color-4)","background-image":"","background-repeat":"repeat","background-position":"center center","background-size":"auto","background-attachment":"scroll","background-type":"","background-media":"","overlay-type":"","overlay-color":"","overlay-opacity":"","overlay-gradient":""},"mobile":{"background-color":"var(--ast-global-color-4)","background-image":"","background-repeat":"repeat","background-position":"center center","background-size":"auto","background-attachment":"scroll","background-type":"","background-media":"","overlay-type":"","overlay-color":"","overlay-opacity":"","overlay-gradient":""}}},"product_brand":[],"product_cat":[172],"product_tag":[],"class_list":{"0":"post-14534","1":"product","2":"type-product","3":"status-publish","4":"has-post-thumbnail","6":"product_cat-leker-barne-og-babyprodukter","7":"pa_68728_nab2e8lg-32-gb","8":"pa_68728_nab2e8lg-64-gb","9":"desktop-align-left","10":"tablet-align-left","11":"mobile-align-left","13":"first","14":"instock","15":"shipping-taxable","16":"purchasable","17":"product-type-variable"},"yoast_head":"<!-- This site is optimized with the Yoast SEO plugin v26.6 - https:\/\/yoast.com\/wordpress\/plugins\/seo\/ -->\n<title>Retro spillkonsoll + 2 kontroller - Mekulo NO<\/title>\n<meta name=\"robots\" content=\"index, follow, max-snippet:-1, max-image-preview:large, max-video-preview:-1\" \/>\n<link rel=\"canonical\" href=\"https:\/\/mekulo.com\/no\/produkt\/retro-spillkonsoll-2-kontroller\/\" \/>\n<meta property=\"og:locale\" content=\"nb_NO\" \/>\n<meta property=\"og:type\" content=\"article\" \/>\n<meta property=\"og:title\" content=\"Retro spillkonsoll + 2 kontroller - Mekulo NO\" \/>\n<meta property=\"og:description\" content=\"Denne retrospillkonsollen leveres forh\u00e5ndslastet med opptil 30 000 klassiske spill fra flere konsoller, alt i \u00e9n kompakt plug-and-play-enhet. Bare koble den til TV-en eller skjermen via HDMI, og begynn \u00e5 spille med de to medf\u00f8lgende tr\u00e5dl\u00f8se kontrollerne. Den er perfekt for \u00e5 gjenoppleve barndomsminner, spillekvelder med familien eller for \u00e5 spille hjemme eller p\u00e5 reise.\" \/>\n<meta property=\"og:url\" content=\"https:\/\/mekulo.com\/no\/produkt\/retro-spillkonsoll-2-kontroller\/\" \/>\n<meta property=\"og:site_name\" content=\"Mekulo NO\" \/>\n<meta property=\"article:modified_time\" content=\"2026-01-04T18:30:33+00:00\" \/>\n<meta property=\"og:image\" content=\"https:\/\/mekulo.com\/no\/wp-content\/uploads\/sites\/10\/2026\/01\/6bsnqln-1.jpg\" \/>\n\t<meta property=\"og:image:width\" content=\"1080\" \/>\n\t<meta property=\"og:image:height\" content=\"1080\" \/>\n\t<meta property=\"og:image:type\" content=\"image\/jpeg\" \/>\n<meta name=\"twitter:card\" content=\"summary_large_image\" \/>\n<meta name=\"twitter:label1\" content=\"Ansl. lesetid\" \/>\n\t<meta name=\"twitter:data1\" content=\"2 minutter\" \/>\n<script type=\"application\/ld+json\" class=\"yoast-schema-graph\">{\"@context\":\"https:\/\/schema.org\",\"@graph\":[{\"@type\":\"WebPage\",\"@id\":\"https:\/\/mekulo.com\/no\/produkt\/retro-spillkonsoll-2-kontroller\/\",\"url\":\"https:\/\/mekulo.com\/no\/produkt\/retro-spillkonsoll-2-kontroller\/\",\"name\":\"Retro spillkonsoll + 2 kontroller - Mekulo NO\",\"isPartOf\":{\"@id\":\"https:\/\/mekulo.com\/no\/#website\"},\"primaryImageOfPage\":{\"@id\":\"https:\/\/mekulo.com\/no\/produkt\/retro-spillkonsoll-2-kontroller\/#primaryimage\"},\"image\":{\"@id\":\"https:\/\/mekulo.com\/no\/produkt\/retro-spillkonsoll-2-kontroller\/#primaryimage\"},\"thumbnailUrl\":\"https:\/\/mekulo.com\/no\/wp-content\/uploads\/sites\/10\/2026\/01\/6bsnqln-1.jpg\",\"datePublished\":\"2026-01-04T17:07:44+00:00\",\"dateModified\":\"2026-01-04T18:30:33+00:00\",\"breadcrumb\":{\"@id\":\"https:\/\/mekulo.com\/no\/produkt\/retro-spillkonsoll-2-kontroller\/#breadcrumb\"},\"inLanguage\":\"nb-NO\",\"potentialAction\":[{\"@type\":\"ReadAction\",\"target\":[\"https:\/\/mekulo.com\/no\/produkt\/retro-spillkonsoll-2-kontroller\/\"]}]},{\"@type\":\"ImageObject\",\"inLanguage\":\"nb-NO\",\"@id\":\"https:\/\/mekulo.com\/no\/produkt\/retro-spillkonsoll-2-kontroller\/#primaryimage\",\"url\":\"https:\/\/mekulo.com\/no\/wp-content\/uploads\/sites\/10\/2026\/01\/6bsnqln-1.jpg\",\"contentUrl\":\"https:\/\/mekulo.com\/no\/wp-content\/uploads\/sites\/10\/2026\/01\/6bsnqln-1.jpg\",\"width\":1080,\"height\":1080},{\"@type\":\"BreadcrumbList\",\"@id\":\"https:\/\/mekulo.com\/no\/produkt\/retro-spillkonsoll-2-kontroller\/#breadcrumb\",\"itemListElement\":[{\"@type\":\"ListItem\",\"position\":1,\"name\":\"Home\",\"item\":\"https:\/\/mekulo.com\/no\/\"},{\"@type\":\"ListItem\",\"position\":2,\"name\":\"Butikk\",\"item\":\"https:\/\/mekulo.com\/no\/butikk\/\"},{\"@type\":\"ListItem\",\"position\":3,\"name\":\"Retro spillkonsoll + 2 kontroller\"}]},{\"@type\":\"WebSite\",\"@id\":\"https:\/\/mekulo.com\/no\/#website\",\"url\":\"https:\/\/mekulo.com\/no\/\",\"name\":\"Mekulo NO\",\"description\":\"\",\"publisher\":{\"@id\":\"https:\/\/mekulo.com\/no\/#organization\"},\"potentialAction\":[{\"@type\":\"SearchAction\",\"target\":{\"@type\":\"EntryPoint\",\"urlTemplate\":\"https:\/\/mekulo.com\/no\/?s={search_term_string}\"},\"query-input\":{\"@type\":\"PropertyValueSpecification\",\"valueRequired\":true,\"valueName\":\"search_term_string\"}}],\"inLanguage\":\"nb-NO\"},{\"@type\":\"Organization\",\"@id\":\"https:\/\/mekulo.com\/no\/#organization\",\"name\":\"Mekulo\",\"url\":\"https:\/\/mekulo.com\/no\/\",\"logo\":{\"@type\":\"ImageObject\",\"inLanguage\":\"nb-NO\",\"@id\":\"https:\/\/mekulo.com\/no\/#\/schema\/logo\/image\/\",\"url\":\"https:\/\/mekulo.com\/no\/wp-content\/uploads\/sites\/10\/2025\/12\/favicon_mekulo.png\",\"contentUrl\":\"https:\/\/mekulo.com\/no\/wp-content\/uploads\/sites\/10\/2025\/12\/favicon_mekulo.png\",\"width\":50,\"height\":50,\"caption\":\"Mekulo\"},\"image\":{\"@id\":\"https:\/\/mekulo.com\/no\/#\/schema\/logo\/image\/\"}}]}<\/script>\n<!-- \/ Yoast SEO plugin. -->","yoast_head_json":{"title":"Retro spillkonsoll + 2 kontroller - Mekulo NO","robots":{"index":"index","follow":"follow","max-snippet":"max-snippet:-1","max-image-preview":"max-image-preview:large","max-video-preview":"max-video-preview:-1"},"canonical":"https:\/\/mekulo.com\/no\/produkt\/retro-spillkonsoll-2-kontroller\/","og_locale":"nb_NO","og_type":"article","og_title":"Retro spillkonsoll + 2 kontroller - Mekulo NO","og_description":"Denne retrospillkonsollen leveres forh\u00e5ndslastet med opptil 30 000 klassiske spill fra flere konsoller, alt i \u00e9n kompakt plug-and-play-enhet. Bare koble den til TV-en eller skjermen via HDMI, og begynn \u00e5 spille med de to medf\u00f8lgende tr\u00e5dl\u00f8se kontrollerne. Den er perfekt for \u00e5 gjenoppleve barndomsminner, spillekvelder med familien eller for \u00e5 spille hjemme eller p\u00e5 reise.","og_url":"https:\/\/mekulo.com\/no\/produkt\/retro-spillkonsoll-2-kontroller\/","og_site_name":"Mekulo NO","article_modified_time":"2026-01-04T18:30:33+00:00","og_image":[{"width":1080,"height":1080,"url":"https:\/\/mekulo.com\/no\/wp-content\/uploads\/sites\/10\/2026\/01\/6bsnqln-1.jpg","type":"image\/jpeg"}],"twitter_card":"summary_large_image","twitter_misc":{"Ansl. lesetid":"2 minutter"},"schema":{"@context":"https:\/\/schema.org","@graph":[{"@type":"WebPage","@id":"https:\/\/mekulo.com\/no\/produkt\/retro-spillkonsoll-2-kontroller\/","url":"https:\/\/mekulo.com\/no\/produkt\/retro-spillkonsoll-2-kontroller\/","name":"Retro spillkonsoll + 2 kontroller - Mekulo NO","isPartOf":{"@id":"https:\/\/mekulo.com\/no\/#website"},"primaryImageOfPage":{"@id":"https:\/\/mekulo.com\/no\/produkt\/retro-spillkonsoll-2-kontroller\/#primaryimage"},"image":{"@id":"https:\/\/mekulo.com\/no\/produkt\/retro-spillkonsoll-2-kontroller\/#primaryimage"},"thumbnailUrl":"https:\/\/mekulo.com\/no\/wp-content\/uploads\/sites\/10\/2026\/01\/6bsnqln-1.jpg","datePublished":"2026-01-04T17:07:44+00:00","dateModified":"2026-01-04T18:30:33+00:00","breadcrumb":{"@id":"https:\/\/mekulo.com\/no\/produkt\/retro-spillkonsoll-2-kontroller\/#breadcrumb"},"inLanguage":"nb-NO","potentialAction":[{"@type":"ReadAction","target":["https:\/\/mekulo.com\/no\/produkt\/retro-spillkonsoll-2-kontroller\/"]}]},{"@type":"ImageObject","inLanguage":"nb-NO","@id":"https:\/\/mekulo.com\/no\/produkt\/retro-spillkonsoll-2-kontroller\/#primaryimage","url":"https:\/\/mekulo.com\/no\/wp-content\/uploads\/sites\/10\/2026\/01\/6bsnqln-1.jpg","contentUrl":"https:\/\/mekulo.com\/no\/wp-content\/uploads\/sites\/10\/2026\/01\/6bsnqln-1.jpg","width":1080,"height":1080},{"@type":"BreadcrumbList","@id":"https:\/\/mekulo.com\/no\/produkt\/retro-spillkonsoll-2-kontroller\/#breadcrumb","itemListElement":[{"@type":"ListItem","position":1,"name":"Home","item":"https:\/\/mekulo.com\/no\/"},{"@type":"ListItem","position":2,"name":"Butikk","item":"https:\/\/mekulo.com\/no\/butikk\/"},{"@type":"ListItem","position":3,"name":"Retro spillkonsoll + 2 kontroller"}]},{"@type":"WebSite","@id":"https:\/\/mekulo.com\/no\/#website","url":"https:\/\/mekulo.com\/no\/","name":"Mekulo NO","description":"","publisher":{"@id":"https:\/\/mekulo.com\/no\/#organization"},"potentialAction":[{"@type":"SearchAction","target":{"@type":"EntryPoint","urlTemplate":"https:\/\/mekulo.com\/no\/?s={search_term_string}"},"query-input":{"@type":"PropertyValueSpecification","valueRequired":true,"valueName":"search_term_string"}}],"inLanguage":"nb-NO"},{"@type":"Organization","@id":"https:\/\/mekulo.com\/no\/#organization","name":"Mekulo","url":"https:\/\/mekulo.com\/no\/","logo":{"@type":"ImageObject","inLanguage":"nb-NO","@id":"https:\/\/mekulo.com\/no\/#\/schema\/logo\/image\/","url":"https:\/\/mekulo.com\/no\/wp-content\/uploads\/sites\/10\/2025\/12\/favicon_mekulo.png","contentUrl":"https:\/\/mekulo.com\/no\/wp-content\/uploads\/sites\/10\/2025\/12\/favicon_mekulo.png","width":50,"height":50,"caption":"Mekulo"},"image":{"@id":"https:\/\/mekulo.com\/no\/#\/schema\/logo\/image\/"}}]}},"_links":{"self":[{"href":"https:\/\/mekulo.com\/no\/wp-json\/wp\/v2\/product\/14534","targetHints":{"allow":["GET"]}}],"collection":[{"href":"https:\/\/mekulo.com\/no\/wp-json\/wp\/v2\/product"}],"about":[{"href":"https:\/\/mekulo.com\/no\/wp-json\/wp\/v2\/types\/product"}],"replies":[{"embeddable":true,"href":"https:\/\/mekulo.com\/no\/wp-json\/wp\/v2\/comments?post=14534"}],"wp:featuredmedia":[{"embeddable":true,"href":"https:\/\/mekulo.com\/no\/wp-json\/wp\/v2\/media\/14530"}],"wp:attachment":[{"href":"https:\/\/mekulo.com\/no\/wp-json\/wp\/v2\/media?parent=14534"}],"wp:term":[{"taxonomy":"product_brand","embeddable":true,"href":"https:\/\/mekulo.com\/no\/wp-json\/wp\/v2\/product_brand?post=14534"},{"taxonomy":"product_cat","embeddable":true,"href":"https:\/\/mekulo.com\/no\/wp-json\/wp\/v2\/product_cat?post=14534"},{"taxonomy":"product_tag","embeddable":true,"href":"https:\/\/mekulo.com\/no\/wp-json\/wp\/v2\/product_tag?post=14534"}],"curies":[{"name":"wp","href":"https:\/\/api.w.org\/{rel}","templated":true}]}}