{"id":14517,"date":"2026-01-04T19:06:30","date_gmt":"2026-01-04T17:06:30","guid":{"rendered":"https:\/\/mekulo.com\/no\/produkt\/interaktiv-hundeball\/"},"modified":"2026-01-04T20:29:34","modified_gmt":"2026-01-04T18:29:34","slug":"interaktiv-hundeball","status":"publish","type":"product","link":"https:\/\/mekulo.com\/no\/produkt\/interaktiv-hundeball\/","title":{"rendered":"Interaktiv hundeball"},"content":{"rendered":"<div class=\"flex max-w-full flex-col grow\">\n<div class=\"min-h-8 text-message relative flex w-full flex-col items-end gap-2 text-start break-words whitespace-normal [.text-message+&amp;]:mt-1\" dir=\"auto\" data-message-author-role=\"assistant\" data-message-id=\"177df595-5755-4084-9270-77d0f43d9585\" data-message-model-slug=\"gpt-5-2\">\n<div class=\"flex w-full flex-col gap-1 empty:hidden first:pt-[1px]\">\n<div class=\"markdown prose dark:prose-invert w-full break-words light markdown-new-styling\">\n<p style=\"text-align: center;\" data-start=\"45\" data-end=\"131\"><strong>Holder Hunden Din Aktiv, Underholdt Og Mentalt Stimulert Selv N\u00e5r Du Ikke Er Hjemme. \ud83d\udc36<\/strong><\/p>\n<p data-start=\"156\" data-end=\"551\"><img fetchpriority=\"high\" decoding=\"async\" class=\"size-full wp-image-47115 aligncenter\" src=\"https:\/\/keluvo.com\/template\/wp-content\/uploads\/sites\/5\/2025\/12\/122135-ezgif.com-video-to-webp-converter.webp\" alt=\"\" width=\"500\" height=\"889\" \/><\/p>\n<h2 style=\"text-align: center;\" data-start=\"558\" data-end=\"580\">\ud83d\udc3e Hovedfordeler<\/h2>\n<p data-start=\"583\" data-end=\"655\">\u26a1 Automatisk rullende bevegelse &#8211; Beveger seg av seg selv for \u00e5 holde kj\u00e6ledyr engasjert.<\/p>\n<p data-start=\"658\" data-end=\"728\">\ud83e\udde0 Mental stimulering &#8211; Reduserer kjedsomhet og destruktiv atferd.<\/p>\n<p data-start=\"731\" data-end=\"804\">\ud83c\udfc3 Oppmuntrer til mosjon &#8211; Fremmer l\u00f8ping, jaging og aktiv lek.<\/p>\n<p data-start=\"807\" data-end=\"876\">\ud83c\udfaf Bevegelsesaktivert &#8211; Reagerer n\u00e5r kj\u00e6ledyret ditt ber\u00f8rer eller dytter den.<\/p>\n<p data-start=\"879\" data-end=\"952\">\ud83d\udc36 For alle hundest\u00f8rrelser &#8211; Passer for valper og sm\u00e5 til store hunder.<\/p>\n<p data-start=\"955\" data-end=\"1015\">\ud83d\udd0b USB-oppladbar &#8211; Enkel og praktisk str\u00f8mforsyning.<\/p>\n<p data-start=\"955\" data-end=\"1015\"><img decoding=\"async\" class=\"size-full wp-image-47114 aligncenter\" src=\"https:\/\/keluvo.com\/template\/wp-content\/uploads\/sites\/5\/2025\/12\/122136-ezgif.com-video-to-webp-converter.webp\" alt=\"\" width=\"500\" height=\"889\" \/><\/p>\n<h2 style=\"text-align: center;\" data-start=\"1022\" data-end=\"1041\">\u25b6\ufe0f Slik bruker du<\/h2>\n<ol data-start=\"1042\" data-end=\"1231\">\n<li data-start=\"1042\" data-end=\"1088\">\n<p data-start=\"1045\" data-end=\"1088\">Lad leket\u00f8yet helt opp ved hjelp av USB-kabelen.<\/p>\n<\/li>\n<li data-start=\"1089\" data-end=\"1134\">\n<p data-start=\"1092\" data-end=\"1134\">Legg ballen p\u00e5 et flatt underlag innend\u00f8rs.<\/p>\n<\/li>\n<li data-start=\"1135\" data-end=\"1183\">\n<p data-start=\"1138\" data-end=\"1183\">Sl\u00e5 p\u00e5 leket\u00f8yet for \u00e5 aktivere rullende bevegelse.<\/p>\n<\/li>\n<li data-start=\"1184\" data-end=\"1231\">\n<p data-start=\"1187\" data-end=\"1231\">La hunden jage, dytte og leke fritt.<\/p>\n<\/li>\n<\/ol>\n<h2 style=\"text-align: center;\" data-start=\"1238\" data-end=\"1262\">\ud83d\udccf Produktdetaljer<\/h2>\n<ul data-start=\"1263\" data-end=\"1413\">\n<li data-start=\"1263\" data-end=\"1288\">\n<p data-start=\"1265\" data-end=\"1288\">Materiale: ABS-plast<\/p>\n<\/li>\n<li data-start=\"1289\" data-end=\"1327\">\n<p data-start=\"1291\" data-end=\"1327\">St\u00f8rrelse: 7 x 13 cm<\/p>\n<\/li>\n<li data-start=\"1328\" data-end=\"1345\">\n<p data-start=\"1330\" data-end=\"1345\">Vekt: 180 g<\/p>\n<\/li>\n<li data-start=\"1346\" data-end=\"1380\">\n<p data-start=\"1348\" data-end=\"1380\">Str\u00f8mforsyning: USB oppladbar<\/p>\n<\/li>\n<li data-start=\"1381\" data-end=\"1413\">\n<p data-start=\"1383\" data-end=\"1413\">Bruk: Interaktiv lek innend\u00f8rs<\/p>\n<\/li>\n<\/ul>\n<h2 style=\"text-align: center;\" data-start=\"1420\" data-end=\"1445\">\ud83d\udce6 Pakken Inneholder<\/h2>\n<ul data-start=\"1446\" data-end=\"1472\" data-is-last-node=\"\" data-is-only-node=\"\">\n<li data-start=\"1446\" data-end=\"1472\" data-is-last-node=\"\">\n<p data-start=\"1448\" data-end=\"1472\" data-is-last-node=\"\">1, 2x interaktiv hundeball.<\/p>\n<\/li>\n<\/ul>\n<\/div>\n<\/div>\n<\/div>\n<\/div>\n","protected":false},"excerpt":{"rendered":"<p>Denne interaktive hundeballen er en elektrisk rullende leke som beveger seg av seg selv for \u00e5 fange kj\u00e6ledyrets oppmerksomhet og gj\u00f8re leken spennende. Den reagerer p\u00e5 bevegelse, ruller automatisk og har en leken hale som oppmuntrer til \u00e5 jage, l\u00f8pe og trene. Den er designet for innend\u00f8rs bruk og bidrar til \u00e5 redusere kjedsomhet, frigj\u00f8re energi og st\u00f8tte b\u00e5de fysisk og mental helse for hunder og valper i alle st\u00f8rrelser.<\/p>\n","protected":false},"featured_media":14513,"comment_status":"open","ping_status":"closed","template":"","meta":{"site-sidebar-layout":"default","site-content-layout":"","ast-site-content-layout":"default","site-content-style":"default","site-sidebar-style":"default","ast-global-header-display":"","ast-banner-title-visibility":"","ast-main-header-display":"","ast-hfb-above-header-display":"","ast-hfb-below-header-display":"","ast-hfb-mobile-header-display":"","site-post-title":"","ast-breadcrumbs-content":"","ast-featured-img":"","footer-sml-layout":"","theme-transparent-header-meta":"default","adv-header-id-meta":"","stick-header-meta":"","header-above-stick-meta":"","header-main-stick-meta":"","header-below-stick-meta":"","astra-migrate-meta-layouts":"set","ast-page-background-enabled":"default","ast-page-background-meta":{"desktop":{"background-color":"var(--ast-global-color-5)","background-image":"","background-repeat":"repeat","background-position":"center center","background-size":"auto","background-attachment":"scroll","background-type":"","background-media":"","overlay-type":"","overlay-color":"","overlay-opacity":"","overlay-gradient":""},"tablet":{"background-color":"","background-image":"","background-repeat":"repeat","background-position":"center center","background-size":"auto","background-attachment":"scroll","background-type":"","background-media":"","overlay-type":"","overlay-color":"","overlay-opacity":"","overlay-gradient":""},"mobile":{"background-color":"","background-image":"","background-repeat":"repeat","background-position":"center center","background-size":"auto","background-attachment":"scroll","background-type":"","background-media":"","overlay-type":"","overlay-color":"","overlay-opacity":"","overlay-gradient":""}},"ast-content-background-meta":{"desktop":{"background-color":"var(--ast-global-color-4)","background-image":"","background-repeat":"repeat","background-position":"center center","background-size":"auto","background-attachment":"scroll","background-type":"","background-media":"","overlay-type":"","overlay-color":"","overlay-opacity":"","overlay-gradient":""},"tablet":{"background-color":"var(--ast-global-color-4)","background-image":"","background-repeat":"repeat","background-position":"center center","background-size":"auto","background-attachment":"scroll","background-type":"","background-media":"","overlay-type":"","overlay-color":"","overlay-opacity":"","overlay-gradient":""},"mobile":{"background-color":"var(--ast-global-color-4)","background-image":"","background-repeat":"repeat","background-position":"center center","background-size":"auto","background-attachment":"scroll","background-type":"","background-media":"","overlay-type":"","overlay-color":"","overlay-opacity":"","overlay-gradient":""}}},"product_brand":[],"product_cat":[169],"product_tag":[],"class_list":{"0":"post-14517","1":"product","2":"type-product","3":"status-publish","4":"has-post-thumbnail","6":"product_cat-kjaeledyrprodukter","7":"pa_68723_dykh61e6-1-stk","8":"pa_68723_dykh61e6-2-stk","9":"pa_68723_nxe6ku4a-bla","10":"pa_68723_nxe6ku4a-oransje","11":"desktop-align-left","12":"tablet-align-left","13":"mobile-align-left","15":"first","16":"instock","17":"shipping-taxable","18":"purchasable","19":"product-type-variable","20":"has-default-attributes"},"yoast_head":"<!-- This site is optimized with the Yoast SEO plugin v26.6 - https:\/\/yoast.com\/wordpress\/plugins\/seo\/ -->\n<title>Interaktiv hundeball - Mekulo NO<\/title>\n<meta name=\"robots\" content=\"index, follow, max-snippet:-1, max-image-preview:large, max-video-preview:-1\" \/>\n<link rel=\"canonical\" href=\"https:\/\/mekulo.com\/no\/produkt\/interaktiv-hundeball\/\" \/>\n<meta property=\"og:locale\" content=\"nb_NO\" \/>\n<meta property=\"og:type\" content=\"article\" \/>\n<meta property=\"og:title\" content=\"Interaktiv hundeball - Mekulo NO\" \/>\n<meta property=\"og:description\" content=\"Denne interaktive hundeballen er en elektrisk rullende leke som beveger seg av seg selv for \u00e5 fange kj\u00e6ledyrets oppmerksomhet og gj\u00f8re leken spennende. Den reagerer p\u00e5 bevegelse, ruller automatisk og har en leken hale som oppmuntrer til \u00e5 jage, l\u00f8pe og trene. Den er designet for innend\u00f8rs bruk og bidrar til \u00e5 redusere kjedsomhet, frigj\u00f8re energi og st\u00f8tte b\u00e5de fysisk og mental helse for hunder og valper i alle st\u00f8rrelser.\" \/>\n<meta property=\"og:url\" content=\"https:\/\/mekulo.com\/no\/produkt\/interaktiv-hundeball\/\" \/>\n<meta property=\"og:site_name\" content=\"Mekulo NO\" \/>\n<meta property=\"article:modified_time\" content=\"2026-01-04T18:29:34+00:00\" \/>\n<meta property=\"og:image\" content=\"https:\/\/mekulo.com\/no\/wp-content\/uploads\/sites\/10\/2026\/01\/ouk19x0-1.jpg\" \/>\n\t<meta property=\"og:image:width\" content=\"1080\" \/>\n\t<meta property=\"og:image:height\" content=\"1080\" \/>\n\t<meta property=\"og:image:type\" content=\"image\/jpeg\" \/>\n<meta name=\"twitter:card\" content=\"summary_large_image\" \/>\n<meta name=\"twitter:label1\" content=\"Ansl. lesetid\" \/>\n\t<meta name=\"twitter:data1\" content=\"2 minutter\" \/>\n<script type=\"application\/ld+json\" class=\"yoast-schema-graph\">{\"@context\":\"https:\/\/schema.org\",\"@graph\":[{\"@type\":\"WebPage\",\"@id\":\"https:\/\/mekulo.com\/no\/produkt\/interaktiv-hundeball\/\",\"url\":\"https:\/\/mekulo.com\/no\/produkt\/interaktiv-hundeball\/\",\"name\":\"Interaktiv hundeball - Mekulo NO\",\"isPartOf\":{\"@id\":\"https:\/\/mekulo.com\/no\/#website\"},\"primaryImageOfPage\":{\"@id\":\"https:\/\/mekulo.com\/no\/produkt\/interaktiv-hundeball\/#primaryimage\"},\"image\":{\"@id\":\"https:\/\/mekulo.com\/no\/produkt\/interaktiv-hundeball\/#primaryimage\"},\"thumbnailUrl\":\"https:\/\/mekulo.com\/no\/wp-content\/uploads\/sites\/10\/2026\/01\/ouk19x0-1.jpg\",\"datePublished\":\"2026-01-04T17:06:30+00:00\",\"dateModified\":\"2026-01-04T18:29:34+00:00\",\"breadcrumb\":{\"@id\":\"https:\/\/mekulo.com\/no\/produkt\/interaktiv-hundeball\/#breadcrumb\"},\"inLanguage\":\"nb-NO\",\"potentialAction\":[{\"@type\":\"ReadAction\",\"target\":[\"https:\/\/mekulo.com\/no\/produkt\/interaktiv-hundeball\/\"]}]},{\"@type\":\"ImageObject\",\"inLanguage\":\"nb-NO\",\"@id\":\"https:\/\/mekulo.com\/no\/produkt\/interaktiv-hundeball\/#primaryimage\",\"url\":\"https:\/\/mekulo.com\/no\/wp-content\/uploads\/sites\/10\/2026\/01\/ouk19x0-1.jpg\",\"contentUrl\":\"https:\/\/mekulo.com\/no\/wp-content\/uploads\/sites\/10\/2026\/01\/ouk19x0-1.jpg\",\"width\":1080,\"height\":1080},{\"@type\":\"BreadcrumbList\",\"@id\":\"https:\/\/mekulo.com\/no\/produkt\/interaktiv-hundeball\/#breadcrumb\",\"itemListElement\":[{\"@type\":\"ListItem\",\"position\":1,\"name\":\"Home\",\"item\":\"https:\/\/mekulo.com\/no\/\"},{\"@type\":\"ListItem\",\"position\":2,\"name\":\"Butikk\",\"item\":\"https:\/\/mekulo.com\/no\/butikk\/\"},{\"@type\":\"ListItem\",\"position\":3,\"name\":\"Interaktiv hundeball\"}]},{\"@type\":\"WebSite\",\"@id\":\"https:\/\/mekulo.com\/no\/#website\",\"url\":\"https:\/\/mekulo.com\/no\/\",\"name\":\"Mekulo NO\",\"description\":\"\",\"publisher\":{\"@id\":\"https:\/\/mekulo.com\/no\/#organization\"},\"potentialAction\":[{\"@type\":\"SearchAction\",\"target\":{\"@type\":\"EntryPoint\",\"urlTemplate\":\"https:\/\/mekulo.com\/no\/?s={search_term_string}\"},\"query-input\":{\"@type\":\"PropertyValueSpecification\",\"valueRequired\":true,\"valueName\":\"search_term_string\"}}],\"inLanguage\":\"nb-NO\"},{\"@type\":\"Organization\",\"@id\":\"https:\/\/mekulo.com\/no\/#organization\",\"name\":\"Mekulo\",\"url\":\"https:\/\/mekulo.com\/no\/\",\"logo\":{\"@type\":\"ImageObject\",\"inLanguage\":\"nb-NO\",\"@id\":\"https:\/\/mekulo.com\/no\/#\/schema\/logo\/image\/\",\"url\":\"https:\/\/mekulo.com\/no\/wp-content\/uploads\/sites\/10\/2025\/12\/favicon_mekulo.png\",\"contentUrl\":\"https:\/\/mekulo.com\/no\/wp-content\/uploads\/sites\/10\/2025\/12\/favicon_mekulo.png\",\"width\":50,\"height\":50,\"caption\":\"Mekulo\"},\"image\":{\"@id\":\"https:\/\/mekulo.com\/no\/#\/schema\/logo\/image\/\"}}]}<\/script>\n<!-- \/ Yoast SEO plugin. -->","yoast_head_json":{"title":"Interaktiv hundeball - Mekulo NO","robots":{"index":"index","follow":"follow","max-snippet":"max-snippet:-1","max-image-preview":"max-image-preview:large","max-video-preview":"max-video-preview:-1"},"canonical":"https:\/\/mekulo.com\/no\/produkt\/interaktiv-hundeball\/","og_locale":"nb_NO","og_type":"article","og_title":"Interaktiv hundeball - Mekulo NO","og_description":"Denne interaktive hundeballen er en elektrisk rullende leke som beveger seg av seg selv for \u00e5 fange kj\u00e6ledyrets oppmerksomhet og gj\u00f8re leken spennende. Den reagerer p\u00e5 bevegelse, ruller automatisk og har en leken hale som oppmuntrer til \u00e5 jage, l\u00f8pe og trene. Den er designet for innend\u00f8rs bruk og bidrar til \u00e5 redusere kjedsomhet, frigj\u00f8re energi og st\u00f8tte b\u00e5de fysisk og mental helse for hunder og valper i alle st\u00f8rrelser.","og_url":"https:\/\/mekulo.com\/no\/produkt\/interaktiv-hundeball\/","og_site_name":"Mekulo NO","article_modified_time":"2026-01-04T18:29:34+00:00","og_image":[{"width":1080,"height":1080,"url":"https:\/\/mekulo.com\/no\/wp-content\/uploads\/sites\/10\/2026\/01\/ouk19x0-1.jpg","type":"image\/jpeg"}],"twitter_card":"summary_large_image","twitter_misc":{"Ansl. lesetid":"2 minutter"},"schema":{"@context":"https:\/\/schema.org","@graph":[{"@type":"WebPage","@id":"https:\/\/mekulo.com\/no\/produkt\/interaktiv-hundeball\/","url":"https:\/\/mekulo.com\/no\/produkt\/interaktiv-hundeball\/","name":"Interaktiv hundeball - Mekulo NO","isPartOf":{"@id":"https:\/\/mekulo.com\/no\/#website"},"primaryImageOfPage":{"@id":"https:\/\/mekulo.com\/no\/produkt\/interaktiv-hundeball\/#primaryimage"},"image":{"@id":"https:\/\/mekulo.com\/no\/produkt\/interaktiv-hundeball\/#primaryimage"},"thumbnailUrl":"https:\/\/mekulo.com\/no\/wp-content\/uploads\/sites\/10\/2026\/01\/ouk19x0-1.jpg","datePublished":"2026-01-04T17:06:30+00:00","dateModified":"2026-01-04T18:29:34+00:00","breadcrumb":{"@id":"https:\/\/mekulo.com\/no\/produkt\/interaktiv-hundeball\/#breadcrumb"},"inLanguage":"nb-NO","potentialAction":[{"@type":"ReadAction","target":["https:\/\/mekulo.com\/no\/produkt\/interaktiv-hundeball\/"]}]},{"@type":"ImageObject","inLanguage":"nb-NO","@id":"https:\/\/mekulo.com\/no\/produkt\/interaktiv-hundeball\/#primaryimage","url":"https:\/\/mekulo.com\/no\/wp-content\/uploads\/sites\/10\/2026\/01\/ouk19x0-1.jpg","contentUrl":"https:\/\/mekulo.com\/no\/wp-content\/uploads\/sites\/10\/2026\/01\/ouk19x0-1.jpg","width":1080,"height":1080},{"@type":"BreadcrumbList","@id":"https:\/\/mekulo.com\/no\/produkt\/interaktiv-hundeball\/#breadcrumb","itemListElement":[{"@type":"ListItem","position":1,"name":"Home","item":"https:\/\/mekulo.com\/no\/"},{"@type":"ListItem","position":2,"name":"Butikk","item":"https:\/\/mekulo.com\/no\/butikk\/"},{"@type":"ListItem","position":3,"name":"Interaktiv hundeball"}]},{"@type":"WebSite","@id":"https:\/\/mekulo.com\/no\/#website","url":"https:\/\/mekulo.com\/no\/","name":"Mekulo NO","description":"","publisher":{"@id":"https:\/\/mekulo.com\/no\/#organization"},"potentialAction":[{"@type":"SearchAction","target":{"@type":"EntryPoint","urlTemplate":"https:\/\/mekulo.com\/no\/?s={search_term_string}"},"query-input":{"@type":"PropertyValueSpecification","valueRequired":true,"valueName":"search_term_string"}}],"inLanguage":"nb-NO"},{"@type":"Organization","@id":"https:\/\/mekulo.com\/no\/#organization","name":"Mekulo","url":"https:\/\/mekulo.com\/no\/","logo":{"@type":"ImageObject","inLanguage":"nb-NO","@id":"https:\/\/mekulo.com\/no\/#\/schema\/logo\/image\/","url":"https:\/\/mekulo.com\/no\/wp-content\/uploads\/sites\/10\/2025\/12\/favicon_mekulo.png","contentUrl":"https:\/\/mekulo.com\/no\/wp-content\/uploads\/sites\/10\/2025\/12\/favicon_mekulo.png","width":50,"height":50,"caption":"Mekulo"},"image":{"@id":"https:\/\/mekulo.com\/no\/#\/schema\/logo\/image\/"}}]}},"_links":{"self":[{"href":"https:\/\/mekulo.com\/no\/wp-json\/wp\/v2\/product\/14517","targetHints":{"allow":["GET"]}}],"collection":[{"href":"https:\/\/mekulo.com\/no\/wp-json\/wp\/v2\/product"}],"about":[{"href":"https:\/\/mekulo.com\/no\/wp-json\/wp\/v2\/types\/product"}],"replies":[{"embeddable":true,"href":"https:\/\/mekulo.com\/no\/wp-json\/wp\/v2\/comments?post=14517"}],"wp:featuredmedia":[{"embeddable":true,"href":"https:\/\/mekulo.com\/no\/wp-json\/wp\/v2\/media\/14513"}],"wp:attachment":[{"href":"https:\/\/mekulo.com\/no\/wp-json\/wp\/v2\/media?parent=14517"}],"wp:term":[{"taxonomy":"product_brand","embeddable":true,"href":"https:\/\/mekulo.com\/no\/wp-json\/wp\/v2\/product_brand?post=14517"},{"taxonomy":"product_cat","embeddable":true,"href":"https:\/\/mekulo.com\/no\/wp-json\/wp\/v2\/product_cat?post=14517"},{"taxonomy":"product_tag","embeddable":true,"href":"https:\/\/mekulo.com\/no\/wp-json\/wp\/v2\/product_tag?post=14517"}],"curies":[{"name":"wp","href":"https:\/\/api.w.org\/{rel}","templated":true}]}}