{"id":14482,"date":"2026-01-04T19:04:01","date_gmt":"2026-01-04T17:04:01","guid":{"rendered":"https:\/\/mekulo.com\/no\/produkt\/automatisk-foringsautomat-for-kyllinger-ender-og-gjess\/"},"modified":"2026-02-10T11:05:06","modified_gmt":"2026-02-10T09:05:06","slug":"automatisk-foringsautomat-for-kyllinger-ender-og-gjess","status":"publish","type":"product","link":"https:\/\/mekulo.com\/no\/produkt\/automatisk-foringsautomat-for-kyllinger-ender-og-gjess\/","title":{"rendered":"Automatisk f\u00f4ringsautomat for kyllinger, ender og gjess"},"content":{"rendered":"<p style=\"text-align: center;\" data-start=\"0\" data-end=\"83\"><strong data-start=\"0\" data-end=\"83\">F\u00f4r Kyllinger, Ender Og Gjess Automatisk Med Mindre Avfall Og Mindre Arbeid. \ud83d\udc14\ud83e\udd86<\/strong><\/p>\n<p data-start=\"85\" data-end=\"315\"><img fetchpriority=\"high\" decoding=\"async\" class=\"size-full wp-image-46024 aligncenter\" src=\"https:\/\/keluvo.com\/template\/wp-content\/uploads\/sites\/5\/2025\/12\/102222-ezgif.com-video-to-webp-converter-2.webp\" alt=\"\" width=\"500\" height=\"889\" \/><\/p>\n<h2 style=\"text-align: center;\" data-start=\"581\" data-end=\"600\">Hovedfordeler \ud83d\udcab<\/h2>\n<p data-start=\"615\" data-end=\"683\">\ud83c\udf3e Automatisk f\u00f4ring &#8211; gravitasjonssystemet gir kontinuerlig f\u00f4ring.<\/p>\n<p data-start=\"686\" data-end=\"738\">\ud83d\udca7 Regntett design &#8211; holder f\u00f4ret t\u00f8rt og friskt.<\/p>\n<p data-start=\"741\" data-end=\"804\">\ud83d\udd27 Enkel DIY-installasjon &#8211; passer til standard b\u00f8tter eller tanker.<\/p>\n<p data-start=\"807\" data-end=\"868\">\u267b\ufe0f Mindre f\u00f4rspill &#8211; kontrollert f\u00f4rtilgang for fj\u00e6rfe.<\/p>\n<p data-start=\"871\" data-end=\"923\">\ud83d\udee0\ufe0f Slitesterk konstruksjon &#8211; Laget for daglig utend\u00f8rs bruk.<\/p>\n<p data-start=\"871\" data-end=\"923\"><img decoding=\"async\" class=\"size-full wp-image-46025 aligncenter\" src=\"https:\/\/keluvo.com\/template\/wp-content\/uploads\/sites\/5\/2025\/12\/102221-ezgif.com-video-to-webp-converter-3.webp\" alt=\"\" width=\"500\" height=\"889\" \/><\/p>\n<h2 style=\"text-align: center;\" data-start=\"920\" data-end=\"937\">Slik bruker du verkt\u00f8yet \ud83d\udccc<\/h2>\n<ol data-start=\"943\" data-end=\"1172\">\n<li data-start=\"943\" data-end=\"990\">\n<p data-start=\"946\" data-end=\"990\">Bor hull i en b\u00f8tte eller f\u00f4rbeholder.<\/p>\n<\/li>\n<li data-start=\"991\" data-end=\"1030\">\n<p data-start=\"994\" data-end=\"1030\">Monter f\u00f4rings\u00e5pningene sikkert.<\/p>\n<\/li>\n<li data-start=\"1031\" data-end=\"1073\">\n<p data-start=\"1034\" data-end=\"1073\">Fyll beholderen med fj\u00f8rfef\u00f4r.<\/p>\n<\/li>\n<li data-start=\"1074\" data-end=\"1125\">\n<p data-start=\"1077\" data-end=\"1125\">Heng eller plasser materen i passende h\u00f8yde.<\/p>\n<\/li>\n<li data-start=\"1126\" data-end=\"1172\">\n<p data-start=\"1129\" data-end=\"1172\">La tyngdekraften s\u00f8rge for f\u00f4ringen automatisk.<\/p>\n<\/li>\n<\/ol>\n<h2 style=\"text-align: center;\" data-start=\"1182\" data-end=\"1204\">Produktdetaljer \ud83d\udccf<\/h2>\n<ul data-start=\"1197\" data-end=\"1412\">\n<li data-start=\"1239\" data-end=\"1270\">\n<p data-start=\"1241\" data-end=\"1270\">F\u00f4ringssystem: Gravitasjonsmatet<\/p>\n<\/li>\n<li data-start=\"1271\" data-end=\"1319\">\n<p data-start=\"1273\" data-end=\"1319\">Egnet for: Kyllinger, kyllinger, ender, gjess<\/p>\n<\/li>\n<li data-start=\"1320\" data-end=\"1363\">\n<p data-start=\"1322\" data-end=\"1363\">Bruk: Utend\u00f8rs og innend\u00f8rs f\u00f4ring av fj\u00e6rfe<\/p>\n<\/li>\n<li data-start=\"1364\" data-end=\"1412\">\n<p data-start=\"1366\" data-end=\"1412\">Funksjoner: Regntett, slitesterk, avfallsreduserende<\/p>\n<\/li>\n<li data-start=\"1364\" data-end=\"1412\">St\u00f8rrelse: 8,6 x 7 x 4,8 cm<\/li>\n<\/ul>\n<h2 style=\"text-align: center;\" data-start=\"1374\" data-end=\"1397\">Pakken inkluderer \ud83d\udce6<\/h2>\n<ul data-start=\"1438\" data-end=\"1481\" data-is-last-node=\"\" data-is-only-node=\"\">\n<li data-start=\"1438\" data-end=\"1481\" data-is-last-node=\"\">\n<p data-start=\"1440\" data-end=\"1481\" data-is-last-node=\"\">1, 2, 3, 4, 5, 6x automatisk f\u00f4ringsautomat\/er for kyllinger, ender og gjess.<\/p>\n<\/li>\n<\/ul>\n","protected":false},"excerpt":{"rendered":"<p>Denne automatiske f\u00f4ringsautomaten bruker et gravitasjonsmatet system for \u00e5 gi en jevn tilf\u00f8rsel av f\u00f4r uten konstant p\u00e5fylling. Det bidrar til \u00e5 holde f\u00f4ret t\u00f8rt, reduserer s\u00f8l og sikrer at fj\u00e6rkreet alltid har tilgang til mat, selv n\u00e5r du ikke er i n\u00e6rheten. Systemet er designet som et gj\u00f8r-det-selv-sett og monteres enkelt p\u00e5 en b\u00f8tte eller f\u00f4rbeholder. Den regntette konstruksjonen beskytter f\u00f4ret mot fuktighet, mens tyngdekraften s\u00f8rger for at f\u00f4ret str\u00f8mmer ut i riktig mengde for \u00e5 unng\u00e5 s\u00f8l og avfall.<\/p>\n","protected":false},"featured_media":14478,"comment_status":"open","ping_status":"closed","template":"","meta":{"site-sidebar-layout":"default","site-content-layout":"","ast-site-content-layout":"default","site-content-style":"default","site-sidebar-style":"default","ast-global-header-display":"","ast-banner-title-visibility":"","ast-main-header-display":"","ast-hfb-above-header-display":"","ast-hfb-below-header-display":"","ast-hfb-mobile-header-display":"","site-post-title":"","ast-breadcrumbs-content":"","ast-featured-img":"","footer-sml-layout":"","theme-transparent-header-meta":"default","adv-header-id-meta":"","stick-header-meta":"","header-above-stick-meta":"","header-main-stick-meta":"","header-below-stick-meta":"","astra-migrate-meta-layouts":"set","ast-page-background-enabled":"default","ast-page-background-meta":{"desktop":{"background-color":"var(--ast-global-color-5)","background-image":"","background-repeat":"repeat","background-position":"center center","background-size":"auto","background-attachment":"scroll","background-type":"","background-media":"","overlay-type":"","overlay-color":"","overlay-opacity":"","overlay-gradient":""},"tablet":{"background-color":"","background-image":"","background-repeat":"repeat","background-position":"center center","background-size":"auto","background-attachment":"scroll","background-type":"","background-media":"","overlay-type":"","overlay-color":"","overlay-opacity":"","overlay-gradient":""},"mobile":{"background-color":"","background-image":"","background-repeat":"repeat","background-position":"center center","background-size":"auto","background-attachment":"scroll","background-type":"","background-media":"","overlay-type":"","overlay-color":"","overlay-opacity":"","overlay-gradient":""}},"ast-content-background-meta":{"desktop":{"background-color":"var(--ast-global-color-4)","background-image":"","background-repeat":"repeat","background-position":"center center","background-size":"auto","background-attachment":"scroll","background-type":"","background-media":"","overlay-type":"","overlay-color":"","overlay-opacity":"","overlay-gradient":""},"tablet":{"background-color":"var(--ast-global-color-4)","background-image":"","background-repeat":"repeat","background-position":"center center","background-size":"auto","background-attachment":"scroll","background-type":"","background-media":"","overlay-type":"","overlay-color":"","overlay-opacity":"","overlay-gradient":""},"mobile":{"background-color":"var(--ast-global-color-4)","background-image":"","background-repeat":"repeat","background-position":"center center","background-size":"auto","background-attachment":"scroll","background-type":"","background-media":"","overlay-type":"","overlay-color":"","overlay-opacity":"","overlay-gradient":""}}},"product_brand":[],"product_cat":[169],"product_tag":[],"class_list":{"0":"post-14482","1":"product","2":"type-product","3":"status-publish","4":"has-post-thumbnail","6":"product_cat-kjaeledyrprodukter","7":"pa_60188_qaakku9w-1-stk","8":"pa_60188_qaakku9w-2-stk","9":"pa_60188_qaakku9w-3-stk","10":"pa_60188_qaakku9w-4-stk","11":"pa_60188_qaakku9w-5-stk","12":"pa_60188_qaakku9w-6-stk","13":"desktop-align-left","14":"tablet-align-left","15":"mobile-align-left","17":"first","18":"instock","19":"shipping-taxable","20":"purchasable","21":"product-type-variable"},"yoast_head":"<!-- This site is optimized with the Yoast SEO plugin v26.6 - https:\/\/yoast.com\/wordpress\/plugins\/seo\/ -->\n<title>Automatisk f\u00f4ringsautomat for kyllinger, ender og gjess - Mekulo NO<\/title>\n<meta name=\"robots\" content=\"index, follow, max-snippet:-1, max-image-preview:large, max-video-preview:-1\" \/>\n<link rel=\"canonical\" href=\"https:\/\/mekulo.com\/no\/produkt\/automatisk-foringsautomat-for-kyllinger-ender-og-gjess\/\" \/>\n<meta property=\"og:locale\" content=\"nb_NO\" \/>\n<meta property=\"og:type\" content=\"article\" \/>\n<meta property=\"og:title\" content=\"Automatisk f\u00f4ringsautomat for kyllinger, ender og gjess - Mekulo NO\" \/>\n<meta property=\"og:description\" content=\"Denne automatiske f\u00f4ringsautomaten bruker et gravitasjonsmatet system for \u00e5 gi en jevn tilf\u00f8rsel av f\u00f4r uten konstant p\u00e5fylling. Det bidrar til \u00e5 holde f\u00f4ret t\u00f8rt, reduserer s\u00f8l og sikrer at fj\u00e6rkreet alltid har tilgang til mat, selv n\u00e5r du ikke er i n\u00e6rheten. Systemet er designet som et gj\u00f8r-det-selv-sett og monteres enkelt p\u00e5 en b\u00f8tte eller f\u00f4rbeholder. Den regntette konstruksjonen beskytter f\u00f4ret mot fuktighet, mens tyngdekraften s\u00f8rger for at f\u00f4ret str\u00f8mmer ut i riktig mengde for \u00e5 unng\u00e5 s\u00f8l og avfall.\" \/>\n<meta property=\"og:url\" content=\"https:\/\/mekulo.com\/no\/produkt\/automatisk-foringsautomat-for-kyllinger-ender-og-gjess\/\" \/>\n<meta property=\"og:site_name\" content=\"Mekulo NO\" \/>\n<meta property=\"article:modified_time\" content=\"2026-02-10T09:05:06+00:00\" \/>\n<meta property=\"og:image\" content=\"https:\/\/mekulo.com\/no\/wp-content\/uploads\/sites\/10\/2026\/01\/5l82cv4-1.jpg\" \/>\n\t<meta property=\"og:image:width\" content=\"1080\" \/>\n\t<meta property=\"og:image:height\" content=\"1080\" \/>\n\t<meta property=\"og:image:type\" content=\"image\/jpeg\" \/>\n<meta name=\"twitter:card\" content=\"summary_large_image\" \/>\n<meta name=\"twitter:label1\" content=\"Ansl. lesetid\" \/>\n\t<meta name=\"twitter:data1\" content=\"2 minutter\" \/>\n<script type=\"application\/ld+json\" class=\"yoast-schema-graph\">{\"@context\":\"https:\/\/schema.org\",\"@graph\":[{\"@type\":\"WebPage\",\"@id\":\"https:\/\/mekulo.com\/no\/produkt\/automatisk-foringsautomat-for-kyllinger-ender-og-gjess\/\",\"url\":\"https:\/\/mekulo.com\/no\/produkt\/automatisk-foringsautomat-for-kyllinger-ender-og-gjess\/\",\"name\":\"Automatisk f\u00f4ringsautomat for kyllinger, ender og gjess - Mekulo NO\",\"isPartOf\":{\"@id\":\"https:\/\/mekulo.com\/no\/#website\"},\"primaryImageOfPage\":{\"@id\":\"https:\/\/mekulo.com\/no\/produkt\/automatisk-foringsautomat-for-kyllinger-ender-og-gjess\/#primaryimage\"},\"image\":{\"@id\":\"https:\/\/mekulo.com\/no\/produkt\/automatisk-foringsautomat-for-kyllinger-ender-og-gjess\/#primaryimage\"},\"thumbnailUrl\":\"https:\/\/mekulo.com\/no\/wp-content\/uploads\/sites\/10\/2026\/01\/5l82cv4-1.jpg\",\"datePublished\":\"2026-01-04T17:04:01+00:00\",\"dateModified\":\"2026-02-10T09:05:06+00:00\",\"breadcrumb\":{\"@id\":\"https:\/\/mekulo.com\/no\/produkt\/automatisk-foringsautomat-for-kyllinger-ender-og-gjess\/#breadcrumb\"},\"inLanguage\":\"nb-NO\",\"potentialAction\":[{\"@type\":\"ReadAction\",\"target\":[\"https:\/\/mekulo.com\/no\/produkt\/automatisk-foringsautomat-for-kyllinger-ender-og-gjess\/\"]}]},{\"@type\":\"ImageObject\",\"inLanguage\":\"nb-NO\",\"@id\":\"https:\/\/mekulo.com\/no\/produkt\/automatisk-foringsautomat-for-kyllinger-ender-og-gjess\/#primaryimage\",\"url\":\"https:\/\/mekulo.com\/no\/wp-content\/uploads\/sites\/10\/2026\/01\/5l82cv4-1.jpg\",\"contentUrl\":\"https:\/\/mekulo.com\/no\/wp-content\/uploads\/sites\/10\/2026\/01\/5l82cv4-1.jpg\",\"width\":1080,\"height\":1080},{\"@type\":\"BreadcrumbList\",\"@id\":\"https:\/\/mekulo.com\/no\/produkt\/automatisk-foringsautomat-for-kyllinger-ender-og-gjess\/#breadcrumb\",\"itemListElement\":[{\"@type\":\"ListItem\",\"position\":1,\"name\":\"Home\",\"item\":\"https:\/\/mekulo.com\/no\/\"},{\"@type\":\"ListItem\",\"position\":2,\"name\":\"Butikk\",\"item\":\"https:\/\/mekulo.com\/no\/butikk\/\"},{\"@type\":\"ListItem\",\"position\":3,\"name\":\"Automatisk f\u00f4ringsautomat for kyllinger, ender og gjess\"}]},{\"@type\":\"WebSite\",\"@id\":\"https:\/\/mekulo.com\/no\/#website\",\"url\":\"https:\/\/mekulo.com\/no\/\",\"name\":\"Mekulo NO\",\"description\":\"\",\"publisher\":{\"@id\":\"https:\/\/mekulo.com\/no\/#organization\"},\"potentialAction\":[{\"@type\":\"SearchAction\",\"target\":{\"@type\":\"EntryPoint\",\"urlTemplate\":\"https:\/\/mekulo.com\/no\/?s={search_term_string}\"},\"query-input\":{\"@type\":\"PropertyValueSpecification\",\"valueRequired\":true,\"valueName\":\"search_term_string\"}}],\"inLanguage\":\"nb-NO\"},{\"@type\":\"Organization\",\"@id\":\"https:\/\/mekulo.com\/no\/#organization\",\"name\":\"Mekulo\",\"url\":\"https:\/\/mekulo.com\/no\/\",\"logo\":{\"@type\":\"ImageObject\",\"inLanguage\":\"nb-NO\",\"@id\":\"https:\/\/mekulo.com\/no\/#\/schema\/logo\/image\/\",\"url\":\"https:\/\/mekulo.com\/no\/wp-content\/uploads\/sites\/10\/2025\/12\/favicon_mekulo.png\",\"contentUrl\":\"https:\/\/mekulo.com\/no\/wp-content\/uploads\/sites\/10\/2025\/12\/favicon_mekulo.png\",\"width\":50,\"height\":50,\"caption\":\"Mekulo\"},\"image\":{\"@id\":\"https:\/\/mekulo.com\/no\/#\/schema\/logo\/image\/\"}}]}<\/script>\n<!-- \/ Yoast SEO plugin. -->","yoast_head_json":{"title":"Automatisk f\u00f4ringsautomat for kyllinger, ender og gjess - Mekulo NO","robots":{"index":"index","follow":"follow","max-snippet":"max-snippet:-1","max-image-preview":"max-image-preview:large","max-video-preview":"max-video-preview:-1"},"canonical":"https:\/\/mekulo.com\/no\/produkt\/automatisk-foringsautomat-for-kyllinger-ender-og-gjess\/","og_locale":"nb_NO","og_type":"article","og_title":"Automatisk f\u00f4ringsautomat for kyllinger, ender og gjess - Mekulo NO","og_description":"Denne automatiske f\u00f4ringsautomaten bruker et gravitasjonsmatet system for \u00e5 gi en jevn tilf\u00f8rsel av f\u00f4r uten konstant p\u00e5fylling. Det bidrar til \u00e5 holde f\u00f4ret t\u00f8rt, reduserer s\u00f8l og sikrer at fj\u00e6rkreet alltid har tilgang til mat, selv n\u00e5r du ikke er i n\u00e6rheten. Systemet er designet som et gj\u00f8r-det-selv-sett og monteres enkelt p\u00e5 en b\u00f8tte eller f\u00f4rbeholder. Den regntette konstruksjonen beskytter f\u00f4ret mot fuktighet, mens tyngdekraften s\u00f8rger for at f\u00f4ret str\u00f8mmer ut i riktig mengde for \u00e5 unng\u00e5 s\u00f8l og avfall.","og_url":"https:\/\/mekulo.com\/no\/produkt\/automatisk-foringsautomat-for-kyllinger-ender-og-gjess\/","og_site_name":"Mekulo NO","article_modified_time":"2026-02-10T09:05:06+00:00","og_image":[{"width":1080,"height":1080,"url":"https:\/\/mekulo.com\/no\/wp-content\/uploads\/sites\/10\/2026\/01\/5l82cv4-1.jpg","type":"image\/jpeg"}],"twitter_card":"summary_large_image","twitter_misc":{"Ansl. lesetid":"2 minutter"},"schema":{"@context":"https:\/\/schema.org","@graph":[{"@type":"WebPage","@id":"https:\/\/mekulo.com\/no\/produkt\/automatisk-foringsautomat-for-kyllinger-ender-og-gjess\/","url":"https:\/\/mekulo.com\/no\/produkt\/automatisk-foringsautomat-for-kyllinger-ender-og-gjess\/","name":"Automatisk f\u00f4ringsautomat for kyllinger, ender og gjess - Mekulo NO","isPartOf":{"@id":"https:\/\/mekulo.com\/no\/#website"},"primaryImageOfPage":{"@id":"https:\/\/mekulo.com\/no\/produkt\/automatisk-foringsautomat-for-kyllinger-ender-og-gjess\/#primaryimage"},"image":{"@id":"https:\/\/mekulo.com\/no\/produkt\/automatisk-foringsautomat-for-kyllinger-ender-og-gjess\/#primaryimage"},"thumbnailUrl":"https:\/\/mekulo.com\/no\/wp-content\/uploads\/sites\/10\/2026\/01\/5l82cv4-1.jpg","datePublished":"2026-01-04T17:04:01+00:00","dateModified":"2026-02-10T09:05:06+00:00","breadcrumb":{"@id":"https:\/\/mekulo.com\/no\/produkt\/automatisk-foringsautomat-for-kyllinger-ender-og-gjess\/#breadcrumb"},"inLanguage":"nb-NO","potentialAction":[{"@type":"ReadAction","target":["https:\/\/mekulo.com\/no\/produkt\/automatisk-foringsautomat-for-kyllinger-ender-og-gjess\/"]}]},{"@type":"ImageObject","inLanguage":"nb-NO","@id":"https:\/\/mekulo.com\/no\/produkt\/automatisk-foringsautomat-for-kyllinger-ender-og-gjess\/#primaryimage","url":"https:\/\/mekulo.com\/no\/wp-content\/uploads\/sites\/10\/2026\/01\/5l82cv4-1.jpg","contentUrl":"https:\/\/mekulo.com\/no\/wp-content\/uploads\/sites\/10\/2026\/01\/5l82cv4-1.jpg","width":1080,"height":1080},{"@type":"BreadcrumbList","@id":"https:\/\/mekulo.com\/no\/produkt\/automatisk-foringsautomat-for-kyllinger-ender-og-gjess\/#breadcrumb","itemListElement":[{"@type":"ListItem","position":1,"name":"Home","item":"https:\/\/mekulo.com\/no\/"},{"@type":"ListItem","position":2,"name":"Butikk","item":"https:\/\/mekulo.com\/no\/butikk\/"},{"@type":"ListItem","position":3,"name":"Automatisk f\u00f4ringsautomat for kyllinger, ender og gjess"}]},{"@type":"WebSite","@id":"https:\/\/mekulo.com\/no\/#website","url":"https:\/\/mekulo.com\/no\/","name":"Mekulo NO","description":"","publisher":{"@id":"https:\/\/mekulo.com\/no\/#organization"},"potentialAction":[{"@type":"SearchAction","target":{"@type":"EntryPoint","urlTemplate":"https:\/\/mekulo.com\/no\/?s={search_term_string}"},"query-input":{"@type":"PropertyValueSpecification","valueRequired":true,"valueName":"search_term_string"}}],"inLanguage":"nb-NO"},{"@type":"Organization","@id":"https:\/\/mekulo.com\/no\/#organization","name":"Mekulo","url":"https:\/\/mekulo.com\/no\/","logo":{"@type":"ImageObject","inLanguage":"nb-NO","@id":"https:\/\/mekulo.com\/no\/#\/schema\/logo\/image\/","url":"https:\/\/mekulo.com\/no\/wp-content\/uploads\/sites\/10\/2025\/12\/favicon_mekulo.png","contentUrl":"https:\/\/mekulo.com\/no\/wp-content\/uploads\/sites\/10\/2025\/12\/favicon_mekulo.png","width":50,"height":50,"caption":"Mekulo"},"image":{"@id":"https:\/\/mekulo.com\/no\/#\/schema\/logo\/image\/"}}]}},"_links":{"self":[{"href":"https:\/\/mekulo.com\/no\/wp-json\/wp\/v2\/product\/14482","targetHints":{"allow":["GET"]}}],"collection":[{"href":"https:\/\/mekulo.com\/no\/wp-json\/wp\/v2\/product"}],"about":[{"href":"https:\/\/mekulo.com\/no\/wp-json\/wp\/v2\/types\/product"}],"replies":[{"embeddable":true,"href":"https:\/\/mekulo.com\/no\/wp-json\/wp\/v2\/comments?post=14482"}],"wp:featuredmedia":[{"embeddable":true,"href":"https:\/\/mekulo.com\/no\/wp-json\/wp\/v2\/media\/14478"}],"wp:attachment":[{"href":"https:\/\/mekulo.com\/no\/wp-json\/wp\/v2\/media?parent=14482"}],"wp:term":[{"taxonomy":"product_brand","embeddable":true,"href":"https:\/\/mekulo.com\/no\/wp-json\/wp\/v2\/product_brand?post=14482"},{"taxonomy":"product_cat","embeddable":true,"href":"https:\/\/mekulo.com\/no\/wp-json\/wp\/v2\/product_cat?post=14482"},{"taxonomy":"product_tag","embeddable":true,"href":"https:\/\/mekulo.com\/no\/wp-json\/wp\/v2\/product_tag?post=14482"}],"curies":[{"name":"wp","href":"https:\/\/api.w.org\/{rel}","templated":true}]}}