{"id":14414,"date":"2026-01-04T18:59:47","date_gmt":"2026-01-04T16:59:47","guid":{"rendered":"https:\/\/mekulo.com\/no\/produkt\/usynlige-dorhengsler-i-messing-8-stk\/"},"modified":"2026-01-04T20:23:23","modified_gmt":"2026-01-04T18:23:23","slug":"usynlige-dorhengsler-i-messing-8-stk","status":"publish","type":"product","link":"https:\/\/mekulo.com\/no\/produkt\/usynlige-dorhengsler-i-messing-8-stk\/","title":{"rendered":"Usynlige d\u00f8rhengsler i messing (8 stk)"},"content":{"rendered":"<p style=\"text-align: center;\" data-start=\"0\" data-end=\"77\"><strong data-start=\"0\" data-end=\"77\">Sterke, skjulte og glatte perfekte hengsler for rene og moderne m\u00f8bler. \ud83d\udeaa<\/strong><img fetchpriority=\"high\" decoding=\"async\" class=\"size-full wp-image-41466 aligncenter\" src=\"https:\/\/keluvo.com\/template\/wp-content\/uploads\/sites\/5\/2025\/11\/10226-ezgif.com-video-to-webp-converter-5.webp\" alt=\"\" width=\"500\" height=\"500\" \/><\/p>\n<h2 style=\"text-align: center;\" data-start=\"326\" data-end=\"348\">\ud83c\udf1f Hovedfordeler<\/h2>\n<p data-start=\"351\" data-end=\"434\">\u2b50 Usynlig design &#8211; Helt skjulte hengsler for en ren og elegant finish.<\/p>\n<p data-start=\"437\" data-end=\"517\">\ud83d\udcaa Sterk messingkonstruksjon &#8211; Slitesterk, rustbestandig og bygget for \u00e5 vare.<\/p>\n<p data-start=\"520\" data-end=\"602\">\ud83d\udd07 Lydl\u00f8s \u00e5pning &#8211; Jevn, st\u00f8yfri \u00e5pning med en rulleskinnemekanisme.<\/p>\n<p data-start=\"605\" data-end=\"685\">\ud83d\udd04 180\u00b0 \u00e5pningsvinkel &#8211; \u00c5pne esker, skap og paneler helt og enkelt.<\/p>\n<p data-start=\"688\" data-end=\"786\">\ud83e\uddf0 Allsidig bruk &#8211; Perfekt for m\u00f8bler, smykkeskrin, skap, bord og gj\u00f8r-det-selv-prosjekter.<\/p>\n<p data-start=\"688\" data-end=\"786\"><img decoding=\"async\" class=\"size-full wp-image-41471 aligncenter\" src=\"https:\/\/keluvo.com\/template\/wp-content\/uploads\/sites\/5\/2025\/11\/e3bf4234019911f5e1b568ed919625b7d21033e9-700.avif\" alt=\"\" \/><\/p>\n<h2 style=\"text-align: center;\" data-start=\"793\" data-end=\"812\">\ud83e\udde9 Slik bruker du det<\/h2>\n<ol data-start=\"813\" data-end=\"1007\">\n<li data-start=\"813\" data-end=\"859\">\n<p data-start=\"816\" data-end=\"859\">Bor et hull som passer til hengselets diameter.<\/p>\n<\/li>\n<li data-start=\"860\" data-end=\"896\">\n<p data-start=\"863\" data-end=\"896\">Sett hengslet inn i hullet.<\/p>\n<\/li>\n<li data-start=\"897\" data-end=\"950\">\n<p data-start=\"900\" data-end=\"950\">Juster skruene om n\u00f8dvendig for \u00e5 justere begge sider.<\/p>\n<\/li>\n<li data-start=\"951\" data-end=\"1007\">\n<p data-start=\"954\" data-end=\"1007\">Test hengslet for \u00e5 sikre jevn og lydl\u00f8s \u00e5pning.<\/p>\n<\/li>\n<\/ol>\n<h2 style=\"text-align: center;\" data-start=\"1014\" data-end=\"1038\">\ud83d\udccc Produktdetaljer<\/h2>\n<ul data-start=\"1039\" data-end=\"1369\">\n<li data-start=\"1039\" data-end=\"1075\">\n<p data-start=\"1041\" data-end=\"1075\">Materiale: F\u00f8rsteklasses polert messing<\/p>\n<\/li>\n<li data-start=\"1092\" data-end=\"1117\">\n<p data-start=\"1094\" data-end=\"1117\">\u00c5pningsvinkel: 0\u2013180\u00b0<\/p>\n<\/li>\n<li data-start=\"1118\" data-end=\"1192\">\n<p data-start=\"1120\" data-end=\"1192\">Egenskaper: Stille drift, sterk b\u00e6reevne, skjult design<\/p>\n<\/li>\n<li data-start=\"1193\" data-end=\"1283\">\n<p data-start=\"1195\" data-end=\"1283\">Tilgjengelige st\u00f8rrelser: 8mm, 10mm, 12mm, 14mm, 16mm, 18mm (avhengig av valgt alternativ)<\/p>\n<\/li>\n<li data-start=\"1284\" data-end=\"1369\">\n<p data-start=\"1286\" data-end=\"1369\">Egnet for: Tre, plast, tykke glassplater, sm\u00e5 m\u00f8bler, skap, esker<\/p>\n<\/li>\n<\/ul>\n<h2 style=\"text-align: center;\" data-start=\"1376\" data-end=\"1401\">\ud83d\udce6 Pakken inneholder<\/h2>\n<ul data-start=\"1402\" data-end=\"1429\">\n<li data-start=\"1402\" data-end=\"1429\">\n<p data-start=\"1404\" data-end=\"1429\">8x usynlige d\u00f8rhengsler i messing.<\/p>\n<\/li>\n<\/ul>\n","protected":false},"excerpt":{"rendered":"<p style=\"text-align: left;\" data-start=\"79\" data-end=\"319\">Disse usynlige d\u00f8rhengslene i messing gir skap, bokser og sm\u00e5m\u00f8bler et s\u00f8ml\u00f8st utseende med sterk, skjult st\u00f8tte. De er laget av polert, f\u00f8rsteklasses messing, er slitesterke, rustbestandige og designet for \u00e5 vare lenge.<\/p>\n<p data-start=\"79\" data-end=\"319\">\n","protected":false},"featured_media":14410,"comment_status":"open","ping_status":"closed","template":"","meta":{"site-sidebar-layout":"default","site-content-layout":"","ast-site-content-layout":"default","site-content-style":"default","site-sidebar-style":"default","ast-global-header-display":"","ast-banner-title-visibility":"","ast-main-header-display":"","ast-hfb-above-header-display":"","ast-hfb-below-header-display":"","ast-hfb-mobile-header-display":"","site-post-title":"","ast-breadcrumbs-content":"","ast-featured-img":"","footer-sml-layout":"","theme-transparent-header-meta":"default","adv-header-id-meta":"","stick-header-meta":"","header-above-stick-meta":"","header-main-stick-meta":"","header-below-stick-meta":"","astra-migrate-meta-layouts":"set","ast-page-background-enabled":"default","ast-page-background-meta":{"desktop":{"background-color":"var(--ast-global-color-5)","background-image":"","background-repeat":"repeat","background-position":"center center","background-size":"auto","background-attachment":"scroll","background-type":"","background-media":"","overlay-type":"","overlay-color":"","overlay-opacity":"","overlay-gradient":""},"tablet":{"background-color":"","background-image":"","background-repeat":"repeat","background-position":"center center","background-size":"auto","background-attachment":"scroll","background-type":"","background-media":"","overlay-type":"","overlay-color":"","overlay-opacity":"","overlay-gradient":""},"mobile":{"background-color":"","background-image":"","background-repeat":"repeat","background-position":"center center","background-size":"auto","background-attachment":"scroll","background-type":"","background-media":"","overlay-type":"","overlay-color":"","overlay-opacity":"","overlay-gradient":""}},"ast-content-background-meta":{"desktop":{"background-color":"var(--ast-global-color-4)","background-image":"","background-repeat":"repeat","background-position":"center center","background-size":"auto","background-attachment":"scroll","background-type":"","background-media":"","overlay-type":"","overlay-color":"","overlay-opacity":"","overlay-gradient":""},"tablet":{"background-color":"var(--ast-global-color-4)","background-image":"","background-repeat":"repeat","background-position":"center center","background-size":"auto","background-attachment":"scroll","background-type":"","background-media":"","overlay-type":"","overlay-color":"","overlay-opacity":"","overlay-gradient":""},"mobile":{"background-color":"var(--ast-global-color-4)","background-image":"","background-repeat":"repeat","background-position":"center center","background-size":"auto","background-attachment":"scroll","background-type":"","background-media":"","overlay-type":"","overlay-color":"","overlay-opacity":"","overlay-gradient":""}}},"product_brand":[],"product_cat":[168,171],"product_tag":[],"class_list":{"0":"post-14414","1":"product","2":"type-product","3":"status-publish","4":"has-post-thumbnail","6":"product_cat-husholdningsartikler","7":"product_cat-verktoy","8":"pa_51519_jy2tzo8g-10-mm","9":"pa_51519_jy2tzo8g-12-mm","10":"pa_51519_jy2tzo8g-14-mm","11":"pa_51519_jy2tzo8g-16-mm","12":"pa_51519_jy2tzo8g-18-mm","13":"pa_51519_jy2tzo8g-8-mm","14":"desktop-align-left","15":"tablet-align-left","16":"mobile-align-left","18":"first","19":"instock","20":"shipping-taxable","21":"purchasable","22":"product-type-variable"},"yoast_head":"<!-- This site is optimized with the Yoast SEO plugin v26.6 - https:\/\/yoast.com\/wordpress\/plugins\/seo\/ -->\n<title>Usynlige d\u00f8rhengsler i messing (8 stk) - Mekulo NO<\/title>\n<meta name=\"robots\" content=\"index, follow, max-snippet:-1, max-image-preview:large, max-video-preview:-1\" \/>\n<link rel=\"canonical\" href=\"https:\/\/mekulo.com\/no\/produkt\/usynlige-dorhengsler-i-messing-8-stk\/\" \/>\n<meta property=\"og:locale\" content=\"nb_NO\" \/>\n<meta property=\"og:type\" content=\"article\" \/>\n<meta property=\"og:title\" content=\"Usynlige d\u00f8rhengsler i messing (8 stk) - Mekulo NO\" \/>\n<meta property=\"og:description\" content=\"Disse usynlige d\u00f8rhengslene i messing gir skap, bokser og sm\u00e5m\u00f8bler et s\u00f8ml\u00f8st utseende med sterk, skjult st\u00f8tte. De er laget av polert, f\u00f8rsteklasses messing, er slitesterke, rustbestandige og designet for \u00e5 vare lenge.\" \/>\n<meta property=\"og:url\" content=\"https:\/\/mekulo.com\/no\/produkt\/usynlige-dorhengsler-i-messing-8-stk\/\" \/>\n<meta property=\"og:site_name\" content=\"Mekulo NO\" \/>\n<meta property=\"article:modified_time\" content=\"2026-01-04T18:23:23+00:00\" \/>\n<meta property=\"og:image\" content=\"https:\/\/mekulo.com\/no\/wp-content\/uploads\/sites\/10\/2026\/01\/r4927cq-1.jpg\" \/>\n\t<meta property=\"og:image:width\" content=\"1080\" \/>\n\t<meta property=\"og:image:height\" content=\"1080\" \/>\n\t<meta property=\"og:image:type\" content=\"image\/jpeg\" \/>\n<meta name=\"twitter:card\" content=\"summary_large_image\" \/>\n<meta name=\"twitter:label1\" content=\"Ansl. lesetid\" \/>\n\t<meta name=\"twitter:data1\" content=\"2 minutter\" \/>\n<script type=\"application\/ld+json\" class=\"yoast-schema-graph\">{\"@context\":\"https:\/\/schema.org\",\"@graph\":[{\"@type\":\"WebPage\",\"@id\":\"https:\/\/mekulo.com\/no\/produkt\/usynlige-dorhengsler-i-messing-8-stk\/\",\"url\":\"https:\/\/mekulo.com\/no\/produkt\/usynlige-dorhengsler-i-messing-8-stk\/\",\"name\":\"Usynlige d\u00f8rhengsler i messing (8 stk) - Mekulo NO\",\"isPartOf\":{\"@id\":\"https:\/\/mekulo.com\/no\/#website\"},\"primaryImageOfPage\":{\"@id\":\"https:\/\/mekulo.com\/no\/produkt\/usynlige-dorhengsler-i-messing-8-stk\/#primaryimage\"},\"image\":{\"@id\":\"https:\/\/mekulo.com\/no\/produkt\/usynlige-dorhengsler-i-messing-8-stk\/#primaryimage\"},\"thumbnailUrl\":\"https:\/\/mekulo.com\/no\/wp-content\/uploads\/sites\/10\/2026\/01\/r4927cq-1.jpg\",\"datePublished\":\"2026-01-04T16:59:47+00:00\",\"dateModified\":\"2026-01-04T18:23:23+00:00\",\"breadcrumb\":{\"@id\":\"https:\/\/mekulo.com\/no\/produkt\/usynlige-dorhengsler-i-messing-8-stk\/#breadcrumb\"},\"inLanguage\":\"nb-NO\",\"potentialAction\":[{\"@type\":\"ReadAction\",\"target\":[\"https:\/\/mekulo.com\/no\/produkt\/usynlige-dorhengsler-i-messing-8-stk\/\"]}]},{\"@type\":\"ImageObject\",\"inLanguage\":\"nb-NO\",\"@id\":\"https:\/\/mekulo.com\/no\/produkt\/usynlige-dorhengsler-i-messing-8-stk\/#primaryimage\",\"url\":\"https:\/\/mekulo.com\/no\/wp-content\/uploads\/sites\/10\/2026\/01\/r4927cq-1.jpg\",\"contentUrl\":\"https:\/\/mekulo.com\/no\/wp-content\/uploads\/sites\/10\/2026\/01\/r4927cq-1.jpg\",\"width\":1080,\"height\":1080},{\"@type\":\"BreadcrumbList\",\"@id\":\"https:\/\/mekulo.com\/no\/produkt\/usynlige-dorhengsler-i-messing-8-stk\/#breadcrumb\",\"itemListElement\":[{\"@type\":\"ListItem\",\"position\":1,\"name\":\"Home\",\"item\":\"https:\/\/mekulo.com\/no\/\"},{\"@type\":\"ListItem\",\"position\":2,\"name\":\"Butikk\",\"item\":\"https:\/\/mekulo.com\/no\/butikk\/\"},{\"@type\":\"ListItem\",\"position\":3,\"name\":\"Usynlige d\u00f8rhengsler i messing (8 stk)\"}]},{\"@type\":\"WebSite\",\"@id\":\"https:\/\/mekulo.com\/no\/#website\",\"url\":\"https:\/\/mekulo.com\/no\/\",\"name\":\"Mekulo NO\",\"description\":\"\",\"publisher\":{\"@id\":\"https:\/\/mekulo.com\/no\/#organization\"},\"potentialAction\":[{\"@type\":\"SearchAction\",\"target\":{\"@type\":\"EntryPoint\",\"urlTemplate\":\"https:\/\/mekulo.com\/no\/?s={search_term_string}\"},\"query-input\":{\"@type\":\"PropertyValueSpecification\",\"valueRequired\":true,\"valueName\":\"search_term_string\"}}],\"inLanguage\":\"nb-NO\"},{\"@type\":\"Organization\",\"@id\":\"https:\/\/mekulo.com\/no\/#organization\",\"name\":\"Mekulo\",\"url\":\"https:\/\/mekulo.com\/no\/\",\"logo\":{\"@type\":\"ImageObject\",\"inLanguage\":\"nb-NO\",\"@id\":\"https:\/\/mekulo.com\/no\/#\/schema\/logo\/image\/\",\"url\":\"https:\/\/mekulo.com\/no\/wp-content\/uploads\/sites\/10\/2025\/12\/favicon_mekulo.png\",\"contentUrl\":\"https:\/\/mekulo.com\/no\/wp-content\/uploads\/sites\/10\/2025\/12\/favicon_mekulo.png\",\"width\":50,\"height\":50,\"caption\":\"Mekulo\"},\"image\":{\"@id\":\"https:\/\/mekulo.com\/no\/#\/schema\/logo\/image\/\"}}]}<\/script>\n<!-- \/ Yoast SEO plugin. -->","yoast_head_json":{"title":"Usynlige d\u00f8rhengsler i messing (8 stk) - Mekulo NO","robots":{"index":"index","follow":"follow","max-snippet":"max-snippet:-1","max-image-preview":"max-image-preview:large","max-video-preview":"max-video-preview:-1"},"canonical":"https:\/\/mekulo.com\/no\/produkt\/usynlige-dorhengsler-i-messing-8-stk\/","og_locale":"nb_NO","og_type":"article","og_title":"Usynlige d\u00f8rhengsler i messing (8 stk) - Mekulo NO","og_description":"Disse usynlige d\u00f8rhengslene i messing gir skap, bokser og sm\u00e5m\u00f8bler et s\u00f8ml\u00f8st utseende med sterk, skjult st\u00f8tte. De er laget av polert, f\u00f8rsteklasses messing, er slitesterke, rustbestandige og designet for \u00e5 vare lenge.","og_url":"https:\/\/mekulo.com\/no\/produkt\/usynlige-dorhengsler-i-messing-8-stk\/","og_site_name":"Mekulo NO","article_modified_time":"2026-01-04T18:23:23+00:00","og_image":[{"width":1080,"height":1080,"url":"https:\/\/mekulo.com\/no\/wp-content\/uploads\/sites\/10\/2026\/01\/r4927cq-1.jpg","type":"image\/jpeg"}],"twitter_card":"summary_large_image","twitter_misc":{"Ansl. lesetid":"2 minutter"},"schema":{"@context":"https:\/\/schema.org","@graph":[{"@type":"WebPage","@id":"https:\/\/mekulo.com\/no\/produkt\/usynlige-dorhengsler-i-messing-8-stk\/","url":"https:\/\/mekulo.com\/no\/produkt\/usynlige-dorhengsler-i-messing-8-stk\/","name":"Usynlige d\u00f8rhengsler i messing (8 stk) - Mekulo NO","isPartOf":{"@id":"https:\/\/mekulo.com\/no\/#website"},"primaryImageOfPage":{"@id":"https:\/\/mekulo.com\/no\/produkt\/usynlige-dorhengsler-i-messing-8-stk\/#primaryimage"},"image":{"@id":"https:\/\/mekulo.com\/no\/produkt\/usynlige-dorhengsler-i-messing-8-stk\/#primaryimage"},"thumbnailUrl":"https:\/\/mekulo.com\/no\/wp-content\/uploads\/sites\/10\/2026\/01\/r4927cq-1.jpg","datePublished":"2026-01-04T16:59:47+00:00","dateModified":"2026-01-04T18:23:23+00:00","breadcrumb":{"@id":"https:\/\/mekulo.com\/no\/produkt\/usynlige-dorhengsler-i-messing-8-stk\/#breadcrumb"},"inLanguage":"nb-NO","potentialAction":[{"@type":"ReadAction","target":["https:\/\/mekulo.com\/no\/produkt\/usynlige-dorhengsler-i-messing-8-stk\/"]}]},{"@type":"ImageObject","inLanguage":"nb-NO","@id":"https:\/\/mekulo.com\/no\/produkt\/usynlige-dorhengsler-i-messing-8-stk\/#primaryimage","url":"https:\/\/mekulo.com\/no\/wp-content\/uploads\/sites\/10\/2026\/01\/r4927cq-1.jpg","contentUrl":"https:\/\/mekulo.com\/no\/wp-content\/uploads\/sites\/10\/2026\/01\/r4927cq-1.jpg","width":1080,"height":1080},{"@type":"BreadcrumbList","@id":"https:\/\/mekulo.com\/no\/produkt\/usynlige-dorhengsler-i-messing-8-stk\/#breadcrumb","itemListElement":[{"@type":"ListItem","position":1,"name":"Home","item":"https:\/\/mekulo.com\/no\/"},{"@type":"ListItem","position":2,"name":"Butikk","item":"https:\/\/mekulo.com\/no\/butikk\/"},{"@type":"ListItem","position":3,"name":"Usynlige d\u00f8rhengsler i messing (8 stk)"}]},{"@type":"WebSite","@id":"https:\/\/mekulo.com\/no\/#website","url":"https:\/\/mekulo.com\/no\/","name":"Mekulo NO","description":"","publisher":{"@id":"https:\/\/mekulo.com\/no\/#organization"},"potentialAction":[{"@type":"SearchAction","target":{"@type":"EntryPoint","urlTemplate":"https:\/\/mekulo.com\/no\/?s={search_term_string}"},"query-input":{"@type":"PropertyValueSpecification","valueRequired":true,"valueName":"search_term_string"}}],"inLanguage":"nb-NO"},{"@type":"Organization","@id":"https:\/\/mekulo.com\/no\/#organization","name":"Mekulo","url":"https:\/\/mekulo.com\/no\/","logo":{"@type":"ImageObject","inLanguage":"nb-NO","@id":"https:\/\/mekulo.com\/no\/#\/schema\/logo\/image\/","url":"https:\/\/mekulo.com\/no\/wp-content\/uploads\/sites\/10\/2025\/12\/favicon_mekulo.png","contentUrl":"https:\/\/mekulo.com\/no\/wp-content\/uploads\/sites\/10\/2025\/12\/favicon_mekulo.png","width":50,"height":50,"caption":"Mekulo"},"image":{"@id":"https:\/\/mekulo.com\/no\/#\/schema\/logo\/image\/"}}]}},"_links":{"self":[{"href":"https:\/\/mekulo.com\/no\/wp-json\/wp\/v2\/product\/14414","targetHints":{"allow":["GET"]}}],"collection":[{"href":"https:\/\/mekulo.com\/no\/wp-json\/wp\/v2\/product"}],"about":[{"href":"https:\/\/mekulo.com\/no\/wp-json\/wp\/v2\/types\/product"}],"replies":[{"embeddable":true,"href":"https:\/\/mekulo.com\/no\/wp-json\/wp\/v2\/comments?post=14414"}],"wp:featuredmedia":[{"embeddable":true,"href":"https:\/\/mekulo.com\/no\/wp-json\/wp\/v2\/media\/14410"}],"wp:attachment":[{"href":"https:\/\/mekulo.com\/no\/wp-json\/wp\/v2\/media?parent=14414"}],"wp:term":[{"taxonomy":"product_brand","embeddable":true,"href":"https:\/\/mekulo.com\/no\/wp-json\/wp\/v2\/product_brand?post=14414"},{"taxonomy":"product_cat","embeddable":true,"href":"https:\/\/mekulo.com\/no\/wp-json\/wp\/v2\/product_cat?post=14414"},{"taxonomy":"product_tag","embeddable":true,"href":"https:\/\/mekulo.com\/no\/wp-json\/wp\/v2\/product_tag?post=14414"}],"curies":[{"name":"wp","href":"https:\/\/api.w.org\/{rel}","templated":true}]}}