{"id":14366,"date":"2026-01-04T18:56:24","date_gmt":"2026-01-04T16:56:24","guid":{"rendered":"https:\/\/mekulo.com\/no\/produkt\/solcelledrevet-kattelykt\/"},"modified":"2026-01-04T20:19:17","modified_gmt":"2026-01-04T18:19:17","slug":"solcelledrevet-kattelykt","status":"publish","type":"product","link":"https:\/\/mekulo.com\/no\/produkt\/solcelledrevet-kattelykt\/","title":{"rendered":"Solcelledrevet kattelykt"},"content":{"rendered":"<p style=\"text-align: center;\" data-start=\"0\" data-end=\"76\"><strong data-start=\"0\" data-end=\"74\">Lys opp hagen din med sjarmen til denne solcelledrevne kattelykten. \ud83d\udc31<\/strong><\/p>\n<p data-start=\"78\" data-end=\"385\"><img decoding=\"async\" class=\"size-full wp-image-37659 aligncenter\" src=\"https:\/\/keluvo.com\/template\/wp-content\/uploads\/sites\/5\/2025\/10\/100213-ezgif.com-video-to-webp-converter-2.webp\" alt=\"\" \/><\/p>\n<h2 style=\"text-align: center;\" data-start=\"581\" data-end=\"600\">Hovedfordeler \ud83d\udcab<\/h2>\n<p data-start=\"417\" data-end=\"498\">\ud83d\udc31 Sjarmerende design &#8211; S\u00f8t katteform gir hagen din karakter og sjarm.<\/p>\n<p data-start=\"501\" data-end=\"586\">\ud83d\udd0b Solcelledrevet &#8211; lades med sollys &#8211; ingen str\u00f8m eller batterier kreves.<\/p>\n<p data-start=\"589\" data-end=\"676\">\ud83c\udf19 Automatisk belysning &#8211; Tennes i skumringen og slukkes ved daggry for uanstrengt drift.<\/p>\n<p data-start=\"679\" data-end=\"771\">\u2614 V\u00e6rbestandig &#8211; IP65-klassifisert beskyttelse mot regn, st\u00f8v, UV-str\u00e5ler og lyn.<\/p>\n<p data-start=\"774\" data-end=\"860\">\ud83c\udf3f Milj\u00f8vennlig &#8211; Sparer energi samtidig som den lyser opp uterommet ditt p\u00e5 en vakker m\u00e5te.<\/p>\n<p data-start=\"774\" data-end=\"860\"><img decoding=\"async\" class=\"size-full wp-image-37664 aligncenter\" src=\"https:\/\/keluvo.com\/template\/wp-content\/uploads\/sites\/5\/2025\/10\/Sd189bf5cfbef47f4ac45b4f2f68039d22.jpg_960x960q75.jpg_.avif\" alt=\"\" \/><\/p>\n<h2 style=\"text-align: center;\" data-start=\"920\" data-end=\"937\">Slik bruker du verkt\u00f8yet \ud83d\udccc<\/h2>\n<ol data-start=\"887\" data-end=\"1154\">\n<li data-start=\"887\" data-end=\"963\">\n<p data-start=\"890\" data-end=\"963\">Plasser lykten p\u00e5 et solfylt sted utend\u00f8rs der den kan absorbere dagslys.<\/p>\n<\/li>\n<li data-start=\"964\" data-end=\"1012\">\n<p data-start=\"967\" data-end=\"1012\">La den lade i 6-8 timer i l\u00f8pet av dagen.<\/p>\n<\/li>\n<li data-start=\"1013\" data-end=\"1083\">\n<p data-start=\"1016\" data-end=\"1083\">Den innebygde sensoren sl\u00e5r automatisk p\u00e5 lyset i skumringen.<\/p>\n<\/li>\n<li data-start=\"1084\" data-end=\"1154\">\n<p data-start=\"1087\" data-end=\"1154\">Nyt en varm, gl\u00f8dende atmosf\u00e6re i hagen, p\u00e5 terrassen eller balkongen.<\/p>\n<\/li>\n<\/ol>\n<h2 style=\"text-align: center;\" data-start=\"1182\" data-end=\"1204\">Produktdetaljer \ud83d\udccf<\/h2>\n<ul data-start=\"1186\" data-end=\"1490\">\n<li data-start=\"1186\" data-end=\"1250\">\n<p data-start=\"1188\" data-end=\"1250\">Str\u00f8mkilde: Solenergi (ingen batterier eller str\u00f8m n\u00f8dvendig)<\/p>\n<\/li>\n<li data-start=\"1251\" data-end=\"1295\">\n<p data-start=\"1253\" data-end=\"1295\">Ladetid: 6-8 timer med sollys<\/p>\n<\/li>\n<li data-start=\"1296\" data-end=\"1379\">\n<p data-start=\"1298\" data-end=\"1379\">Motstandsgrad: IP65 (vanntett, st\u00f8vtett, UV- og lynbestandig)<\/p>\n<\/li>\n<li data-start=\"1380\" data-end=\"1414\">\n<p data-start=\"1382\" data-end=\"1414\">Lystype: Varmt LED-lys<\/p>\n<\/li>\n<li data-start=\"1415\" data-end=\"1490\">\n<p data-start=\"1417\" data-end=\"1490\">Bruk: Utend\u00f8rs dekorasjon og belysning (hage, hage, g\u00e5rdsplass, uteplass, balkong)<\/p>\n<\/li>\n<\/ul>\n<h2 style=\"text-align: center;\" data-start=\"1374\" data-end=\"1397\">Pakken inkluderer \ud83d\udce6<\/h2>\n<ul data-start=\"1523\" data-end=\"1550\" data-is-last-node=\"\" data-is-only-node=\"\">\n<li data-start=\"1523\" data-end=\"1550\" data-is-last-node=\"\">\n<p data-start=\"1525\" data-end=\"1550\" data-is-last-node=\"\">1x solcellekattelykt.<\/p>\n<\/li>\n<\/ul>\n","protected":false},"excerpt":{"rendered":"<p>Denne s\u00f8te, katteformede LED-lykten gir varme og personlighet til uterommet ditt. Den drives utelukkende av sollys, lades i l\u00f8pet av dagen og tennes automatisk i skumringen &#8211; uten behov for batterier eller kabler. Den er perfekt for hager, uteplasser eller balkonger og skaper en koselig og magisk kveldsatmosf\u00e6re.<\/p>\n","protected":false},"featured_media":14362,"comment_status":"open","ping_status":"closed","template":"","meta":{"site-sidebar-layout":"default","site-content-layout":"","ast-site-content-layout":"default","site-content-style":"default","site-sidebar-style":"default","ast-global-header-display":"","ast-banner-title-visibility":"","ast-main-header-display":"","ast-hfb-above-header-display":"","ast-hfb-below-header-display":"","ast-hfb-mobile-header-display":"","site-post-title":"","ast-breadcrumbs-content":"","ast-featured-img":"","footer-sml-layout":"","theme-transparent-header-meta":"default","adv-header-id-meta":"","stick-header-meta":"","header-above-stick-meta":"","header-main-stick-meta":"","header-below-stick-meta":"","astra-migrate-meta-layouts":"set","ast-page-background-enabled":"default","ast-page-background-meta":{"desktop":{"background-color":"var(--ast-global-color-5)","background-image":"","background-repeat":"repeat","background-position":"center center","background-size":"auto","background-attachment":"scroll","background-type":"","background-media":"","overlay-type":"","overlay-color":"","overlay-opacity":"","overlay-gradient":""},"tablet":{"background-color":"","background-image":"","background-repeat":"repeat","background-position":"center center","background-size":"auto","background-attachment":"scroll","background-type":"","background-media":"","overlay-type":"","overlay-color":"","overlay-opacity":"","overlay-gradient":""},"mobile":{"background-color":"","background-image":"","background-repeat":"repeat","background-position":"center center","background-size":"auto","background-attachment":"scroll","background-type":"","background-media":"","overlay-type":"","overlay-color":"","overlay-opacity":"","overlay-gradient":""}},"ast-content-background-meta":{"desktop":{"background-color":"var(--ast-global-color-4)","background-image":"","background-repeat":"repeat","background-position":"center center","background-size":"auto","background-attachment":"scroll","background-type":"","background-media":"","overlay-type":"","overlay-color":"","overlay-opacity":"","overlay-gradient":""},"tablet":{"background-color":"var(--ast-global-color-4)","background-image":"","background-repeat":"repeat","background-position":"center center","background-size":"auto","background-attachment":"scroll","background-type":"","background-media":"","overlay-type":"","overlay-color":"","overlay-opacity":"","overlay-gradient":""},"mobile":{"background-color":"var(--ast-global-color-4)","background-image":"","background-repeat":"repeat","background-position":"center center","background-size":"auto","background-attachment":"scroll","background-type":"","background-media":"","overlay-type":"","overlay-color":"","overlay-opacity":"","overlay-gradient":""}}},"product_brand":[],"product_cat":[15],"product_tag":[],"class_list":{"0":"post-14366","1":"product","2":"type-product","3":"status-publish","4":"has-post-thumbnail","6":"product_cat-uncategorized","7":"desktop-align-left","8":"tablet-align-left","9":"mobile-align-left","11":"first","12":"instock","13":"shipping-taxable","14":"purchasable","15":"product-type-simple"},"yoast_head":"<!-- This site is optimized with the Yoast SEO plugin v26.6 - https:\/\/yoast.com\/wordpress\/plugins\/seo\/ -->\n<title>Solcelledrevet kattelykt - Mekulo NO<\/title>\n<meta name=\"robots\" content=\"index, follow, max-snippet:-1, max-image-preview:large, max-video-preview:-1\" \/>\n<link rel=\"canonical\" href=\"https:\/\/mekulo.com\/no\/produkt\/solcelledrevet-kattelykt\/\" \/>\n<meta property=\"og:locale\" content=\"nb_NO\" \/>\n<meta property=\"og:type\" content=\"article\" \/>\n<meta property=\"og:title\" content=\"Solcelledrevet kattelykt - Mekulo NO\" \/>\n<meta property=\"og:description\" content=\"Denne s\u00f8te, katteformede LED-lykten gir varme og personlighet til uterommet ditt. Den drives utelukkende av sollys, lades i l\u00f8pet av dagen og tennes automatisk i skumringen - uten behov for batterier eller kabler. Den er perfekt for hager, uteplasser eller balkonger og skaper en koselig og magisk kveldsatmosf\u00e6re.\" \/>\n<meta property=\"og:url\" content=\"https:\/\/mekulo.com\/no\/produkt\/solcelledrevet-kattelykt\/\" \/>\n<meta property=\"og:site_name\" content=\"Mekulo NO\" \/>\n<meta property=\"article:modified_time\" content=\"2026-01-04T18:19:17+00:00\" \/>\n<meta property=\"og:image\" content=\"https:\/\/mekulo.com\/no\/wp-content\/uploads\/sites\/10\/2026\/01\/l5kau16-1.webp\" \/>\n\t<meta property=\"og:image:width\" content=\"600\" \/>\n\t<meta property=\"og:image:height\" content=\"600\" \/>\n\t<meta property=\"og:image:type\" content=\"image\/webp\" \/>\n<meta name=\"twitter:card\" content=\"summary_large_image\" \/>\n<meta name=\"twitter:label1\" content=\"Ansl. lesetid\" \/>\n\t<meta name=\"twitter:data1\" content=\"2 minutter\" \/>\n<script type=\"application\/ld+json\" class=\"yoast-schema-graph\">{\"@context\":\"https:\/\/schema.org\",\"@graph\":[{\"@type\":\"WebPage\",\"@id\":\"https:\/\/mekulo.com\/no\/produkt\/solcelledrevet-kattelykt\/\",\"url\":\"https:\/\/mekulo.com\/no\/produkt\/solcelledrevet-kattelykt\/\",\"name\":\"Solcelledrevet kattelykt - Mekulo NO\",\"isPartOf\":{\"@id\":\"https:\/\/mekulo.com\/no\/#website\"},\"primaryImageOfPage\":{\"@id\":\"https:\/\/mekulo.com\/no\/produkt\/solcelledrevet-kattelykt\/#primaryimage\"},\"image\":{\"@id\":\"https:\/\/mekulo.com\/no\/produkt\/solcelledrevet-kattelykt\/#primaryimage\"},\"thumbnailUrl\":\"https:\/\/mekulo.com\/no\/wp-content\/uploads\/sites\/10\/2026\/01\/l5kau16-1.webp\",\"datePublished\":\"2026-01-04T16:56:24+00:00\",\"dateModified\":\"2026-01-04T18:19:17+00:00\",\"breadcrumb\":{\"@id\":\"https:\/\/mekulo.com\/no\/produkt\/solcelledrevet-kattelykt\/#breadcrumb\"},\"inLanguage\":\"nb-NO\",\"potentialAction\":[{\"@type\":\"ReadAction\",\"target\":[\"https:\/\/mekulo.com\/no\/produkt\/solcelledrevet-kattelykt\/\"]}]},{\"@type\":\"ImageObject\",\"inLanguage\":\"nb-NO\",\"@id\":\"https:\/\/mekulo.com\/no\/produkt\/solcelledrevet-kattelykt\/#primaryimage\",\"url\":\"https:\/\/mekulo.com\/no\/wp-content\/uploads\/sites\/10\/2026\/01\/l5kau16-1.webp\",\"contentUrl\":\"https:\/\/mekulo.com\/no\/wp-content\/uploads\/sites\/10\/2026\/01\/l5kau16-1.webp\",\"width\":600,\"height\":600},{\"@type\":\"BreadcrumbList\",\"@id\":\"https:\/\/mekulo.com\/no\/produkt\/solcelledrevet-kattelykt\/#breadcrumb\",\"itemListElement\":[{\"@type\":\"ListItem\",\"position\":1,\"name\":\"Home\",\"item\":\"https:\/\/mekulo.com\/no\/\"},{\"@type\":\"ListItem\",\"position\":2,\"name\":\"Butikk\",\"item\":\"https:\/\/mekulo.com\/no\/butikk\/\"},{\"@type\":\"ListItem\",\"position\":3,\"name\":\"Solcelledrevet kattelykt\"}]},{\"@type\":\"WebSite\",\"@id\":\"https:\/\/mekulo.com\/no\/#website\",\"url\":\"https:\/\/mekulo.com\/no\/\",\"name\":\"Mekulo NO\",\"description\":\"\",\"publisher\":{\"@id\":\"https:\/\/mekulo.com\/no\/#organization\"},\"potentialAction\":[{\"@type\":\"SearchAction\",\"target\":{\"@type\":\"EntryPoint\",\"urlTemplate\":\"https:\/\/mekulo.com\/no\/?s={search_term_string}\"},\"query-input\":{\"@type\":\"PropertyValueSpecification\",\"valueRequired\":true,\"valueName\":\"search_term_string\"}}],\"inLanguage\":\"nb-NO\"},{\"@type\":\"Organization\",\"@id\":\"https:\/\/mekulo.com\/no\/#organization\",\"name\":\"Mekulo\",\"url\":\"https:\/\/mekulo.com\/no\/\",\"logo\":{\"@type\":\"ImageObject\",\"inLanguage\":\"nb-NO\",\"@id\":\"https:\/\/mekulo.com\/no\/#\/schema\/logo\/image\/\",\"url\":\"https:\/\/mekulo.com\/no\/wp-content\/uploads\/sites\/10\/2025\/12\/favicon_mekulo.png\",\"contentUrl\":\"https:\/\/mekulo.com\/no\/wp-content\/uploads\/sites\/10\/2025\/12\/favicon_mekulo.png\",\"width\":50,\"height\":50,\"caption\":\"Mekulo\"},\"image\":{\"@id\":\"https:\/\/mekulo.com\/no\/#\/schema\/logo\/image\/\"}}]}<\/script>\n<!-- \/ Yoast SEO plugin. -->","yoast_head_json":{"title":"Solcelledrevet kattelykt - Mekulo NO","robots":{"index":"index","follow":"follow","max-snippet":"max-snippet:-1","max-image-preview":"max-image-preview:large","max-video-preview":"max-video-preview:-1"},"canonical":"https:\/\/mekulo.com\/no\/produkt\/solcelledrevet-kattelykt\/","og_locale":"nb_NO","og_type":"article","og_title":"Solcelledrevet kattelykt - Mekulo NO","og_description":"Denne s\u00f8te, katteformede LED-lykten gir varme og personlighet til uterommet ditt. Den drives utelukkende av sollys, lades i l\u00f8pet av dagen og tennes automatisk i skumringen - uten behov for batterier eller kabler. Den er perfekt for hager, uteplasser eller balkonger og skaper en koselig og magisk kveldsatmosf\u00e6re.","og_url":"https:\/\/mekulo.com\/no\/produkt\/solcelledrevet-kattelykt\/","og_site_name":"Mekulo NO","article_modified_time":"2026-01-04T18:19:17+00:00","og_image":[{"width":600,"height":600,"url":"https:\/\/mekulo.com\/no\/wp-content\/uploads\/sites\/10\/2026\/01\/l5kau16-1.webp","type":"image\/webp"}],"twitter_card":"summary_large_image","twitter_misc":{"Ansl. lesetid":"2 minutter"},"schema":{"@context":"https:\/\/schema.org","@graph":[{"@type":"WebPage","@id":"https:\/\/mekulo.com\/no\/produkt\/solcelledrevet-kattelykt\/","url":"https:\/\/mekulo.com\/no\/produkt\/solcelledrevet-kattelykt\/","name":"Solcelledrevet kattelykt - Mekulo NO","isPartOf":{"@id":"https:\/\/mekulo.com\/no\/#website"},"primaryImageOfPage":{"@id":"https:\/\/mekulo.com\/no\/produkt\/solcelledrevet-kattelykt\/#primaryimage"},"image":{"@id":"https:\/\/mekulo.com\/no\/produkt\/solcelledrevet-kattelykt\/#primaryimage"},"thumbnailUrl":"https:\/\/mekulo.com\/no\/wp-content\/uploads\/sites\/10\/2026\/01\/l5kau16-1.webp","datePublished":"2026-01-04T16:56:24+00:00","dateModified":"2026-01-04T18:19:17+00:00","breadcrumb":{"@id":"https:\/\/mekulo.com\/no\/produkt\/solcelledrevet-kattelykt\/#breadcrumb"},"inLanguage":"nb-NO","potentialAction":[{"@type":"ReadAction","target":["https:\/\/mekulo.com\/no\/produkt\/solcelledrevet-kattelykt\/"]}]},{"@type":"ImageObject","inLanguage":"nb-NO","@id":"https:\/\/mekulo.com\/no\/produkt\/solcelledrevet-kattelykt\/#primaryimage","url":"https:\/\/mekulo.com\/no\/wp-content\/uploads\/sites\/10\/2026\/01\/l5kau16-1.webp","contentUrl":"https:\/\/mekulo.com\/no\/wp-content\/uploads\/sites\/10\/2026\/01\/l5kau16-1.webp","width":600,"height":600},{"@type":"BreadcrumbList","@id":"https:\/\/mekulo.com\/no\/produkt\/solcelledrevet-kattelykt\/#breadcrumb","itemListElement":[{"@type":"ListItem","position":1,"name":"Home","item":"https:\/\/mekulo.com\/no\/"},{"@type":"ListItem","position":2,"name":"Butikk","item":"https:\/\/mekulo.com\/no\/butikk\/"},{"@type":"ListItem","position":3,"name":"Solcelledrevet kattelykt"}]},{"@type":"WebSite","@id":"https:\/\/mekulo.com\/no\/#website","url":"https:\/\/mekulo.com\/no\/","name":"Mekulo NO","description":"","publisher":{"@id":"https:\/\/mekulo.com\/no\/#organization"},"potentialAction":[{"@type":"SearchAction","target":{"@type":"EntryPoint","urlTemplate":"https:\/\/mekulo.com\/no\/?s={search_term_string}"},"query-input":{"@type":"PropertyValueSpecification","valueRequired":true,"valueName":"search_term_string"}}],"inLanguage":"nb-NO"},{"@type":"Organization","@id":"https:\/\/mekulo.com\/no\/#organization","name":"Mekulo","url":"https:\/\/mekulo.com\/no\/","logo":{"@type":"ImageObject","inLanguage":"nb-NO","@id":"https:\/\/mekulo.com\/no\/#\/schema\/logo\/image\/","url":"https:\/\/mekulo.com\/no\/wp-content\/uploads\/sites\/10\/2025\/12\/favicon_mekulo.png","contentUrl":"https:\/\/mekulo.com\/no\/wp-content\/uploads\/sites\/10\/2025\/12\/favicon_mekulo.png","width":50,"height":50,"caption":"Mekulo"},"image":{"@id":"https:\/\/mekulo.com\/no\/#\/schema\/logo\/image\/"}}]}},"_links":{"self":[{"href":"https:\/\/mekulo.com\/no\/wp-json\/wp\/v2\/product\/14366","targetHints":{"allow":["GET"]}}],"collection":[{"href":"https:\/\/mekulo.com\/no\/wp-json\/wp\/v2\/product"}],"about":[{"href":"https:\/\/mekulo.com\/no\/wp-json\/wp\/v2\/types\/product"}],"replies":[{"embeddable":true,"href":"https:\/\/mekulo.com\/no\/wp-json\/wp\/v2\/comments?post=14366"}],"wp:featuredmedia":[{"embeddable":true,"href":"https:\/\/mekulo.com\/no\/wp-json\/wp\/v2\/media\/14362"}],"wp:attachment":[{"href":"https:\/\/mekulo.com\/no\/wp-json\/wp\/v2\/media?parent=14366"}],"wp:term":[{"taxonomy":"product_brand","embeddable":true,"href":"https:\/\/mekulo.com\/no\/wp-json\/wp\/v2\/product_brand?post=14366"},{"taxonomy":"product_cat","embeddable":true,"href":"https:\/\/mekulo.com\/no\/wp-json\/wp\/v2\/product_cat?post=14366"},{"taxonomy":"product_tag","embeddable":true,"href":"https:\/\/mekulo.com\/no\/wp-json\/wp\/v2\/product_tag?post=14366"}],"curies":[{"name":"wp","href":"https:\/\/api.w.org\/{rel}","templated":true}]}}