{"id":14357,"date":"2026-01-04T18:55:40","date_gmt":"2026-01-04T16:55:40","guid":{"rendered":"https:\/\/mekulo.com\/no\/produkt\/4-i-1-justerbart-malebeger\/"},"modified":"2026-02-10T11:04:25","modified_gmt":"2026-02-10T09:04:25","slug":"4-i-1-justerbart-malebeger","status":"publish","type":"product","link":"https:\/\/mekulo.com\/no\/produkt\/4-i-1-justerbart-malebeger\/","title":{"rendered":"4-i-1 justerbart m\u00e5lebeger"},"content":{"rendered":"<p style=\"text-align: center;\" data-start=\"0\" data-end=\"46\"><strong>M\u00e5l flere mengder med bare \u00e9n kopp. \ud83d\udccf<\/strong><\/p>\n<p data-start=\"48\" data-end=\"198\"><img fetchpriority=\"high\" decoding=\"async\" class=\"size-full wp-image-43535 aligncenter\" src=\"https:\/\/keluvo.com\/template\/wp-content\/uploads\/sites\/5\/2025\/12\/10228-ezgif.com-video-to-webp-converter.webp\" alt=\"\" width=\"500\" height=\"500\" \/><\/p>\n<h2 style=\"text-align: center;\" data-start=\"581\" data-end=\"600\">Hovedfordeler \ud83d\udcab<\/h2>\n<p data-start=\"617\" data-end=\"1170\">\ud83d\udccf 4 m\u00e5l i ett &#8211; Justerer til 250 ml, 125 ml, 83 ml og 62 ml umiddelbart.<\/p>\n<p data-start=\"617\" data-end=\"1170\">\ud83c\udf6f Skraper klissete ingredienser rene &#8211; Forseglingen fungerer som en innebygd nal for \u00e5 helle uten rot.<\/p>\n<p data-start=\"617\" data-end=\"1170\">\ud83e\uddfd Enkel \u00e5 rengj\u00f8re &#8211; Bunnen kan l\u00f8ftes helt opp til toppen, slik at du kan vaske hvert hj\u00f8rne for h\u00e5nd eller i oppvaskmaskin.<\/p>\n<p data-start=\"617\" data-end=\"1170\">\ud83d\udca7 Klare og holdbare markeringer &#8211; De r\u00f8de m\u00e5lene med preging vil ikke falme eller gnis av.<\/p>\n<p data-start=\"617\" data-end=\"1170\">\ud83d\udd25 Varmebestandig og trygg &#8211; Laget av ABS og silikon, t\u00e5ler opp til 100 \u00b0C.<\/p>\n<p data-start=\"617\" data-end=\"1170\">\ud83c\udfe0 Plassbesparende &#8211; Erstatter flere kopper og holder skuffene dine fri for rot.<\/p>\n<p data-start=\"617\" data-end=\"1170\"><img decoding=\"async\" class=\" wp-image-43534 aligncenter\" src=\"https:\/\/keluvo.com\/template\/wp-content\/uploads\/sites\/5\/2025\/12\/17abe211482dadb64852de9eb8d0d7c8f56cc142.webp\" alt=\"\" width=\"500\" height=\"501\" \/><\/p>\n<h2 style=\"text-align: center;\" data-start=\"920\" data-end=\"937\">Slik bruker du verkt\u00f8yet \ud83d\udccc<\/h2>\n<ol data-start=\"1196\" data-end=\"1463\">\n<li data-start=\"1196\" data-end=\"1255\">\n<p data-start=\"1199\" data-end=\"1255\">Dra den justerbare basen til det m\u00e5let du trenger.<\/p>\n<\/li>\n<li data-start=\"1256\" data-end=\"1305\">\n<p data-start=\"1259\" data-end=\"1305\">legg den v\u00e5te eller t\u00f8rre ingrediensen i koppen.<\/p>\n<\/li>\n<li data-start=\"1306\" data-end=\"1376\">\n<p data-start=\"1309\" data-end=\"1376\">hell eller skyv ut ingrediensen &#8211; forseglingen t\u00f8rker sidene rene.<\/p>\n<\/li>\n<li data-start=\"1377\" data-end=\"1463\">\n<p data-start=\"1380\" data-end=\"1463\">etter bruk l\u00f8fter du basen helt opp for rask vask eller plasserer den i oppvaskmaskinen.<\/p>\n<\/li>\n<\/ol>\n<h2 style=\"text-align: center;\" data-start=\"1182\" data-end=\"1204\">Produktdetaljer \ud83d\udccf<\/h2>\n<ul data-start=\"1494\" data-end=\"1752\">\n<li data-start=\"1494\" data-end=\"1522\">\n<p data-start=\"1496\" data-end=\"1522\">Materiale: ABS og silikon<\/p>\n<\/li>\n<li data-start=\"1523\" data-end=\"1582\">\n<p data-start=\"1525\" data-end=\"1582\">M\u00e5l: 250 ml, 125 ml, 83 ml og 62 ml<\/p>\n<\/li>\n<li data-start=\"1583\" data-end=\"1631\">\n<p data-start=\"1585\" data-end=\"1631\">Merking: Preget ml + fl. oz i knallr\u00f8dt<\/p>\n<\/li>\n<li data-start=\"1632\" data-end=\"1672\">\n<p data-start=\"1634\" data-end=\"1672\">Varmebestandighet: Opp til 100 \u00b0C<\/p>\n<\/li>\n<li data-start=\"1673\" data-end=\"1705\">\n<p data-start=\"1675\" data-end=\"1705\">BPA-fri Tritan-konstruksjon<\/p>\n<\/li>\n<li data-start=\"1706\" data-end=\"1752\">\n<p data-start=\"1708\" data-end=\"1752\">Designet for klebrige og flytende ingredienser<\/p>\n<\/li>\n<\/ul>\n<h2 style=\"text-align: center;\" data-start=\"1374\" data-end=\"1397\">Pakken inkluderer \ud83d\udce6<\/h2>\n<ul data-start=\"1784\" data-end=\"1821\">\n<li data-start=\"1784\" data-end=\"1821\">\n<p data-start=\"1786\" data-end=\"1821\">1x 4-i-1 justerbart m\u00e5lebeger.<\/p>\n<\/li>\n<\/ul>\n","protected":false},"excerpt":{"rendered":"<p>Dette justerbare 4-i-1-m\u00e5lebegeret gir deg presis og problemfri m\u00e5ling av b\u00e5de v\u00e5te og t\u00f8rre ingredienser &#8211; alt i ett smart og plassbesparende verkt\u00f8y. Dette justerbare begeret erstatter et helt sett med m\u00e5lebeger, slik at du kan veksle mellom 250 ml, 125 ml, 83 ml og 62 ml med et enkelt skyv. Den tette, innebygde forseglingen t\u00f8rker av klissete ingredienser mens du skjenker, noe som sparer tid og reduserer sl\u00f8sing. Ideell til baking, matlaging, tilberedning av m\u00e5ltider og til og med tykke p\u00e5legg som honning eller pean\u00f8ttsm\u00f8r.<\/p>\n","protected":false},"featured_media":14353,"comment_status":"open","ping_status":"closed","template":"","meta":{"site-sidebar-layout":"default","site-content-layout":"","ast-site-content-layout":"default","site-content-style":"default","site-sidebar-style":"default","ast-global-header-display":"","ast-banner-title-visibility":"","ast-main-header-display":"","ast-hfb-above-header-display":"","ast-hfb-below-header-display":"","ast-hfb-mobile-header-display":"","site-post-title":"","ast-breadcrumbs-content":"","ast-featured-img":"","footer-sml-layout":"","theme-transparent-header-meta":"default","adv-header-id-meta":"","stick-header-meta":"","header-above-stick-meta":"","header-main-stick-meta":"","header-below-stick-meta":"","astra-migrate-meta-layouts":"set","ast-page-background-enabled":"default","ast-page-background-meta":{"desktop":{"background-color":"var(--ast-global-color-5)","background-image":"","background-repeat":"repeat","background-position":"center center","background-size":"auto","background-attachment":"scroll","background-type":"","background-media":"","overlay-type":"","overlay-color":"","overlay-opacity":"","overlay-gradient":""},"tablet":{"background-color":"","background-image":"","background-repeat":"repeat","background-position":"center center","background-size":"auto","background-attachment":"scroll","background-type":"","background-media":"","overlay-type":"","overlay-color":"","overlay-opacity":"","overlay-gradient":""},"mobile":{"background-color":"","background-image":"","background-repeat":"repeat","background-position":"center center","background-size":"auto","background-attachment":"scroll","background-type":"","background-media":"","overlay-type":"","overlay-color":"","overlay-opacity":"","overlay-gradient":""}},"ast-content-background-meta":{"desktop":{"background-color":"var(--ast-global-color-4)","background-image":"","background-repeat":"repeat","background-position":"center center","background-size":"auto","background-attachment":"scroll","background-type":"","background-media":"","overlay-type":"","overlay-color":"","overlay-opacity":"","overlay-gradient":""},"tablet":{"background-color":"var(--ast-global-color-4)","background-image":"","background-repeat":"repeat","background-position":"center center","background-size":"auto","background-attachment":"scroll","background-type":"","background-media":"","overlay-type":"","overlay-color":"","overlay-opacity":"","overlay-gradient":""},"mobile":{"background-color":"var(--ast-global-color-4)","background-image":"","background-repeat":"repeat","background-position":"center center","background-size":"auto","background-attachment":"scroll","background-type":"","background-media":"","overlay-type":"","overlay-color":"","overlay-opacity":"","overlay-gradient":""}}},"product_brand":[],"product_cat":[168,171],"product_tag":[],"class_list":{"0":"post-14357","1":"product","2":"type-product","3":"status-publish","4":"has-post-thumbnail","6":"product_cat-husholdningsartikler","7":"product_cat-verktoy","8":"desktop-align-left","9":"tablet-align-left","10":"mobile-align-left","12":"first","13":"instock","14":"shipping-taxable","15":"purchasable","16":"product-type-simple"},"yoast_head":"<!-- This site is optimized with the Yoast SEO plugin v26.6 - https:\/\/yoast.com\/wordpress\/plugins\/seo\/ -->\n<title>4-i-1 justerbart m\u00e5lebeger - Mekulo NO<\/title>\n<meta name=\"robots\" content=\"index, follow, max-snippet:-1, max-image-preview:large, max-video-preview:-1\" \/>\n<link rel=\"canonical\" href=\"https:\/\/mekulo.com\/no\/produkt\/4-i-1-justerbart-malebeger\/\" \/>\n<meta property=\"og:locale\" content=\"nb_NO\" \/>\n<meta property=\"og:type\" content=\"article\" \/>\n<meta property=\"og:title\" content=\"4-i-1 justerbart m\u00e5lebeger - Mekulo NO\" \/>\n<meta property=\"og:description\" content=\"Dette justerbare 4-i-1-m\u00e5lebegeret gir deg presis og problemfri m\u00e5ling av b\u00e5de v\u00e5te og t\u00f8rre ingredienser - alt i ett smart og plassbesparende verkt\u00f8y. Dette justerbare begeret erstatter et helt sett med m\u00e5lebeger, slik at du kan veksle mellom 250 ml, 125 ml, 83 ml og 62 ml med et enkelt skyv. Den tette, innebygde forseglingen t\u00f8rker av klissete ingredienser mens du skjenker, noe som sparer tid og reduserer sl\u00f8sing. Ideell til baking, matlaging, tilberedning av m\u00e5ltider og til og med tykke p\u00e5legg som honning eller pean\u00f8ttsm\u00f8r.\" \/>\n<meta property=\"og:url\" content=\"https:\/\/mekulo.com\/no\/produkt\/4-i-1-justerbart-malebeger\/\" \/>\n<meta property=\"og:site_name\" content=\"Mekulo NO\" \/>\n<meta property=\"article:modified_time\" content=\"2026-02-10T09:04:25+00:00\" \/>\n<meta property=\"og:image\" content=\"https:\/\/mekulo.com\/no\/wp-content\/uploads\/sites\/10\/2026\/01\/9b3p3ro-1.jpg\" \/>\n\t<meta property=\"og:image:width\" content=\"900\" \/>\n\t<meta property=\"og:image:height\" content=\"889\" \/>\n\t<meta property=\"og:image:type\" content=\"image\/jpeg\" \/>\n<meta name=\"twitter:card\" content=\"summary_large_image\" \/>\n<meta name=\"twitter:label1\" content=\"Ansl. lesetid\" \/>\n\t<meta name=\"twitter:data1\" content=\"2 minutter\" \/>\n<script type=\"application\/ld+json\" class=\"yoast-schema-graph\">{\"@context\":\"https:\/\/schema.org\",\"@graph\":[{\"@type\":\"WebPage\",\"@id\":\"https:\/\/mekulo.com\/no\/produkt\/4-i-1-justerbart-malebeger\/\",\"url\":\"https:\/\/mekulo.com\/no\/produkt\/4-i-1-justerbart-malebeger\/\",\"name\":\"4-i-1 justerbart m\u00e5lebeger - Mekulo NO\",\"isPartOf\":{\"@id\":\"https:\/\/mekulo.com\/no\/#website\"},\"primaryImageOfPage\":{\"@id\":\"https:\/\/mekulo.com\/no\/produkt\/4-i-1-justerbart-malebeger\/#primaryimage\"},\"image\":{\"@id\":\"https:\/\/mekulo.com\/no\/produkt\/4-i-1-justerbart-malebeger\/#primaryimage\"},\"thumbnailUrl\":\"https:\/\/mekulo.com\/no\/wp-content\/uploads\/sites\/10\/2026\/01\/9b3p3ro-1.jpg\",\"datePublished\":\"2026-01-04T16:55:40+00:00\",\"dateModified\":\"2026-02-10T09:04:25+00:00\",\"breadcrumb\":{\"@id\":\"https:\/\/mekulo.com\/no\/produkt\/4-i-1-justerbart-malebeger\/#breadcrumb\"},\"inLanguage\":\"nb-NO\",\"potentialAction\":[{\"@type\":\"ReadAction\",\"target\":[\"https:\/\/mekulo.com\/no\/produkt\/4-i-1-justerbart-malebeger\/\"]}]},{\"@type\":\"ImageObject\",\"inLanguage\":\"nb-NO\",\"@id\":\"https:\/\/mekulo.com\/no\/produkt\/4-i-1-justerbart-malebeger\/#primaryimage\",\"url\":\"https:\/\/mekulo.com\/no\/wp-content\/uploads\/sites\/10\/2026\/01\/9b3p3ro-1.jpg\",\"contentUrl\":\"https:\/\/mekulo.com\/no\/wp-content\/uploads\/sites\/10\/2026\/01\/9b3p3ro-1.jpg\",\"width\":900,\"height\":889},{\"@type\":\"BreadcrumbList\",\"@id\":\"https:\/\/mekulo.com\/no\/produkt\/4-i-1-justerbart-malebeger\/#breadcrumb\",\"itemListElement\":[{\"@type\":\"ListItem\",\"position\":1,\"name\":\"Home\",\"item\":\"https:\/\/mekulo.com\/no\/\"},{\"@type\":\"ListItem\",\"position\":2,\"name\":\"Butikk\",\"item\":\"https:\/\/mekulo.com\/no\/butikk\/\"},{\"@type\":\"ListItem\",\"position\":3,\"name\":\"4-i-1 justerbart m\u00e5lebeger\"}]},{\"@type\":\"WebSite\",\"@id\":\"https:\/\/mekulo.com\/no\/#website\",\"url\":\"https:\/\/mekulo.com\/no\/\",\"name\":\"Mekulo NO\",\"description\":\"\",\"publisher\":{\"@id\":\"https:\/\/mekulo.com\/no\/#organization\"},\"potentialAction\":[{\"@type\":\"SearchAction\",\"target\":{\"@type\":\"EntryPoint\",\"urlTemplate\":\"https:\/\/mekulo.com\/no\/?s={search_term_string}\"},\"query-input\":{\"@type\":\"PropertyValueSpecification\",\"valueRequired\":true,\"valueName\":\"search_term_string\"}}],\"inLanguage\":\"nb-NO\"},{\"@type\":\"Organization\",\"@id\":\"https:\/\/mekulo.com\/no\/#organization\",\"name\":\"Mekulo\",\"url\":\"https:\/\/mekulo.com\/no\/\",\"logo\":{\"@type\":\"ImageObject\",\"inLanguage\":\"nb-NO\",\"@id\":\"https:\/\/mekulo.com\/no\/#\/schema\/logo\/image\/\",\"url\":\"https:\/\/mekulo.com\/no\/wp-content\/uploads\/sites\/10\/2025\/12\/favicon_mekulo.png\",\"contentUrl\":\"https:\/\/mekulo.com\/no\/wp-content\/uploads\/sites\/10\/2025\/12\/favicon_mekulo.png\",\"width\":50,\"height\":50,\"caption\":\"Mekulo\"},\"image\":{\"@id\":\"https:\/\/mekulo.com\/no\/#\/schema\/logo\/image\/\"}}]}<\/script>\n<!-- \/ Yoast SEO plugin. -->","yoast_head_json":{"title":"4-i-1 justerbart m\u00e5lebeger - Mekulo NO","robots":{"index":"index","follow":"follow","max-snippet":"max-snippet:-1","max-image-preview":"max-image-preview:large","max-video-preview":"max-video-preview:-1"},"canonical":"https:\/\/mekulo.com\/no\/produkt\/4-i-1-justerbart-malebeger\/","og_locale":"nb_NO","og_type":"article","og_title":"4-i-1 justerbart m\u00e5lebeger - Mekulo NO","og_description":"Dette justerbare 4-i-1-m\u00e5lebegeret gir deg presis og problemfri m\u00e5ling av b\u00e5de v\u00e5te og t\u00f8rre ingredienser - alt i ett smart og plassbesparende verkt\u00f8y. Dette justerbare begeret erstatter et helt sett med m\u00e5lebeger, slik at du kan veksle mellom 250 ml, 125 ml, 83 ml og 62 ml med et enkelt skyv. Den tette, innebygde forseglingen t\u00f8rker av klissete ingredienser mens du skjenker, noe som sparer tid og reduserer sl\u00f8sing. Ideell til baking, matlaging, tilberedning av m\u00e5ltider og til og med tykke p\u00e5legg som honning eller pean\u00f8ttsm\u00f8r.","og_url":"https:\/\/mekulo.com\/no\/produkt\/4-i-1-justerbart-malebeger\/","og_site_name":"Mekulo NO","article_modified_time":"2026-02-10T09:04:25+00:00","og_image":[{"width":900,"height":889,"url":"https:\/\/mekulo.com\/no\/wp-content\/uploads\/sites\/10\/2026\/01\/9b3p3ro-1.jpg","type":"image\/jpeg"}],"twitter_card":"summary_large_image","twitter_misc":{"Ansl. lesetid":"2 minutter"},"schema":{"@context":"https:\/\/schema.org","@graph":[{"@type":"WebPage","@id":"https:\/\/mekulo.com\/no\/produkt\/4-i-1-justerbart-malebeger\/","url":"https:\/\/mekulo.com\/no\/produkt\/4-i-1-justerbart-malebeger\/","name":"4-i-1 justerbart m\u00e5lebeger - Mekulo NO","isPartOf":{"@id":"https:\/\/mekulo.com\/no\/#website"},"primaryImageOfPage":{"@id":"https:\/\/mekulo.com\/no\/produkt\/4-i-1-justerbart-malebeger\/#primaryimage"},"image":{"@id":"https:\/\/mekulo.com\/no\/produkt\/4-i-1-justerbart-malebeger\/#primaryimage"},"thumbnailUrl":"https:\/\/mekulo.com\/no\/wp-content\/uploads\/sites\/10\/2026\/01\/9b3p3ro-1.jpg","datePublished":"2026-01-04T16:55:40+00:00","dateModified":"2026-02-10T09:04:25+00:00","breadcrumb":{"@id":"https:\/\/mekulo.com\/no\/produkt\/4-i-1-justerbart-malebeger\/#breadcrumb"},"inLanguage":"nb-NO","potentialAction":[{"@type":"ReadAction","target":["https:\/\/mekulo.com\/no\/produkt\/4-i-1-justerbart-malebeger\/"]}]},{"@type":"ImageObject","inLanguage":"nb-NO","@id":"https:\/\/mekulo.com\/no\/produkt\/4-i-1-justerbart-malebeger\/#primaryimage","url":"https:\/\/mekulo.com\/no\/wp-content\/uploads\/sites\/10\/2026\/01\/9b3p3ro-1.jpg","contentUrl":"https:\/\/mekulo.com\/no\/wp-content\/uploads\/sites\/10\/2026\/01\/9b3p3ro-1.jpg","width":900,"height":889},{"@type":"BreadcrumbList","@id":"https:\/\/mekulo.com\/no\/produkt\/4-i-1-justerbart-malebeger\/#breadcrumb","itemListElement":[{"@type":"ListItem","position":1,"name":"Home","item":"https:\/\/mekulo.com\/no\/"},{"@type":"ListItem","position":2,"name":"Butikk","item":"https:\/\/mekulo.com\/no\/butikk\/"},{"@type":"ListItem","position":3,"name":"4-i-1 justerbart m\u00e5lebeger"}]},{"@type":"WebSite","@id":"https:\/\/mekulo.com\/no\/#website","url":"https:\/\/mekulo.com\/no\/","name":"Mekulo NO","description":"","publisher":{"@id":"https:\/\/mekulo.com\/no\/#organization"},"potentialAction":[{"@type":"SearchAction","target":{"@type":"EntryPoint","urlTemplate":"https:\/\/mekulo.com\/no\/?s={search_term_string}"},"query-input":{"@type":"PropertyValueSpecification","valueRequired":true,"valueName":"search_term_string"}}],"inLanguage":"nb-NO"},{"@type":"Organization","@id":"https:\/\/mekulo.com\/no\/#organization","name":"Mekulo","url":"https:\/\/mekulo.com\/no\/","logo":{"@type":"ImageObject","inLanguage":"nb-NO","@id":"https:\/\/mekulo.com\/no\/#\/schema\/logo\/image\/","url":"https:\/\/mekulo.com\/no\/wp-content\/uploads\/sites\/10\/2025\/12\/favicon_mekulo.png","contentUrl":"https:\/\/mekulo.com\/no\/wp-content\/uploads\/sites\/10\/2025\/12\/favicon_mekulo.png","width":50,"height":50,"caption":"Mekulo"},"image":{"@id":"https:\/\/mekulo.com\/no\/#\/schema\/logo\/image\/"}}]}},"_links":{"self":[{"href":"https:\/\/mekulo.com\/no\/wp-json\/wp\/v2\/product\/14357","targetHints":{"allow":["GET"]}}],"collection":[{"href":"https:\/\/mekulo.com\/no\/wp-json\/wp\/v2\/product"}],"about":[{"href":"https:\/\/mekulo.com\/no\/wp-json\/wp\/v2\/types\/product"}],"replies":[{"embeddable":true,"href":"https:\/\/mekulo.com\/no\/wp-json\/wp\/v2\/comments?post=14357"}],"wp:featuredmedia":[{"embeddable":true,"href":"https:\/\/mekulo.com\/no\/wp-json\/wp\/v2\/media\/14353"}],"wp:attachment":[{"href":"https:\/\/mekulo.com\/no\/wp-json\/wp\/v2\/media?parent=14357"}],"wp:term":[{"taxonomy":"product_brand","embeddable":true,"href":"https:\/\/mekulo.com\/no\/wp-json\/wp\/v2\/product_brand?post=14357"},{"taxonomy":"product_cat","embeddable":true,"href":"https:\/\/mekulo.com\/no\/wp-json\/wp\/v2\/product_cat?post=14357"},{"taxonomy":"product_tag","embeddable":true,"href":"https:\/\/mekulo.com\/no\/wp-json\/wp\/v2\/product_tag?post=14357"}],"curies":[{"name":"wp","href":"https:\/\/api.w.org\/{rel}","templated":true}]}}