{"id":14324,"date":"2026-01-04T18:54:13","date_gmt":"2026-01-04T16:54:13","guid":{"rendered":"https:\/\/mekulo.com\/no\/produkt\/avtakbar-hjornebrakett\/"},"modified":"2026-01-04T20:16:58","modified_gmt":"2026-01-04T18:16:58","slug":"avtakbar-hjornebrakett","status":"publish","type":"product","link":"https:\/\/mekulo.com\/no\/produkt\/avtakbar-hjornebrakett\/","title":{"rendered":"Avtakbar hj\u00f8rnebrakett"},"content":{"rendered":"<p style=\"text-align: center;\" data-start=\"0\" data-end=\"94\"><strong>Forsterk m\u00f8belhj\u00f8rner med en avtakbar brakett som installeres raskt og varer lenge. \ud83d\udd29\ud83e\ude91<\/strong><\/p>\n<p data-start=\"96\" data-end=\"376\"><img fetchpriority=\"high\" decoding=\"async\" class=\" wp-image-43133 aligncenter\" src=\"https:\/\/keluvo.com\/template\/wp-content\/uploads\/sites\/5\/2025\/11\/b58ddcace5e677dfdf080203b0cb2b583dd3f710.webp\" alt=\"\" width=\"499\" height=\"665\" \/><\/p>\n<h2 style=\"text-align: center;\" data-start=\"383\" data-end=\"403\">\u2b50 Hovedfordeler<\/h2>\n<p data-start=\"404\" data-end=\"920\">\ud83d\udd29 Rask montering &#8211; Fest braketten med de medf\u00f8lgende skruene for et sikkert og langvarig feste.<\/p>\n<p data-start=\"404\" data-end=\"920\">\ud83d\udc8e Slitesterk sinklegering &#8211; Rustfri, korrosjonsbestandig og ripebestandig for daglig bruk.<\/p>\n<p data-start=\"404\" data-end=\"920\">\ud83d\udd27 Avtakbar midtskrue &#8211; Gj\u00f8r det enkelt \u00e5 demontere uten \u00e5 skade panelene eller svekke skj\u00f8tene.<\/p>\n<p data-start=\"404\" data-end=\"920\">\ud83e\ude91 Forsterker rettvinklede skj\u00f8ter &#8211; Ideell for m\u00f8bler, trearbeid, d\u00f8rer, vinduer og gj\u00f8r-det-selv-prosjekter.<\/p>\n<p data-start=\"404\" data-end=\"920\">\ud83c\udf1f Lang levetid &#8211; Materialer av h\u00f8y kvalitet sikrer p\u00e5litelig strukturell st\u00f8tte i mange \u00e5r.<\/p>\n<p data-start=\"404\" data-end=\"920\"><img decoding=\"async\" class=\" wp-image-43132 aligncenter\" src=\"https:\/\/keluvo.com\/template\/wp-content\/uploads\/sites\/5\/2025\/11\/8c378cefd3e366bf6bc42b6560c9e3fd280fa1c4.webp\" alt=\"\" width=\"500\" height=\"667\" \/><\/p>\n<h2 style=\"text-align: center;\" data-start=\"927\" data-end=\"945\">\ud83d\udd27 Slik bruker du den<\/h2>\n<ol data-start=\"946\" data-end=\"1341\">\n<li data-start=\"946\" data-end=\"1008\">\n<p data-start=\"949\" data-end=\"1008\">Plasser braketten i hj\u00f8rnet du vil forsterke.<\/p>\n<\/li>\n<li data-start=\"1009\" data-end=\"1095\">\n<p data-start=\"1012\" data-end=\"1095\">Bruk de medf\u00f8lgende skruene til \u00e5 feste braketten sikkert til begge tilkoblingspanelene.<\/p>\n<\/li>\n<li data-start=\"1096\" data-end=\"1163\">\n<p data-start=\"1099\" data-end=\"1163\">Stram den midtre skruen for \u00e5 l\u00e5se braketten godt p\u00e5 plass.<\/p>\n<\/li>\n<li data-start=\"1164\" data-end=\"1267\">\n<p data-start=\"1167\" data-end=\"1267\">N\u00e5r du fjerner eller justerer panelet, l\u00f8sner du den midtre skruen for enkel demontering uten skade.<\/p>\n<\/li>\n<li data-start=\"1268\" data-end=\"1341\">\n<p data-start=\"1271\" data-end=\"1341\">Installer n\u00e5r som helst p\u00e5 nytt ved hjelp av de samme hullene &#8211; ingen svekkelse av materialet.<\/p>\n<\/li>\n<\/ol>\n<h2 style=\"text-align: center;\" data-start=\"1348\" data-end=\"1371\">\ud83d\udccf Produktdetaljer<\/h2>\n<ul data-start=\"1372\" data-end=\"1769\">\n<li data-start=\"1415\" data-end=\"1445\">\n<p data-start=\"1417\" data-end=\"1445\">Materiale: Sinklegering + ABS<\/p>\n<\/li>\n<li data-start=\"1466\" data-end=\"1486\">\n<p data-start=\"1468\" data-end=\"1486\">Size: Vinkelkodelengde: 3,4 cm, Bredde: 2,4 cm, Avstand: 2,9 cm<\/p>\n<\/li>\n<li data-start=\"1487\" data-end=\"1524\">\n<p data-start=\"1489\" data-end=\"1524\">Vekt: Ca. 22,72 g per stykk<\/p>\n<\/li>\n<li data-start=\"1525\" data-end=\"1582\">\n<p data-start=\"1527\" data-end=\"1582\">Design: Sommerfuglbrakett med avtakbar midtskrue<\/p>\n<\/li>\n<li data-start=\"1583\" data-end=\"1660\">\n<p data-start=\"1585\" data-end=\"1660\">Funksjoner: Rustfri, korrosjonsbestandig, ripebestandig, langvarig<\/p>\n<\/li>\n<li data-start=\"1661\" data-end=\"1769\">\n<p data-start=\"1663\" data-end=\"1769\">Tilpasset for: Skap, hyller, bord, stoler, garderober, senger, d\u00f8rer, vinduer, DIY-trearbeidsprosjekter<\/p>\n<\/li>\n<\/ul>\n<h2 style=\"text-align: center;\" data-start=\"1776\" data-end=\"1800\">\ud83d\udce6 Pakken inkluderer<\/h2>\n<ul data-start=\"1801\" data-end=\"1858\">\n<li data-start=\"1801\" data-end=\"1835\">\n<p data-start=\"1803\" data-end=\"1835\">10, 20, 30, 50x avtakbare hj\u00f8rnebraketter<\/p>\n<\/li>\n<li data-start=\"1836\" data-end=\"1858\">\n<p data-start=\"1838\" data-end=\"1858\">40, 80, 120, 200x monteringsskruer<\/p>\n<\/li>\n<\/ul>\n","protected":false},"excerpt":{"rendered":"<p>Denne avtakbare hj\u00f8rnebraketten gir deg en enkel og holdbar m\u00e5te \u00e5 forsterke rettvinklede forbindelser i skap, hyller, bord, stoler, garderober og mye mer. Den smarte, avtakbare konstruksjonen forhindrer skader under demontering og holder m\u00f8blene dine sterke og stabile over tid.<\/p>\n","protected":false},"featured_media":14320,"comment_status":"open","ping_status":"closed","template":"","meta":{"site-sidebar-layout":"default","site-content-layout":"","ast-site-content-layout":"default","site-content-style":"default","site-sidebar-style":"default","ast-global-header-display":"","ast-banner-title-visibility":"","ast-main-header-display":"","ast-hfb-above-header-display":"","ast-hfb-below-header-display":"","ast-hfb-mobile-header-display":"","site-post-title":"","ast-breadcrumbs-content":"","ast-featured-img":"","footer-sml-layout":"","theme-transparent-header-meta":"default","adv-header-id-meta":"","stick-header-meta":"","header-above-stick-meta":"","header-main-stick-meta":"","header-below-stick-meta":"","astra-migrate-meta-layouts":"set","ast-page-background-enabled":"default","ast-page-background-meta":{"desktop":{"background-color":"var(--ast-global-color-5)","background-image":"","background-repeat":"repeat","background-position":"center center","background-size":"auto","background-attachment":"scroll","background-type":"","background-media":"","overlay-type":"","overlay-color":"","overlay-opacity":"","overlay-gradient":""},"tablet":{"background-color":"","background-image":"","background-repeat":"repeat","background-position":"center center","background-size":"auto","background-attachment":"scroll","background-type":"","background-media":"","overlay-type":"","overlay-color":"","overlay-opacity":"","overlay-gradient":""},"mobile":{"background-color":"","background-image":"","background-repeat":"repeat","background-position":"center center","background-size":"auto","background-attachment":"scroll","background-type":"","background-media":"","overlay-type":"","overlay-color":"","overlay-opacity":"","overlay-gradient":""}},"ast-content-background-meta":{"desktop":{"background-color":"var(--ast-global-color-4)","background-image":"","background-repeat":"repeat","background-position":"center center","background-size":"auto","background-attachment":"scroll","background-type":"","background-media":"","overlay-type":"","overlay-color":"","overlay-opacity":"","overlay-gradient":""},"tablet":{"background-color":"var(--ast-global-color-4)","background-image":"","background-repeat":"repeat","background-position":"center center","background-size":"auto","background-attachment":"scroll","background-type":"","background-media":"","overlay-type":"","overlay-color":"","overlay-opacity":"","overlay-gradient":""},"mobile":{"background-color":"var(--ast-global-color-4)","background-image":"","background-repeat":"repeat","background-position":"center center","background-size":"auto","background-attachment":"scroll","background-type":"","background-media":"","overlay-type":"","overlay-color":"","overlay-opacity":"","overlay-gradient":""}}},"product_brand":[],"product_cat":[168,171],"product_tag":[],"class_list":{"0":"post-14324","1":"product","2":"type-product","3":"status-publish","4":"has-post-thumbnail","6":"product_cat-husholdningsartikler","7":"product_cat-verktoy","8":"pa_53917_is3vmwxk-bla","9":"pa_53917_is3vmwxk-hvit","10":"pa_53917_is3vmwxk-nikkel","11":"pa_53917_un8xom5m-10-stk","12":"pa_53917_un8xom5m-20-stk","13":"pa_53917_un8xom5m-30-stk","14":"pa_53917_un8xom5m-50-stk","15":"desktop-align-left","16":"tablet-align-left","17":"mobile-align-left","19":"first","20":"instock","21":"shipping-taxable","22":"purchasable","23":"product-type-variable","24":"has-default-attributes"},"yoast_head":"<!-- This site is optimized with the Yoast SEO plugin v26.6 - https:\/\/yoast.com\/wordpress\/plugins\/seo\/ -->\n<title>Avtakbar hj\u00f8rnebrakett - Mekulo NO<\/title>\n<meta name=\"robots\" content=\"index, follow, max-snippet:-1, max-image-preview:large, max-video-preview:-1\" \/>\n<link rel=\"canonical\" href=\"https:\/\/mekulo.com\/no\/produkt\/avtakbar-hjornebrakett\/\" \/>\n<meta property=\"og:locale\" content=\"nb_NO\" \/>\n<meta property=\"og:type\" content=\"article\" \/>\n<meta property=\"og:title\" content=\"Avtakbar hj\u00f8rnebrakett - Mekulo NO\" \/>\n<meta property=\"og:description\" content=\"Denne avtakbare hj\u00f8rnebraketten gir deg en enkel og holdbar m\u00e5te \u00e5 forsterke rettvinklede forbindelser i skap, hyller, bord, stoler, garderober og mye mer. Den smarte, avtakbare konstruksjonen forhindrer skader under demontering og holder m\u00f8blene dine sterke og stabile over tid.\" \/>\n<meta property=\"og:url\" content=\"https:\/\/mekulo.com\/no\/produkt\/avtakbar-hjornebrakett\/\" \/>\n<meta property=\"og:site_name\" content=\"Mekulo NO\" \/>\n<meta property=\"article:modified_time\" content=\"2026-01-04T18:16:58+00:00\" \/>\n<meta property=\"og:image\" content=\"https:\/\/mekulo.com\/no\/wp-content\/uploads\/sites\/10\/2026\/01\/eqisz8z-1.jpg\" \/>\n\t<meta property=\"og:image:width\" content=\"800\" \/>\n\t<meta property=\"og:image:height\" content=\"800\" \/>\n\t<meta property=\"og:image:type\" content=\"image\/jpeg\" \/>\n<meta name=\"twitter:card\" content=\"summary_large_image\" \/>\n<meta name=\"twitter:label1\" content=\"Ansl. lesetid\" \/>\n\t<meta name=\"twitter:data1\" content=\"2 minutter\" \/>\n<script type=\"application\/ld+json\" class=\"yoast-schema-graph\">{\"@context\":\"https:\/\/schema.org\",\"@graph\":[{\"@type\":\"WebPage\",\"@id\":\"https:\/\/mekulo.com\/no\/produkt\/avtakbar-hjornebrakett\/\",\"url\":\"https:\/\/mekulo.com\/no\/produkt\/avtakbar-hjornebrakett\/\",\"name\":\"Avtakbar hj\u00f8rnebrakett - Mekulo NO\",\"isPartOf\":{\"@id\":\"https:\/\/mekulo.com\/no\/#website\"},\"primaryImageOfPage\":{\"@id\":\"https:\/\/mekulo.com\/no\/produkt\/avtakbar-hjornebrakett\/#primaryimage\"},\"image\":{\"@id\":\"https:\/\/mekulo.com\/no\/produkt\/avtakbar-hjornebrakett\/#primaryimage\"},\"thumbnailUrl\":\"https:\/\/mekulo.com\/no\/wp-content\/uploads\/sites\/10\/2026\/01\/eqisz8z-1.jpg\",\"datePublished\":\"2026-01-04T16:54:13+00:00\",\"dateModified\":\"2026-01-04T18:16:58+00:00\",\"breadcrumb\":{\"@id\":\"https:\/\/mekulo.com\/no\/produkt\/avtakbar-hjornebrakett\/#breadcrumb\"},\"inLanguage\":\"nb-NO\",\"potentialAction\":[{\"@type\":\"ReadAction\",\"target\":[\"https:\/\/mekulo.com\/no\/produkt\/avtakbar-hjornebrakett\/\"]}]},{\"@type\":\"ImageObject\",\"inLanguage\":\"nb-NO\",\"@id\":\"https:\/\/mekulo.com\/no\/produkt\/avtakbar-hjornebrakett\/#primaryimage\",\"url\":\"https:\/\/mekulo.com\/no\/wp-content\/uploads\/sites\/10\/2026\/01\/eqisz8z-1.jpg\",\"contentUrl\":\"https:\/\/mekulo.com\/no\/wp-content\/uploads\/sites\/10\/2026\/01\/eqisz8z-1.jpg\",\"width\":800,\"height\":800},{\"@type\":\"BreadcrumbList\",\"@id\":\"https:\/\/mekulo.com\/no\/produkt\/avtakbar-hjornebrakett\/#breadcrumb\",\"itemListElement\":[{\"@type\":\"ListItem\",\"position\":1,\"name\":\"Home\",\"item\":\"https:\/\/mekulo.com\/no\/\"},{\"@type\":\"ListItem\",\"position\":2,\"name\":\"Butikk\",\"item\":\"https:\/\/mekulo.com\/no\/butikk\/\"},{\"@type\":\"ListItem\",\"position\":3,\"name\":\"Avtakbar hj\u00f8rnebrakett\"}]},{\"@type\":\"WebSite\",\"@id\":\"https:\/\/mekulo.com\/no\/#website\",\"url\":\"https:\/\/mekulo.com\/no\/\",\"name\":\"Mekulo NO\",\"description\":\"\",\"publisher\":{\"@id\":\"https:\/\/mekulo.com\/no\/#organization\"},\"potentialAction\":[{\"@type\":\"SearchAction\",\"target\":{\"@type\":\"EntryPoint\",\"urlTemplate\":\"https:\/\/mekulo.com\/no\/?s={search_term_string}\"},\"query-input\":{\"@type\":\"PropertyValueSpecification\",\"valueRequired\":true,\"valueName\":\"search_term_string\"}}],\"inLanguage\":\"nb-NO\"},{\"@type\":\"Organization\",\"@id\":\"https:\/\/mekulo.com\/no\/#organization\",\"name\":\"Mekulo\",\"url\":\"https:\/\/mekulo.com\/no\/\",\"logo\":{\"@type\":\"ImageObject\",\"inLanguage\":\"nb-NO\",\"@id\":\"https:\/\/mekulo.com\/no\/#\/schema\/logo\/image\/\",\"url\":\"https:\/\/mekulo.com\/no\/wp-content\/uploads\/sites\/10\/2025\/12\/favicon_mekulo.png\",\"contentUrl\":\"https:\/\/mekulo.com\/no\/wp-content\/uploads\/sites\/10\/2025\/12\/favicon_mekulo.png\",\"width\":50,\"height\":50,\"caption\":\"Mekulo\"},\"image\":{\"@id\":\"https:\/\/mekulo.com\/no\/#\/schema\/logo\/image\/\"}}]}<\/script>\n<!-- \/ Yoast SEO plugin. -->","yoast_head_json":{"title":"Avtakbar hj\u00f8rnebrakett - Mekulo NO","robots":{"index":"index","follow":"follow","max-snippet":"max-snippet:-1","max-image-preview":"max-image-preview:large","max-video-preview":"max-video-preview:-1"},"canonical":"https:\/\/mekulo.com\/no\/produkt\/avtakbar-hjornebrakett\/","og_locale":"nb_NO","og_type":"article","og_title":"Avtakbar hj\u00f8rnebrakett - Mekulo NO","og_description":"Denne avtakbare hj\u00f8rnebraketten gir deg en enkel og holdbar m\u00e5te \u00e5 forsterke rettvinklede forbindelser i skap, hyller, bord, stoler, garderober og mye mer. Den smarte, avtakbare konstruksjonen forhindrer skader under demontering og holder m\u00f8blene dine sterke og stabile over tid.","og_url":"https:\/\/mekulo.com\/no\/produkt\/avtakbar-hjornebrakett\/","og_site_name":"Mekulo NO","article_modified_time":"2026-01-04T18:16:58+00:00","og_image":[{"width":800,"height":800,"url":"https:\/\/mekulo.com\/no\/wp-content\/uploads\/sites\/10\/2026\/01\/eqisz8z-1.jpg","type":"image\/jpeg"}],"twitter_card":"summary_large_image","twitter_misc":{"Ansl. lesetid":"2 minutter"},"schema":{"@context":"https:\/\/schema.org","@graph":[{"@type":"WebPage","@id":"https:\/\/mekulo.com\/no\/produkt\/avtakbar-hjornebrakett\/","url":"https:\/\/mekulo.com\/no\/produkt\/avtakbar-hjornebrakett\/","name":"Avtakbar hj\u00f8rnebrakett - Mekulo NO","isPartOf":{"@id":"https:\/\/mekulo.com\/no\/#website"},"primaryImageOfPage":{"@id":"https:\/\/mekulo.com\/no\/produkt\/avtakbar-hjornebrakett\/#primaryimage"},"image":{"@id":"https:\/\/mekulo.com\/no\/produkt\/avtakbar-hjornebrakett\/#primaryimage"},"thumbnailUrl":"https:\/\/mekulo.com\/no\/wp-content\/uploads\/sites\/10\/2026\/01\/eqisz8z-1.jpg","datePublished":"2026-01-04T16:54:13+00:00","dateModified":"2026-01-04T18:16:58+00:00","breadcrumb":{"@id":"https:\/\/mekulo.com\/no\/produkt\/avtakbar-hjornebrakett\/#breadcrumb"},"inLanguage":"nb-NO","potentialAction":[{"@type":"ReadAction","target":["https:\/\/mekulo.com\/no\/produkt\/avtakbar-hjornebrakett\/"]}]},{"@type":"ImageObject","inLanguage":"nb-NO","@id":"https:\/\/mekulo.com\/no\/produkt\/avtakbar-hjornebrakett\/#primaryimage","url":"https:\/\/mekulo.com\/no\/wp-content\/uploads\/sites\/10\/2026\/01\/eqisz8z-1.jpg","contentUrl":"https:\/\/mekulo.com\/no\/wp-content\/uploads\/sites\/10\/2026\/01\/eqisz8z-1.jpg","width":800,"height":800},{"@type":"BreadcrumbList","@id":"https:\/\/mekulo.com\/no\/produkt\/avtakbar-hjornebrakett\/#breadcrumb","itemListElement":[{"@type":"ListItem","position":1,"name":"Home","item":"https:\/\/mekulo.com\/no\/"},{"@type":"ListItem","position":2,"name":"Butikk","item":"https:\/\/mekulo.com\/no\/butikk\/"},{"@type":"ListItem","position":3,"name":"Avtakbar hj\u00f8rnebrakett"}]},{"@type":"WebSite","@id":"https:\/\/mekulo.com\/no\/#website","url":"https:\/\/mekulo.com\/no\/","name":"Mekulo NO","description":"","publisher":{"@id":"https:\/\/mekulo.com\/no\/#organization"},"potentialAction":[{"@type":"SearchAction","target":{"@type":"EntryPoint","urlTemplate":"https:\/\/mekulo.com\/no\/?s={search_term_string}"},"query-input":{"@type":"PropertyValueSpecification","valueRequired":true,"valueName":"search_term_string"}}],"inLanguage":"nb-NO"},{"@type":"Organization","@id":"https:\/\/mekulo.com\/no\/#organization","name":"Mekulo","url":"https:\/\/mekulo.com\/no\/","logo":{"@type":"ImageObject","inLanguage":"nb-NO","@id":"https:\/\/mekulo.com\/no\/#\/schema\/logo\/image\/","url":"https:\/\/mekulo.com\/no\/wp-content\/uploads\/sites\/10\/2025\/12\/favicon_mekulo.png","contentUrl":"https:\/\/mekulo.com\/no\/wp-content\/uploads\/sites\/10\/2025\/12\/favicon_mekulo.png","width":50,"height":50,"caption":"Mekulo"},"image":{"@id":"https:\/\/mekulo.com\/no\/#\/schema\/logo\/image\/"}}]}},"_links":{"self":[{"href":"https:\/\/mekulo.com\/no\/wp-json\/wp\/v2\/product\/14324","targetHints":{"allow":["GET"]}}],"collection":[{"href":"https:\/\/mekulo.com\/no\/wp-json\/wp\/v2\/product"}],"about":[{"href":"https:\/\/mekulo.com\/no\/wp-json\/wp\/v2\/types\/product"}],"replies":[{"embeddable":true,"href":"https:\/\/mekulo.com\/no\/wp-json\/wp\/v2\/comments?post=14324"}],"wp:featuredmedia":[{"embeddable":true,"href":"https:\/\/mekulo.com\/no\/wp-json\/wp\/v2\/media\/14320"}],"wp:attachment":[{"href":"https:\/\/mekulo.com\/no\/wp-json\/wp\/v2\/media?parent=14324"}],"wp:term":[{"taxonomy":"product_brand","embeddable":true,"href":"https:\/\/mekulo.com\/no\/wp-json\/wp\/v2\/product_brand?post=14324"},{"taxonomy":"product_cat","embeddable":true,"href":"https:\/\/mekulo.com\/no\/wp-json\/wp\/v2\/product_cat?post=14324"},{"taxonomy":"product_tag","embeddable":true,"href":"https:\/\/mekulo.com\/no\/wp-json\/wp\/v2\/product_tag?post=14324"}],"curies":[{"name":"wp","href":"https:\/\/api.w.org\/{rel}","templated":true}]}}