{"id":14309,"date":"2026-01-04T18:52:54","date_gmt":"2026-01-04T16:52:54","guid":{"rendered":"https:\/\/mekulo.com\/no\/produkt\/kattebandsett\/"},"modified":"2026-01-04T18:53:04","modified_gmt":"2026-01-04T16:53:04","slug":"kattebandsett","status":"publish","type":"product","link":"https:\/\/mekulo.com\/no\/produkt\/kattebandsett\/","title":{"rendered":"Katteb\u00e5ndsett"},"content":{"rendered":"<h2 style=\"text-align: center\">\ud83d\udc31 Trygt, stilig og komfortabelt! \ud83e\uddba<\/h2>\n<p><img decoding=\"async\" class=\"alignnone size-medium wp-image-10632 aligncenter\" src=\"https:\/\/keluvo.com\/template\/wp-content\/uploads\/sites\/5\/2025\/02\/S95435d26204f4842b639ac4487cc4a0aT.jpg_960x960q75.jpg_.jpeg\" alt=\"\" \/><\/p>\n<h2 style=\"text-align: center\">Enkelt \u00e5 ta p\u00e5<\/h2>\n<p style=\"text-align: center\">Bare vikle den rundt kj\u00e6ledyret ditt, l\u00e5s den inn og fest b\u00e5ndet. Ekstremt enkelt og enkelt!<\/p>\n<p><img decoding=\"async\" class=\"size-full wp-image-14593 aligncenter\" src=\"https:\/\/keluvo.com\/template\/wp-content\/uploads\/sites\/5\/2025\/02\/catharnessvideo-ezgif.com-gif-to-webp-converter.webp\" alt=\"\" \/><\/p>\n<h2 style=\"text-align: center\" data-start=\"341\" data-end=\"370\">\u2705 Hvorfor du vil elske det:<\/h2>\n<ul data-start=\"372\" data-end=\"1083\">\n<li class=\"\" data-start=\"372\" data-end=\"482\">\n<p class=\"\" data-start=\"374\" data-end=\"482\"><strong data-start=\"374\" data-end=\"395\">Myk Og Pustende: <\/strong>Laget av polyester og nettingduk \u2013 behagelig, lett og perfekt for kattens pels.<\/p>\n<\/li>\n<li class=\"\" data-start=\"484\" data-end=\"613\">\n<p class=\"\" data-start=\"486\" data-end=\"613\"><strong data-start=\"486\" data-end=\"510\">Den Spesielle 4-Punktsdesignen Sprer Trykket, Slik At Katten Din Ikke F\u00f8ler Noe Ubehag N\u00e5r Du Trekker Forsiktig.<\/strong><\/p>\n<\/li>\n<li class=\"\" data-start=\"615\" data-end=\"736\">\n<p class=\"\" data-start=\"617\" data-end=\"736\"><strong data-start=\"617\" data-end=\"640\">Justerbar Og Sikker: <\/strong>Leveres med en 38 mm nylonl\u00e5s og en spenne i sikkerhetsbelte-stil for \u00e5 passe godt og forhindre r\u00f8mming.<\/p>\n<\/li>\n<li class=\"\" data-start=\"738\" data-end=\"829\">\n<p class=\"\" data-start=\"740\" data-end=\"829\"><strong data-start=\"740\" data-end=\"756\">Lett \u00c5 Bruke: <\/strong>Bare fest det p\u00e5, juster st\u00f8rrelsen, og du er klar til \u00e5 g\u00e5 p\u00e5 sekunder!<\/p>\n<\/li>\n<li class=\"\" data-start=\"831\" data-end=\"971\">\n<p class=\"\" data-start=\"833\" data-end=\"971\"><strong data-start=\"833\" data-end=\"853\">Sterk Og Stilig: <\/strong>Har en sterk D-spenne i metall som ikke ruster, og et s\u00f8tt design i japansk stil som katten din vil se bed\u00e5rende ut i.<\/p>\n<\/li>\n<li class=\"\" data-start=\"973\" data-end=\"1083\">\n<p class=\"\" data-start=\"975\" data-end=\"1083\"><strong data-start=\"975\" data-end=\"1002\">Komfortabelt For Deg Ogs\u00e5: <\/strong>H\u00e5ndtaket er mykt og ergonomisk, slik at h\u00e5nden din f\u00f8les godt under hver tur.<\/p>\n<\/li>\n<\/ul>\n<p><img decoding=\"async\" class=\"alignnone size-medium wp-image-10631 aligncenter\" src=\"https:\/\/keluvo.com\/template\/wp-content\/uploads\/sites\/5\/2025\/02\/Sce89ebea72c4448bb63c0583d45b5acft.jpg_960x960q75.jpg_.jpeg\" alt=\"\" \/><\/p>\n<h2 style=\"text-align: center\" data-start=\"1090\" data-end=\"1127\">\ud83d\udce6 Hva er inne i pakken:<\/h2>\n<ul data-start=\"1129\" data-end=\"1262\">\n<li class=\"\" data-start=\"1129\" data-end=\"1161\">\n<p class=\"\" data-start=\"1131\" data-end=\"1161\">1x kattesele og b\u00e5nd sett<\/p>\n<\/li>\n<\/ul>\n","protected":false},"excerpt":{"rendered":"<p>Dette katteb\u00e5ndet er mykt, pustende og designet for \u00e5 holde katten din komfortabel og sikker. Enten det er en spasertur i hagen eller et lite utend\u00f8rs eventyr, gj\u00f8r denne selen hver tur stressfri og morsom.<\/p>\n","protected":false},"featured_media":14305,"comment_status":"open","ping_status":"closed","template":"","meta":{"site-sidebar-layout":"default","site-content-layout":"","ast-site-content-layout":"default","site-content-style":"default","site-sidebar-style":"default","ast-global-header-display":"","ast-banner-title-visibility":"","ast-main-header-display":"","ast-hfb-above-header-display":"","ast-hfb-below-header-display":"","ast-hfb-mobile-header-display":"","site-post-title":"","ast-breadcrumbs-content":"","ast-featured-img":"","footer-sml-layout":"","theme-transparent-header-meta":"default","adv-header-id-meta":"","stick-header-meta":"","header-above-stick-meta":"","header-main-stick-meta":"","header-below-stick-meta":"","astra-migrate-meta-layouts":"set","ast-page-background-enabled":"default","ast-page-background-meta":{"desktop":{"background-color":"var(--ast-global-color-5)","background-image":"","background-repeat":"repeat","background-position":"center center","background-size":"auto","background-attachment":"scroll","background-type":"","background-media":"","overlay-type":"","overlay-color":"","overlay-opacity":"","overlay-gradient":""},"tablet":{"background-color":"","background-image":"","background-repeat":"repeat","background-position":"center center","background-size":"auto","background-attachment":"scroll","background-type":"","background-media":"","overlay-type":"","overlay-color":"","overlay-opacity":"","overlay-gradient":""},"mobile":{"background-color":"","background-image":"","background-repeat":"repeat","background-position":"center center","background-size":"auto","background-attachment":"scroll","background-type":"","background-media":"","overlay-type":"","overlay-color":"","overlay-opacity":"","overlay-gradient":""}},"ast-content-background-meta":{"desktop":{"background-color":"var(--ast-global-color-4)","background-image":"","background-repeat":"repeat","background-position":"center center","background-size":"auto","background-attachment":"scroll","background-type":"","background-media":"","overlay-type":"","overlay-color":"","overlay-opacity":"","overlay-gradient":""},"tablet":{"background-color":"var(--ast-global-color-4)","background-image":"","background-repeat":"repeat","background-position":"center center","background-size":"auto","background-attachment":"scroll","background-type":"","background-media":"","overlay-type":"","overlay-color":"","overlay-opacity":"","overlay-gradient":""},"mobile":{"background-color":"var(--ast-global-color-4)","background-image":"","background-repeat":"repeat","background-position":"center center","background-size":"auto","background-attachment":"scroll","background-type":"","background-media":"","overlay-type":"","overlay-color":"","overlay-opacity":"","overlay-gradient":""}}},"product_brand":[],"product_cat":[169],"product_tag":[],"class_list":{"0":"post-14309","1":"product","2":"type-product","3":"status-publish","4":"has-post-thumbnail","6":"product_cat-kjaeledyrprodukter","7":"pa_41647_xr0kijm0-bla","8":"pa_41647_xr0kijm0-gronn","9":"pa_41647_xr0kijm0-rod","10":"desktop-align-left","11":"tablet-align-left","12":"mobile-align-left","14":"first","15":"instock","16":"shipping-taxable","17":"purchasable","18":"product-type-variable"},"yoast_head":"<!-- This site is optimized with the Yoast SEO plugin v26.6 - https:\/\/yoast.com\/wordpress\/plugins\/seo\/ -->\n<title>Katteb\u00e5ndsett - Mekulo NO<\/title>\n<meta name=\"robots\" content=\"index, follow, max-snippet:-1, max-image-preview:large, max-video-preview:-1\" \/>\n<link rel=\"canonical\" href=\"https:\/\/mekulo.com\/no\/produkt\/kattebandsett\/\" \/>\n<meta property=\"og:locale\" content=\"nb_NO\" \/>\n<meta property=\"og:type\" content=\"article\" \/>\n<meta property=\"og:title\" content=\"Katteb\u00e5ndsett - Mekulo NO\" \/>\n<meta property=\"og:description\" content=\"Dette katteb\u00e5ndet er mykt, pustende og designet for \u00e5 holde katten din komfortabel og sikker. Enten det er en spasertur i hagen eller et lite utend\u00f8rs eventyr, gj\u00f8r denne selen hver tur stressfri og morsom.\" \/>\n<meta property=\"og:url\" content=\"https:\/\/mekulo.com\/no\/produkt\/kattebandsett\/\" \/>\n<meta property=\"og:site_name\" content=\"Mekulo NO\" \/>\n<meta property=\"article:modified_time\" content=\"2026-01-04T16:53:04+00:00\" \/>\n<meta property=\"og:image\" content=\"https:\/\/mekulo.com\/no\/wp-content\/uploads\/sites\/10\/2026\/01\/iovzark-1.jpeg\" \/>\n\t<meta property=\"og:image:width\" content=\"800\" \/>\n\t<meta property=\"og:image:height\" content=\"800\" \/>\n\t<meta property=\"og:image:type\" content=\"image\/jpeg\" \/>\n<meta name=\"twitter:card\" content=\"summary_large_image\" \/>\n<meta name=\"twitter:label1\" content=\"Ansl. lesetid\" \/>\n\t<meta name=\"twitter:data1\" content=\"2 minutter\" \/>\n<script type=\"application\/ld+json\" class=\"yoast-schema-graph\">{\"@context\":\"https:\/\/schema.org\",\"@graph\":[{\"@type\":\"WebPage\",\"@id\":\"https:\/\/mekulo.com\/no\/produkt\/kattebandsett\/\",\"url\":\"https:\/\/mekulo.com\/no\/produkt\/kattebandsett\/\",\"name\":\"Katteb\u00e5ndsett - Mekulo NO\",\"isPartOf\":{\"@id\":\"https:\/\/mekulo.com\/no\/#website\"},\"primaryImageOfPage\":{\"@id\":\"https:\/\/mekulo.com\/no\/produkt\/kattebandsett\/#primaryimage\"},\"image\":{\"@id\":\"https:\/\/mekulo.com\/no\/produkt\/kattebandsett\/#primaryimage\"},\"thumbnailUrl\":\"https:\/\/mekulo.com\/no\/wp-content\/uploads\/sites\/10\/2026\/01\/iovzark-1.jpeg\",\"datePublished\":\"2026-01-04T16:52:54+00:00\",\"dateModified\":\"2026-01-04T16:53:04+00:00\",\"breadcrumb\":{\"@id\":\"https:\/\/mekulo.com\/no\/produkt\/kattebandsett\/#breadcrumb\"},\"inLanguage\":\"nb-NO\",\"potentialAction\":[{\"@type\":\"ReadAction\",\"target\":[\"https:\/\/mekulo.com\/no\/produkt\/kattebandsett\/\"]}]},{\"@type\":\"ImageObject\",\"inLanguage\":\"nb-NO\",\"@id\":\"https:\/\/mekulo.com\/no\/produkt\/kattebandsett\/#primaryimage\",\"url\":\"https:\/\/mekulo.com\/no\/wp-content\/uploads\/sites\/10\/2026\/01\/iovzark-1.jpeg\",\"contentUrl\":\"https:\/\/mekulo.com\/no\/wp-content\/uploads\/sites\/10\/2026\/01\/iovzark-1.jpeg\",\"width\":800,\"height\":800},{\"@type\":\"BreadcrumbList\",\"@id\":\"https:\/\/mekulo.com\/no\/produkt\/kattebandsett\/#breadcrumb\",\"itemListElement\":[{\"@type\":\"ListItem\",\"position\":1,\"name\":\"Home\",\"item\":\"https:\/\/mekulo.com\/no\/\"},{\"@type\":\"ListItem\",\"position\":2,\"name\":\"Butikk\",\"item\":\"https:\/\/mekulo.com\/no\/butikk\/\"},{\"@type\":\"ListItem\",\"position\":3,\"name\":\"Katteb\u00e5ndsett\"}]},{\"@type\":\"WebSite\",\"@id\":\"https:\/\/mekulo.com\/no\/#website\",\"url\":\"https:\/\/mekulo.com\/no\/\",\"name\":\"Mekulo NO\",\"description\":\"\",\"publisher\":{\"@id\":\"https:\/\/mekulo.com\/no\/#organization\"},\"potentialAction\":[{\"@type\":\"SearchAction\",\"target\":{\"@type\":\"EntryPoint\",\"urlTemplate\":\"https:\/\/mekulo.com\/no\/?s={search_term_string}\"},\"query-input\":{\"@type\":\"PropertyValueSpecification\",\"valueRequired\":true,\"valueName\":\"search_term_string\"}}],\"inLanguage\":\"nb-NO\"},{\"@type\":\"Organization\",\"@id\":\"https:\/\/mekulo.com\/no\/#organization\",\"name\":\"Mekulo\",\"url\":\"https:\/\/mekulo.com\/no\/\",\"logo\":{\"@type\":\"ImageObject\",\"inLanguage\":\"nb-NO\",\"@id\":\"https:\/\/mekulo.com\/no\/#\/schema\/logo\/image\/\",\"url\":\"https:\/\/mekulo.com\/no\/wp-content\/uploads\/sites\/10\/2025\/12\/favicon_mekulo.png\",\"contentUrl\":\"https:\/\/mekulo.com\/no\/wp-content\/uploads\/sites\/10\/2025\/12\/favicon_mekulo.png\",\"width\":50,\"height\":50,\"caption\":\"Mekulo\"},\"image\":{\"@id\":\"https:\/\/mekulo.com\/no\/#\/schema\/logo\/image\/\"}}]}<\/script>\n<!-- \/ Yoast SEO plugin. -->","yoast_head_json":{"title":"Katteb\u00e5ndsett - Mekulo NO","robots":{"index":"index","follow":"follow","max-snippet":"max-snippet:-1","max-image-preview":"max-image-preview:large","max-video-preview":"max-video-preview:-1"},"canonical":"https:\/\/mekulo.com\/no\/produkt\/kattebandsett\/","og_locale":"nb_NO","og_type":"article","og_title":"Katteb\u00e5ndsett - Mekulo NO","og_description":"Dette katteb\u00e5ndet er mykt, pustende og designet for \u00e5 holde katten din komfortabel og sikker. Enten det er en spasertur i hagen eller et lite utend\u00f8rs eventyr, gj\u00f8r denne selen hver tur stressfri og morsom.","og_url":"https:\/\/mekulo.com\/no\/produkt\/kattebandsett\/","og_site_name":"Mekulo NO","article_modified_time":"2026-01-04T16:53:04+00:00","og_image":[{"width":800,"height":800,"url":"https:\/\/mekulo.com\/no\/wp-content\/uploads\/sites\/10\/2026\/01\/iovzark-1.jpeg","type":"image\/jpeg"}],"twitter_card":"summary_large_image","twitter_misc":{"Ansl. lesetid":"2 minutter"},"schema":{"@context":"https:\/\/schema.org","@graph":[{"@type":"WebPage","@id":"https:\/\/mekulo.com\/no\/produkt\/kattebandsett\/","url":"https:\/\/mekulo.com\/no\/produkt\/kattebandsett\/","name":"Katteb\u00e5ndsett - Mekulo NO","isPartOf":{"@id":"https:\/\/mekulo.com\/no\/#website"},"primaryImageOfPage":{"@id":"https:\/\/mekulo.com\/no\/produkt\/kattebandsett\/#primaryimage"},"image":{"@id":"https:\/\/mekulo.com\/no\/produkt\/kattebandsett\/#primaryimage"},"thumbnailUrl":"https:\/\/mekulo.com\/no\/wp-content\/uploads\/sites\/10\/2026\/01\/iovzark-1.jpeg","datePublished":"2026-01-04T16:52:54+00:00","dateModified":"2026-01-04T16:53:04+00:00","breadcrumb":{"@id":"https:\/\/mekulo.com\/no\/produkt\/kattebandsett\/#breadcrumb"},"inLanguage":"nb-NO","potentialAction":[{"@type":"ReadAction","target":["https:\/\/mekulo.com\/no\/produkt\/kattebandsett\/"]}]},{"@type":"ImageObject","inLanguage":"nb-NO","@id":"https:\/\/mekulo.com\/no\/produkt\/kattebandsett\/#primaryimage","url":"https:\/\/mekulo.com\/no\/wp-content\/uploads\/sites\/10\/2026\/01\/iovzark-1.jpeg","contentUrl":"https:\/\/mekulo.com\/no\/wp-content\/uploads\/sites\/10\/2026\/01\/iovzark-1.jpeg","width":800,"height":800},{"@type":"BreadcrumbList","@id":"https:\/\/mekulo.com\/no\/produkt\/kattebandsett\/#breadcrumb","itemListElement":[{"@type":"ListItem","position":1,"name":"Home","item":"https:\/\/mekulo.com\/no\/"},{"@type":"ListItem","position":2,"name":"Butikk","item":"https:\/\/mekulo.com\/no\/butikk\/"},{"@type":"ListItem","position":3,"name":"Katteb\u00e5ndsett"}]},{"@type":"WebSite","@id":"https:\/\/mekulo.com\/no\/#website","url":"https:\/\/mekulo.com\/no\/","name":"Mekulo NO","description":"","publisher":{"@id":"https:\/\/mekulo.com\/no\/#organization"},"potentialAction":[{"@type":"SearchAction","target":{"@type":"EntryPoint","urlTemplate":"https:\/\/mekulo.com\/no\/?s={search_term_string}"},"query-input":{"@type":"PropertyValueSpecification","valueRequired":true,"valueName":"search_term_string"}}],"inLanguage":"nb-NO"},{"@type":"Organization","@id":"https:\/\/mekulo.com\/no\/#organization","name":"Mekulo","url":"https:\/\/mekulo.com\/no\/","logo":{"@type":"ImageObject","inLanguage":"nb-NO","@id":"https:\/\/mekulo.com\/no\/#\/schema\/logo\/image\/","url":"https:\/\/mekulo.com\/no\/wp-content\/uploads\/sites\/10\/2025\/12\/favicon_mekulo.png","contentUrl":"https:\/\/mekulo.com\/no\/wp-content\/uploads\/sites\/10\/2025\/12\/favicon_mekulo.png","width":50,"height":50,"caption":"Mekulo"},"image":{"@id":"https:\/\/mekulo.com\/no\/#\/schema\/logo\/image\/"}}]}},"_links":{"self":[{"href":"https:\/\/mekulo.com\/no\/wp-json\/wp\/v2\/product\/14309","targetHints":{"allow":["GET"]}}],"collection":[{"href":"https:\/\/mekulo.com\/no\/wp-json\/wp\/v2\/product"}],"about":[{"href":"https:\/\/mekulo.com\/no\/wp-json\/wp\/v2\/types\/product"}],"replies":[{"embeddable":true,"href":"https:\/\/mekulo.com\/no\/wp-json\/wp\/v2\/comments?post=14309"}],"wp:featuredmedia":[{"embeddable":true,"href":"https:\/\/mekulo.com\/no\/wp-json\/wp\/v2\/media\/14305"}],"wp:attachment":[{"href":"https:\/\/mekulo.com\/no\/wp-json\/wp\/v2\/media?parent=14309"}],"wp:term":[{"taxonomy":"product_brand","embeddable":true,"href":"https:\/\/mekulo.com\/no\/wp-json\/wp\/v2\/product_brand?post=14309"},{"taxonomy":"product_cat","embeddable":true,"href":"https:\/\/mekulo.com\/no\/wp-json\/wp\/v2\/product_cat?post=14309"},{"taxonomy":"product_tag","embeddable":true,"href":"https:\/\/mekulo.com\/no\/wp-json\/wp\/v2\/product_tag?post=14309"}],"curies":[{"name":"wp","href":"https:\/\/api.w.org\/{rel}","templated":true}]}}