{"id":14283,"date":"2026-01-04T18:51:20","date_gmt":"2026-01-04T16:51:20","guid":{"rendered":"https:\/\/mekulo.com\/no\/produkt\/tradlos-klippesaks\/"},"modified":"2026-03-02T12:21:23","modified_gmt":"2026-03-02T10:21:23","slug":"tradlos-klippesaks","status":"publish","type":"product","link":"https:\/\/mekulo.com\/no\/produkt\/tradlos-klippesaks\/","title":{"rendered":"Tr\u00e5dl\u00f8s klippesaks"},"content":{"rendered":"<p style=\"text-align: center;\" data-start=\"0\" data-end=\"71\"><strong data-start=\"0\" data-end=\"71\">Skj\u00e6r gjennom t\u00f8ffe materialer uten anstrengelse og med maksimal presisjon. \u2702\ufe0f<\/strong><\/p>\n<p data-start=\"73\" data-end=\"323\"><img fetchpriority=\"high\" decoding=\"async\" class=\"size-full wp-image-42037 aligncenter\" src=\"https:\/\/keluvo.com\/template\/wp-content\/uploads\/sites\/5\/2025\/11\/7ea75e07-0e4d-4c9f-97de-d94f1f948264.gif\" alt=\"\" width=\"480\" height=\"854\" \/><\/p>\n<h2 style=\"text-align: center;\" data-start=\"581\" data-end=\"600\">Hovedfordeler \ud83d\udcab<\/h2>\n<p data-start=\"355\" data-end=\"431\">\ud83d\udd18 One-touch-klipping &#8211; trykk for \u00e5 klippe, slipp for \u00e5 stoppe for full kontroll.<\/p>\n<p data-start=\"434\" data-end=\"505\">\u270b Ergonomisk komforth\u00e5ndtak &#8211; reduserer belastningen p\u00e5 hendene ved langvarig bruk.<\/p>\n<p data-start=\"508\" data-end=\"589\">\u26a1 Kraftig motor med h\u00f8y hastighet &#8211; gir jevne og presise kutt hver gang.<\/p>\n<p data-start=\"592\" data-end=\"667\">\ud83c\udf92 Lett og b\u00e6rbar &#8211; enkel \u00e5 ta med seg i verkt\u00f8ykassen eller ryggsekken.<\/p>\n<p data-start=\"670\" data-end=\"776\">\u2702\ufe0f Skj\u00e6ring i flere materialer &#8211; perfekt for papp, l\u00e6r, stoff, tepper, plast, filt og mye mer.<\/p>\n<p data-start=\"779\" data-end=\"867\">\ud83d\udee0\ufe0f Slitesterkt blad i wolframst\u00e5l &#8211; bygget for langvarig skarphet og ytelse.<\/p>\n<p data-start=\"779\" data-end=\"867\"><img decoding=\"async\" class=\"size-full wp-image-42043 aligncenter\" src=\"https:\/\/keluvo.com\/template\/wp-content\/uploads\/sites\/5\/2025\/11\/6-4.jpeg\" alt=\"\" width=\"1000\" height=\"1000\" \/><\/p>\n<h2 style=\"text-align: center;\" data-start=\"920\" data-end=\"937\">Slik bruker du verkt\u00f8yet \ud83d\udccc<\/h2>\n<ol data-start=\"894\" data-end=\"1162\">\n<li data-start=\"894\" data-end=\"944\">\n<p data-start=\"897\" data-end=\"944\">Lad saksen ved hjelp av den medf\u00f8lgende kabelen.<\/p>\n<\/li>\n<li data-start=\"945\" data-end=\"985\">\n<p data-start=\"948\" data-end=\"985\">Fest skj\u00e6rebladet ved behov.<\/p>\n<\/li>\n<li data-start=\"986\" data-end=\"1058\">\n<p data-start=\"989\" data-end=\"1058\">Hold h\u00e5ndtaket komfortabelt og plasser bladet p\u00e5 materialet.<\/p>\n<\/li>\n<li data-start=\"1059\" data-end=\"1114\">\n<p data-start=\"1062\" data-end=\"1114\">Trykk og hold knappen inne for \u00e5 klippe; slipp for \u00e5 stoppe.<\/p>\n<\/li>\n<li data-start=\"1115\" data-end=\"1162\">\n<p data-start=\"1118\" data-end=\"1162\">Etter bruk, rengj\u00f8r bladet og oppbevar det trygt.<\/p>\n<\/li>\n<\/ol>\n<h2 style=\"text-align: center;\" data-start=\"1182\" data-end=\"1204\">Produktdetaljer \ud83d\udccf<\/h2>\n<ul data-start=\"1194\" data-end=\"1523\">\n<li data-start=\"1246\" data-end=\"1276\">\n<p data-start=\"1248\" data-end=\"1276\">Batterikapasitet: 2000 mAh<\/p>\n<\/li>\n<li data-start=\"1277\" data-end=\"1329\">\n<p data-start=\"1279\" data-end=\"1329\">Motor: H\u00f8yhastighetsmotor med full kobber (15 000\/min)<\/p>\n<\/li>\n<li data-start=\"1330\" data-end=\"1356\">\n<p data-start=\"1332\" data-end=\"1356\">Kroppsmateriale: Plast<\/p>\n<\/li>\n<li data-start=\"1357\" data-end=\"1391\">\n<p data-start=\"1359\" data-end=\"1391\">Bladmateriale: Wolframst\u00e5l<\/p>\n<\/li>\n<li data-start=\"1392\" data-end=\"1523\">\n<p data-start=\"1394\" data-end=\"1413\">Kuttekapasitet:<\/p>\n<ul data-start=\"1416\" data-end=\"1523\">\n<li data-start=\"1416\" data-end=\"1434\">\n<p data-start=\"1418\" data-end=\"1434\">Stoff: 2,5 mm<\/p>\n<\/li>\n<li data-start=\"1437\" data-end=\"1451\">\n<p data-start=\"1439\" data-end=\"1451\">Felt: 6 mm<\/p>\n<\/li>\n<li data-start=\"1454\" data-end=\"1473\">\n<p data-start=\"1456\" data-end=\"1473\">L\u00e6r: 3,5 mm<\/p>\n<\/li>\n<li data-start=\"1476\" data-end=\"1502\">\n<p data-start=\"1478\" data-end=\"1502\">B\u00f8lgepapp: 5 mm<\/p>\n<\/li>\n<li data-start=\"1505\" data-end=\"1523\">\n<p data-start=\"1507\" data-end=\"1523\">Teppe: 3,5 mm<\/p>\n<\/li>\n<\/ul>\n<\/li>\n<\/ul>\n<h2 style=\"text-align: center;\" data-start=\"1374\" data-end=\"1397\">Pakken inkluderer \ud83d\udce6<\/h2>\n<ul data-start=\"1556\" data-end=\"1663\" data-is-last-node=\"\" data-is-only-node=\"\">\n<li data-start=\"1556\" data-end=\"1589\">\n<p data-start=\"1558\" data-end=\"1589\">1x tr\u00e5dl\u00f8s saks<\/p>\n<\/li>\n<li data-start=\"1590\" data-end=\"1615\">\n<p data-start=\"1592\" data-end=\"1615\">1, 2x blad i legert st\u00e5l<\/p>\n<\/li>\n<li data-start=\"1616\" data-end=\"1638\">\n<p data-start=\"1618\" data-end=\"1638\">1x ladekabel<\/p>\n<\/li>\n<li data-start=\"1639\" data-end=\"1663\" data-is-last-node=\"\">\n<p data-start=\"1641\" data-end=\"1663\" data-is-last-node=\"\">1x bruksanvisning.<\/p>\n<\/li>\n<\/ul>\n","protected":false},"excerpt":{"rendered":"<p>Denne tr\u00e5dl\u00f8se saksen gir deg rask, ren og uanstrengt klipping ved \u00e5 trykke p\u00e5 en enkelt knapp. Denne elektriske saksen er designet for komfort, b\u00e6rbarhet og kraft, og gj\u00f8r hobbyarbeid, gj\u00f8r-det-selv-prosjekter og profesjonelt arbeid enklere enn noensinne.<\/p>\n","protected":false},"featured_media":14279,"comment_status":"open","ping_status":"closed","template":"","meta":{"site-sidebar-layout":"default","site-content-layout":"","ast-site-content-layout":"default","site-content-style":"default","site-sidebar-style":"default","ast-global-header-display":"","ast-banner-title-visibility":"","ast-main-header-display":"","ast-hfb-above-header-display":"","ast-hfb-below-header-display":"","ast-hfb-mobile-header-display":"","site-post-title":"","ast-breadcrumbs-content":"","ast-featured-img":"","footer-sml-layout":"","theme-transparent-header-meta":"default","adv-header-id-meta":"","stick-header-meta":"","header-above-stick-meta":"","header-main-stick-meta":"","header-below-stick-meta":"","astra-migrate-meta-layouts":"set","ast-page-background-enabled":"default","ast-page-background-meta":{"desktop":{"background-color":"var(--ast-global-color-5)","background-image":"","background-repeat":"repeat","background-position":"center center","background-size":"auto","background-attachment":"scroll","background-type":"","background-media":"","overlay-type":"","overlay-color":"","overlay-opacity":"","overlay-gradient":""},"tablet":{"background-color":"","background-image":"","background-repeat":"repeat","background-position":"center center","background-size":"auto","background-attachment":"scroll","background-type":"","background-media":"","overlay-type":"","overlay-color":"","overlay-opacity":"","overlay-gradient":""},"mobile":{"background-color":"","background-image":"","background-repeat":"repeat","background-position":"center center","background-size":"auto","background-attachment":"scroll","background-type":"","background-media":"","overlay-type":"","overlay-color":"","overlay-opacity":"","overlay-gradient":""}},"ast-content-background-meta":{"desktop":{"background-color":"var(--ast-global-color-4)","background-image":"","background-repeat":"repeat","background-position":"center center","background-size":"auto","background-attachment":"scroll","background-type":"","background-media":"","overlay-type":"","overlay-color":"","overlay-opacity":"","overlay-gradient":""},"tablet":{"background-color":"var(--ast-global-color-4)","background-image":"","background-repeat":"repeat","background-position":"center center","background-size":"auto","background-attachment":"scroll","background-type":"","background-media":"","overlay-type":"","overlay-color":"","overlay-opacity":"","overlay-gradient":""},"mobile":{"background-color":"var(--ast-global-color-4)","background-image":"","background-repeat":"repeat","background-position":"center center","background-size":"auto","background-attachment":"scroll","background-type":"","background-media":"","overlay-type":"","overlay-color":"","overlay-opacity":"","overlay-gradient":""}}},"product_brand":[],"product_cat":[171],"product_tag":[],"class_list":{"0":"post-14283","1":"product","2":"type-product","3":"status-publish","4":"has-post-thumbnail","6":"product_cat-verktoy","7":"pa_52617_dszei1zp-ett-blad-i-legert-stal","8":"pa_52617_dszei1zp-to-kniver-i-legert-stal","9":"desktop-align-left","10":"tablet-align-left","11":"mobile-align-left","13":"first","14":"instock","15":"shipping-taxable","16":"purchasable","17":"product-type-variable"},"yoast_head":"<!-- This site is optimized with the Yoast SEO plugin v26.6 - https:\/\/yoast.com\/wordpress\/plugins\/seo\/ -->\n<title>Tr\u00e5dl\u00f8s klippesaks - Mekulo NO<\/title>\n<meta name=\"robots\" content=\"index, follow, max-snippet:-1, max-image-preview:large, max-video-preview:-1\" \/>\n<link rel=\"canonical\" href=\"https:\/\/mekulo.com\/no\/produkt\/tradlos-klippesaks\/\" \/>\n<meta property=\"og:locale\" content=\"nb_NO\" \/>\n<meta property=\"og:type\" content=\"article\" \/>\n<meta property=\"og:title\" content=\"Tr\u00e5dl\u00f8s klippesaks - Mekulo NO\" \/>\n<meta property=\"og:description\" content=\"Denne tr\u00e5dl\u00f8se saksen gir deg rask, ren og uanstrengt klipping ved \u00e5 trykke p\u00e5 en enkelt knapp. Denne elektriske saksen er designet for komfort, b\u00e6rbarhet og kraft, og gj\u00f8r hobbyarbeid, gj\u00f8r-det-selv-prosjekter og profesjonelt arbeid enklere enn noensinne.\" \/>\n<meta property=\"og:url\" content=\"https:\/\/mekulo.com\/no\/produkt\/tradlos-klippesaks\/\" \/>\n<meta property=\"og:site_name\" content=\"Mekulo NO\" \/>\n<meta property=\"article:modified_time\" content=\"2026-03-02T10:21:23+00:00\" \/>\n<meta property=\"og:image\" content=\"https:\/\/mekulo.com\/no\/wp-content\/uploads\/sites\/10\/2026\/01\/nbl48at-1.jpg\" \/>\n\t<meta property=\"og:image:width\" content=\"1080\" \/>\n\t<meta property=\"og:image:height\" content=\"1080\" \/>\n\t<meta property=\"og:image:type\" content=\"image\/jpeg\" \/>\n<meta name=\"twitter:card\" content=\"summary_large_image\" \/>\n<meta name=\"twitter:label1\" content=\"Ansl. lesetid\" \/>\n\t<meta name=\"twitter:data1\" content=\"2 minutter\" \/>\n<script type=\"application\/ld+json\" class=\"yoast-schema-graph\">{\"@context\":\"https:\/\/schema.org\",\"@graph\":[{\"@type\":\"WebPage\",\"@id\":\"https:\/\/mekulo.com\/no\/produkt\/tradlos-klippesaks\/\",\"url\":\"https:\/\/mekulo.com\/no\/produkt\/tradlos-klippesaks\/\",\"name\":\"Tr\u00e5dl\u00f8s klippesaks - Mekulo NO\",\"isPartOf\":{\"@id\":\"https:\/\/mekulo.com\/no\/#website\"},\"primaryImageOfPage\":{\"@id\":\"https:\/\/mekulo.com\/no\/produkt\/tradlos-klippesaks\/#primaryimage\"},\"image\":{\"@id\":\"https:\/\/mekulo.com\/no\/produkt\/tradlos-klippesaks\/#primaryimage\"},\"thumbnailUrl\":\"https:\/\/mekulo.com\/no\/wp-content\/uploads\/sites\/10\/2026\/01\/nbl48at-1.jpg\",\"datePublished\":\"2026-01-04T16:51:20+00:00\",\"dateModified\":\"2026-03-02T10:21:23+00:00\",\"breadcrumb\":{\"@id\":\"https:\/\/mekulo.com\/no\/produkt\/tradlos-klippesaks\/#breadcrumb\"},\"inLanguage\":\"nb-NO\",\"potentialAction\":[{\"@type\":\"ReadAction\",\"target\":[\"https:\/\/mekulo.com\/no\/produkt\/tradlos-klippesaks\/\"]}]},{\"@type\":\"ImageObject\",\"inLanguage\":\"nb-NO\",\"@id\":\"https:\/\/mekulo.com\/no\/produkt\/tradlos-klippesaks\/#primaryimage\",\"url\":\"https:\/\/mekulo.com\/no\/wp-content\/uploads\/sites\/10\/2026\/01\/nbl48at-1.jpg\",\"contentUrl\":\"https:\/\/mekulo.com\/no\/wp-content\/uploads\/sites\/10\/2026\/01\/nbl48at-1.jpg\",\"width\":1080,\"height\":1080},{\"@type\":\"BreadcrumbList\",\"@id\":\"https:\/\/mekulo.com\/no\/produkt\/tradlos-klippesaks\/#breadcrumb\",\"itemListElement\":[{\"@type\":\"ListItem\",\"position\":1,\"name\":\"Home\",\"item\":\"https:\/\/mekulo.com\/no\/\"},{\"@type\":\"ListItem\",\"position\":2,\"name\":\"Butikk\",\"item\":\"https:\/\/mekulo.com\/no\/butikk\/\"},{\"@type\":\"ListItem\",\"position\":3,\"name\":\"Tr\u00e5dl\u00f8s klippesaks\"}]},{\"@type\":\"WebSite\",\"@id\":\"https:\/\/mekulo.com\/no\/#website\",\"url\":\"https:\/\/mekulo.com\/no\/\",\"name\":\"Mekulo NO\",\"description\":\"\",\"publisher\":{\"@id\":\"https:\/\/mekulo.com\/no\/#organization\"},\"potentialAction\":[{\"@type\":\"SearchAction\",\"target\":{\"@type\":\"EntryPoint\",\"urlTemplate\":\"https:\/\/mekulo.com\/no\/?s={search_term_string}\"},\"query-input\":{\"@type\":\"PropertyValueSpecification\",\"valueRequired\":true,\"valueName\":\"search_term_string\"}}],\"inLanguage\":\"nb-NO\"},{\"@type\":\"Organization\",\"@id\":\"https:\/\/mekulo.com\/no\/#organization\",\"name\":\"Mekulo\",\"url\":\"https:\/\/mekulo.com\/no\/\",\"logo\":{\"@type\":\"ImageObject\",\"inLanguage\":\"nb-NO\",\"@id\":\"https:\/\/mekulo.com\/no\/#\/schema\/logo\/image\/\",\"url\":\"https:\/\/mekulo.com\/no\/wp-content\/uploads\/sites\/10\/2025\/12\/favicon_mekulo.png\",\"contentUrl\":\"https:\/\/mekulo.com\/no\/wp-content\/uploads\/sites\/10\/2025\/12\/favicon_mekulo.png\",\"width\":50,\"height\":50,\"caption\":\"Mekulo\"},\"image\":{\"@id\":\"https:\/\/mekulo.com\/no\/#\/schema\/logo\/image\/\"}}]}<\/script>\n<!-- \/ Yoast SEO plugin. -->","yoast_head_json":{"title":"Tr\u00e5dl\u00f8s klippesaks - Mekulo NO","robots":{"index":"index","follow":"follow","max-snippet":"max-snippet:-1","max-image-preview":"max-image-preview:large","max-video-preview":"max-video-preview:-1"},"canonical":"https:\/\/mekulo.com\/no\/produkt\/tradlos-klippesaks\/","og_locale":"nb_NO","og_type":"article","og_title":"Tr\u00e5dl\u00f8s klippesaks - Mekulo NO","og_description":"Denne tr\u00e5dl\u00f8se saksen gir deg rask, ren og uanstrengt klipping ved \u00e5 trykke p\u00e5 en enkelt knapp. Denne elektriske saksen er designet for komfort, b\u00e6rbarhet og kraft, og gj\u00f8r hobbyarbeid, gj\u00f8r-det-selv-prosjekter og profesjonelt arbeid enklere enn noensinne.","og_url":"https:\/\/mekulo.com\/no\/produkt\/tradlos-klippesaks\/","og_site_name":"Mekulo NO","article_modified_time":"2026-03-02T10:21:23+00:00","og_image":[{"width":1080,"height":1080,"url":"https:\/\/mekulo.com\/no\/wp-content\/uploads\/sites\/10\/2026\/01\/nbl48at-1.jpg","type":"image\/jpeg"}],"twitter_card":"summary_large_image","twitter_misc":{"Ansl. lesetid":"2 minutter"},"schema":{"@context":"https:\/\/schema.org","@graph":[{"@type":"WebPage","@id":"https:\/\/mekulo.com\/no\/produkt\/tradlos-klippesaks\/","url":"https:\/\/mekulo.com\/no\/produkt\/tradlos-klippesaks\/","name":"Tr\u00e5dl\u00f8s klippesaks - Mekulo NO","isPartOf":{"@id":"https:\/\/mekulo.com\/no\/#website"},"primaryImageOfPage":{"@id":"https:\/\/mekulo.com\/no\/produkt\/tradlos-klippesaks\/#primaryimage"},"image":{"@id":"https:\/\/mekulo.com\/no\/produkt\/tradlos-klippesaks\/#primaryimage"},"thumbnailUrl":"https:\/\/mekulo.com\/no\/wp-content\/uploads\/sites\/10\/2026\/01\/nbl48at-1.jpg","datePublished":"2026-01-04T16:51:20+00:00","dateModified":"2026-03-02T10:21:23+00:00","breadcrumb":{"@id":"https:\/\/mekulo.com\/no\/produkt\/tradlos-klippesaks\/#breadcrumb"},"inLanguage":"nb-NO","potentialAction":[{"@type":"ReadAction","target":["https:\/\/mekulo.com\/no\/produkt\/tradlos-klippesaks\/"]}]},{"@type":"ImageObject","inLanguage":"nb-NO","@id":"https:\/\/mekulo.com\/no\/produkt\/tradlos-klippesaks\/#primaryimage","url":"https:\/\/mekulo.com\/no\/wp-content\/uploads\/sites\/10\/2026\/01\/nbl48at-1.jpg","contentUrl":"https:\/\/mekulo.com\/no\/wp-content\/uploads\/sites\/10\/2026\/01\/nbl48at-1.jpg","width":1080,"height":1080},{"@type":"BreadcrumbList","@id":"https:\/\/mekulo.com\/no\/produkt\/tradlos-klippesaks\/#breadcrumb","itemListElement":[{"@type":"ListItem","position":1,"name":"Home","item":"https:\/\/mekulo.com\/no\/"},{"@type":"ListItem","position":2,"name":"Butikk","item":"https:\/\/mekulo.com\/no\/butikk\/"},{"@type":"ListItem","position":3,"name":"Tr\u00e5dl\u00f8s klippesaks"}]},{"@type":"WebSite","@id":"https:\/\/mekulo.com\/no\/#website","url":"https:\/\/mekulo.com\/no\/","name":"Mekulo NO","description":"","publisher":{"@id":"https:\/\/mekulo.com\/no\/#organization"},"potentialAction":[{"@type":"SearchAction","target":{"@type":"EntryPoint","urlTemplate":"https:\/\/mekulo.com\/no\/?s={search_term_string}"},"query-input":{"@type":"PropertyValueSpecification","valueRequired":true,"valueName":"search_term_string"}}],"inLanguage":"nb-NO"},{"@type":"Organization","@id":"https:\/\/mekulo.com\/no\/#organization","name":"Mekulo","url":"https:\/\/mekulo.com\/no\/","logo":{"@type":"ImageObject","inLanguage":"nb-NO","@id":"https:\/\/mekulo.com\/no\/#\/schema\/logo\/image\/","url":"https:\/\/mekulo.com\/no\/wp-content\/uploads\/sites\/10\/2025\/12\/favicon_mekulo.png","contentUrl":"https:\/\/mekulo.com\/no\/wp-content\/uploads\/sites\/10\/2025\/12\/favicon_mekulo.png","width":50,"height":50,"caption":"Mekulo"},"image":{"@id":"https:\/\/mekulo.com\/no\/#\/schema\/logo\/image\/"}}]}},"_links":{"self":[{"href":"https:\/\/mekulo.com\/no\/wp-json\/wp\/v2\/product\/14283","targetHints":{"allow":["GET"]}}],"collection":[{"href":"https:\/\/mekulo.com\/no\/wp-json\/wp\/v2\/product"}],"about":[{"href":"https:\/\/mekulo.com\/no\/wp-json\/wp\/v2\/types\/product"}],"replies":[{"embeddable":true,"href":"https:\/\/mekulo.com\/no\/wp-json\/wp\/v2\/comments?post=14283"}],"wp:featuredmedia":[{"embeddable":true,"href":"https:\/\/mekulo.com\/no\/wp-json\/wp\/v2\/media\/14279"}],"wp:attachment":[{"href":"https:\/\/mekulo.com\/no\/wp-json\/wp\/v2\/media?parent=14283"}],"wp:term":[{"taxonomy":"product_brand","embeddable":true,"href":"https:\/\/mekulo.com\/no\/wp-json\/wp\/v2\/product_brand?post=14283"},{"taxonomy":"product_cat","embeddable":true,"href":"https:\/\/mekulo.com\/no\/wp-json\/wp\/v2\/product_cat?post=14283"},{"taxonomy":"product_tag","embeddable":true,"href":"https:\/\/mekulo.com\/no\/wp-json\/wp\/v2\/product_tag?post=14283"}],"curies":[{"name":"wp","href":"https:\/\/api.w.org\/{rel}","templated":true}]}}