{"id":14274,"date":"2026-01-04T18:50:20","date_gmt":"2026-01-04T16:50:20","guid":{"rendered":"https:\/\/mekulo.com\/no\/produkt\/utviskbart-multiplikasjonsspill\/"},"modified":"2026-01-04T20:09:56","modified_gmt":"2026-01-04T18:09:56","slug":"utviskbart-multiplikasjonsspill","status":"publish","type":"product","link":"https:\/\/mekulo.com\/no\/produkt\/utviskbart-multiplikasjonsspill\/","title":{"rendered":"Utviskbart multiplikasjonsspill"},"content":{"rendered":"<p style=\"text-align: center;\" data-start=\"0\" data-end=\"66\"><strong data-start=\"0\" data-end=\"64\">Gj\u00f8r det morsomt, fargerikt og stressfritt \u00e5 l\u00e6re multiplikasjon. \ud83e\udde0<\/strong><\/p>\n<p data-start=\"68\" data-end=\"317\"><img decoding=\"async\" class=\"size-full wp-image-41309 aligncenter\" src=\"https:\/\/keluvo.com\/template\/wp-content\/uploads\/sites\/5\/2025\/11\/1022-ezgif.com-video-to-webp-converter-4.webp\" alt=\"\" \/><\/p>\n<h2 style=\"text-align: center;\" data-start=\"581\" data-end=\"600\">Hovedfordeler \ud83d\udcab<\/h2>\n<p data-start=\"349\" data-end=\"451\">\ud83e\udde0 \u00d8ker matteferdighetene &#8211; Hjelper barn med \u00e5 styrke hukommelsen og multiplisere raskere med daglig \u00f8velse.<\/p>\n<p data-start=\"454\" data-end=\"543\">\ud83c\udfa8 Fargerik og engasjerende &#8211; Lyse farger gj\u00f8r l\u00e6ringen morsom og hjelper barna med \u00e5 holde fokus.<\/p>\n<p data-start=\"546\" data-end=\"626\">\u270f\ufe0f Skriv-og-t\u00f8rk-design &#8211; \u00d8v i det uendelige &#8211; bare slett og begynn p\u00e5 nytt.<\/p>\n<p data-start=\"629\" data-end=\"750\">\ud83e\uddf2 Sitter uten lim &#8211; Elektrostatisk adsorpsjon gj\u00f8r at den fester seg til vegger, bord, kj\u00f8leskap og mer uten rester.<\/p>\n<p data-start=\"753\" data-end=\"842\">\ud83d\udcaa Slitesterkt materiale &#8211; Laget av tykk PVC som motst\u00e5r avskalling, falming og riving.<\/p>\n<p data-start=\"845\" data-end=\"948\">\ud83d\udc4b Praktisk l\u00e6ring &#8211; Oppmuntrer til aktiv deltakelse, \u00f8ker selvtilliten og entusiasmen for matematikk.<\/p>\n<p data-start=\"845\" data-end=\"948\"><img fetchpriority=\"high\" decoding=\"async\" class=\"size-full wp-image-41306 aligncenter\" src=\"https:\/\/keluvo.com\/template\/wp-content\/uploads\/sites\/5\/2025\/11\/4-3.jpeg\" alt=\"\" width=\"750\" height=\"1000\" \/><\/p>\n<h2 style=\"text-align: center;\" data-start=\"920\" data-end=\"937\">Slik bruker du verkt\u00f8yet \ud83d\udccc<\/h2>\n<ol data-start=\"975\" data-end=\"1238\">\n<li data-start=\"975\" data-end=\"1044\">\n<p data-start=\"978\" data-end=\"1044\">Velg hvilken som helst glatt overflate &#8211; vegg, skrivebord, bord, kj\u00f8leskap, whiteboardtavle.<\/p>\n<\/li>\n<li data-start=\"1045\" data-end=\"1129\">\n<p data-start=\"1048\" data-end=\"1129\">Plasser diagrammet forsiktig p\u00e5 overflaten; det festes umiddelbart med statisk tape.<\/p>\n<\/li>\n<li data-start=\"1130\" data-end=\"1203\">\n<p data-start=\"1133\" data-end=\"1203\">bruk en tusj for \u00e5 \u00f8ve p\u00e5 multiplikasjon eller l\u00f8se problemer.<\/p>\n<\/li>\n<li data-start=\"1204\" data-end=\"1238\">\n<p data-start=\"1207\" data-end=\"1238\">t\u00f8rk av og bruk p\u00e5 nytt n\u00e5r som helst.<\/p>\n<\/li>\n<\/ol>\n<h2 style=\"text-align: center;\" data-start=\"1182\" data-end=\"1204\">Produktdetaljer \ud83d\udccf<\/h2>\n<ul data-start=\"1270\" data-end=\"1482\">\n<li data-start=\"1270\" data-end=\"1321\">\n<p data-start=\"1272\" data-end=\"1321\">Materiale: PVC (slitesterk, skrivbar, slettbar)<\/p>\n<\/li>\n<li data-start=\"1322\" data-end=\"1378\">\n<p data-start=\"1324\" data-end=\"1378\">St\u00f8rrelse: 80 x 40 x 0,02 cm<\/p>\n<\/li>\n<li data-start=\"1379\" data-end=\"1420\">\n<p data-start=\"1381\" data-end=\"1420\">Stil: Fargemultiplikasjonstabell<\/p>\n<\/li>\n<li data-start=\"1421\" data-end=\"1482\">\n<p data-start=\"1423\" data-end=\"1482\">Installasjon: Elektrostatisk adsorpsjon &#8211; ingen lim n\u00f8dvendig<\/p>\n<\/li>\n<\/ul>\n<h2 style=\"text-align: center;\" data-start=\"1374\" data-end=\"1397\">Pakken inkluderer \ud83d\udce6<\/h2>\n<ul data-start=\"1515\" data-end=\"1564\">\n<li data-start=\"1515\" data-end=\"1564\">\n<p data-start=\"1517\" data-end=\"1564\">1x t\u00f8rt slettbart fargemultiplikasjonsspill.<\/p>\n<\/li>\n<\/ul>\n","protected":false},"excerpt":{"rendered":"<p>Dette t\u00f8rrsletbare fargemultiplikasjonsspillet forvandler alle flate overflater til en interaktiv mattestasjon, og hjelper barna med \u00e5 \u00f8ve p\u00e5 multiplikasjon p\u00e5 en enkel og engasjerende m\u00e5te. Det kan gjenbrukes, er ikke s\u00f8lete og er perfekt for l\u00e6ring hjemme, p\u00e5 skolen eller p\u00e5 farten.<\/p>\n","protected":false},"featured_media":14270,"comment_status":"open","ping_status":"closed","template":"","meta":{"site-sidebar-layout":"default","site-content-layout":"","ast-site-content-layout":"default","site-content-style":"default","site-sidebar-style":"default","ast-global-header-display":"","ast-banner-title-visibility":"","ast-main-header-display":"","ast-hfb-above-header-display":"","ast-hfb-below-header-display":"","ast-hfb-mobile-header-display":"","site-post-title":"","ast-breadcrumbs-content":"","ast-featured-img":"","footer-sml-layout":"","theme-transparent-header-meta":"default","adv-header-id-meta":"","stick-header-meta":"","header-above-stick-meta":"","header-main-stick-meta":"","header-below-stick-meta":"","astra-migrate-meta-layouts":"set","ast-page-background-enabled":"default","ast-page-background-meta":{"desktop":{"background-color":"var(--ast-global-color-5)","background-image":"","background-repeat":"repeat","background-position":"center center","background-size":"auto","background-attachment":"scroll","background-type":"","background-media":"","overlay-type":"","overlay-color":"","overlay-opacity":"","overlay-gradient":""},"tablet":{"background-color":"","background-image":"","background-repeat":"repeat","background-position":"center center","background-size":"auto","background-attachment":"scroll","background-type":"","background-media":"","overlay-type":"","overlay-color":"","overlay-opacity":"","overlay-gradient":""},"mobile":{"background-color":"","background-image":"","background-repeat":"repeat","background-position":"center center","background-size":"auto","background-attachment":"scroll","background-type":"","background-media":"","overlay-type":"","overlay-color":"","overlay-opacity":"","overlay-gradient":""}},"ast-content-background-meta":{"desktop":{"background-color":"var(--ast-global-color-4)","background-image":"","background-repeat":"repeat","background-position":"center center","background-size":"auto","background-attachment":"scroll","background-type":"","background-media":"","overlay-type":"","overlay-color":"","overlay-opacity":"","overlay-gradient":""},"tablet":{"background-color":"var(--ast-global-color-4)","background-image":"","background-repeat":"repeat","background-position":"center center","background-size":"auto","background-attachment":"scroll","background-type":"","background-media":"","overlay-type":"","overlay-color":"","overlay-opacity":"","overlay-gradient":""},"mobile":{"background-color":"var(--ast-global-color-4)","background-image":"","background-repeat":"repeat","background-position":"center center","background-size":"auto","background-attachment":"scroll","background-type":"","background-media":"","overlay-type":"","overlay-color":"","overlay-opacity":"","overlay-gradient":""}}},"product_brand":[],"product_cat":[172],"product_tag":[],"class_list":{"0":"post-14274","1":"product","2":"type-product","3":"status-publish","4":"has-post-thumbnail","6":"product_cat-leker-barne-og-babyprodukter","7":"desktop-align-left","8":"tablet-align-left","9":"mobile-align-left","11":"first","12":"instock","13":"shipping-taxable","14":"purchasable","15":"product-type-simple"},"yoast_head":"<!-- This site is optimized with the Yoast SEO plugin v26.6 - https:\/\/yoast.com\/wordpress\/plugins\/seo\/ -->\n<title>Utviskbart multiplikasjonsspill - Mekulo NO<\/title>\n<meta name=\"robots\" content=\"index, follow, max-snippet:-1, max-image-preview:large, max-video-preview:-1\" \/>\n<link rel=\"canonical\" href=\"https:\/\/mekulo.com\/no\/produkt\/utviskbart-multiplikasjonsspill\/\" \/>\n<meta property=\"og:locale\" content=\"nb_NO\" \/>\n<meta property=\"og:type\" content=\"article\" \/>\n<meta property=\"og:title\" content=\"Utviskbart multiplikasjonsspill - Mekulo NO\" \/>\n<meta property=\"og:description\" content=\"Dette t\u00f8rrsletbare fargemultiplikasjonsspillet forvandler alle flate overflater til en interaktiv mattestasjon, og hjelper barna med \u00e5 \u00f8ve p\u00e5 multiplikasjon p\u00e5 en enkel og engasjerende m\u00e5te. Det kan gjenbrukes, er ikke s\u00f8lete og er perfekt for l\u00e6ring hjemme, p\u00e5 skolen eller p\u00e5 farten.\" \/>\n<meta property=\"og:url\" content=\"https:\/\/mekulo.com\/no\/produkt\/utviskbart-multiplikasjonsspill\/\" \/>\n<meta property=\"og:site_name\" content=\"Mekulo NO\" \/>\n<meta property=\"article:modified_time\" content=\"2026-01-04T18:09:56+00:00\" \/>\n<meta property=\"og:image\" content=\"https:\/\/mekulo.com\/no\/wp-content\/uploads\/sites\/10\/2026\/01\/60btkt0-1.jpeg\" \/>\n\t<meta property=\"og:image:width\" content=\"1601\" \/>\n\t<meta property=\"og:image:height\" content=\"1601\" \/>\n\t<meta property=\"og:image:type\" content=\"image\/jpeg\" \/>\n<meta name=\"twitter:card\" content=\"summary_large_image\" \/>\n<meta name=\"twitter:label1\" content=\"Ansl. lesetid\" \/>\n\t<meta name=\"twitter:data1\" content=\"2 minutter\" \/>\n<script type=\"application\/ld+json\" class=\"yoast-schema-graph\">{\"@context\":\"https:\/\/schema.org\",\"@graph\":[{\"@type\":\"WebPage\",\"@id\":\"https:\/\/mekulo.com\/no\/produkt\/utviskbart-multiplikasjonsspill\/\",\"url\":\"https:\/\/mekulo.com\/no\/produkt\/utviskbart-multiplikasjonsspill\/\",\"name\":\"Utviskbart multiplikasjonsspill - Mekulo NO\",\"isPartOf\":{\"@id\":\"https:\/\/mekulo.com\/no\/#website\"},\"primaryImageOfPage\":{\"@id\":\"https:\/\/mekulo.com\/no\/produkt\/utviskbart-multiplikasjonsspill\/#primaryimage\"},\"image\":{\"@id\":\"https:\/\/mekulo.com\/no\/produkt\/utviskbart-multiplikasjonsspill\/#primaryimage\"},\"thumbnailUrl\":\"https:\/\/mekulo.com\/no\/wp-content\/uploads\/sites\/10\/2026\/01\/60btkt0-1.jpeg\",\"datePublished\":\"2026-01-04T16:50:20+00:00\",\"dateModified\":\"2026-01-04T18:09:56+00:00\",\"breadcrumb\":{\"@id\":\"https:\/\/mekulo.com\/no\/produkt\/utviskbart-multiplikasjonsspill\/#breadcrumb\"},\"inLanguage\":\"nb-NO\",\"potentialAction\":[{\"@type\":\"ReadAction\",\"target\":[\"https:\/\/mekulo.com\/no\/produkt\/utviskbart-multiplikasjonsspill\/\"]}]},{\"@type\":\"ImageObject\",\"inLanguage\":\"nb-NO\",\"@id\":\"https:\/\/mekulo.com\/no\/produkt\/utviskbart-multiplikasjonsspill\/#primaryimage\",\"url\":\"https:\/\/mekulo.com\/no\/wp-content\/uploads\/sites\/10\/2026\/01\/60btkt0-1.jpeg\",\"contentUrl\":\"https:\/\/mekulo.com\/no\/wp-content\/uploads\/sites\/10\/2026\/01\/60btkt0-1.jpeg\",\"width\":1601,\"height\":1601},{\"@type\":\"BreadcrumbList\",\"@id\":\"https:\/\/mekulo.com\/no\/produkt\/utviskbart-multiplikasjonsspill\/#breadcrumb\",\"itemListElement\":[{\"@type\":\"ListItem\",\"position\":1,\"name\":\"Home\",\"item\":\"https:\/\/mekulo.com\/no\/\"},{\"@type\":\"ListItem\",\"position\":2,\"name\":\"Butikk\",\"item\":\"https:\/\/mekulo.com\/no\/butikk\/\"},{\"@type\":\"ListItem\",\"position\":3,\"name\":\"Utviskbart multiplikasjonsspill\"}]},{\"@type\":\"WebSite\",\"@id\":\"https:\/\/mekulo.com\/no\/#website\",\"url\":\"https:\/\/mekulo.com\/no\/\",\"name\":\"Mekulo NO\",\"description\":\"\",\"publisher\":{\"@id\":\"https:\/\/mekulo.com\/no\/#organization\"},\"potentialAction\":[{\"@type\":\"SearchAction\",\"target\":{\"@type\":\"EntryPoint\",\"urlTemplate\":\"https:\/\/mekulo.com\/no\/?s={search_term_string}\"},\"query-input\":{\"@type\":\"PropertyValueSpecification\",\"valueRequired\":true,\"valueName\":\"search_term_string\"}}],\"inLanguage\":\"nb-NO\"},{\"@type\":\"Organization\",\"@id\":\"https:\/\/mekulo.com\/no\/#organization\",\"name\":\"Mekulo\",\"url\":\"https:\/\/mekulo.com\/no\/\",\"logo\":{\"@type\":\"ImageObject\",\"inLanguage\":\"nb-NO\",\"@id\":\"https:\/\/mekulo.com\/no\/#\/schema\/logo\/image\/\",\"url\":\"https:\/\/mekulo.com\/no\/wp-content\/uploads\/sites\/10\/2025\/12\/favicon_mekulo.png\",\"contentUrl\":\"https:\/\/mekulo.com\/no\/wp-content\/uploads\/sites\/10\/2025\/12\/favicon_mekulo.png\",\"width\":50,\"height\":50,\"caption\":\"Mekulo\"},\"image\":{\"@id\":\"https:\/\/mekulo.com\/no\/#\/schema\/logo\/image\/\"}}]}<\/script>\n<!-- \/ Yoast SEO plugin. -->","yoast_head_json":{"title":"Utviskbart multiplikasjonsspill - Mekulo NO","robots":{"index":"index","follow":"follow","max-snippet":"max-snippet:-1","max-image-preview":"max-image-preview:large","max-video-preview":"max-video-preview:-1"},"canonical":"https:\/\/mekulo.com\/no\/produkt\/utviskbart-multiplikasjonsspill\/","og_locale":"nb_NO","og_type":"article","og_title":"Utviskbart multiplikasjonsspill - Mekulo NO","og_description":"Dette t\u00f8rrsletbare fargemultiplikasjonsspillet forvandler alle flate overflater til en interaktiv mattestasjon, og hjelper barna med \u00e5 \u00f8ve p\u00e5 multiplikasjon p\u00e5 en enkel og engasjerende m\u00e5te. Det kan gjenbrukes, er ikke s\u00f8lete og er perfekt for l\u00e6ring hjemme, p\u00e5 skolen eller p\u00e5 farten.","og_url":"https:\/\/mekulo.com\/no\/produkt\/utviskbart-multiplikasjonsspill\/","og_site_name":"Mekulo NO","article_modified_time":"2026-01-04T18:09:56+00:00","og_image":[{"width":1601,"height":1601,"url":"https:\/\/mekulo.com\/no\/wp-content\/uploads\/sites\/10\/2026\/01\/60btkt0-1.jpeg","type":"image\/jpeg"}],"twitter_card":"summary_large_image","twitter_misc":{"Ansl. lesetid":"2 minutter"},"schema":{"@context":"https:\/\/schema.org","@graph":[{"@type":"WebPage","@id":"https:\/\/mekulo.com\/no\/produkt\/utviskbart-multiplikasjonsspill\/","url":"https:\/\/mekulo.com\/no\/produkt\/utviskbart-multiplikasjonsspill\/","name":"Utviskbart multiplikasjonsspill - Mekulo NO","isPartOf":{"@id":"https:\/\/mekulo.com\/no\/#website"},"primaryImageOfPage":{"@id":"https:\/\/mekulo.com\/no\/produkt\/utviskbart-multiplikasjonsspill\/#primaryimage"},"image":{"@id":"https:\/\/mekulo.com\/no\/produkt\/utviskbart-multiplikasjonsspill\/#primaryimage"},"thumbnailUrl":"https:\/\/mekulo.com\/no\/wp-content\/uploads\/sites\/10\/2026\/01\/60btkt0-1.jpeg","datePublished":"2026-01-04T16:50:20+00:00","dateModified":"2026-01-04T18:09:56+00:00","breadcrumb":{"@id":"https:\/\/mekulo.com\/no\/produkt\/utviskbart-multiplikasjonsspill\/#breadcrumb"},"inLanguage":"nb-NO","potentialAction":[{"@type":"ReadAction","target":["https:\/\/mekulo.com\/no\/produkt\/utviskbart-multiplikasjonsspill\/"]}]},{"@type":"ImageObject","inLanguage":"nb-NO","@id":"https:\/\/mekulo.com\/no\/produkt\/utviskbart-multiplikasjonsspill\/#primaryimage","url":"https:\/\/mekulo.com\/no\/wp-content\/uploads\/sites\/10\/2026\/01\/60btkt0-1.jpeg","contentUrl":"https:\/\/mekulo.com\/no\/wp-content\/uploads\/sites\/10\/2026\/01\/60btkt0-1.jpeg","width":1601,"height":1601},{"@type":"BreadcrumbList","@id":"https:\/\/mekulo.com\/no\/produkt\/utviskbart-multiplikasjonsspill\/#breadcrumb","itemListElement":[{"@type":"ListItem","position":1,"name":"Home","item":"https:\/\/mekulo.com\/no\/"},{"@type":"ListItem","position":2,"name":"Butikk","item":"https:\/\/mekulo.com\/no\/butikk\/"},{"@type":"ListItem","position":3,"name":"Utviskbart multiplikasjonsspill"}]},{"@type":"WebSite","@id":"https:\/\/mekulo.com\/no\/#website","url":"https:\/\/mekulo.com\/no\/","name":"Mekulo NO","description":"","publisher":{"@id":"https:\/\/mekulo.com\/no\/#organization"},"potentialAction":[{"@type":"SearchAction","target":{"@type":"EntryPoint","urlTemplate":"https:\/\/mekulo.com\/no\/?s={search_term_string}"},"query-input":{"@type":"PropertyValueSpecification","valueRequired":true,"valueName":"search_term_string"}}],"inLanguage":"nb-NO"},{"@type":"Organization","@id":"https:\/\/mekulo.com\/no\/#organization","name":"Mekulo","url":"https:\/\/mekulo.com\/no\/","logo":{"@type":"ImageObject","inLanguage":"nb-NO","@id":"https:\/\/mekulo.com\/no\/#\/schema\/logo\/image\/","url":"https:\/\/mekulo.com\/no\/wp-content\/uploads\/sites\/10\/2025\/12\/favicon_mekulo.png","contentUrl":"https:\/\/mekulo.com\/no\/wp-content\/uploads\/sites\/10\/2025\/12\/favicon_mekulo.png","width":50,"height":50,"caption":"Mekulo"},"image":{"@id":"https:\/\/mekulo.com\/no\/#\/schema\/logo\/image\/"}}]}},"_links":{"self":[{"href":"https:\/\/mekulo.com\/no\/wp-json\/wp\/v2\/product\/14274","targetHints":{"allow":["GET"]}}],"collection":[{"href":"https:\/\/mekulo.com\/no\/wp-json\/wp\/v2\/product"}],"about":[{"href":"https:\/\/mekulo.com\/no\/wp-json\/wp\/v2\/types\/product"}],"replies":[{"embeddable":true,"href":"https:\/\/mekulo.com\/no\/wp-json\/wp\/v2\/comments?post=14274"}],"wp:featuredmedia":[{"embeddable":true,"href":"https:\/\/mekulo.com\/no\/wp-json\/wp\/v2\/media\/14270"}],"wp:attachment":[{"href":"https:\/\/mekulo.com\/no\/wp-json\/wp\/v2\/media?parent=14274"}],"wp:term":[{"taxonomy":"product_brand","embeddable":true,"href":"https:\/\/mekulo.com\/no\/wp-json\/wp\/v2\/product_brand?post=14274"},{"taxonomy":"product_cat","embeddable":true,"href":"https:\/\/mekulo.com\/no\/wp-json\/wp\/v2\/product_cat?post=14274"},{"taxonomy":"product_tag","embeddable":true,"href":"https:\/\/mekulo.com\/no\/wp-json\/wp\/v2\/product_tag?post=14274"}],"curies":[{"name":"wp","href":"https:\/\/api.w.org\/{rel}","templated":true}]}}