{"id":14261,"date":"2026-01-04T18:49:26","date_gmt":"2026-01-04T16:49:26","guid":{"rendered":"https:\/\/mekulo.com\/no\/produkt\/anti-vibrasjonsputer\/"},"modified":"2026-01-04T20:08:16","modified_gmt":"2026-01-04T18:08:16","slug":"anti-vibrasjonsputer","status":"publish","type":"product","link":"https:\/\/mekulo.com\/no\/produkt\/anti-vibrasjonsputer\/","title":{"rendered":"Anti-vibrasjonsputer"},"content":{"rendered":"<p style=\"text-align: center;\" data-start=\"0\" data-end=\"104\"><strong data-start=\"0\" data-end=\"102\">Reduser st\u00f8y, beskytt gulvene dine og hold apparatene dine stabile med disse antivibrasjonsputene. \ud83d\udd07<\/strong><\/p>\n<p data-start=\"106\" data-end=\"363\"><img fetchpriority=\"high\" decoding=\"async\" class=\" wp-image-41291 aligncenter\" src=\"https:\/\/keluvo.com\/template\/wp-content\/uploads\/sites\/5\/2025\/11\/20ba72b8a0ac403878011f95f79ba20a5c5e4816.webp\" alt=\"\" width=\"448\" height=\"597\" \/><\/p>\n<h2 style=\"text-align: center;\" data-start=\"581\" data-end=\"600\">Hovedfordeler \ud83d\udcab<\/h2>\n<p data-start=\"395\" data-end=\"500\">\ud83d\udd07 Reduserer st\u00f8y og vibrasjoner &#8211; Absorberer st\u00f8t for \u00e5 forhindre at vaskemaskinen rister eller &laquo;g\u00e5r&raquo;.<\/p>\n<p data-start=\"503\" data-end=\"614\">\ud83d\udee1\ufe0f Beskytter gulvene dine &#8211; Forhindrer riper, bulker og skrapemerker fra tunge apparater og m\u00f8bler.<\/p>\n<p data-start=\"617\" data-end=\"714\">\ud83e\uddf1 Sterkt sklisikkert grep &#8211; Holder maskinene stabile og p\u00e5 plass, selv under raske sentrifugeringssykluser.<\/p>\n<p data-start=\"717\" data-end=\"819\">\ud83d\udccf Justerbar h\u00f8yde &#8211; 8-11 cm justerbar stiger\u00f8r hjelper deg med \u00e5 utjevne maskinen din og forbedre ytelsen.<\/p>\n<p data-start=\"822\" data-end=\"921\">\ud83e\ude91 Universell bruk &#8211; Perfekt for vaskemaskiner, t\u00f8rketromler, kj\u00f8leskap, senger, bord, stoler og mye mer.<\/p>\n<p data-start=\"924\" data-end=\"1022\">\u26a1 Slitesterk konstruksjon &#8211; Fuktbestandig, t\u00f8ff og langvarig plast designet for daglig bruk.<\/p>\n<p data-start=\"924\" data-end=\"1022\"><img decoding=\"async\" class=\"size-full wp-image-41290 aligncenter\" src=\"https:\/\/keluvo.com\/template\/wp-content\/uploads\/sites\/5\/2025\/11\/bf68a58e7faa9a43af6f5c0d71db2ad3aec28bc5.avif\" alt=\"\" \/><\/p>\n<h2 style=\"text-align: center;\" data-start=\"920\" data-end=\"937\">Slik bruker du verkt\u00f8yet \ud83d\udccc<\/h2>\n<ol data-start=\"1049\" data-end=\"1285\">\n<li data-start=\"1049\" data-end=\"1115\">\n<p data-start=\"1052\" data-end=\"1115\">L\u00f8ft det ene hj\u00f8rnet av vaskemaskinen, t\u00f8rketrommelen eller m\u00f8belet.<\/p>\n<\/li>\n<li data-start=\"1116\" data-end=\"1165\">\n<p data-start=\"1119\" data-end=\"1165\">plasser antivibrasjonsputen under foten.<\/p>\n<\/li>\n<li data-start=\"1166\" data-end=\"1199\">\n<p data-start=\"1169\" data-end=\"1199\">gjenta for alle fire hj\u00f8rner.<\/p>\n<\/li>\n<li data-start=\"1200\" data-end=\"1285\">\n<p data-start=\"1203\" data-end=\"1285\">vri for \u00e5 justere h\u00f8yden (om n\u00f8dvendig) og sikre at apparatet er i vater og sikkert.<\/p>\n<\/li>\n<\/ol>\n<h2 style=\"text-align: center;\" data-start=\"1182\" data-end=\"1204\">Produktdetaljer \ud83d\udccf<\/h2>\n<ul data-start=\"1317\" data-end=\"1588\">\n<li data-start=\"1317\" data-end=\"1350\">\n<p data-start=\"1319\" data-end=\"1350\">Materiale: Slitesterk plast<\/p>\n<\/li>\n<li data-start=\"1351\" data-end=\"1370\">\n<p data-start=\"1353\" data-end=\"1370\">Farge: Bl\u00e5<\/p>\n<\/li>\n<li data-start=\"1371\" data-end=\"1393\">\n<p data-start=\"1373\" data-end=\"1393\">St\u00f8rrelse: 8-11 x 6,8 cm<\/p>\n<\/li>\n<li data-start=\"1394\" data-end=\"1426\">\n<p data-start=\"1396\" data-end=\"1426\">Kvantitet: 4, 8 stk<\/p>\n<\/li>\n<li data-start=\"1427\" data-end=\"1472\">\n<p data-start=\"1429\" data-end=\"1472\">Passer til apparatf\u00f8tter opp til 4,7 cm<\/p>\n<\/li>\n<li data-start=\"1473\" data-end=\"1507\">\n<p data-start=\"1475\" data-end=\"1507\">H\u00f8ydejustering: 8\u201311 cm<\/p>\n<\/li>\n<li data-start=\"1508\" data-end=\"1588\">\n<p data-start=\"1510\" data-end=\"1588\">Funksjoner: Vibrasjonsdempende, sklisikker, fuktbestandig, korrosjonsbestandig<\/p>\n<\/li>\n<\/ul>\n<h2 style=\"text-align: center;\" data-start=\"1374\" data-end=\"1397\">Pakken inkluderer \ud83d\udce6<\/h2>\n<ul data-start=\"1621\" data-end=\"1652\">\n<li data-start=\"1621\" data-end=\"1652\">\n<p data-start=\"1623\" data-end=\"1652\">4, 8x antivibrasjonsputer.<\/p>\n<\/li>\n<\/ul>\n","protected":false},"excerpt":{"rendered":"<p>Disse antivibrasjonsputene er utformet for \u00e5 hindre at vaskemaskinen, t\u00f8rketrommelen og m\u00f8blene dine rister, sklir eller skader gulvene. Med sterkt grep, slitesterkt materiale og justerbar h\u00f8yde gj\u00f8r de hjemmet ditt mer stilleg\u00e5ende, tryggere og enklere \u00e5 rengj\u00f8re.<\/p>\n","protected":false},"featured_media":14257,"comment_status":"open","ping_status":"closed","template":"","meta":{"site-sidebar-layout":"default","site-content-layout":"","ast-site-content-layout":"default","site-content-style":"default","site-sidebar-style":"default","ast-global-header-display":"","ast-banner-title-visibility":"","ast-main-header-display":"","ast-hfb-above-header-display":"","ast-hfb-below-header-display":"","ast-hfb-mobile-header-display":"","site-post-title":"","ast-breadcrumbs-content":"","ast-featured-img":"","footer-sml-layout":"","theme-transparent-header-meta":"default","adv-header-id-meta":"","stick-header-meta":"","header-above-stick-meta":"","header-main-stick-meta":"","header-below-stick-meta":"","astra-migrate-meta-layouts":"set","ast-page-background-enabled":"default","ast-page-background-meta":{"desktop":{"background-color":"var(--ast-global-color-5)","background-image":"","background-repeat":"repeat","background-position":"center center","background-size":"auto","background-attachment":"scroll","background-type":"","background-media":"","overlay-type":"","overlay-color":"","overlay-opacity":"","overlay-gradient":""},"tablet":{"background-color":"","background-image":"","background-repeat":"repeat","background-position":"center center","background-size":"auto","background-attachment":"scroll","background-type":"","background-media":"","overlay-type":"","overlay-color":"","overlay-opacity":"","overlay-gradient":""},"mobile":{"background-color":"","background-image":"","background-repeat":"repeat","background-position":"center center","background-size":"auto","background-attachment":"scroll","background-type":"","background-media":"","overlay-type":"","overlay-color":"","overlay-opacity":"","overlay-gradient":""}},"ast-content-background-meta":{"desktop":{"background-color":"var(--ast-global-color-4)","background-image":"","background-repeat":"repeat","background-position":"center center","background-size":"auto","background-attachment":"scroll","background-type":"","background-media":"","overlay-type":"","overlay-color":"","overlay-opacity":"","overlay-gradient":""},"tablet":{"background-color":"var(--ast-global-color-4)","background-image":"","background-repeat":"repeat","background-position":"center center","background-size":"auto","background-attachment":"scroll","background-type":"","background-media":"","overlay-type":"","overlay-color":"","overlay-opacity":"","overlay-gradient":""},"mobile":{"background-color":"var(--ast-global-color-4)","background-image":"","background-repeat":"repeat","background-position":"center center","background-size":"auto","background-attachment":"scroll","background-type":"","background-media":"","overlay-type":"","overlay-color":"","overlay-opacity":"","overlay-gradient":""}}},"product_brand":[],"product_cat":[168],"product_tag":[],"class_list":{"0":"post-14261","1":"product","2":"type-product","3":"status-publish","4":"has-post-thumbnail","6":"product_cat-husholdningsartikler","7":"pa_51241_r0gizgq9-4-stk","8":"pa_51241_r0gizgq9-8-stk","9":"desktop-align-left","10":"tablet-align-left","11":"mobile-align-left","13":"first","14":"instock","15":"shipping-taxable","16":"purchasable","17":"product-type-variable"},"yoast_head":"<!-- This site is optimized with the Yoast SEO plugin v26.6 - https:\/\/yoast.com\/wordpress\/plugins\/seo\/ -->\n<title>Anti-vibrasjonsputer - Mekulo NO<\/title>\n<meta name=\"robots\" content=\"index, follow, max-snippet:-1, max-image-preview:large, max-video-preview:-1\" \/>\n<link rel=\"canonical\" href=\"https:\/\/mekulo.com\/no\/produkt\/anti-vibrasjonsputer\/\" \/>\n<meta property=\"og:locale\" content=\"nb_NO\" \/>\n<meta property=\"og:type\" content=\"article\" \/>\n<meta property=\"og:title\" content=\"Anti-vibrasjonsputer - Mekulo NO\" \/>\n<meta property=\"og:description\" content=\"Disse antivibrasjonsputene er utformet for \u00e5 hindre at vaskemaskinen, t\u00f8rketrommelen og m\u00f8blene dine rister, sklir eller skader gulvene. Med sterkt grep, slitesterkt materiale og justerbar h\u00f8yde gj\u00f8r de hjemmet ditt mer stilleg\u00e5ende, tryggere og enklere \u00e5 rengj\u00f8re.\" \/>\n<meta property=\"og:url\" content=\"https:\/\/mekulo.com\/no\/produkt\/anti-vibrasjonsputer\/\" \/>\n<meta property=\"og:site_name\" content=\"Mekulo NO\" \/>\n<meta property=\"article:modified_time\" content=\"2026-01-04T18:08:16+00:00\" \/>\n<meta property=\"og:image\" content=\"https:\/\/mekulo.com\/no\/wp-content\/uploads\/sites\/10\/2026\/01\/m32clm6-1.jpg\" \/>\n\t<meta property=\"og:image:width\" content=\"900\" \/>\n\t<meta property=\"og:image:height\" content=\"902\" \/>\n\t<meta property=\"og:image:type\" content=\"image\/jpeg\" \/>\n<meta name=\"twitter:card\" content=\"summary_large_image\" \/>\n<meta name=\"twitter:label1\" content=\"Ansl. lesetid\" \/>\n\t<meta name=\"twitter:data1\" content=\"2 minutter\" \/>\n<script type=\"application\/ld+json\" class=\"yoast-schema-graph\">{\"@context\":\"https:\/\/schema.org\",\"@graph\":[{\"@type\":\"WebPage\",\"@id\":\"https:\/\/mekulo.com\/no\/produkt\/anti-vibrasjonsputer\/\",\"url\":\"https:\/\/mekulo.com\/no\/produkt\/anti-vibrasjonsputer\/\",\"name\":\"Anti-vibrasjonsputer - Mekulo NO\",\"isPartOf\":{\"@id\":\"https:\/\/mekulo.com\/no\/#website\"},\"primaryImageOfPage\":{\"@id\":\"https:\/\/mekulo.com\/no\/produkt\/anti-vibrasjonsputer\/#primaryimage\"},\"image\":{\"@id\":\"https:\/\/mekulo.com\/no\/produkt\/anti-vibrasjonsputer\/#primaryimage\"},\"thumbnailUrl\":\"https:\/\/mekulo.com\/no\/wp-content\/uploads\/sites\/10\/2026\/01\/m32clm6-1.jpg\",\"datePublished\":\"2026-01-04T16:49:26+00:00\",\"dateModified\":\"2026-01-04T18:08:16+00:00\",\"breadcrumb\":{\"@id\":\"https:\/\/mekulo.com\/no\/produkt\/anti-vibrasjonsputer\/#breadcrumb\"},\"inLanguage\":\"nb-NO\",\"potentialAction\":[{\"@type\":\"ReadAction\",\"target\":[\"https:\/\/mekulo.com\/no\/produkt\/anti-vibrasjonsputer\/\"]}]},{\"@type\":\"ImageObject\",\"inLanguage\":\"nb-NO\",\"@id\":\"https:\/\/mekulo.com\/no\/produkt\/anti-vibrasjonsputer\/#primaryimage\",\"url\":\"https:\/\/mekulo.com\/no\/wp-content\/uploads\/sites\/10\/2026\/01\/m32clm6-1.jpg\",\"contentUrl\":\"https:\/\/mekulo.com\/no\/wp-content\/uploads\/sites\/10\/2026\/01\/m32clm6-1.jpg\",\"width\":900,\"height\":902},{\"@type\":\"BreadcrumbList\",\"@id\":\"https:\/\/mekulo.com\/no\/produkt\/anti-vibrasjonsputer\/#breadcrumb\",\"itemListElement\":[{\"@type\":\"ListItem\",\"position\":1,\"name\":\"Home\",\"item\":\"https:\/\/mekulo.com\/no\/\"},{\"@type\":\"ListItem\",\"position\":2,\"name\":\"Butikk\",\"item\":\"https:\/\/mekulo.com\/no\/butikk\/\"},{\"@type\":\"ListItem\",\"position\":3,\"name\":\"Anti-vibrasjonsputer\"}]},{\"@type\":\"WebSite\",\"@id\":\"https:\/\/mekulo.com\/no\/#website\",\"url\":\"https:\/\/mekulo.com\/no\/\",\"name\":\"Mekulo NO\",\"description\":\"\",\"publisher\":{\"@id\":\"https:\/\/mekulo.com\/no\/#organization\"},\"potentialAction\":[{\"@type\":\"SearchAction\",\"target\":{\"@type\":\"EntryPoint\",\"urlTemplate\":\"https:\/\/mekulo.com\/no\/?s={search_term_string}\"},\"query-input\":{\"@type\":\"PropertyValueSpecification\",\"valueRequired\":true,\"valueName\":\"search_term_string\"}}],\"inLanguage\":\"nb-NO\"},{\"@type\":\"Organization\",\"@id\":\"https:\/\/mekulo.com\/no\/#organization\",\"name\":\"Mekulo\",\"url\":\"https:\/\/mekulo.com\/no\/\",\"logo\":{\"@type\":\"ImageObject\",\"inLanguage\":\"nb-NO\",\"@id\":\"https:\/\/mekulo.com\/no\/#\/schema\/logo\/image\/\",\"url\":\"https:\/\/mekulo.com\/no\/wp-content\/uploads\/sites\/10\/2025\/12\/favicon_mekulo.png\",\"contentUrl\":\"https:\/\/mekulo.com\/no\/wp-content\/uploads\/sites\/10\/2025\/12\/favicon_mekulo.png\",\"width\":50,\"height\":50,\"caption\":\"Mekulo\"},\"image\":{\"@id\":\"https:\/\/mekulo.com\/no\/#\/schema\/logo\/image\/\"}}]}<\/script>\n<!-- \/ Yoast SEO plugin. -->","yoast_head_json":{"title":"Anti-vibrasjonsputer - Mekulo NO","robots":{"index":"index","follow":"follow","max-snippet":"max-snippet:-1","max-image-preview":"max-image-preview:large","max-video-preview":"max-video-preview:-1"},"canonical":"https:\/\/mekulo.com\/no\/produkt\/anti-vibrasjonsputer\/","og_locale":"nb_NO","og_type":"article","og_title":"Anti-vibrasjonsputer - Mekulo NO","og_description":"Disse antivibrasjonsputene er utformet for \u00e5 hindre at vaskemaskinen, t\u00f8rketrommelen og m\u00f8blene dine rister, sklir eller skader gulvene. Med sterkt grep, slitesterkt materiale og justerbar h\u00f8yde gj\u00f8r de hjemmet ditt mer stilleg\u00e5ende, tryggere og enklere \u00e5 rengj\u00f8re.","og_url":"https:\/\/mekulo.com\/no\/produkt\/anti-vibrasjonsputer\/","og_site_name":"Mekulo NO","article_modified_time":"2026-01-04T18:08:16+00:00","og_image":[{"width":900,"height":902,"url":"https:\/\/mekulo.com\/no\/wp-content\/uploads\/sites\/10\/2026\/01\/m32clm6-1.jpg","type":"image\/jpeg"}],"twitter_card":"summary_large_image","twitter_misc":{"Ansl. lesetid":"2 minutter"},"schema":{"@context":"https:\/\/schema.org","@graph":[{"@type":"WebPage","@id":"https:\/\/mekulo.com\/no\/produkt\/anti-vibrasjonsputer\/","url":"https:\/\/mekulo.com\/no\/produkt\/anti-vibrasjonsputer\/","name":"Anti-vibrasjonsputer - Mekulo NO","isPartOf":{"@id":"https:\/\/mekulo.com\/no\/#website"},"primaryImageOfPage":{"@id":"https:\/\/mekulo.com\/no\/produkt\/anti-vibrasjonsputer\/#primaryimage"},"image":{"@id":"https:\/\/mekulo.com\/no\/produkt\/anti-vibrasjonsputer\/#primaryimage"},"thumbnailUrl":"https:\/\/mekulo.com\/no\/wp-content\/uploads\/sites\/10\/2026\/01\/m32clm6-1.jpg","datePublished":"2026-01-04T16:49:26+00:00","dateModified":"2026-01-04T18:08:16+00:00","breadcrumb":{"@id":"https:\/\/mekulo.com\/no\/produkt\/anti-vibrasjonsputer\/#breadcrumb"},"inLanguage":"nb-NO","potentialAction":[{"@type":"ReadAction","target":["https:\/\/mekulo.com\/no\/produkt\/anti-vibrasjonsputer\/"]}]},{"@type":"ImageObject","inLanguage":"nb-NO","@id":"https:\/\/mekulo.com\/no\/produkt\/anti-vibrasjonsputer\/#primaryimage","url":"https:\/\/mekulo.com\/no\/wp-content\/uploads\/sites\/10\/2026\/01\/m32clm6-1.jpg","contentUrl":"https:\/\/mekulo.com\/no\/wp-content\/uploads\/sites\/10\/2026\/01\/m32clm6-1.jpg","width":900,"height":902},{"@type":"BreadcrumbList","@id":"https:\/\/mekulo.com\/no\/produkt\/anti-vibrasjonsputer\/#breadcrumb","itemListElement":[{"@type":"ListItem","position":1,"name":"Home","item":"https:\/\/mekulo.com\/no\/"},{"@type":"ListItem","position":2,"name":"Butikk","item":"https:\/\/mekulo.com\/no\/butikk\/"},{"@type":"ListItem","position":3,"name":"Anti-vibrasjonsputer"}]},{"@type":"WebSite","@id":"https:\/\/mekulo.com\/no\/#website","url":"https:\/\/mekulo.com\/no\/","name":"Mekulo NO","description":"","publisher":{"@id":"https:\/\/mekulo.com\/no\/#organization"},"potentialAction":[{"@type":"SearchAction","target":{"@type":"EntryPoint","urlTemplate":"https:\/\/mekulo.com\/no\/?s={search_term_string}"},"query-input":{"@type":"PropertyValueSpecification","valueRequired":true,"valueName":"search_term_string"}}],"inLanguage":"nb-NO"},{"@type":"Organization","@id":"https:\/\/mekulo.com\/no\/#organization","name":"Mekulo","url":"https:\/\/mekulo.com\/no\/","logo":{"@type":"ImageObject","inLanguage":"nb-NO","@id":"https:\/\/mekulo.com\/no\/#\/schema\/logo\/image\/","url":"https:\/\/mekulo.com\/no\/wp-content\/uploads\/sites\/10\/2025\/12\/favicon_mekulo.png","contentUrl":"https:\/\/mekulo.com\/no\/wp-content\/uploads\/sites\/10\/2025\/12\/favicon_mekulo.png","width":50,"height":50,"caption":"Mekulo"},"image":{"@id":"https:\/\/mekulo.com\/no\/#\/schema\/logo\/image\/"}}]}},"_links":{"self":[{"href":"https:\/\/mekulo.com\/no\/wp-json\/wp\/v2\/product\/14261","targetHints":{"allow":["GET"]}}],"collection":[{"href":"https:\/\/mekulo.com\/no\/wp-json\/wp\/v2\/product"}],"about":[{"href":"https:\/\/mekulo.com\/no\/wp-json\/wp\/v2\/types\/product"}],"replies":[{"embeddable":true,"href":"https:\/\/mekulo.com\/no\/wp-json\/wp\/v2\/comments?post=14261"}],"wp:featuredmedia":[{"embeddable":true,"href":"https:\/\/mekulo.com\/no\/wp-json\/wp\/v2\/media\/14257"}],"wp:attachment":[{"href":"https:\/\/mekulo.com\/no\/wp-json\/wp\/v2\/media?parent=14261"}],"wp:term":[{"taxonomy":"product_brand","embeddable":true,"href":"https:\/\/mekulo.com\/no\/wp-json\/wp\/v2\/product_brand?post=14261"},{"taxonomy":"product_cat","embeddable":true,"href":"https:\/\/mekulo.com\/no\/wp-json\/wp\/v2\/product_cat?post=14261"},{"taxonomy":"product_tag","embeddable":true,"href":"https:\/\/mekulo.com\/no\/wp-json\/wp\/v2\/product_tag?post=14261"}],"curies":[{"name":"wp","href":"https:\/\/api.w.org\/{rel}","templated":true}]}}