{"id":14246,"date":"2026-01-04T18:48:24","date_gmt":"2026-01-04T16:48:24","guid":{"rendered":"https:\/\/mekulo.com\/no\/produkt\/granulat-til-reparasjon-av-tenner\/"},"modified":"2026-03-26T11:43:58","modified_gmt":"2026-03-26T09:43:58","slug":"granulat-til-reparasjon-av-tenner","status":"publish","type":"product","link":"https:\/\/mekulo.com\/no\/produkt\/granulat-til-reparasjon-av-tenner\/","title":{"rendered":"Granulat til reparasjon av tenner"},"content":{"rendered":"<h3 style=\"text-align: center;\" data-start=\"1055\" data-end=\"1103\">\ud83d\ude01 Fiks smilet ditt \u00f8yeblikkelig uten tannlege \ud83e\uddb7<\/h3>\n<p><img decoding=\"async\" class=\"size-full wp-image-19916 aligncenter\" src=\"https:\/\/keluvo.com\/template\/wp-content\/uploads\/sites\/5\/2025\/05\/graunalrs-ezgif.com-video-to-webp-converter.webp\" alt=\"\" \/><\/p>\n<h2 style=\"text-align: center;\" data-start=\"114\" data-end=\"195\">Hvordan bruke tannreparasjonsgranulat?<\/h2>\n<div style=\"overflow: hidden; width: 100%; height: 400px; justify-content: center; align-items: center;\"><iframe src=\"https:\/\/www.youtube.com\/embed\/Eo7JIGzGqNk?autoplay=1&amp;mute=1&amp;loop=1&amp;playlist=Eo7JIGzGqNk&amp;controls=0&amp;modestbranding=1&amp;showinfo=0&amp;rel=0\" width=\"100%\" height=\"400\" frameborder=\"0\" allowfullscreen=\"allowfullscreen\"><br \/>\n<\/iframe><\/div>\n<h2 data-start=\"202\" data-end=\"249\"><\/h2>\n<h2 style=\"text-align: center;\" data-start=\"202\" data-end=\"249\">\u2705 Hvorfor velge v\u00e5rt tannreparasjonsgranulat?<\/h2>\n<p class=\"\" data-start=\"253\" data-end=\"365\"><strong>\u00d8yeblikkelig smilforbedring<\/strong>: <span class=\"relative -mx-px my-[-0.2rem] rounded px-px py-[0.2rem] transition-colors duration-100 ease-in-out\">Formbart granulat fyller ut manglende eller \u00f8delagte tenner, og gir en naturlig utseende midlertidig l\u00f8sning<\/span>\u200b<\/p>\n<p class=\"\" data-start=\"253\" data-end=\"365\"><strong>Brukervennlig p\u00e5f\u00f8ring<\/strong>: <span class=\"relative -mx-px my-[-0.2rem] rounded px-px py-[0.2rem] transition-colors duration-100 ease-in-out\">Ingen spesialverkt\u00f8y kreves. Bare varm granulatene i varmt vann, form dem og p\u00e5f\u00f8r dem p\u00e5 det ber\u00f8rte omr\u00e5det<\/span>\u200b<\/p>\n<p class=\"\" data-start=\"253\" data-end=\"365\"><strong>Sikkert og giftfritt<\/strong>: <span class=\"relative -mx-px my-[-0.2rem] rounded px-px py-[0.2rem] transition-colors duration-100 ease-in-out\">Laget av n\u00e6ringsmiddelgodkjent plastmateriale, noe som garanterer sikkerhet selv om det svelges ved et uhell<\/span>\u200b<\/p>\n<p class=\"\" data-start=\"253\" data-end=\"365\"><strong>Sikkert hold<\/strong>: <span class=\"relative -mx-px my-[-0.2rem] rounded px-px py-[0.2rem] transition-colors duration-100 ease-in-out\">N\u00e5r reparasjonen er satt, kan den holde i en lengre periode, slik at smilet ditt forblir intakt<\/span><\/p>\n<p class=\"\" data-start=\"253\" data-end=\"365\"><strong>Fleksibel bruk<\/strong>: <span class=\"relative -mx-px my-[-0.2rem] rounded px-px py-[0.2rem] transition-colors duration-100 ease-in-out\">Ideell for midlertidige reparasjoner under fotoshoots, intervjuer eller sosiale arrangementer<\/span><\/p>\n<p><img decoding=\"async\" class=\"size-full wp-image-14271 aligncenter\" src=\"https:\/\/keluvo.com\/template\/wp-content\/uploads\/sites\/5\/2025\/04\/4131850a-bd4a-475f-8a08-ed024a239cc9.webp\" alt=\"\" \/><\/p>\n<h2 style=\"text-align: center;\" data-start=\"808\" data-end=\"834\">\ud83d\udce6 Produktdetaljer<\/h2>\n<ul data-start=\"836\" data-end=\"1463\">\n<li class=\"\" data-start=\"943\" data-end=\"1044\">\n<p class=\"\" data-start=\"945\" data-end=\"1044\">Kapasitet: <span class=\"relative -mx-px my-[-0.2rem] rounded px-px py-[0.2rem] transition-colors duration-100 ease-in-out\">30 ml<\/span>\u200b<\/p>\n<\/li>\n<li class=\"\" data-start=\"1046\" data-end=\"1147\">\n<p class=\"\" data-start=\"1048\" data-end=\"1147\">Materiale: <span class=\"relative -mx-px my-[-0.2rem] rounded px-px py-[0.2rem] transition-colors duration-100 ease-in-out\">Matvaregodkjent plast<\/span>\u200b<\/p>\n<\/li>\n<li class=\"\" data-start=\"1149\" data-end=\"1252\">\n<p class=\"\" data-start=\"1151\" data-end=\"1252\">Holdbarhet: <span class=\"relative -mx-px my-[-0.2rem] rounded px-px py-[0.2rem] transition-colors duration-100 ease-in-out\">3 \u00e5r<\/span><\/p>\n<\/li>\n<li class=\"\" data-start=\"1254\" data-end=\"1352\">\n<p class=\"\" data-start=\"1256\" data-end=\"1352\">Farge: <span class=\"relative -mx-px my-[-0.2rem] rounded px-px py-[0.2rem] transition-colors duration-100 ease-in-out\">Hvit (kan justeres for \u00e5 matche tannfargen din ved \u00e5 legge den i te)<\/span><\/p>\n<\/li>\n<\/ul>\n<h2 style=\"text-align: center;\" data-start=\"2335\" data-end=\"2361\">\ud83d\udcac Ofte stilte sp\u00f8rsm\u00e5l<\/h2>\n<ul>\n<li data-start=\"2363\" data-end=\"2461\">Er dette en permanent reparasjon?<br data-start=\"2394\" data-end=\"2397\" \/>Nei, det er en midlertidig kosmetisk l\u00f8sning beregnet p\u00e5 kortvarig bruk.<\/li>\n<li data-start=\"2463\" data-end=\"2572\">Vil den matche tannfargen min?<br data-start=\"2499\" data-end=\"2502\" \/>Ja! Du kan justere tonen ved \u00e5 legge den i te for \u00e5 f\u00e5 en naturlig match.<\/li>\n<li data-start=\"2574\" data-end=\"2673\">Er den trygg hvis du svelger den ved et uhell?<br data-start=\"2618\" data-end=\"2621\" \/>Ja, granulatene er laget av matvaregodkjent materiale.<\/li>\n<li data-start=\"2675\" data-end=\"2780\">Hvor lenge varer en reparasjon?<br data-start=\"2712\" data-end=\"2715\" \/>Den kan vare fra flere timer til flere dager, avhengig av bruk.<\/li>\n<\/ul>\n<h3 style=\"text-align: center;\" data-start=\"3351\" data-end=\"3393\"><\/h3>\n","protected":false},"excerpt":{"rendered":"<p><span class=\"relative -mx-px my-[-0.2rem] rounded px-px py-[0.2rem] transition-colors duration-100 ease-in-out\">Har du ved et uhell f\u00e5tt en flisetann eller har du et hull du \u00f8nsker \u00e5 skjule? V\u00e5re tannreparasjonsgranulater tilbyr en rask, enkel og trygg l\u00f8sning for \u00e5 gjenopprette ditt selvsikre smil &#8211; alt hjemmefra.<\/span><\/p>\n","protected":false},"featured_media":14242,"comment_status":"open","ping_status":"closed","template":"","meta":{"site-sidebar-layout":"default","site-content-layout":"","ast-site-content-layout":"default","site-content-style":"default","site-sidebar-style":"default","ast-global-header-display":"","ast-banner-title-visibility":"","ast-main-header-display":"","ast-hfb-above-header-display":"","ast-hfb-below-header-display":"","ast-hfb-mobile-header-display":"","site-post-title":"","ast-breadcrumbs-content":"","ast-featured-img":"","footer-sml-layout":"","theme-transparent-header-meta":"default","adv-header-id-meta":"","stick-header-meta":"","header-above-stick-meta":"","header-main-stick-meta":"","header-below-stick-meta":"","astra-migrate-meta-layouts":"set","ast-page-background-enabled":"default","ast-page-background-meta":{"desktop":{"background-color":"var(--ast-global-color-5)","background-image":"","background-repeat":"repeat","background-position":"center center","background-size":"auto","background-attachment":"scroll","background-type":"","background-media":"","overlay-type":"","overlay-color":"","overlay-opacity":"","overlay-gradient":""},"tablet":{"background-color":"","background-image":"","background-repeat":"repeat","background-position":"center center","background-size":"auto","background-attachment":"scroll","background-type":"","background-media":"","overlay-type":"","overlay-color":"","overlay-opacity":"","overlay-gradient":""},"mobile":{"background-color":"","background-image":"","background-repeat":"repeat","background-position":"center center","background-size":"auto","background-attachment":"scroll","background-type":"","background-media":"","overlay-type":"","overlay-color":"","overlay-opacity":"","overlay-gradient":""}},"ast-content-background-meta":{"desktop":{"background-color":"var(--ast-global-color-4)","background-image":"","background-repeat":"repeat","background-position":"center center","background-size":"auto","background-attachment":"scroll","background-type":"","background-media":"","overlay-type":"","overlay-color":"","overlay-opacity":"","overlay-gradient":""},"tablet":{"background-color":"var(--ast-global-color-4)","background-image":"","background-repeat":"repeat","background-position":"center center","background-size":"auto","background-attachment":"scroll","background-type":"","background-media":"","overlay-type":"","overlay-color":"","overlay-opacity":"","overlay-gradient":""},"mobile":{"background-color":"var(--ast-global-color-4)","background-image":"","background-repeat":"repeat","background-position":"center center","background-size":"auto","background-attachment":"scroll","background-type":"","background-media":"","overlay-type":"","overlay-color":"","overlay-opacity":"","overlay-gradient":""}}},"product_brand":[],"product_cat":[162],"product_tag":[],"class_list":{"0":"post-14246","1":"product","2":"type-product","3":"status-publish","4":"has-post-thumbnail","6":"product_cat-skjonnhets-og-hygieneprodukter","7":"pa_46510_3u8inpy4-1-stk","8":"pa_46510_3u8inpy4-2-stk","9":"pa_46510_3u8inpy4-4-stk","10":"desktop-align-left","11":"tablet-align-left","12":"mobile-align-left","14":"first","15":"instock","16":"shipping-taxable","17":"purchasable","18":"product-type-variable"},"yoast_head":"<!-- This site is optimized with the Yoast SEO plugin v26.6 - https:\/\/yoast.com\/wordpress\/plugins\/seo\/ -->\n<title>Granulat til reparasjon av tenner - Mekulo NO<\/title>\n<meta name=\"robots\" content=\"index, follow, max-snippet:-1, max-image-preview:large, max-video-preview:-1\" \/>\n<link rel=\"canonical\" href=\"https:\/\/mekulo.com\/no\/produkt\/granulat-til-reparasjon-av-tenner\/\" \/>\n<meta property=\"og:locale\" content=\"nb_NO\" \/>\n<meta property=\"og:type\" content=\"article\" \/>\n<meta property=\"og:title\" content=\"Granulat til reparasjon av tenner - Mekulo NO\" \/>\n<meta property=\"og:description\" content=\"Har du ved et uhell f\u00e5tt en flisetann eller har du et hull du \u00f8nsker \u00e5 skjule? V\u00e5re tannreparasjonsgranulater tilbyr en rask, enkel og trygg l\u00f8sning for \u00e5 gjenopprette ditt selvsikre smil - alt hjemmefra.\" \/>\n<meta property=\"og:url\" content=\"https:\/\/mekulo.com\/no\/produkt\/granulat-til-reparasjon-av-tenner\/\" \/>\n<meta property=\"og:site_name\" content=\"Mekulo NO\" \/>\n<meta property=\"article:modified_time\" content=\"2026-03-26T09:43:58+00:00\" \/>\n<meta property=\"og:image\" content=\"https:\/\/mekulo.com\/no\/wp-content\/uploads\/sites\/10\/2026\/01\/wg2skd9-1.jpeg\" \/>\n\t<meta property=\"og:image:width\" content=\"1600\" \/>\n\t<meta property=\"og:image:height\" content=\"1600\" \/>\n\t<meta property=\"og:image:type\" content=\"image\/jpeg\" \/>\n<meta name=\"twitter:card\" content=\"summary_large_image\" \/>\n<meta name=\"twitter:label1\" content=\"Ansl. lesetid\" \/>\n\t<meta name=\"twitter:data1\" content=\"2 minutter\" \/>\n<script type=\"application\/ld+json\" class=\"yoast-schema-graph\">{\"@context\":\"https:\/\/schema.org\",\"@graph\":[{\"@type\":\"WebPage\",\"@id\":\"https:\/\/mekulo.com\/no\/produkt\/granulat-til-reparasjon-av-tenner\/\",\"url\":\"https:\/\/mekulo.com\/no\/produkt\/granulat-til-reparasjon-av-tenner\/\",\"name\":\"Granulat til reparasjon av tenner - Mekulo NO\",\"isPartOf\":{\"@id\":\"https:\/\/mekulo.com\/no\/#website\"},\"primaryImageOfPage\":{\"@id\":\"https:\/\/mekulo.com\/no\/produkt\/granulat-til-reparasjon-av-tenner\/#primaryimage\"},\"image\":{\"@id\":\"https:\/\/mekulo.com\/no\/produkt\/granulat-til-reparasjon-av-tenner\/#primaryimage\"},\"thumbnailUrl\":\"https:\/\/mekulo.com\/no\/wp-content\/uploads\/sites\/10\/2026\/01\/wg2skd9-1.jpeg\",\"datePublished\":\"2026-01-04T16:48:24+00:00\",\"dateModified\":\"2026-03-26T09:43:58+00:00\",\"breadcrumb\":{\"@id\":\"https:\/\/mekulo.com\/no\/produkt\/granulat-til-reparasjon-av-tenner\/#breadcrumb\"},\"inLanguage\":\"nb-NO\",\"potentialAction\":[{\"@type\":\"ReadAction\",\"target\":[\"https:\/\/mekulo.com\/no\/produkt\/granulat-til-reparasjon-av-tenner\/\"]}]},{\"@type\":\"ImageObject\",\"inLanguage\":\"nb-NO\",\"@id\":\"https:\/\/mekulo.com\/no\/produkt\/granulat-til-reparasjon-av-tenner\/#primaryimage\",\"url\":\"https:\/\/mekulo.com\/no\/wp-content\/uploads\/sites\/10\/2026\/01\/wg2skd9-1.jpeg\",\"contentUrl\":\"https:\/\/mekulo.com\/no\/wp-content\/uploads\/sites\/10\/2026\/01\/wg2skd9-1.jpeg\",\"width\":1600,\"height\":1600},{\"@type\":\"BreadcrumbList\",\"@id\":\"https:\/\/mekulo.com\/no\/produkt\/granulat-til-reparasjon-av-tenner\/#breadcrumb\",\"itemListElement\":[{\"@type\":\"ListItem\",\"position\":1,\"name\":\"Home\",\"item\":\"https:\/\/mekulo.com\/no\/\"},{\"@type\":\"ListItem\",\"position\":2,\"name\":\"Butikk\",\"item\":\"https:\/\/mekulo.com\/no\/butikk\/\"},{\"@type\":\"ListItem\",\"position\":3,\"name\":\"Granulat til reparasjon av tenner\"}]},{\"@type\":\"WebSite\",\"@id\":\"https:\/\/mekulo.com\/no\/#website\",\"url\":\"https:\/\/mekulo.com\/no\/\",\"name\":\"Mekulo NO\",\"description\":\"\",\"publisher\":{\"@id\":\"https:\/\/mekulo.com\/no\/#organization\"},\"potentialAction\":[{\"@type\":\"SearchAction\",\"target\":{\"@type\":\"EntryPoint\",\"urlTemplate\":\"https:\/\/mekulo.com\/no\/?s={search_term_string}\"},\"query-input\":{\"@type\":\"PropertyValueSpecification\",\"valueRequired\":true,\"valueName\":\"search_term_string\"}}],\"inLanguage\":\"nb-NO\"},{\"@type\":\"Organization\",\"@id\":\"https:\/\/mekulo.com\/no\/#organization\",\"name\":\"Mekulo\",\"url\":\"https:\/\/mekulo.com\/no\/\",\"logo\":{\"@type\":\"ImageObject\",\"inLanguage\":\"nb-NO\",\"@id\":\"https:\/\/mekulo.com\/no\/#\/schema\/logo\/image\/\",\"url\":\"https:\/\/mekulo.com\/no\/wp-content\/uploads\/sites\/10\/2025\/12\/favicon_mekulo.png\",\"contentUrl\":\"https:\/\/mekulo.com\/no\/wp-content\/uploads\/sites\/10\/2025\/12\/favicon_mekulo.png\",\"width\":50,\"height\":50,\"caption\":\"Mekulo\"},\"image\":{\"@id\":\"https:\/\/mekulo.com\/no\/#\/schema\/logo\/image\/\"}}]}<\/script>\n<!-- \/ Yoast SEO plugin. -->","yoast_head_json":{"title":"Granulat til reparasjon av tenner - Mekulo NO","robots":{"index":"index","follow":"follow","max-snippet":"max-snippet:-1","max-image-preview":"max-image-preview:large","max-video-preview":"max-video-preview:-1"},"canonical":"https:\/\/mekulo.com\/no\/produkt\/granulat-til-reparasjon-av-tenner\/","og_locale":"nb_NO","og_type":"article","og_title":"Granulat til reparasjon av tenner - Mekulo NO","og_description":"Har du ved et uhell f\u00e5tt en flisetann eller har du et hull du \u00f8nsker \u00e5 skjule? V\u00e5re tannreparasjonsgranulater tilbyr en rask, enkel og trygg l\u00f8sning for \u00e5 gjenopprette ditt selvsikre smil - alt hjemmefra.","og_url":"https:\/\/mekulo.com\/no\/produkt\/granulat-til-reparasjon-av-tenner\/","og_site_name":"Mekulo NO","article_modified_time":"2026-03-26T09:43:58+00:00","og_image":[{"width":1600,"height":1600,"url":"https:\/\/mekulo.com\/no\/wp-content\/uploads\/sites\/10\/2026\/01\/wg2skd9-1.jpeg","type":"image\/jpeg"}],"twitter_card":"summary_large_image","twitter_misc":{"Ansl. lesetid":"2 minutter"},"schema":{"@context":"https:\/\/schema.org","@graph":[{"@type":"WebPage","@id":"https:\/\/mekulo.com\/no\/produkt\/granulat-til-reparasjon-av-tenner\/","url":"https:\/\/mekulo.com\/no\/produkt\/granulat-til-reparasjon-av-tenner\/","name":"Granulat til reparasjon av tenner - Mekulo NO","isPartOf":{"@id":"https:\/\/mekulo.com\/no\/#website"},"primaryImageOfPage":{"@id":"https:\/\/mekulo.com\/no\/produkt\/granulat-til-reparasjon-av-tenner\/#primaryimage"},"image":{"@id":"https:\/\/mekulo.com\/no\/produkt\/granulat-til-reparasjon-av-tenner\/#primaryimage"},"thumbnailUrl":"https:\/\/mekulo.com\/no\/wp-content\/uploads\/sites\/10\/2026\/01\/wg2skd9-1.jpeg","datePublished":"2026-01-04T16:48:24+00:00","dateModified":"2026-03-26T09:43:58+00:00","breadcrumb":{"@id":"https:\/\/mekulo.com\/no\/produkt\/granulat-til-reparasjon-av-tenner\/#breadcrumb"},"inLanguage":"nb-NO","potentialAction":[{"@type":"ReadAction","target":["https:\/\/mekulo.com\/no\/produkt\/granulat-til-reparasjon-av-tenner\/"]}]},{"@type":"ImageObject","inLanguage":"nb-NO","@id":"https:\/\/mekulo.com\/no\/produkt\/granulat-til-reparasjon-av-tenner\/#primaryimage","url":"https:\/\/mekulo.com\/no\/wp-content\/uploads\/sites\/10\/2026\/01\/wg2skd9-1.jpeg","contentUrl":"https:\/\/mekulo.com\/no\/wp-content\/uploads\/sites\/10\/2026\/01\/wg2skd9-1.jpeg","width":1600,"height":1600},{"@type":"BreadcrumbList","@id":"https:\/\/mekulo.com\/no\/produkt\/granulat-til-reparasjon-av-tenner\/#breadcrumb","itemListElement":[{"@type":"ListItem","position":1,"name":"Home","item":"https:\/\/mekulo.com\/no\/"},{"@type":"ListItem","position":2,"name":"Butikk","item":"https:\/\/mekulo.com\/no\/butikk\/"},{"@type":"ListItem","position":3,"name":"Granulat til reparasjon av tenner"}]},{"@type":"WebSite","@id":"https:\/\/mekulo.com\/no\/#website","url":"https:\/\/mekulo.com\/no\/","name":"Mekulo NO","description":"","publisher":{"@id":"https:\/\/mekulo.com\/no\/#organization"},"potentialAction":[{"@type":"SearchAction","target":{"@type":"EntryPoint","urlTemplate":"https:\/\/mekulo.com\/no\/?s={search_term_string}"},"query-input":{"@type":"PropertyValueSpecification","valueRequired":true,"valueName":"search_term_string"}}],"inLanguage":"nb-NO"},{"@type":"Organization","@id":"https:\/\/mekulo.com\/no\/#organization","name":"Mekulo","url":"https:\/\/mekulo.com\/no\/","logo":{"@type":"ImageObject","inLanguage":"nb-NO","@id":"https:\/\/mekulo.com\/no\/#\/schema\/logo\/image\/","url":"https:\/\/mekulo.com\/no\/wp-content\/uploads\/sites\/10\/2025\/12\/favicon_mekulo.png","contentUrl":"https:\/\/mekulo.com\/no\/wp-content\/uploads\/sites\/10\/2025\/12\/favicon_mekulo.png","width":50,"height":50,"caption":"Mekulo"},"image":{"@id":"https:\/\/mekulo.com\/no\/#\/schema\/logo\/image\/"}}]}},"_links":{"self":[{"href":"https:\/\/mekulo.com\/no\/wp-json\/wp\/v2\/product\/14246","targetHints":{"allow":["GET"]}}],"collection":[{"href":"https:\/\/mekulo.com\/no\/wp-json\/wp\/v2\/product"}],"about":[{"href":"https:\/\/mekulo.com\/no\/wp-json\/wp\/v2\/types\/product"}],"replies":[{"embeddable":true,"href":"https:\/\/mekulo.com\/no\/wp-json\/wp\/v2\/comments?post=14246"}],"wp:featuredmedia":[{"embeddable":true,"href":"https:\/\/mekulo.com\/no\/wp-json\/wp\/v2\/media\/14242"}],"wp:attachment":[{"href":"https:\/\/mekulo.com\/no\/wp-json\/wp\/v2\/media?parent=14246"}],"wp:term":[{"taxonomy":"product_brand","embeddable":true,"href":"https:\/\/mekulo.com\/no\/wp-json\/wp\/v2\/product_brand?post=14246"},{"taxonomy":"product_cat","embeddable":true,"href":"https:\/\/mekulo.com\/no\/wp-json\/wp\/v2\/product_cat?post=14246"},{"taxonomy":"product_tag","embeddable":true,"href":"https:\/\/mekulo.com\/no\/wp-json\/wp\/v2\/product_tag?post=14246"}],"curies":[{"name":"wp","href":"https:\/\/api.w.org\/{rel}","templated":true}]}}