{"id":14187,"date":"2026-01-04T18:43:27","date_gmt":"2026-01-04T16:43:27","guid":{"rendered":"https:\/\/mekulo.com\/no\/produkt\/naletrader-10-stk\/"},"modified":"2026-01-22T17:47:09","modified_gmt":"2026-01-22T15:47:09","slug":"naletrader-10-stk","status":"publish","type":"product","link":"https:\/\/mekulo.com\/no\/produkt\/naletrader-10-stk\/","title":{"rendered":"N\u00e5letr\u00e5der (10 stk)"},"content":{"rendered":"<p style=\"text-align: center;\" data-start=\"0\" data-end=\"57\"><strong data-start=\"0\" data-end=\"55\">N\u00e5letr\u00e5der &#8211; enkel tr\u00e5ding \ud83e\uddf5\u2728<\/strong><\/p>\n<p data-start=\"59\" data-end=\"343\"><img decoding=\"async\" class=\"size-full wp-image-32298 aligncenter\" src=\"https:\/\/keluvo.com\/template\/wp-content\/uploads\/sites\/5\/2025\/08\/giphy_0a3d48e2-9643-4c7f-be81-3b3c2b2bc866_480x480.webp\" alt=\"\" \/><\/p>\n<h2 style=\"text-align: center;\" data-start=\"350\" data-end=\"372\">\ud83c\udf1f Hovedfordeler<\/h2>\n<p data-start=\"375\" data-end=\"426\">\ud83d\udc40 Slutt \u00e5 myse &#8211; trer n\u00e5ler p\u00e5 sekunder<\/p>\n<p data-start=\"429\" data-end=\"482\">\ud83e\uddf5 Fungerer til sy-, broderi- og h\u00e5ndarbeidsprosjekter<\/p>\n<p data-start=\"429\" data-end=\"482\">\ud83d\ude4c Enkelt for nybegynnere, eldre eller andre med d\u00e5rlig syn<\/p>\n<p data-start=\"550\" data-end=\"586\">\ud83e\udea1 Passer til de fleste standard n\u00e5lest\u00f8rrelser<\/p>\n<p data-start=\"589\" data-end=\"641\">\ud83d\udce6 Leveres i en pakke med 10 stk. for enkelhets skyld og som reserve<\/p>\n<p data-start=\"589\" data-end=\"641\"><img decoding=\"async\" class=\"size-full wp-image-32299 aligncenter\" src=\"https:\/\/keluvo.com\/template\/wp-content\/uploads\/sites\/5\/2025\/08\/giphy-2_4f6b75eb-00cf-4bb6-a698-c670a470f136_480x480.webp\" alt=\"\" \/><\/p>\n<h2 style=\"text-align: center;\" data-start=\"648\" data-end=\"669\">\ud83d\udccc Slik bruker du den<\/h2>\n<ol data-start=\"670\" data-end=\"840\">\n<li data-start=\"670\" data-end=\"718\">\n<p data-start=\"673\" data-end=\"718\">Sett n\u00e5len inn i tr\u00e5d\u00e5pningen.<\/p>\n<\/li>\n<li data-start=\"719\" data-end=\"781\">\n<p data-start=\"722\" data-end=\"781\">Push the lever to pass the thread through the needle eye.<\/p>\n<\/li>\n<li data-start=\"782\" data-end=\"840\">\n<p data-start=\"785\" data-end=\"840\">Trekk n\u00e5len ut &#8211; den er gjenget og klar til bruk!<\/p>\n<\/li>\n<\/ol>\n<h2 style=\"text-align: center;\" data-start=\"847\" data-end=\"871\">\ud83d\udccf Produktdetaljer<\/h2>\n<ul data-start=\"872\" data-end=\"1012\">\n<li data-start=\"872\" data-end=\"914\">\n<p data-start=\"874\" data-end=\"914\">Materiale: slitesterk plast + metalltr\u00e5d<\/p>\n<\/li>\n<li data-start=\"915\" data-end=\"956\">\n<p data-start=\"917\" data-end=\"956\">Farge: tilfeldige farger<\/p>\n<\/li>\n<li data-start=\"957\" data-end=\"992\">\n<p data-start=\"959\" data-end=\"992\">St\u00f8rrelse: kompakt og enkel \u00e5 oppbevare<\/p>\n<\/li>\n<li data-start=\"993\" data-end=\"1012\">\n<p data-start=\"995\" data-end=\"1012\">Kvantitet: 10 stk<\/p>\n<\/li>\n<\/ul>\n<h2 style=\"text-align: center;\" data-start=\"1019\" data-end=\"1044\">\ud83d\udce6 Pakken inneholder<\/h2>\n<ul data-start=\"1045\" data-end=\"1069\">\n<li data-start=\"1045\" data-end=\"1069\">\n<p data-start=\"1047\" data-end=\"1069\">10x n\u00e5letr\u00e5dere (tilfeldige farger).<\/p>\n<\/li>\n<\/ul>\n","protected":false},"excerpt":{"rendered":"<p>Si farvel til slitet med \u00e5 tre n\u00e5ler! Med denne praktiske n\u00e5letr\u00e5deren kan du enkelt og raskt f\u00f8re tr\u00e5den gjennom selv det minste n\u00e5l\u00f8yet. Perfekt til sying, brodering og hobbyarbeid &#8211; den sparer tid, reduserer belastningen p\u00e5 \u00f8ynene og gj\u00f8r sying tilgjengelig for alle.<\/p>\n","protected":false},"featured_media":14183,"comment_status":"open","ping_status":"closed","template":"","meta":{"site-sidebar-layout":"default","site-content-layout":"","ast-site-content-layout":"default","site-content-style":"default","site-sidebar-style":"default","ast-global-header-display":"","ast-banner-title-visibility":"","ast-main-header-display":"","ast-hfb-above-header-display":"","ast-hfb-below-header-display":"","ast-hfb-mobile-header-display":"","site-post-title":"","ast-breadcrumbs-content":"","ast-featured-img":"","footer-sml-layout":"","theme-transparent-header-meta":"default","adv-header-id-meta":"","stick-header-meta":"","header-above-stick-meta":"","header-main-stick-meta":"","header-below-stick-meta":"","astra-migrate-meta-layouts":"set","ast-page-background-enabled":"default","ast-page-background-meta":{"desktop":{"background-color":"var(--ast-global-color-5)","background-image":"","background-repeat":"repeat","background-position":"center center","background-size":"auto","background-attachment":"scroll","background-type":"","background-media":"","overlay-type":"","overlay-color":"","overlay-opacity":"","overlay-gradient":""},"tablet":{"background-color":"","background-image":"","background-repeat":"repeat","background-position":"center center","background-size":"auto","background-attachment":"scroll","background-type":"","background-media":"","overlay-type":"","overlay-color":"","overlay-opacity":"","overlay-gradient":""},"mobile":{"background-color":"","background-image":"","background-repeat":"repeat","background-position":"center center","background-size":"auto","background-attachment":"scroll","background-type":"","background-media":"","overlay-type":"","overlay-color":"","overlay-opacity":"","overlay-gradient":""}},"ast-content-background-meta":{"desktop":{"background-color":"var(--ast-global-color-4)","background-image":"","background-repeat":"repeat","background-position":"center center","background-size":"auto","background-attachment":"scroll","background-type":"","background-media":"","overlay-type":"","overlay-color":"","overlay-opacity":"","overlay-gradient":""},"tablet":{"background-color":"var(--ast-global-color-4)","background-image":"","background-repeat":"repeat","background-position":"center center","background-size":"auto","background-attachment":"scroll","background-type":"","background-media":"","overlay-type":"","overlay-color":"","overlay-opacity":"","overlay-gradient":""},"mobile":{"background-color":"var(--ast-global-color-4)","background-image":"","background-repeat":"repeat","background-position":"center center","background-size":"auto","background-attachment":"scroll","background-type":"","background-media":"","overlay-type":"","overlay-color":"","overlay-opacity":"","overlay-gradient":""}}},"product_brand":[],"product_cat":[168],"product_tag":[],"class_list":{"0":"post-14187","1":"product","2":"type-product","3":"status-publish","4":"has-post-thumbnail","6":"product_cat-husholdningsartikler","7":"desktop-align-left","8":"tablet-align-left","9":"mobile-align-left","11":"first","12":"instock","13":"shipping-taxable","14":"purchasable","15":"product-type-simple"},"yoast_head":"<!-- This site is optimized with the Yoast SEO plugin v26.6 - https:\/\/yoast.com\/wordpress\/plugins\/seo\/ -->\n<title>N\u00e5letr\u00e5der (10 stk) - Mekulo NO<\/title>\n<meta name=\"robots\" content=\"index, follow, max-snippet:-1, max-image-preview:large, max-video-preview:-1\" \/>\n<link rel=\"canonical\" href=\"https:\/\/mekulo.com\/no\/produkt\/naletrader-10-stk\/\" \/>\n<meta property=\"og:locale\" content=\"nb_NO\" \/>\n<meta property=\"og:type\" content=\"article\" \/>\n<meta property=\"og:title\" content=\"N\u00e5letr\u00e5der (10 stk) - Mekulo NO\" \/>\n<meta property=\"og:description\" content=\"Si farvel til slitet med \u00e5 tre n\u00e5ler! Med denne praktiske n\u00e5letr\u00e5deren kan du enkelt og raskt f\u00f8re tr\u00e5den gjennom selv det minste n\u00e5l\u00f8yet. Perfekt til sying, brodering og hobbyarbeid - den sparer tid, reduserer belastningen p\u00e5 \u00f8ynene og gj\u00f8r sying tilgjengelig for alle.\" \/>\n<meta property=\"og:url\" content=\"https:\/\/mekulo.com\/no\/produkt\/naletrader-10-stk\/\" \/>\n<meta property=\"og:site_name\" content=\"Mekulo NO\" \/>\n<meta property=\"article:modified_time\" content=\"2026-01-22T15:47:09+00:00\" \/>\n<meta property=\"og:image\" content=\"https:\/\/mekulo.com\/no\/wp-content\/uploads\/sites\/10\/2026\/01\/afttb8c-1.webp\" \/>\n\t<meta property=\"og:image:width\" content=\"800\" \/>\n\t<meta property=\"og:image:height\" content=\"800\" \/>\n\t<meta property=\"og:image:type\" content=\"image\/webp\" \/>\n<meta name=\"twitter:card\" content=\"summary_large_image\" \/>\n<meta name=\"twitter:label1\" content=\"Ansl. lesetid\" \/>\n\t<meta name=\"twitter:data1\" content=\"2 minutter\" \/>\n<script type=\"application\/ld+json\" class=\"yoast-schema-graph\">{\"@context\":\"https:\/\/schema.org\",\"@graph\":[{\"@type\":\"WebPage\",\"@id\":\"https:\/\/mekulo.com\/no\/produkt\/naletrader-10-stk\/\",\"url\":\"https:\/\/mekulo.com\/no\/produkt\/naletrader-10-stk\/\",\"name\":\"N\u00e5letr\u00e5der (10 stk) - Mekulo NO\",\"isPartOf\":{\"@id\":\"https:\/\/mekulo.com\/no\/#website\"},\"primaryImageOfPage\":{\"@id\":\"https:\/\/mekulo.com\/no\/produkt\/naletrader-10-stk\/#primaryimage\"},\"image\":{\"@id\":\"https:\/\/mekulo.com\/no\/produkt\/naletrader-10-stk\/#primaryimage\"},\"thumbnailUrl\":\"https:\/\/mekulo.com\/no\/wp-content\/uploads\/sites\/10\/2026\/01\/afttb8c-1.webp\",\"datePublished\":\"2026-01-04T16:43:27+00:00\",\"dateModified\":\"2026-01-22T15:47:09+00:00\",\"breadcrumb\":{\"@id\":\"https:\/\/mekulo.com\/no\/produkt\/naletrader-10-stk\/#breadcrumb\"},\"inLanguage\":\"nb-NO\",\"potentialAction\":[{\"@type\":\"ReadAction\",\"target\":[\"https:\/\/mekulo.com\/no\/produkt\/naletrader-10-stk\/\"]}]},{\"@type\":\"ImageObject\",\"inLanguage\":\"nb-NO\",\"@id\":\"https:\/\/mekulo.com\/no\/produkt\/naletrader-10-stk\/#primaryimage\",\"url\":\"https:\/\/mekulo.com\/no\/wp-content\/uploads\/sites\/10\/2026\/01\/afttb8c-1.webp\",\"contentUrl\":\"https:\/\/mekulo.com\/no\/wp-content\/uploads\/sites\/10\/2026\/01\/afttb8c-1.webp\",\"width\":800,\"height\":800},{\"@type\":\"BreadcrumbList\",\"@id\":\"https:\/\/mekulo.com\/no\/produkt\/naletrader-10-stk\/#breadcrumb\",\"itemListElement\":[{\"@type\":\"ListItem\",\"position\":1,\"name\":\"Home\",\"item\":\"https:\/\/mekulo.com\/no\/\"},{\"@type\":\"ListItem\",\"position\":2,\"name\":\"Butikk\",\"item\":\"https:\/\/mekulo.com\/no\/butikk\/\"},{\"@type\":\"ListItem\",\"position\":3,\"name\":\"N\u00e5letr\u00e5der (10 stk)\"}]},{\"@type\":\"WebSite\",\"@id\":\"https:\/\/mekulo.com\/no\/#website\",\"url\":\"https:\/\/mekulo.com\/no\/\",\"name\":\"Mekulo NO\",\"description\":\"\",\"publisher\":{\"@id\":\"https:\/\/mekulo.com\/no\/#organization\"},\"potentialAction\":[{\"@type\":\"SearchAction\",\"target\":{\"@type\":\"EntryPoint\",\"urlTemplate\":\"https:\/\/mekulo.com\/no\/?s={search_term_string}\"},\"query-input\":{\"@type\":\"PropertyValueSpecification\",\"valueRequired\":true,\"valueName\":\"search_term_string\"}}],\"inLanguage\":\"nb-NO\"},{\"@type\":\"Organization\",\"@id\":\"https:\/\/mekulo.com\/no\/#organization\",\"name\":\"Mekulo\",\"url\":\"https:\/\/mekulo.com\/no\/\",\"logo\":{\"@type\":\"ImageObject\",\"inLanguage\":\"nb-NO\",\"@id\":\"https:\/\/mekulo.com\/no\/#\/schema\/logo\/image\/\",\"url\":\"https:\/\/mekulo.com\/no\/wp-content\/uploads\/sites\/10\/2025\/12\/favicon_mekulo.png\",\"contentUrl\":\"https:\/\/mekulo.com\/no\/wp-content\/uploads\/sites\/10\/2025\/12\/favicon_mekulo.png\",\"width\":50,\"height\":50,\"caption\":\"Mekulo\"},\"image\":{\"@id\":\"https:\/\/mekulo.com\/no\/#\/schema\/logo\/image\/\"}}]}<\/script>\n<!-- \/ Yoast SEO plugin. -->","yoast_head_json":{"title":"N\u00e5letr\u00e5der (10 stk) - Mekulo NO","robots":{"index":"index","follow":"follow","max-snippet":"max-snippet:-1","max-image-preview":"max-image-preview:large","max-video-preview":"max-video-preview:-1"},"canonical":"https:\/\/mekulo.com\/no\/produkt\/naletrader-10-stk\/","og_locale":"nb_NO","og_type":"article","og_title":"N\u00e5letr\u00e5der (10 stk) - Mekulo NO","og_description":"Si farvel til slitet med \u00e5 tre n\u00e5ler! Med denne praktiske n\u00e5letr\u00e5deren kan du enkelt og raskt f\u00f8re tr\u00e5den gjennom selv det minste n\u00e5l\u00f8yet. Perfekt til sying, brodering og hobbyarbeid - den sparer tid, reduserer belastningen p\u00e5 \u00f8ynene og gj\u00f8r sying tilgjengelig for alle.","og_url":"https:\/\/mekulo.com\/no\/produkt\/naletrader-10-stk\/","og_site_name":"Mekulo NO","article_modified_time":"2026-01-22T15:47:09+00:00","og_image":[{"width":800,"height":800,"url":"https:\/\/mekulo.com\/no\/wp-content\/uploads\/sites\/10\/2026\/01\/afttb8c-1.webp","type":"image\/webp"}],"twitter_card":"summary_large_image","twitter_misc":{"Ansl. lesetid":"2 minutter"},"schema":{"@context":"https:\/\/schema.org","@graph":[{"@type":"WebPage","@id":"https:\/\/mekulo.com\/no\/produkt\/naletrader-10-stk\/","url":"https:\/\/mekulo.com\/no\/produkt\/naletrader-10-stk\/","name":"N\u00e5letr\u00e5der (10 stk) - Mekulo NO","isPartOf":{"@id":"https:\/\/mekulo.com\/no\/#website"},"primaryImageOfPage":{"@id":"https:\/\/mekulo.com\/no\/produkt\/naletrader-10-stk\/#primaryimage"},"image":{"@id":"https:\/\/mekulo.com\/no\/produkt\/naletrader-10-stk\/#primaryimage"},"thumbnailUrl":"https:\/\/mekulo.com\/no\/wp-content\/uploads\/sites\/10\/2026\/01\/afttb8c-1.webp","datePublished":"2026-01-04T16:43:27+00:00","dateModified":"2026-01-22T15:47:09+00:00","breadcrumb":{"@id":"https:\/\/mekulo.com\/no\/produkt\/naletrader-10-stk\/#breadcrumb"},"inLanguage":"nb-NO","potentialAction":[{"@type":"ReadAction","target":["https:\/\/mekulo.com\/no\/produkt\/naletrader-10-stk\/"]}]},{"@type":"ImageObject","inLanguage":"nb-NO","@id":"https:\/\/mekulo.com\/no\/produkt\/naletrader-10-stk\/#primaryimage","url":"https:\/\/mekulo.com\/no\/wp-content\/uploads\/sites\/10\/2026\/01\/afttb8c-1.webp","contentUrl":"https:\/\/mekulo.com\/no\/wp-content\/uploads\/sites\/10\/2026\/01\/afttb8c-1.webp","width":800,"height":800},{"@type":"BreadcrumbList","@id":"https:\/\/mekulo.com\/no\/produkt\/naletrader-10-stk\/#breadcrumb","itemListElement":[{"@type":"ListItem","position":1,"name":"Home","item":"https:\/\/mekulo.com\/no\/"},{"@type":"ListItem","position":2,"name":"Butikk","item":"https:\/\/mekulo.com\/no\/butikk\/"},{"@type":"ListItem","position":3,"name":"N\u00e5letr\u00e5der (10 stk)"}]},{"@type":"WebSite","@id":"https:\/\/mekulo.com\/no\/#website","url":"https:\/\/mekulo.com\/no\/","name":"Mekulo NO","description":"","publisher":{"@id":"https:\/\/mekulo.com\/no\/#organization"},"potentialAction":[{"@type":"SearchAction","target":{"@type":"EntryPoint","urlTemplate":"https:\/\/mekulo.com\/no\/?s={search_term_string}"},"query-input":{"@type":"PropertyValueSpecification","valueRequired":true,"valueName":"search_term_string"}}],"inLanguage":"nb-NO"},{"@type":"Organization","@id":"https:\/\/mekulo.com\/no\/#organization","name":"Mekulo","url":"https:\/\/mekulo.com\/no\/","logo":{"@type":"ImageObject","inLanguage":"nb-NO","@id":"https:\/\/mekulo.com\/no\/#\/schema\/logo\/image\/","url":"https:\/\/mekulo.com\/no\/wp-content\/uploads\/sites\/10\/2025\/12\/favicon_mekulo.png","contentUrl":"https:\/\/mekulo.com\/no\/wp-content\/uploads\/sites\/10\/2025\/12\/favicon_mekulo.png","width":50,"height":50,"caption":"Mekulo"},"image":{"@id":"https:\/\/mekulo.com\/no\/#\/schema\/logo\/image\/"}}]}},"_links":{"self":[{"href":"https:\/\/mekulo.com\/no\/wp-json\/wp\/v2\/product\/14187","targetHints":{"allow":["GET"]}}],"collection":[{"href":"https:\/\/mekulo.com\/no\/wp-json\/wp\/v2\/product"}],"about":[{"href":"https:\/\/mekulo.com\/no\/wp-json\/wp\/v2\/types\/product"}],"replies":[{"embeddable":true,"href":"https:\/\/mekulo.com\/no\/wp-json\/wp\/v2\/comments?post=14187"}],"wp:featuredmedia":[{"embeddable":true,"href":"https:\/\/mekulo.com\/no\/wp-json\/wp\/v2\/media\/14183"}],"wp:attachment":[{"href":"https:\/\/mekulo.com\/no\/wp-json\/wp\/v2\/media?parent=14187"}],"wp:term":[{"taxonomy":"product_brand","embeddable":true,"href":"https:\/\/mekulo.com\/no\/wp-json\/wp\/v2\/product_brand?post=14187"},{"taxonomy":"product_cat","embeddable":true,"href":"https:\/\/mekulo.com\/no\/wp-json\/wp\/v2\/product_cat?post=14187"},{"taxonomy":"product_tag","embeddable":true,"href":"https:\/\/mekulo.com\/no\/wp-json\/wp\/v2\/product_tag?post=14187"}],"curies":[{"name":"wp","href":"https:\/\/api.w.org\/{rel}","templated":true}]}}