{"id":14154,"date":"2026-01-04T18:42:12","date_gmt":"2026-01-04T16:42:12","guid":{"rendered":"https:\/\/mekulo.com\/no\/produkt\/roterende-eu-adapter\/"},"modified":"2026-01-04T19:57:26","modified_gmt":"2026-01-04T17:57:26","slug":"roterende-eu-adapter","status":"publish","type":"product","link":"https:\/\/mekulo.com\/no\/produkt\/roterende-eu-adapter\/","title":{"rendered":"Roterende EU-adapter"},"content":{"rendered":"<p style=\"text-align: center;\" data-start=\"118\" data-end=\"179\"><strong data-start=\"118\" data-end=\"174\">Plugg Inn Hvor Som Helst Uten Problemer Med Trange Plassforhold!<\/strong> \ud83d\udd0c<\/p>\n<p data-start=\"181\" data-end=\"451\"><img fetchpriority=\"high\" decoding=\"async\" class=\" wp-image-31590 aligncenter\" src=\"https:\/\/keluvo.com\/template\/wp-content\/uploads\/sites\/5\/2025\/08\/43ede01c55574b108b15156daaa63caf2d12df1e.gif\" alt=\"\" width=\"500\" height=\"628\" \/><\/p>\n<h2 style=\"text-align: center;\" data-start=\"453\" data-end=\"475\">Hovedfordeler \ud83c\udf1f<\/h2>\n<p data-start=\"478\" data-end=\"549\">\ud83d\udd04 Roterer i tre retninger \u2013 enkelt \u00e5 justere for \u00e5 passe til plassen din<\/p>\n<p data-start=\"552\" data-end=\"624\">\ud83c\udfe0 Perfekt for trange rom \u2013 ikke mer \u00e5 slite bak m\u00f8bler<\/p>\n<p data-start=\"627\" data-end=\"689\">\ud83d\udcaa Slitesterk design \u2013 laget av kvalitetsplast og metall<\/p>\n<p data-start=\"692\" data-end=\"742\">\ud83d\udee1 Sikker \u00e5 bruke \u2013 st\u00f8tter opptil 1000 W str\u00f8m<\/p>\n<p data-start=\"745\" data-end=\"804\">\ud83c\udfaf Allsidig bruk \u2013 perfekt for hjemmet, kontoret eller p\u00e5 reise<\/p>\n<p data-start=\"745\" data-end=\"804\"><img decoding=\"async\" class=\" wp-image-31589 aligncenter\" src=\"https:\/\/keluvo.com\/template\/wp-content\/uploads\/sites\/5\/2025\/08\/20c9319b66c570041d23ed25a05b653567c3fd2f.webp\" alt=\"\" width=\"489\" height=\"613\" \/><\/p>\n<h2 style=\"text-align: center;\" data-start=\"806\" data-end=\"825\">Slik bruker du den \ud83e\ude84<\/h2>\n<ol data-start=\"826\" data-end=\"975\">\n<li data-start=\"826\" data-end=\"879\">\n<p data-start=\"829\" data-end=\"879\">Sett den svingbare adapteren inn i stikkontakten din.<\/p>\n<\/li>\n<li data-start=\"880\" data-end=\"927\">\n<p data-start=\"883\" data-end=\"927\">Roter til \u00f8nsket vinkel for st\u00f8pselet.<\/p>\n<\/li>\n<li data-start=\"928\" data-end=\"975\">\n<p data-start=\"931\" data-end=\"975\">Koble til enheten og nyt enkel tilgang.<\/p>\n<\/li>\n<\/ol>\n<h2 style=\"text-align: center;\" data-start=\"977\" data-end=\"1001\">Produktdetaljer \ud83d\udccb<\/h2>\n<ul data-start=\"1002\" data-end=\"1145\">\n<li data-start=\"1002\" data-end=\"1031\">\n<p data-start=\"1004\" data-end=\"1031\">Materiale: Plast + metall<\/p>\n<\/li>\n<li data-start=\"1032\" data-end=\"1048\">\n<p data-start=\"1034\" data-end=\"1048\">Vekt: 43 g<\/p>\n<\/li>\n<li data-start=\"1088\" data-end=\"1110\">\n<p data-start=\"1090\" data-end=\"1110\">Ratert str\u00f8m: 6A<\/p>\n<\/li>\n<li data-start=\"1111\" data-end=\"1127\">\n<p data-start=\"1113\" data-end=\"1127\">Peffekt: 1500W<\/p>\n<\/li>\n<li data-start=\"1128\" data-end=\"1145\">\n<p data-start=\"1130\" data-end=\"1145\">Vspenning: 250V<\/p>\n<\/li>\n<\/ul>\n<h2 style=\"text-align: center;\" data-start=\"1147\" data-end=\"1172\">Pakken inkluderer \ud83c\udf81<\/h2>\n<ul data-start=\"1173\" data-end=\"1202\">\n<li data-start=\"1173\" data-end=\"1202\">\n<p data-start=\"1175\" data-end=\"1202\">1, 2, 3x adapter.<\/p>\n<\/li>\n<\/ul>\n","protected":false},"excerpt":{"rendered":"<p>Denne dreibare stikkontaktadapteren kan roteres i tre retninger, slik at du kan koble til enhetene dine selv p\u00e5 vanskelige steder bak m\u00f8bler eller apparater. Det er den perfekte l\u00f8sningen for \u00e5 spare plass, forhindre kabelbelastning og holde det elektriske oppsettet ditt ryddig og tilgjengelig. <span style=\"font-size: 16px; font-style: normal; font-weight: 400;\">\ud83d\udecb<\/span><\/p>\n","protected":false},"featured_media":14150,"comment_status":"open","ping_status":"closed","template":"","meta":{"site-sidebar-layout":"default","site-content-layout":"","ast-site-content-layout":"default","site-content-style":"default","site-sidebar-style":"default","ast-global-header-display":"","ast-banner-title-visibility":"","ast-main-header-display":"","ast-hfb-above-header-display":"","ast-hfb-below-header-display":"","ast-hfb-mobile-header-display":"","site-post-title":"","ast-breadcrumbs-content":"","ast-featured-img":"","footer-sml-layout":"","theme-transparent-header-meta":"default","adv-header-id-meta":"","stick-header-meta":"","header-above-stick-meta":"","header-main-stick-meta":"","header-below-stick-meta":"","astra-migrate-meta-layouts":"set","ast-page-background-enabled":"default","ast-page-background-meta":{"desktop":{"background-color":"var(--ast-global-color-5)","background-image":"","background-repeat":"repeat","background-position":"center center","background-size":"auto","background-attachment":"scroll","background-type":"","background-media":"","overlay-type":"","overlay-color":"","overlay-opacity":"","overlay-gradient":""},"tablet":{"background-color":"","background-image":"","background-repeat":"repeat","background-position":"center center","background-size":"auto","background-attachment":"scroll","background-type":"","background-media":"","overlay-type":"","overlay-color":"","overlay-opacity":"","overlay-gradient":""},"mobile":{"background-color":"","background-image":"","background-repeat":"repeat","background-position":"center center","background-size":"auto","background-attachment":"scroll","background-type":"","background-media":"","overlay-type":"","overlay-color":"","overlay-opacity":"","overlay-gradient":""}},"ast-content-background-meta":{"desktop":{"background-color":"var(--ast-global-color-4)","background-image":"","background-repeat":"repeat","background-position":"center center","background-size":"auto","background-attachment":"scroll","background-type":"","background-media":"","overlay-type":"","overlay-color":"","overlay-opacity":"","overlay-gradient":""},"tablet":{"background-color":"var(--ast-global-color-4)","background-image":"","background-repeat":"repeat","background-position":"center center","background-size":"auto","background-attachment":"scroll","background-type":"","background-media":"","overlay-type":"","overlay-color":"","overlay-opacity":"","overlay-gradient":""},"mobile":{"background-color":"var(--ast-global-color-4)","background-image":"","background-repeat":"repeat","background-position":"center center","background-size":"auto","background-attachment":"scroll","background-type":"","background-media":"","overlay-type":"","overlay-color":"","overlay-opacity":"","overlay-gradient":""}}},"product_brand":[],"product_cat":[168],"product_tag":[],"class_list":{"0":"post-14154","1":"product","2":"type-product","3":"status-publish","4":"has-post-thumbnail","6":"product_cat-husholdningsartikler","7":"pa_21200_3b44tezr-1-stk","8":"pa_21200_3b44tezr-2-stk","9":"pa_21200_3b44tezr-3-stk","10":"pa_21200_n7if4kjc-bla","11":"pa_21200_n7if4kjc-hvit","12":"pa_21200_n7if4kjc-rosa","13":"pa_21200_n7if4kjc-svart","14":"desktop-align-left","15":"tablet-align-left","16":"mobile-align-left","18":"first","19":"instock","20":"shipping-taxable","21":"purchasable","22":"product-type-variable","23":"has-default-attributes"},"yoast_head":"<!-- This site is optimized with the Yoast SEO plugin v26.6 - https:\/\/yoast.com\/wordpress\/plugins\/seo\/ -->\n<title>Roterende EU-adapter - Mekulo NO<\/title>\n<meta name=\"robots\" content=\"index, follow, max-snippet:-1, max-image-preview:large, max-video-preview:-1\" \/>\n<link rel=\"canonical\" href=\"https:\/\/mekulo.com\/no\/produkt\/roterende-eu-adapter\/\" \/>\n<meta property=\"og:locale\" content=\"nb_NO\" \/>\n<meta property=\"og:type\" content=\"article\" \/>\n<meta property=\"og:title\" content=\"Roterende EU-adapter - Mekulo NO\" \/>\n<meta property=\"og:description\" content=\"Denne dreibare stikkontaktadapteren kan roteres i tre retninger, slik at du kan koble til enhetene dine selv p\u00e5 vanskelige steder bak m\u00f8bler eller apparater. Det er den perfekte l\u00f8sningen for \u00e5 spare plass, forhindre kabelbelastning og holde det elektriske oppsettet ditt ryddig og tilgjengelig. \ud83d\udecb\" \/>\n<meta property=\"og:url\" content=\"https:\/\/mekulo.com\/no\/produkt\/roterende-eu-adapter\/\" \/>\n<meta property=\"og:site_name\" content=\"Mekulo NO\" \/>\n<meta property=\"article:modified_time\" content=\"2026-01-04T17:57:26+00:00\" \/>\n<meta property=\"og:image\" content=\"https:\/\/mekulo.com\/no\/wp-content\/uploads\/sites\/10\/2026\/01\/lmvesz9-1.jpg\" \/>\n\t<meta property=\"og:image:width\" content=\"800\" \/>\n\t<meta property=\"og:image:height\" content=\"800\" \/>\n\t<meta property=\"og:image:type\" content=\"image\/jpeg\" \/>\n<meta name=\"twitter:card\" content=\"summary_large_image\" \/>\n<meta name=\"twitter:label1\" content=\"Ansl. lesetid\" \/>\n\t<meta name=\"twitter:data1\" content=\"2 minutter\" \/>\n<script type=\"application\/ld+json\" class=\"yoast-schema-graph\">{\"@context\":\"https:\/\/schema.org\",\"@graph\":[{\"@type\":\"WebPage\",\"@id\":\"https:\/\/mekulo.com\/no\/produkt\/roterende-eu-adapter\/\",\"url\":\"https:\/\/mekulo.com\/no\/produkt\/roterende-eu-adapter\/\",\"name\":\"Roterende EU-adapter - Mekulo NO\",\"isPartOf\":{\"@id\":\"https:\/\/mekulo.com\/no\/#website\"},\"primaryImageOfPage\":{\"@id\":\"https:\/\/mekulo.com\/no\/produkt\/roterende-eu-adapter\/#primaryimage\"},\"image\":{\"@id\":\"https:\/\/mekulo.com\/no\/produkt\/roterende-eu-adapter\/#primaryimage\"},\"thumbnailUrl\":\"https:\/\/mekulo.com\/no\/wp-content\/uploads\/sites\/10\/2026\/01\/lmvesz9-1.jpg\",\"datePublished\":\"2026-01-04T16:42:12+00:00\",\"dateModified\":\"2026-01-04T17:57:26+00:00\",\"breadcrumb\":{\"@id\":\"https:\/\/mekulo.com\/no\/produkt\/roterende-eu-adapter\/#breadcrumb\"},\"inLanguage\":\"nb-NO\",\"potentialAction\":[{\"@type\":\"ReadAction\",\"target\":[\"https:\/\/mekulo.com\/no\/produkt\/roterende-eu-adapter\/\"]}]},{\"@type\":\"ImageObject\",\"inLanguage\":\"nb-NO\",\"@id\":\"https:\/\/mekulo.com\/no\/produkt\/roterende-eu-adapter\/#primaryimage\",\"url\":\"https:\/\/mekulo.com\/no\/wp-content\/uploads\/sites\/10\/2026\/01\/lmvesz9-1.jpg\",\"contentUrl\":\"https:\/\/mekulo.com\/no\/wp-content\/uploads\/sites\/10\/2026\/01\/lmvesz9-1.jpg\",\"width\":800,\"height\":800},{\"@type\":\"BreadcrumbList\",\"@id\":\"https:\/\/mekulo.com\/no\/produkt\/roterende-eu-adapter\/#breadcrumb\",\"itemListElement\":[{\"@type\":\"ListItem\",\"position\":1,\"name\":\"Home\",\"item\":\"https:\/\/mekulo.com\/no\/\"},{\"@type\":\"ListItem\",\"position\":2,\"name\":\"Butikk\",\"item\":\"https:\/\/mekulo.com\/no\/butikk\/\"},{\"@type\":\"ListItem\",\"position\":3,\"name\":\"Roterende EU-adapter\"}]},{\"@type\":\"WebSite\",\"@id\":\"https:\/\/mekulo.com\/no\/#website\",\"url\":\"https:\/\/mekulo.com\/no\/\",\"name\":\"Mekulo NO\",\"description\":\"\",\"publisher\":{\"@id\":\"https:\/\/mekulo.com\/no\/#organization\"},\"potentialAction\":[{\"@type\":\"SearchAction\",\"target\":{\"@type\":\"EntryPoint\",\"urlTemplate\":\"https:\/\/mekulo.com\/no\/?s={search_term_string}\"},\"query-input\":{\"@type\":\"PropertyValueSpecification\",\"valueRequired\":true,\"valueName\":\"search_term_string\"}}],\"inLanguage\":\"nb-NO\"},{\"@type\":\"Organization\",\"@id\":\"https:\/\/mekulo.com\/no\/#organization\",\"name\":\"Mekulo\",\"url\":\"https:\/\/mekulo.com\/no\/\",\"logo\":{\"@type\":\"ImageObject\",\"inLanguage\":\"nb-NO\",\"@id\":\"https:\/\/mekulo.com\/no\/#\/schema\/logo\/image\/\",\"url\":\"https:\/\/mekulo.com\/no\/wp-content\/uploads\/sites\/10\/2025\/12\/favicon_mekulo.png\",\"contentUrl\":\"https:\/\/mekulo.com\/no\/wp-content\/uploads\/sites\/10\/2025\/12\/favicon_mekulo.png\",\"width\":50,\"height\":50,\"caption\":\"Mekulo\"},\"image\":{\"@id\":\"https:\/\/mekulo.com\/no\/#\/schema\/logo\/image\/\"}}]}<\/script>\n<!-- \/ Yoast SEO plugin. -->","yoast_head_json":{"title":"Roterende EU-adapter - Mekulo NO","robots":{"index":"index","follow":"follow","max-snippet":"max-snippet:-1","max-image-preview":"max-image-preview:large","max-video-preview":"max-video-preview:-1"},"canonical":"https:\/\/mekulo.com\/no\/produkt\/roterende-eu-adapter\/","og_locale":"nb_NO","og_type":"article","og_title":"Roterende EU-adapter - Mekulo NO","og_description":"Denne dreibare stikkontaktadapteren kan roteres i tre retninger, slik at du kan koble til enhetene dine selv p\u00e5 vanskelige steder bak m\u00f8bler eller apparater. Det er den perfekte l\u00f8sningen for \u00e5 spare plass, forhindre kabelbelastning og holde det elektriske oppsettet ditt ryddig og tilgjengelig. \ud83d\udecb","og_url":"https:\/\/mekulo.com\/no\/produkt\/roterende-eu-adapter\/","og_site_name":"Mekulo NO","article_modified_time":"2026-01-04T17:57:26+00:00","og_image":[{"width":800,"height":800,"url":"https:\/\/mekulo.com\/no\/wp-content\/uploads\/sites\/10\/2026\/01\/lmvesz9-1.jpg","type":"image\/jpeg"}],"twitter_card":"summary_large_image","twitter_misc":{"Ansl. lesetid":"2 minutter"},"schema":{"@context":"https:\/\/schema.org","@graph":[{"@type":"WebPage","@id":"https:\/\/mekulo.com\/no\/produkt\/roterende-eu-adapter\/","url":"https:\/\/mekulo.com\/no\/produkt\/roterende-eu-adapter\/","name":"Roterende EU-adapter - Mekulo NO","isPartOf":{"@id":"https:\/\/mekulo.com\/no\/#website"},"primaryImageOfPage":{"@id":"https:\/\/mekulo.com\/no\/produkt\/roterende-eu-adapter\/#primaryimage"},"image":{"@id":"https:\/\/mekulo.com\/no\/produkt\/roterende-eu-adapter\/#primaryimage"},"thumbnailUrl":"https:\/\/mekulo.com\/no\/wp-content\/uploads\/sites\/10\/2026\/01\/lmvesz9-1.jpg","datePublished":"2026-01-04T16:42:12+00:00","dateModified":"2026-01-04T17:57:26+00:00","breadcrumb":{"@id":"https:\/\/mekulo.com\/no\/produkt\/roterende-eu-adapter\/#breadcrumb"},"inLanguage":"nb-NO","potentialAction":[{"@type":"ReadAction","target":["https:\/\/mekulo.com\/no\/produkt\/roterende-eu-adapter\/"]}]},{"@type":"ImageObject","inLanguage":"nb-NO","@id":"https:\/\/mekulo.com\/no\/produkt\/roterende-eu-adapter\/#primaryimage","url":"https:\/\/mekulo.com\/no\/wp-content\/uploads\/sites\/10\/2026\/01\/lmvesz9-1.jpg","contentUrl":"https:\/\/mekulo.com\/no\/wp-content\/uploads\/sites\/10\/2026\/01\/lmvesz9-1.jpg","width":800,"height":800},{"@type":"BreadcrumbList","@id":"https:\/\/mekulo.com\/no\/produkt\/roterende-eu-adapter\/#breadcrumb","itemListElement":[{"@type":"ListItem","position":1,"name":"Home","item":"https:\/\/mekulo.com\/no\/"},{"@type":"ListItem","position":2,"name":"Butikk","item":"https:\/\/mekulo.com\/no\/butikk\/"},{"@type":"ListItem","position":3,"name":"Roterende EU-adapter"}]},{"@type":"WebSite","@id":"https:\/\/mekulo.com\/no\/#website","url":"https:\/\/mekulo.com\/no\/","name":"Mekulo NO","description":"","publisher":{"@id":"https:\/\/mekulo.com\/no\/#organization"},"potentialAction":[{"@type":"SearchAction","target":{"@type":"EntryPoint","urlTemplate":"https:\/\/mekulo.com\/no\/?s={search_term_string}"},"query-input":{"@type":"PropertyValueSpecification","valueRequired":true,"valueName":"search_term_string"}}],"inLanguage":"nb-NO"},{"@type":"Organization","@id":"https:\/\/mekulo.com\/no\/#organization","name":"Mekulo","url":"https:\/\/mekulo.com\/no\/","logo":{"@type":"ImageObject","inLanguage":"nb-NO","@id":"https:\/\/mekulo.com\/no\/#\/schema\/logo\/image\/","url":"https:\/\/mekulo.com\/no\/wp-content\/uploads\/sites\/10\/2025\/12\/favicon_mekulo.png","contentUrl":"https:\/\/mekulo.com\/no\/wp-content\/uploads\/sites\/10\/2025\/12\/favicon_mekulo.png","width":50,"height":50,"caption":"Mekulo"},"image":{"@id":"https:\/\/mekulo.com\/no\/#\/schema\/logo\/image\/"}}]}},"_links":{"self":[{"href":"https:\/\/mekulo.com\/no\/wp-json\/wp\/v2\/product\/14154","targetHints":{"allow":["GET"]}}],"collection":[{"href":"https:\/\/mekulo.com\/no\/wp-json\/wp\/v2\/product"}],"about":[{"href":"https:\/\/mekulo.com\/no\/wp-json\/wp\/v2\/types\/product"}],"replies":[{"embeddable":true,"href":"https:\/\/mekulo.com\/no\/wp-json\/wp\/v2\/comments?post=14154"}],"wp:featuredmedia":[{"embeddable":true,"href":"https:\/\/mekulo.com\/no\/wp-json\/wp\/v2\/media\/14150"}],"wp:attachment":[{"href":"https:\/\/mekulo.com\/no\/wp-json\/wp\/v2\/media?parent=14154"}],"wp:term":[{"taxonomy":"product_brand","embeddable":true,"href":"https:\/\/mekulo.com\/no\/wp-json\/wp\/v2\/product_brand?post=14154"},{"taxonomy":"product_cat","embeddable":true,"href":"https:\/\/mekulo.com\/no\/wp-json\/wp\/v2\/product_cat?post=14154"},{"taxonomy":"product_tag","embeddable":true,"href":"https:\/\/mekulo.com\/no\/wp-json\/wp\/v2\/product_tag?post=14154"}],"curies":[{"name":"wp","href":"https:\/\/api.w.org\/{rel}","templated":true}]}}