{"id":14145,"date":"2026-01-04T18:41:11","date_gmt":"2026-01-04T16:41:11","guid":{"rendered":"https:\/\/mekulo.com\/no\/produkt\/musefelle\/"},"modified":"2026-01-22T17:46:20","modified_gmt":"2026-01-22T15:46:20","slug":"musefelle","status":"publish","type":"product","link":"https:\/\/mekulo.com\/no\/produkt\/musefelle\/","title":{"rendered":"Musefelle"},"content":{"rendered":"<p style=\"text-align: center;\" data-start=\"85\" data-end=\"132\"><strong>\ud83d\udc2d Bli kvitt mus og rotter &#8211; raskt og trygt!<\/strong><\/p>\n<p data-start=\"134\" data-end=\"359\"><img decoding=\"async\" class=\"size-full wp-image-24633 aligncenter\" src=\"https:\/\/keluvo.com\/template\/wp-content\/uploads\/sites\/5\/2025\/06\/06237-ezgif.com-video-to-webp-converter.webp\" alt=\"\" \/><\/p>\n<h2 style=\"text-align: center;\" data-start=\"361\" data-end=\"382\">\ud83c\udf1f Hovedfordeler<\/h2>\n<p data-start=\"385\" data-end=\"425\">\u2705 Ufarlig og trygg &#8211; ingen gift eller lim<\/p>\n<p data-start=\"428\" data-end=\"482\">\ud83d\udd01 Gjenbrukbar og mer hygienisk enn tradisjonelle feller<\/p>\n<p data-start=\"485\" data-end=\"539\">\ud83e\udde0 Smart tippedesign slipper gnagere ned i en b\u00f8tte<\/p>\n<p data-start=\"542\" data-end=\"570\">\ud83e\udea4 Enkel \u00e5 t\u00f8mme og tilbakestille<\/p>\n<p data-start=\"573\" data-end=\"623\">\ud83c\udfe1 Ideell for hjem, garasjer, spiskammers og boder<\/p>\n<p data-start=\"573\" data-end=\"623\"><img decoding=\"async\" class=\"size-full wp-image-24638 aligncenter\" src=\"https:\/\/keluvo.com\/template\/wp-content\/uploads\/sites\/5\/2025\/06\/3-8-1.jpg\" alt=\"\" \/><\/p>\n<h2 style=\"text-align: center;\" data-start=\"625\" data-end=\"642\">\u2705 Hvordan bruke<\/h2>\n<ol data-start=\"643\" data-end=\"860\">\n<li data-start=\"643\" data-end=\"698\">\n<p data-start=\"646\" data-end=\"698\">Fest fellen p\u00e5 toppen av en standard b\u00f8tte.<\/p>\n<\/li>\n<li data-start=\"699\" data-end=\"753\">\n<p data-start=\"702\" data-end=\"753\">Legg agn p\u00e5 klaffen og sett stigen i n\u00e6rheten.<\/p>\n<\/li>\n<li data-start=\"754\" data-end=\"830\">\n<p data-start=\"757\" data-end=\"830\">N\u00e5r gnageren klatrer og tr\u00e5kker p\u00e5 fellen, faller den ned i b\u00f8tta.<\/p>\n<\/li>\n<li data-start=\"831\" data-end=\"860\">\n<p data-start=\"834\" data-end=\"860\">T\u00f8m og gjenbruk etter behov!<\/p>\n<\/li>\n<\/ol>\n<h2 style=\"text-align: center;\" data-start=\"862\" data-end=\"885\">\ud83d\udce6 Produktdetaljer<\/h2>\n<ul data-start=\"886\" data-end=\"972\">\n<li data-start=\"929\" data-end=\"946\">\n<p data-start=\"931\" data-end=\"946\">Materiale: PVC<\/p>\n<\/li>\n<li data-start=\"947\" data-end=\"972\">\n<p data-start=\"949\" data-end=\"972\"><em data-start=\"949\" data-end=\"970\">B\u00f8tte ikke inkludert<\/em><\/p>\n<\/li>\n<\/ul>\n<h2 style=\"text-align: center;\" data-start=\"974\" data-end=\"998\">\ud83d\udcec Pakken inneholder<\/h2>\n<ul data-start=\"999\" data-end=\"1068\">\n<li data-start=\"999\" data-end=\"1014\">\n<p data-start=\"1001\" data-end=\"1014\">1x lokk til felle<\/p>\n<\/li>\n<li data-start=\"1015\" data-end=\"1035\">\n<p data-start=\"1017\" data-end=\"1035\">1x vektet klaff<\/p>\n<\/li>\n<li data-start=\"1036\" data-end=\"1051\">\n<p data-start=\"1038\" data-end=\"1051\">2-del rampe.<\/p>\n<\/li>\n<\/ul>\n","protected":false},"excerpt":{"rendered":"<p>Denne smarte musefellen gj\u00f8r det enkelt \u00e5 bekjempe gnagere. Bare plasser den p\u00e5 en b\u00f8tte, og n\u00e5r musen tr\u00e5kker p\u00e5 fellen, tipper den og slipper dem inn. Ingen gift, ikke noe s\u00f8l &#8211; bare en trygg, gjenbrukbar l\u00f8sning for hjemmet eller lageromr\u00e5der.<\/p>\n","protected":false},"featured_media":14141,"comment_status":"open","ping_status":"closed","template":"","meta":{"site-sidebar-layout":"default","site-content-layout":"","ast-site-content-layout":"default","site-content-style":"default","site-sidebar-style":"default","ast-global-header-display":"","ast-banner-title-visibility":"","ast-main-header-display":"","ast-hfb-above-header-display":"","ast-hfb-below-header-display":"","ast-hfb-mobile-header-display":"","site-post-title":"","ast-breadcrumbs-content":"","ast-featured-img":"","footer-sml-layout":"","theme-transparent-header-meta":"default","adv-header-id-meta":"","stick-header-meta":"","header-above-stick-meta":"","header-main-stick-meta":"","header-below-stick-meta":"","astra-migrate-meta-layouts":"set","ast-page-background-enabled":"default","ast-page-background-meta":{"desktop":{"background-color":"var(--ast-global-color-5)","background-image":"","background-repeat":"repeat","background-position":"center center","background-size":"auto","background-attachment":"scroll","background-type":"","background-media":"","overlay-type":"","overlay-color":"","overlay-opacity":"","overlay-gradient":""},"tablet":{"background-color":"","background-image":"","background-repeat":"repeat","background-position":"center center","background-size":"auto","background-attachment":"scroll","background-type":"","background-media":"","overlay-type":"","overlay-color":"","overlay-opacity":"","overlay-gradient":""},"mobile":{"background-color":"","background-image":"","background-repeat":"repeat","background-position":"center center","background-size":"auto","background-attachment":"scroll","background-type":"","background-media":"","overlay-type":"","overlay-color":"","overlay-opacity":"","overlay-gradient":""}},"ast-content-background-meta":{"desktop":{"background-color":"var(--ast-global-color-4)","background-image":"","background-repeat":"repeat","background-position":"center center","background-size":"auto","background-attachment":"scroll","background-type":"","background-media":"","overlay-type":"","overlay-color":"","overlay-opacity":"","overlay-gradient":""},"tablet":{"background-color":"var(--ast-global-color-4)","background-image":"","background-repeat":"repeat","background-position":"center center","background-size":"auto","background-attachment":"scroll","background-type":"","background-media":"","overlay-type":"","overlay-color":"","overlay-opacity":"","overlay-gradient":""},"mobile":{"background-color":"var(--ast-global-color-4)","background-image":"","background-repeat":"repeat","background-position":"center center","background-size":"auto","background-attachment":"scroll","background-type":"","background-media":"","overlay-type":"","overlay-color":"","overlay-opacity":"","overlay-gradient":""}}},"product_brand":[],"product_cat":[168],"product_tag":[],"class_list":{"0":"post-14145","1":"product","2":"type-product","3":"status-publish","4":"has-post-thumbnail","6":"product_cat-husholdningsartikler","7":"desktop-align-left","8":"tablet-align-left","9":"mobile-align-left","11":"first","12":"instock","13":"shipping-taxable","14":"purchasable","15":"product-type-simple"},"yoast_head":"<!-- This site is optimized with the Yoast SEO plugin v26.6 - https:\/\/yoast.com\/wordpress\/plugins\/seo\/ -->\n<title>Musefelle - Mekulo NO<\/title>\n<meta name=\"robots\" content=\"index, follow, max-snippet:-1, max-image-preview:large, max-video-preview:-1\" \/>\n<link rel=\"canonical\" href=\"https:\/\/mekulo.com\/no\/produkt\/musefelle\/\" \/>\n<meta property=\"og:locale\" content=\"nb_NO\" \/>\n<meta property=\"og:type\" content=\"article\" \/>\n<meta property=\"og:title\" content=\"Musefelle - Mekulo NO\" \/>\n<meta property=\"og:description\" content=\"Denne smarte musefellen gj\u00f8r det enkelt \u00e5 bekjempe gnagere. Bare plasser den p\u00e5 en b\u00f8tte, og n\u00e5r musen tr\u00e5kker p\u00e5 fellen, tipper den og slipper dem inn. Ingen gift, ikke noe s\u00f8l - bare en trygg, gjenbrukbar l\u00f8sning for hjemmet eller lageromr\u00e5der.\" \/>\n<meta property=\"og:url\" content=\"https:\/\/mekulo.com\/no\/produkt\/musefelle\/\" \/>\n<meta property=\"og:site_name\" content=\"Mekulo NO\" \/>\n<meta property=\"article:modified_time\" content=\"2026-01-22T15:46:20+00:00\" \/>\n<meta property=\"og:image\" content=\"https:\/\/mekulo.com\/no\/wp-content\/uploads\/sites\/10\/2026\/01\/9auhgi8-1.webp\" \/>\n\t<meta property=\"og:image:width\" content=\"600\" \/>\n\t<meta property=\"og:image:height\" content=\"600\" \/>\n\t<meta property=\"og:image:type\" content=\"image\/webp\" \/>\n<meta name=\"twitter:card\" content=\"summary_large_image\" \/>\n<meta name=\"twitter:label1\" content=\"Ansl. lesetid\" \/>\n\t<meta name=\"twitter:data1\" content=\"2 minutter\" \/>\n<script type=\"application\/ld+json\" class=\"yoast-schema-graph\">{\"@context\":\"https:\/\/schema.org\",\"@graph\":[{\"@type\":\"WebPage\",\"@id\":\"https:\/\/mekulo.com\/no\/produkt\/musefelle\/\",\"url\":\"https:\/\/mekulo.com\/no\/produkt\/musefelle\/\",\"name\":\"Musefelle - Mekulo NO\",\"isPartOf\":{\"@id\":\"https:\/\/mekulo.com\/no\/#website\"},\"primaryImageOfPage\":{\"@id\":\"https:\/\/mekulo.com\/no\/produkt\/musefelle\/#primaryimage\"},\"image\":{\"@id\":\"https:\/\/mekulo.com\/no\/produkt\/musefelle\/#primaryimage\"},\"thumbnailUrl\":\"https:\/\/mekulo.com\/no\/wp-content\/uploads\/sites\/10\/2026\/01\/9auhgi8-1.webp\",\"datePublished\":\"2026-01-04T16:41:11+00:00\",\"dateModified\":\"2026-01-22T15:46:20+00:00\",\"breadcrumb\":{\"@id\":\"https:\/\/mekulo.com\/no\/produkt\/musefelle\/#breadcrumb\"},\"inLanguage\":\"nb-NO\",\"potentialAction\":[{\"@type\":\"ReadAction\",\"target\":[\"https:\/\/mekulo.com\/no\/produkt\/musefelle\/\"]}]},{\"@type\":\"ImageObject\",\"inLanguage\":\"nb-NO\",\"@id\":\"https:\/\/mekulo.com\/no\/produkt\/musefelle\/#primaryimage\",\"url\":\"https:\/\/mekulo.com\/no\/wp-content\/uploads\/sites\/10\/2026\/01\/9auhgi8-1.webp\",\"contentUrl\":\"https:\/\/mekulo.com\/no\/wp-content\/uploads\/sites\/10\/2026\/01\/9auhgi8-1.webp\",\"width\":600,\"height\":600},{\"@type\":\"BreadcrumbList\",\"@id\":\"https:\/\/mekulo.com\/no\/produkt\/musefelle\/#breadcrumb\",\"itemListElement\":[{\"@type\":\"ListItem\",\"position\":1,\"name\":\"Home\",\"item\":\"https:\/\/mekulo.com\/no\/\"},{\"@type\":\"ListItem\",\"position\":2,\"name\":\"Butikk\",\"item\":\"https:\/\/mekulo.com\/no\/butikk\/\"},{\"@type\":\"ListItem\",\"position\":3,\"name\":\"Musefelle\"}]},{\"@type\":\"WebSite\",\"@id\":\"https:\/\/mekulo.com\/no\/#website\",\"url\":\"https:\/\/mekulo.com\/no\/\",\"name\":\"Mekulo NO\",\"description\":\"\",\"publisher\":{\"@id\":\"https:\/\/mekulo.com\/no\/#organization\"},\"potentialAction\":[{\"@type\":\"SearchAction\",\"target\":{\"@type\":\"EntryPoint\",\"urlTemplate\":\"https:\/\/mekulo.com\/no\/?s={search_term_string}\"},\"query-input\":{\"@type\":\"PropertyValueSpecification\",\"valueRequired\":true,\"valueName\":\"search_term_string\"}}],\"inLanguage\":\"nb-NO\"},{\"@type\":\"Organization\",\"@id\":\"https:\/\/mekulo.com\/no\/#organization\",\"name\":\"Mekulo\",\"url\":\"https:\/\/mekulo.com\/no\/\",\"logo\":{\"@type\":\"ImageObject\",\"inLanguage\":\"nb-NO\",\"@id\":\"https:\/\/mekulo.com\/no\/#\/schema\/logo\/image\/\",\"url\":\"https:\/\/mekulo.com\/no\/wp-content\/uploads\/sites\/10\/2025\/12\/favicon_mekulo.png\",\"contentUrl\":\"https:\/\/mekulo.com\/no\/wp-content\/uploads\/sites\/10\/2025\/12\/favicon_mekulo.png\",\"width\":50,\"height\":50,\"caption\":\"Mekulo\"},\"image\":{\"@id\":\"https:\/\/mekulo.com\/no\/#\/schema\/logo\/image\/\"}}]}<\/script>\n<!-- \/ Yoast SEO plugin. -->","yoast_head_json":{"title":"Musefelle - Mekulo NO","robots":{"index":"index","follow":"follow","max-snippet":"max-snippet:-1","max-image-preview":"max-image-preview:large","max-video-preview":"max-video-preview:-1"},"canonical":"https:\/\/mekulo.com\/no\/produkt\/musefelle\/","og_locale":"nb_NO","og_type":"article","og_title":"Musefelle - Mekulo NO","og_description":"Denne smarte musefellen gj\u00f8r det enkelt \u00e5 bekjempe gnagere. Bare plasser den p\u00e5 en b\u00f8tte, og n\u00e5r musen tr\u00e5kker p\u00e5 fellen, tipper den og slipper dem inn. Ingen gift, ikke noe s\u00f8l - bare en trygg, gjenbrukbar l\u00f8sning for hjemmet eller lageromr\u00e5der.","og_url":"https:\/\/mekulo.com\/no\/produkt\/musefelle\/","og_site_name":"Mekulo NO","article_modified_time":"2026-01-22T15:46:20+00:00","og_image":[{"width":600,"height":600,"url":"https:\/\/mekulo.com\/no\/wp-content\/uploads\/sites\/10\/2026\/01\/9auhgi8-1.webp","type":"image\/webp"}],"twitter_card":"summary_large_image","twitter_misc":{"Ansl. lesetid":"2 minutter"},"schema":{"@context":"https:\/\/schema.org","@graph":[{"@type":"WebPage","@id":"https:\/\/mekulo.com\/no\/produkt\/musefelle\/","url":"https:\/\/mekulo.com\/no\/produkt\/musefelle\/","name":"Musefelle - Mekulo NO","isPartOf":{"@id":"https:\/\/mekulo.com\/no\/#website"},"primaryImageOfPage":{"@id":"https:\/\/mekulo.com\/no\/produkt\/musefelle\/#primaryimage"},"image":{"@id":"https:\/\/mekulo.com\/no\/produkt\/musefelle\/#primaryimage"},"thumbnailUrl":"https:\/\/mekulo.com\/no\/wp-content\/uploads\/sites\/10\/2026\/01\/9auhgi8-1.webp","datePublished":"2026-01-04T16:41:11+00:00","dateModified":"2026-01-22T15:46:20+00:00","breadcrumb":{"@id":"https:\/\/mekulo.com\/no\/produkt\/musefelle\/#breadcrumb"},"inLanguage":"nb-NO","potentialAction":[{"@type":"ReadAction","target":["https:\/\/mekulo.com\/no\/produkt\/musefelle\/"]}]},{"@type":"ImageObject","inLanguage":"nb-NO","@id":"https:\/\/mekulo.com\/no\/produkt\/musefelle\/#primaryimage","url":"https:\/\/mekulo.com\/no\/wp-content\/uploads\/sites\/10\/2026\/01\/9auhgi8-1.webp","contentUrl":"https:\/\/mekulo.com\/no\/wp-content\/uploads\/sites\/10\/2026\/01\/9auhgi8-1.webp","width":600,"height":600},{"@type":"BreadcrumbList","@id":"https:\/\/mekulo.com\/no\/produkt\/musefelle\/#breadcrumb","itemListElement":[{"@type":"ListItem","position":1,"name":"Home","item":"https:\/\/mekulo.com\/no\/"},{"@type":"ListItem","position":2,"name":"Butikk","item":"https:\/\/mekulo.com\/no\/butikk\/"},{"@type":"ListItem","position":3,"name":"Musefelle"}]},{"@type":"WebSite","@id":"https:\/\/mekulo.com\/no\/#website","url":"https:\/\/mekulo.com\/no\/","name":"Mekulo NO","description":"","publisher":{"@id":"https:\/\/mekulo.com\/no\/#organization"},"potentialAction":[{"@type":"SearchAction","target":{"@type":"EntryPoint","urlTemplate":"https:\/\/mekulo.com\/no\/?s={search_term_string}"},"query-input":{"@type":"PropertyValueSpecification","valueRequired":true,"valueName":"search_term_string"}}],"inLanguage":"nb-NO"},{"@type":"Organization","@id":"https:\/\/mekulo.com\/no\/#organization","name":"Mekulo","url":"https:\/\/mekulo.com\/no\/","logo":{"@type":"ImageObject","inLanguage":"nb-NO","@id":"https:\/\/mekulo.com\/no\/#\/schema\/logo\/image\/","url":"https:\/\/mekulo.com\/no\/wp-content\/uploads\/sites\/10\/2025\/12\/favicon_mekulo.png","contentUrl":"https:\/\/mekulo.com\/no\/wp-content\/uploads\/sites\/10\/2025\/12\/favicon_mekulo.png","width":50,"height":50,"caption":"Mekulo"},"image":{"@id":"https:\/\/mekulo.com\/no\/#\/schema\/logo\/image\/"}}]}},"_links":{"self":[{"href":"https:\/\/mekulo.com\/no\/wp-json\/wp\/v2\/product\/14145","targetHints":{"allow":["GET"]}}],"collection":[{"href":"https:\/\/mekulo.com\/no\/wp-json\/wp\/v2\/product"}],"about":[{"href":"https:\/\/mekulo.com\/no\/wp-json\/wp\/v2\/types\/product"}],"replies":[{"embeddable":true,"href":"https:\/\/mekulo.com\/no\/wp-json\/wp\/v2\/comments?post=14145"}],"wp:featuredmedia":[{"embeddable":true,"href":"https:\/\/mekulo.com\/no\/wp-json\/wp\/v2\/media\/14141"}],"wp:attachment":[{"href":"https:\/\/mekulo.com\/no\/wp-json\/wp\/v2\/media?parent=14145"}],"wp:term":[{"taxonomy":"product_brand","embeddable":true,"href":"https:\/\/mekulo.com\/no\/wp-json\/wp\/v2\/product_brand?post=14145"},{"taxonomy":"product_cat","embeddable":true,"href":"https:\/\/mekulo.com\/no\/wp-json\/wp\/v2\/product_cat?post=14145"},{"taxonomy":"product_tag","embeddable":true,"href":"https:\/\/mekulo.com\/no\/wp-json\/wp\/v2\/product_tag?post=14145"}],"curies":[{"name":"wp","href":"https:\/\/api.w.org\/{rel}","templated":true}]}}