{"id":14086,"date":"2026-01-04T18:38:58","date_gmt":"2026-01-04T16:38:58","guid":{"rendered":"https:\/\/mekulo.com\/no\/produkt\/brillehandtak\/"},"modified":"2026-01-04T18:39:47","modified_gmt":"2026-01-04T16:39:47","slug":"brillehandtak","status":"publish","type":"product","link":"https:\/\/mekulo.com\/no\/produkt\/brillehandtak\/","title":{"rendered":"Brilleh\u00e5ndtak"},"content":{"rendered":"<p style=\"text-align: center\" data-start=\"73\" data-end=\"240\"><strong>\ud83d\udc53 Slutt \u00e5 la brillene gli nedover nesen!<\/strong><\/p>\n<p data-start=\"73\" data-end=\"240\"><img fetchpriority=\"high\" decoding=\"async\" class=\" wp-image-25993 aligncenter\" src=\"https:\/\/keluvo.com\/template\/wp-content\/uploads\/sites\/5\/2025\/07\/0111011_480x480.webp\" alt=\"\" width=\"450\" height=\"450\" \/><\/p>\n<h2 style=\"text-align: center\" data-start=\"287\" data-end=\"308\">\u2728 Hovedfordeler<\/h2>\n<p data-start=\"311\" data-end=\"353\">\ud83e\uddf2 Sikkert sklisikkert grep bak \u00f8rene<\/p>\n<p data-start=\"356\" data-end=\"403\">\ud83d\ude0c Mykt silikonmateriale for komfort hele dagen<\/p>\n<p data-start=\"406\" data-end=\"449\">\ud83d\udd76 Passer til de fleste briller og solbriller frames<\/p>\n<p data-start=\"452\" data-end=\"505\">\ud83c\udfc3\u200d\u2642\ufe0f Flott for aktiv bruk &#8211; l\u00f8ping, sykling eller treningsstudio<\/p>\n<p data-start=\"508\" data-end=\"556\">\ud83d\udc40 Diskret design, nesten usynlig n\u00e5r du har den p\u00e5<\/p>\n<p data-start=\"508\" data-end=\"556\"><img decoding=\"async\" class=\" wp-image-25992 aligncenter\" src=\"https:\/\/keluvo.com\/template\/wp-content\/uploads\/sites\/5\/2025\/07\/03333_480x480.webp\" alt=\"\" width=\"451\" height=\"451\" \/><\/p>\n<h2 style=\"text-align: center\" data-start=\"558\" data-end=\"577\">\ud83d\udd27 Slik bruker du dem<\/h2>\n<ol data-start=\"578\" data-end=\"733\">\n<li data-start=\"578\" data-end=\"629\">\n<p data-start=\"581\" data-end=\"629\">Slipper h\u00e5ndtakene p\u00e5 hver arm p\u00e5 brillene dine.<\/p>\n<\/li>\n<li data-start=\"630\" data-end=\"678\">\n<p data-start=\"633\" data-end=\"678\">Juster slik at de sitter komfortabelt bak \u00f8rene.<\/p>\n<\/li>\n<li data-start=\"679\" data-end=\"733\">\n<p data-start=\"682\" data-end=\"733\">Bruk brillene hele dagen &#8211; garantert uten \u00e5 skli!<\/p>\n<\/li>\n<\/ol>\n<h2 style=\"text-align: center\" data-start=\"735\" data-end=\"759\">\ud83d\udccf Produktdetaljer<\/h2>\n<ul data-start=\"760\" data-end=\"900\">\n<li data-start=\"760\" data-end=\"801\">\n<p data-start=\"762\" data-end=\"801\">Materiale: Fleksibelt, sklisikkert silikon<\/p>\n<\/li>\n<li data-start=\"802\" data-end=\"833\">\n<p data-start=\"804\" data-end=\"833\">Passer til innfatninger med en bredde p\u00e5 opptil 12 mm<\/p>\n<\/li>\n<li data-start=\"867\" data-end=\"900\">\n<p data-start=\"869\" data-end=\"900\">Ultralett og slitesterk<\/p>\n<\/li>\n<\/ul>\n<h2 style=\"text-align: center\" data-start=\"902\" data-end=\"927\">\ud83d\udce6 Pakken inneholder<\/h2>\n<ul data-start=\"928\" data-end=\"964\">\n<li data-start=\"928\" data-end=\"964\">\n<p data-start=\"930\" data-end=\"964\">3 eller 6 par brilleh\u00e5ndtak.<\/p>\n<\/li>\n<\/ul>\n","protected":false},"excerpt":{"rendered":"<p>Disse myke brilleh\u00e5ndtakene holder brillene dine komfortabelt p\u00e5 plass &#8211; du slipper \u00e5 justere, skli eller miste brillene. Perfekt til sport, jobb eller hverdagsbruk!<\/p>\n","protected":false},"featured_media":14082,"comment_status":"open","ping_status":"closed","template":"","meta":{"site-sidebar-layout":"default","site-content-layout":"","ast-site-content-layout":"default","site-content-style":"default","site-sidebar-style":"default","ast-global-header-display":"","ast-banner-title-visibility":"","ast-main-header-display":"","ast-hfb-above-header-display":"","ast-hfb-below-header-display":"","ast-hfb-mobile-header-display":"","site-post-title":"","ast-breadcrumbs-content":"","ast-featured-img":"","footer-sml-layout":"","theme-transparent-header-meta":"default","adv-header-id-meta":"","stick-header-meta":"","header-above-stick-meta":"","header-main-stick-meta":"","header-below-stick-meta":"","astra-migrate-meta-layouts":"set","ast-page-background-enabled":"default","ast-page-background-meta":{"desktop":{"background-color":"var(--ast-global-color-5)","background-image":"","background-repeat":"repeat","background-position":"center center","background-size":"auto","background-attachment":"scroll","background-type":"","background-media":"","overlay-type":"","overlay-color":"","overlay-opacity":"","overlay-gradient":""},"tablet":{"background-color":"","background-image":"","background-repeat":"repeat","background-position":"center center","background-size":"auto","background-attachment":"scroll","background-type":"","background-media":"","overlay-type":"","overlay-color":"","overlay-opacity":"","overlay-gradient":""},"mobile":{"background-color":"","background-image":"","background-repeat":"repeat","background-position":"center center","background-size":"auto","background-attachment":"scroll","background-type":"","background-media":"","overlay-type":"","overlay-color":"","overlay-opacity":"","overlay-gradient":""}},"ast-content-background-meta":{"desktop":{"background-color":"var(--ast-global-color-4)","background-image":"","background-repeat":"repeat","background-position":"center center","background-size":"auto","background-attachment":"scroll","background-type":"","background-media":"","overlay-type":"","overlay-color":"","overlay-opacity":"","overlay-gradient":""},"tablet":{"background-color":"var(--ast-global-color-4)","background-image":"","background-repeat":"repeat","background-position":"center center","background-size":"auto","background-attachment":"scroll","background-type":"","background-media":"","overlay-type":"","overlay-color":"","overlay-opacity":"","overlay-gradient":""},"mobile":{"background-color":"var(--ast-global-color-4)","background-image":"","background-repeat":"repeat","background-position":"center center","background-size":"auto","background-attachment":"scroll","background-type":"","background-media":"","overlay-type":"","overlay-color":"","overlay-opacity":"","overlay-gradient":""}}},"product_brand":[],"product_cat":[165],"product_tag":[],"class_list":{"0":"post-14086","1":"product","2":"type-product","3":"status-publish","4":"has-post-thumbnail","6":"product_cat-fottoy-tilbehor","7":"pa_33506_aefcxqnd-3-stk","8":"pa_33506_aefcxqnd-6-stk","9":"pa_33506_slz0v416-brun","10":"pa_33506_slz0v416-gjennomsiktig","11":"pa_33506_slz0v416-gronn","12":"pa_33506_slz0v416-himmelbla","13":"pa_33506_slz0v416-lilla","14":"pa_33506_slz0v416-marinebla","15":"pa_33506_slz0v416-rod","16":"pa_33506_slz0v416-svart","17":"desktop-align-left","18":"tablet-align-left","19":"mobile-align-left","21":"first","22":"instock","23":"shipping-taxable","24":"purchasable","25":"product-type-variable","26":"has-default-attributes"},"yoast_head":"<!-- This site is optimized with the Yoast SEO plugin v26.6 - https:\/\/yoast.com\/wordpress\/plugins\/seo\/ -->\n<title>Brilleh\u00e5ndtak - Mekulo NO<\/title>\n<meta name=\"robots\" content=\"index, follow, max-snippet:-1, max-image-preview:large, max-video-preview:-1\" \/>\n<link rel=\"canonical\" href=\"https:\/\/mekulo.com\/no\/produkt\/brillehandtak\/\" \/>\n<meta property=\"og:locale\" content=\"nb_NO\" \/>\n<meta property=\"og:type\" content=\"article\" \/>\n<meta property=\"og:title\" content=\"Brilleh\u00e5ndtak - Mekulo NO\" \/>\n<meta property=\"og:description\" content=\"Disse myke brilleh\u00e5ndtakene holder brillene dine komfortabelt p\u00e5 plass - du slipper \u00e5 justere, skli eller miste brillene. Perfekt til sport, jobb eller hverdagsbruk!\" \/>\n<meta property=\"og:url\" content=\"https:\/\/mekulo.com\/no\/produkt\/brillehandtak\/\" \/>\n<meta property=\"og:site_name\" content=\"Mekulo NO\" \/>\n<meta property=\"article:modified_time\" content=\"2026-01-04T16:39:47+00:00\" \/>\n<meta property=\"og:image\" content=\"https:\/\/mekulo.com\/no\/wp-content\/uploads\/sites\/10\/2026\/01\/tt9bhwh-1.jpg\" \/>\n\t<meta property=\"og:image:width\" content=\"1080\" \/>\n\t<meta property=\"og:image:height\" content=\"1080\" \/>\n\t<meta property=\"og:image:type\" content=\"image\/jpeg\" \/>\n<meta name=\"twitter:card\" content=\"summary_large_image\" \/>\n<meta name=\"twitter:label1\" content=\"Ansl. lesetid\" \/>\n\t<meta name=\"twitter:data1\" content=\"2 minutter\" \/>\n<script type=\"application\/ld+json\" class=\"yoast-schema-graph\">{\"@context\":\"https:\/\/schema.org\",\"@graph\":[{\"@type\":\"WebPage\",\"@id\":\"https:\/\/mekulo.com\/no\/produkt\/brillehandtak\/\",\"url\":\"https:\/\/mekulo.com\/no\/produkt\/brillehandtak\/\",\"name\":\"Brilleh\u00e5ndtak - Mekulo NO\",\"isPartOf\":{\"@id\":\"https:\/\/mekulo.com\/no\/#website\"},\"primaryImageOfPage\":{\"@id\":\"https:\/\/mekulo.com\/no\/produkt\/brillehandtak\/#primaryimage\"},\"image\":{\"@id\":\"https:\/\/mekulo.com\/no\/produkt\/brillehandtak\/#primaryimage\"},\"thumbnailUrl\":\"https:\/\/mekulo.com\/no\/wp-content\/uploads\/sites\/10\/2026\/01\/tt9bhwh-1.jpg\",\"datePublished\":\"2026-01-04T16:38:58+00:00\",\"dateModified\":\"2026-01-04T16:39:47+00:00\",\"breadcrumb\":{\"@id\":\"https:\/\/mekulo.com\/no\/produkt\/brillehandtak\/#breadcrumb\"},\"inLanguage\":\"nb-NO\",\"potentialAction\":[{\"@type\":\"ReadAction\",\"target\":[\"https:\/\/mekulo.com\/no\/produkt\/brillehandtak\/\"]}]},{\"@type\":\"ImageObject\",\"inLanguage\":\"nb-NO\",\"@id\":\"https:\/\/mekulo.com\/no\/produkt\/brillehandtak\/#primaryimage\",\"url\":\"https:\/\/mekulo.com\/no\/wp-content\/uploads\/sites\/10\/2026\/01\/tt9bhwh-1.jpg\",\"contentUrl\":\"https:\/\/mekulo.com\/no\/wp-content\/uploads\/sites\/10\/2026\/01\/tt9bhwh-1.jpg\",\"width\":1080,\"height\":1080},{\"@type\":\"BreadcrumbList\",\"@id\":\"https:\/\/mekulo.com\/no\/produkt\/brillehandtak\/#breadcrumb\",\"itemListElement\":[{\"@type\":\"ListItem\",\"position\":1,\"name\":\"Home\",\"item\":\"https:\/\/mekulo.com\/no\/\"},{\"@type\":\"ListItem\",\"position\":2,\"name\":\"Butikk\",\"item\":\"https:\/\/mekulo.com\/no\/butikk\/\"},{\"@type\":\"ListItem\",\"position\":3,\"name\":\"Brilleh\u00e5ndtak\"}]},{\"@type\":\"WebSite\",\"@id\":\"https:\/\/mekulo.com\/no\/#website\",\"url\":\"https:\/\/mekulo.com\/no\/\",\"name\":\"Mekulo NO\",\"description\":\"\",\"publisher\":{\"@id\":\"https:\/\/mekulo.com\/no\/#organization\"},\"potentialAction\":[{\"@type\":\"SearchAction\",\"target\":{\"@type\":\"EntryPoint\",\"urlTemplate\":\"https:\/\/mekulo.com\/no\/?s={search_term_string}\"},\"query-input\":{\"@type\":\"PropertyValueSpecification\",\"valueRequired\":true,\"valueName\":\"search_term_string\"}}],\"inLanguage\":\"nb-NO\"},{\"@type\":\"Organization\",\"@id\":\"https:\/\/mekulo.com\/no\/#organization\",\"name\":\"Mekulo\",\"url\":\"https:\/\/mekulo.com\/no\/\",\"logo\":{\"@type\":\"ImageObject\",\"inLanguage\":\"nb-NO\",\"@id\":\"https:\/\/mekulo.com\/no\/#\/schema\/logo\/image\/\",\"url\":\"https:\/\/mekulo.com\/no\/wp-content\/uploads\/sites\/10\/2025\/12\/favicon_mekulo.png\",\"contentUrl\":\"https:\/\/mekulo.com\/no\/wp-content\/uploads\/sites\/10\/2025\/12\/favicon_mekulo.png\",\"width\":50,\"height\":50,\"caption\":\"Mekulo\"},\"image\":{\"@id\":\"https:\/\/mekulo.com\/no\/#\/schema\/logo\/image\/\"}}]}<\/script>\n<!-- \/ Yoast SEO plugin. -->","yoast_head_json":{"title":"Brilleh\u00e5ndtak - Mekulo NO","robots":{"index":"index","follow":"follow","max-snippet":"max-snippet:-1","max-image-preview":"max-image-preview:large","max-video-preview":"max-video-preview:-1"},"canonical":"https:\/\/mekulo.com\/no\/produkt\/brillehandtak\/","og_locale":"nb_NO","og_type":"article","og_title":"Brilleh\u00e5ndtak - Mekulo NO","og_description":"Disse myke brilleh\u00e5ndtakene holder brillene dine komfortabelt p\u00e5 plass - du slipper \u00e5 justere, skli eller miste brillene. Perfekt til sport, jobb eller hverdagsbruk!","og_url":"https:\/\/mekulo.com\/no\/produkt\/brillehandtak\/","og_site_name":"Mekulo NO","article_modified_time":"2026-01-04T16:39:47+00:00","og_image":[{"width":1080,"height":1080,"url":"https:\/\/mekulo.com\/no\/wp-content\/uploads\/sites\/10\/2026\/01\/tt9bhwh-1.jpg","type":"image\/jpeg"}],"twitter_card":"summary_large_image","twitter_misc":{"Ansl. lesetid":"2 minutter"},"schema":{"@context":"https:\/\/schema.org","@graph":[{"@type":"WebPage","@id":"https:\/\/mekulo.com\/no\/produkt\/brillehandtak\/","url":"https:\/\/mekulo.com\/no\/produkt\/brillehandtak\/","name":"Brilleh\u00e5ndtak - Mekulo NO","isPartOf":{"@id":"https:\/\/mekulo.com\/no\/#website"},"primaryImageOfPage":{"@id":"https:\/\/mekulo.com\/no\/produkt\/brillehandtak\/#primaryimage"},"image":{"@id":"https:\/\/mekulo.com\/no\/produkt\/brillehandtak\/#primaryimage"},"thumbnailUrl":"https:\/\/mekulo.com\/no\/wp-content\/uploads\/sites\/10\/2026\/01\/tt9bhwh-1.jpg","datePublished":"2026-01-04T16:38:58+00:00","dateModified":"2026-01-04T16:39:47+00:00","breadcrumb":{"@id":"https:\/\/mekulo.com\/no\/produkt\/brillehandtak\/#breadcrumb"},"inLanguage":"nb-NO","potentialAction":[{"@type":"ReadAction","target":["https:\/\/mekulo.com\/no\/produkt\/brillehandtak\/"]}]},{"@type":"ImageObject","inLanguage":"nb-NO","@id":"https:\/\/mekulo.com\/no\/produkt\/brillehandtak\/#primaryimage","url":"https:\/\/mekulo.com\/no\/wp-content\/uploads\/sites\/10\/2026\/01\/tt9bhwh-1.jpg","contentUrl":"https:\/\/mekulo.com\/no\/wp-content\/uploads\/sites\/10\/2026\/01\/tt9bhwh-1.jpg","width":1080,"height":1080},{"@type":"BreadcrumbList","@id":"https:\/\/mekulo.com\/no\/produkt\/brillehandtak\/#breadcrumb","itemListElement":[{"@type":"ListItem","position":1,"name":"Home","item":"https:\/\/mekulo.com\/no\/"},{"@type":"ListItem","position":2,"name":"Butikk","item":"https:\/\/mekulo.com\/no\/butikk\/"},{"@type":"ListItem","position":3,"name":"Brilleh\u00e5ndtak"}]},{"@type":"WebSite","@id":"https:\/\/mekulo.com\/no\/#website","url":"https:\/\/mekulo.com\/no\/","name":"Mekulo NO","description":"","publisher":{"@id":"https:\/\/mekulo.com\/no\/#organization"},"potentialAction":[{"@type":"SearchAction","target":{"@type":"EntryPoint","urlTemplate":"https:\/\/mekulo.com\/no\/?s={search_term_string}"},"query-input":{"@type":"PropertyValueSpecification","valueRequired":true,"valueName":"search_term_string"}}],"inLanguage":"nb-NO"},{"@type":"Organization","@id":"https:\/\/mekulo.com\/no\/#organization","name":"Mekulo","url":"https:\/\/mekulo.com\/no\/","logo":{"@type":"ImageObject","inLanguage":"nb-NO","@id":"https:\/\/mekulo.com\/no\/#\/schema\/logo\/image\/","url":"https:\/\/mekulo.com\/no\/wp-content\/uploads\/sites\/10\/2025\/12\/favicon_mekulo.png","contentUrl":"https:\/\/mekulo.com\/no\/wp-content\/uploads\/sites\/10\/2025\/12\/favicon_mekulo.png","width":50,"height":50,"caption":"Mekulo"},"image":{"@id":"https:\/\/mekulo.com\/no\/#\/schema\/logo\/image\/"}}]}},"_links":{"self":[{"href":"https:\/\/mekulo.com\/no\/wp-json\/wp\/v2\/product\/14086","targetHints":{"allow":["GET"]}}],"collection":[{"href":"https:\/\/mekulo.com\/no\/wp-json\/wp\/v2\/product"}],"about":[{"href":"https:\/\/mekulo.com\/no\/wp-json\/wp\/v2\/types\/product"}],"replies":[{"embeddable":true,"href":"https:\/\/mekulo.com\/no\/wp-json\/wp\/v2\/comments?post=14086"}],"wp:featuredmedia":[{"embeddable":true,"href":"https:\/\/mekulo.com\/no\/wp-json\/wp\/v2\/media\/14082"}],"wp:attachment":[{"href":"https:\/\/mekulo.com\/no\/wp-json\/wp\/v2\/media?parent=14086"}],"wp:term":[{"taxonomy":"product_brand","embeddable":true,"href":"https:\/\/mekulo.com\/no\/wp-json\/wp\/v2\/product_brand?post=14086"},{"taxonomy":"product_cat","embeddable":true,"href":"https:\/\/mekulo.com\/no\/wp-json\/wp\/v2\/product_cat?post=14086"},{"taxonomy":"product_tag","embeddable":true,"href":"https:\/\/mekulo.com\/no\/wp-json\/wp\/v2\/product_tag?post=14086"}],"curies":[{"name":"wp","href":"https:\/\/api.w.org\/{rel}","templated":true}]}}