{"id":14018,"date":"2026-01-04T18:34:23","date_gmt":"2026-01-04T16:34:23","guid":{"rendered":"https:\/\/mekulo.com\/no\/produkt\/hverdagsveske\/"},"modified":"2026-01-04T19:50:07","modified_gmt":"2026-01-04T17:50:07","slug":"hverdagsveske","status":"publish","type":"product","link":"https:\/\/mekulo.com\/no\/produkt\/hverdagsveske\/","title":{"rendered":"Hverdagsveske"},"content":{"rendered":"<h2 style=\"text-align: center;\">F\u00e5 stil og funksjonalitet med hverdagsvesken<\/h2>\n<p><img fetchpriority=\"high\" decoding=\"async\" class=\"alignnone size-full wp-image-22657 aligncenter\" src=\"https:\/\/keluvo.com\/template\/wp-content\/uploads\/sites\/5\/2025\/06\/1e9c1941a86e40737cd6947a91aebbcbc0bb10dcd6ea51af5d13e29421f84725-ezgif.com-crop.webp\" alt=\"\" width=\"576\" height=\"695\" \/><\/p>\n<h2 style=\"text-align: center;\">Her er hvorfor du vil elske hverdagsvesken:<\/h2>\n<p><strong>Smart oppbevaring<\/strong>: To lommer med glidel\u00e5s foran og et stort hovedrom holder orden p\u00e5 alt.<\/p>\n<p><strong>Trendy design<\/strong>: Den myke kordfl\u00f8yelen gir et elegant preg til ethvert antrekk.<\/p>\n<p><strong>Romslig, men praktisk<\/strong>: Plass til b\u00e6rbar PC, b\u00f8ker, sminke og mye mer.<\/p>\n<p><strong>Allsidige b\u00e6realternativer<\/strong>: Bruk h\u00e5ndtakene for en klassisk stil eller den justerbare skulderstroppen for komfort.<\/p>\n<p><strong>Slitesterk og stilig<\/strong>: Bygget for \u00e5 vare med n\u00f8ye oppmerksomhet p\u00e5 detaljer.<\/p>\n<p><img decoding=\"async\" class=\"alignnone size-full wp-image-22656 aligncenter\" src=\"https:\/\/keluvo.com\/template\/wp-content\/uploads\/sites\/5\/2025\/06\/ezgif.com-optimize_6.webp\" alt=\"\" width=\"576\" height=\"1024\" \/><\/p>\n<h2 style=\"text-align: center;\">Spesifikasjoner:<\/h2>\n<ul>\n<li>St\u00f8rrelse: 36 cm bred, 28 cm h\u00f8y, 14 cm dyp<\/li>\n<li>Materiale: Myk kordfl\u00f8yel<\/li>\n<li>B\u00e6reanordning: H\u00e5ndtak (22 cm h\u00f8yt) og justerbar skulderrem<\/li>\n<\/ul>\n<p style=\"text-align: center;\"><strong>\u23f3 Ikke Vent! Hverdagsvesken Ba Er Veldig Popul\u00e6r Og Blir Fort Utsolgt!<\/strong><\/p>\n","protected":false},"excerpt":{"rendered":"<p>L\u00f8ft hverdagsantrekket ditt med denne hverdagsvesken. Denne stilige vesken i kordfl\u00f8yel passer perfekt inn i en travel hverdag. Enten du skal p\u00e5 jobb, skole eller bare ut og reise, har den nok plass til det viktigste, samtidig som den fremhever looken din.<\/p>\n","protected":false},"featured_media":14014,"comment_status":"open","ping_status":"closed","template":"","meta":{"site-sidebar-layout":"default","site-content-layout":"","ast-site-content-layout":"default","site-content-style":"default","site-sidebar-style":"default","ast-global-header-display":"","ast-banner-title-visibility":"","ast-main-header-display":"","ast-hfb-above-header-display":"","ast-hfb-below-header-display":"","ast-hfb-mobile-header-display":"","site-post-title":"","ast-breadcrumbs-content":"","ast-featured-img":"","footer-sml-layout":"","theme-transparent-header-meta":"default","adv-header-id-meta":"","stick-header-meta":"","header-above-stick-meta":"","header-main-stick-meta":"","header-below-stick-meta":"","astra-migrate-meta-layouts":"set","ast-page-background-enabled":"default","ast-page-background-meta":{"desktop":{"background-color":"var(--ast-global-color-5)","background-image":"","background-repeat":"repeat","background-position":"center center","background-size":"auto","background-attachment":"scroll","background-type":"","background-media":"","overlay-type":"","overlay-color":"","overlay-opacity":"","overlay-gradient":""},"tablet":{"background-color":"","background-image":"","background-repeat":"repeat","background-position":"center center","background-size":"auto","background-attachment":"scroll","background-type":"","background-media":"","overlay-type":"","overlay-color":"","overlay-opacity":"","overlay-gradient":""},"mobile":{"background-color":"","background-image":"","background-repeat":"repeat","background-position":"center center","background-size":"auto","background-attachment":"scroll","background-type":"","background-media":"","overlay-type":"","overlay-color":"","overlay-opacity":"","overlay-gradient":""}},"ast-content-background-meta":{"desktop":{"background-color":"var(--ast-global-color-4)","background-image":"","background-repeat":"repeat","background-position":"center center","background-size":"auto","background-attachment":"scroll","background-type":"","background-media":"","overlay-type":"","overlay-color":"","overlay-opacity":"","overlay-gradient":""},"tablet":{"background-color":"var(--ast-global-color-4)","background-image":"","background-repeat":"repeat","background-position":"center center","background-size":"auto","background-attachment":"scroll","background-type":"","background-media":"","overlay-type":"","overlay-color":"","overlay-opacity":"","overlay-gradient":""},"mobile":{"background-color":"var(--ast-global-color-4)","background-image":"","background-repeat":"repeat","background-position":"center center","background-size":"auto","background-attachment":"scroll","background-type":"","background-media":"","overlay-type":"","overlay-color":"","overlay-opacity":"","overlay-gradient":""}}},"product_brand":[],"product_cat":[165],"product_tag":[],"class_list":{"0":"post-14018","1":"product","2":"type-product","3":"status-publish","4":"has-post-thumbnail","6":"product_cat-fottoy-tilbehor","7":"pa_48170_2tuapit7-brun","8":"pa_48170_2tuapit7-gronn","9":"pa_48170_2tuapit7-hvit","10":"pa_48170_2tuapit7-svart","11":"desktop-align-left","12":"tablet-align-left","13":"mobile-align-left","15":"first","16":"instock","17":"shipping-taxable","18":"purchasable","19":"product-type-variable"},"yoast_head":"<!-- This site is optimized with the Yoast SEO plugin v26.6 - https:\/\/yoast.com\/wordpress\/plugins\/seo\/ -->\n<title>Hverdagsveske - Mekulo NO<\/title>\n<meta name=\"robots\" content=\"index, follow, max-snippet:-1, max-image-preview:large, max-video-preview:-1\" \/>\n<link rel=\"canonical\" href=\"https:\/\/mekulo.com\/no\/produkt\/hverdagsveske\/\" \/>\n<meta property=\"og:locale\" content=\"nb_NO\" \/>\n<meta property=\"og:type\" content=\"article\" \/>\n<meta property=\"og:title\" content=\"Hverdagsveske - Mekulo NO\" \/>\n<meta property=\"og:description\" content=\"L\u00f8ft hverdagsantrekket ditt med denne hverdagsvesken. Denne stilige vesken i kordfl\u00f8yel passer perfekt inn i en travel hverdag. Enten du skal p\u00e5 jobb, skole eller bare ut og reise, har den nok plass til det viktigste, samtidig som den fremhever looken din.\" \/>\n<meta property=\"og:url\" content=\"https:\/\/mekulo.com\/no\/produkt\/hverdagsveske\/\" \/>\n<meta property=\"og:site_name\" content=\"Mekulo NO\" \/>\n<meta property=\"article:modified_time\" content=\"2026-01-04T17:50:07+00:00\" \/>\n<meta property=\"og:image\" content=\"https:\/\/mekulo.com\/no\/wp-content\/uploads\/sites\/10\/2026\/01\/zrghx0j-1.webp\" \/>\n\t<meta property=\"og:image:width\" content=\"713\" \/>\n\t<meta property=\"og:image:height\" content=\"713\" \/>\n\t<meta property=\"og:image:type\" content=\"image\/webp\" \/>\n<meta name=\"twitter:card\" content=\"summary_large_image\" \/>\n<meta name=\"twitter:label1\" content=\"Ansl. lesetid\" \/>\n\t<meta name=\"twitter:data1\" content=\"2 minutter\" \/>\n<script type=\"application\/ld+json\" class=\"yoast-schema-graph\">{\"@context\":\"https:\/\/schema.org\",\"@graph\":[{\"@type\":\"WebPage\",\"@id\":\"https:\/\/mekulo.com\/no\/produkt\/hverdagsveske\/\",\"url\":\"https:\/\/mekulo.com\/no\/produkt\/hverdagsveske\/\",\"name\":\"Hverdagsveske - Mekulo NO\",\"isPartOf\":{\"@id\":\"https:\/\/mekulo.com\/no\/#website\"},\"primaryImageOfPage\":{\"@id\":\"https:\/\/mekulo.com\/no\/produkt\/hverdagsveske\/#primaryimage\"},\"image\":{\"@id\":\"https:\/\/mekulo.com\/no\/produkt\/hverdagsveske\/#primaryimage\"},\"thumbnailUrl\":\"https:\/\/mekulo.com\/no\/wp-content\/uploads\/sites\/10\/2026\/01\/zrghx0j-1.webp\",\"datePublished\":\"2026-01-04T16:34:23+00:00\",\"dateModified\":\"2026-01-04T17:50:07+00:00\",\"breadcrumb\":{\"@id\":\"https:\/\/mekulo.com\/no\/produkt\/hverdagsveske\/#breadcrumb\"},\"inLanguage\":\"nb-NO\",\"potentialAction\":[{\"@type\":\"ReadAction\",\"target\":[\"https:\/\/mekulo.com\/no\/produkt\/hverdagsveske\/\"]}]},{\"@type\":\"ImageObject\",\"inLanguage\":\"nb-NO\",\"@id\":\"https:\/\/mekulo.com\/no\/produkt\/hverdagsveske\/#primaryimage\",\"url\":\"https:\/\/mekulo.com\/no\/wp-content\/uploads\/sites\/10\/2026\/01\/zrghx0j-1.webp\",\"contentUrl\":\"https:\/\/mekulo.com\/no\/wp-content\/uploads\/sites\/10\/2026\/01\/zrghx0j-1.webp\",\"width\":713,\"height\":713},{\"@type\":\"BreadcrumbList\",\"@id\":\"https:\/\/mekulo.com\/no\/produkt\/hverdagsveske\/#breadcrumb\",\"itemListElement\":[{\"@type\":\"ListItem\",\"position\":1,\"name\":\"Home\",\"item\":\"https:\/\/mekulo.com\/no\/\"},{\"@type\":\"ListItem\",\"position\":2,\"name\":\"Butikk\",\"item\":\"https:\/\/mekulo.com\/no\/butikk\/\"},{\"@type\":\"ListItem\",\"position\":3,\"name\":\"Hverdagsveske\"}]},{\"@type\":\"WebSite\",\"@id\":\"https:\/\/mekulo.com\/no\/#website\",\"url\":\"https:\/\/mekulo.com\/no\/\",\"name\":\"Mekulo NO\",\"description\":\"\",\"publisher\":{\"@id\":\"https:\/\/mekulo.com\/no\/#organization\"},\"potentialAction\":[{\"@type\":\"SearchAction\",\"target\":{\"@type\":\"EntryPoint\",\"urlTemplate\":\"https:\/\/mekulo.com\/no\/?s={search_term_string}\"},\"query-input\":{\"@type\":\"PropertyValueSpecification\",\"valueRequired\":true,\"valueName\":\"search_term_string\"}}],\"inLanguage\":\"nb-NO\"},{\"@type\":\"Organization\",\"@id\":\"https:\/\/mekulo.com\/no\/#organization\",\"name\":\"Mekulo\",\"url\":\"https:\/\/mekulo.com\/no\/\",\"logo\":{\"@type\":\"ImageObject\",\"inLanguage\":\"nb-NO\",\"@id\":\"https:\/\/mekulo.com\/no\/#\/schema\/logo\/image\/\",\"url\":\"https:\/\/mekulo.com\/no\/wp-content\/uploads\/sites\/10\/2025\/12\/favicon_mekulo.png\",\"contentUrl\":\"https:\/\/mekulo.com\/no\/wp-content\/uploads\/sites\/10\/2025\/12\/favicon_mekulo.png\",\"width\":50,\"height\":50,\"caption\":\"Mekulo\"},\"image\":{\"@id\":\"https:\/\/mekulo.com\/no\/#\/schema\/logo\/image\/\"}}]}<\/script>\n<!-- \/ Yoast SEO plugin. -->","yoast_head_json":{"title":"Hverdagsveske - Mekulo NO","robots":{"index":"index","follow":"follow","max-snippet":"max-snippet:-1","max-image-preview":"max-image-preview:large","max-video-preview":"max-video-preview:-1"},"canonical":"https:\/\/mekulo.com\/no\/produkt\/hverdagsveske\/","og_locale":"nb_NO","og_type":"article","og_title":"Hverdagsveske - Mekulo NO","og_description":"L\u00f8ft hverdagsantrekket ditt med denne hverdagsvesken. Denne stilige vesken i kordfl\u00f8yel passer perfekt inn i en travel hverdag. Enten du skal p\u00e5 jobb, skole eller bare ut og reise, har den nok plass til det viktigste, samtidig som den fremhever looken din.","og_url":"https:\/\/mekulo.com\/no\/produkt\/hverdagsveske\/","og_site_name":"Mekulo NO","article_modified_time":"2026-01-04T17:50:07+00:00","og_image":[{"width":713,"height":713,"url":"https:\/\/mekulo.com\/no\/wp-content\/uploads\/sites\/10\/2026\/01\/zrghx0j-1.webp","type":"image\/webp"}],"twitter_card":"summary_large_image","twitter_misc":{"Ansl. lesetid":"2 minutter"},"schema":{"@context":"https:\/\/schema.org","@graph":[{"@type":"WebPage","@id":"https:\/\/mekulo.com\/no\/produkt\/hverdagsveske\/","url":"https:\/\/mekulo.com\/no\/produkt\/hverdagsveske\/","name":"Hverdagsveske - Mekulo NO","isPartOf":{"@id":"https:\/\/mekulo.com\/no\/#website"},"primaryImageOfPage":{"@id":"https:\/\/mekulo.com\/no\/produkt\/hverdagsveske\/#primaryimage"},"image":{"@id":"https:\/\/mekulo.com\/no\/produkt\/hverdagsveske\/#primaryimage"},"thumbnailUrl":"https:\/\/mekulo.com\/no\/wp-content\/uploads\/sites\/10\/2026\/01\/zrghx0j-1.webp","datePublished":"2026-01-04T16:34:23+00:00","dateModified":"2026-01-04T17:50:07+00:00","breadcrumb":{"@id":"https:\/\/mekulo.com\/no\/produkt\/hverdagsveske\/#breadcrumb"},"inLanguage":"nb-NO","potentialAction":[{"@type":"ReadAction","target":["https:\/\/mekulo.com\/no\/produkt\/hverdagsveske\/"]}]},{"@type":"ImageObject","inLanguage":"nb-NO","@id":"https:\/\/mekulo.com\/no\/produkt\/hverdagsveske\/#primaryimage","url":"https:\/\/mekulo.com\/no\/wp-content\/uploads\/sites\/10\/2026\/01\/zrghx0j-1.webp","contentUrl":"https:\/\/mekulo.com\/no\/wp-content\/uploads\/sites\/10\/2026\/01\/zrghx0j-1.webp","width":713,"height":713},{"@type":"BreadcrumbList","@id":"https:\/\/mekulo.com\/no\/produkt\/hverdagsveske\/#breadcrumb","itemListElement":[{"@type":"ListItem","position":1,"name":"Home","item":"https:\/\/mekulo.com\/no\/"},{"@type":"ListItem","position":2,"name":"Butikk","item":"https:\/\/mekulo.com\/no\/butikk\/"},{"@type":"ListItem","position":3,"name":"Hverdagsveske"}]},{"@type":"WebSite","@id":"https:\/\/mekulo.com\/no\/#website","url":"https:\/\/mekulo.com\/no\/","name":"Mekulo NO","description":"","publisher":{"@id":"https:\/\/mekulo.com\/no\/#organization"},"potentialAction":[{"@type":"SearchAction","target":{"@type":"EntryPoint","urlTemplate":"https:\/\/mekulo.com\/no\/?s={search_term_string}"},"query-input":{"@type":"PropertyValueSpecification","valueRequired":true,"valueName":"search_term_string"}}],"inLanguage":"nb-NO"},{"@type":"Organization","@id":"https:\/\/mekulo.com\/no\/#organization","name":"Mekulo","url":"https:\/\/mekulo.com\/no\/","logo":{"@type":"ImageObject","inLanguage":"nb-NO","@id":"https:\/\/mekulo.com\/no\/#\/schema\/logo\/image\/","url":"https:\/\/mekulo.com\/no\/wp-content\/uploads\/sites\/10\/2025\/12\/favicon_mekulo.png","contentUrl":"https:\/\/mekulo.com\/no\/wp-content\/uploads\/sites\/10\/2025\/12\/favicon_mekulo.png","width":50,"height":50,"caption":"Mekulo"},"image":{"@id":"https:\/\/mekulo.com\/no\/#\/schema\/logo\/image\/"}}]}},"_links":{"self":[{"href":"https:\/\/mekulo.com\/no\/wp-json\/wp\/v2\/product\/14018","targetHints":{"allow":["GET"]}}],"collection":[{"href":"https:\/\/mekulo.com\/no\/wp-json\/wp\/v2\/product"}],"about":[{"href":"https:\/\/mekulo.com\/no\/wp-json\/wp\/v2\/types\/product"}],"replies":[{"embeddable":true,"href":"https:\/\/mekulo.com\/no\/wp-json\/wp\/v2\/comments?post=14018"}],"wp:featuredmedia":[{"embeddable":true,"href":"https:\/\/mekulo.com\/no\/wp-json\/wp\/v2\/media\/14014"}],"wp:attachment":[{"href":"https:\/\/mekulo.com\/no\/wp-json\/wp\/v2\/media?parent=14018"}],"wp:term":[{"taxonomy":"product_brand","embeddable":true,"href":"https:\/\/mekulo.com\/no\/wp-json\/wp\/v2\/product_brand?post=14018"},{"taxonomy":"product_cat","embeddable":true,"href":"https:\/\/mekulo.com\/no\/wp-json\/wp\/v2\/product_cat?post=14018"},{"taxonomy":"product_tag","embeddable":true,"href":"https:\/\/mekulo.com\/no\/wp-json\/wp\/v2\/product_tag?post=14018"}],"curies":[{"name":"wp","href":"https:\/\/api.w.org\/{rel}","templated":true}]}}