{"id":13989,"date":"2026-01-04T18:33:09","date_gmt":"2026-01-04T16:33:09","guid":{"rendered":"https:\/\/mekulo.com\/no\/produkt\/livreddende-armband\/"},"modified":"2026-01-04T18:33:39","modified_gmt":"2026-01-04T16:33:39","slug":"livreddende-armband","status":"publish","type":"product","link":"https:\/\/mekulo.com\/no\/produkt\/livreddende-armband\/","title":{"rendered":"Livreddende armb\u00e5nd"},"content":{"rendered":"<h2 style=\"text-align: center\">Et armb\u00e5nd som kan redde livet ditt<\/h2>\n<p><img decoding=\"async\" class=\"size-medium wp-image-12027 aligncenter\" src=\"https:\/\/keluvo.com\/template\/wp-content\/uploads\/sites\/5\/2024\/11\/ad1Bracelet.jpg\" alt=\"\" \/><\/p>\n<h2><\/h2>\n<h2 style=\"text-align: center\">Premiumkvalitet og behagelig \u00e5 ha p\u00e5<\/h2>\n<p style=\"text-align: center\">Designet for b\u00e5de holdbarhet og komfort, er det livreddende armb\u00e5ndet laget av ekte l\u00e6r og rustfritt st\u00e5l av h\u00f8y kvalitet, noe som gj\u00f8r det stilig, lett og motstandsdyktig mot daglig slitasje. Den justerbare stroppen s\u00f8rger for perfekt passform, slik at du kan ha det p\u00e5 deg hele dagen uten ubehag. Enten du er p\u00e5 jobb, p\u00e5 reise eller driver med sport, sitter armb\u00e5ndet trygt p\u00e5 h\u00e5ndleddet &#8211; alltid klar til \u00e5 kommunisere viktig helseinformasjon.<\/p>\n<p><img decoding=\"async\" class=\"size-medium wp-image-12029 aligncenter\" src=\"https:\/\/keluvo.com\/template\/wp-content\/uploads\/sites\/5\/2024\/11\/desc2Bracelet.webp\" alt=\"\" \/><\/p>\n<h2><\/h2>\n<h2 style=\"text-align: center\">Tilpasset gravering for ulike medisinske tilstander<\/h2>\n<p style=\"text-align: center\">Vi tilbyr tilpasset gravering for et bredt spekter av medisinske tilstander, slik at armb\u00e5ndet ditt gjenspeiler dine spesifikke helsebehov. Hvis du har en unik tilstand, kan vi gravere den for deg. V\u00e6r trygg, v\u00e6r forberedt, og la det livreddende armb\u00e5ndet ditt snakke for deg n\u00e5r du ikke kan det.<\/p>\n<p><img decoding=\"async\" class=\"size-medium wp-image-12030 aligncenter\" src=\"https:\/\/keluvo.com\/template\/wp-content\/uploads\/sites\/5\/2024\/11\/WhatsApp-Image-2025-03-10-at-15.20.28_b8a0b041.jpg\" alt=\"\" \/><\/p>\n","protected":false},"excerpt":{"rendered":"<p>Helsekriser kan oppst\u00e5 n\u00e5r som helst og hvor som helst. Enten det er en ulykke, en plutselig helsekrise eller bevisstl\u00f8shet, teller hvert sekund. Det livreddende armb\u00e5ndet s\u00f8rger for at f\u00f8rstehjelpspersonell, medisinsk personell og til og med tilskuere umiddelbart gjenkjenner din medisinske tilstand, slik at de kan gi deg riktig behandling uten forsinkelser. Med viktig helseinformasjon tydelig inngravert, kan du v\u00e6re trygg p\u00e5 at tilstanden din ikke g\u00e5r ubemerket hen n\u00e5r det gjelder som mest.<\/p>\n","protected":false},"featured_media":13985,"comment_status":"open","ping_status":"closed","template":"","meta":{"site-sidebar-layout":"default","site-content-layout":"","ast-site-content-layout":"default","site-content-style":"default","site-sidebar-style":"default","ast-global-header-display":"","ast-banner-title-visibility":"","ast-main-header-display":"","ast-hfb-above-header-display":"","ast-hfb-below-header-display":"","ast-hfb-mobile-header-display":"","site-post-title":"","ast-breadcrumbs-content":"","ast-featured-img":"","footer-sml-layout":"","theme-transparent-header-meta":"default","adv-header-id-meta":"","stick-header-meta":"","header-above-stick-meta":"","header-main-stick-meta":"","header-below-stick-meta":"","astra-migrate-meta-layouts":"set","ast-page-background-enabled":"default","ast-page-background-meta":{"desktop":{"background-color":"var(--ast-global-color-5)","background-image":"","background-repeat":"repeat","background-position":"center center","background-size":"auto","background-attachment":"scroll","background-type":"","background-media":"","overlay-type":"","overlay-color":"","overlay-opacity":"","overlay-gradient":""},"tablet":{"background-color":"","background-image":"","background-repeat":"repeat","background-position":"center center","background-size":"auto","background-attachment":"scroll","background-type":"","background-media":"","overlay-type":"","overlay-color":"","overlay-opacity":"","overlay-gradient":""},"mobile":{"background-color":"","background-image":"","background-repeat":"repeat","background-position":"center center","background-size":"auto","background-attachment":"scroll","background-type":"","background-media":"","overlay-type":"","overlay-color":"","overlay-opacity":"","overlay-gradient":""}},"ast-content-background-meta":{"desktop":{"background-color":"var(--ast-global-color-4)","background-image":"","background-repeat":"repeat","background-position":"center center","background-size":"auto","background-attachment":"scroll","background-type":"","background-media":"","overlay-type":"","overlay-color":"","overlay-opacity":"","overlay-gradient":""},"tablet":{"background-color":"var(--ast-global-color-4)","background-image":"","background-repeat":"repeat","background-position":"center center","background-size":"auto","background-attachment":"scroll","background-type":"","background-media":"","overlay-type":"","overlay-color":"","overlay-opacity":"","overlay-gradient":""},"mobile":{"background-color":"var(--ast-global-color-4)","background-image":"","background-repeat":"repeat","background-position":"center center","background-size":"auto","background-attachment":"scroll","background-type":"","background-media":"","overlay-type":"","overlay-color":"","overlay-opacity":"","overlay-gradient":""}}},"product_brand":[],"product_cat":[165],"product_tag":[],"class_list":{"0":"post-13989","1":"product","2":"type-product","3":"status-publish","4":"has-post-thumbnail","6":"product_cat-fottoy-tilbehor","7":"pa_15075_phn0vkjv-allergi","8":"pa_15075_phn0vkjv-alzheimers-sykdom","9":"pa_15075_phn0vkjv-diabetes-type-2","10":"pa_15075_phn0vkjv-epilepsi","11":"pa_15075_phn0vkjv-hjertesykdom","12":"pa_15075_phn0vkjv-hoyt-blodtrykk","13":"pa_15075_phn0vkjv-kols","14":"pa_15075_phn0vkjv-lungesykdom","15":"pa_15075_phn0vkjv-pacemaker","16":"pa_15075_phn0vkjv-type-1-diabetes","17":"desktop-align-left","18":"tablet-align-left","19":"mobile-align-left","21":"first","22":"instock","23":"shipping-taxable","24":"purchasable","25":"product-type-variable"},"yoast_head":"<!-- This site is optimized with the Yoast SEO plugin v26.6 - https:\/\/yoast.com\/wordpress\/plugins\/seo\/ -->\n<title>Livreddende armb\u00e5nd - Mekulo NO<\/title>\n<meta name=\"robots\" content=\"index, follow, max-snippet:-1, max-image-preview:large, max-video-preview:-1\" \/>\n<link rel=\"canonical\" href=\"https:\/\/mekulo.com\/no\/produkt\/livreddende-armband\/\" \/>\n<meta property=\"og:locale\" content=\"nb_NO\" \/>\n<meta property=\"og:type\" content=\"article\" \/>\n<meta property=\"og:title\" content=\"Livreddende armb\u00e5nd - Mekulo NO\" \/>\n<meta property=\"og:description\" content=\"Helsekriser kan oppst\u00e5 n\u00e5r som helst og hvor som helst. Enten det er en ulykke, en plutselig helsekrise eller bevisstl\u00f8shet, teller hvert sekund. Det livreddende armb\u00e5ndet s\u00f8rger for at f\u00f8rstehjelpspersonell, medisinsk personell og til og med tilskuere umiddelbart gjenkjenner din medisinske tilstand, slik at de kan gi deg riktig behandling uten forsinkelser. Med viktig helseinformasjon tydelig inngravert, kan du v\u00e6re trygg p\u00e5 at tilstanden din ikke g\u00e5r ubemerket hen n\u00e5r det gjelder som mest.\" \/>\n<meta property=\"og:url\" content=\"https:\/\/mekulo.com\/no\/produkt\/livreddende-armband\/\" \/>\n<meta property=\"og:site_name\" content=\"Mekulo NO\" \/>\n<meta property=\"article:modified_time\" content=\"2026-01-04T16:33:39+00:00\" \/>\n<meta property=\"og:image\" content=\"https:\/\/mekulo.com\/no\/wp-content\/uploads\/sites\/10\/2026\/01\/anrct0e-1.webp\" \/>\n\t<meta property=\"og:image:width\" content=\"800\" \/>\n\t<meta property=\"og:image:height\" content=\"800\" \/>\n\t<meta property=\"og:image:type\" content=\"image\/webp\" \/>\n<meta name=\"twitter:card\" content=\"summary_large_image\" \/>\n<meta name=\"twitter:label1\" content=\"Ansl. lesetid\" \/>\n\t<meta name=\"twitter:data1\" content=\"2 minutter\" \/>\n<script type=\"application\/ld+json\" class=\"yoast-schema-graph\">{\"@context\":\"https:\/\/schema.org\",\"@graph\":[{\"@type\":\"WebPage\",\"@id\":\"https:\/\/mekulo.com\/no\/produkt\/livreddende-armband\/\",\"url\":\"https:\/\/mekulo.com\/no\/produkt\/livreddende-armband\/\",\"name\":\"Livreddende armb\u00e5nd - Mekulo NO\",\"isPartOf\":{\"@id\":\"https:\/\/mekulo.com\/no\/#website\"},\"primaryImageOfPage\":{\"@id\":\"https:\/\/mekulo.com\/no\/produkt\/livreddende-armband\/#primaryimage\"},\"image\":{\"@id\":\"https:\/\/mekulo.com\/no\/produkt\/livreddende-armband\/#primaryimage\"},\"thumbnailUrl\":\"https:\/\/mekulo.com\/no\/wp-content\/uploads\/sites\/10\/2026\/01\/anrct0e-1.webp\",\"datePublished\":\"2026-01-04T16:33:09+00:00\",\"dateModified\":\"2026-01-04T16:33:39+00:00\",\"breadcrumb\":{\"@id\":\"https:\/\/mekulo.com\/no\/produkt\/livreddende-armband\/#breadcrumb\"},\"inLanguage\":\"nb-NO\",\"potentialAction\":[{\"@type\":\"ReadAction\",\"target\":[\"https:\/\/mekulo.com\/no\/produkt\/livreddende-armband\/\"]}]},{\"@type\":\"ImageObject\",\"inLanguage\":\"nb-NO\",\"@id\":\"https:\/\/mekulo.com\/no\/produkt\/livreddende-armband\/#primaryimage\",\"url\":\"https:\/\/mekulo.com\/no\/wp-content\/uploads\/sites\/10\/2026\/01\/anrct0e-1.webp\",\"contentUrl\":\"https:\/\/mekulo.com\/no\/wp-content\/uploads\/sites\/10\/2026\/01\/anrct0e-1.webp\",\"width\":800,\"height\":800},{\"@type\":\"BreadcrumbList\",\"@id\":\"https:\/\/mekulo.com\/no\/produkt\/livreddende-armband\/#breadcrumb\",\"itemListElement\":[{\"@type\":\"ListItem\",\"position\":1,\"name\":\"Home\",\"item\":\"https:\/\/mekulo.com\/no\/\"},{\"@type\":\"ListItem\",\"position\":2,\"name\":\"Butikk\",\"item\":\"https:\/\/mekulo.com\/no\/butikk\/\"},{\"@type\":\"ListItem\",\"position\":3,\"name\":\"Livreddende armb\u00e5nd\"}]},{\"@type\":\"WebSite\",\"@id\":\"https:\/\/mekulo.com\/no\/#website\",\"url\":\"https:\/\/mekulo.com\/no\/\",\"name\":\"Mekulo NO\",\"description\":\"\",\"publisher\":{\"@id\":\"https:\/\/mekulo.com\/no\/#organization\"},\"potentialAction\":[{\"@type\":\"SearchAction\",\"target\":{\"@type\":\"EntryPoint\",\"urlTemplate\":\"https:\/\/mekulo.com\/no\/?s={search_term_string}\"},\"query-input\":{\"@type\":\"PropertyValueSpecification\",\"valueRequired\":true,\"valueName\":\"search_term_string\"}}],\"inLanguage\":\"nb-NO\"},{\"@type\":\"Organization\",\"@id\":\"https:\/\/mekulo.com\/no\/#organization\",\"name\":\"Mekulo\",\"url\":\"https:\/\/mekulo.com\/no\/\",\"logo\":{\"@type\":\"ImageObject\",\"inLanguage\":\"nb-NO\",\"@id\":\"https:\/\/mekulo.com\/no\/#\/schema\/logo\/image\/\",\"url\":\"https:\/\/mekulo.com\/no\/wp-content\/uploads\/sites\/10\/2025\/12\/favicon_mekulo.png\",\"contentUrl\":\"https:\/\/mekulo.com\/no\/wp-content\/uploads\/sites\/10\/2025\/12\/favicon_mekulo.png\",\"width\":50,\"height\":50,\"caption\":\"Mekulo\"},\"image\":{\"@id\":\"https:\/\/mekulo.com\/no\/#\/schema\/logo\/image\/\"}}]}<\/script>\n<!-- \/ Yoast SEO plugin. -->","yoast_head_json":{"title":"Livreddende armb\u00e5nd - Mekulo NO","robots":{"index":"index","follow":"follow","max-snippet":"max-snippet:-1","max-image-preview":"max-image-preview:large","max-video-preview":"max-video-preview:-1"},"canonical":"https:\/\/mekulo.com\/no\/produkt\/livreddende-armband\/","og_locale":"nb_NO","og_type":"article","og_title":"Livreddende armb\u00e5nd - Mekulo NO","og_description":"Helsekriser kan oppst\u00e5 n\u00e5r som helst og hvor som helst. Enten det er en ulykke, en plutselig helsekrise eller bevisstl\u00f8shet, teller hvert sekund. Det livreddende armb\u00e5ndet s\u00f8rger for at f\u00f8rstehjelpspersonell, medisinsk personell og til og med tilskuere umiddelbart gjenkjenner din medisinske tilstand, slik at de kan gi deg riktig behandling uten forsinkelser. Med viktig helseinformasjon tydelig inngravert, kan du v\u00e6re trygg p\u00e5 at tilstanden din ikke g\u00e5r ubemerket hen n\u00e5r det gjelder som mest.","og_url":"https:\/\/mekulo.com\/no\/produkt\/livreddende-armband\/","og_site_name":"Mekulo NO","article_modified_time":"2026-01-04T16:33:39+00:00","og_image":[{"width":800,"height":800,"url":"https:\/\/mekulo.com\/no\/wp-content\/uploads\/sites\/10\/2026\/01\/anrct0e-1.webp","type":"image\/webp"}],"twitter_card":"summary_large_image","twitter_misc":{"Ansl. lesetid":"2 minutter"},"schema":{"@context":"https:\/\/schema.org","@graph":[{"@type":"WebPage","@id":"https:\/\/mekulo.com\/no\/produkt\/livreddende-armband\/","url":"https:\/\/mekulo.com\/no\/produkt\/livreddende-armband\/","name":"Livreddende armb\u00e5nd - Mekulo NO","isPartOf":{"@id":"https:\/\/mekulo.com\/no\/#website"},"primaryImageOfPage":{"@id":"https:\/\/mekulo.com\/no\/produkt\/livreddende-armband\/#primaryimage"},"image":{"@id":"https:\/\/mekulo.com\/no\/produkt\/livreddende-armband\/#primaryimage"},"thumbnailUrl":"https:\/\/mekulo.com\/no\/wp-content\/uploads\/sites\/10\/2026\/01\/anrct0e-1.webp","datePublished":"2026-01-04T16:33:09+00:00","dateModified":"2026-01-04T16:33:39+00:00","breadcrumb":{"@id":"https:\/\/mekulo.com\/no\/produkt\/livreddende-armband\/#breadcrumb"},"inLanguage":"nb-NO","potentialAction":[{"@type":"ReadAction","target":["https:\/\/mekulo.com\/no\/produkt\/livreddende-armband\/"]}]},{"@type":"ImageObject","inLanguage":"nb-NO","@id":"https:\/\/mekulo.com\/no\/produkt\/livreddende-armband\/#primaryimage","url":"https:\/\/mekulo.com\/no\/wp-content\/uploads\/sites\/10\/2026\/01\/anrct0e-1.webp","contentUrl":"https:\/\/mekulo.com\/no\/wp-content\/uploads\/sites\/10\/2026\/01\/anrct0e-1.webp","width":800,"height":800},{"@type":"BreadcrumbList","@id":"https:\/\/mekulo.com\/no\/produkt\/livreddende-armband\/#breadcrumb","itemListElement":[{"@type":"ListItem","position":1,"name":"Home","item":"https:\/\/mekulo.com\/no\/"},{"@type":"ListItem","position":2,"name":"Butikk","item":"https:\/\/mekulo.com\/no\/butikk\/"},{"@type":"ListItem","position":3,"name":"Livreddende armb\u00e5nd"}]},{"@type":"WebSite","@id":"https:\/\/mekulo.com\/no\/#website","url":"https:\/\/mekulo.com\/no\/","name":"Mekulo NO","description":"","publisher":{"@id":"https:\/\/mekulo.com\/no\/#organization"},"potentialAction":[{"@type":"SearchAction","target":{"@type":"EntryPoint","urlTemplate":"https:\/\/mekulo.com\/no\/?s={search_term_string}"},"query-input":{"@type":"PropertyValueSpecification","valueRequired":true,"valueName":"search_term_string"}}],"inLanguage":"nb-NO"},{"@type":"Organization","@id":"https:\/\/mekulo.com\/no\/#organization","name":"Mekulo","url":"https:\/\/mekulo.com\/no\/","logo":{"@type":"ImageObject","inLanguage":"nb-NO","@id":"https:\/\/mekulo.com\/no\/#\/schema\/logo\/image\/","url":"https:\/\/mekulo.com\/no\/wp-content\/uploads\/sites\/10\/2025\/12\/favicon_mekulo.png","contentUrl":"https:\/\/mekulo.com\/no\/wp-content\/uploads\/sites\/10\/2025\/12\/favicon_mekulo.png","width":50,"height":50,"caption":"Mekulo"},"image":{"@id":"https:\/\/mekulo.com\/no\/#\/schema\/logo\/image\/"}}]}},"_links":{"self":[{"href":"https:\/\/mekulo.com\/no\/wp-json\/wp\/v2\/product\/13989","targetHints":{"allow":["GET"]}}],"collection":[{"href":"https:\/\/mekulo.com\/no\/wp-json\/wp\/v2\/product"}],"about":[{"href":"https:\/\/mekulo.com\/no\/wp-json\/wp\/v2\/types\/product"}],"replies":[{"embeddable":true,"href":"https:\/\/mekulo.com\/no\/wp-json\/wp\/v2\/comments?post=13989"}],"wp:featuredmedia":[{"embeddable":true,"href":"https:\/\/mekulo.com\/no\/wp-json\/wp\/v2\/media\/13985"}],"wp:attachment":[{"href":"https:\/\/mekulo.com\/no\/wp-json\/wp\/v2\/media?parent=13989"}],"wp:term":[{"taxonomy":"product_brand","embeddable":true,"href":"https:\/\/mekulo.com\/no\/wp-json\/wp\/v2\/product_brand?post=13989"},{"taxonomy":"product_cat","embeddable":true,"href":"https:\/\/mekulo.com\/no\/wp-json\/wp\/v2\/product_cat?post=13989"},{"taxonomy":"product_tag","embeddable":true,"href":"https:\/\/mekulo.com\/no\/wp-json\/wp\/v2\/product_tag?post=13989"}],"curies":[{"name":"wp","href":"https:\/\/api.w.org\/{rel}","templated":true}]}}