{"id":13963,"date":"2026-01-04T18:31:00","date_gmt":"2026-01-04T16:31:00","guid":{"rendered":"https:\/\/mekulo.com\/no\/produkt\/presenningsklemmer\/"},"modified":"2026-01-04T19:46:54","modified_gmt":"2026-01-04T17:46:54","slug":"presenningsklemmer","status":"publish","type":"product","link":"https:\/\/mekulo.com\/no\/produkt\/presenningsklemmer\/","title":{"rendered":"Presenningsklemmer"},"content":{"rendered":"<p style=\"text-align: center;\" data-start=\"114\" data-end=\"164\"><strong>Hold presenningene dine sikre selv i sterk vind. \ud83d\udd12<\/strong><\/p>\n<p data-start=\"166\" data-end=\"445\"><img decoding=\"async\" class=\"size-full wp-image-35654 aligncenter\" src=\"https:\/\/keluvo.com\/template\/wp-content\/uploads\/sites\/5\/2025\/09\/092216-ezgif.com-video-to-webp-converter.webp\" alt=\"\" \/><\/p>\n<h2 style=\"text-align: center;\" data-start=\"452\" data-end=\"474\">\ud83c\udf1f Hovedfordeler<\/h2>\n<p data-start=\"477\" data-end=\"542\">\ud83d\udd12 Sterk spiralspenne forhindrer at den sklir eller faller av<\/p>\n<p data-start=\"545\" data-end=\"605\">\u26a1 Justerbar tommelskrue passer enkelt til tykke eller tynne presenninger<\/p>\n<p data-start=\"608\" data-end=\"670\">\ud83d\udcaa Kraftig PP-konstruksjon st\u00f8tter opptil 70 kg<\/p>\n<p data-start=\"673\" data-end=\"717\">\ud83c\udf2c\ufe0f P\u00e5litelig hold selv i vind conditions<\/p>\n<p data-start=\"720\" data-end=\"793\">\ud83c\udfd5\ufe0f Perfekt for presenninger, fortelt, campingvogner, b\u00e5tpresenninger og campingutstyr<\/p>\n<p data-start=\"720\" data-end=\"793\"><img decoding=\"async\" class=\"size-full wp-image-35650 aligncenter\" src=\"https:\/\/keluvo.com\/template\/wp-content\/uploads\/sites\/5\/2025\/09\/4afe8f138f755bf4ff483e81a225b6dae1598986-700.avif\" alt=\"\" \/><\/p>\n<h2 style=\"text-align: center;\" data-start=\"800\" data-end=\"819\">\ud83d\udcdd Slik bruker du den<\/h2>\n<ol data-start=\"820\" data-end=\"1075\">\n<li data-start=\"820\" data-end=\"884\">\n<p data-start=\"823\" data-end=\"884\">Sett presenningskanten inn i det tannede grensesnittet p\u00e5 klipset.<\/p>\n<\/li>\n<li data-start=\"885\" data-end=\"940\">\n<p data-start=\"888\" data-end=\"940\">Tighten the screw knob to lock it firmly in place.<\/p>\n<\/li>\n<li data-start=\"941\" data-end=\"1008\">\n<p data-start=\"944\" data-end=\"1008\">Fest strikk eller tau til klipset for sikker festing.<\/p>\n<\/li>\n<li data-start=\"1009\" data-end=\"1075\">\n<p data-start=\"1012\" data-end=\"1075\">For \u00e5 fjerne det, l\u00f8sner du bare skruen og slipper presenningen.<\/p>\n<\/li>\n<\/ol>\n<h2 style=\"text-align: center;\" data-start=\"1082\" data-end=\"1106\">\ud83d\udccf Produktdetaljer<\/h2>\n<ul data-start=\"1107\" data-end=\"1323\">\n<li data-start=\"1153\" data-end=\"1185\">\n<p data-start=\"1155\" data-end=\"1185\">Materiale: PP (polypropylen)<\/p>\n<\/li>\n<li data-start=\"1186\" data-end=\"1202\">\n<p data-start=\"1188\" data-end=\"1202\">Farge: Svart<\/p>\n<\/li>\n<li data-start=\"1203\" data-end=\"1252\">\n<p data-start=\"1205\" data-end=\"1252\">Lastekapasitet: ca. 50-70 kg<\/p>\n<\/li>\n<li data-start=\"1253\" data-end=\"1323\">\n<p data-start=\"1255\" data-end=\"1323\">Bruk: Presenninger, markiser, b\u00e5ttrekk, campingvogner, telt, utend\u00f8rsoppsett<\/p>\n<\/li>\n<\/ul>\n<h2 style=\"text-align: center;\" data-start=\"1330\" data-end=\"1355\">\ud83d\udce6 Pakken inneholder<\/h2>\n<ul data-start=\"1356\" data-end=\"1430\">\n<li data-start=\"1356\" data-end=\"1430\">\n<p data-start=\"1358\" data-end=\"1430\">10, 25x presenningsklemmer.<\/p>\n<\/li>\n<\/ul>\n","protected":false},"excerpt":{"rendered":"<p>Disse kraftige presenningsklemmene er utformet med et tannet grensesnitt og en spiralformet spenne som l\u00e5ses godt fast p\u00e5 alle presenninger. De er laget av slitesterkt PP-materiale og gir sterkt grep og h\u00f8y b\u00e6reevne, noe som gj\u00f8r dem perfekte for camping, b\u00e5tliv, piknik eller andre utend\u00f8rsaktiviteter.<\/p>\n","protected":false},"featured_media":13959,"comment_status":"open","ping_status":"closed","template":"","meta":{"site-sidebar-layout":"default","site-content-layout":"","ast-site-content-layout":"default","site-content-style":"default","site-sidebar-style":"default","ast-global-header-display":"","ast-banner-title-visibility":"","ast-main-header-display":"","ast-hfb-above-header-display":"","ast-hfb-below-header-display":"","ast-hfb-mobile-header-display":"","site-post-title":"","ast-breadcrumbs-content":"","ast-featured-img":"","footer-sml-layout":"","theme-transparent-header-meta":"default","adv-header-id-meta":"","stick-header-meta":"","header-above-stick-meta":"","header-main-stick-meta":"","header-below-stick-meta":"","astra-migrate-meta-layouts":"set","ast-page-background-enabled":"default","ast-page-background-meta":{"desktop":{"background-color":"var(--ast-global-color-5)","background-image":"","background-repeat":"repeat","background-position":"center center","background-size":"auto","background-attachment":"scroll","background-type":"","background-media":"","overlay-type":"","overlay-color":"","overlay-opacity":"","overlay-gradient":""},"tablet":{"background-color":"","background-image":"","background-repeat":"repeat","background-position":"center center","background-size":"auto","background-attachment":"scroll","background-type":"","background-media":"","overlay-type":"","overlay-color":"","overlay-opacity":"","overlay-gradient":""},"mobile":{"background-color":"","background-image":"","background-repeat":"repeat","background-position":"center center","background-size":"auto","background-attachment":"scroll","background-type":"","background-media":"","overlay-type":"","overlay-color":"","overlay-opacity":"","overlay-gradient":""}},"ast-content-background-meta":{"desktop":{"background-color":"var(--ast-global-color-4)","background-image":"","background-repeat":"repeat","background-position":"center center","background-size":"auto","background-attachment":"scroll","background-type":"","background-media":"","overlay-type":"","overlay-color":"","overlay-opacity":"","overlay-gradient":""},"tablet":{"background-color":"var(--ast-global-color-4)","background-image":"","background-repeat":"repeat","background-position":"center center","background-size":"auto","background-attachment":"scroll","background-type":"","background-media":"","overlay-type":"","overlay-color":"","overlay-opacity":"","overlay-gradient":""},"mobile":{"background-color":"var(--ast-global-color-4)","background-image":"","background-repeat":"repeat","background-position":"center center","background-size":"auto","background-attachment":"scroll","background-type":"","background-media":"","overlay-type":"","overlay-color":"","overlay-opacity":"","overlay-gradient":""}}},"product_brand":[],"product_cat":[167],"product_tag":[],"class_list":{"0":"post-13963","1":"product","2":"type-product","3":"status-publish","4":"has-post-thumbnail","6":"product_cat-fotturer-camping-og-fritidsartikler","7":"pa_30312_tr64pbzk-10-stk","8":"pa_30312_tr64pbzk-25-stk","9":"desktop-align-left","10":"tablet-align-left","11":"mobile-align-left","13":"first","14":"instock","15":"shipping-taxable","16":"purchasable","17":"product-type-variable"},"yoast_head":"<!-- This site is optimized with the Yoast SEO plugin v26.6 - https:\/\/yoast.com\/wordpress\/plugins\/seo\/ -->\n<title>Presenningsklemmer - Mekulo NO<\/title>\n<meta name=\"robots\" content=\"index, follow, max-snippet:-1, max-image-preview:large, max-video-preview:-1\" \/>\n<link rel=\"canonical\" href=\"https:\/\/mekulo.com\/no\/produkt\/presenningsklemmer\/\" \/>\n<meta property=\"og:locale\" content=\"nb_NO\" \/>\n<meta property=\"og:type\" content=\"article\" \/>\n<meta property=\"og:title\" content=\"Presenningsklemmer - Mekulo NO\" \/>\n<meta property=\"og:description\" content=\"Disse kraftige presenningsklemmene er utformet med et tannet grensesnitt og en spiralformet spenne som l\u00e5ses godt fast p\u00e5 alle presenninger. De er laget av slitesterkt PP-materiale og gir sterkt grep og h\u00f8y b\u00e6reevne, noe som gj\u00f8r dem perfekte for camping, b\u00e5tliv, piknik eller andre utend\u00f8rsaktiviteter.\" \/>\n<meta property=\"og:url\" content=\"https:\/\/mekulo.com\/no\/produkt\/presenningsklemmer\/\" \/>\n<meta property=\"og:site_name\" content=\"Mekulo NO\" \/>\n<meta property=\"article:modified_time\" content=\"2026-01-04T17:46:54+00:00\" \/>\n<meta property=\"og:image\" content=\"https:\/\/mekulo.com\/no\/wp-content\/uploads\/sites\/10\/2026\/01\/teyy3jm-1.jpg\" \/>\n\t<meta property=\"og:image:width\" content=\"700\" \/>\n\t<meta property=\"og:image:height\" content=\"688\" \/>\n\t<meta property=\"og:image:type\" content=\"image\/jpeg\" \/>\n<meta name=\"twitter:card\" content=\"summary_large_image\" \/>\n<meta name=\"twitter:label1\" content=\"Ansl. lesetid\" \/>\n\t<meta name=\"twitter:data1\" content=\"2 minutter\" \/>\n<script type=\"application\/ld+json\" class=\"yoast-schema-graph\">{\"@context\":\"https:\/\/schema.org\",\"@graph\":[{\"@type\":\"WebPage\",\"@id\":\"https:\/\/mekulo.com\/no\/produkt\/presenningsklemmer\/\",\"url\":\"https:\/\/mekulo.com\/no\/produkt\/presenningsklemmer\/\",\"name\":\"Presenningsklemmer - Mekulo NO\",\"isPartOf\":{\"@id\":\"https:\/\/mekulo.com\/no\/#website\"},\"primaryImageOfPage\":{\"@id\":\"https:\/\/mekulo.com\/no\/produkt\/presenningsklemmer\/#primaryimage\"},\"image\":{\"@id\":\"https:\/\/mekulo.com\/no\/produkt\/presenningsklemmer\/#primaryimage\"},\"thumbnailUrl\":\"https:\/\/mekulo.com\/no\/wp-content\/uploads\/sites\/10\/2026\/01\/teyy3jm-1.jpg\",\"datePublished\":\"2026-01-04T16:31:00+00:00\",\"dateModified\":\"2026-01-04T17:46:54+00:00\",\"breadcrumb\":{\"@id\":\"https:\/\/mekulo.com\/no\/produkt\/presenningsklemmer\/#breadcrumb\"},\"inLanguage\":\"nb-NO\",\"potentialAction\":[{\"@type\":\"ReadAction\",\"target\":[\"https:\/\/mekulo.com\/no\/produkt\/presenningsklemmer\/\"]}]},{\"@type\":\"ImageObject\",\"inLanguage\":\"nb-NO\",\"@id\":\"https:\/\/mekulo.com\/no\/produkt\/presenningsklemmer\/#primaryimage\",\"url\":\"https:\/\/mekulo.com\/no\/wp-content\/uploads\/sites\/10\/2026\/01\/teyy3jm-1.jpg\",\"contentUrl\":\"https:\/\/mekulo.com\/no\/wp-content\/uploads\/sites\/10\/2026\/01\/teyy3jm-1.jpg\",\"width\":700,\"height\":688},{\"@type\":\"BreadcrumbList\",\"@id\":\"https:\/\/mekulo.com\/no\/produkt\/presenningsklemmer\/#breadcrumb\",\"itemListElement\":[{\"@type\":\"ListItem\",\"position\":1,\"name\":\"Home\",\"item\":\"https:\/\/mekulo.com\/no\/\"},{\"@type\":\"ListItem\",\"position\":2,\"name\":\"Butikk\",\"item\":\"https:\/\/mekulo.com\/no\/butikk\/\"},{\"@type\":\"ListItem\",\"position\":3,\"name\":\"Presenningsklemmer\"}]},{\"@type\":\"WebSite\",\"@id\":\"https:\/\/mekulo.com\/no\/#website\",\"url\":\"https:\/\/mekulo.com\/no\/\",\"name\":\"Mekulo NO\",\"description\":\"\",\"publisher\":{\"@id\":\"https:\/\/mekulo.com\/no\/#organization\"},\"potentialAction\":[{\"@type\":\"SearchAction\",\"target\":{\"@type\":\"EntryPoint\",\"urlTemplate\":\"https:\/\/mekulo.com\/no\/?s={search_term_string}\"},\"query-input\":{\"@type\":\"PropertyValueSpecification\",\"valueRequired\":true,\"valueName\":\"search_term_string\"}}],\"inLanguage\":\"nb-NO\"},{\"@type\":\"Organization\",\"@id\":\"https:\/\/mekulo.com\/no\/#organization\",\"name\":\"Mekulo\",\"url\":\"https:\/\/mekulo.com\/no\/\",\"logo\":{\"@type\":\"ImageObject\",\"inLanguage\":\"nb-NO\",\"@id\":\"https:\/\/mekulo.com\/no\/#\/schema\/logo\/image\/\",\"url\":\"https:\/\/mekulo.com\/no\/wp-content\/uploads\/sites\/10\/2025\/12\/favicon_mekulo.png\",\"contentUrl\":\"https:\/\/mekulo.com\/no\/wp-content\/uploads\/sites\/10\/2025\/12\/favicon_mekulo.png\",\"width\":50,\"height\":50,\"caption\":\"Mekulo\"},\"image\":{\"@id\":\"https:\/\/mekulo.com\/no\/#\/schema\/logo\/image\/\"}}]}<\/script>\n<!-- \/ Yoast SEO plugin. -->","yoast_head_json":{"title":"Presenningsklemmer - Mekulo NO","robots":{"index":"index","follow":"follow","max-snippet":"max-snippet:-1","max-image-preview":"max-image-preview:large","max-video-preview":"max-video-preview:-1"},"canonical":"https:\/\/mekulo.com\/no\/produkt\/presenningsklemmer\/","og_locale":"nb_NO","og_type":"article","og_title":"Presenningsklemmer - Mekulo NO","og_description":"Disse kraftige presenningsklemmene er utformet med et tannet grensesnitt og en spiralformet spenne som l\u00e5ses godt fast p\u00e5 alle presenninger. De er laget av slitesterkt PP-materiale og gir sterkt grep og h\u00f8y b\u00e6reevne, noe som gj\u00f8r dem perfekte for camping, b\u00e5tliv, piknik eller andre utend\u00f8rsaktiviteter.","og_url":"https:\/\/mekulo.com\/no\/produkt\/presenningsklemmer\/","og_site_name":"Mekulo NO","article_modified_time":"2026-01-04T17:46:54+00:00","og_image":[{"width":700,"height":688,"url":"https:\/\/mekulo.com\/no\/wp-content\/uploads\/sites\/10\/2026\/01\/teyy3jm-1.jpg","type":"image\/jpeg"}],"twitter_card":"summary_large_image","twitter_misc":{"Ansl. lesetid":"2 minutter"},"schema":{"@context":"https:\/\/schema.org","@graph":[{"@type":"WebPage","@id":"https:\/\/mekulo.com\/no\/produkt\/presenningsklemmer\/","url":"https:\/\/mekulo.com\/no\/produkt\/presenningsklemmer\/","name":"Presenningsklemmer - Mekulo NO","isPartOf":{"@id":"https:\/\/mekulo.com\/no\/#website"},"primaryImageOfPage":{"@id":"https:\/\/mekulo.com\/no\/produkt\/presenningsklemmer\/#primaryimage"},"image":{"@id":"https:\/\/mekulo.com\/no\/produkt\/presenningsklemmer\/#primaryimage"},"thumbnailUrl":"https:\/\/mekulo.com\/no\/wp-content\/uploads\/sites\/10\/2026\/01\/teyy3jm-1.jpg","datePublished":"2026-01-04T16:31:00+00:00","dateModified":"2026-01-04T17:46:54+00:00","breadcrumb":{"@id":"https:\/\/mekulo.com\/no\/produkt\/presenningsklemmer\/#breadcrumb"},"inLanguage":"nb-NO","potentialAction":[{"@type":"ReadAction","target":["https:\/\/mekulo.com\/no\/produkt\/presenningsklemmer\/"]}]},{"@type":"ImageObject","inLanguage":"nb-NO","@id":"https:\/\/mekulo.com\/no\/produkt\/presenningsklemmer\/#primaryimage","url":"https:\/\/mekulo.com\/no\/wp-content\/uploads\/sites\/10\/2026\/01\/teyy3jm-1.jpg","contentUrl":"https:\/\/mekulo.com\/no\/wp-content\/uploads\/sites\/10\/2026\/01\/teyy3jm-1.jpg","width":700,"height":688},{"@type":"BreadcrumbList","@id":"https:\/\/mekulo.com\/no\/produkt\/presenningsklemmer\/#breadcrumb","itemListElement":[{"@type":"ListItem","position":1,"name":"Home","item":"https:\/\/mekulo.com\/no\/"},{"@type":"ListItem","position":2,"name":"Butikk","item":"https:\/\/mekulo.com\/no\/butikk\/"},{"@type":"ListItem","position":3,"name":"Presenningsklemmer"}]},{"@type":"WebSite","@id":"https:\/\/mekulo.com\/no\/#website","url":"https:\/\/mekulo.com\/no\/","name":"Mekulo NO","description":"","publisher":{"@id":"https:\/\/mekulo.com\/no\/#organization"},"potentialAction":[{"@type":"SearchAction","target":{"@type":"EntryPoint","urlTemplate":"https:\/\/mekulo.com\/no\/?s={search_term_string}"},"query-input":{"@type":"PropertyValueSpecification","valueRequired":true,"valueName":"search_term_string"}}],"inLanguage":"nb-NO"},{"@type":"Organization","@id":"https:\/\/mekulo.com\/no\/#organization","name":"Mekulo","url":"https:\/\/mekulo.com\/no\/","logo":{"@type":"ImageObject","inLanguage":"nb-NO","@id":"https:\/\/mekulo.com\/no\/#\/schema\/logo\/image\/","url":"https:\/\/mekulo.com\/no\/wp-content\/uploads\/sites\/10\/2025\/12\/favicon_mekulo.png","contentUrl":"https:\/\/mekulo.com\/no\/wp-content\/uploads\/sites\/10\/2025\/12\/favicon_mekulo.png","width":50,"height":50,"caption":"Mekulo"},"image":{"@id":"https:\/\/mekulo.com\/no\/#\/schema\/logo\/image\/"}}]}},"_links":{"self":[{"href":"https:\/\/mekulo.com\/no\/wp-json\/wp\/v2\/product\/13963","targetHints":{"allow":["GET"]}}],"collection":[{"href":"https:\/\/mekulo.com\/no\/wp-json\/wp\/v2\/product"}],"about":[{"href":"https:\/\/mekulo.com\/no\/wp-json\/wp\/v2\/types\/product"}],"replies":[{"embeddable":true,"href":"https:\/\/mekulo.com\/no\/wp-json\/wp\/v2\/comments?post=13963"}],"wp:featuredmedia":[{"embeddable":true,"href":"https:\/\/mekulo.com\/no\/wp-json\/wp\/v2\/media\/13959"}],"wp:attachment":[{"href":"https:\/\/mekulo.com\/no\/wp-json\/wp\/v2\/media?parent=13963"}],"wp:term":[{"taxonomy":"product_brand","embeddable":true,"href":"https:\/\/mekulo.com\/no\/wp-json\/wp\/v2\/product_brand?post=13963"},{"taxonomy":"product_cat","embeddable":true,"href":"https:\/\/mekulo.com\/no\/wp-json\/wp\/v2\/product_cat?post=13963"},{"taxonomy":"product_tag","embeddable":true,"href":"https:\/\/mekulo.com\/no\/wp-json\/wp\/v2\/product_tag?post=13963"}],"curies":[{"name":"wp","href":"https:\/\/api.w.org\/{rel}","templated":true}]}}