{"id":13944,"date":"2026-01-04T18:29:51","date_gmt":"2026-01-04T16:29:51","guid":{"rendered":"https:\/\/mekulo.com\/no\/produkt\/vannflaske-og-pilleholder\/"},"modified":"2026-01-04T19:45:54","modified_gmt":"2026-01-04T17:45:54","slug":"vannflaske-og-pilleholder","status":"publish","type":"product","link":"https:\/\/mekulo.com\/no\/produkt\/vannflaske-og-pilleholder\/","title":{"rendered":"Vannflaske og pilleholder"},"content":{"rendered":"<p style=\"text-align: center;\" data-start=\"0\" data-end=\"62\"><strong>Ha alltid vann og daglige piller p\u00e5 ett enkelt sted. \ud83d\udca7\ud83d\udc8a<\/strong><\/p>\n<p data-start=\"64\" data-end=\"316\"><img decoding=\"async\" class=\"size-full wp-image-43279 aligncenter\" src=\"https:\/\/keluvo.com\/template\/wp-content\/uploads\/sites\/5\/2025\/11\/03b753b5-db00-4f6f-ba44-45c0d48c7117.gif\" alt=\"\" \/><\/p>\n<h2 style=\"text-align: center;\" data-start=\"581\" data-end=\"600\">Hovedfordeler \ud83d\udcab<\/h2>\n<p data-start=\"344\" data-end=\"879\">\ud83d\udca7 Vann + piller i \u00e9n flaske &#8211; Ta med deg tablettene og vannet sammen for rask, stressfri daglig bruk.<\/p>\n<p data-start=\"344\" data-end=\"879\">\ud83d\udc8a 7-dagers pillearrang\u00f8r &#8211; Inkluderer syv pillebokser festet til flasken for \u00e5 holde de ukentlige dosene dine organisert.<\/p>\n<p data-start=\"344\" data-end=\"879\">\ud83d\udd10 Sikkert snap-lokk &#8211; holder pillene trygt l\u00e5st inne i vesken din uten \u00e5 s\u00f8le.<\/p>\n<p data-start=\"344\" data-end=\"879\">\ud83c\udfc3 Perfekt for deg som er p\u00e5 farten &#8211; Lett design med snor gj\u00f8r den perfekt for sport, reiser og utend\u00f8rsaktiviteter.<\/p>\n<p data-start=\"344\" data-end=\"879\">\ud83c\udf31 Sikker og milj\u00f8vennlig &#8211; Laget av BPA-fri PP + PC-materialer for sikker daglig hydrering.<\/p>\n<p data-start=\"344\" data-end=\"879\"><img fetchpriority=\"high\" decoding=\"async\" class=\"size-full wp-image-43274 aligncenter\" src=\"https:\/\/keluvo.com\/template\/wp-content\/uploads\/sites\/5\/2025\/11\/97c326a534914977ce099056115e3d5df6885be0.jpg\" alt=\"\" width=\"1080\" height=\"668\" \/><\/p>\n<h2 style=\"text-align: center;\" data-start=\"920\" data-end=\"937\">Slik bruker du verkt\u00f8yet \ud83d\udccc<\/h2>\n<ol data-start=\"905\" data-end=\"1244\">\n<li data-start=\"905\" data-end=\"974\">\n<p data-start=\"908\" data-end=\"974\">Glid ut pilleorganisatoren ved hjelp av det innebygde fingersporet.<\/p>\n<\/li>\n<li data-start=\"975\" data-end=\"1042\">\n<p data-start=\"978\" data-end=\"1042\">fyll hvert rom med dine daglige tabletter eller vitaminer.<\/p>\n<\/li>\n<li data-start=\"1043\" data-end=\"1117\">\n<p data-start=\"1046\" data-end=\"1117\">skyv organisatoren tilbake i flasken til den l\u00e5ses p\u00e5 plass.<\/p>\n<\/li>\n<li data-start=\"1118\" data-end=\"1173\">\n<p data-start=\"1121\" data-end=\"1173\">fyll flasken med vann eller juice (opptil 600 ml).<\/p>\n<\/li>\n<li data-start=\"1174\" data-end=\"1244\">\n<p data-start=\"1177\" data-end=\"1244\">bruk snoren til \u00e5 b\u00e6re den og ta pillene dine n\u00e5r som helst du trenger det.<\/p>\n<\/li>\n<\/ol>\n<h2 style=\"text-align: center;\" data-start=\"1182\" data-end=\"1204\">Produktdetaljer \ud83d\udccf<\/h2>\n<ul data-start=\"1275\" data-end=\"1526\">\n<li data-start=\"1325\" data-end=\"1361\">\n<p data-start=\"1327\" data-end=\"1361\">Materiale: PP + PC (BPA-fri)<\/p>\n<\/li>\n<li data-start=\"1362\" data-end=\"1385\">\n<p data-start=\"1364\" data-end=\"1385\">Kapasitet: 600 ml<\/p>\n<\/li>\n<li data-start=\"1386\" data-end=\"1406\">\n<p data-start=\"1388\" data-end=\"1406\">Vekt: 150 g<\/p>\n<\/li>\n<li data-start=\"1407\" data-end=\"1433\">\n<p data-start=\"1409\" data-end=\"1433\">St\u00f8rrelse: 8 x 23,5 cm<\/p>\n<\/li>\n<li data-start=\"1434\" data-end=\"1526\">\n<p data-start=\"1436\" data-end=\"1526\">Funksjoner: 7-dagers pilleholder, sikkert sn\u00e4ppelokk, avtakbart pilleetui, n\u00f8kkelb\u00e5ndfeste<\/p>\n<\/li>\n<\/ul>\n<h2 style=\"text-align: center;\" data-start=\"1374\" data-end=\"1397\">Pakken inkluderer \ud83d\udce6<\/h2>\n<ul data-start=\"1558\" data-end=\"1607\">\n<li data-start=\"1558\" data-end=\"1607\">\n<p data-start=\"1560\" data-end=\"1607\">1x vannflaske med innebygd pilleholder.<\/p>\n<\/li>\n<\/ul>\n","protected":false},"excerpt":{"rendered":"<p>Denne vannflasken og pilleholderen er en enkel og praktisk m\u00e5te \u00e5 holde seg hydrert p\u00e5 og aldri glemme de daglige tablettene dine. Med et innebygd pillemagasin for 7 dager og en slitesterk 600 ml vannflaske er den perfekt for reiser, trening, fotturer eller hverdagsbruk.<\/p>\n","protected":false},"featured_media":13940,"comment_status":"open","ping_status":"closed","template":"","meta":{"site-sidebar-layout":"default","site-content-layout":"","ast-site-content-layout":"default","site-content-style":"default","site-sidebar-style":"default","ast-global-header-display":"","ast-banner-title-visibility":"","ast-main-header-display":"","ast-hfb-above-header-display":"","ast-hfb-below-header-display":"","ast-hfb-mobile-header-display":"","site-post-title":"","ast-breadcrumbs-content":"","ast-featured-img":"","footer-sml-layout":"","theme-transparent-header-meta":"default","adv-header-id-meta":"","stick-header-meta":"","header-above-stick-meta":"","header-main-stick-meta":"","header-below-stick-meta":"","astra-migrate-meta-layouts":"set","ast-page-background-enabled":"default","ast-page-background-meta":{"desktop":{"background-color":"var(--ast-global-color-5)","background-image":"","background-repeat":"repeat","background-position":"center center","background-size":"auto","background-attachment":"scroll","background-type":"","background-media":"","overlay-type":"","overlay-color":"","overlay-opacity":"","overlay-gradient":""},"tablet":{"background-color":"","background-image":"","background-repeat":"repeat","background-position":"center center","background-size":"auto","background-attachment":"scroll","background-type":"","background-media":"","overlay-type":"","overlay-color":"","overlay-opacity":"","overlay-gradient":""},"mobile":{"background-color":"","background-image":"","background-repeat":"repeat","background-position":"center center","background-size":"auto","background-attachment":"scroll","background-type":"","background-media":"","overlay-type":"","overlay-color":"","overlay-opacity":"","overlay-gradient":""}},"ast-content-background-meta":{"desktop":{"background-color":"var(--ast-global-color-4)","background-image":"","background-repeat":"repeat","background-position":"center center","background-size":"auto","background-attachment":"scroll","background-type":"","background-media":"","overlay-type":"","overlay-color":"","overlay-opacity":"","overlay-gradient":""},"tablet":{"background-color":"var(--ast-global-color-4)","background-image":"","background-repeat":"repeat","background-position":"center center","background-size":"auto","background-attachment":"scroll","background-type":"","background-media":"","overlay-type":"","overlay-color":"","overlay-opacity":"","overlay-gradient":""},"mobile":{"background-color":"var(--ast-global-color-4)","background-image":"","background-repeat":"repeat","background-position":"center center","background-size":"auto","background-attachment":"scroll","background-type":"","background-media":"","overlay-type":"","overlay-color":"","overlay-opacity":"","overlay-gradient":""}}},"product_brand":[],"product_cat":[166],"product_tag":[],"class_list":{"0":"post-13944","1":"product","2":"type-product","3":"status-publish","4":"has-post-thumbnail","6":"product_cat-helsevesenets-forsyninger","7":"pa_54126_bbzsx8ps-bla","8":"pa_54126_bbzsx8ps-gul","9":"pa_54126_bbzsx8ps-rod","10":"pa_54126_bbzsx8ps-rosenrod","11":"pa_54126_bbzsx8ps-svart","12":"desktop-align-left","13":"tablet-align-left","14":"mobile-align-left","16":"first","17":"instock","18":"shipping-taxable","19":"purchasable","20":"product-type-variable"},"yoast_head":"<!-- This site is optimized with the Yoast SEO plugin v26.6 - https:\/\/yoast.com\/wordpress\/plugins\/seo\/ -->\n<title>Vannflaske og pilleholder - Mekulo NO<\/title>\n<meta name=\"robots\" content=\"index, follow, max-snippet:-1, max-image-preview:large, max-video-preview:-1\" \/>\n<link rel=\"canonical\" href=\"https:\/\/mekulo.com\/no\/produkt\/vannflaske-og-pilleholder\/\" \/>\n<meta property=\"og:locale\" content=\"nb_NO\" \/>\n<meta property=\"og:type\" content=\"article\" \/>\n<meta property=\"og:title\" content=\"Vannflaske og pilleholder - Mekulo NO\" \/>\n<meta property=\"og:description\" content=\"Denne vannflasken og pilleholderen er en enkel og praktisk m\u00e5te \u00e5 holde seg hydrert p\u00e5 og aldri glemme de daglige tablettene dine. Med et innebygd pillemagasin for 7 dager og en slitesterk 600 ml vannflaske er den perfekt for reiser, trening, fotturer eller hverdagsbruk.\" \/>\n<meta property=\"og:url\" content=\"https:\/\/mekulo.com\/no\/produkt\/vannflaske-og-pilleholder\/\" \/>\n<meta property=\"og:site_name\" content=\"Mekulo NO\" \/>\n<meta property=\"article:modified_time\" content=\"2026-01-04T17:45:54+00:00\" \/>\n<meta property=\"og:image\" content=\"https:\/\/mekulo.com\/no\/wp-content\/uploads\/sites\/10\/2026\/01\/h4trfrz-1.jpg\" \/>\n\t<meta property=\"og:image:width\" content=\"800\" \/>\n\t<meta property=\"og:image:height\" content=\"800\" \/>\n\t<meta property=\"og:image:type\" content=\"image\/jpeg\" \/>\n<meta name=\"twitter:card\" content=\"summary_large_image\" \/>\n<meta name=\"twitter:label1\" content=\"Ansl. lesetid\" \/>\n\t<meta name=\"twitter:data1\" content=\"2 minutter\" \/>\n<script type=\"application\/ld+json\" class=\"yoast-schema-graph\">{\"@context\":\"https:\/\/schema.org\",\"@graph\":[{\"@type\":\"WebPage\",\"@id\":\"https:\/\/mekulo.com\/no\/produkt\/vannflaske-og-pilleholder\/\",\"url\":\"https:\/\/mekulo.com\/no\/produkt\/vannflaske-og-pilleholder\/\",\"name\":\"Vannflaske og pilleholder - Mekulo NO\",\"isPartOf\":{\"@id\":\"https:\/\/mekulo.com\/no\/#website\"},\"primaryImageOfPage\":{\"@id\":\"https:\/\/mekulo.com\/no\/produkt\/vannflaske-og-pilleholder\/#primaryimage\"},\"image\":{\"@id\":\"https:\/\/mekulo.com\/no\/produkt\/vannflaske-og-pilleholder\/#primaryimage\"},\"thumbnailUrl\":\"https:\/\/mekulo.com\/no\/wp-content\/uploads\/sites\/10\/2026\/01\/h4trfrz-1.jpg\",\"datePublished\":\"2026-01-04T16:29:51+00:00\",\"dateModified\":\"2026-01-04T17:45:54+00:00\",\"breadcrumb\":{\"@id\":\"https:\/\/mekulo.com\/no\/produkt\/vannflaske-og-pilleholder\/#breadcrumb\"},\"inLanguage\":\"nb-NO\",\"potentialAction\":[{\"@type\":\"ReadAction\",\"target\":[\"https:\/\/mekulo.com\/no\/produkt\/vannflaske-og-pilleholder\/\"]}]},{\"@type\":\"ImageObject\",\"inLanguage\":\"nb-NO\",\"@id\":\"https:\/\/mekulo.com\/no\/produkt\/vannflaske-og-pilleholder\/#primaryimage\",\"url\":\"https:\/\/mekulo.com\/no\/wp-content\/uploads\/sites\/10\/2026\/01\/h4trfrz-1.jpg\",\"contentUrl\":\"https:\/\/mekulo.com\/no\/wp-content\/uploads\/sites\/10\/2026\/01\/h4trfrz-1.jpg\",\"width\":800,\"height\":800},{\"@type\":\"BreadcrumbList\",\"@id\":\"https:\/\/mekulo.com\/no\/produkt\/vannflaske-og-pilleholder\/#breadcrumb\",\"itemListElement\":[{\"@type\":\"ListItem\",\"position\":1,\"name\":\"Home\",\"item\":\"https:\/\/mekulo.com\/no\/\"},{\"@type\":\"ListItem\",\"position\":2,\"name\":\"Butikk\",\"item\":\"https:\/\/mekulo.com\/no\/butikk\/\"},{\"@type\":\"ListItem\",\"position\":3,\"name\":\"Vannflaske og pilleholder\"}]},{\"@type\":\"WebSite\",\"@id\":\"https:\/\/mekulo.com\/no\/#website\",\"url\":\"https:\/\/mekulo.com\/no\/\",\"name\":\"Mekulo NO\",\"description\":\"\",\"publisher\":{\"@id\":\"https:\/\/mekulo.com\/no\/#organization\"},\"potentialAction\":[{\"@type\":\"SearchAction\",\"target\":{\"@type\":\"EntryPoint\",\"urlTemplate\":\"https:\/\/mekulo.com\/no\/?s={search_term_string}\"},\"query-input\":{\"@type\":\"PropertyValueSpecification\",\"valueRequired\":true,\"valueName\":\"search_term_string\"}}],\"inLanguage\":\"nb-NO\"},{\"@type\":\"Organization\",\"@id\":\"https:\/\/mekulo.com\/no\/#organization\",\"name\":\"Mekulo\",\"url\":\"https:\/\/mekulo.com\/no\/\",\"logo\":{\"@type\":\"ImageObject\",\"inLanguage\":\"nb-NO\",\"@id\":\"https:\/\/mekulo.com\/no\/#\/schema\/logo\/image\/\",\"url\":\"https:\/\/mekulo.com\/no\/wp-content\/uploads\/sites\/10\/2025\/12\/favicon_mekulo.png\",\"contentUrl\":\"https:\/\/mekulo.com\/no\/wp-content\/uploads\/sites\/10\/2025\/12\/favicon_mekulo.png\",\"width\":50,\"height\":50,\"caption\":\"Mekulo\"},\"image\":{\"@id\":\"https:\/\/mekulo.com\/no\/#\/schema\/logo\/image\/\"}}]}<\/script>\n<!-- \/ Yoast SEO plugin. -->","yoast_head_json":{"title":"Vannflaske og pilleholder - Mekulo NO","robots":{"index":"index","follow":"follow","max-snippet":"max-snippet:-1","max-image-preview":"max-image-preview:large","max-video-preview":"max-video-preview:-1"},"canonical":"https:\/\/mekulo.com\/no\/produkt\/vannflaske-og-pilleholder\/","og_locale":"nb_NO","og_type":"article","og_title":"Vannflaske og pilleholder - Mekulo NO","og_description":"Denne vannflasken og pilleholderen er en enkel og praktisk m\u00e5te \u00e5 holde seg hydrert p\u00e5 og aldri glemme de daglige tablettene dine. Med et innebygd pillemagasin for 7 dager og en slitesterk 600 ml vannflaske er den perfekt for reiser, trening, fotturer eller hverdagsbruk.","og_url":"https:\/\/mekulo.com\/no\/produkt\/vannflaske-og-pilleholder\/","og_site_name":"Mekulo NO","article_modified_time":"2026-01-04T17:45:54+00:00","og_image":[{"width":800,"height":800,"url":"https:\/\/mekulo.com\/no\/wp-content\/uploads\/sites\/10\/2026\/01\/h4trfrz-1.jpg","type":"image\/jpeg"}],"twitter_card":"summary_large_image","twitter_misc":{"Ansl. lesetid":"2 minutter"},"schema":{"@context":"https:\/\/schema.org","@graph":[{"@type":"WebPage","@id":"https:\/\/mekulo.com\/no\/produkt\/vannflaske-og-pilleholder\/","url":"https:\/\/mekulo.com\/no\/produkt\/vannflaske-og-pilleholder\/","name":"Vannflaske og pilleholder - Mekulo NO","isPartOf":{"@id":"https:\/\/mekulo.com\/no\/#website"},"primaryImageOfPage":{"@id":"https:\/\/mekulo.com\/no\/produkt\/vannflaske-og-pilleholder\/#primaryimage"},"image":{"@id":"https:\/\/mekulo.com\/no\/produkt\/vannflaske-og-pilleholder\/#primaryimage"},"thumbnailUrl":"https:\/\/mekulo.com\/no\/wp-content\/uploads\/sites\/10\/2026\/01\/h4trfrz-1.jpg","datePublished":"2026-01-04T16:29:51+00:00","dateModified":"2026-01-04T17:45:54+00:00","breadcrumb":{"@id":"https:\/\/mekulo.com\/no\/produkt\/vannflaske-og-pilleholder\/#breadcrumb"},"inLanguage":"nb-NO","potentialAction":[{"@type":"ReadAction","target":["https:\/\/mekulo.com\/no\/produkt\/vannflaske-og-pilleholder\/"]}]},{"@type":"ImageObject","inLanguage":"nb-NO","@id":"https:\/\/mekulo.com\/no\/produkt\/vannflaske-og-pilleholder\/#primaryimage","url":"https:\/\/mekulo.com\/no\/wp-content\/uploads\/sites\/10\/2026\/01\/h4trfrz-1.jpg","contentUrl":"https:\/\/mekulo.com\/no\/wp-content\/uploads\/sites\/10\/2026\/01\/h4trfrz-1.jpg","width":800,"height":800},{"@type":"BreadcrumbList","@id":"https:\/\/mekulo.com\/no\/produkt\/vannflaske-og-pilleholder\/#breadcrumb","itemListElement":[{"@type":"ListItem","position":1,"name":"Home","item":"https:\/\/mekulo.com\/no\/"},{"@type":"ListItem","position":2,"name":"Butikk","item":"https:\/\/mekulo.com\/no\/butikk\/"},{"@type":"ListItem","position":3,"name":"Vannflaske og pilleholder"}]},{"@type":"WebSite","@id":"https:\/\/mekulo.com\/no\/#website","url":"https:\/\/mekulo.com\/no\/","name":"Mekulo NO","description":"","publisher":{"@id":"https:\/\/mekulo.com\/no\/#organization"},"potentialAction":[{"@type":"SearchAction","target":{"@type":"EntryPoint","urlTemplate":"https:\/\/mekulo.com\/no\/?s={search_term_string}"},"query-input":{"@type":"PropertyValueSpecification","valueRequired":true,"valueName":"search_term_string"}}],"inLanguage":"nb-NO"},{"@type":"Organization","@id":"https:\/\/mekulo.com\/no\/#organization","name":"Mekulo","url":"https:\/\/mekulo.com\/no\/","logo":{"@type":"ImageObject","inLanguage":"nb-NO","@id":"https:\/\/mekulo.com\/no\/#\/schema\/logo\/image\/","url":"https:\/\/mekulo.com\/no\/wp-content\/uploads\/sites\/10\/2025\/12\/favicon_mekulo.png","contentUrl":"https:\/\/mekulo.com\/no\/wp-content\/uploads\/sites\/10\/2025\/12\/favicon_mekulo.png","width":50,"height":50,"caption":"Mekulo"},"image":{"@id":"https:\/\/mekulo.com\/no\/#\/schema\/logo\/image\/"}}]}},"_links":{"self":[{"href":"https:\/\/mekulo.com\/no\/wp-json\/wp\/v2\/product\/13944","targetHints":{"allow":["GET"]}}],"collection":[{"href":"https:\/\/mekulo.com\/no\/wp-json\/wp\/v2\/product"}],"about":[{"href":"https:\/\/mekulo.com\/no\/wp-json\/wp\/v2\/types\/product"}],"replies":[{"embeddable":true,"href":"https:\/\/mekulo.com\/no\/wp-json\/wp\/v2\/comments?post=13944"}],"wp:featuredmedia":[{"embeddable":true,"href":"https:\/\/mekulo.com\/no\/wp-json\/wp\/v2\/media\/13940"}],"wp:attachment":[{"href":"https:\/\/mekulo.com\/no\/wp-json\/wp\/v2\/media?parent=13944"}],"wp:term":[{"taxonomy":"product_brand","embeddable":true,"href":"https:\/\/mekulo.com\/no\/wp-json\/wp\/v2\/product_brand?post=13944"},{"taxonomy":"product_cat","embeddable":true,"href":"https:\/\/mekulo.com\/no\/wp-json\/wp\/v2\/product_cat?post=13944"},{"taxonomy":"product_tag","embeddable":true,"href":"https:\/\/mekulo.com\/no\/wp-json\/wp\/v2\/product_tag?post=13944"}],"curies":[{"name":"wp","href":"https:\/\/api.w.org\/{rel}","templated":true}]}}