{"id":13908,"date":"2026-01-04T18:26:58","date_gmt":"2026-01-04T16:26:58","guid":{"rendered":"https:\/\/mekulo.com\/no\/produkt\/bolle-med-dyppeklips-8-stk\/"},"modified":"2026-03-26T11:43:58","modified_gmt":"2026-03-26T09:43:58","slug":"bolle-med-dyppeklips-8-stk","status":"publish","type":"product","link":"https:\/\/mekulo.com\/no\/produkt\/bolle-med-dyppeklips-8-stk\/","title":{"rendered":"Bolle med dyppeklips (8 stk)"},"content":{"rendered":"<p style=\"text-align: center;\" data-start=\"0\" data-end=\"80\"><strong data-start=\"0\" data-end=\"80\">Fest favorittsausene dine rett p\u00e5 tallerkenen din for enkel, rotfri dypping. \ud83c\udf5f<\/strong><img fetchpriority=\"high\" decoding=\"async\" class=\" wp-image-41725 aligncenter\" src=\"https:\/\/keluvo.com\/template\/wp-content\/uploads\/sites\/5\/2025\/11\/18f6054b0f6eae1b5f28fd01ac50540b8ef8ba4c.gif\" alt=\"\" width=\"440\" height=\"782\" \/><\/p>\n<h2 style=\"text-align: center;\" data-start=\"581\" data-end=\"600\">Hovedfordeler \ud83d\udcab<\/h2>\n<p data-start=\"372\" data-end=\"462\">\ud83c\udf5f Enkel klipsdesign &#8211; Festes sikkert til de fleste tallerkener, boller, til og med papptallerkener.<\/p>\n<p data-start=\"465\" data-end=\"548\">\ud83c\udf08 Morsomme farger for alle aldre &#8211; Gj\u00f8r m\u00e5ltidene morsommere, spesielt for barn.<\/p>\n<p data-start=\"551\" data-end=\"628\">\ud83e\uddfd Enkel \u00e5 rengj\u00f8re &#8211; Slitesterkt PP-materiale vaskes raskt og varer lenge.<\/p>\n<p data-start=\"631\" data-end=\"714\">\ud83c\udf89 Perfekt for fester og piknik &#8211; Holder sauser ryddige og tilgjengelige hvor som helst.<\/p>\n<p data-start=\"717\" data-end=\"803\">\ud83e\uddf0 Flerbruk &#8211; Ideell til dipper, dressinger, krydder eller til og med sm\u00e5 h\u00e5ndverksartikler.<\/p>\n<p data-start=\"717\" data-end=\"803\"><img decoding=\"async\" class=\"size-full wp-image-41722 aligncenter\" src=\"https:\/\/keluvo.com\/template\/wp-content\/uploads\/sites\/5\/2025\/11\/dd94b2848affefb5eb6e5e43f9fc4e7dd6e95d84-700.avif\" alt=\"\" \/><\/p>\n<h2 style=\"text-align: center;\" data-start=\"920\" data-end=\"937\">Slik bruker du verkt\u00f8yet \ud83d\udccc<\/h2>\n<ol data-start=\"830\" data-end=\"1035\">\n<li data-start=\"830\" data-end=\"894\">\n<p data-start=\"833\" data-end=\"894\">Klipp bollen p\u00e5 kanten av tallerkenen din.<\/p>\n<\/li>\n<li data-start=\"895\" data-end=\"944\">\n<p data-start=\"898\" data-end=\"944\">Fyll den med favorittkrydderet eller dippen din.<\/p>\n<\/li>\n<li data-start=\"945\" data-end=\"997\">\n<p data-start=\"948\" data-end=\"997\">Nyt dipping uten rot eller blanding av maten.<\/p>\n<\/li>\n<li data-start=\"998\" data-end=\"1035\">\n<p data-start=\"1001\" data-end=\"1035\">Vask og oppbevar enkelt etter bruk.<\/p>\n<\/li>\n<\/ol>\n<h2 style=\"text-align: center;\" data-start=\"1182\" data-end=\"1204\">Produktdetaljer \ud83d\udccf<\/h2>\n<ul data-start=\"1067\" data-end=\"1179\">\n<li data-start=\"1067\" data-end=\"1083\">\n<p data-start=\"1069\" data-end=\"1083\">Materiale: PP<\/p>\n<\/li>\n<li data-start=\"1123\" data-end=\"1149\">\n<p data-start=\"1125\" data-end=\"1149\">St\u00f8rrelse: 7,5 x 5 x 4,5 cm<\/p>\n<\/li>\n<li data-start=\"1150\" data-end=\"1179\">\n<p data-start=\"1152\" data-end=\"1179\">Fungerer p\u00e5 de fleste tallerkenkanter<\/p>\n<\/li>\n<li data-start=\"1150\" data-end=\"1179\">Farge: Gr\u00f8nn, r\u00f8d, oransje, gul<\/li>\n<\/ul>\n<h2 style=\"text-align: center;\" data-start=\"1374\" data-end=\"1397\">Pakken inkluderer \ud83d\udce6<\/h2>\n<ul data-start=\"1212\" data-end=\"1236\">\n<li style=\"list-style-type: none;\">\n<ul data-start=\"1212\" data-end=\"1236\">\n<li data-start=\"1212\" data-end=\"1236\">\n<p data-start=\"1214\" data-end=\"1236\">8x Bolle med dyppeklips.<\/p>\n<\/li>\n<\/ul>\n<\/li>\n<\/ul>\n","protected":false},"excerpt":{"rendered":"<p style=\"text-align: left;\" data-start=\"82\" data-end=\"341\">Denne sk\u00e5len med dipklips festes p\u00e5 kanten av nesten hvilken som helst tallerken, og gir deg et rent og praktisk sted for sauser, dressinger, ketchup, salsa og mer. Enten du er hjemme, p\u00e5 piknik eller p\u00e5 fest, holder den dippene i n\u00e6rheten og tallerkenen organisert.<\/p>\n<p data-start=\"82\" data-end=\"341\">\n","protected":false},"featured_media":13904,"comment_status":"open","ping_status":"closed","template":"","meta":{"site-sidebar-layout":"default","site-content-layout":"","ast-site-content-layout":"default","site-content-style":"default","site-sidebar-style":"default","ast-global-header-display":"","ast-banner-title-visibility":"","ast-main-header-display":"","ast-hfb-above-header-display":"","ast-hfb-below-header-display":"","ast-hfb-mobile-header-display":"","site-post-title":"","ast-breadcrumbs-content":"","ast-featured-img":"","footer-sml-layout":"","theme-transparent-header-meta":"default","adv-header-id-meta":"","stick-header-meta":"","header-above-stick-meta":"","header-main-stick-meta":"","header-below-stick-meta":"","astra-migrate-meta-layouts":"set","ast-page-background-enabled":"default","ast-page-background-meta":{"desktop":{"background-color":"var(--ast-global-color-5)","background-image":"","background-repeat":"repeat","background-position":"center center","background-size":"auto","background-attachment":"scroll","background-type":"","background-media":"","overlay-type":"","overlay-color":"","overlay-opacity":"","overlay-gradient":""},"tablet":{"background-color":"","background-image":"","background-repeat":"repeat","background-position":"center center","background-size":"auto","background-attachment":"scroll","background-type":"","background-media":"","overlay-type":"","overlay-color":"","overlay-opacity":"","overlay-gradient":""},"mobile":{"background-color":"","background-image":"","background-repeat":"repeat","background-position":"center center","background-size":"auto","background-attachment":"scroll","background-type":"","background-media":"","overlay-type":"","overlay-color":"","overlay-opacity":"","overlay-gradient":""}},"ast-content-background-meta":{"desktop":{"background-color":"var(--ast-global-color-4)","background-image":"","background-repeat":"repeat","background-position":"center center","background-size":"auto","background-attachment":"scroll","background-type":"","background-media":"","overlay-type":"","overlay-color":"","overlay-opacity":"","overlay-gradient":""},"tablet":{"background-color":"var(--ast-global-color-4)","background-image":"","background-repeat":"repeat","background-position":"center center","background-size":"auto","background-attachment":"scroll","background-type":"","background-media":"","overlay-type":"","overlay-color":"","overlay-opacity":"","overlay-gradient":""},"mobile":{"background-color":"var(--ast-global-color-4)","background-image":"","background-repeat":"repeat","background-position":"center center","background-size":"auto","background-attachment":"scroll","background-type":"","background-media":"","overlay-type":"","overlay-color":"","overlay-opacity":"","overlay-gradient":""}}},"product_brand":[],"product_cat":[168],"product_tag":[],"class_list":{"0":"post-13908","1":"product","2":"type-product","3":"status-publish","4":"has-post-thumbnail","6":"product_cat-husholdningsartikler","7":"desktop-align-left","8":"tablet-align-left","9":"mobile-align-left","11":"first","12":"instock","13":"shipping-taxable","14":"purchasable","15":"product-type-simple"},"yoast_head":"<!-- This site is optimized with the Yoast SEO plugin v26.6 - https:\/\/yoast.com\/wordpress\/plugins\/seo\/ -->\n<title>Bolle med dyppeklips (8 stk) - Mekulo NO<\/title>\n<meta name=\"robots\" content=\"index, follow, max-snippet:-1, max-image-preview:large, max-video-preview:-1\" \/>\n<link rel=\"canonical\" href=\"https:\/\/mekulo.com\/no\/produkt\/bolle-med-dyppeklips-8-stk\/\" \/>\n<meta property=\"og:locale\" content=\"nb_NO\" \/>\n<meta property=\"og:type\" content=\"article\" \/>\n<meta property=\"og:title\" content=\"Bolle med dyppeklips (8 stk) - Mekulo NO\" \/>\n<meta property=\"og:description\" content=\"Denne sk\u00e5len med dipklips festes p\u00e5 kanten av nesten hvilken som helst tallerken, og gir deg et rent og praktisk sted for sauser, dressinger, ketchup, salsa og mer. Enten du er hjemme, p\u00e5 piknik eller p\u00e5 fest, holder den dippene i n\u00e6rheten og tallerkenen organisert.\" \/>\n<meta property=\"og:url\" content=\"https:\/\/mekulo.com\/no\/produkt\/bolle-med-dyppeklips-8-stk\/\" \/>\n<meta property=\"og:site_name\" content=\"Mekulo NO\" \/>\n<meta property=\"article:modified_time\" content=\"2026-03-26T09:43:58+00:00\" \/>\n<meta property=\"og:image\" content=\"https:\/\/mekulo.com\/no\/wp-content\/uploads\/sites\/10\/2026\/01\/3xbntb8-1.jpg\" \/>\n\t<meta property=\"og:image:width\" content=\"950\" \/>\n\t<meta property=\"og:image:height\" content=\"952\" \/>\n\t<meta property=\"og:image:type\" content=\"image\/jpeg\" \/>\n<meta name=\"twitter:card\" content=\"summary_large_image\" \/>\n<meta name=\"twitter:label1\" content=\"Ansl. lesetid\" \/>\n\t<meta name=\"twitter:data1\" content=\"2 minutter\" \/>\n<script type=\"application\/ld+json\" class=\"yoast-schema-graph\">{\"@context\":\"https:\/\/schema.org\",\"@graph\":[{\"@type\":\"WebPage\",\"@id\":\"https:\/\/mekulo.com\/no\/produkt\/bolle-med-dyppeklips-8-stk\/\",\"url\":\"https:\/\/mekulo.com\/no\/produkt\/bolle-med-dyppeklips-8-stk\/\",\"name\":\"Bolle med dyppeklips (8 stk) - Mekulo NO\",\"isPartOf\":{\"@id\":\"https:\/\/mekulo.com\/no\/#website\"},\"primaryImageOfPage\":{\"@id\":\"https:\/\/mekulo.com\/no\/produkt\/bolle-med-dyppeklips-8-stk\/#primaryimage\"},\"image\":{\"@id\":\"https:\/\/mekulo.com\/no\/produkt\/bolle-med-dyppeklips-8-stk\/#primaryimage\"},\"thumbnailUrl\":\"https:\/\/mekulo.com\/no\/wp-content\/uploads\/sites\/10\/2026\/01\/3xbntb8-1.jpg\",\"datePublished\":\"2026-01-04T16:26:58+00:00\",\"dateModified\":\"2026-03-26T09:43:58+00:00\",\"breadcrumb\":{\"@id\":\"https:\/\/mekulo.com\/no\/produkt\/bolle-med-dyppeklips-8-stk\/#breadcrumb\"},\"inLanguage\":\"nb-NO\",\"potentialAction\":[{\"@type\":\"ReadAction\",\"target\":[\"https:\/\/mekulo.com\/no\/produkt\/bolle-med-dyppeklips-8-stk\/\"]}]},{\"@type\":\"ImageObject\",\"inLanguage\":\"nb-NO\",\"@id\":\"https:\/\/mekulo.com\/no\/produkt\/bolle-med-dyppeklips-8-stk\/#primaryimage\",\"url\":\"https:\/\/mekulo.com\/no\/wp-content\/uploads\/sites\/10\/2026\/01\/3xbntb8-1.jpg\",\"contentUrl\":\"https:\/\/mekulo.com\/no\/wp-content\/uploads\/sites\/10\/2026\/01\/3xbntb8-1.jpg\",\"width\":950,\"height\":952},{\"@type\":\"BreadcrumbList\",\"@id\":\"https:\/\/mekulo.com\/no\/produkt\/bolle-med-dyppeklips-8-stk\/#breadcrumb\",\"itemListElement\":[{\"@type\":\"ListItem\",\"position\":1,\"name\":\"Home\",\"item\":\"https:\/\/mekulo.com\/no\/\"},{\"@type\":\"ListItem\",\"position\":2,\"name\":\"Butikk\",\"item\":\"https:\/\/mekulo.com\/no\/butikk\/\"},{\"@type\":\"ListItem\",\"position\":3,\"name\":\"Bolle med dyppeklips (8 stk)\"}]},{\"@type\":\"WebSite\",\"@id\":\"https:\/\/mekulo.com\/no\/#website\",\"url\":\"https:\/\/mekulo.com\/no\/\",\"name\":\"Mekulo NO\",\"description\":\"\",\"publisher\":{\"@id\":\"https:\/\/mekulo.com\/no\/#organization\"},\"potentialAction\":[{\"@type\":\"SearchAction\",\"target\":{\"@type\":\"EntryPoint\",\"urlTemplate\":\"https:\/\/mekulo.com\/no\/?s={search_term_string}\"},\"query-input\":{\"@type\":\"PropertyValueSpecification\",\"valueRequired\":true,\"valueName\":\"search_term_string\"}}],\"inLanguage\":\"nb-NO\"},{\"@type\":\"Organization\",\"@id\":\"https:\/\/mekulo.com\/no\/#organization\",\"name\":\"Mekulo\",\"url\":\"https:\/\/mekulo.com\/no\/\",\"logo\":{\"@type\":\"ImageObject\",\"inLanguage\":\"nb-NO\",\"@id\":\"https:\/\/mekulo.com\/no\/#\/schema\/logo\/image\/\",\"url\":\"https:\/\/mekulo.com\/no\/wp-content\/uploads\/sites\/10\/2025\/12\/favicon_mekulo.png\",\"contentUrl\":\"https:\/\/mekulo.com\/no\/wp-content\/uploads\/sites\/10\/2025\/12\/favicon_mekulo.png\",\"width\":50,\"height\":50,\"caption\":\"Mekulo\"},\"image\":{\"@id\":\"https:\/\/mekulo.com\/no\/#\/schema\/logo\/image\/\"}}]}<\/script>\n<!-- \/ Yoast SEO plugin. -->","yoast_head_json":{"title":"Bolle med dyppeklips (8 stk) - Mekulo NO","robots":{"index":"index","follow":"follow","max-snippet":"max-snippet:-1","max-image-preview":"max-image-preview:large","max-video-preview":"max-video-preview:-1"},"canonical":"https:\/\/mekulo.com\/no\/produkt\/bolle-med-dyppeklips-8-stk\/","og_locale":"nb_NO","og_type":"article","og_title":"Bolle med dyppeklips (8 stk) - Mekulo NO","og_description":"Denne sk\u00e5len med dipklips festes p\u00e5 kanten av nesten hvilken som helst tallerken, og gir deg et rent og praktisk sted for sauser, dressinger, ketchup, salsa og mer. Enten du er hjemme, p\u00e5 piknik eller p\u00e5 fest, holder den dippene i n\u00e6rheten og tallerkenen organisert.","og_url":"https:\/\/mekulo.com\/no\/produkt\/bolle-med-dyppeklips-8-stk\/","og_site_name":"Mekulo NO","article_modified_time":"2026-03-26T09:43:58+00:00","og_image":[{"width":950,"height":952,"url":"https:\/\/mekulo.com\/no\/wp-content\/uploads\/sites\/10\/2026\/01\/3xbntb8-1.jpg","type":"image\/jpeg"}],"twitter_card":"summary_large_image","twitter_misc":{"Ansl. lesetid":"2 minutter"},"schema":{"@context":"https:\/\/schema.org","@graph":[{"@type":"WebPage","@id":"https:\/\/mekulo.com\/no\/produkt\/bolle-med-dyppeklips-8-stk\/","url":"https:\/\/mekulo.com\/no\/produkt\/bolle-med-dyppeklips-8-stk\/","name":"Bolle med dyppeklips (8 stk) - Mekulo NO","isPartOf":{"@id":"https:\/\/mekulo.com\/no\/#website"},"primaryImageOfPage":{"@id":"https:\/\/mekulo.com\/no\/produkt\/bolle-med-dyppeklips-8-stk\/#primaryimage"},"image":{"@id":"https:\/\/mekulo.com\/no\/produkt\/bolle-med-dyppeklips-8-stk\/#primaryimage"},"thumbnailUrl":"https:\/\/mekulo.com\/no\/wp-content\/uploads\/sites\/10\/2026\/01\/3xbntb8-1.jpg","datePublished":"2026-01-04T16:26:58+00:00","dateModified":"2026-03-26T09:43:58+00:00","breadcrumb":{"@id":"https:\/\/mekulo.com\/no\/produkt\/bolle-med-dyppeklips-8-stk\/#breadcrumb"},"inLanguage":"nb-NO","potentialAction":[{"@type":"ReadAction","target":["https:\/\/mekulo.com\/no\/produkt\/bolle-med-dyppeklips-8-stk\/"]}]},{"@type":"ImageObject","inLanguage":"nb-NO","@id":"https:\/\/mekulo.com\/no\/produkt\/bolle-med-dyppeklips-8-stk\/#primaryimage","url":"https:\/\/mekulo.com\/no\/wp-content\/uploads\/sites\/10\/2026\/01\/3xbntb8-1.jpg","contentUrl":"https:\/\/mekulo.com\/no\/wp-content\/uploads\/sites\/10\/2026\/01\/3xbntb8-1.jpg","width":950,"height":952},{"@type":"BreadcrumbList","@id":"https:\/\/mekulo.com\/no\/produkt\/bolle-med-dyppeklips-8-stk\/#breadcrumb","itemListElement":[{"@type":"ListItem","position":1,"name":"Home","item":"https:\/\/mekulo.com\/no\/"},{"@type":"ListItem","position":2,"name":"Butikk","item":"https:\/\/mekulo.com\/no\/butikk\/"},{"@type":"ListItem","position":3,"name":"Bolle med dyppeklips (8 stk)"}]},{"@type":"WebSite","@id":"https:\/\/mekulo.com\/no\/#website","url":"https:\/\/mekulo.com\/no\/","name":"Mekulo NO","description":"","publisher":{"@id":"https:\/\/mekulo.com\/no\/#organization"},"potentialAction":[{"@type":"SearchAction","target":{"@type":"EntryPoint","urlTemplate":"https:\/\/mekulo.com\/no\/?s={search_term_string}"},"query-input":{"@type":"PropertyValueSpecification","valueRequired":true,"valueName":"search_term_string"}}],"inLanguage":"nb-NO"},{"@type":"Organization","@id":"https:\/\/mekulo.com\/no\/#organization","name":"Mekulo","url":"https:\/\/mekulo.com\/no\/","logo":{"@type":"ImageObject","inLanguage":"nb-NO","@id":"https:\/\/mekulo.com\/no\/#\/schema\/logo\/image\/","url":"https:\/\/mekulo.com\/no\/wp-content\/uploads\/sites\/10\/2025\/12\/favicon_mekulo.png","contentUrl":"https:\/\/mekulo.com\/no\/wp-content\/uploads\/sites\/10\/2025\/12\/favicon_mekulo.png","width":50,"height":50,"caption":"Mekulo"},"image":{"@id":"https:\/\/mekulo.com\/no\/#\/schema\/logo\/image\/"}}]}},"_links":{"self":[{"href":"https:\/\/mekulo.com\/no\/wp-json\/wp\/v2\/product\/13908","targetHints":{"allow":["GET"]}}],"collection":[{"href":"https:\/\/mekulo.com\/no\/wp-json\/wp\/v2\/product"}],"about":[{"href":"https:\/\/mekulo.com\/no\/wp-json\/wp\/v2\/types\/product"}],"replies":[{"embeddable":true,"href":"https:\/\/mekulo.com\/no\/wp-json\/wp\/v2\/comments?post=13908"}],"wp:featuredmedia":[{"embeddable":true,"href":"https:\/\/mekulo.com\/no\/wp-json\/wp\/v2\/media\/13904"}],"wp:attachment":[{"href":"https:\/\/mekulo.com\/no\/wp-json\/wp\/v2\/media?parent=13908"}],"wp:term":[{"taxonomy":"product_brand","embeddable":true,"href":"https:\/\/mekulo.com\/no\/wp-json\/wp\/v2\/product_brand?post=13908"},{"taxonomy":"product_cat","embeddable":true,"href":"https:\/\/mekulo.com\/no\/wp-json\/wp\/v2\/product_cat?post=13908"},{"taxonomy":"product_tag","embeddable":true,"href":"https:\/\/mekulo.com\/no\/wp-json\/wp\/v2\/product_tag?post=13908"}],"curies":[{"name":"wp","href":"https:\/\/api.w.org\/{rel}","templated":true}]}}