{"id":13893,"date":"2026-01-04T18:26:01","date_gmt":"2026-01-04T16:26:01","guid":{"rendered":"https:\/\/mekulo.com\/no\/produkt\/magnetisk-kneskinne-med-stotte\/"},"modified":"2026-01-04T19:42:41","modified_gmt":"2026-01-04T17:42:41","slug":"magnetisk-kneskinne-med-stotte","status":"publish","type":"product","link":"https:\/\/mekulo.com\/no\/produkt\/magnetisk-kneskinne-med-stotte\/","title":{"rendered":"Magnetisk kneskinne med st\u00f8tte"},"content":{"rendered":"<h2 style=\"text-align: center;\">Helbrede smertene dine med magnetisk kneb\u00f8yle<\/h2>\n<p style=\"text-align: center;\">\ud83d\udd39 <strong>Smertereduksjon<\/strong> \u2013 Magnetisk terapi har blitt brukt i \u00e5revis for \u00e5 lindre ledd- og muskelsmerter.<br \/>\n\ud83d\udd39 <strong>Forbedret blodsirkulasjon<\/strong> \u2013 Bedre sirkulasjon hjelper til med \u00e5 tilf\u00f8re oksygen og n\u00e6ringsstoffer til det ber\u00f8rte omr\u00e5det, noe som fremmer helbredelse.<br \/>\n\ud83d\udd39 <strong>\u00d8kt bevegelighet<\/strong> \u2013 Ved \u00e5 redusere ubehag kan du bevege deg fritt og gjenvinne selvtilliten i hverdagslige aktiviteter.<\/p>\n<p style=\"text-align: center;\">Denne kneskinnen er ideell for personer som lider av leddgikt, leddstivhet, sportsskader eller generelle knesmerter.<\/p>\n<p><img decoding=\"async\" class=\"size-medium wp-image-12285 aligncenter\" src=\"https:\/\/keluvo.com\/template\/wp-content\/uploads\/sites\/5\/2024\/12\/O1CN01NmBI2j1awVARqbqDE_2486123394-0-cib.png\" alt=\"\" \/><\/p>\n<p>&nbsp;<\/p>\n<h2 style=\"text-align: center;\">Enkel \u00e5 bruke og behagelig \u00e5 ha p\u00e5<\/h2>\n<p style=\"text-align: center;\">Kneskinnen med magnetisk st\u00f8tte er designet for maksimal komfort og brukervennlighet. Takket v\u00e6re den universelle st\u00f8rrelsen og justerbare passformen tilpasser den seg perfekt til kneet og gir optimal st\u00f8tte uten \u00e5 begrense bevegelsesfriheten.<\/p>\n<p style=\"text-align: center;\">\u2705 Enkel p\u00e5f\u00f8ring \u2013 Bare ta den p\u00e5 som en erme; ingen kompliserte stropper eller spenner er n\u00f8dvendig.<br \/>\n\u2705 Passer for begge kn\u00e6r \u2013 Kan brukes p\u00e5 enten venstre eller h\u00f8yre kne.<br \/>\n\u2705 Diskret og lett \u2013 Den tynne, pustende designen gj\u00f8r at du kan bruke den under kl\u00e6rne, selv under fysiske aktiviteter.<br \/>\n\u2705 Vannbestandig og slitesterk \u2013 Laget av materialer av h\u00f8y kvalitet for \u00e5 sikre langvarig ytelse i alle situasjoner.<\/p>\n<p style=\"text-align: center;\">Enten du trenger hjelp under trenings\u00f8kter, daglige aktiviteter eller n\u00e5r du hviler hjemme, gir denne kneskinnen p\u00e5litelig smertelindring n\u00e5r du trenger det.<\/p>\n<p><img decoding=\"async\" class=\"size-medium wp-image-12286 aligncenter\" src=\"https:\/\/keluvo.com\/template\/wp-content\/uploads\/sites\/5\/2024\/12\/WhatsApp-Image-2025-03-12-at-13.29.02_11449eb3.jpg\" alt=\"\" \/><\/p>\n","protected":false},"excerpt":{"rendered":"<p>Den magnetiske knest\u00f8tten er utviklet for \u00e5 gi naturlig smertelindring og bedre bevegelighet ved hjelp av 10 kraftige magneter med en styrke p\u00e5 580 gauss hver. Disse magnetene skaper et terapeutisk magnetfelt som bidrar til \u00e5 forbedre blodsirkulasjonen, redusere betennelse og lindre ubehag i kneleddet.<\/p>\n","protected":false},"featured_media":13889,"comment_status":"open","ping_status":"closed","template":"","meta":{"site-sidebar-layout":"default","site-content-layout":"","ast-site-content-layout":"default","site-content-style":"default","site-sidebar-style":"default","ast-global-header-display":"","ast-banner-title-visibility":"","ast-main-header-display":"","ast-hfb-above-header-display":"","ast-hfb-below-header-display":"","ast-hfb-mobile-header-display":"","site-post-title":"","ast-breadcrumbs-content":"","ast-featured-img":"","footer-sml-layout":"","theme-transparent-header-meta":"default","adv-header-id-meta":"","stick-header-meta":"","header-above-stick-meta":"","header-main-stick-meta":"","header-below-stick-meta":"","astra-migrate-meta-layouts":"set","ast-page-background-enabled":"default","ast-page-background-meta":{"desktop":{"background-color":"var(--ast-global-color-5)","background-image":"","background-repeat":"repeat","background-position":"center center","background-size":"auto","background-attachment":"scroll","background-type":"","background-media":"","overlay-type":"","overlay-color":"","overlay-opacity":"","overlay-gradient":""},"tablet":{"background-color":"","background-image":"","background-repeat":"repeat","background-position":"center center","background-size":"auto","background-attachment":"scroll","background-type":"","background-media":"","overlay-type":"","overlay-color":"","overlay-opacity":"","overlay-gradient":""},"mobile":{"background-color":"","background-image":"","background-repeat":"repeat","background-position":"center center","background-size":"auto","background-attachment":"scroll","background-type":"","background-media":"","overlay-type":"","overlay-color":"","overlay-opacity":"","overlay-gradient":""}},"ast-content-background-meta":{"desktop":{"background-color":"var(--ast-global-color-4)","background-image":"","background-repeat":"repeat","background-position":"center center","background-size":"auto","background-attachment":"scroll","background-type":"","background-media":"","overlay-type":"","overlay-color":"","overlay-opacity":"","overlay-gradient":""},"tablet":{"background-color":"var(--ast-global-color-4)","background-image":"","background-repeat":"repeat","background-position":"center center","background-size":"auto","background-attachment":"scroll","background-type":"","background-media":"","overlay-type":"","overlay-color":"","overlay-opacity":"","overlay-gradient":""},"mobile":{"background-color":"var(--ast-global-color-4)","background-image":"","background-repeat":"repeat","background-position":"center center","background-size":"auto","background-attachment":"scroll","background-type":"","background-media":"","overlay-type":"","overlay-color":"","overlay-opacity":"","overlay-gradient":""}}},"product_brand":[],"product_cat":[166],"product_tag":[],"class_list":{"0":"post-13893","1":"product","2":"type-product","3":"status-publish","4":"has-post-thumbnail","6":"product_cat-helsevesenets-forsyninger","7":"pa_18192_bgtju4z0-arm","8":"pa_18192_bgtju4z0-fotter","9":"pa_18192_bgtju4z0-knaer","10":"desktop-align-left","11":"tablet-align-left","12":"mobile-align-left","14":"first","15":"instock","16":"shipping-taxable","17":"purchasable","18":"product-type-variable"},"yoast_head":"<!-- This site is optimized with the Yoast SEO plugin v26.6 - https:\/\/yoast.com\/wordpress\/plugins\/seo\/ -->\n<title>Magnetisk kneskinne med st\u00f8tte - Mekulo NO<\/title>\n<meta name=\"robots\" content=\"index, follow, max-snippet:-1, max-image-preview:large, max-video-preview:-1\" \/>\n<link rel=\"canonical\" href=\"https:\/\/mekulo.com\/no\/produkt\/magnetisk-kneskinne-med-stotte\/\" \/>\n<meta property=\"og:locale\" content=\"nb_NO\" \/>\n<meta property=\"og:type\" content=\"article\" \/>\n<meta property=\"og:title\" content=\"Magnetisk kneskinne med st\u00f8tte - Mekulo NO\" \/>\n<meta property=\"og:description\" content=\"Den magnetiske knest\u00f8tten er utviklet for \u00e5 gi naturlig smertelindring og bedre bevegelighet ved hjelp av 10 kraftige magneter med en styrke p\u00e5 580 gauss hver. Disse magnetene skaper et terapeutisk magnetfelt som bidrar til \u00e5 forbedre blodsirkulasjonen, redusere betennelse og lindre ubehag i kneleddet.\" \/>\n<meta property=\"og:url\" content=\"https:\/\/mekulo.com\/no\/produkt\/magnetisk-kneskinne-med-stotte\/\" \/>\n<meta property=\"og:site_name\" content=\"Mekulo NO\" \/>\n<meta property=\"article:modified_time\" content=\"2026-01-04T17:42:41+00:00\" \/>\n<meta property=\"og:image\" content=\"https:\/\/mekulo.com\/no\/wp-content\/uploads\/sites\/10\/2026\/01\/20hno49-1.webp\" \/>\n\t<meta property=\"og:image:width\" content=\"800\" \/>\n\t<meta property=\"og:image:height\" content=\"800\" \/>\n\t<meta property=\"og:image:type\" content=\"image\/webp\" \/>\n<meta name=\"twitter:card\" content=\"summary_large_image\" \/>\n<meta name=\"twitter:label1\" content=\"Ansl. lesetid\" \/>\n\t<meta name=\"twitter:data1\" content=\"2 minutter\" \/>\n<script type=\"application\/ld+json\" class=\"yoast-schema-graph\">{\"@context\":\"https:\/\/schema.org\",\"@graph\":[{\"@type\":\"WebPage\",\"@id\":\"https:\/\/mekulo.com\/no\/produkt\/magnetisk-kneskinne-med-stotte\/\",\"url\":\"https:\/\/mekulo.com\/no\/produkt\/magnetisk-kneskinne-med-stotte\/\",\"name\":\"Magnetisk kneskinne med st\u00f8tte - Mekulo NO\",\"isPartOf\":{\"@id\":\"https:\/\/mekulo.com\/no\/#website\"},\"primaryImageOfPage\":{\"@id\":\"https:\/\/mekulo.com\/no\/produkt\/magnetisk-kneskinne-med-stotte\/#primaryimage\"},\"image\":{\"@id\":\"https:\/\/mekulo.com\/no\/produkt\/magnetisk-kneskinne-med-stotte\/#primaryimage\"},\"thumbnailUrl\":\"https:\/\/mekulo.com\/no\/wp-content\/uploads\/sites\/10\/2026\/01\/20hno49-1.webp\",\"datePublished\":\"2026-01-04T16:26:01+00:00\",\"dateModified\":\"2026-01-04T17:42:41+00:00\",\"breadcrumb\":{\"@id\":\"https:\/\/mekulo.com\/no\/produkt\/magnetisk-kneskinne-med-stotte\/#breadcrumb\"},\"inLanguage\":\"nb-NO\",\"potentialAction\":[{\"@type\":\"ReadAction\",\"target\":[\"https:\/\/mekulo.com\/no\/produkt\/magnetisk-kneskinne-med-stotte\/\"]}]},{\"@type\":\"ImageObject\",\"inLanguage\":\"nb-NO\",\"@id\":\"https:\/\/mekulo.com\/no\/produkt\/magnetisk-kneskinne-med-stotte\/#primaryimage\",\"url\":\"https:\/\/mekulo.com\/no\/wp-content\/uploads\/sites\/10\/2026\/01\/20hno49-1.webp\",\"contentUrl\":\"https:\/\/mekulo.com\/no\/wp-content\/uploads\/sites\/10\/2026\/01\/20hno49-1.webp\",\"width\":800,\"height\":800},{\"@type\":\"BreadcrumbList\",\"@id\":\"https:\/\/mekulo.com\/no\/produkt\/magnetisk-kneskinne-med-stotte\/#breadcrumb\",\"itemListElement\":[{\"@type\":\"ListItem\",\"position\":1,\"name\":\"Home\",\"item\":\"https:\/\/mekulo.com\/no\/\"},{\"@type\":\"ListItem\",\"position\":2,\"name\":\"Butikk\",\"item\":\"https:\/\/mekulo.com\/no\/butikk\/\"},{\"@type\":\"ListItem\",\"position\":3,\"name\":\"Magnetisk kneskinne med st\u00f8tte\"}]},{\"@type\":\"WebSite\",\"@id\":\"https:\/\/mekulo.com\/no\/#website\",\"url\":\"https:\/\/mekulo.com\/no\/\",\"name\":\"Mekulo NO\",\"description\":\"\",\"publisher\":{\"@id\":\"https:\/\/mekulo.com\/no\/#organization\"},\"potentialAction\":[{\"@type\":\"SearchAction\",\"target\":{\"@type\":\"EntryPoint\",\"urlTemplate\":\"https:\/\/mekulo.com\/no\/?s={search_term_string}\"},\"query-input\":{\"@type\":\"PropertyValueSpecification\",\"valueRequired\":true,\"valueName\":\"search_term_string\"}}],\"inLanguage\":\"nb-NO\"},{\"@type\":\"Organization\",\"@id\":\"https:\/\/mekulo.com\/no\/#organization\",\"name\":\"Mekulo\",\"url\":\"https:\/\/mekulo.com\/no\/\",\"logo\":{\"@type\":\"ImageObject\",\"inLanguage\":\"nb-NO\",\"@id\":\"https:\/\/mekulo.com\/no\/#\/schema\/logo\/image\/\",\"url\":\"https:\/\/mekulo.com\/no\/wp-content\/uploads\/sites\/10\/2025\/12\/favicon_mekulo.png\",\"contentUrl\":\"https:\/\/mekulo.com\/no\/wp-content\/uploads\/sites\/10\/2025\/12\/favicon_mekulo.png\",\"width\":50,\"height\":50,\"caption\":\"Mekulo\"},\"image\":{\"@id\":\"https:\/\/mekulo.com\/no\/#\/schema\/logo\/image\/\"}}]}<\/script>\n<!-- \/ Yoast SEO plugin. -->","yoast_head_json":{"title":"Magnetisk kneskinne med st\u00f8tte - Mekulo NO","robots":{"index":"index","follow":"follow","max-snippet":"max-snippet:-1","max-image-preview":"max-image-preview:large","max-video-preview":"max-video-preview:-1"},"canonical":"https:\/\/mekulo.com\/no\/produkt\/magnetisk-kneskinne-med-stotte\/","og_locale":"nb_NO","og_type":"article","og_title":"Magnetisk kneskinne med st\u00f8tte - Mekulo NO","og_description":"Den magnetiske knest\u00f8tten er utviklet for \u00e5 gi naturlig smertelindring og bedre bevegelighet ved hjelp av 10 kraftige magneter med en styrke p\u00e5 580 gauss hver. Disse magnetene skaper et terapeutisk magnetfelt som bidrar til \u00e5 forbedre blodsirkulasjonen, redusere betennelse og lindre ubehag i kneleddet.","og_url":"https:\/\/mekulo.com\/no\/produkt\/magnetisk-kneskinne-med-stotte\/","og_site_name":"Mekulo NO","article_modified_time":"2026-01-04T17:42:41+00:00","og_image":[{"width":800,"height":800,"url":"https:\/\/mekulo.com\/no\/wp-content\/uploads\/sites\/10\/2026\/01\/20hno49-1.webp","type":"image\/webp"}],"twitter_card":"summary_large_image","twitter_misc":{"Ansl. lesetid":"2 minutter"},"schema":{"@context":"https:\/\/schema.org","@graph":[{"@type":"WebPage","@id":"https:\/\/mekulo.com\/no\/produkt\/magnetisk-kneskinne-med-stotte\/","url":"https:\/\/mekulo.com\/no\/produkt\/magnetisk-kneskinne-med-stotte\/","name":"Magnetisk kneskinne med st\u00f8tte - Mekulo NO","isPartOf":{"@id":"https:\/\/mekulo.com\/no\/#website"},"primaryImageOfPage":{"@id":"https:\/\/mekulo.com\/no\/produkt\/magnetisk-kneskinne-med-stotte\/#primaryimage"},"image":{"@id":"https:\/\/mekulo.com\/no\/produkt\/magnetisk-kneskinne-med-stotte\/#primaryimage"},"thumbnailUrl":"https:\/\/mekulo.com\/no\/wp-content\/uploads\/sites\/10\/2026\/01\/20hno49-1.webp","datePublished":"2026-01-04T16:26:01+00:00","dateModified":"2026-01-04T17:42:41+00:00","breadcrumb":{"@id":"https:\/\/mekulo.com\/no\/produkt\/magnetisk-kneskinne-med-stotte\/#breadcrumb"},"inLanguage":"nb-NO","potentialAction":[{"@type":"ReadAction","target":["https:\/\/mekulo.com\/no\/produkt\/magnetisk-kneskinne-med-stotte\/"]}]},{"@type":"ImageObject","inLanguage":"nb-NO","@id":"https:\/\/mekulo.com\/no\/produkt\/magnetisk-kneskinne-med-stotte\/#primaryimage","url":"https:\/\/mekulo.com\/no\/wp-content\/uploads\/sites\/10\/2026\/01\/20hno49-1.webp","contentUrl":"https:\/\/mekulo.com\/no\/wp-content\/uploads\/sites\/10\/2026\/01\/20hno49-1.webp","width":800,"height":800},{"@type":"BreadcrumbList","@id":"https:\/\/mekulo.com\/no\/produkt\/magnetisk-kneskinne-med-stotte\/#breadcrumb","itemListElement":[{"@type":"ListItem","position":1,"name":"Home","item":"https:\/\/mekulo.com\/no\/"},{"@type":"ListItem","position":2,"name":"Butikk","item":"https:\/\/mekulo.com\/no\/butikk\/"},{"@type":"ListItem","position":3,"name":"Magnetisk kneskinne med st\u00f8tte"}]},{"@type":"WebSite","@id":"https:\/\/mekulo.com\/no\/#website","url":"https:\/\/mekulo.com\/no\/","name":"Mekulo NO","description":"","publisher":{"@id":"https:\/\/mekulo.com\/no\/#organization"},"potentialAction":[{"@type":"SearchAction","target":{"@type":"EntryPoint","urlTemplate":"https:\/\/mekulo.com\/no\/?s={search_term_string}"},"query-input":{"@type":"PropertyValueSpecification","valueRequired":true,"valueName":"search_term_string"}}],"inLanguage":"nb-NO"},{"@type":"Organization","@id":"https:\/\/mekulo.com\/no\/#organization","name":"Mekulo","url":"https:\/\/mekulo.com\/no\/","logo":{"@type":"ImageObject","inLanguage":"nb-NO","@id":"https:\/\/mekulo.com\/no\/#\/schema\/logo\/image\/","url":"https:\/\/mekulo.com\/no\/wp-content\/uploads\/sites\/10\/2025\/12\/favicon_mekulo.png","contentUrl":"https:\/\/mekulo.com\/no\/wp-content\/uploads\/sites\/10\/2025\/12\/favicon_mekulo.png","width":50,"height":50,"caption":"Mekulo"},"image":{"@id":"https:\/\/mekulo.com\/no\/#\/schema\/logo\/image\/"}}]}},"_links":{"self":[{"href":"https:\/\/mekulo.com\/no\/wp-json\/wp\/v2\/product\/13893","targetHints":{"allow":["GET"]}}],"collection":[{"href":"https:\/\/mekulo.com\/no\/wp-json\/wp\/v2\/product"}],"about":[{"href":"https:\/\/mekulo.com\/no\/wp-json\/wp\/v2\/types\/product"}],"replies":[{"embeddable":true,"href":"https:\/\/mekulo.com\/no\/wp-json\/wp\/v2\/comments?post=13893"}],"wp:featuredmedia":[{"embeddable":true,"href":"https:\/\/mekulo.com\/no\/wp-json\/wp\/v2\/media\/13889"}],"wp:attachment":[{"href":"https:\/\/mekulo.com\/no\/wp-json\/wp\/v2\/media?parent=13893"}],"wp:term":[{"taxonomy":"product_brand","embeddable":true,"href":"https:\/\/mekulo.com\/no\/wp-json\/wp\/v2\/product_brand?post=13893"},{"taxonomy":"product_cat","embeddable":true,"href":"https:\/\/mekulo.com\/no\/wp-json\/wp\/v2\/product_cat?post=13893"},{"taxonomy":"product_tag","embeddable":true,"href":"https:\/\/mekulo.com\/no\/wp-json\/wp\/v2\/product_tag?post=13893"}],"curies":[{"name":"wp","href":"https:\/\/api.w.org\/{rel}","templated":true}]}}