{"id":13884,"date":"2026-01-04T18:25:12","date_gmt":"2026-01-04T16:25:12","guid":{"rendered":"https:\/\/mekulo.com\/no\/produkt\/2-i-1-skralle-og-fastnokkelsett-med-chuck\/"},"modified":"2026-01-04T19:41:37","modified_gmt":"2026-01-04T17:41:37","slug":"2-i-1-skralle-og-fastnokkelsett-med-chuck","status":"publish","type":"product","link":"https:\/\/mekulo.com\/no\/produkt\/2-i-1-skralle-og-fastnokkelsett-med-chuck\/","title":{"rendered":"2-i-1 skralle- og fastn\u00f8kkelsett med chuck"},"content":{"rendered":"<p style=\"text-align: center;\" data-start=\"0\" data-end=\"91\"><strong>Skift bor raskere og enklere med ett kompakt verkt\u00f8y som passer til flere chuckst\u00f8rrelser. \ud83d\udd27\ud83d\udee0\ufe0f<\/strong><img fetchpriority=\"high\" decoding=\"async\" class=\"size-full wp-image-43866 aligncenter\" src=\"https:\/\/keluvo.com\/template\/wp-content\/uploads\/sites\/5\/2025\/12\/102212-ezgif.com-video-to-webp-converter.webp\" alt=\"\" width=\"500\" height=\"500\" \/><\/p>\n<h2 style=\"text-align: center;\" data-start=\"353\" data-end=\"373\">Hovedfordeler<\/h2>\n<p data-start=\"376\" data-end=\"476\">\ud83d\udd01 Reversibelt skrallesystem &#8211; Bytt mellom \u00e5 stramme og l\u00f8sne med en enkel bevegelse.<\/p>\n<p data-start=\"479\" data-end=\"570\">\ud83d\udd27 Passer til flere chucker &#8211; Inkluderer 3 utskiftbare chuckn\u00f8kkelhoder for de fleste bor.<\/p>\n<p data-start=\"573\" data-end=\"658\">\ud83d\udcaa Sterkt og slitesterkt &#8211; Laget av h\u00f8yfast 45# st\u00e5l for langvarig bruk.<\/p>\n<p data-start=\"661\" data-end=\"739\">\u270b Sklisikkert ergonomisk grep &#8211; Lett \u00e5 holde selv med oljete eller svette hender.<\/p>\n<p data-start=\"742\" data-end=\"823\">\u26a1 Sparer tid &#8211; Raske bitsbytter gj\u00f8r at du kan jobbe raskere og mer effektivt.<\/p>\n<p data-start=\"826\" data-end=\"909\">\ud83d\udee0\ufe0f Allsidig verkt\u00f8y &#8211; Fungerer med elektriske bor, motorbor og h\u00e5ndbor.<\/p>\n<p data-start=\"826\" data-end=\"909\"><img decoding=\"async\" class=\" wp-image-43867 aligncenter\" src=\"https:\/\/keluvo.com\/template\/wp-content\/uploads\/sites\/5\/2025\/12\/e7ada404-597c-4fb3-9b1d-51bd08a9b868.gif\" alt=\"\" width=\"500\" height=\"500\" \/><\/p>\n<h2 style=\"text-align: center;\" data-start=\"916\" data-end=\"934\">Slik bruker du den<\/h2>\n<ol data-start=\"935\" data-end=\"1250\">\n<li data-start=\"935\" data-end=\"1028\">\n<p data-start=\"938\" data-end=\"1028\">Velg riktig chuckhode (liten, middels eller stor) og fest det til skiften\u00f8kkelen.<\/p>\n<\/li>\n<li data-start=\"1029\" data-end=\"1079\">\n<p data-start=\"1032\" data-end=\"1079\">Plasser n\u00f8kkelhodet i borechucken.<\/p>\n<\/li>\n<li data-start=\"1080\" data-end=\"1150\">\n<p data-start=\"1083\" data-end=\"1150\">Beveg skralleh\u00e5ndtaket forover for \u00e5 stramme, eller bakover for \u00e5 l\u00f8sne.<\/p>\n<\/li>\n<li data-start=\"1151\" data-end=\"1196\">\n<p data-start=\"1154\" data-end=\"1196\">Bytt bits eller juster chucken etter behov.<\/p>\n<\/li>\n<li data-start=\"1197\" data-end=\"1250\">\n<p data-start=\"1200\" data-end=\"1250\">Oppbevar skiften\u00f8kkelen i verkt\u00f8ykassen for rask tilgang.<\/p>\n<\/li>\n<\/ol>\n<h2 style=\"text-align: center;\" data-start=\"1257\" data-end=\"1280\">Produktdetaljer<\/h2>\n<ul data-start=\"1281\" data-end=\"1582\">\n<li data-start=\"1327\" data-end=\"1359\">\n<p data-start=\"1329\" data-end=\"1359\">Materiale: 45# st\u00e5l + gummi<\/p>\n<\/li>\n<li data-start=\"1360\" data-end=\"1377\">\n<p data-start=\"1362\" data-end=\"1377\">Vekt: 104 g<\/p>\n<\/li>\n<li data-start=\"1378\" data-end=\"1396\">\n<p data-start=\"1380\" data-end=\"1396\">Lengde: 150 mm<\/p>\n<\/li>\n<li data-start=\"1397\" data-end=\"1465\">\n<p data-start=\"1399\" data-end=\"1415\">Endediametre: <span style=\"font-size: 16px;\">Liten ende: 12.7 mm, <\/span><span style=\"font-size: 16px;\">stor ende: 17.5 mm<\/span><\/p>\n<\/li>\n<li data-start=\"1466\" data-end=\"1513\">\n<p data-start=\"1468\" data-end=\"1513\">Inkludert: 3 utskiftbare chuckn\u00f8kkelhoder<\/p>\n<\/li>\n<li data-start=\"1514\" data-end=\"1582\">\n<p data-start=\"1516\" data-end=\"1582\">Passer til: de fleste borechucker (elektriske, h\u00e5nd- og motorboremaskiner)<\/p>\n<\/li>\n<\/ul>\n<h2 style=\"text-align: center;\" data-start=\"1589\" data-end=\"1613\">Pakken inkluderer<\/h2>\n<ul data-start=\"1614\" data-end=\"1655\" data-is-last-node=\"\" data-is-only-node=\"\">\n<li data-start=\"1614\" data-end=\"1655\" data-is-last-node=\"\">\n<p data-start=\"1616\" data-end=\"1655\" data-is-last-node=\"\">1x 2-i-1 chuckskralle n\u00f8kkel sett.<\/p>\n<\/li>\n<\/ul>\n","protected":false},"excerpt":{"rendered":"<p style=\"text-align: left;\" data-start=\"93\" data-end=\"346\">Denne 2-i-1-skrallen\u00f8kkelen erstatter klumpete boren\u00f8kler og gj\u00f8r det enkelt \u00e5 stramme eller l\u00f8sne borechucken. Med et reversibelt skrallesystem og utskiftbare chuckhoder kan du bytte bits p\u00e5 sekunder &#8211; perfekt for alle gj\u00f8r-det-selv-folk eller profesjonelle.<\/p>\n<p data-start=\"93\" data-end=\"346\">\n","protected":false},"featured_media":13880,"comment_status":"open","ping_status":"closed","template":"","meta":{"site-sidebar-layout":"default","site-content-layout":"","ast-site-content-layout":"default","site-content-style":"default","site-sidebar-style":"default","ast-global-header-display":"","ast-banner-title-visibility":"","ast-main-header-display":"","ast-hfb-above-header-display":"","ast-hfb-below-header-display":"","ast-hfb-mobile-header-display":"","site-post-title":"","ast-breadcrumbs-content":"","ast-featured-img":"","footer-sml-layout":"","theme-transparent-header-meta":"default","adv-header-id-meta":"","stick-header-meta":"","header-above-stick-meta":"","header-main-stick-meta":"","header-below-stick-meta":"","astra-migrate-meta-layouts":"set","ast-page-background-enabled":"default","ast-page-background-meta":{"desktop":{"background-color":"var(--ast-global-color-5)","background-image":"","background-repeat":"repeat","background-position":"center center","background-size":"auto","background-attachment":"scroll","background-type":"","background-media":"","overlay-type":"","overlay-color":"","overlay-opacity":"","overlay-gradient":""},"tablet":{"background-color":"","background-image":"","background-repeat":"repeat","background-position":"center center","background-size":"auto","background-attachment":"scroll","background-type":"","background-media":"","overlay-type":"","overlay-color":"","overlay-opacity":"","overlay-gradient":""},"mobile":{"background-color":"","background-image":"","background-repeat":"repeat","background-position":"center center","background-size":"auto","background-attachment":"scroll","background-type":"","background-media":"","overlay-type":"","overlay-color":"","overlay-opacity":"","overlay-gradient":""}},"ast-content-background-meta":{"desktop":{"background-color":"var(--ast-global-color-4)","background-image":"","background-repeat":"repeat","background-position":"center center","background-size":"auto","background-attachment":"scroll","background-type":"","background-media":"","overlay-type":"","overlay-color":"","overlay-opacity":"","overlay-gradient":""},"tablet":{"background-color":"var(--ast-global-color-4)","background-image":"","background-repeat":"repeat","background-position":"center center","background-size":"auto","background-attachment":"scroll","background-type":"","background-media":"","overlay-type":"","overlay-color":"","overlay-opacity":"","overlay-gradient":""},"mobile":{"background-color":"var(--ast-global-color-4)","background-image":"","background-repeat":"repeat","background-position":"center center","background-size":"auto","background-attachment":"scroll","background-type":"","background-media":"","overlay-type":"","overlay-color":"","overlay-opacity":"","overlay-gradient":""}}},"product_brand":[],"product_cat":[171],"product_tag":[],"class_list":{"0":"post-13884","1":"product","2":"type-product","3":"status-publish","4":"has-post-thumbnail","6":"product_cat-verktoy","7":"desktop-align-left","8":"tablet-align-left","9":"mobile-align-left","11":"first","12":"instock","13":"shipping-taxable","14":"purchasable","15":"product-type-simple"},"yoast_head":"<!-- This site is optimized with the Yoast SEO plugin v26.6 - https:\/\/yoast.com\/wordpress\/plugins\/seo\/ -->\n<title>2-i-1 skralle- og fastn\u00f8kkelsett med chuck - Mekulo NO<\/title>\n<meta name=\"robots\" content=\"index, follow, max-snippet:-1, max-image-preview:large, max-video-preview:-1\" \/>\n<link rel=\"canonical\" href=\"https:\/\/mekulo.com\/no\/produkt\/2-i-1-skralle-og-fastnokkelsett-med-chuck\/\" \/>\n<meta property=\"og:locale\" content=\"nb_NO\" \/>\n<meta property=\"og:type\" content=\"article\" \/>\n<meta property=\"og:title\" content=\"2-i-1 skralle- og fastn\u00f8kkelsett med chuck - Mekulo NO\" \/>\n<meta property=\"og:description\" content=\"Denne 2-i-1-skrallen\u00f8kkelen erstatter klumpete boren\u00f8kler og gj\u00f8r det enkelt \u00e5 stramme eller l\u00f8sne borechucken. Med et reversibelt skrallesystem og utskiftbare chuckhoder kan du bytte bits p\u00e5 sekunder - perfekt for alle gj\u00f8r-det-selv-folk eller profesjonelle.\" \/>\n<meta property=\"og:url\" content=\"https:\/\/mekulo.com\/no\/produkt\/2-i-1-skralle-og-fastnokkelsett-med-chuck\/\" \/>\n<meta property=\"og:site_name\" content=\"Mekulo NO\" \/>\n<meta property=\"article:modified_time\" content=\"2026-01-04T17:41:37+00:00\" \/>\n<meta property=\"og:image\" content=\"https:\/\/mekulo.com\/no\/wp-content\/uploads\/sites\/10\/2026\/01\/u7unicv-1.jpg\" \/>\n\t<meta property=\"og:image:width\" content=\"800\" \/>\n\t<meta property=\"og:image:height\" content=\"800\" \/>\n\t<meta property=\"og:image:type\" content=\"image\/jpeg\" \/>\n<meta name=\"twitter:card\" content=\"summary_large_image\" \/>\n<meta name=\"twitter:label1\" content=\"Ansl. lesetid\" \/>\n\t<meta name=\"twitter:data1\" content=\"2 minutter\" \/>\n<script type=\"application\/ld+json\" class=\"yoast-schema-graph\">{\"@context\":\"https:\/\/schema.org\",\"@graph\":[{\"@type\":\"WebPage\",\"@id\":\"https:\/\/mekulo.com\/no\/produkt\/2-i-1-skralle-og-fastnokkelsett-med-chuck\/\",\"url\":\"https:\/\/mekulo.com\/no\/produkt\/2-i-1-skralle-og-fastnokkelsett-med-chuck\/\",\"name\":\"2-i-1 skralle- og fastn\u00f8kkelsett med chuck - Mekulo NO\",\"isPartOf\":{\"@id\":\"https:\/\/mekulo.com\/no\/#website\"},\"primaryImageOfPage\":{\"@id\":\"https:\/\/mekulo.com\/no\/produkt\/2-i-1-skralle-og-fastnokkelsett-med-chuck\/#primaryimage\"},\"image\":{\"@id\":\"https:\/\/mekulo.com\/no\/produkt\/2-i-1-skralle-og-fastnokkelsett-med-chuck\/#primaryimage\"},\"thumbnailUrl\":\"https:\/\/mekulo.com\/no\/wp-content\/uploads\/sites\/10\/2026\/01\/u7unicv-1.jpg\",\"datePublished\":\"2026-01-04T16:25:12+00:00\",\"dateModified\":\"2026-01-04T17:41:37+00:00\",\"breadcrumb\":{\"@id\":\"https:\/\/mekulo.com\/no\/produkt\/2-i-1-skralle-og-fastnokkelsett-med-chuck\/#breadcrumb\"},\"inLanguage\":\"nb-NO\",\"potentialAction\":[{\"@type\":\"ReadAction\",\"target\":[\"https:\/\/mekulo.com\/no\/produkt\/2-i-1-skralle-og-fastnokkelsett-med-chuck\/\"]}]},{\"@type\":\"ImageObject\",\"inLanguage\":\"nb-NO\",\"@id\":\"https:\/\/mekulo.com\/no\/produkt\/2-i-1-skralle-og-fastnokkelsett-med-chuck\/#primaryimage\",\"url\":\"https:\/\/mekulo.com\/no\/wp-content\/uploads\/sites\/10\/2026\/01\/u7unicv-1.jpg\",\"contentUrl\":\"https:\/\/mekulo.com\/no\/wp-content\/uploads\/sites\/10\/2026\/01\/u7unicv-1.jpg\",\"width\":800,\"height\":800},{\"@type\":\"BreadcrumbList\",\"@id\":\"https:\/\/mekulo.com\/no\/produkt\/2-i-1-skralle-og-fastnokkelsett-med-chuck\/#breadcrumb\",\"itemListElement\":[{\"@type\":\"ListItem\",\"position\":1,\"name\":\"Home\",\"item\":\"https:\/\/mekulo.com\/no\/\"},{\"@type\":\"ListItem\",\"position\":2,\"name\":\"Butikk\",\"item\":\"https:\/\/mekulo.com\/no\/butikk\/\"},{\"@type\":\"ListItem\",\"position\":3,\"name\":\"2-i-1 skralle- og fastn\u00f8kkelsett med chuck\"}]},{\"@type\":\"WebSite\",\"@id\":\"https:\/\/mekulo.com\/no\/#website\",\"url\":\"https:\/\/mekulo.com\/no\/\",\"name\":\"Mekulo NO\",\"description\":\"\",\"publisher\":{\"@id\":\"https:\/\/mekulo.com\/no\/#organization\"},\"potentialAction\":[{\"@type\":\"SearchAction\",\"target\":{\"@type\":\"EntryPoint\",\"urlTemplate\":\"https:\/\/mekulo.com\/no\/?s={search_term_string}\"},\"query-input\":{\"@type\":\"PropertyValueSpecification\",\"valueRequired\":true,\"valueName\":\"search_term_string\"}}],\"inLanguage\":\"nb-NO\"},{\"@type\":\"Organization\",\"@id\":\"https:\/\/mekulo.com\/no\/#organization\",\"name\":\"Mekulo\",\"url\":\"https:\/\/mekulo.com\/no\/\",\"logo\":{\"@type\":\"ImageObject\",\"inLanguage\":\"nb-NO\",\"@id\":\"https:\/\/mekulo.com\/no\/#\/schema\/logo\/image\/\",\"url\":\"https:\/\/mekulo.com\/no\/wp-content\/uploads\/sites\/10\/2025\/12\/favicon_mekulo.png\",\"contentUrl\":\"https:\/\/mekulo.com\/no\/wp-content\/uploads\/sites\/10\/2025\/12\/favicon_mekulo.png\",\"width\":50,\"height\":50,\"caption\":\"Mekulo\"},\"image\":{\"@id\":\"https:\/\/mekulo.com\/no\/#\/schema\/logo\/image\/\"}}]}<\/script>\n<!-- \/ Yoast SEO plugin. -->","yoast_head_json":{"title":"2-i-1 skralle- og fastn\u00f8kkelsett med chuck - Mekulo NO","robots":{"index":"index","follow":"follow","max-snippet":"max-snippet:-1","max-image-preview":"max-image-preview:large","max-video-preview":"max-video-preview:-1"},"canonical":"https:\/\/mekulo.com\/no\/produkt\/2-i-1-skralle-og-fastnokkelsett-med-chuck\/","og_locale":"nb_NO","og_type":"article","og_title":"2-i-1 skralle- og fastn\u00f8kkelsett med chuck - Mekulo NO","og_description":"Denne 2-i-1-skrallen\u00f8kkelen erstatter klumpete boren\u00f8kler og gj\u00f8r det enkelt \u00e5 stramme eller l\u00f8sne borechucken. Med et reversibelt skrallesystem og utskiftbare chuckhoder kan du bytte bits p\u00e5 sekunder - perfekt for alle gj\u00f8r-det-selv-folk eller profesjonelle.","og_url":"https:\/\/mekulo.com\/no\/produkt\/2-i-1-skralle-og-fastnokkelsett-med-chuck\/","og_site_name":"Mekulo NO","article_modified_time":"2026-01-04T17:41:37+00:00","og_image":[{"width":800,"height":800,"url":"https:\/\/mekulo.com\/no\/wp-content\/uploads\/sites\/10\/2026\/01\/u7unicv-1.jpg","type":"image\/jpeg"}],"twitter_card":"summary_large_image","twitter_misc":{"Ansl. lesetid":"2 minutter"},"schema":{"@context":"https:\/\/schema.org","@graph":[{"@type":"WebPage","@id":"https:\/\/mekulo.com\/no\/produkt\/2-i-1-skralle-og-fastnokkelsett-med-chuck\/","url":"https:\/\/mekulo.com\/no\/produkt\/2-i-1-skralle-og-fastnokkelsett-med-chuck\/","name":"2-i-1 skralle- og fastn\u00f8kkelsett med chuck - Mekulo NO","isPartOf":{"@id":"https:\/\/mekulo.com\/no\/#website"},"primaryImageOfPage":{"@id":"https:\/\/mekulo.com\/no\/produkt\/2-i-1-skralle-og-fastnokkelsett-med-chuck\/#primaryimage"},"image":{"@id":"https:\/\/mekulo.com\/no\/produkt\/2-i-1-skralle-og-fastnokkelsett-med-chuck\/#primaryimage"},"thumbnailUrl":"https:\/\/mekulo.com\/no\/wp-content\/uploads\/sites\/10\/2026\/01\/u7unicv-1.jpg","datePublished":"2026-01-04T16:25:12+00:00","dateModified":"2026-01-04T17:41:37+00:00","breadcrumb":{"@id":"https:\/\/mekulo.com\/no\/produkt\/2-i-1-skralle-og-fastnokkelsett-med-chuck\/#breadcrumb"},"inLanguage":"nb-NO","potentialAction":[{"@type":"ReadAction","target":["https:\/\/mekulo.com\/no\/produkt\/2-i-1-skralle-og-fastnokkelsett-med-chuck\/"]}]},{"@type":"ImageObject","inLanguage":"nb-NO","@id":"https:\/\/mekulo.com\/no\/produkt\/2-i-1-skralle-og-fastnokkelsett-med-chuck\/#primaryimage","url":"https:\/\/mekulo.com\/no\/wp-content\/uploads\/sites\/10\/2026\/01\/u7unicv-1.jpg","contentUrl":"https:\/\/mekulo.com\/no\/wp-content\/uploads\/sites\/10\/2026\/01\/u7unicv-1.jpg","width":800,"height":800},{"@type":"BreadcrumbList","@id":"https:\/\/mekulo.com\/no\/produkt\/2-i-1-skralle-og-fastnokkelsett-med-chuck\/#breadcrumb","itemListElement":[{"@type":"ListItem","position":1,"name":"Home","item":"https:\/\/mekulo.com\/no\/"},{"@type":"ListItem","position":2,"name":"Butikk","item":"https:\/\/mekulo.com\/no\/butikk\/"},{"@type":"ListItem","position":3,"name":"2-i-1 skralle- og fastn\u00f8kkelsett med chuck"}]},{"@type":"WebSite","@id":"https:\/\/mekulo.com\/no\/#website","url":"https:\/\/mekulo.com\/no\/","name":"Mekulo NO","description":"","publisher":{"@id":"https:\/\/mekulo.com\/no\/#organization"},"potentialAction":[{"@type":"SearchAction","target":{"@type":"EntryPoint","urlTemplate":"https:\/\/mekulo.com\/no\/?s={search_term_string}"},"query-input":{"@type":"PropertyValueSpecification","valueRequired":true,"valueName":"search_term_string"}}],"inLanguage":"nb-NO"},{"@type":"Organization","@id":"https:\/\/mekulo.com\/no\/#organization","name":"Mekulo","url":"https:\/\/mekulo.com\/no\/","logo":{"@type":"ImageObject","inLanguage":"nb-NO","@id":"https:\/\/mekulo.com\/no\/#\/schema\/logo\/image\/","url":"https:\/\/mekulo.com\/no\/wp-content\/uploads\/sites\/10\/2025\/12\/favicon_mekulo.png","contentUrl":"https:\/\/mekulo.com\/no\/wp-content\/uploads\/sites\/10\/2025\/12\/favicon_mekulo.png","width":50,"height":50,"caption":"Mekulo"},"image":{"@id":"https:\/\/mekulo.com\/no\/#\/schema\/logo\/image\/"}}]}},"_links":{"self":[{"href":"https:\/\/mekulo.com\/no\/wp-json\/wp\/v2\/product\/13884","targetHints":{"allow":["GET"]}}],"collection":[{"href":"https:\/\/mekulo.com\/no\/wp-json\/wp\/v2\/product"}],"about":[{"href":"https:\/\/mekulo.com\/no\/wp-json\/wp\/v2\/types\/product"}],"replies":[{"embeddable":true,"href":"https:\/\/mekulo.com\/no\/wp-json\/wp\/v2\/comments?post=13884"}],"wp:featuredmedia":[{"embeddable":true,"href":"https:\/\/mekulo.com\/no\/wp-json\/wp\/v2\/media\/13880"}],"wp:attachment":[{"href":"https:\/\/mekulo.com\/no\/wp-json\/wp\/v2\/media?parent=13884"}],"wp:term":[{"taxonomy":"product_brand","embeddable":true,"href":"https:\/\/mekulo.com\/no\/wp-json\/wp\/v2\/product_brand?post=13884"},{"taxonomy":"product_cat","embeddable":true,"href":"https:\/\/mekulo.com\/no\/wp-json\/wp\/v2\/product_cat?post=13884"},{"taxonomy":"product_tag","embeddable":true,"href":"https:\/\/mekulo.com\/no\/wp-json\/wp\/v2\/product_tag?post=13884"}],"curies":[{"name":"wp","href":"https:\/\/api.w.org\/{rel}","templated":true}]}}