{"id":13838,"date":"2026-01-04T18:21:10","date_gmt":"2026-01-04T16:21:10","guid":{"rendered":"https:\/\/mekulo.com\/no\/produkt\/4-i-1-sett-med-slangeklemmetang\/"},"modified":"2026-01-04T19:35:27","modified_gmt":"2026-01-04T17:35:27","slug":"4-i-1-sett-med-slangeklemmetang","status":"publish","type":"product","link":"https:\/\/mekulo.com\/no\/produkt\/4-i-1-sett-med-slangeklemmetang\/","title":{"rendered":"4-i-1-sett med slangeklemmetang"},"content":{"rendered":"<p style=\"text-align: center;\" data-start=\"0\" data-end=\"92\"><strong>Fjern, l\u00f8sne og fest slangeklemmer raskt og trygt &#8211; med ett komplett verkt\u00f8ysett. \ud83d\udd27\u2699\ufe0f<\/strong><\/p>\n<p data-start=\"94\" data-end=\"368\"><img decoding=\"async\" class=\"size-full wp-image-39108 aligncenter\" src=\"https:\/\/keluvo.com\/template\/wp-content\/uploads\/sites\/5\/2025\/10\/10223-ezgif.com-video-to-webp-converter-2.webp\" alt=\"\" \/><\/p>\n<p style=\"text-align: center;\" data-start=\"94\" data-end=\"368\"><strong>The settet inneholder 4 spesialiserte tenger: \ud83d\udc47<\/strong><\/p>\n<ol data-start=\"1303\" data-end=\"1422\">\n<li data-start=\"1303\" data-end=\"1325\">\n<p style=\"text-align: left;\" data-start=\"1305\" data-end=\"1325\">Tang for fjerning av slanger<\/p>\n<\/li>\n<li style=\"text-align: left;\" data-start=\"1328\" data-end=\"1357\">\n<p data-start=\"1330\" data-end=\"1357\">Clic-R-krageklemmetang<\/p>\n<\/li>\n<li style=\"text-align: left;\" data-start=\"1360\" data-end=\"1393\">\n<p data-start=\"1362\" data-end=\"1393\">Profesjonell slangeklemmetang<\/p>\n<\/li>\n<li style=\"text-align: center;\" data-start=\"1396\" data-end=\"1422\">\n<p style=\"text-align: left;\" data-start=\"1398\" data-end=\"1422\">Bensinklipsr\u00f8rtang<\/p>\n<\/li>\n<\/ol>\n<h2 style=\"text-align: center;\">Slangediameter:<\/h2>\n<p><img fetchpriority=\"high\" decoding=\"async\" class=\" wp-image-43113 aligncenter\" src=\"https:\/\/keluvo.com\/template\/wp-content\/uploads\/sites\/5\/2025\/10\/diameter.jpg\" alt=\"\" width=\"655\" height=\"655\" \/><\/p>\n<h2 style=\"text-align: center;\" data-start=\"370\" data-end=\"389\">\u2705 Hovedfordeler<\/h2>\n<p data-start=\"392\" data-end=\"471\">\ud83d\udd27 Alt-i-ett-l\u00f8sning &#8211; 4 spesialiserte tenger for alle slange- og klemmetyper.<\/p>\n<p data-start=\"474\" data-end=\"553\">\u26a1 Rask slangefjerning &#8211; klem og l\u00f8sne slanger rent med minimal anstrengelse.<\/p>\n<p data-start=\"556\" data-end=\"642\">\ud83e\uddf0 Perfekt for bilarbeid &#8211; ideell for drivstoffledninger, kj\u00f8lev\u00e6skesystemer og motorslanger.<\/p>\n<p data-start=\"645\" data-end=\"730\">\ud83c\udfaf Bredt passformomr\u00e5de &#8211; fungerer med 4 mm\u201314 mm slanger og st\u00f8rre klemmest\u00f8rrelser.<\/p>\n<p data-start=\"733\" data-end=\"806\">\ud83d\udd01 Gjenbrukbar klemmest\u00f8tte &#8211; fjern og installer klemmer p\u00e5 nytt uten \u00e5 skade dem.<\/p>\n<p data-start=\"809\" data-end=\"879\">\ud83e\uddf1 Sterk og slitesterk &#8211; bygget for tung bruk i garasjer og verksteder.<\/p>\n<p data-start=\"882\" data-end=\"965\">\ud83e\udd0f Presisjonskontroll &#8211; svingbare spisser og brede \u00e5pningsmuligheter for trange rom.<\/p>\n<p data-start=\"882\" data-end=\"965\"><img decoding=\"async\" class=\"size-full wp-image-39107 aligncenter\" src=\"https:\/\/keluvo.com\/template\/wp-content\/uploads\/sites\/5\/2025\/10\/0671899a-f668-47af-87a7-99cf3dbddd1d.gif\" alt=\"\" \/><\/p>\n<h2 style=\"text-align: center;\" data-start=\"967\" data-end=\"985\">\ud83d\udee0\ufe0f Slik bruker du tangen<\/h2>\n<ol data-start=\"986\" data-end=\"1239\">\n<li data-start=\"986\" data-end=\"1039\">\n<p data-start=\"989\" data-end=\"1039\">Velg tangtype basert p\u00e5 slangen eller klemmen.<\/p>\n<\/li>\n<li data-start=\"1040\" data-end=\"1088\">\n<p data-start=\"1043\" data-end=\"1088\">Ta et godt grep om slangen eller klemmen med tangen.<\/p>\n<\/li>\n<li data-start=\"1089\" data-end=\"1151\">\n<p data-start=\"1092\" data-end=\"1151\">Klem sammen h\u00e5ndtakene for \u00e5 frigj\u00f8re trykk eller koble fra slangen.<\/p>\n<\/li>\n<li data-start=\"1152\" data-end=\"1197\">\n<p data-start=\"1155\" data-end=\"1197\">Fjern eller juster klemmen\/slangen etter behov.<\/p>\n<\/li>\n<li data-start=\"1198\" data-end=\"1239\">\n<p data-start=\"1201\" data-end=\"1239\">Sett klemmene trygt p\u00e5 plass igjen n\u00e5r du er ferdig.<\/p>\n<\/li>\n<\/ol>\n<h2 style=\"text-align: center;\" data-start=\"1241\" data-end=\"1263\">\ud83d\udccf Produktdetaljer<\/h2>\n<ul data-start=\"1264\" data-end=\"1728\">\n<li data-start=\"1264\" data-end=\"1422\">\n<p data-start=\"1266\" data-end=\"1300\">Settet inneholder 4 spesialiserte tenger: \ud83d\udc47<\/p>\n<ul data-start=\"1303\" data-end=\"1422\">\n<li data-start=\"1303\" data-end=\"1325\">\n<p data-start=\"1305\" data-end=\"1325\">Tang for fjerning av slange<\/p>\n<\/li>\n<li data-start=\"1328\" data-end=\"1357\">\n<p data-start=\"1330\" data-end=\"1357\">Clic-R-krageklemmetang<\/p>\n<\/li>\n<li data-start=\"1360\" data-end=\"1393\">\n<p data-start=\"1362\" data-end=\"1393\">Profesjonell slangeklemmetang<\/p>\n<\/li>\n<li data-start=\"1396\" data-end=\"1422\">\n<p data-start=\"1398\" data-end=\"1422\">Bensinklemme r\u00f8rtang<\/p>\n<\/li>\n<\/ul>\n<\/li>\n<li data-start=\"1423\" data-end=\"1473\">\n<p data-start=\"1425\" data-end=\"1473\">Passer til slangediametre: 4 mm &#8211; 14 mm<\/p>\n<\/li>\n<li data-start=\"1576\" data-end=\"1674\">\n<p data-start=\"1578\" data-end=\"1674\">Egnet for: Drivstoffslanger, kj\u00f8lev\u00e6skeledninger, gummislanger, girslanger, luftslanger med mer<\/p>\n<\/li>\n<li data-start=\"1675\" data-end=\"1728\">\n<p data-start=\"1677\" data-end=\"1728\">Materiale: Kraftig st\u00e5l &amp; slitesterke h\u00e5ndtak<\/p>\n<\/li>\n<\/ul>\n<h2 style=\"text-align: center;\" data-start=\"1730\" data-end=\"1753\">\ud83d\udce6 Pakken inneholder<\/h2>\n<ul data-start=\"1754\" data-end=\"1876\">\n<li data-start=\"1754\" data-end=\"1780\">\n<p data-start=\"1756\" data-end=\"1780\">1x slangefjerningstang<\/p>\n<\/li>\n<li data-start=\"1781\" data-end=\"1807\">\n<p data-start=\"1783\" data-end=\"1807\">1x clic-R-klemmetang<\/p>\n<\/li>\n<li data-start=\"1808\" data-end=\"1845\">\n<p data-start=\"1810\" data-end=\"1845\">1x profesjonell slangeklemmetang<\/p>\n<\/li>\n<li data-start=\"1846\" data-end=\"1876\">\n<p data-start=\"1848\" data-end=\"1876\">1x bensinklemmetang.<\/p>\n<\/li>\n<\/ul>\n","protected":false},"excerpt":{"rendered":"<p>Med 4-i-1-settet med slangeklemmetang f\u00e5r du alt du trenger for \u00e5 h\u00e5ndtere drivstoffslanger, kj\u00f8lev\u00e6skeslanger, vannslanger og girslanger p\u00e5 en enkel m\u00e5te. Dette settet er utviklet for mekanikere og gj\u00f8r-det-selv-bilentusiaster, og gj\u00f8r det raskt, rent og frustrasjonsfritt \u00e5 fjerne slanger og justere klemmer.<\/p>\n","protected":false},"featured_media":13834,"comment_status":"open","ping_status":"closed","template":"","meta":{"site-sidebar-layout":"default","site-content-layout":"","ast-site-content-layout":"default","site-content-style":"default","site-sidebar-style":"default","ast-global-header-display":"","ast-banner-title-visibility":"","ast-main-header-display":"","ast-hfb-above-header-display":"","ast-hfb-below-header-display":"","ast-hfb-mobile-header-display":"","site-post-title":"","ast-breadcrumbs-content":"","ast-featured-img":"","footer-sml-layout":"","theme-transparent-header-meta":"default","adv-header-id-meta":"","stick-header-meta":"","header-above-stick-meta":"","header-main-stick-meta":"","header-below-stick-meta":"","astra-migrate-meta-layouts":"set","ast-page-background-enabled":"default","ast-page-background-meta":{"desktop":{"background-color":"var(--ast-global-color-5)","background-image":"","background-repeat":"repeat","background-position":"center center","background-size":"auto","background-attachment":"scroll","background-type":"","background-media":"","overlay-type":"","overlay-color":"","overlay-opacity":"","overlay-gradient":""},"tablet":{"background-color":"","background-image":"","background-repeat":"repeat","background-position":"center center","background-size":"auto","background-attachment":"scroll","background-type":"","background-media":"","overlay-type":"","overlay-color":"","overlay-opacity":"","overlay-gradient":""},"mobile":{"background-color":"","background-image":"","background-repeat":"repeat","background-position":"center center","background-size":"auto","background-attachment":"scroll","background-type":"","background-media":"","overlay-type":"","overlay-color":"","overlay-opacity":"","overlay-gradient":""}},"ast-content-background-meta":{"desktop":{"background-color":"var(--ast-global-color-4)","background-image":"","background-repeat":"repeat","background-position":"center center","background-size":"auto","background-attachment":"scroll","background-type":"","background-media":"","overlay-type":"","overlay-color":"","overlay-opacity":"","overlay-gradient":""},"tablet":{"background-color":"var(--ast-global-color-4)","background-image":"","background-repeat":"repeat","background-position":"center center","background-size":"auto","background-attachment":"scroll","background-type":"","background-media":"","overlay-type":"","overlay-color":"","overlay-opacity":"","overlay-gradient":""},"mobile":{"background-color":"var(--ast-global-color-4)","background-image":"","background-repeat":"repeat","background-position":"center center","background-size":"auto","background-attachment":"scroll","background-type":"","background-media":"","overlay-type":"","overlay-color":"","overlay-opacity":"","overlay-gradient":""}}},"product_brand":[],"product_cat":[171],"product_tag":[],"class_list":{"0":"post-13838","1":"product","2":"type-product","3":"status-publish","4":"has-post-thumbnail","6":"product_cat-verktoy","7":"desktop-align-left","8":"tablet-align-left","9":"mobile-align-left","11":"first","12":"instock","13":"shipping-taxable","14":"purchasable","15":"product-type-simple"},"yoast_head":"<!-- This site is optimized with the Yoast SEO plugin v26.6 - https:\/\/yoast.com\/wordpress\/plugins\/seo\/ -->\n<title>4-i-1-sett med slangeklemmetang - Mekulo NO<\/title>\n<meta name=\"robots\" content=\"index, follow, max-snippet:-1, max-image-preview:large, max-video-preview:-1\" \/>\n<link rel=\"canonical\" href=\"https:\/\/mekulo.com\/no\/produkt\/4-i-1-sett-med-slangeklemmetang\/\" \/>\n<meta property=\"og:locale\" content=\"nb_NO\" \/>\n<meta property=\"og:type\" content=\"article\" \/>\n<meta property=\"og:title\" content=\"4-i-1-sett med slangeklemmetang - Mekulo NO\" \/>\n<meta property=\"og:description\" content=\"Med 4-i-1-settet med slangeklemmetang f\u00e5r du alt du trenger for \u00e5 h\u00e5ndtere drivstoffslanger, kj\u00f8lev\u00e6skeslanger, vannslanger og girslanger p\u00e5 en enkel m\u00e5te. Dette settet er utviklet for mekanikere og gj\u00f8r-det-selv-bilentusiaster, og gj\u00f8r det raskt, rent og frustrasjonsfritt \u00e5 fjerne slanger og justere klemmer.\" \/>\n<meta property=\"og:url\" content=\"https:\/\/mekulo.com\/no\/produkt\/4-i-1-sett-med-slangeklemmetang\/\" \/>\n<meta property=\"og:site_name\" content=\"Mekulo NO\" \/>\n<meta property=\"article:modified_time\" content=\"2026-01-04T17:35:27+00:00\" \/>\n<meta property=\"og:image\" content=\"https:\/\/mekulo.com\/no\/wp-content\/uploads\/sites\/10\/2026\/01\/hc35py2-1.webp\" \/>\n\t<meta property=\"og:image:width\" content=\"600\" \/>\n\t<meta property=\"og:image:height\" content=\"590\" \/>\n\t<meta property=\"og:image:type\" content=\"image\/webp\" \/>\n<meta name=\"twitter:card\" content=\"summary_large_image\" \/>\n<meta name=\"twitter:label1\" content=\"Ansl. lesetid\" \/>\n\t<meta name=\"twitter:data1\" content=\"2 minutter\" \/>\n<script type=\"application\/ld+json\" class=\"yoast-schema-graph\">{\"@context\":\"https:\/\/schema.org\",\"@graph\":[{\"@type\":\"WebPage\",\"@id\":\"https:\/\/mekulo.com\/no\/produkt\/4-i-1-sett-med-slangeklemmetang\/\",\"url\":\"https:\/\/mekulo.com\/no\/produkt\/4-i-1-sett-med-slangeklemmetang\/\",\"name\":\"4-i-1-sett med slangeklemmetang - Mekulo NO\",\"isPartOf\":{\"@id\":\"https:\/\/mekulo.com\/no\/#website\"},\"primaryImageOfPage\":{\"@id\":\"https:\/\/mekulo.com\/no\/produkt\/4-i-1-sett-med-slangeklemmetang\/#primaryimage\"},\"image\":{\"@id\":\"https:\/\/mekulo.com\/no\/produkt\/4-i-1-sett-med-slangeklemmetang\/#primaryimage\"},\"thumbnailUrl\":\"https:\/\/mekulo.com\/no\/wp-content\/uploads\/sites\/10\/2026\/01\/hc35py2-1.webp\",\"datePublished\":\"2026-01-04T16:21:10+00:00\",\"dateModified\":\"2026-01-04T17:35:27+00:00\",\"breadcrumb\":{\"@id\":\"https:\/\/mekulo.com\/no\/produkt\/4-i-1-sett-med-slangeklemmetang\/#breadcrumb\"},\"inLanguage\":\"nb-NO\",\"potentialAction\":[{\"@type\":\"ReadAction\",\"target\":[\"https:\/\/mekulo.com\/no\/produkt\/4-i-1-sett-med-slangeklemmetang\/\"]}]},{\"@type\":\"ImageObject\",\"inLanguage\":\"nb-NO\",\"@id\":\"https:\/\/mekulo.com\/no\/produkt\/4-i-1-sett-med-slangeklemmetang\/#primaryimage\",\"url\":\"https:\/\/mekulo.com\/no\/wp-content\/uploads\/sites\/10\/2026\/01\/hc35py2-1.webp\",\"contentUrl\":\"https:\/\/mekulo.com\/no\/wp-content\/uploads\/sites\/10\/2026\/01\/hc35py2-1.webp\",\"width\":600,\"height\":590},{\"@type\":\"BreadcrumbList\",\"@id\":\"https:\/\/mekulo.com\/no\/produkt\/4-i-1-sett-med-slangeklemmetang\/#breadcrumb\",\"itemListElement\":[{\"@type\":\"ListItem\",\"position\":1,\"name\":\"Home\",\"item\":\"https:\/\/mekulo.com\/no\/\"},{\"@type\":\"ListItem\",\"position\":2,\"name\":\"Butikk\",\"item\":\"https:\/\/mekulo.com\/no\/butikk\/\"},{\"@type\":\"ListItem\",\"position\":3,\"name\":\"4-i-1-sett med slangeklemmetang\"}]},{\"@type\":\"WebSite\",\"@id\":\"https:\/\/mekulo.com\/no\/#website\",\"url\":\"https:\/\/mekulo.com\/no\/\",\"name\":\"Mekulo NO\",\"description\":\"\",\"publisher\":{\"@id\":\"https:\/\/mekulo.com\/no\/#organization\"},\"potentialAction\":[{\"@type\":\"SearchAction\",\"target\":{\"@type\":\"EntryPoint\",\"urlTemplate\":\"https:\/\/mekulo.com\/no\/?s={search_term_string}\"},\"query-input\":{\"@type\":\"PropertyValueSpecification\",\"valueRequired\":true,\"valueName\":\"search_term_string\"}}],\"inLanguage\":\"nb-NO\"},{\"@type\":\"Organization\",\"@id\":\"https:\/\/mekulo.com\/no\/#organization\",\"name\":\"Mekulo\",\"url\":\"https:\/\/mekulo.com\/no\/\",\"logo\":{\"@type\":\"ImageObject\",\"inLanguage\":\"nb-NO\",\"@id\":\"https:\/\/mekulo.com\/no\/#\/schema\/logo\/image\/\",\"url\":\"https:\/\/mekulo.com\/no\/wp-content\/uploads\/sites\/10\/2025\/12\/favicon_mekulo.png\",\"contentUrl\":\"https:\/\/mekulo.com\/no\/wp-content\/uploads\/sites\/10\/2025\/12\/favicon_mekulo.png\",\"width\":50,\"height\":50,\"caption\":\"Mekulo\"},\"image\":{\"@id\":\"https:\/\/mekulo.com\/no\/#\/schema\/logo\/image\/\"}}]}<\/script>\n<!-- \/ Yoast SEO plugin. -->","yoast_head_json":{"title":"4-i-1-sett med slangeklemmetang - Mekulo NO","robots":{"index":"index","follow":"follow","max-snippet":"max-snippet:-1","max-image-preview":"max-image-preview:large","max-video-preview":"max-video-preview:-1"},"canonical":"https:\/\/mekulo.com\/no\/produkt\/4-i-1-sett-med-slangeklemmetang\/","og_locale":"nb_NO","og_type":"article","og_title":"4-i-1-sett med slangeklemmetang - Mekulo NO","og_description":"Med 4-i-1-settet med slangeklemmetang f\u00e5r du alt du trenger for \u00e5 h\u00e5ndtere drivstoffslanger, kj\u00f8lev\u00e6skeslanger, vannslanger og girslanger p\u00e5 en enkel m\u00e5te. Dette settet er utviklet for mekanikere og gj\u00f8r-det-selv-bilentusiaster, og gj\u00f8r det raskt, rent og frustrasjonsfritt \u00e5 fjerne slanger og justere klemmer.","og_url":"https:\/\/mekulo.com\/no\/produkt\/4-i-1-sett-med-slangeklemmetang\/","og_site_name":"Mekulo NO","article_modified_time":"2026-01-04T17:35:27+00:00","og_image":[{"width":600,"height":590,"url":"https:\/\/mekulo.com\/no\/wp-content\/uploads\/sites\/10\/2026\/01\/hc35py2-1.webp","type":"image\/webp"}],"twitter_card":"summary_large_image","twitter_misc":{"Ansl. lesetid":"2 minutter"},"schema":{"@context":"https:\/\/schema.org","@graph":[{"@type":"WebPage","@id":"https:\/\/mekulo.com\/no\/produkt\/4-i-1-sett-med-slangeklemmetang\/","url":"https:\/\/mekulo.com\/no\/produkt\/4-i-1-sett-med-slangeklemmetang\/","name":"4-i-1-sett med slangeklemmetang - Mekulo NO","isPartOf":{"@id":"https:\/\/mekulo.com\/no\/#website"},"primaryImageOfPage":{"@id":"https:\/\/mekulo.com\/no\/produkt\/4-i-1-sett-med-slangeklemmetang\/#primaryimage"},"image":{"@id":"https:\/\/mekulo.com\/no\/produkt\/4-i-1-sett-med-slangeklemmetang\/#primaryimage"},"thumbnailUrl":"https:\/\/mekulo.com\/no\/wp-content\/uploads\/sites\/10\/2026\/01\/hc35py2-1.webp","datePublished":"2026-01-04T16:21:10+00:00","dateModified":"2026-01-04T17:35:27+00:00","breadcrumb":{"@id":"https:\/\/mekulo.com\/no\/produkt\/4-i-1-sett-med-slangeklemmetang\/#breadcrumb"},"inLanguage":"nb-NO","potentialAction":[{"@type":"ReadAction","target":["https:\/\/mekulo.com\/no\/produkt\/4-i-1-sett-med-slangeklemmetang\/"]}]},{"@type":"ImageObject","inLanguage":"nb-NO","@id":"https:\/\/mekulo.com\/no\/produkt\/4-i-1-sett-med-slangeklemmetang\/#primaryimage","url":"https:\/\/mekulo.com\/no\/wp-content\/uploads\/sites\/10\/2026\/01\/hc35py2-1.webp","contentUrl":"https:\/\/mekulo.com\/no\/wp-content\/uploads\/sites\/10\/2026\/01\/hc35py2-1.webp","width":600,"height":590},{"@type":"BreadcrumbList","@id":"https:\/\/mekulo.com\/no\/produkt\/4-i-1-sett-med-slangeklemmetang\/#breadcrumb","itemListElement":[{"@type":"ListItem","position":1,"name":"Home","item":"https:\/\/mekulo.com\/no\/"},{"@type":"ListItem","position":2,"name":"Butikk","item":"https:\/\/mekulo.com\/no\/butikk\/"},{"@type":"ListItem","position":3,"name":"4-i-1-sett med slangeklemmetang"}]},{"@type":"WebSite","@id":"https:\/\/mekulo.com\/no\/#website","url":"https:\/\/mekulo.com\/no\/","name":"Mekulo NO","description":"","publisher":{"@id":"https:\/\/mekulo.com\/no\/#organization"},"potentialAction":[{"@type":"SearchAction","target":{"@type":"EntryPoint","urlTemplate":"https:\/\/mekulo.com\/no\/?s={search_term_string}"},"query-input":{"@type":"PropertyValueSpecification","valueRequired":true,"valueName":"search_term_string"}}],"inLanguage":"nb-NO"},{"@type":"Organization","@id":"https:\/\/mekulo.com\/no\/#organization","name":"Mekulo","url":"https:\/\/mekulo.com\/no\/","logo":{"@type":"ImageObject","inLanguage":"nb-NO","@id":"https:\/\/mekulo.com\/no\/#\/schema\/logo\/image\/","url":"https:\/\/mekulo.com\/no\/wp-content\/uploads\/sites\/10\/2025\/12\/favicon_mekulo.png","contentUrl":"https:\/\/mekulo.com\/no\/wp-content\/uploads\/sites\/10\/2025\/12\/favicon_mekulo.png","width":50,"height":50,"caption":"Mekulo"},"image":{"@id":"https:\/\/mekulo.com\/no\/#\/schema\/logo\/image\/"}}]}},"_links":{"self":[{"href":"https:\/\/mekulo.com\/no\/wp-json\/wp\/v2\/product\/13838","targetHints":{"allow":["GET"]}}],"collection":[{"href":"https:\/\/mekulo.com\/no\/wp-json\/wp\/v2\/product"}],"about":[{"href":"https:\/\/mekulo.com\/no\/wp-json\/wp\/v2\/types\/product"}],"replies":[{"embeddable":true,"href":"https:\/\/mekulo.com\/no\/wp-json\/wp\/v2\/comments?post=13838"}],"wp:featuredmedia":[{"embeddable":true,"href":"https:\/\/mekulo.com\/no\/wp-json\/wp\/v2\/media\/13834"}],"wp:attachment":[{"href":"https:\/\/mekulo.com\/no\/wp-json\/wp\/v2\/media?parent=13838"}],"wp:term":[{"taxonomy":"product_brand","embeddable":true,"href":"https:\/\/mekulo.com\/no\/wp-json\/wp\/v2\/product_brand?post=13838"},{"taxonomy":"product_cat","embeddable":true,"href":"https:\/\/mekulo.com\/no\/wp-json\/wp\/v2\/product_cat?post=13838"},{"taxonomy":"product_tag","embeddable":true,"href":"https:\/\/mekulo.com\/no\/wp-json\/wp\/v2\/product_tag?post=13838"}],"curies":[{"name":"wp","href":"https:\/\/api.w.org\/{rel}","templated":true}]}}