{"id":13823,"date":"2026-01-04T18:19:56","date_gmt":"2026-01-04T16:19:56","guid":{"rendered":"https:\/\/mekulo.com\/no\/produkt\/forsterkningsplate-for-hengsler\/"},"modified":"2026-01-22T17:48:49","modified_gmt":"2026-01-22T15:48:49","slug":"forsterkningsplate-for-hengsler","status":"publish","type":"product","link":"https:\/\/mekulo.com\/no\/produkt\/forsterkningsplate-for-hengsler\/","title":{"rendered":"Forsterkningsplate for hengsler"},"content":{"rendered":"<p style=\"text-align: center;\" data-start=\"0\" data-end=\"86\"><strong>Fikser L\u00f8se Eller \u00d8delagte Skaphengsler Raskt \u2014 Gj\u00f8r At M\u00f8blene Dine Ser Nye Ut Igjen. \ud83d\udd27\ud83d\udeaa\u2728<\/strong><\/p>\n<p data-start=\"88\" data-end=\"324\"><img decoding=\"async\" class=\"size-full wp-image-39402 aligncenter\" src=\"https:\/\/keluvo.com\/template\/wp-content\/uploads\/sites\/5\/2025\/10\/Copy_of_Copy_of_Copy_of_135_-_Fittershape_SleepGuard_Blauwlichtfilter_Voor_Betere_Nachtrust_42.webp\" alt=\"\" \/><\/p>\n<h2 style=\"text-align: center;\" data-start=\"581\" data-end=\"600\">Hovedfordeler \ud83d\udcab<\/h2>\n<p data-start=\"350\" data-end=\"422\">\ud83d\udee0\ufe0f Styrker l\u00f8se hengsler \u2014 forsterker svake eller slitte skruehull.<\/p>\n<p data-start=\"425\" data-end=\"493\">\ud83e\udde9 Dekker skadet treverk \u2014 skjuler sprekker og skrueuttrekksomr\u00e5der.<\/p>\n<p data-start=\"496\" data-end=\"569\">\ud83d\udcaa Ekstra sterk st\u00f8tte \u2014 sprer belastningen for langvarig stabilitet.<\/p>\n<p data-start=\"572\" data-end=\"635\">\ud83c\udf27\ufe0f Rustbestandig \u2014 slitesterk konstruksjon i rustfritt st\u00e5l.<\/p>\n<p data-start=\"638\" data-end=\"716\">\ud83e\ude91 Fungerer p\u00e5 mange gjenstander \u2014 skap, skuffer, senger, hyller, bord og mye mer.<\/p>\n<p data-start=\"719\" data-end=\"780\">\u26a1 Rask montering \u2014 leveres med skruer for enkelt oppsett.<\/p>\n<p data-start=\"719\" data-end=\"780\"><img decoding=\"async\" class=\"size-full wp-image-39397 aligncenter\" src=\"https:\/\/keluvo.com\/template\/wp-content\/uploads\/sites\/5\/2025\/10\/102217-ezgif.com-video-to-webp-converter.webp\" alt=\"\" \/><\/p>\n<h2 style=\"text-align: center;\" data-start=\"782\" data-end=\"802\">\ud83d\udee0\ufe0f Slik bruker du<\/h2>\n<ol data-start=\"803\" data-end=\"1030\">\n<li data-start=\"803\" data-end=\"852\">\n<p data-start=\"806\" data-end=\"852\">Plasser platen over det skadede hengselomr\u00e5det.<\/p>\n<\/li>\n<li data-start=\"853\" data-end=\"897\">\n<p data-start=\"856\" data-end=\"897\">Plasser hengslet p\u00e5 toppen av platen.<\/p>\n<\/li>\n<li data-start=\"898\" data-end=\"980\">\n<p data-start=\"901\" data-end=\"980\">Bruk en skrutrekker eller drill til \u00e5 feste skruene gjennom b\u00e5de hengsel og plate.<\/p>\n<\/li>\n<li data-start=\"981\" data-end=\"1030\">\n<p data-start=\"984\" data-end=\"1030\">Kontroller d\u00f8ren \u2014 den er n\u00e5 stabil og sikker.<\/p>\n<\/li>\n<\/ol>\n<h2 style=\"text-align: center;\" data-start=\"1032\" data-end=\"1056\">\ud83d\udccf Produktdetaljer<\/h2>\n<ul data-start=\"1057\" data-end=\"1257\">\n<li data-start=\"1057\" data-end=\"1086\">\n<p data-start=\"1059\" data-end=\"1086\">Materiale: Rustfritt st\u00e5l<\/p>\n<\/li>\n<li data-start=\"1087\" data-end=\"1109\">\n<p data-start=\"1089\" data-end=\"1109\">Tykkelse: 0,75 mm<\/p>\n<\/li>\n<li data-start=\"1110\" data-end=\"1140\">\n<p data-start=\"1112\" data-end=\"1140\">St\u00f8rrelser: 9 x 9 cm<\/p>\n<\/li>\n<li data-start=\"1141\" data-end=\"1174\">\n<p data-start=\"1143\" data-end=\"1174\">Farge: Rustfritt st\u00e5l s\u00f8lv<\/p>\n<\/li>\n<li data-start=\"1175\" data-end=\"1257\">\n<p data-start=\"1177\" data-end=\"1257\">Egnet for: Skapd\u00f8rer, skap, senger, bord, skuffer og m\u00f8belrammer<\/p>\n<\/li>\n<\/ul>\n<h2 style=\"text-align: center;\" data-start=\"1259\" data-end=\"1284\">\ud83d\udce6 Pakken inkluderer<\/h2>\n<ul data-start=\"1285\" data-end=\"1335\">\n<li data-start=\"1285\" data-end=\"1319\">\n<p data-start=\"1287\" data-end=\"1319\">4, 8, 12x hengselforsterkningsplater<\/p>\n<\/li>\n<li data-start=\"1320\" data-end=\"1335\">\n<p data-start=\"1322\" data-end=\"1335\">16, 32, 48x skruer.<\/p>\n<\/li>\n<\/ul>\n","protected":false},"excerpt":{"rendered":"<p>Denne hengselforsterkningsplaten styrker l\u00f8se hengsler og dekker skadede treomr\u00e5der rundt skruehullene, slik at skapd\u00f8rene dine holdes stabile og sikre. Den gjenoppretter st\u00f8tten p\u00e5 f\u00e5 minutter og gir m\u00f8blene dine et rent, ferdig utseende.<\/p>\n","protected":false},"featured_media":13819,"comment_status":"open","ping_status":"closed","template":"","meta":{"site-sidebar-layout":"default","site-content-layout":"","ast-site-content-layout":"default","site-content-style":"default","site-sidebar-style":"default","ast-global-header-display":"","ast-banner-title-visibility":"","ast-main-header-display":"","ast-hfb-above-header-display":"","ast-hfb-below-header-display":"","ast-hfb-mobile-header-display":"","site-post-title":"","ast-breadcrumbs-content":"","ast-featured-img":"","footer-sml-layout":"","theme-transparent-header-meta":"default","adv-header-id-meta":"","stick-header-meta":"","header-above-stick-meta":"","header-main-stick-meta":"","header-below-stick-meta":"","astra-migrate-meta-layouts":"set","ast-page-background-enabled":"default","ast-page-background-meta":{"desktop":{"background-color":"var(--ast-global-color-5)","background-image":"","background-repeat":"repeat","background-position":"center center","background-size":"auto","background-attachment":"scroll","background-type":"","background-media":"","overlay-type":"","overlay-color":"","overlay-opacity":"","overlay-gradient":""},"tablet":{"background-color":"","background-image":"","background-repeat":"repeat","background-position":"center center","background-size":"auto","background-attachment":"scroll","background-type":"","background-media":"","overlay-type":"","overlay-color":"","overlay-opacity":"","overlay-gradient":""},"mobile":{"background-color":"","background-image":"","background-repeat":"repeat","background-position":"center center","background-size":"auto","background-attachment":"scroll","background-type":"","background-media":"","overlay-type":"","overlay-color":"","overlay-opacity":"","overlay-gradient":""}},"ast-content-background-meta":{"desktop":{"background-color":"var(--ast-global-color-4)","background-image":"","background-repeat":"repeat","background-position":"center center","background-size":"auto","background-attachment":"scroll","background-type":"","background-media":"","overlay-type":"","overlay-color":"","overlay-opacity":"","overlay-gradient":""},"tablet":{"background-color":"var(--ast-global-color-4)","background-image":"","background-repeat":"repeat","background-position":"center center","background-size":"auto","background-attachment":"scroll","background-type":"","background-media":"","overlay-type":"","overlay-color":"","overlay-opacity":"","overlay-gradient":""},"mobile":{"background-color":"var(--ast-global-color-4)","background-image":"","background-repeat":"repeat","background-position":"center center","background-size":"auto","background-attachment":"scroll","background-type":"","background-media":"","overlay-type":"","overlay-color":"","overlay-opacity":"","overlay-gradient":""}}},"product_brand":[],"product_cat":[171],"product_tag":[],"class_list":{"0":"post-13823","1":"product","2":"type-product","3":"status-publish","4":"has-post-thumbnail","6":"product_cat-verktoy","7":"pa_48478_g5acyvdr-12-stk","8":"pa_48478_g5acyvdr-4-stk","9":"pa_48478_g5acyvdr-8-stk","10":"desktop-align-left","11":"tablet-align-left","12":"mobile-align-left","14":"first","15":"instock","16":"shipping-taxable","17":"purchasable","18":"product-type-variable"},"yoast_head":"<!-- This site is optimized with the Yoast SEO plugin v26.6 - https:\/\/yoast.com\/wordpress\/plugins\/seo\/ -->\n<title>Forsterkningsplate for hengsler - Mekulo NO<\/title>\n<meta name=\"robots\" content=\"index, follow, max-snippet:-1, max-image-preview:large, max-video-preview:-1\" \/>\n<link rel=\"canonical\" href=\"https:\/\/mekulo.com\/no\/produkt\/forsterkningsplate-for-hengsler\/\" \/>\n<meta property=\"og:locale\" content=\"nb_NO\" \/>\n<meta property=\"og:type\" content=\"article\" \/>\n<meta property=\"og:title\" content=\"Forsterkningsplate for hengsler - Mekulo NO\" \/>\n<meta property=\"og:description\" content=\"Denne hengselforsterkningsplaten styrker l\u00f8se hengsler og dekker skadede treomr\u00e5der rundt skruehullene, slik at skapd\u00f8rene dine holdes stabile og sikre. Den gjenoppretter st\u00f8tten p\u00e5 f\u00e5 minutter og gir m\u00f8blene dine et rent, ferdig utseende.\" \/>\n<meta property=\"og:url\" content=\"https:\/\/mekulo.com\/no\/produkt\/forsterkningsplate-for-hengsler\/\" \/>\n<meta property=\"og:site_name\" content=\"Mekulo NO\" \/>\n<meta property=\"article:modified_time\" content=\"2026-01-22T15:48:49+00:00\" \/>\n<meta property=\"og:image\" content=\"https:\/\/mekulo.com\/no\/wp-content\/uploads\/sites\/10\/2026\/01\/f9vl0y2-1.jpg\" \/>\n\t<meta property=\"og:image:width\" content=\"800\" \/>\n\t<meta property=\"og:image:height\" content=\"800\" \/>\n\t<meta property=\"og:image:type\" content=\"image\/jpeg\" \/>\n<meta name=\"twitter:card\" content=\"summary_large_image\" \/>\n<meta name=\"twitter:label1\" content=\"Ansl. lesetid\" \/>\n\t<meta name=\"twitter:data1\" content=\"2 minutter\" \/>\n<script type=\"application\/ld+json\" class=\"yoast-schema-graph\">{\"@context\":\"https:\/\/schema.org\",\"@graph\":[{\"@type\":\"WebPage\",\"@id\":\"https:\/\/mekulo.com\/no\/produkt\/forsterkningsplate-for-hengsler\/\",\"url\":\"https:\/\/mekulo.com\/no\/produkt\/forsterkningsplate-for-hengsler\/\",\"name\":\"Forsterkningsplate for hengsler - Mekulo NO\",\"isPartOf\":{\"@id\":\"https:\/\/mekulo.com\/no\/#website\"},\"primaryImageOfPage\":{\"@id\":\"https:\/\/mekulo.com\/no\/produkt\/forsterkningsplate-for-hengsler\/#primaryimage\"},\"image\":{\"@id\":\"https:\/\/mekulo.com\/no\/produkt\/forsterkningsplate-for-hengsler\/#primaryimage\"},\"thumbnailUrl\":\"https:\/\/mekulo.com\/no\/wp-content\/uploads\/sites\/10\/2026\/01\/f9vl0y2-1.jpg\",\"datePublished\":\"2026-01-04T16:19:56+00:00\",\"dateModified\":\"2026-01-22T15:48:49+00:00\",\"breadcrumb\":{\"@id\":\"https:\/\/mekulo.com\/no\/produkt\/forsterkningsplate-for-hengsler\/#breadcrumb\"},\"inLanguage\":\"nb-NO\",\"potentialAction\":[{\"@type\":\"ReadAction\",\"target\":[\"https:\/\/mekulo.com\/no\/produkt\/forsterkningsplate-for-hengsler\/\"]}]},{\"@type\":\"ImageObject\",\"inLanguage\":\"nb-NO\",\"@id\":\"https:\/\/mekulo.com\/no\/produkt\/forsterkningsplate-for-hengsler\/#primaryimage\",\"url\":\"https:\/\/mekulo.com\/no\/wp-content\/uploads\/sites\/10\/2026\/01\/f9vl0y2-1.jpg\",\"contentUrl\":\"https:\/\/mekulo.com\/no\/wp-content\/uploads\/sites\/10\/2026\/01\/f9vl0y2-1.jpg\",\"width\":800,\"height\":800},{\"@type\":\"BreadcrumbList\",\"@id\":\"https:\/\/mekulo.com\/no\/produkt\/forsterkningsplate-for-hengsler\/#breadcrumb\",\"itemListElement\":[{\"@type\":\"ListItem\",\"position\":1,\"name\":\"Home\",\"item\":\"https:\/\/mekulo.com\/no\/\"},{\"@type\":\"ListItem\",\"position\":2,\"name\":\"Butikk\",\"item\":\"https:\/\/mekulo.com\/no\/butikk\/\"},{\"@type\":\"ListItem\",\"position\":3,\"name\":\"Forsterkningsplate for hengsler\"}]},{\"@type\":\"WebSite\",\"@id\":\"https:\/\/mekulo.com\/no\/#website\",\"url\":\"https:\/\/mekulo.com\/no\/\",\"name\":\"Mekulo NO\",\"description\":\"\",\"publisher\":{\"@id\":\"https:\/\/mekulo.com\/no\/#organization\"},\"potentialAction\":[{\"@type\":\"SearchAction\",\"target\":{\"@type\":\"EntryPoint\",\"urlTemplate\":\"https:\/\/mekulo.com\/no\/?s={search_term_string}\"},\"query-input\":{\"@type\":\"PropertyValueSpecification\",\"valueRequired\":true,\"valueName\":\"search_term_string\"}}],\"inLanguage\":\"nb-NO\"},{\"@type\":\"Organization\",\"@id\":\"https:\/\/mekulo.com\/no\/#organization\",\"name\":\"Mekulo\",\"url\":\"https:\/\/mekulo.com\/no\/\",\"logo\":{\"@type\":\"ImageObject\",\"inLanguage\":\"nb-NO\",\"@id\":\"https:\/\/mekulo.com\/no\/#\/schema\/logo\/image\/\",\"url\":\"https:\/\/mekulo.com\/no\/wp-content\/uploads\/sites\/10\/2025\/12\/favicon_mekulo.png\",\"contentUrl\":\"https:\/\/mekulo.com\/no\/wp-content\/uploads\/sites\/10\/2025\/12\/favicon_mekulo.png\",\"width\":50,\"height\":50,\"caption\":\"Mekulo\"},\"image\":{\"@id\":\"https:\/\/mekulo.com\/no\/#\/schema\/logo\/image\/\"}}]}<\/script>\n<!-- \/ Yoast SEO plugin. -->","yoast_head_json":{"title":"Forsterkningsplate for hengsler - Mekulo NO","robots":{"index":"index","follow":"follow","max-snippet":"max-snippet:-1","max-image-preview":"max-image-preview:large","max-video-preview":"max-video-preview:-1"},"canonical":"https:\/\/mekulo.com\/no\/produkt\/forsterkningsplate-for-hengsler\/","og_locale":"nb_NO","og_type":"article","og_title":"Forsterkningsplate for hengsler - Mekulo NO","og_description":"Denne hengselforsterkningsplaten styrker l\u00f8se hengsler og dekker skadede treomr\u00e5der rundt skruehullene, slik at skapd\u00f8rene dine holdes stabile og sikre. Den gjenoppretter st\u00f8tten p\u00e5 f\u00e5 minutter og gir m\u00f8blene dine et rent, ferdig utseende.","og_url":"https:\/\/mekulo.com\/no\/produkt\/forsterkningsplate-for-hengsler\/","og_site_name":"Mekulo NO","article_modified_time":"2026-01-22T15:48:49+00:00","og_image":[{"width":800,"height":800,"url":"https:\/\/mekulo.com\/no\/wp-content\/uploads\/sites\/10\/2026\/01\/f9vl0y2-1.jpg","type":"image\/jpeg"}],"twitter_card":"summary_large_image","twitter_misc":{"Ansl. lesetid":"2 minutter"},"schema":{"@context":"https:\/\/schema.org","@graph":[{"@type":"WebPage","@id":"https:\/\/mekulo.com\/no\/produkt\/forsterkningsplate-for-hengsler\/","url":"https:\/\/mekulo.com\/no\/produkt\/forsterkningsplate-for-hengsler\/","name":"Forsterkningsplate for hengsler - Mekulo NO","isPartOf":{"@id":"https:\/\/mekulo.com\/no\/#website"},"primaryImageOfPage":{"@id":"https:\/\/mekulo.com\/no\/produkt\/forsterkningsplate-for-hengsler\/#primaryimage"},"image":{"@id":"https:\/\/mekulo.com\/no\/produkt\/forsterkningsplate-for-hengsler\/#primaryimage"},"thumbnailUrl":"https:\/\/mekulo.com\/no\/wp-content\/uploads\/sites\/10\/2026\/01\/f9vl0y2-1.jpg","datePublished":"2026-01-04T16:19:56+00:00","dateModified":"2026-01-22T15:48:49+00:00","breadcrumb":{"@id":"https:\/\/mekulo.com\/no\/produkt\/forsterkningsplate-for-hengsler\/#breadcrumb"},"inLanguage":"nb-NO","potentialAction":[{"@type":"ReadAction","target":["https:\/\/mekulo.com\/no\/produkt\/forsterkningsplate-for-hengsler\/"]}]},{"@type":"ImageObject","inLanguage":"nb-NO","@id":"https:\/\/mekulo.com\/no\/produkt\/forsterkningsplate-for-hengsler\/#primaryimage","url":"https:\/\/mekulo.com\/no\/wp-content\/uploads\/sites\/10\/2026\/01\/f9vl0y2-1.jpg","contentUrl":"https:\/\/mekulo.com\/no\/wp-content\/uploads\/sites\/10\/2026\/01\/f9vl0y2-1.jpg","width":800,"height":800},{"@type":"BreadcrumbList","@id":"https:\/\/mekulo.com\/no\/produkt\/forsterkningsplate-for-hengsler\/#breadcrumb","itemListElement":[{"@type":"ListItem","position":1,"name":"Home","item":"https:\/\/mekulo.com\/no\/"},{"@type":"ListItem","position":2,"name":"Butikk","item":"https:\/\/mekulo.com\/no\/butikk\/"},{"@type":"ListItem","position":3,"name":"Forsterkningsplate for hengsler"}]},{"@type":"WebSite","@id":"https:\/\/mekulo.com\/no\/#website","url":"https:\/\/mekulo.com\/no\/","name":"Mekulo NO","description":"","publisher":{"@id":"https:\/\/mekulo.com\/no\/#organization"},"potentialAction":[{"@type":"SearchAction","target":{"@type":"EntryPoint","urlTemplate":"https:\/\/mekulo.com\/no\/?s={search_term_string}"},"query-input":{"@type":"PropertyValueSpecification","valueRequired":true,"valueName":"search_term_string"}}],"inLanguage":"nb-NO"},{"@type":"Organization","@id":"https:\/\/mekulo.com\/no\/#organization","name":"Mekulo","url":"https:\/\/mekulo.com\/no\/","logo":{"@type":"ImageObject","inLanguage":"nb-NO","@id":"https:\/\/mekulo.com\/no\/#\/schema\/logo\/image\/","url":"https:\/\/mekulo.com\/no\/wp-content\/uploads\/sites\/10\/2025\/12\/favicon_mekulo.png","contentUrl":"https:\/\/mekulo.com\/no\/wp-content\/uploads\/sites\/10\/2025\/12\/favicon_mekulo.png","width":50,"height":50,"caption":"Mekulo"},"image":{"@id":"https:\/\/mekulo.com\/no\/#\/schema\/logo\/image\/"}}]}},"_links":{"self":[{"href":"https:\/\/mekulo.com\/no\/wp-json\/wp\/v2\/product\/13823","targetHints":{"allow":["GET"]}}],"collection":[{"href":"https:\/\/mekulo.com\/no\/wp-json\/wp\/v2\/product"}],"about":[{"href":"https:\/\/mekulo.com\/no\/wp-json\/wp\/v2\/types\/product"}],"replies":[{"embeddable":true,"href":"https:\/\/mekulo.com\/no\/wp-json\/wp\/v2\/comments?post=13823"}],"wp:featuredmedia":[{"embeddable":true,"href":"https:\/\/mekulo.com\/no\/wp-json\/wp\/v2\/media\/13819"}],"wp:attachment":[{"href":"https:\/\/mekulo.com\/no\/wp-json\/wp\/v2\/media?parent=13823"}],"wp:term":[{"taxonomy":"product_brand","embeddable":true,"href":"https:\/\/mekulo.com\/no\/wp-json\/wp\/v2\/product_brand?post=13823"},{"taxonomy":"product_cat","embeddable":true,"href":"https:\/\/mekulo.com\/no\/wp-json\/wp\/v2\/product_cat?post=13823"},{"taxonomy":"product_tag","embeddable":true,"href":"https:\/\/mekulo.com\/no\/wp-json\/wp\/v2\/product_tag?post=13823"}],"curies":[{"name":"wp","href":"https:\/\/api.w.org\/{rel}","templated":true}]}}