{"id":13766,"date":"2026-01-04T18:16:27","date_gmt":"2026-01-04T16:16:27","guid":{"rendered":"https:\/\/mekulo.com\/no\/produkt\/kazoo\/"},"modified":"2026-03-26T11:43:57","modified_gmt":"2026-03-26T09:43:57","slug":"kazoo","status":"publish","type":"product","link":"https:\/\/mekulo.com\/no\/produkt\/kazoo\/","title":{"rendered":"Kazoo"},"content":{"rendered":"<p style=\"text-align: center;\" data-start=\"132\" data-end=\"328\">Denne kazoo er det enkleste instrumentet du noensinne vil spille. Bare nynne p\u00e5 den, s\u00e5 forvandler den stemmen din til en morsom, summende melodi! Perfekt for barn, nybegynnere, musikere eller alle som vil jamme uten \u00e5 l\u00e6re seg kompliserte noter.<\/p>\n<p data-start=\"132\" data-end=\"328\"><img decoding=\"async\" class=\"size-full wp-image-29324 aligncenter\" src=\"https:\/\/keluvo.com\/template\/wp-content\/uploads\/sites\/5\/2025\/07\/daab30dc690d7fe87829648f33977414e907b4bd.webp\" alt=\"\" \/><\/p>\n<h2 style=\"text-align: center;\" data-section-id=\"1unko33\" data-start=\"439\" data-end=\"459\">Hovedfordeler \ud83c\udfba<\/h2>\n<p data-start=\"461\" data-end=\"924\">\ud83c\udfb6 Enkel \u00e5 bruke &#8211; bare nynne for \u00e5 spille. Ingen musikalske kunnskaper kreves.<\/p>\n<p data-start=\"461\" data-end=\"924\">\ud83e\ude88 Flott lyd &#8211; Produserer en summende, trompetlignende tone som er morsom og unik.<\/p>\n<p data-start=\"461\" data-end=\"924\">\ud83c\udf92 Lommeformat &#8211; Liten, lett og leveres med en snor for enkel b\u00e6ring.<\/p>\n<p data-start=\"461\" data-end=\"924\">\ud83c\udf81 Perfekt gave &#8211; En morsom overraskelse for barn, venner eller musikkelskere.<\/p>\n<p data-start=\"461\" data-end=\"924\">\ud83c\udfb8 Flott for jamsessions &#8211; Bruk den solo eller sammen med gitaren eller bandet ditt.<\/p>\n<p data-start=\"461\" data-end=\"924\">\ud83e\uddfc Avtakbar design &#8211; enkel \u00e5 rengj\u00f8re og trygg for gjentatt bruk.<\/p>\n<p data-start=\"461\" data-end=\"924\"><img decoding=\"async\" class=\"size-full wp-image-29323 aligncenter\" src=\"https:\/\/keluvo.com\/template\/wp-content\/uploads\/sites\/5\/2025\/07\/6025c76285d54d8c918e678c71a22bda68a3c8f1.webp\" alt=\"\" \/><\/p>\n<h2 style=\"text-align: center;\" data-section-id=\"6p6jkm\" data-start=\"931\" data-end=\"948\">Hvordan du bruker den \ud83c\udfa4<\/h2>\n<ol data-start=\"950\" data-end=\"1144\">\n<li data-start=\"950\" data-end=\"986\">\n<p data-start=\"953\" data-end=\"986\">Hold kazoen n\u00e6r munnen.<\/p>\n<\/li>\n<li data-start=\"987\" data-end=\"1027\">\n<p data-start=\"990\" data-end=\"1027\">Nynn (ikke bl\u00e5s) i munnstykket.<\/p>\n<\/li>\n<li data-start=\"1028\" data-end=\"1096\">\n<p data-start=\"1031\" data-end=\"1096\">Endre toneh\u00f8yde eller nynn en melodi &#8211; det vil summe og h\u00f8res musikalsk ut!<\/p>\n<\/li>\n<li data-start=\"1097\" data-end=\"1144\">\n<p data-start=\"1100\" data-end=\"1144\">Bruk snoren til \u00e5 b\u00e6re den hvor enn du g\u00e5r.<\/p>\n<\/li>\n<\/ol>\n<h2 style=\"text-align: center;\" data-section-id=\"1uoa4jh\" data-start=\"1151\" data-end=\"1173\">Produktdetaljer \ud83d\udccf<\/h2>\n<ul data-start=\"1175\" data-end=\"1287\">\n<li data-start=\"1175\" data-end=\"1199\">\n<p data-start=\"1177\" data-end=\"1199\">St\u00f8rrelse: 13,5 cm x 3,5 cm<\/p>\n<\/li>\n<li data-start=\"1200\" data-end=\"1221\">\n<p data-start=\"1202\" data-end=\"1221\">Materiale: Plast<\/p>\n<\/li>\n<li data-start=\"1259\" data-end=\"1287\">\n<p data-start=\"1261\" data-end=\"1287\">Lett og b\u00e6rbar<\/p>\n<\/li>\n<\/ul>\n<h2 style=\"text-align: center;\" data-section-id=\"168ap4\" data-start=\"1294\" data-end=\"1317\">Pakken inkluderer \ud83d\udce6<\/h2>\n<ul data-start=\"1319\" data-end=\"1417\">\n<li data-start=\"1319\" data-end=\"1349\">\n<p data-start=\"1321\" data-end=\"1349\">1x kazoo med snor.<\/p>\n<\/li>\n<\/ul>\n","protected":false},"excerpt":{"rendered":"<p style=\"text-align: left;\" data-start=\"132\" data-end=\"328\">Lag musikk umiddelbart med denne brukervennlige kazooen som forvandler nynningen din til en morsom, summende melodi. Perfekt for nybegynnere, barn og alle som \u00f8nsker \u00e5 nyte musikk uten \u00e5 l\u00e6re noter.<\/p>\n","protected":false},"featured_media":13762,"comment_status":"open","ping_status":"closed","template":"","meta":{"site-sidebar-layout":"default","site-content-layout":"","ast-site-content-layout":"default","site-content-style":"default","site-sidebar-style":"default","ast-global-header-display":"","ast-banner-title-visibility":"","ast-main-header-display":"","ast-hfb-above-header-display":"","ast-hfb-below-header-display":"","ast-hfb-mobile-header-display":"","site-post-title":"","ast-breadcrumbs-content":"","ast-featured-img":"","footer-sml-layout":"","theme-transparent-header-meta":"default","adv-header-id-meta":"","stick-header-meta":"","header-above-stick-meta":"","header-main-stick-meta":"","header-below-stick-meta":"","astra-migrate-meta-layouts":"set","ast-page-background-enabled":"default","ast-page-background-meta":{"desktop":{"background-color":"var(--ast-global-color-5)","background-image":"","background-repeat":"repeat","background-position":"center center","background-size":"auto","background-attachment":"scroll","background-type":"","background-media":"","overlay-type":"","overlay-color":"","overlay-opacity":"","overlay-gradient":""},"tablet":{"background-color":"","background-image":"","background-repeat":"repeat","background-position":"center center","background-size":"auto","background-attachment":"scroll","background-type":"","background-media":"","overlay-type":"","overlay-color":"","overlay-opacity":"","overlay-gradient":""},"mobile":{"background-color":"","background-image":"","background-repeat":"repeat","background-position":"center center","background-size":"auto","background-attachment":"scroll","background-type":"","background-media":"","overlay-type":"","overlay-color":"","overlay-opacity":"","overlay-gradient":""}},"ast-content-background-meta":{"desktop":{"background-color":"var(--ast-global-color-4)","background-image":"","background-repeat":"repeat","background-position":"center center","background-size":"auto","background-attachment":"scroll","background-type":"","background-media":"","overlay-type":"","overlay-color":"","overlay-opacity":"","overlay-gradient":""},"tablet":{"background-color":"var(--ast-global-color-4)","background-image":"","background-repeat":"repeat","background-position":"center center","background-size":"auto","background-attachment":"scroll","background-type":"","background-media":"","overlay-type":"","overlay-color":"","overlay-opacity":"","overlay-gradient":""},"mobile":{"background-color":"var(--ast-global-color-4)","background-image":"","background-repeat":"repeat","background-position":"center center","background-size":"auto","background-attachment":"scroll","background-type":"","background-media":"","overlay-type":"","overlay-color":"","overlay-opacity":"","overlay-gradient":""}}},"product_brand":[],"product_cat":[15],"product_tag":[],"class_list":{"0":"post-13766","1":"product","2":"type-product","3":"status-publish","4":"has-post-thumbnail","6":"product_cat-uncategorized","7":"pa_48240_6ertvduz-bla","8":"pa_48240_6ertvduz-hvit","9":"pa_48240_6ertvduz-rod","10":"pa_48240_6ertvduz-rosa","11":"pa_48240_6ertvduz-svart","12":"desktop-align-left","13":"tablet-align-left","14":"mobile-align-left","16":"first","17":"instock","18":"shipping-taxable","19":"purchasable","20":"product-type-variable"},"yoast_head":"<!-- This site is optimized with the Yoast SEO plugin v26.6 - https:\/\/yoast.com\/wordpress\/plugins\/seo\/ -->\n<title>Kazoo - Mekulo NO<\/title>\n<meta name=\"robots\" content=\"index, follow, max-snippet:-1, max-image-preview:large, max-video-preview:-1\" \/>\n<link rel=\"canonical\" href=\"https:\/\/mekulo.com\/no\/produkt\/kazoo\/\" \/>\n<meta property=\"og:locale\" content=\"nb_NO\" \/>\n<meta property=\"og:type\" content=\"article\" \/>\n<meta property=\"og:title\" content=\"Kazoo - Mekulo NO\" \/>\n<meta property=\"og:description\" content=\"Lag musikk umiddelbart med denne brukervennlige kazooen som forvandler nynningen din til en morsom, summende melodi. Perfekt for nybegynnere, barn og alle som \u00f8nsker \u00e5 nyte musikk uten \u00e5 l\u00e6re noter.\" \/>\n<meta property=\"og:url\" content=\"https:\/\/mekulo.com\/no\/produkt\/kazoo\/\" \/>\n<meta property=\"og:site_name\" content=\"Mekulo NO\" \/>\n<meta property=\"article:modified_time\" content=\"2026-03-26T09:43:57+00:00\" \/>\n<meta property=\"og:image\" content=\"https:\/\/mekulo.com\/no\/wp-content\/uploads\/sites\/10\/2026\/01\/d23o0ik-1.webp\" \/>\n\t<meta property=\"og:image:width\" content=\"1024\" \/>\n\t<meta property=\"og:image:height\" content=\"1024\" \/>\n\t<meta property=\"og:image:type\" content=\"image\/webp\" \/>\n<meta name=\"twitter:card\" content=\"summary_large_image\" \/>\n<meta name=\"twitter:label1\" content=\"Ansl. lesetid\" \/>\n\t<meta name=\"twitter:data1\" content=\"2 minutter\" \/>\n<script type=\"application\/ld+json\" class=\"yoast-schema-graph\">{\"@context\":\"https:\/\/schema.org\",\"@graph\":[{\"@type\":\"WebPage\",\"@id\":\"https:\/\/mekulo.com\/no\/produkt\/kazoo\/\",\"url\":\"https:\/\/mekulo.com\/no\/produkt\/kazoo\/\",\"name\":\"Kazoo - Mekulo NO\",\"isPartOf\":{\"@id\":\"https:\/\/mekulo.com\/no\/#website\"},\"primaryImageOfPage\":{\"@id\":\"https:\/\/mekulo.com\/no\/produkt\/kazoo\/#primaryimage\"},\"image\":{\"@id\":\"https:\/\/mekulo.com\/no\/produkt\/kazoo\/#primaryimage\"},\"thumbnailUrl\":\"https:\/\/mekulo.com\/no\/wp-content\/uploads\/sites\/10\/2026\/01\/d23o0ik-1.webp\",\"datePublished\":\"2026-01-04T16:16:27+00:00\",\"dateModified\":\"2026-03-26T09:43:57+00:00\",\"breadcrumb\":{\"@id\":\"https:\/\/mekulo.com\/no\/produkt\/kazoo\/#breadcrumb\"},\"inLanguage\":\"nb-NO\",\"potentialAction\":[{\"@type\":\"ReadAction\",\"target\":[\"https:\/\/mekulo.com\/no\/produkt\/kazoo\/\"]}]},{\"@type\":\"ImageObject\",\"inLanguage\":\"nb-NO\",\"@id\":\"https:\/\/mekulo.com\/no\/produkt\/kazoo\/#primaryimage\",\"url\":\"https:\/\/mekulo.com\/no\/wp-content\/uploads\/sites\/10\/2026\/01\/d23o0ik-1.webp\",\"contentUrl\":\"https:\/\/mekulo.com\/no\/wp-content\/uploads\/sites\/10\/2026\/01\/d23o0ik-1.webp\",\"width\":1024,\"height\":1024},{\"@type\":\"BreadcrumbList\",\"@id\":\"https:\/\/mekulo.com\/no\/produkt\/kazoo\/#breadcrumb\",\"itemListElement\":[{\"@type\":\"ListItem\",\"position\":1,\"name\":\"Home\",\"item\":\"https:\/\/mekulo.com\/no\/\"},{\"@type\":\"ListItem\",\"position\":2,\"name\":\"Butikk\",\"item\":\"https:\/\/mekulo.com\/no\/butikk\/\"},{\"@type\":\"ListItem\",\"position\":3,\"name\":\"Kazoo\"}]},{\"@type\":\"WebSite\",\"@id\":\"https:\/\/mekulo.com\/no\/#website\",\"url\":\"https:\/\/mekulo.com\/no\/\",\"name\":\"Mekulo NO\",\"description\":\"\",\"publisher\":{\"@id\":\"https:\/\/mekulo.com\/no\/#organization\"},\"potentialAction\":[{\"@type\":\"SearchAction\",\"target\":{\"@type\":\"EntryPoint\",\"urlTemplate\":\"https:\/\/mekulo.com\/no\/?s={search_term_string}\"},\"query-input\":{\"@type\":\"PropertyValueSpecification\",\"valueRequired\":true,\"valueName\":\"search_term_string\"}}],\"inLanguage\":\"nb-NO\"},{\"@type\":\"Organization\",\"@id\":\"https:\/\/mekulo.com\/no\/#organization\",\"name\":\"Mekulo\",\"url\":\"https:\/\/mekulo.com\/no\/\",\"logo\":{\"@type\":\"ImageObject\",\"inLanguage\":\"nb-NO\",\"@id\":\"https:\/\/mekulo.com\/no\/#\/schema\/logo\/image\/\",\"url\":\"https:\/\/mekulo.com\/no\/wp-content\/uploads\/sites\/10\/2025\/12\/favicon_mekulo.png\",\"contentUrl\":\"https:\/\/mekulo.com\/no\/wp-content\/uploads\/sites\/10\/2025\/12\/favicon_mekulo.png\",\"width\":50,\"height\":50,\"caption\":\"Mekulo\"},\"image\":{\"@id\":\"https:\/\/mekulo.com\/no\/#\/schema\/logo\/image\/\"}}]}<\/script>\n<!-- \/ Yoast SEO plugin. -->","yoast_head_json":{"title":"Kazoo - Mekulo NO","robots":{"index":"index","follow":"follow","max-snippet":"max-snippet:-1","max-image-preview":"max-image-preview:large","max-video-preview":"max-video-preview:-1"},"canonical":"https:\/\/mekulo.com\/no\/produkt\/kazoo\/","og_locale":"nb_NO","og_type":"article","og_title":"Kazoo - Mekulo NO","og_description":"Lag musikk umiddelbart med denne brukervennlige kazooen som forvandler nynningen din til en morsom, summende melodi. Perfekt for nybegynnere, barn og alle som \u00f8nsker \u00e5 nyte musikk uten \u00e5 l\u00e6re noter.","og_url":"https:\/\/mekulo.com\/no\/produkt\/kazoo\/","og_site_name":"Mekulo NO","article_modified_time":"2026-03-26T09:43:57+00:00","og_image":[{"width":1024,"height":1024,"url":"https:\/\/mekulo.com\/no\/wp-content\/uploads\/sites\/10\/2026\/01\/d23o0ik-1.webp","type":"image\/webp"}],"twitter_card":"summary_large_image","twitter_misc":{"Ansl. lesetid":"2 minutter"},"schema":{"@context":"https:\/\/schema.org","@graph":[{"@type":"WebPage","@id":"https:\/\/mekulo.com\/no\/produkt\/kazoo\/","url":"https:\/\/mekulo.com\/no\/produkt\/kazoo\/","name":"Kazoo - Mekulo NO","isPartOf":{"@id":"https:\/\/mekulo.com\/no\/#website"},"primaryImageOfPage":{"@id":"https:\/\/mekulo.com\/no\/produkt\/kazoo\/#primaryimage"},"image":{"@id":"https:\/\/mekulo.com\/no\/produkt\/kazoo\/#primaryimage"},"thumbnailUrl":"https:\/\/mekulo.com\/no\/wp-content\/uploads\/sites\/10\/2026\/01\/d23o0ik-1.webp","datePublished":"2026-01-04T16:16:27+00:00","dateModified":"2026-03-26T09:43:57+00:00","breadcrumb":{"@id":"https:\/\/mekulo.com\/no\/produkt\/kazoo\/#breadcrumb"},"inLanguage":"nb-NO","potentialAction":[{"@type":"ReadAction","target":["https:\/\/mekulo.com\/no\/produkt\/kazoo\/"]}]},{"@type":"ImageObject","inLanguage":"nb-NO","@id":"https:\/\/mekulo.com\/no\/produkt\/kazoo\/#primaryimage","url":"https:\/\/mekulo.com\/no\/wp-content\/uploads\/sites\/10\/2026\/01\/d23o0ik-1.webp","contentUrl":"https:\/\/mekulo.com\/no\/wp-content\/uploads\/sites\/10\/2026\/01\/d23o0ik-1.webp","width":1024,"height":1024},{"@type":"BreadcrumbList","@id":"https:\/\/mekulo.com\/no\/produkt\/kazoo\/#breadcrumb","itemListElement":[{"@type":"ListItem","position":1,"name":"Home","item":"https:\/\/mekulo.com\/no\/"},{"@type":"ListItem","position":2,"name":"Butikk","item":"https:\/\/mekulo.com\/no\/butikk\/"},{"@type":"ListItem","position":3,"name":"Kazoo"}]},{"@type":"WebSite","@id":"https:\/\/mekulo.com\/no\/#website","url":"https:\/\/mekulo.com\/no\/","name":"Mekulo NO","description":"","publisher":{"@id":"https:\/\/mekulo.com\/no\/#organization"},"potentialAction":[{"@type":"SearchAction","target":{"@type":"EntryPoint","urlTemplate":"https:\/\/mekulo.com\/no\/?s={search_term_string}"},"query-input":{"@type":"PropertyValueSpecification","valueRequired":true,"valueName":"search_term_string"}}],"inLanguage":"nb-NO"},{"@type":"Organization","@id":"https:\/\/mekulo.com\/no\/#organization","name":"Mekulo","url":"https:\/\/mekulo.com\/no\/","logo":{"@type":"ImageObject","inLanguage":"nb-NO","@id":"https:\/\/mekulo.com\/no\/#\/schema\/logo\/image\/","url":"https:\/\/mekulo.com\/no\/wp-content\/uploads\/sites\/10\/2025\/12\/favicon_mekulo.png","contentUrl":"https:\/\/mekulo.com\/no\/wp-content\/uploads\/sites\/10\/2025\/12\/favicon_mekulo.png","width":50,"height":50,"caption":"Mekulo"},"image":{"@id":"https:\/\/mekulo.com\/no\/#\/schema\/logo\/image\/"}}]}},"_links":{"self":[{"href":"https:\/\/mekulo.com\/no\/wp-json\/wp\/v2\/product\/13766","targetHints":{"allow":["GET"]}}],"collection":[{"href":"https:\/\/mekulo.com\/no\/wp-json\/wp\/v2\/product"}],"about":[{"href":"https:\/\/mekulo.com\/no\/wp-json\/wp\/v2\/types\/product"}],"replies":[{"embeddable":true,"href":"https:\/\/mekulo.com\/no\/wp-json\/wp\/v2\/comments?post=13766"}],"wp:featuredmedia":[{"embeddable":true,"href":"https:\/\/mekulo.com\/no\/wp-json\/wp\/v2\/media\/13762"}],"wp:attachment":[{"href":"https:\/\/mekulo.com\/no\/wp-json\/wp\/v2\/media?parent=13766"}],"wp:term":[{"taxonomy":"product_brand","embeddable":true,"href":"https:\/\/mekulo.com\/no\/wp-json\/wp\/v2\/product_brand?post=13766"},{"taxonomy":"product_cat","embeddable":true,"href":"https:\/\/mekulo.com\/no\/wp-json\/wp\/v2\/product_cat?post=13766"},{"taxonomy":"product_tag","embeddable":true,"href":"https:\/\/mekulo.com\/no\/wp-json\/wp\/v2\/product_tag?post=13766"}],"curies":[{"name":"wp","href":"https:\/\/api.w.org\/{rel}","templated":true}]}}