{"id":13695,"date":"2026-01-04T18:10:34","date_gmt":"2026-01-04T16:10:34","guid":{"rendered":"https:\/\/mekulo.com\/no\/produkt\/propp-for-konservering-av-vin\/"},"modified":"2026-01-04T19:18:26","modified_gmt":"2026-01-04T17:18:26","slug":"propp-for-konservering-av-vin","status":"publish","type":"product","link":"https:\/\/mekulo.com\/no\/produkt\/propp-for-konservering-av-vin\/","title":{"rendered":"Propp for konservering av vin"},"content":{"rendered":"<div class=\"flex max-w-full flex-col grow\">\n<div class=\"min-h-8 text-message relative flex w-full flex-col items-end gap-2 text-start break-words whitespace-normal [.text-message+&amp;]:mt-1\" dir=\"auto\" data-message-author-role=\"assistant\" data-message-id=\"bf27680e-e173-431f-936f-e3bbe93cad8d\" data-message-model-slug=\"gpt-5-2\">\n<div class=\"flex w-full flex-col gap-1 empty:hidden first:pt-[1px]\">\n<div class=\"markdown prose dark:prose-invert w-full break-words light markdown-new-styling\">\n<p style=\"text-align: center;\" data-start=\"0\" data-end=\"65\"><strong data-start=\"0\" data-end=\"65\">Forsegle vinen din og skjenk den glatt med en enkel vri.<\/strong><span style=\"font-size: 16px; font-style: normal; font-weight: 400;\">\ud83c\udf77\u00a0<\/span><\/p>\n<p style=\"text-align: center;\" data-start=\"67\" data-end=\"274\">Denne vinproppen er et smart 2-i-1-verkt\u00f8y som fungerer b\u00e5de som en tett vinpropp og en elegant vinskjenker. Den holder vinen frisk lenger og lar deg helle rent uten drypp eller s\u00f8l. Den kronbladformede proppen forsegler flasken n\u00e5r den er lukket, slik at smak og aroma bevares. N\u00e5r den vris opp, blir den til en glatt skjenker som forbedrer luftstr\u00f8mmen og forbedrer smaksopplevelsen.<\/p>\n<p data-start=\"67\" data-end=\"274\"><img fetchpriority=\"high\" decoding=\"async\" class=\"size-full wp-image-46778 aligncenter\" src=\"https:\/\/keluvo.com\/template\/wp-content\/uploads\/sites\/5\/2025\/12\/12218-ezgif.com-video-to-webp-converter.webp\" alt=\"\" width=\"500\" height=\"500\" \/><\/p>\n<h2 style=\"text-align: center;\" data-start=\"514\" data-end=\"533\">\u2b50 Hovedfordeler<\/h2>\n<p data-start=\"536\" data-end=\"591\">\ud83c\udf7e 2-i-1-design &#8211; propp og skjenker i ett verkt\u00f8y.<\/p>\n<p data-start=\"594\" data-end=\"651\">\ud83d\udca7 Ingen drypp eller sprut &#8211; Ren og elegant skjenking.<\/p>\n<p data-start=\"654\" data-end=\"715\">\ud83c\udf38 Kronbladformet luftstr\u00f8m &#8211; Forbedrer vinens smak og aroma.<\/p>\n<p data-start=\"718\" data-end=\"781\">\ud83d\udee1\ufe0f Materialer av matkvalitet &#8211; trygge, giftfrie og luktfrie.<\/p>\n<p data-start=\"784\" data-end=\"842\">\ud83d\udd04 Universell passform &#8211; passer til de fleste vinflaskest\u00f8rrelser.<\/p>\n<p data-start=\"784\" data-end=\"842\"><img decoding=\"async\" class=\"size-full wp-image-46777 aligncenter\" src=\"https:\/\/keluvo.com\/template\/wp-content\/uploads\/sites\/5\/2025\/12\/12219-ezgif.com-video-to-webp-converter.webp\" alt=\"\" width=\"500\" height=\"500\" \/><\/p>\n<h2 style=\"text-align: center;\" data-start=\"849\" data-end=\"866\">\ud83e\udde9 Slik bruker du den<\/h2>\n<ol data-start=\"867\" data-end=\"1073\">\n<li data-start=\"867\" data-end=\"924\">\n<p data-start=\"870\" data-end=\"924\">Sett silikonenden godt inn i vinflasken.<\/p>\n<\/li>\n<li data-start=\"925\" data-end=\"978\">\n<p data-start=\"928\" data-end=\"978\">Vri for \u00e5 lukke for lufttett forsegling og oppbevaring.<\/p>\n<\/li>\n<li data-start=\"979\" data-end=\"1017\">\n<p data-start=\"982\" data-end=\"1017\">Vri for \u00e5 \u00e5pne n\u00e5r du er klar til \u00e5 skjenke.<\/p>\n<\/li>\n<li data-start=\"1018\" data-end=\"1073\">\n<p data-start=\"1021\" data-end=\"1073\">Vipp flasken og hell jevnt i glasset ditt.<\/p>\n<\/li>\n<\/ol>\n<h2 style=\"text-align: center;\" data-start=\"1080\" data-end=\"1102\">\ud83d\udccf Produktdetaljer<\/h2>\n<ul data-start=\"1103\" data-end=\"1317\">\n<li data-start=\"1147\" data-end=\"1187\">\n<p data-start=\"1149\" data-end=\"1187\">Funksjon: Vinpropp + vinskjenker<\/p>\n<\/li>\n<li data-start=\"1188\" data-end=\"1227\">\n<p data-start=\"1190\" data-end=\"1227\">Materiale: ABS + silikon av matkvalitet<\/p>\n<\/li>\n<li data-start=\"1228\" data-end=\"1244\">\n<p data-start=\"1230\" data-end=\"1244\">Farge: Svart<\/p>\n<\/li>\n<li data-start=\"1245\" data-end=\"1265\">\n<p data-start=\"1247\" data-end=\"1265\">St\u00f8rrelse: 94 x 54 mm<\/p>\n<\/li>\n<li data-start=\"1266\" data-end=\"1317\">\n<p data-start=\"1268\" data-end=\"1317\">Design: Kronbladformet tetnings- og skjenkesystem<\/p>\n<\/li>\n<\/ul>\n<h2 style=\"text-align: center;\" data-start=\"1324\" data-end=\"1347\">\ud83d\udce6 Pakken inneholder<\/h2>\n<ul data-start=\"1348\" data-end=\"1452\" data-is-last-node=\"\" data-is-only-node=\"\">\n<li data-start=\"1348\" data-end=\"1388\">\n<p data-start=\"1350\" data-end=\"1388\">1, 2x vinbevarende propp.<\/p>\n<\/li>\n<\/ul>\n<\/div>\n<\/div>\n<\/div>\n<\/div>\n","protected":false},"excerpt":{"rendered":"<div class=\"flex flex-col text-sm pb-25\">\n<article class=\"text-token-text-primary w-full focus:outline-none [--shadow-height:45px] has-data-writing-block:pointer-events-none has-data-writing-block:-mt-(--shadow-height) has-data-writing-block:pt-(--shadow-height) [&amp;:has([data-writing-block])&gt;*]:pointer-events-auto scroll-mt-[calc(var(--header-height)+min(200px,max(70px,20svh)))]\" dir=\"auto\" data-turn-id=\"request-6953fc99-4988-8330-83cb-2284431b2ad2-4\" data-testid=\"conversation-turn-14\" data-scroll-anchor=\"true\" data-turn=\"assistant\">\n<div class=\"text-base my-auto mx-auto pb-10 [--thread-content-margin:--spacing(4)] @w-sm\/main:[--thread-content-margin:--spacing(6)] @w-lg\/main:[--thread-content-margin:--spacing(16)] px-(--thread-content-margin)\">\n<div class=\"[--thread-content-max-width:40rem] @w-lg\/main:[--thread-content-max-width:48rem] mx-auto max-w-(--thread-content-max-width) flex-1 group\/turn-messages focus-visible:outline-hidden relative flex w-full min-w-0 flex-col agent-turn\">\n<div class=\"flex max-w-full flex-col grow\">\n<div class=\"min-h-8 text-message relative flex w-full flex-col items-end gap-2 text-start break-words whitespace-normal [.text-message+&amp;]:mt-1\" dir=\"auto\" data-message-author-role=\"assistant\" data-message-id=\"3de70f9c-a9ab-4d01-b5c6-397a36a3c62f\" data-message-model-slug=\"gpt-5-2\">\n<div class=\"flex w-full flex-col gap-1 empty:hidden first:pt-[1px]\">\n<div class=\"markdown prose dark:prose-invert w-full break-words light markdown-new-styling\">\n<p data-start=\"0\" data-end=\"273\" data-is-last-node=\"\" data-is-only-node=\"\">En 2-i-1-propp som forsegler flasken og fungerer som en smidig skjenkekork. Den holder vinen frisk lenger, forhindrer drypp og s\u00f8l og gir bedre kontroll over skjenkingen. Den er laget av n\u00e6ringsmiddelgodkjente materialer, passer til de fleste vinflasker og gj\u00f8r serveringen renere og enklere.<\/p>\n<\/div>\n<\/div>\n<\/div>\n<\/div>\n<div class=\"z-0 flex min-h-[46px] justify-start\"><\/div>\n<div class=\"mt-3 w-full empty:hidden\">\n<div class=\"text-center\"><\/div>\n<\/div>\n<\/div>\n<\/div>\n<\/article>\n<\/div>\n<div class=\"pointer-events-none h-px w-px absolute bottom-0\" aria-hidden=\"true\" data-edge=\"true\"><\/div>\n","protected":false},"featured_media":13691,"comment_status":"open","ping_status":"closed","template":"","meta":{"site-sidebar-layout":"default","site-content-layout":"","ast-site-content-layout":"default","site-content-style":"default","site-sidebar-style":"default","ast-global-header-display":"","ast-banner-title-visibility":"","ast-main-header-display":"","ast-hfb-above-header-display":"","ast-hfb-below-header-display":"","ast-hfb-mobile-header-display":"","site-post-title":"","ast-breadcrumbs-content":"","ast-featured-img":"","footer-sml-layout":"","theme-transparent-header-meta":"default","adv-header-id-meta":"","stick-header-meta":"","header-above-stick-meta":"","header-main-stick-meta":"","header-below-stick-meta":"","astra-migrate-meta-layouts":"set","ast-page-background-enabled":"default","ast-page-background-meta":{"desktop":{"background-color":"var(--ast-global-color-5)","background-image":"","background-repeat":"repeat","background-position":"center center","background-size":"auto","background-attachment":"scroll","background-type":"","background-media":"","overlay-type":"","overlay-color":"","overlay-opacity":"","overlay-gradient":""},"tablet":{"background-color":"","background-image":"","background-repeat":"repeat","background-position":"center center","background-size":"auto","background-attachment":"scroll","background-type":"","background-media":"","overlay-type":"","overlay-color":"","overlay-opacity":"","overlay-gradient":""},"mobile":{"background-color":"","background-image":"","background-repeat":"repeat","background-position":"center center","background-size":"auto","background-attachment":"scroll","background-type":"","background-media":"","overlay-type":"","overlay-color":"","overlay-opacity":"","overlay-gradient":""}},"ast-content-background-meta":{"desktop":{"background-color":"var(--ast-global-color-4)","background-image":"","background-repeat":"repeat","background-position":"center center","background-size":"auto","background-attachment":"scroll","background-type":"","background-media":"","overlay-type":"","overlay-color":"","overlay-opacity":"","overlay-gradient":""},"tablet":{"background-color":"var(--ast-global-color-4)","background-image":"","background-repeat":"repeat","background-position":"center center","background-size":"auto","background-attachment":"scroll","background-type":"","background-media":"","overlay-type":"","overlay-color":"","overlay-opacity":"","overlay-gradient":""},"mobile":{"background-color":"var(--ast-global-color-4)","background-image":"","background-repeat":"repeat","background-position":"center center","background-size":"auto","background-attachment":"scroll","background-type":"","background-media":"","overlay-type":"","overlay-color":"","overlay-opacity":"","overlay-gradient":""}}},"product_brand":[],"product_cat":[15],"product_tag":[],"class_list":{"0":"post-13695","1":"product","2":"type-product","3":"status-publish","4":"has-post-thumbnail","6":"product_cat-uncategorized","7":"pa_62221_bhjke1gm-1-stk","8":"pa_62221_bhjke1gm-2-stk","9":"desktop-align-left","10":"tablet-align-left","11":"mobile-align-left","13":"first","14":"instock","15":"shipping-taxable","16":"purchasable","17":"product-type-variable"},"yoast_head":"<!-- This site is optimized with the Yoast SEO plugin v26.6 - https:\/\/yoast.com\/wordpress\/plugins\/seo\/ -->\n<title>Propp for konservering av vin - Mekulo NO<\/title>\n<meta name=\"robots\" content=\"index, follow, max-snippet:-1, max-image-preview:large, max-video-preview:-1\" \/>\n<link rel=\"canonical\" href=\"https:\/\/mekulo.com\/no\/produkt\/propp-for-konservering-av-vin\/\" \/>\n<meta property=\"og:locale\" content=\"nb_NO\" \/>\n<meta property=\"og:type\" content=\"article\" \/>\n<meta property=\"og:title\" content=\"Propp for konservering av vin - Mekulo NO\" \/>\n<meta property=\"og:description\" content=\"En 2-i-1-propp som forsegler flasken og fungerer som en smidig skjenkekork. Den holder vinen frisk lenger, forhindrer drypp og s\u00f8l og gir bedre kontroll over skjenkingen. Den er laget av n\u00e6ringsmiddelgodkjente materialer, passer til de fleste vinflasker og gj\u00f8r serveringen renere og enklere.\" \/>\n<meta property=\"og:url\" content=\"https:\/\/mekulo.com\/no\/produkt\/propp-for-konservering-av-vin\/\" \/>\n<meta property=\"og:site_name\" content=\"Mekulo NO\" \/>\n<meta property=\"article:modified_time\" content=\"2026-01-04T17:18:26+00:00\" \/>\n<meta property=\"og:image\" content=\"https:\/\/mekulo.com\/no\/wp-content\/uploads\/sites\/10\/2026\/01\/2euwgct-1.jpg\" \/>\n\t<meta property=\"og:image:width\" content=\"1080\" \/>\n\t<meta property=\"og:image:height\" content=\"1080\" \/>\n\t<meta property=\"og:image:type\" content=\"image\/jpeg\" \/>\n<meta name=\"twitter:card\" content=\"summary_large_image\" \/>\n<meta name=\"twitter:label1\" content=\"Ansl. lesetid\" \/>\n\t<meta name=\"twitter:data1\" content=\"2 minutter\" \/>\n<script type=\"application\/ld+json\" class=\"yoast-schema-graph\">{\"@context\":\"https:\/\/schema.org\",\"@graph\":[{\"@type\":\"WebPage\",\"@id\":\"https:\/\/mekulo.com\/no\/produkt\/propp-for-konservering-av-vin\/\",\"url\":\"https:\/\/mekulo.com\/no\/produkt\/propp-for-konservering-av-vin\/\",\"name\":\"Propp for konservering av vin - Mekulo NO\",\"isPartOf\":{\"@id\":\"https:\/\/mekulo.com\/no\/#website\"},\"primaryImageOfPage\":{\"@id\":\"https:\/\/mekulo.com\/no\/produkt\/propp-for-konservering-av-vin\/#primaryimage\"},\"image\":{\"@id\":\"https:\/\/mekulo.com\/no\/produkt\/propp-for-konservering-av-vin\/#primaryimage\"},\"thumbnailUrl\":\"https:\/\/mekulo.com\/no\/wp-content\/uploads\/sites\/10\/2026\/01\/2euwgct-1.jpg\",\"datePublished\":\"2026-01-04T16:10:34+00:00\",\"dateModified\":\"2026-01-04T17:18:26+00:00\",\"breadcrumb\":{\"@id\":\"https:\/\/mekulo.com\/no\/produkt\/propp-for-konservering-av-vin\/#breadcrumb\"},\"inLanguage\":\"nb-NO\",\"potentialAction\":[{\"@type\":\"ReadAction\",\"target\":[\"https:\/\/mekulo.com\/no\/produkt\/propp-for-konservering-av-vin\/\"]}]},{\"@type\":\"ImageObject\",\"inLanguage\":\"nb-NO\",\"@id\":\"https:\/\/mekulo.com\/no\/produkt\/propp-for-konservering-av-vin\/#primaryimage\",\"url\":\"https:\/\/mekulo.com\/no\/wp-content\/uploads\/sites\/10\/2026\/01\/2euwgct-1.jpg\",\"contentUrl\":\"https:\/\/mekulo.com\/no\/wp-content\/uploads\/sites\/10\/2026\/01\/2euwgct-1.jpg\",\"width\":1080,\"height\":1080},{\"@type\":\"BreadcrumbList\",\"@id\":\"https:\/\/mekulo.com\/no\/produkt\/propp-for-konservering-av-vin\/#breadcrumb\",\"itemListElement\":[{\"@type\":\"ListItem\",\"position\":1,\"name\":\"Home\",\"item\":\"https:\/\/mekulo.com\/no\/\"},{\"@type\":\"ListItem\",\"position\":2,\"name\":\"Butikk\",\"item\":\"https:\/\/mekulo.com\/no\/butikk\/\"},{\"@type\":\"ListItem\",\"position\":3,\"name\":\"Propp for konservering av vin\"}]},{\"@type\":\"WebSite\",\"@id\":\"https:\/\/mekulo.com\/no\/#website\",\"url\":\"https:\/\/mekulo.com\/no\/\",\"name\":\"Mekulo NO\",\"description\":\"\",\"publisher\":{\"@id\":\"https:\/\/mekulo.com\/no\/#organization\"},\"potentialAction\":[{\"@type\":\"SearchAction\",\"target\":{\"@type\":\"EntryPoint\",\"urlTemplate\":\"https:\/\/mekulo.com\/no\/?s={search_term_string}\"},\"query-input\":{\"@type\":\"PropertyValueSpecification\",\"valueRequired\":true,\"valueName\":\"search_term_string\"}}],\"inLanguage\":\"nb-NO\"},{\"@type\":\"Organization\",\"@id\":\"https:\/\/mekulo.com\/no\/#organization\",\"name\":\"Mekulo\",\"url\":\"https:\/\/mekulo.com\/no\/\",\"logo\":{\"@type\":\"ImageObject\",\"inLanguage\":\"nb-NO\",\"@id\":\"https:\/\/mekulo.com\/no\/#\/schema\/logo\/image\/\",\"url\":\"https:\/\/mekulo.com\/no\/wp-content\/uploads\/sites\/10\/2025\/12\/favicon_mekulo.png\",\"contentUrl\":\"https:\/\/mekulo.com\/no\/wp-content\/uploads\/sites\/10\/2025\/12\/favicon_mekulo.png\",\"width\":50,\"height\":50,\"caption\":\"Mekulo\"},\"image\":{\"@id\":\"https:\/\/mekulo.com\/no\/#\/schema\/logo\/image\/\"}}]}<\/script>\n<!-- \/ Yoast SEO plugin. -->","yoast_head_json":{"title":"Propp for konservering av vin - Mekulo NO","robots":{"index":"index","follow":"follow","max-snippet":"max-snippet:-1","max-image-preview":"max-image-preview:large","max-video-preview":"max-video-preview:-1"},"canonical":"https:\/\/mekulo.com\/no\/produkt\/propp-for-konservering-av-vin\/","og_locale":"nb_NO","og_type":"article","og_title":"Propp for konservering av vin - Mekulo NO","og_description":"En 2-i-1-propp som forsegler flasken og fungerer som en smidig skjenkekork. Den holder vinen frisk lenger, forhindrer drypp og s\u00f8l og gir bedre kontroll over skjenkingen. Den er laget av n\u00e6ringsmiddelgodkjente materialer, passer til de fleste vinflasker og gj\u00f8r serveringen renere og enklere.","og_url":"https:\/\/mekulo.com\/no\/produkt\/propp-for-konservering-av-vin\/","og_site_name":"Mekulo NO","article_modified_time":"2026-01-04T17:18:26+00:00","og_image":[{"width":1080,"height":1080,"url":"https:\/\/mekulo.com\/no\/wp-content\/uploads\/sites\/10\/2026\/01\/2euwgct-1.jpg","type":"image\/jpeg"}],"twitter_card":"summary_large_image","twitter_misc":{"Ansl. lesetid":"2 minutter"},"schema":{"@context":"https:\/\/schema.org","@graph":[{"@type":"WebPage","@id":"https:\/\/mekulo.com\/no\/produkt\/propp-for-konservering-av-vin\/","url":"https:\/\/mekulo.com\/no\/produkt\/propp-for-konservering-av-vin\/","name":"Propp for konservering av vin - Mekulo NO","isPartOf":{"@id":"https:\/\/mekulo.com\/no\/#website"},"primaryImageOfPage":{"@id":"https:\/\/mekulo.com\/no\/produkt\/propp-for-konservering-av-vin\/#primaryimage"},"image":{"@id":"https:\/\/mekulo.com\/no\/produkt\/propp-for-konservering-av-vin\/#primaryimage"},"thumbnailUrl":"https:\/\/mekulo.com\/no\/wp-content\/uploads\/sites\/10\/2026\/01\/2euwgct-1.jpg","datePublished":"2026-01-04T16:10:34+00:00","dateModified":"2026-01-04T17:18:26+00:00","breadcrumb":{"@id":"https:\/\/mekulo.com\/no\/produkt\/propp-for-konservering-av-vin\/#breadcrumb"},"inLanguage":"nb-NO","potentialAction":[{"@type":"ReadAction","target":["https:\/\/mekulo.com\/no\/produkt\/propp-for-konservering-av-vin\/"]}]},{"@type":"ImageObject","inLanguage":"nb-NO","@id":"https:\/\/mekulo.com\/no\/produkt\/propp-for-konservering-av-vin\/#primaryimage","url":"https:\/\/mekulo.com\/no\/wp-content\/uploads\/sites\/10\/2026\/01\/2euwgct-1.jpg","contentUrl":"https:\/\/mekulo.com\/no\/wp-content\/uploads\/sites\/10\/2026\/01\/2euwgct-1.jpg","width":1080,"height":1080},{"@type":"BreadcrumbList","@id":"https:\/\/mekulo.com\/no\/produkt\/propp-for-konservering-av-vin\/#breadcrumb","itemListElement":[{"@type":"ListItem","position":1,"name":"Home","item":"https:\/\/mekulo.com\/no\/"},{"@type":"ListItem","position":2,"name":"Butikk","item":"https:\/\/mekulo.com\/no\/butikk\/"},{"@type":"ListItem","position":3,"name":"Propp for konservering av vin"}]},{"@type":"WebSite","@id":"https:\/\/mekulo.com\/no\/#website","url":"https:\/\/mekulo.com\/no\/","name":"Mekulo NO","description":"","publisher":{"@id":"https:\/\/mekulo.com\/no\/#organization"},"potentialAction":[{"@type":"SearchAction","target":{"@type":"EntryPoint","urlTemplate":"https:\/\/mekulo.com\/no\/?s={search_term_string}"},"query-input":{"@type":"PropertyValueSpecification","valueRequired":true,"valueName":"search_term_string"}}],"inLanguage":"nb-NO"},{"@type":"Organization","@id":"https:\/\/mekulo.com\/no\/#organization","name":"Mekulo","url":"https:\/\/mekulo.com\/no\/","logo":{"@type":"ImageObject","inLanguage":"nb-NO","@id":"https:\/\/mekulo.com\/no\/#\/schema\/logo\/image\/","url":"https:\/\/mekulo.com\/no\/wp-content\/uploads\/sites\/10\/2025\/12\/favicon_mekulo.png","contentUrl":"https:\/\/mekulo.com\/no\/wp-content\/uploads\/sites\/10\/2025\/12\/favicon_mekulo.png","width":50,"height":50,"caption":"Mekulo"},"image":{"@id":"https:\/\/mekulo.com\/no\/#\/schema\/logo\/image\/"}}]}},"_links":{"self":[{"href":"https:\/\/mekulo.com\/no\/wp-json\/wp\/v2\/product\/13695","targetHints":{"allow":["GET"]}}],"collection":[{"href":"https:\/\/mekulo.com\/no\/wp-json\/wp\/v2\/product"}],"about":[{"href":"https:\/\/mekulo.com\/no\/wp-json\/wp\/v2\/types\/product"}],"replies":[{"embeddable":true,"href":"https:\/\/mekulo.com\/no\/wp-json\/wp\/v2\/comments?post=13695"}],"wp:featuredmedia":[{"embeddable":true,"href":"https:\/\/mekulo.com\/no\/wp-json\/wp\/v2\/media\/13691"}],"wp:attachment":[{"href":"https:\/\/mekulo.com\/no\/wp-json\/wp\/v2\/media?parent=13695"}],"wp:term":[{"taxonomy":"product_brand","embeddable":true,"href":"https:\/\/mekulo.com\/no\/wp-json\/wp\/v2\/product_brand?post=13695"},{"taxonomy":"product_cat","embeddable":true,"href":"https:\/\/mekulo.com\/no\/wp-json\/wp\/v2\/product_cat?post=13695"},{"taxonomy":"product_tag","embeddable":true,"href":"https:\/\/mekulo.com\/no\/wp-json\/wp\/v2\/product_tag?post=13695"}],"curies":[{"name":"wp","href":"https:\/\/api.w.org\/{rel}","templated":true}]}}