{"id":13552,"date":"2026-01-04T18:02:23","date_gmt":"2026-01-04T16:02:23","guid":{"rendered":"https:\/\/mekulo.com\/no\/produkt\/oppbevaringsboks-for-sko\/"},"modified":"2026-01-04T19:08:42","modified_gmt":"2026-01-04T17:08:42","slug":"oppbevaringsboks-for-sko","status":"publish","type":"product","link":"https:\/\/mekulo.com\/no\/produkt\/oppbevaringsboks-for-sko\/","title":{"rendered":"Oppbevaringsboks for sko"},"content":{"rendered":"<p style=\"text-align: center;\" data-start=\"0\" data-end=\"75\"><strong data-start=\"0\" data-end=\"75\">Hold skoene dine rene, synlige og ryddig organisert i en enkel eske. <\/strong><span style=\"font-size: 16px; font-style: normal; font-weight: 400;\">\ud83c\udfe0<\/span><\/p>\n<p style=\"text-align: center;\" data-start=\"77\" data-end=\"289\">Denne skooppbevaringsboksen beskytter skot\u00f8yet ditt mot st\u00f8v og fuktighet, samtidig som den hjelper deg med \u00e5 spare plass hjemme. Med stor kapasitet og stabelbar design er skoene dine lette \u00e5 se, f\u00e5 tilgang til og oppbevare i alle rom. Denne moderne skooppbevaringsboksen er laget av slitesterk PVC og har et gjennomsiktig design, slik at du raskt kan finne det paret du trenger. Den fungerer perfekt i skap, inngangspartier, under senger eller hyller, og kan ogs\u00e5 oppbevare kl\u00e6r og tilbeh\u00f8r.<\/p>\n<p data-start=\"77\" data-end=\"289\"><img fetchpriority=\"high\" decoding=\"async\" class=\"size-full wp-image-46750 aligncenter\" src=\"https:\/\/keluvo.com\/template\/wp-content\/uploads\/sites\/5\/2025\/12\/12214-ezgif.com-video-to-webp-converter.webp\" alt=\"\" width=\"500\" height=\"500\" \/><\/p>\n<h2 style=\"text-align: center;\" data-start=\"581\" data-end=\"600\">\u2b50 Hovedfordeler<\/h2>\n<p data-start=\"603\" data-end=\"662\">\ud83d\udc5f Stor 18L kapasitet &#8211; Rommer flere par sko.<\/p>\n<p data-start=\"665\" data-end=\"725\">\ud83d\udca7 Vann &amp; st\u00f8vbeskyttelse &#8211; Holder skoene rene og t\u00f8rre.<\/p>\n<p data-start=\"728\" data-end=\"789\">\ud83d\udce6 Stabelbar design &#8211; Sparer plass og maksimerer lagring.<\/p>\n<p data-start=\"792\" data-end=\"855\">\ud83d\udc40 Gjennomsiktige paneler &#8211; Se skoene uten \u00e5 \u00e5pne esken.<\/p>\n<p data-start=\"858\" data-end=\"918\">\ud83d\udd04 Sammenleggbar og b\u00e6rbar &#8211; Enkel \u00e5 oppbevare n\u00e5r den ikke er i bruk.<\/p>\n<p data-start=\"858\" data-end=\"918\"><img decoding=\"async\" class=\"size-full wp-image-46749 aligncenter\" src=\"https:\/\/keluvo.com\/template\/wp-content\/uploads\/sites\/5\/2025\/12\/12215-ezgif.com-video-to-webp-converter.webp\" alt=\"\" width=\"500\" height=\"500\" \/><\/p>\n<h2 style=\"text-align: center;\" data-start=\"925\" data-end=\"942\">\ud83d\udd27 Hvordan bruke<\/h2>\n<ol data-start=\"943\" data-end=\"1139\">\n<li data-start=\"943\" data-end=\"998\">\n<p data-start=\"946\" data-end=\"998\">Brett ut oppbevaringsboksen og form den p\u00e5 plass.<\/p>\n<\/li>\n<li data-start=\"999\" data-end=\"1038\">\n<p data-start=\"1002\" data-end=\"1038\">Legg sko eller andre gjenstander inni.<\/p>\n<\/li>\n<li data-start=\"1039\" data-end=\"1070\">\n<p data-start=\"1042\" data-end=\"1070\">Lukk glidel\u00e5sen godt.<\/p>\n<\/li>\n<li data-start=\"1071\" data-end=\"1109\">\n<p data-start=\"1074\" data-end=\"1109\">Stable med andre bokser om n\u00f8dvendig.<\/p>\n<\/li>\n<li data-start=\"1110\" data-end=\"1139\">\n<p data-start=\"1113\" data-end=\"1139\">Brett flatt n\u00e5r den ikke er i bruk.<\/p>\n<\/li>\n<\/ol>\n<h2 style=\"text-align: center;\" data-start=\"1146\" data-end=\"1168\">\ud83d\udccf Produktdetaljer<\/h2>\n<ul data-start=\"1169\" data-end=\"1477\">\n<li data-start=\"1204\" data-end=\"1221\">\n<p data-start=\"1206\" data-end=\"1221\">Materiale: PVC<\/p>\n<\/li>\n<li data-start=\"1222\" data-end=\"1250\">\n<p data-start=\"1224\" data-end=\"1250\">Stil: Moderne minimalistisk<\/p>\n<\/li>\n<li data-start=\"1251\" data-end=\"1268\">\n<p data-start=\"1253\" data-end=\"1268\">Kapasitet: 18L<\/p>\n<\/li>\n<li data-start=\"1251\" data-end=\"1268\">\n<p data-start=\"1253\" data-end=\"1268\"><span style=\"font-size: 16px;\">Size: 60 x 30 x 16 cm<\/span><\/p>\n<\/li>\n<\/ul>\n<h2 style=\"text-align: center;\" data-start=\"1484\" data-end=\"1507\">\ud83d\udce6 Pakken inkluderer<\/h2>\n<ul data-start=\"1508\" data-end=\"1530\" data-is-last-node=\"\" data-is-only-node=\"\">\n<li data-start=\"1508\" data-end=\"1530\" data-is-last-node=\"\">\n<p data-start=\"1510\" data-end=\"1530\" data-is-last-node=\"\">1, 2, 3x skooppbevaringsboks(er).<\/p>\n<\/li>\n<\/ul>\n","protected":false},"excerpt":{"rendered":"<div class=\"flex flex-col text-sm pb-25\">\n<article class=\"text-token-text-primary w-full focus:outline-none [--shadow-height:45px] has-data-writing-block:pointer-events-none has-data-writing-block:-mt-(--shadow-height) has-data-writing-block:pt-(--shadow-height) [&amp;:has([data-writing-block])&gt;*]:pointer-events-auto scroll-mt-[calc(var(--header-height)+min(200px,max(70px,20svh)))]\" dir=\"auto\" data-turn-id=\"request-6953fc99-4988-8330-83cb-2284431b2ad2-12\" data-testid=\"conversation-turn-30\" data-scroll-anchor=\"true\" data-turn=\"assistant\">\n<div class=\"text-base my-auto mx-auto pb-10 [--thread-content-margin:--spacing(4)] @w-sm\/main:[--thread-content-margin:--spacing(6)] @w-lg\/main:[--thread-content-margin:--spacing(16)] px-(--thread-content-margin)\">\n<div class=\"[--thread-content-max-width:40rem] @w-lg\/main:[--thread-content-max-width:48rem] mx-auto max-w-(--thread-content-max-width) flex-1 group\/turn-messages focus-visible:outline-hidden relative flex w-full min-w-0 flex-col agent-turn\">\n<div class=\"flex max-w-full flex-col grow\">\n<div class=\"min-h-8 text-message relative flex w-full flex-col items-end gap-2 text-start break-words whitespace-normal [.text-message+&amp;]:mt-1\" dir=\"auto\" data-message-author-role=\"assistant\" data-message-id=\"675b38c5-1cfd-401d-a4c9-1c0ca810385c\" data-message-model-slug=\"gpt-5-2\">\n<div class=\"flex w-full flex-col gap-1 empty:hidden first:pt-[1px]\">\n<div class=\"markdown prose dark:prose-invert w-full break-words light markdown-new-styling\">\n<p data-start=\"0\" data-end=\"269\" data-is-last-node=\"\" data-is-only-node=\"\">En gjennomsiktig oppbevaringsboks for sko som holder skoene rene, t\u00f8rre og godt organisert. Den beskytter skot\u00f8yet mot st\u00f8v og fuktighet, samtidig som parene er lette \u00e5 se og f\u00e5 tilgang til. Den er stabelbar, sammenleggbar og plassbesparende, og passer perfekt i skap, under senger eller i entreen.<\/p>\n<\/div>\n<\/div>\n<\/div>\n<\/div>\n<div class=\"z-0 flex min-h-[46px] justify-start\"><\/div>\n<div class=\"mt-3 w-full empty:hidden\">\n<div class=\"text-center\"><\/div>\n<\/div>\n<\/div>\n<\/div>\n<\/article>\n<\/div>\n<div class=\"pointer-events-none h-px w-px absolute bottom-0\" aria-hidden=\"true\" data-edge=\"true\"><\/div>\n","protected":false},"featured_media":13548,"comment_status":"open","ping_status":"closed","template":"","meta":{"site-sidebar-layout":"default","site-content-layout":"","ast-site-content-layout":"default","site-content-style":"default","site-sidebar-style":"default","ast-global-header-display":"","ast-banner-title-visibility":"","ast-main-header-display":"","ast-hfb-above-header-display":"","ast-hfb-below-header-display":"","ast-hfb-mobile-header-display":"","site-post-title":"","ast-breadcrumbs-content":"","ast-featured-img":"","footer-sml-layout":"","ast-disable-related-posts":"","theme-transparent-header-meta":"default","adv-header-id-meta":"","stick-header-meta":"","header-above-stick-meta":"","header-main-stick-meta":"","header-below-stick-meta":"","astra-migrate-meta-layouts":"set","ast-page-background-enabled":"default","ast-page-background-meta":{"desktop":{"background-color":"var(--ast-global-color-5)","background-image":"","background-repeat":"repeat","background-position":"center center","background-size":"auto","background-attachment":"scroll","background-type":"","background-media":"","overlay-type":"","overlay-color":"","overlay-opacity":"","overlay-gradient":""},"tablet":{"background-color":"","background-image":"","background-repeat":"repeat","background-position":"center center","background-size":"auto","background-attachment":"scroll","background-type":"","background-media":"","overlay-type":"","overlay-color":"","overlay-opacity":"","overlay-gradient":""},"mobile":{"background-color":"","background-image":"","background-repeat":"repeat","background-position":"center center","background-size":"auto","background-attachment":"scroll","background-type":"","background-media":"","overlay-type":"","overlay-color":"","overlay-opacity":"","overlay-gradient":""}},"ast-content-background-meta":{"desktop":{"background-color":"var(--ast-global-color-4)","background-image":"","background-repeat":"repeat","background-position":"center center","background-size":"auto","background-attachment":"scroll","background-type":"","background-media":"","overlay-type":"","overlay-color":"","overlay-opacity":"","overlay-gradient":""},"tablet":{"background-color":"var(--ast-global-color-4)","background-image":"","background-repeat":"repeat","background-position":"center center","background-size":"auto","background-attachment":"scroll","background-type":"","background-media":"","overlay-type":"","overlay-color":"","overlay-opacity":"","overlay-gradient":""},"mobile":{"background-color":"var(--ast-global-color-4)","background-image":"","background-repeat":"repeat","background-position":"center center","background-size":"auto","background-attachment":"scroll","background-type":"","background-media":"","overlay-type":"","overlay-color":"","overlay-opacity":"","overlay-gradient":""}}},"product_brand":[],"product_cat":[15],"product_tag":[],"class_list":{"0":"post-13552","1":"product","2":"type-product","3":"status-publish","4":"has-post-thumbnail","6":"product_cat-uncategorized","7":"pa_62159_tsgu3lx1-1-stk","8":"pa_62159_tsgu3lx1-2-stk","9":"pa_62159_tsgu3lx1-3-stk","10":"desktop-align-left","11":"tablet-align-left","12":"mobile-align-left","14":"first","15":"instock","16":"shipping-taxable","17":"purchasable","18":"product-type-variable"},"yoast_head":"<!-- This site is optimized with the Yoast SEO plugin v27.4 - https:\/\/yoast.com\/product\/yoast-seo-wordpress\/ -->\n<title>Oppbevaringsboks for sko - Mekulo NO<\/title>\n<meta name=\"robots\" content=\"index, follow, max-snippet:-1, max-image-preview:large, max-video-preview:-1\" \/>\n<link rel=\"canonical\" href=\"https:\/\/mekulo.com\/no\/produkt\/oppbevaringsboks-for-sko\/\" \/>\n<meta property=\"og:locale\" content=\"nb_NO\" \/>\n<meta property=\"og:type\" content=\"article\" \/>\n<meta property=\"og:title\" content=\"Oppbevaringsboks for sko - Mekulo NO\" \/>\n<meta property=\"og:description\" content=\"En gjennomsiktig oppbevaringsboks for sko som holder skoene rene, t\u00f8rre og godt organisert. Den beskytter skot\u00f8yet mot st\u00f8v og fuktighet, samtidig som parene er lette \u00e5 se og f\u00e5 tilgang til. Den er stabelbar, sammenleggbar og plassbesparende, og passer perfekt i skap, under senger eller i entreen.\" \/>\n<meta property=\"og:url\" content=\"https:\/\/mekulo.com\/no\/produkt\/oppbevaringsboks-for-sko\/\" \/>\n<meta property=\"og:site_name\" content=\"Mekulo NO\" \/>\n<meta property=\"article:modified_time\" content=\"2026-01-04T17:08:42+00:00\" \/>\n<meta property=\"og:image\" content=\"https:\/\/mekulo.com\/no\/wp-content\/uploads\/sites\/10\/2026\/01\/3oxjxp8-1.jpeg\" \/>\n\t<meta property=\"og:image:width\" content=\"800\" \/>\n\t<meta property=\"og:image:height\" content=\"800\" \/>\n\t<meta property=\"og:image:type\" content=\"image\/jpeg\" \/>\n<meta name=\"twitter:card\" content=\"summary_large_image\" \/>\n<meta name=\"twitter:label1\" content=\"Ansl. lesetid\" \/>\n\t<meta name=\"twitter:data1\" content=\"2 minutter\" \/>\n<script type=\"application\/ld+json\" class=\"yoast-schema-graph\">{\"@context\":\"https:\\\/\\\/schema.org\",\"@graph\":[{\"@type\":\"WebPage\",\"@id\":\"https:\\\/\\\/mekulo.com\\\/no\\\/produkt\\\/oppbevaringsboks-for-sko\\\/\",\"url\":\"https:\\\/\\\/mekulo.com\\\/no\\\/produkt\\\/oppbevaringsboks-for-sko\\\/\",\"name\":\"Oppbevaringsboks for sko - Mekulo NO\",\"isPartOf\":{\"@id\":\"https:\\\/\\\/mekulo.com\\\/no\\\/#website\"},\"primaryImageOfPage\":{\"@id\":\"https:\\\/\\\/mekulo.com\\\/no\\\/produkt\\\/oppbevaringsboks-for-sko\\\/#primaryimage\"},\"image\":{\"@id\":\"https:\\\/\\\/mekulo.com\\\/no\\\/produkt\\\/oppbevaringsboks-for-sko\\\/#primaryimage\"},\"thumbnailUrl\":\"https:\\\/\\\/mekulo.com\\\/no\\\/wp-content\\\/uploads\\\/sites\\\/10\\\/2026\\\/01\\\/3oxjxp8-1.jpeg\",\"datePublished\":\"2026-01-04T16:02:23+00:00\",\"dateModified\":\"2026-01-04T17:08:42+00:00\",\"breadcrumb\":{\"@id\":\"https:\\\/\\\/mekulo.com\\\/no\\\/produkt\\\/oppbevaringsboks-for-sko\\\/#breadcrumb\"},\"inLanguage\":\"nb-NO\",\"potentialAction\":[{\"@type\":\"ReadAction\",\"target\":[\"https:\\\/\\\/mekulo.com\\\/no\\\/produkt\\\/oppbevaringsboks-for-sko\\\/\"]}]},{\"@type\":\"ImageObject\",\"inLanguage\":\"nb-NO\",\"@id\":\"https:\\\/\\\/mekulo.com\\\/no\\\/produkt\\\/oppbevaringsboks-for-sko\\\/#primaryimage\",\"url\":\"https:\\\/\\\/mekulo.com\\\/no\\\/wp-content\\\/uploads\\\/sites\\\/10\\\/2026\\\/01\\\/3oxjxp8-1.jpeg\",\"contentUrl\":\"https:\\\/\\\/mekulo.com\\\/no\\\/wp-content\\\/uploads\\\/sites\\\/10\\\/2026\\\/01\\\/3oxjxp8-1.jpeg\",\"width\":800,\"height\":800},{\"@type\":\"BreadcrumbList\",\"@id\":\"https:\\\/\\\/mekulo.com\\\/no\\\/produkt\\\/oppbevaringsboks-for-sko\\\/#breadcrumb\",\"itemListElement\":[{\"@type\":\"ListItem\",\"position\":1,\"name\":\"Home\",\"item\":\"https:\\\/\\\/mekulo.com\\\/no\\\/\"},{\"@type\":\"ListItem\",\"position\":2,\"name\":\"Butikk\",\"item\":\"https:\\\/\\\/mekulo.com\\\/no\\\/butikk\\\/\"},{\"@type\":\"ListItem\",\"position\":3,\"name\":\"Oppbevaringsboks for sko\"}]},{\"@type\":\"WebSite\",\"@id\":\"https:\\\/\\\/mekulo.com\\\/no\\\/#website\",\"url\":\"https:\\\/\\\/mekulo.com\\\/no\\\/\",\"name\":\"Mekulo NO\",\"description\":\"\",\"publisher\":{\"@id\":\"https:\\\/\\\/mekulo.com\\\/no\\\/#organization\"},\"potentialAction\":[{\"@type\":\"SearchAction\",\"target\":{\"@type\":\"EntryPoint\",\"urlTemplate\":\"https:\\\/\\\/mekulo.com\\\/no\\\/?s={search_term_string}\"},\"query-input\":{\"@type\":\"PropertyValueSpecification\",\"valueRequired\":true,\"valueName\":\"search_term_string\"}}],\"inLanguage\":\"nb-NO\"},{\"@type\":\"Organization\",\"@id\":\"https:\\\/\\\/mekulo.com\\\/no\\\/#organization\",\"name\":\"Mekulo\",\"url\":\"https:\\\/\\\/mekulo.com\\\/no\\\/\",\"logo\":{\"@type\":\"ImageObject\",\"inLanguage\":\"nb-NO\",\"@id\":\"https:\\\/\\\/mekulo.com\\\/no\\\/#\\\/schema\\\/logo\\\/image\\\/\",\"url\":\"https:\\\/\\\/mekulo.com\\\/no\\\/wp-content\\\/uploads\\\/sites\\\/10\\\/2025\\\/12\\\/favicon_mekulo.png\",\"contentUrl\":\"https:\\\/\\\/mekulo.com\\\/no\\\/wp-content\\\/uploads\\\/sites\\\/10\\\/2025\\\/12\\\/favicon_mekulo.png\",\"width\":50,\"height\":50,\"caption\":\"Mekulo\"},\"image\":{\"@id\":\"https:\\\/\\\/mekulo.com\\\/no\\\/#\\\/schema\\\/logo\\\/image\\\/\"}}]}<\/script>\n<!-- \/ Yoast SEO plugin. -->","yoast_head_json":{"title":"Oppbevaringsboks for sko - Mekulo NO","robots":{"index":"index","follow":"follow","max-snippet":"max-snippet:-1","max-image-preview":"max-image-preview:large","max-video-preview":"max-video-preview:-1"},"canonical":"https:\/\/mekulo.com\/no\/produkt\/oppbevaringsboks-for-sko\/","og_locale":"nb_NO","og_type":"article","og_title":"Oppbevaringsboks for sko - Mekulo NO","og_description":"En gjennomsiktig oppbevaringsboks for sko som holder skoene rene, t\u00f8rre og godt organisert. Den beskytter skot\u00f8yet mot st\u00f8v og fuktighet, samtidig som parene er lette \u00e5 se og f\u00e5 tilgang til. Den er stabelbar, sammenleggbar og plassbesparende, og passer perfekt i skap, under senger eller i entreen.","og_url":"https:\/\/mekulo.com\/no\/produkt\/oppbevaringsboks-for-sko\/","og_site_name":"Mekulo NO","article_modified_time":"2026-01-04T17:08:42+00:00","og_image":[{"width":800,"height":800,"url":"https:\/\/mekulo.com\/no\/wp-content\/uploads\/sites\/10\/2026\/01\/3oxjxp8-1.jpeg","type":"image\/jpeg"}],"twitter_card":"summary_large_image","twitter_misc":{"Ansl. lesetid":"2 minutter"},"schema":{"@context":"https:\/\/schema.org","@graph":[{"@type":"WebPage","@id":"https:\/\/mekulo.com\/no\/produkt\/oppbevaringsboks-for-sko\/","url":"https:\/\/mekulo.com\/no\/produkt\/oppbevaringsboks-for-sko\/","name":"Oppbevaringsboks for sko - Mekulo NO","isPartOf":{"@id":"https:\/\/mekulo.com\/no\/#website"},"primaryImageOfPage":{"@id":"https:\/\/mekulo.com\/no\/produkt\/oppbevaringsboks-for-sko\/#primaryimage"},"image":{"@id":"https:\/\/mekulo.com\/no\/produkt\/oppbevaringsboks-for-sko\/#primaryimage"},"thumbnailUrl":"https:\/\/mekulo.com\/no\/wp-content\/uploads\/sites\/10\/2026\/01\/3oxjxp8-1.jpeg","datePublished":"2026-01-04T16:02:23+00:00","dateModified":"2026-01-04T17:08:42+00:00","breadcrumb":{"@id":"https:\/\/mekulo.com\/no\/produkt\/oppbevaringsboks-for-sko\/#breadcrumb"},"inLanguage":"nb-NO","potentialAction":[{"@type":"ReadAction","target":["https:\/\/mekulo.com\/no\/produkt\/oppbevaringsboks-for-sko\/"]}]},{"@type":"ImageObject","inLanguage":"nb-NO","@id":"https:\/\/mekulo.com\/no\/produkt\/oppbevaringsboks-for-sko\/#primaryimage","url":"https:\/\/mekulo.com\/no\/wp-content\/uploads\/sites\/10\/2026\/01\/3oxjxp8-1.jpeg","contentUrl":"https:\/\/mekulo.com\/no\/wp-content\/uploads\/sites\/10\/2026\/01\/3oxjxp8-1.jpeg","width":800,"height":800},{"@type":"BreadcrumbList","@id":"https:\/\/mekulo.com\/no\/produkt\/oppbevaringsboks-for-sko\/#breadcrumb","itemListElement":[{"@type":"ListItem","position":1,"name":"Home","item":"https:\/\/mekulo.com\/no\/"},{"@type":"ListItem","position":2,"name":"Butikk","item":"https:\/\/mekulo.com\/no\/butikk\/"},{"@type":"ListItem","position":3,"name":"Oppbevaringsboks for sko"}]},{"@type":"WebSite","@id":"https:\/\/mekulo.com\/no\/#website","url":"https:\/\/mekulo.com\/no\/","name":"Mekulo NO","description":"","publisher":{"@id":"https:\/\/mekulo.com\/no\/#organization"},"potentialAction":[{"@type":"SearchAction","target":{"@type":"EntryPoint","urlTemplate":"https:\/\/mekulo.com\/no\/?s={search_term_string}"},"query-input":{"@type":"PropertyValueSpecification","valueRequired":true,"valueName":"search_term_string"}}],"inLanguage":"nb-NO"},{"@type":"Organization","@id":"https:\/\/mekulo.com\/no\/#organization","name":"Mekulo","url":"https:\/\/mekulo.com\/no\/","logo":{"@type":"ImageObject","inLanguage":"nb-NO","@id":"https:\/\/mekulo.com\/no\/#\/schema\/logo\/image\/","url":"https:\/\/mekulo.com\/no\/wp-content\/uploads\/sites\/10\/2025\/12\/favicon_mekulo.png","contentUrl":"https:\/\/mekulo.com\/no\/wp-content\/uploads\/sites\/10\/2025\/12\/favicon_mekulo.png","width":50,"height":50,"caption":"Mekulo"},"image":{"@id":"https:\/\/mekulo.com\/no\/#\/schema\/logo\/image\/"}}]}},"_links":{"self":[{"href":"https:\/\/mekulo.com\/no\/wp-json\/wp\/v2\/product\/13552","targetHints":{"allow":["GET"]}}],"collection":[{"href":"https:\/\/mekulo.com\/no\/wp-json\/wp\/v2\/product"}],"about":[{"href":"https:\/\/mekulo.com\/no\/wp-json\/wp\/v2\/types\/product"}],"replies":[{"embeddable":true,"href":"https:\/\/mekulo.com\/no\/wp-json\/wp\/v2\/comments?post=13552"}],"wp:featuredmedia":[{"embeddable":true,"href":"https:\/\/mekulo.com\/no\/wp-json\/wp\/v2\/media\/13548"}],"wp:attachment":[{"href":"https:\/\/mekulo.com\/no\/wp-json\/wp\/v2\/media?parent=13552"}],"wp:term":[{"taxonomy":"product_brand","embeddable":true,"href":"https:\/\/mekulo.com\/no\/wp-json\/wp\/v2\/product_brand?post=13552"},{"taxonomy":"product_cat","embeddable":true,"href":"https:\/\/mekulo.com\/no\/wp-json\/wp\/v2\/product_cat?post=13552"},{"taxonomy":"product_tag","embeddable":true,"href":"https:\/\/mekulo.com\/no\/wp-json\/wp\/v2\/product_tag?post=13552"}],"curies":[{"name":"wp","href":"https:\/\/api.w.org\/{rel}","templated":true}]}}