{"id":13535,"date":"2026-01-04T18:01:02","date_gmt":"2026-01-04T16:01:02","guid":{"rendered":"https:\/\/mekulo.com\/no\/produkt\/gravitasjonsmater-med-vanndispenser\/"},"modified":"2026-02-10T11:05:05","modified_gmt":"2026-02-10T09:05:05","slug":"gravitasjonsmater-med-vanndispenser","status":"publish","type":"product","link":"https:\/\/mekulo.com\/no\/produkt\/gravitasjonsmater-med-vanndispenser\/","title":{"rendered":"Gravitasjonsmater med vanndispenser"},"content":{"rendered":"<p style=\"text-align: center;\" data-start=\"0\" data-end=\"60\"><strong data-start=\"0\" data-end=\"60\">Hold kj\u00e6ledyret ditt mett og hydrert hele dagen uten problemer.<\/strong><span style=\"font-size: 16px; font-style: normal; font-weight: 400;\">\ud83d\udc3e\u00a0<\/span><\/p>\n<p style=\"text-align: center;\" data-start=\"62\" data-end=\"329\">Denne gravitasjonsmateren med vanndispenser fyller automatisk p\u00e5 mat og vann ved hjelp av tyngdekraften, slik at katten eller hunden din alltid har tilgang til ferske m\u00e5ltider og rent vann. Den doble tankdesignen holder mat og vann adskilt, samtidig som du opprettholder et ryddig og hygienisk f\u00f4ringsomr\u00e5de. Denne f\u00f4ringsautomaten er perfekt for travle dyreeiere, og gj\u00f8r det mulig \u00e5 redusere daglig p\u00e5fylling og opprettholde en jevn f\u00f4ringsrutine. Den synlige skalaen lar deg sjekke niv\u00e5ene p\u00e5 et \u00f8yeblikk, mens anti-mugg-teknologi holder mat og vann friskt lenger.<\/p>\n<p data-start=\"62\" data-end=\"329\"><img fetchpriority=\"high\" decoding=\"async\" class=\"size-full wp-image-46507 aligncenter\" src=\"https:\/\/keluvo.com\/template\/wp-content\/uploads\/sites\/5\/2025\/12\/102216-ezgif.com-video-to-webp-converter-5.webp\" alt=\"\" width=\"500\" height=\"500\" \/><\/p>\n<h2 style=\"text-align: center;\" data-start=\"598\" data-end=\"617\">\u2b50 Hovedfordeler<\/h2>\n<p data-start=\"620\" data-end=\"693\">\ud83c\udf00 Gravitasjonsmatet system &#8211; automatisk p\u00e5fylling uten behov for str\u00f8m.<\/p>\n<p data-start=\"696\" data-end=\"761\">\ud83d\udc40 Synlig skala &#8211; enkel overv\u00e5king av mat- og vanniv\u00e5er.<\/p>\n<p data-start=\"764\" data-end=\"824\">\ud83e\uddfc Anti-mugg-design &#8211; holder f\u00f4ringen ren og hygienisk.<\/p>\n<p data-start=\"764\" data-end=\"824\">\ud83d\udc36\ud83d\udc31 For katter og hunder &#8211; Passer til flere st\u00f8rrelser kj\u00e6ledyr.<\/p>\n<p data-start=\"892\" data-end=\"947\">\ud83c\udfe0 Kompakt og lett &#8211; Lett \u00e5 plassere hvor som helst.<\/p>\n<p data-start=\"892\" data-end=\"947\"><img decoding=\"async\" class=\"size-full wp-image-46506 aligncenter\" src=\"https:\/\/keluvo.com\/template\/wp-content\/uploads\/sites\/5\/2025\/12\/102217-ezgif.com-video-to-webp-converter-4.webp\" alt=\"\" width=\"500\" height=\"500\" \/><\/p>\n<h2 style=\"text-align: center;\" data-start=\"949\" data-end=\"966\">\ud83e\udde9 Slik bruker du den<\/h2>\n<ol data-start=\"967\" data-end=\"1110\">\n<li data-start=\"967\" data-end=\"1002\">\n<p data-start=\"970\" data-end=\"1002\">\u00c5pne mat- og vanntankene.<\/p>\n<\/li>\n<li data-start=\"1003\" data-end=\"1043\">\n<p data-start=\"1006\" data-end=\"1043\">Fyll med t\u00f8rrf\u00f4r og rent vann.<\/p>\n<\/li>\n<li data-start=\"1044\" data-end=\"1080\">\n<p data-start=\"1047\" data-end=\"1080\">Fest tankene p\u00e5 plass.<\/p>\n<\/li>\n<li data-start=\"1081\" data-end=\"1110\">\n<p data-start=\"1084\" data-end=\"1110\">La tyngdekraften gj\u00f8re jobben.<\/p>\n<\/li>\n<\/ol>\n<h2 style=\"text-align: center;\" data-start=\"1112\" data-end=\"1134\">\ud83d\udccf Produktdetaljer<\/h2>\n<ul data-start=\"1135\" data-end=\"1363\">\n<li data-start=\"1196\" data-end=\"1225\">\n<p data-start=\"1198\" data-end=\"1225\">Materiale: Slitesterk plast<\/p>\n<\/li>\n<li data-start=\"1226\" data-end=\"1266\">\n<p data-start=\"1228\" data-end=\"1266\">Design: Dobbel tank med synlig skala<\/p>\n<\/li>\n<li data-start=\"1267\" data-end=\"1301\">\n<p data-start=\"1269\" data-end=\"1301\">Funksjoner: Anti-mold teknologi<\/p>\n<\/li>\n<li data-start=\"1302\" data-end=\"1333\">\n<p data-start=\"1304\" data-end=\"1333\">Egnet for: Katter og hunder<\/p>\n<\/li>\n<li data-start=\"1334\" data-end=\"1363\">\n<p data-start=\"1336\" data-end=\"1363\">Stil: Moderne og kompakt<\/p>\n<\/li>\n<li data-start=\"1334\" data-end=\"1363\">St\u00f8rrelse: 27 x 27 x 24 cm<\/li>\n<\/ul>\n<h2 style=\"text-align: center;\" data-start=\"1365\" data-end=\"1388\">\ud83d\udce6 Pakken inneholder<\/h2>\n<ul data-start=\"1389\" data-end=\"1445\" data-is-last-node=\"\" data-is-only-node=\"\">\n<li data-start=\"1389\" data-end=\"1415\">\n<p data-start=\"1391\" data-end=\"1415\">1x gravitasjonsmater for kj\u00e6ledyr med vanndispenser.<\/p>\n<\/li>\n<\/ul>\n","protected":false},"excerpt":{"rendered":"<p>En gravitasjonsmater med en innebygd vanndispenser som automatisk fyller p\u00e5 mat og vann etter hvert som kj\u00e6ledyret spiser og drikker. Den krever ingen str\u00f8m, holder f\u00f4ringsomr\u00e5det rent og hygienisk og gj\u00f8r det enkelt \u00e5 overv\u00e5ke niv\u00e5et. Den er ideell for katter og hunder, og bidrar til \u00e5 opprettholde en jevn f\u00f4ringsrutine med minimal innsats.<\/p>\n","protected":false},"featured_media":13531,"comment_status":"open","ping_status":"closed","template":"","meta":{"site-sidebar-layout":"default","site-content-layout":"","ast-site-content-layout":"default","site-content-style":"default","site-sidebar-style":"default","ast-global-header-display":"","ast-banner-title-visibility":"","ast-main-header-display":"","ast-hfb-above-header-display":"","ast-hfb-below-header-display":"","ast-hfb-mobile-header-display":"","site-post-title":"","ast-breadcrumbs-content":"","ast-featured-img":"","footer-sml-layout":"","theme-transparent-header-meta":"default","adv-header-id-meta":"","stick-header-meta":"","header-above-stick-meta":"","header-main-stick-meta":"","header-below-stick-meta":"","astra-migrate-meta-layouts":"set","ast-page-background-enabled":"default","ast-page-background-meta":{"desktop":{"background-color":"var(--ast-global-color-5)","background-image":"","background-repeat":"repeat","background-position":"center center","background-size":"auto","background-attachment":"scroll","background-type":"","background-media":"","overlay-type":"","overlay-color":"","overlay-opacity":"","overlay-gradient":""},"tablet":{"background-color":"","background-image":"","background-repeat":"repeat","background-position":"center center","background-size":"auto","background-attachment":"scroll","background-type":"","background-media":"","overlay-type":"","overlay-color":"","overlay-opacity":"","overlay-gradient":""},"mobile":{"background-color":"","background-image":"","background-repeat":"repeat","background-position":"center center","background-size":"auto","background-attachment":"scroll","background-type":"","background-media":"","overlay-type":"","overlay-color":"","overlay-opacity":"","overlay-gradient":""}},"ast-content-background-meta":{"desktop":{"background-color":"var(--ast-global-color-4)","background-image":"","background-repeat":"repeat","background-position":"center center","background-size":"auto","background-attachment":"scroll","background-type":"","background-media":"","overlay-type":"","overlay-color":"","overlay-opacity":"","overlay-gradient":""},"tablet":{"background-color":"var(--ast-global-color-4)","background-image":"","background-repeat":"repeat","background-position":"center center","background-size":"auto","background-attachment":"scroll","background-type":"","background-media":"","overlay-type":"","overlay-color":"","overlay-opacity":"","overlay-gradient":""},"mobile":{"background-color":"var(--ast-global-color-4)","background-image":"","background-repeat":"repeat","background-position":"center center","background-size":"auto","background-attachment":"scroll","background-type":"","background-media":"","overlay-type":"","overlay-color":"","overlay-opacity":"","overlay-gradient":""}}},"product_brand":[],"product_cat":[15],"product_tag":[],"class_list":{"0":"post-13535","1":"product","2":"type-product","3":"status-publish","4":"has-post-thumbnail","6":"product_cat-uncategorized","7":"pa_62014_oxh3hsk9-bla","8":"pa_62014_oxh3hsk9-gra","9":"pa_62014_oxh3hsk9-gronn","10":"pa_62014_oxh3hsk9-gul","11":"desktop-align-left","12":"tablet-align-left","13":"mobile-align-left","15":"first","16":"instock","17":"shipping-taxable","18":"purchasable","19":"product-type-variable"},"yoast_head":"<!-- This site is optimized with the Yoast SEO plugin v26.6 - https:\/\/yoast.com\/wordpress\/plugins\/seo\/ -->\n<title>Gravitasjonsmater med vanndispenser - Mekulo NO<\/title>\n<meta name=\"robots\" content=\"index, follow, max-snippet:-1, max-image-preview:large, max-video-preview:-1\" \/>\n<link rel=\"canonical\" href=\"https:\/\/mekulo.com\/no\/produkt\/gravitasjonsmater-med-vanndispenser\/\" \/>\n<meta property=\"og:locale\" content=\"nb_NO\" \/>\n<meta property=\"og:type\" content=\"article\" \/>\n<meta property=\"og:title\" content=\"Gravitasjonsmater med vanndispenser - Mekulo NO\" \/>\n<meta property=\"og:description\" content=\"En gravitasjonsmater med en innebygd vanndispenser som automatisk fyller p\u00e5 mat og vann etter hvert som kj\u00e6ledyret spiser og drikker. Den krever ingen str\u00f8m, holder f\u00f4ringsomr\u00e5det rent og hygienisk og gj\u00f8r det enkelt \u00e5 overv\u00e5ke niv\u00e5et. Den er ideell for katter og hunder, og bidrar til \u00e5 opprettholde en jevn f\u00f4ringsrutine med minimal innsats.\" \/>\n<meta property=\"og:url\" content=\"https:\/\/mekulo.com\/no\/produkt\/gravitasjonsmater-med-vanndispenser\/\" \/>\n<meta property=\"og:site_name\" content=\"Mekulo NO\" \/>\n<meta property=\"article:modified_time\" content=\"2026-02-10T09:05:05+00:00\" \/>\n<meta property=\"og:image\" content=\"https:\/\/mekulo.com\/no\/wp-content\/uploads\/sites\/10\/2026\/01\/h0zhg4k-1.webp\" \/>\n\t<meta property=\"og:image:width\" content=\"800\" \/>\n\t<meta property=\"og:image:height\" content=\"800\" \/>\n\t<meta property=\"og:image:type\" content=\"image\/webp\" \/>\n<meta name=\"twitter:card\" content=\"summary_large_image\" \/>\n<meta name=\"twitter:label1\" content=\"Ansl. lesetid\" \/>\n\t<meta name=\"twitter:data1\" content=\"2 minutter\" \/>\n<script type=\"application\/ld+json\" class=\"yoast-schema-graph\">{\"@context\":\"https:\/\/schema.org\",\"@graph\":[{\"@type\":\"WebPage\",\"@id\":\"https:\/\/mekulo.com\/no\/produkt\/gravitasjonsmater-med-vanndispenser\/\",\"url\":\"https:\/\/mekulo.com\/no\/produkt\/gravitasjonsmater-med-vanndispenser\/\",\"name\":\"Gravitasjonsmater med vanndispenser - Mekulo NO\",\"isPartOf\":{\"@id\":\"https:\/\/mekulo.com\/no\/#website\"},\"primaryImageOfPage\":{\"@id\":\"https:\/\/mekulo.com\/no\/produkt\/gravitasjonsmater-med-vanndispenser\/#primaryimage\"},\"image\":{\"@id\":\"https:\/\/mekulo.com\/no\/produkt\/gravitasjonsmater-med-vanndispenser\/#primaryimage\"},\"thumbnailUrl\":\"https:\/\/mekulo.com\/no\/wp-content\/uploads\/sites\/10\/2026\/01\/h0zhg4k-1.webp\",\"datePublished\":\"2026-01-04T16:01:02+00:00\",\"dateModified\":\"2026-02-10T09:05:05+00:00\",\"breadcrumb\":{\"@id\":\"https:\/\/mekulo.com\/no\/produkt\/gravitasjonsmater-med-vanndispenser\/#breadcrumb\"},\"inLanguage\":\"nb-NO\",\"potentialAction\":[{\"@type\":\"ReadAction\",\"target\":[\"https:\/\/mekulo.com\/no\/produkt\/gravitasjonsmater-med-vanndispenser\/\"]}]},{\"@type\":\"ImageObject\",\"inLanguage\":\"nb-NO\",\"@id\":\"https:\/\/mekulo.com\/no\/produkt\/gravitasjonsmater-med-vanndispenser\/#primaryimage\",\"url\":\"https:\/\/mekulo.com\/no\/wp-content\/uploads\/sites\/10\/2026\/01\/h0zhg4k-1.webp\",\"contentUrl\":\"https:\/\/mekulo.com\/no\/wp-content\/uploads\/sites\/10\/2026\/01\/h0zhg4k-1.webp\",\"width\":800,\"height\":800},{\"@type\":\"BreadcrumbList\",\"@id\":\"https:\/\/mekulo.com\/no\/produkt\/gravitasjonsmater-med-vanndispenser\/#breadcrumb\",\"itemListElement\":[{\"@type\":\"ListItem\",\"position\":1,\"name\":\"Home\",\"item\":\"https:\/\/mekulo.com\/no\/\"},{\"@type\":\"ListItem\",\"position\":2,\"name\":\"Butikk\",\"item\":\"https:\/\/mekulo.com\/no\/butikk\/\"},{\"@type\":\"ListItem\",\"position\":3,\"name\":\"Gravitasjonsmater med vanndispenser\"}]},{\"@type\":\"WebSite\",\"@id\":\"https:\/\/mekulo.com\/no\/#website\",\"url\":\"https:\/\/mekulo.com\/no\/\",\"name\":\"Mekulo NO\",\"description\":\"\",\"publisher\":{\"@id\":\"https:\/\/mekulo.com\/no\/#organization\"},\"potentialAction\":[{\"@type\":\"SearchAction\",\"target\":{\"@type\":\"EntryPoint\",\"urlTemplate\":\"https:\/\/mekulo.com\/no\/?s={search_term_string}\"},\"query-input\":{\"@type\":\"PropertyValueSpecification\",\"valueRequired\":true,\"valueName\":\"search_term_string\"}}],\"inLanguage\":\"nb-NO\"},{\"@type\":\"Organization\",\"@id\":\"https:\/\/mekulo.com\/no\/#organization\",\"name\":\"Mekulo\",\"url\":\"https:\/\/mekulo.com\/no\/\",\"logo\":{\"@type\":\"ImageObject\",\"inLanguage\":\"nb-NO\",\"@id\":\"https:\/\/mekulo.com\/no\/#\/schema\/logo\/image\/\",\"url\":\"https:\/\/mekulo.com\/no\/wp-content\/uploads\/sites\/10\/2025\/12\/favicon_mekulo.png\",\"contentUrl\":\"https:\/\/mekulo.com\/no\/wp-content\/uploads\/sites\/10\/2025\/12\/favicon_mekulo.png\",\"width\":50,\"height\":50,\"caption\":\"Mekulo\"},\"image\":{\"@id\":\"https:\/\/mekulo.com\/no\/#\/schema\/logo\/image\/\"}}]}<\/script>\n<!-- \/ Yoast SEO plugin. -->","yoast_head_json":{"title":"Gravitasjonsmater med vanndispenser - Mekulo NO","robots":{"index":"index","follow":"follow","max-snippet":"max-snippet:-1","max-image-preview":"max-image-preview:large","max-video-preview":"max-video-preview:-1"},"canonical":"https:\/\/mekulo.com\/no\/produkt\/gravitasjonsmater-med-vanndispenser\/","og_locale":"nb_NO","og_type":"article","og_title":"Gravitasjonsmater med vanndispenser - Mekulo NO","og_description":"En gravitasjonsmater med en innebygd vanndispenser som automatisk fyller p\u00e5 mat og vann etter hvert som kj\u00e6ledyret spiser og drikker. Den krever ingen str\u00f8m, holder f\u00f4ringsomr\u00e5det rent og hygienisk og gj\u00f8r det enkelt \u00e5 overv\u00e5ke niv\u00e5et. Den er ideell for katter og hunder, og bidrar til \u00e5 opprettholde en jevn f\u00f4ringsrutine med minimal innsats.","og_url":"https:\/\/mekulo.com\/no\/produkt\/gravitasjonsmater-med-vanndispenser\/","og_site_name":"Mekulo NO","article_modified_time":"2026-02-10T09:05:05+00:00","og_image":[{"width":800,"height":800,"url":"https:\/\/mekulo.com\/no\/wp-content\/uploads\/sites\/10\/2026\/01\/h0zhg4k-1.webp","type":"image\/webp"}],"twitter_card":"summary_large_image","twitter_misc":{"Ansl. lesetid":"2 minutter"},"schema":{"@context":"https:\/\/schema.org","@graph":[{"@type":"WebPage","@id":"https:\/\/mekulo.com\/no\/produkt\/gravitasjonsmater-med-vanndispenser\/","url":"https:\/\/mekulo.com\/no\/produkt\/gravitasjonsmater-med-vanndispenser\/","name":"Gravitasjonsmater med vanndispenser - Mekulo NO","isPartOf":{"@id":"https:\/\/mekulo.com\/no\/#website"},"primaryImageOfPage":{"@id":"https:\/\/mekulo.com\/no\/produkt\/gravitasjonsmater-med-vanndispenser\/#primaryimage"},"image":{"@id":"https:\/\/mekulo.com\/no\/produkt\/gravitasjonsmater-med-vanndispenser\/#primaryimage"},"thumbnailUrl":"https:\/\/mekulo.com\/no\/wp-content\/uploads\/sites\/10\/2026\/01\/h0zhg4k-1.webp","datePublished":"2026-01-04T16:01:02+00:00","dateModified":"2026-02-10T09:05:05+00:00","breadcrumb":{"@id":"https:\/\/mekulo.com\/no\/produkt\/gravitasjonsmater-med-vanndispenser\/#breadcrumb"},"inLanguage":"nb-NO","potentialAction":[{"@type":"ReadAction","target":["https:\/\/mekulo.com\/no\/produkt\/gravitasjonsmater-med-vanndispenser\/"]}]},{"@type":"ImageObject","inLanguage":"nb-NO","@id":"https:\/\/mekulo.com\/no\/produkt\/gravitasjonsmater-med-vanndispenser\/#primaryimage","url":"https:\/\/mekulo.com\/no\/wp-content\/uploads\/sites\/10\/2026\/01\/h0zhg4k-1.webp","contentUrl":"https:\/\/mekulo.com\/no\/wp-content\/uploads\/sites\/10\/2026\/01\/h0zhg4k-1.webp","width":800,"height":800},{"@type":"BreadcrumbList","@id":"https:\/\/mekulo.com\/no\/produkt\/gravitasjonsmater-med-vanndispenser\/#breadcrumb","itemListElement":[{"@type":"ListItem","position":1,"name":"Home","item":"https:\/\/mekulo.com\/no\/"},{"@type":"ListItem","position":2,"name":"Butikk","item":"https:\/\/mekulo.com\/no\/butikk\/"},{"@type":"ListItem","position":3,"name":"Gravitasjonsmater med vanndispenser"}]},{"@type":"WebSite","@id":"https:\/\/mekulo.com\/no\/#website","url":"https:\/\/mekulo.com\/no\/","name":"Mekulo NO","description":"","publisher":{"@id":"https:\/\/mekulo.com\/no\/#organization"},"potentialAction":[{"@type":"SearchAction","target":{"@type":"EntryPoint","urlTemplate":"https:\/\/mekulo.com\/no\/?s={search_term_string}"},"query-input":{"@type":"PropertyValueSpecification","valueRequired":true,"valueName":"search_term_string"}}],"inLanguage":"nb-NO"},{"@type":"Organization","@id":"https:\/\/mekulo.com\/no\/#organization","name":"Mekulo","url":"https:\/\/mekulo.com\/no\/","logo":{"@type":"ImageObject","inLanguage":"nb-NO","@id":"https:\/\/mekulo.com\/no\/#\/schema\/logo\/image\/","url":"https:\/\/mekulo.com\/no\/wp-content\/uploads\/sites\/10\/2025\/12\/favicon_mekulo.png","contentUrl":"https:\/\/mekulo.com\/no\/wp-content\/uploads\/sites\/10\/2025\/12\/favicon_mekulo.png","width":50,"height":50,"caption":"Mekulo"},"image":{"@id":"https:\/\/mekulo.com\/no\/#\/schema\/logo\/image\/"}}]}},"_links":{"self":[{"href":"https:\/\/mekulo.com\/no\/wp-json\/wp\/v2\/product\/13535","targetHints":{"allow":["GET"]}}],"collection":[{"href":"https:\/\/mekulo.com\/no\/wp-json\/wp\/v2\/product"}],"about":[{"href":"https:\/\/mekulo.com\/no\/wp-json\/wp\/v2\/types\/product"}],"replies":[{"embeddable":true,"href":"https:\/\/mekulo.com\/no\/wp-json\/wp\/v2\/comments?post=13535"}],"wp:featuredmedia":[{"embeddable":true,"href":"https:\/\/mekulo.com\/no\/wp-json\/wp\/v2\/media\/13531"}],"wp:attachment":[{"href":"https:\/\/mekulo.com\/no\/wp-json\/wp\/v2\/media?parent=13535"}],"wp:term":[{"taxonomy":"product_brand","embeddable":true,"href":"https:\/\/mekulo.com\/no\/wp-json\/wp\/v2\/product_brand?post=13535"},{"taxonomy":"product_cat","embeddable":true,"href":"https:\/\/mekulo.com\/no\/wp-json\/wp\/v2\/product_cat?post=13535"},{"taxonomy":"product_tag","embeddable":true,"href":"https:\/\/mekulo.com\/no\/wp-json\/wp\/v2\/product_tag?post=13535"}],"curies":[{"name":"wp","href":"https:\/\/api.w.org\/{rel}","templated":true}]}}