{"id":13513,"date":"2026-01-04T17:59:02","date_gmt":"2026-01-04T15:59:02","guid":{"rendered":"https:\/\/mekulo.com\/no\/produkt\/innvendig-koblingsstangverktoy\/"},"modified":"2026-01-04T18:59:46","modified_gmt":"2026-01-04T16:59:46","slug":"innvendig-koblingsstangverktoy","status":"publish","type":"product","link":"https:\/\/mekulo.com\/no\/produkt\/innvendig-koblingsstangverktoy\/","title":{"rendered":"Innvendig koblingsstangverkt\u00f8y"},"content":{"rendered":"<p style=\"text-align: center;\" data-start=\"0\" data-end=\"72\"><strong data-start=\"0\" data-end=\"72\">Fjern og monter innvendige trekkstenger raskt uten ekstra demontering. \ud83d\udee0\ufe0f<\/strong><\/p>\n<p style=\"text-align: center;\" data-start=\"74\" data-end=\"288\">Dette lette 0,9 cm lange verkt\u00f8yet for innvendige styrestag griper godt tak i glatte sylinderstyrestag for sikker bruk. <span style=\"font-size: 16px; font-style: normal; font-weight: 400;\">Du kan arbeide uten \u00e5 fjerne den ytre trekkstangen, noe som sparer tid, krefter og frustrasjon under styrereparasjoner.<\/span><span style=\"font-size: 16px; font-style: normal; font-weight: 400;\">\u00a0<\/span><span style=\"font-size: 16px;\">Den er laget av sterkt karbonst\u00e5l og leverer h\u00f8yt dreiemoment med mindre anstrengelse, noe som gj\u00f8r den ideell for b\u00e5de hjemmemekanikere og profesjonelle.<\/span><\/p>\n<p data-start=\"74\" data-end=\"288\"><img fetchpriority=\"high\" decoding=\"async\" class=\"size-full wp-image-45988 aligncenter\" src=\"https:\/\/keluvo.com\/template\/wp-content\/uploads\/sites\/5\/2025\/12\/102214-ezgif.com-video-to-webp-converter-3.webp\" alt=\"\" width=\"500\" height=\"667\" \/><\/p>\n<h2 style=\"text-align: center;\" data-start=\"581\" data-end=\"600\">Hovedfordeler \ud83d\udd28<\/h2>\n<p data-start=\"603\" data-end=\"660\">\ud83d\udee0\ufe0f Ingen fjerning av ytre trekkstang &#8211; Sparer tid og arbeid.<\/p>\n<p data-start=\"663\" data-end=\"722\">\ud83d\udd12 Sterkt sklisikkert grep &#8211; Sikker og stabil drift.<\/p>\n<p data-start=\"725\" data-end=\"789\">\u2699\ufe0f H\u00f8yfast karbonst\u00e5l &#8211; Slitesterkt og slitesterkt.<\/p>\n<p data-start=\"792\" data-end=\"851\">\ud83c\udf92 Lett og b\u00e6rbar &#8211; Enkel \u00e5 b\u00e6re og oppbevare.<\/p>\n<p data-start=\"854\" data-end=\"918\">\ud83d\ude97 Universell passform &#8211; Fungerer med standard trekkstenger med glatt ende.<\/p>\n<p data-start=\"854\" data-end=\"918\"><img decoding=\"async\" class=\"size-full wp-image-45987 aligncenter\" src=\"https:\/\/keluvo.com\/template\/wp-content\/uploads\/sites\/5\/2025\/12\/102215-ezgif.com-video-to-webp-converter-2.webp\" alt=\"\" width=\"500\" height=\"667\" \/><\/p>\n<h2 style=\"text-align: center;\" data-start=\"920\" data-end=\"937\">Slik bruker du verkt\u00f8yet \ud83d\udccc<\/h2>\n<ol data-start=\"938\" data-end=\"1180\">\n<li data-start=\"938\" data-end=\"986\">\n<p data-start=\"941\" data-end=\"986\">Fest verkt\u00f8yet til en 0,9 cm drivn\u00f8kkel.<\/p>\n<\/li>\n<li data-start=\"987\" data-end=\"1030\">\n<p data-start=\"990\" data-end=\"1030\">Skyv verkt\u00f8yet over den indre trekkstangen.<\/p>\n<\/li>\n<li data-start=\"1031\" data-end=\"1082\">\n<p data-start=\"1034\" data-end=\"1082\">S\u00f8rg for et fast grep om den glatte sylinderenden.<\/p>\n<\/li>\n<li data-start=\"1083\" data-end=\"1132\">\n<p data-start=\"1086\" data-end=\"1132\">Vri for \u00e5 l\u00f8sne eller stramme den indre trekkstangen.<\/p>\n<\/li>\n<li data-start=\"1133\" data-end=\"1180\">\n<p data-start=\"1136\" data-end=\"1180\">Fjern verkt\u00f8yet n\u00e5r jobben er fullf\u00f8rt.<\/p>\n<\/li>\n<\/ol>\n<h2 style=\"text-align: center;\" data-start=\"1182\" data-end=\"1204\">Produktdetaljer \ud83d\udccf<\/h2>\n<ul data-start=\"1205\" data-end=\"1372\">\n<li data-start=\"1242\" data-end=\"1266\">\n<p data-start=\"1244\" data-end=\"1266\">Drivst\u00f8rrelse: 0,9 cm<\/p>\n<\/li>\n<li data-start=\"1267\" data-end=\"1293\">\n<p data-start=\"1269\" data-end=\"1293\">Materiale: Karbonst\u00e5l<\/p>\n<\/li>\n<li data-start=\"1294\" data-end=\"1310\">\n<p data-start=\"1296\" data-end=\"1310\">Farge: Svart<\/p>\n<\/li>\n<li data-start=\"1311\" data-end=\"1336\">\n<p data-start=\"1313\" data-end=\"1336\">Pakkevekt: 310 g<\/p>\n<\/li>\n<li data-start=\"1337\" data-end=\"1372\">\n<p data-start=\"1339\" data-end=\"1372\">St\u00f8rrelse: 7,6 x 7,4 x 1,9 cm<\/p>\n<\/li>\n<\/ul>\n<h2 style=\"text-align: center;\" data-start=\"1374\" data-end=\"1397\">Pakken inkluderer \ud83d\udce6<\/h2>\n<ul data-start=\"1398\" data-end=\"1422\" data-is-last-node=\"\" data-is-only-node=\"\">\n<li data-start=\"1398\" data-end=\"1422\" data-is-last-node=\"\">\n<p data-start=\"1400\" data-end=\"1422\" data-is-last-node=\"\">1x indre trekkstangverkt\u00f8y.<\/p>\n<\/li>\n<\/ul>\n","protected":false},"excerpt":{"rendered":"<p>Et innvendig koblingsstangverkt\u00f8y som er utviklet for \u00e5 fjerne og montere innvendige trekkstenger uten ekstra demontering. Den griper godt fast for h\u00f8yt dreiemoment, noe som sparer tid og krefter under styrereparasjoner. Kompakt og slitesterkt, og egner seg b\u00e5de for profesjonelle mekanikere og gj\u00f8r-det-selv-brukere.<\/p>\n","protected":false},"featured_media":13509,"comment_status":"open","ping_status":"closed","template":"","meta":{"site-sidebar-layout":"default","site-content-layout":"","ast-site-content-layout":"default","site-content-style":"default","site-sidebar-style":"default","ast-global-header-display":"","ast-banner-title-visibility":"","ast-main-header-display":"","ast-hfb-above-header-display":"","ast-hfb-below-header-display":"","ast-hfb-mobile-header-display":"","site-post-title":"","ast-breadcrumbs-content":"","ast-featured-img":"","footer-sml-layout":"","theme-transparent-header-meta":"default","adv-header-id-meta":"","stick-header-meta":"","header-above-stick-meta":"","header-main-stick-meta":"","header-below-stick-meta":"","astra-migrate-meta-layouts":"set","ast-page-background-enabled":"default","ast-page-background-meta":{"desktop":{"background-color":"var(--ast-global-color-5)","background-image":"","background-repeat":"repeat","background-position":"center center","background-size":"auto","background-attachment":"scroll","background-type":"","background-media":"","overlay-type":"","overlay-color":"","overlay-opacity":"","overlay-gradient":""},"tablet":{"background-color":"","background-image":"","background-repeat":"repeat","background-position":"center center","background-size":"auto","background-attachment":"scroll","background-type":"","background-media":"","overlay-type":"","overlay-color":"","overlay-opacity":"","overlay-gradient":""},"mobile":{"background-color":"","background-image":"","background-repeat":"repeat","background-position":"center center","background-size":"auto","background-attachment":"scroll","background-type":"","background-media":"","overlay-type":"","overlay-color":"","overlay-opacity":"","overlay-gradient":""}},"ast-content-background-meta":{"desktop":{"background-color":"var(--ast-global-color-4)","background-image":"","background-repeat":"repeat","background-position":"center center","background-size":"auto","background-attachment":"scroll","background-type":"","background-media":"","overlay-type":"","overlay-color":"","overlay-opacity":"","overlay-gradient":""},"tablet":{"background-color":"var(--ast-global-color-4)","background-image":"","background-repeat":"repeat","background-position":"center center","background-size":"auto","background-attachment":"scroll","background-type":"","background-media":"","overlay-type":"","overlay-color":"","overlay-opacity":"","overlay-gradient":""},"mobile":{"background-color":"var(--ast-global-color-4)","background-image":"","background-repeat":"repeat","background-position":"center center","background-size":"auto","background-attachment":"scroll","background-type":"","background-media":"","overlay-type":"","overlay-color":"","overlay-opacity":"","overlay-gradient":""}}},"product_brand":[],"product_cat":[15],"product_tag":[],"class_list":{"0":"post-13513","1":"product","2":"type-product","3":"status-publish","4":"has-post-thumbnail","6":"product_cat-uncategorized","7":"desktop-align-left","8":"tablet-align-left","9":"mobile-align-left","11":"first","12":"instock","13":"shipping-taxable","14":"purchasable","15":"product-type-simple"},"yoast_head":"<!-- This site is optimized with the Yoast SEO plugin v26.6 - https:\/\/yoast.com\/wordpress\/plugins\/seo\/ -->\n<title>Innvendig koblingsstangverkt\u00f8y - Mekulo NO<\/title>\n<meta name=\"robots\" content=\"index, follow, max-snippet:-1, max-image-preview:large, max-video-preview:-1\" \/>\n<link rel=\"canonical\" href=\"https:\/\/mekulo.com\/no\/produkt\/innvendig-koblingsstangverktoy\/\" \/>\n<meta property=\"og:locale\" content=\"nb_NO\" \/>\n<meta property=\"og:type\" content=\"article\" \/>\n<meta property=\"og:title\" content=\"Innvendig koblingsstangverkt\u00f8y - Mekulo NO\" \/>\n<meta property=\"og:description\" content=\"Et innvendig koblingsstangverkt\u00f8y som er utviklet for \u00e5 fjerne og montere innvendige trekkstenger uten ekstra demontering. Den griper godt fast for h\u00f8yt dreiemoment, noe som sparer tid og krefter under styrereparasjoner. Kompakt og slitesterkt, og egner seg b\u00e5de for profesjonelle mekanikere og gj\u00f8r-det-selv-brukere.\" \/>\n<meta property=\"og:url\" content=\"https:\/\/mekulo.com\/no\/produkt\/innvendig-koblingsstangverktoy\/\" \/>\n<meta property=\"og:site_name\" content=\"Mekulo NO\" \/>\n<meta property=\"article:modified_time\" content=\"2026-01-04T16:59:46+00:00\" \/>\n<meta property=\"og:image\" content=\"https:\/\/mekulo.com\/no\/wp-content\/uploads\/sites\/10\/2026\/01\/7xmmyvc-1.jpeg\" \/>\n\t<meta property=\"og:image:width\" content=\"2560\" \/>\n\t<meta property=\"og:image:height\" content=\"2560\" \/>\n\t<meta property=\"og:image:type\" content=\"image\/jpeg\" \/>\n<meta name=\"twitter:card\" content=\"summary_large_image\" \/>\n<meta name=\"twitter:label1\" content=\"Ansl. lesetid\" \/>\n\t<meta name=\"twitter:data1\" content=\"2 minutter\" \/>\n<script type=\"application\/ld+json\" class=\"yoast-schema-graph\">{\"@context\":\"https:\/\/schema.org\",\"@graph\":[{\"@type\":\"WebPage\",\"@id\":\"https:\/\/mekulo.com\/no\/produkt\/innvendig-koblingsstangverktoy\/\",\"url\":\"https:\/\/mekulo.com\/no\/produkt\/innvendig-koblingsstangverktoy\/\",\"name\":\"Innvendig koblingsstangverkt\u00f8y - Mekulo NO\",\"isPartOf\":{\"@id\":\"https:\/\/mekulo.com\/no\/#website\"},\"primaryImageOfPage\":{\"@id\":\"https:\/\/mekulo.com\/no\/produkt\/innvendig-koblingsstangverktoy\/#primaryimage\"},\"image\":{\"@id\":\"https:\/\/mekulo.com\/no\/produkt\/innvendig-koblingsstangverktoy\/#primaryimage\"},\"thumbnailUrl\":\"https:\/\/mekulo.com\/no\/wp-content\/uploads\/sites\/10\/2026\/01\/7xmmyvc-1.jpeg\",\"datePublished\":\"2026-01-04T15:59:02+00:00\",\"dateModified\":\"2026-01-04T16:59:46+00:00\",\"breadcrumb\":{\"@id\":\"https:\/\/mekulo.com\/no\/produkt\/innvendig-koblingsstangverktoy\/#breadcrumb\"},\"inLanguage\":\"nb-NO\",\"potentialAction\":[{\"@type\":\"ReadAction\",\"target\":[\"https:\/\/mekulo.com\/no\/produkt\/innvendig-koblingsstangverktoy\/\"]}]},{\"@type\":\"ImageObject\",\"inLanguage\":\"nb-NO\",\"@id\":\"https:\/\/mekulo.com\/no\/produkt\/innvendig-koblingsstangverktoy\/#primaryimage\",\"url\":\"https:\/\/mekulo.com\/no\/wp-content\/uploads\/sites\/10\/2026\/01\/7xmmyvc-1.jpeg\",\"contentUrl\":\"https:\/\/mekulo.com\/no\/wp-content\/uploads\/sites\/10\/2026\/01\/7xmmyvc-1.jpeg\",\"width\":2560,\"height\":2560},{\"@type\":\"BreadcrumbList\",\"@id\":\"https:\/\/mekulo.com\/no\/produkt\/innvendig-koblingsstangverktoy\/#breadcrumb\",\"itemListElement\":[{\"@type\":\"ListItem\",\"position\":1,\"name\":\"Home\",\"item\":\"https:\/\/mekulo.com\/no\/\"},{\"@type\":\"ListItem\",\"position\":2,\"name\":\"Butikk\",\"item\":\"https:\/\/mekulo.com\/no\/butikk\/\"},{\"@type\":\"ListItem\",\"position\":3,\"name\":\"Innvendig koblingsstangverkt\u00f8y\"}]},{\"@type\":\"WebSite\",\"@id\":\"https:\/\/mekulo.com\/no\/#website\",\"url\":\"https:\/\/mekulo.com\/no\/\",\"name\":\"Mekulo NO\",\"description\":\"\",\"publisher\":{\"@id\":\"https:\/\/mekulo.com\/no\/#organization\"},\"potentialAction\":[{\"@type\":\"SearchAction\",\"target\":{\"@type\":\"EntryPoint\",\"urlTemplate\":\"https:\/\/mekulo.com\/no\/?s={search_term_string}\"},\"query-input\":{\"@type\":\"PropertyValueSpecification\",\"valueRequired\":true,\"valueName\":\"search_term_string\"}}],\"inLanguage\":\"nb-NO\"},{\"@type\":\"Organization\",\"@id\":\"https:\/\/mekulo.com\/no\/#organization\",\"name\":\"Mekulo\",\"url\":\"https:\/\/mekulo.com\/no\/\",\"logo\":{\"@type\":\"ImageObject\",\"inLanguage\":\"nb-NO\",\"@id\":\"https:\/\/mekulo.com\/no\/#\/schema\/logo\/image\/\",\"url\":\"https:\/\/mekulo.com\/no\/wp-content\/uploads\/sites\/10\/2025\/12\/favicon_mekulo.png\",\"contentUrl\":\"https:\/\/mekulo.com\/no\/wp-content\/uploads\/sites\/10\/2025\/12\/favicon_mekulo.png\",\"width\":50,\"height\":50,\"caption\":\"Mekulo\"},\"image\":{\"@id\":\"https:\/\/mekulo.com\/no\/#\/schema\/logo\/image\/\"}}]}<\/script>\n<!-- \/ Yoast SEO plugin. -->","yoast_head_json":{"title":"Innvendig koblingsstangverkt\u00f8y - Mekulo NO","robots":{"index":"index","follow":"follow","max-snippet":"max-snippet:-1","max-image-preview":"max-image-preview:large","max-video-preview":"max-video-preview:-1"},"canonical":"https:\/\/mekulo.com\/no\/produkt\/innvendig-koblingsstangverktoy\/","og_locale":"nb_NO","og_type":"article","og_title":"Innvendig koblingsstangverkt\u00f8y - Mekulo NO","og_description":"Et innvendig koblingsstangverkt\u00f8y som er utviklet for \u00e5 fjerne og montere innvendige trekkstenger uten ekstra demontering. Den griper godt fast for h\u00f8yt dreiemoment, noe som sparer tid og krefter under styrereparasjoner. Kompakt og slitesterkt, og egner seg b\u00e5de for profesjonelle mekanikere og gj\u00f8r-det-selv-brukere.","og_url":"https:\/\/mekulo.com\/no\/produkt\/innvendig-koblingsstangverktoy\/","og_site_name":"Mekulo NO","article_modified_time":"2026-01-04T16:59:46+00:00","og_image":[{"width":2560,"height":2560,"url":"https:\/\/mekulo.com\/no\/wp-content\/uploads\/sites\/10\/2026\/01\/7xmmyvc-1.jpeg","type":"image\/jpeg"}],"twitter_card":"summary_large_image","twitter_misc":{"Ansl. lesetid":"2 minutter"},"schema":{"@context":"https:\/\/schema.org","@graph":[{"@type":"WebPage","@id":"https:\/\/mekulo.com\/no\/produkt\/innvendig-koblingsstangverktoy\/","url":"https:\/\/mekulo.com\/no\/produkt\/innvendig-koblingsstangverktoy\/","name":"Innvendig koblingsstangverkt\u00f8y - Mekulo NO","isPartOf":{"@id":"https:\/\/mekulo.com\/no\/#website"},"primaryImageOfPage":{"@id":"https:\/\/mekulo.com\/no\/produkt\/innvendig-koblingsstangverktoy\/#primaryimage"},"image":{"@id":"https:\/\/mekulo.com\/no\/produkt\/innvendig-koblingsstangverktoy\/#primaryimage"},"thumbnailUrl":"https:\/\/mekulo.com\/no\/wp-content\/uploads\/sites\/10\/2026\/01\/7xmmyvc-1.jpeg","datePublished":"2026-01-04T15:59:02+00:00","dateModified":"2026-01-04T16:59:46+00:00","breadcrumb":{"@id":"https:\/\/mekulo.com\/no\/produkt\/innvendig-koblingsstangverktoy\/#breadcrumb"},"inLanguage":"nb-NO","potentialAction":[{"@type":"ReadAction","target":["https:\/\/mekulo.com\/no\/produkt\/innvendig-koblingsstangverktoy\/"]}]},{"@type":"ImageObject","inLanguage":"nb-NO","@id":"https:\/\/mekulo.com\/no\/produkt\/innvendig-koblingsstangverktoy\/#primaryimage","url":"https:\/\/mekulo.com\/no\/wp-content\/uploads\/sites\/10\/2026\/01\/7xmmyvc-1.jpeg","contentUrl":"https:\/\/mekulo.com\/no\/wp-content\/uploads\/sites\/10\/2026\/01\/7xmmyvc-1.jpeg","width":2560,"height":2560},{"@type":"BreadcrumbList","@id":"https:\/\/mekulo.com\/no\/produkt\/innvendig-koblingsstangverktoy\/#breadcrumb","itemListElement":[{"@type":"ListItem","position":1,"name":"Home","item":"https:\/\/mekulo.com\/no\/"},{"@type":"ListItem","position":2,"name":"Butikk","item":"https:\/\/mekulo.com\/no\/butikk\/"},{"@type":"ListItem","position":3,"name":"Innvendig koblingsstangverkt\u00f8y"}]},{"@type":"WebSite","@id":"https:\/\/mekulo.com\/no\/#website","url":"https:\/\/mekulo.com\/no\/","name":"Mekulo NO","description":"","publisher":{"@id":"https:\/\/mekulo.com\/no\/#organization"},"potentialAction":[{"@type":"SearchAction","target":{"@type":"EntryPoint","urlTemplate":"https:\/\/mekulo.com\/no\/?s={search_term_string}"},"query-input":{"@type":"PropertyValueSpecification","valueRequired":true,"valueName":"search_term_string"}}],"inLanguage":"nb-NO"},{"@type":"Organization","@id":"https:\/\/mekulo.com\/no\/#organization","name":"Mekulo","url":"https:\/\/mekulo.com\/no\/","logo":{"@type":"ImageObject","inLanguage":"nb-NO","@id":"https:\/\/mekulo.com\/no\/#\/schema\/logo\/image\/","url":"https:\/\/mekulo.com\/no\/wp-content\/uploads\/sites\/10\/2025\/12\/favicon_mekulo.png","contentUrl":"https:\/\/mekulo.com\/no\/wp-content\/uploads\/sites\/10\/2025\/12\/favicon_mekulo.png","width":50,"height":50,"caption":"Mekulo"},"image":{"@id":"https:\/\/mekulo.com\/no\/#\/schema\/logo\/image\/"}}]}},"_links":{"self":[{"href":"https:\/\/mekulo.com\/no\/wp-json\/wp\/v2\/product\/13513","targetHints":{"allow":["GET"]}}],"collection":[{"href":"https:\/\/mekulo.com\/no\/wp-json\/wp\/v2\/product"}],"about":[{"href":"https:\/\/mekulo.com\/no\/wp-json\/wp\/v2\/types\/product"}],"replies":[{"embeddable":true,"href":"https:\/\/mekulo.com\/no\/wp-json\/wp\/v2\/comments?post=13513"}],"wp:featuredmedia":[{"embeddable":true,"href":"https:\/\/mekulo.com\/no\/wp-json\/wp\/v2\/media\/13509"}],"wp:attachment":[{"href":"https:\/\/mekulo.com\/no\/wp-json\/wp\/v2\/media?parent=13513"}],"wp:term":[{"taxonomy":"product_brand","embeddable":true,"href":"https:\/\/mekulo.com\/no\/wp-json\/wp\/v2\/product_brand?post=13513"},{"taxonomy":"product_cat","embeddable":true,"href":"https:\/\/mekulo.com\/no\/wp-json\/wp\/v2\/product_cat?post=13513"},{"taxonomy":"product_tag","embeddable":true,"href":"https:\/\/mekulo.com\/no\/wp-json\/wp\/v2\/product_tag?post=13513"}],"curies":[{"name":"wp","href":"https:\/\/api.w.org\/{rel}","templated":true}]}}