{"id":546,"date":"2020-10-13T02:48:45","date_gmt":"2020-10-13T02:48:45","guid":{"rendered":"http:\/\/localhost\/razzi\/?page_id=546"},"modified":"2026-04-03T09:57:45","modified_gmt":"2026-04-03T06:57:45","slug":"retur-og-refusjon","status":"publish","type":"page","link":"https:\/\/mekulo.com\/no\/retur-og-refusjon\/","title":{"rendered":"Retur og refusjon"},"content":{"rendered":"\n<p>Vi \u00f8nsker at din handleopplevelse skal v\u00e6re enkel og problemfri. Her finner du all informasjon du trenger om frakt, levering, avbestilling og retur hos mekulo.com.<\/p>\n\n\n\n<hr class=\"wp-block-separator has-alpha-channel-opacity\"\/>\n\n\n\n<h2 class=\"wp-block-heading\">Frakt<\/h2>\n\n\n\n<h3 class=\"wp-block-heading\">Hvor vi leverer<\/h3>\n\n\n\n<p>Vi leverer til alle europeiske land. Avhengig av hvor du bor, vil bestillingen din bli sendt via et lokalt postvesen eller, i noen tilfeller, levert til et pakkeskap.<\/p>\n\n\n\n<h3 class=\"wp-block-heading\">Fraktkostnader<\/h3>\n\n\n\n<p>Standardfrakt: 79 kr<br>Gratis frakt p\u00e5 bestillinger over 415 kr<\/p>\n\n\n\n<h3 class=\"wp-block-heading\">Leveringstider<\/h3>\n\n\n\n<p>Behandlingstid: opptil 2 virkedager<br>Ansl\u00e5tt leveringstid i Europa: opptil 7 virkedager<\/p>\n\n\n\n<h3 class=\"wp-block-heading\">Ansvar og risiko<\/h3>\n\n\n\n<p>Vi er ansvarlige for bestillingen din inntil den er levert til deg. Selv om leveringstidene er anslag og kan variere p\u00e5 grunn av eksterne faktorer, vil vi s\u00f8rge for at bestillingen din n\u00e5r frem til deg.<\/p>\n\n\n\n<p>Hvis bestillingen din g\u00e5r tapt, blir betydelig forsinket eller ankommer skadet, ber vi deg kontakte oss, s\u00e5 vil vi l\u00f8se problemet ved \u00e5 tilby en erstatning eller refusjon.<\/p>\n\n\n\n<p>Risikoen for tap eller skade overf\u00f8res til deg n\u00e5r varene er levert til deg eller en person du har utpekt.<\/p>\n\n\n\n<p>S\u00f8rg for at leveringsinformasjonen din er korrekt. Vi er ikke ansvarlige for problemer for\u00e5rsaket av feilaktige eller ufullstendige adresseopplysninger.<\/p>\n\n\n\n<hr class=\"wp-block-separator has-alpha-channel-opacity\"\/>\n\n\n\n<h2 class=\"wp-block-heading\">Avbestilling av bestilling<\/h2>\n\n\n\n<p>Du kan avbestille bestillingen din innen 2 timer etter at den er lagt inn, forutsatt at bestillingen enn\u00e5 ikke er behandlet eller sendt.<\/p>\n\n\n\n<p>Bestillinger behandles vanligvis innen 2 virkedager. N\u00e5r behandlingen har startet eller bestillingen er sendt, er det ikke lenger mulig \u00e5 avbestille.<\/p>\n\n\n\n<p>Hvis du ikke klarer \u00e5 avbestille bestillingen i tide, kan du returnere varen etter levering i henhold til returvilk\u00e5rene nedenfor.<\/p>\n\n\n\n<hr class=\"wp-block-separator has-alpha-channel-opacity\"\/>\n\n\n\n<h2 class=\"wp-block-heading\">Retur og refusjon<\/h2>\n\n\n\n<h3 class=\"wp-block-heading\">Angrerett (14 dager)<\/h3>\n\n\n\n<p>Du har rett til \u00e5 angre kj\u00f8pet innen 14 dager etter at du har mottatt bestillingen, uten \u00e5 oppgi noen grunn.<\/p>\n\n\n\n<hr class=\"wp-block-separator has-alpha-channel-opacity\"\/>\n\n\n\n<h2 class=\"wp-block-heading\">Returvilk\u00e5r<\/h2>\n\n\n\n<p>For \u00e5 v\u00e6re berettiget til retur:<\/p>\n\n\n\n<p>Varene m\u00e5 v\u00e6re ubrukte, uskadde og i originalemballasjen<\/p>\n\n\n\n<p>Du kan h\u00e5ndtere og inspisere produktet bare i den grad det er n\u00f8dvendig for \u00e5 fastsl\u00e5 dets art, egenskaper og funksjonalitet<\/p>\n\n\n\n<hr class=\"wp-block-separator has-alpha-channel-opacity\"\/>\n\n\n\n<h2 class=\"wp-block-heading\">Returfrakt<\/h2>\n\n\n\n<p>Dersom returen skyldes forbrukeren, skal forbrukeren dekke fraktkostnadene. Det konkrete bel\u00f8pet avhenger av hvilket ekspressfirma du velger.<\/p>\n\n\n\n<p>Dersom varene som mottas er skadet eller feilleverte p\u00e5 grunn av feil fra v\u00e5r side, skal forbrukeren ikke betale fraktkostnadene i dette tilfellet.<\/p>\n\n\n\n<hr class=\"wp-block-separator has-alpha-channel-opacity\"\/>\n\n\n\n<h2 class=\"wp-block-heading\">Delvis refusjon<\/h2>\n\n\n\n<p>Hvis den returnerte varen viser tegn p\u00e5 bruk utover det som er n\u00f8dvendig for \u00e5 vurdere den, er skadet eller mangler deler, kan vi redusere refusjonsbel\u00f8pet tilsvarende.<\/p>\n\n\n\n<p>I noen tilfeller kan vi tilby delvis refusjon uten \u00e5 kreve at varen returneres, hvis dette er avtalt med deg.<\/p>\n\n\n\n<hr class=\"wp-block-separator has-alpha-channel-opacity\"\/>\n\n\n\n<h2 class=\"wp-block-heading\">Refusjonsmetode<\/h2>\n\n\n\n<p>Refusjoner utbetales ved hjelp av den opprinnelige betalingsmetoden som ble brukt ved kj\u00f8pet.<\/p>\n\n\n\n<hr class=\"wp-block-separator has-alpha-channel-opacity\"\/>\n\n\n\n<h2 class=\"wp-block-heading\">Refusjonstidspunkt<\/h2>\n\n\n\n<p>Refusjoner behandles innen 14 dager etter at vi har mottatt den returnerte varen, eller innen 14 dager etter at vi har avtalt \u00e5 utbetale en refusjon uten \u00e5 kreve retur.<\/p>\n\n\n\n<p>Refusjonen inkluderer de opprinnelige standard fraktkostnadene (hvis aktuelt).<\/p>\n\n\n\n<hr class=\"wp-block-separator has-alpha-channel-opacity\"\/>\n\n\n\n<h2 class=\"wp-block-heading\">Tilbakebetalingsm\u00e5te<\/h2>\n\n\n\n<p>Alle tilbakebetalinger vil bli overf\u00f8rt til den opprinnelige betalingsm\u00e5ten som kunden brukte ved kj\u00f8pet av produktet<\/p>\n\n\n\n<hr class=\"wp-block-separator has-alpha-channel-opacity\"\/>\n\n\n\n<h2 class=\"wp-block-heading\">Returadresse<\/h2>\n\n\n\n<p>Novtra HK Limited<\/p>\n\n\n\n<p>Sveikatos g. 29, Struik\u0173 k.<\/p>\n\n\n\n<p>\u0160ilal\u0117s r., Litauen<\/p>\n\n\n\n<hr class=\"wp-block-separator has-alpha-channel-opacity\"\/>\n\n\n\n<h2 class=\"wp-block-heading\">Kontakt<\/h2>\n\n\n\n<p>Vennligst kontakt oss f\u00f8r du returnerer varer, slik at vi kan gi deg returinstruksjoner.<\/p>\n\n\n\n<p>Hvis du har sp\u00f8rsm\u00e5l, kan du kontakte oss p\u00e5:<\/p>\n\n\n\n<p>info@mekulo.com<\/p>\n\n\n\n<hr class=\"wp-block-separator has-alpha-channel-opacity\"\/>\n\n\n\n<h2 class=\"wp-block-heading\">Oppsummering<\/h2>\n\n\n\n<p>Frakt: 79 kr, gratis ved kj\u00f8p over 415 kr<\/p>\n\n\n\n<p>Levering: opptil 2 dager behandling + opptil 7 virkedager frakt<\/p>\n\n\n\n<p>Avbestilling: innen 2 timer f\u00f8r behandling<\/p>\n\n\n\n<p>Retur: 14 dagers angrerett<\/p>\n\n\n\n<p>Returfrakt: betales av kunden med mindre varen er feil eller mangelfull<\/p>\n\n\n\n<p>Refusjon: behandles innen 14 dager<\/p>\n","protected":false},"excerpt":{"rendered":"<p>Vi \u00f8nsker at din handleopplevelse skal v\u00e6re enkel og problemfri. Her finner du all informasjon du trenger om frakt, levering, [&hellip;]<\/p>\n","protected":false},"author":1,"featured_media":0,"parent":0,"menu_order":0,"comment_status":"closed","ping_status":"closed","template":"","meta":{"site-sidebar-layout":"default","site-content-layout":"","ast-site-content-layout":"default","site-content-style":"default","site-sidebar-style":"default","ast-global-header-display":"","ast-banner-title-visibility":"","ast-main-header-display":"","ast-hfb-above-header-display":"","ast-hfb-below-header-display":"","ast-hfb-mobile-header-display":"","site-post-title":"","ast-breadcrumbs-content":"","ast-featured-img":"","footer-sml-layout":"","theme-transparent-header-meta":"","adv-header-id-meta":"","stick-header-meta":"","header-above-stick-meta":"","header-main-stick-meta":"","header-below-stick-meta":"","astra-migrate-meta-layouts":"default","ast-page-background-enabled":"default","ast-page-background-meta":{"desktop":{"background-color":"var(--ast-global-color-5)","background-image":"","background-repeat":"repeat","background-position":"center center","background-size":"auto","background-attachment":"scroll","background-type":"","background-media":"","overlay-type":"","overlay-color":"","overlay-opacity":"","overlay-gradient":""},"tablet":{"background-color":"","background-image":"","background-repeat":"repeat","background-position":"center center","background-size":"auto","background-attachment":"scroll","background-type":"","background-media":"","overlay-type":"","overlay-color":"","overlay-opacity":"","overlay-gradient":""},"mobile":{"background-color":"","background-image":"","background-repeat":"repeat","background-position":"center center","background-size":"auto","background-attachment":"scroll","background-type":"","background-media":"","overlay-type":"","overlay-color":"","overlay-opacity":"","overlay-gradient":""}},"ast-content-background-meta":{"desktop":{"background-color":"var(--ast-global-color-4)","background-image":"","background-repeat":"repeat","background-position":"center center","background-size":"auto","background-attachment":"scroll","background-type":"","background-media":"","overlay-type":"","overlay-color":"","overlay-opacity":"","overlay-gradient":""},"tablet":{"background-color":"var(--ast-global-color-4)","background-image":"","background-repeat":"repeat","background-position":"center center","background-size":"auto","background-attachment":"scroll","background-type":"","background-media":"","overlay-type":"","overlay-color":"","overlay-opacity":"","overlay-gradient":""},"mobile":{"background-color":"var(--ast-global-color-4)","background-image":"","background-repeat":"repeat","background-position":"center center","background-size":"auto","background-attachment":"scroll","background-type":"","background-media":"","overlay-type":"","overlay-color":"","overlay-opacity":"","overlay-gradient":""}},"footnotes":""},"class_list":["post-546","page","type-page","status-publish","hentry"],"yoast_head":"<!-- This site is optimized with the Yoast SEO plugin v26.6 - https:\/\/yoast.com\/wordpress\/plugins\/seo\/ -->\n<title>Retur og refusjon - Mekulo NO<\/title>\n<meta name=\"robots\" content=\"index, follow, max-snippet:-1, max-image-preview:large, max-video-preview:-1\" \/>\n<link rel=\"canonical\" href=\"https:\/\/mekulo.com\/no\/retur-og-refusjon\/\" \/>\n<meta property=\"og:locale\" content=\"nb_NO\" \/>\n<meta property=\"og:type\" content=\"article\" \/>\n<meta property=\"og:title\" content=\"Retur og refusjon - Mekulo NO\" \/>\n<meta property=\"og:description\" content=\"Vi \u00f8nsker at din handleopplevelse skal v\u00e6re enkel og problemfri. Her finner du all informasjon du trenger om frakt, levering, [&hellip;]\" \/>\n<meta property=\"og:url\" content=\"https:\/\/mekulo.com\/no\/retur-og-refusjon\/\" \/>\n<meta property=\"og:site_name\" content=\"Mekulo NO\" \/>\n<meta property=\"article:modified_time\" content=\"2026-04-03T06:57:45+00:00\" \/>\n<meta name=\"twitter:card\" content=\"summary_large_image\" \/>\n<meta name=\"twitter:label1\" content=\"Ansl. lesetid\" \/>\n\t<meta name=\"twitter:data1\" content=\"4 minutter\" \/>\n<script type=\"application\/ld+json\" class=\"yoast-schema-graph\">{\"@context\":\"https:\/\/schema.org\",\"@graph\":[{\"@type\":\"WebPage\",\"@id\":\"https:\/\/mekulo.com\/no\/retur-og-refusjon\/\",\"url\":\"https:\/\/mekulo.com\/no\/retur-og-refusjon\/\",\"name\":\"Retur og refusjon - Mekulo NO\",\"isPartOf\":{\"@id\":\"https:\/\/mekulo.com\/no\/#website\"},\"datePublished\":\"2020-10-13T02:48:45+00:00\",\"dateModified\":\"2026-04-03T06:57:45+00:00\",\"breadcrumb\":{\"@id\":\"https:\/\/mekulo.com\/no\/retur-og-refusjon\/#breadcrumb\"},\"inLanguage\":\"nb-NO\",\"potentialAction\":[{\"@type\":\"ReadAction\",\"target\":[\"https:\/\/mekulo.com\/no\/retur-og-refusjon\/\"]}]},{\"@type\":\"BreadcrumbList\",\"@id\":\"https:\/\/mekulo.com\/no\/retur-og-refusjon\/#breadcrumb\",\"itemListElement\":[{\"@type\":\"ListItem\",\"position\":1,\"name\":\"Home\",\"item\":\"https:\/\/mekulo.com\/no\/\"},{\"@type\":\"ListItem\",\"position\":2,\"name\":\"Retur og refusjon\"}]},{\"@type\":\"WebSite\",\"@id\":\"https:\/\/mekulo.com\/no\/#website\",\"url\":\"https:\/\/mekulo.com\/no\/\",\"name\":\"Mekulo NO\",\"description\":\"\",\"publisher\":{\"@id\":\"https:\/\/mekulo.com\/no\/#organization\"},\"potentialAction\":[{\"@type\":\"SearchAction\",\"target\":{\"@type\":\"EntryPoint\",\"urlTemplate\":\"https:\/\/mekulo.com\/no\/?s={search_term_string}\"},\"query-input\":{\"@type\":\"PropertyValueSpecification\",\"valueRequired\":true,\"valueName\":\"search_term_string\"}}],\"inLanguage\":\"nb-NO\"},{\"@type\":\"Organization\",\"@id\":\"https:\/\/mekulo.com\/no\/#organization\",\"name\":\"Mekulo\",\"url\":\"https:\/\/mekulo.com\/no\/\",\"logo\":{\"@type\":\"ImageObject\",\"inLanguage\":\"nb-NO\",\"@id\":\"https:\/\/mekulo.com\/no\/#\/schema\/logo\/image\/\",\"url\":\"https:\/\/mekulo.com\/no\/wp-content\/uploads\/sites\/10\/2025\/12\/favicon_mekulo.png\",\"contentUrl\":\"https:\/\/mekulo.com\/no\/wp-content\/uploads\/sites\/10\/2025\/12\/favicon_mekulo.png\",\"width\":50,\"height\":50,\"caption\":\"Mekulo\"},\"image\":{\"@id\":\"https:\/\/mekulo.com\/no\/#\/schema\/logo\/image\/\"}}]}<\/script>\n<!-- \/ Yoast SEO plugin. -->","yoast_head_json":{"title":"Retur og refusjon - Mekulo NO","robots":{"index":"index","follow":"follow","max-snippet":"max-snippet:-1","max-image-preview":"max-image-preview:large","max-video-preview":"max-video-preview:-1"},"canonical":"https:\/\/mekulo.com\/no\/retur-og-refusjon\/","og_locale":"nb_NO","og_type":"article","og_title":"Retur og refusjon - Mekulo NO","og_description":"Vi \u00f8nsker at din handleopplevelse skal v\u00e6re enkel og problemfri. Her finner du all informasjon du trenger om frakt, levering, [&hellip;]","og_url":"https:\/\/mekulo.com\/no\/retur-og-refusjon\/","og_site_name":"Mekulo NO","article_modified_time":"2026-04-03T06:57:45+00:00","twitter_card":"summary_large_image","twitter_misc":{"Ansl. lesetid":"4 minutter"},"schema":{"@context":"https:\/\/schema.org","@graph":[{"@type":"WebPage","@id":"https:\/\/mekulo.com\/no\/retur-og-refusjon\/","url":"https:\/\/mekulo.com\/no\/retur-og-refusjon\/","name":"Retur og refusjon - Mekulo NO","isPartOf":{"@id":"https:\/\/mekulo.com\/no\/#website"},"datePublished":"2020-10-13T02:48:45+00:00","dateModified":"2026-04-03T06:57:45+00:00","breadcrumb":{"@id":"https:\/\/mekulo.com\/no\/retur-og-refusjon\/#breadcrumb"},"inLanguage":"nb-NO","potentialAction":[{"@type":"ReadAction","target":["https:\/\/mekulo.com\/no\/retur-og-refusjon\/"]}]},{"@type":"BreadcrumbList","@id":"https:\/\/mekulo.com\/no\/retur-og-refusjon\/#breadcrumb","itemListElement":[{"@type":"ListItem","position":1,"name":"Home","item":"https:\/\/mekulo.com\/no\/"},{"@type":"ListItem","position":2,"name":"Retur og refusjon"}]},{"@type":"WebSite","@id":"https:\/\/mekulo.com\/no\/#website","url":"https:\/\/mekulo.com\/no\/","name":"Mekulo NO","description":"","publisher":{"@id":"https:\/\/mekulo.com\/no\/#organization"},"potentialAction":[{"@type":"SearchAction","target":{"@type":"EntryPoint","urlTemplate":"https:\/\/mekulo.com\/no\/?s={search_term_string}"},"query-input":{"@type":"PropertyValueSpecification","valueRequired":true,"valueName":"search_term_string"}}],"inLanguage":"nb-NO"},{"@type":"Organization","@id":"https:\/\/mekulo.com\/no\/#organization","name":"Mekulo","url":"https:\/\/mekulo.com\/no\/","logo":{"@type":"ImageObject","inLanguage":"nb-NO","@id":"https:\/\/mekulo.com\/no\/#\/schema\/logo\/image\/","url":"https:\/\/mekulo.com\/no\/wp-content\/uploads\/sites\/10\/2025\/12\/favicon_mekulo.png","contentUrl":"https:\/\/mekulo.com\/no\/wp-content\/uploads\/sites\/10\/2025\/12\/favicon_mekulo.png","width":50,"height":50,"caption":"Mekulo"},"image":{"@id":"https:\/\/mekulo.com\/no\/#\/schema\/logo\/image\/"}}]}},"_links":{"self":[{"href":"https:\/\/mekulo.com\/no\/wp-json\/wp\/v2\/pages\/546","targetHints":{"allow":["GET"]}}],"collection":[{"href":"https:\/\/mekulo.com\/no\/wp-json\/wp\/v2\/pages"}],"about":[{"href":"https:\/\/mekulo.com\/no\/wp-json\/wp\/v2\/types\/page"}],"author":[{"embeddable":true,"href":"https:\/\/mekulo.com\/no\/wp-json\/wp\/v2\/users\/1"}],"replies":[{"embeddable":true,"href":"https:\/\/mekulo.com\/no\/wp-json\/wp\/v2\/comments?post=546"}],"version-history":[{"count":24,"href":"https:\/\/mekulo.com\/no\/wp-json\/wp\/v2\/pages\/546\/revisions"}],"predecessor-version":[{"id":26228,"href":"https:\/\/mekulo.com\/no\/wp-json\/wp\/v2\/pages\/546\/revisions\/26228"}],"wp:attachment":[{"href":"https:\/\/mekulo.com\/no\/wp-json\/wp\/v2\/media?parent=546"}],"curies":[{"name":"wp","href":"https:\/\/api.w.org\/{rel}","templated":true}]}}