{"id":12790,"date":"2025-12-10T13:12:52","date_gmt":"2025-12-10T13:12:52","guid":{"rendered":"https:\/\/mekulo.com\/no\/?page_id=12790"},"modified":"2025-12-29T14:06:48","modified_gmt":"2025-12-29T12:06:48","slug":"ofte-stilte-sporsmal","status":"publish","type":"page","link":"https:\/\/mekulo.com\/no\/ofte-stilte-sporsmal\/","title":{"rendered":"Ofte stilte sp\u00f8rsm\u00e5l"},"content":{"rendered":"\t\t<div data-elementor-type=\"wp-page\" data-elementor-id=\"12790\" class=\"elementor elementor-12790\" data-elementor-post-type=\"page\">\n\t\t\t\t<div class=\"elementor-element elementor-element-21f9d5b animated-slow e-flex e-con-boxed elementor-invisible e-con e-parent\" data-id=\"21f9d5b\" data-element_type=\"container\" data-settings=\"{&quot;animation&quot;:&quot;fadeIn&quot;}\">\n\t\t\t\t\t<div class=\"e-con-inner\">\n\t\t\t\t<div class=\"elementor-element elementor-element-31cb809 elementor-widget elementor-widget-heading\" data-id=\"31cb809\" data-element_type=\"widget\" data-widget_type=\"heading.default\">\n\t\t\t\t\t<h2 class=\"elementor-heading-title elementor-size-default\">Frequently asked <br>questions<\/h2>\t\t\t\t<\/div>\n\t\t\t\t\t<\/div>\n\t\t\t\t<\/div>\n\t\t<div class=\"elementor-element elementor-element-794d62a e-flex e-con-boxed elementor-invisible e-con e-parent\" data-id=\"794d62a\" data-element_type=\"container\" data-settings=\"{&quot;animation&quot;:&quot;fadeIn&quot;}\">\n\t\t\t\t\t<div class=\"e-con-inner\">\n\t\t\t\t<div class=\"elementor-element elementor-element-a9991ef elementor-widget__width-initial elementor-widget elementor-widget-shortcode\" data-id=\"a9991ef\" data-element_type=\"widget\" data-widget_type=\"shortcode.default\">\n\t\t\t\t\t\t\t<div class=\"elementor-shortcode\"><style>#sp-ea-13445 .spcollapsing { height: 0; overflow: hidden; transition-property: height;transition-duration: 300ms;}#sp-ea-13445.sp-easy-accordion>.sp-ea-single {margin-bottom: 10px; border: 1px solid #f6f3f0; }#sp-ea-13445.sp-easy-accordion>.sp-ea-single>.ea-header a {color: #444;}#sp-ea-13445.sp-easy-accordion>.sp-ea-single>.sp-collapse>.ea-body {background: #fff; color: #444;}#sp-ea-13445.sp-easy-accordion>.sp-ea-single {background: #f6f3f0;}#sp-ea-13445.sp-easy-accordion>.sp-ea-single>.ea-header a .ea-expand-icon { float: right; color: #444;font-size: 16px;}#sp-ea-13445.sp-easy-accordion>.sp-ea-single>.ea-header a .ea-expand-icon {margin-right: 0;}<\/style><div id=\"sp_easy_accordion-1767008358\"><div id=\"sp-ea-13445\" class=\"sp-ea-one sp-easy-accordion\" data-ea-active=\"ea-click\" data-ea-mode=\"vertical\" data-preloader=\"\" data-scroll-active-item=\"\" data-offset-to-scroll=\"0\"><div class=\"ea-card ea-expand sp-ea-single\"><h3 class=\"ea-header\"><a class=\"collapsed\" id=\"ea-header-134450\" role=\"button\" data-sptoggle=\"spcollapse\" data-sptarget=\"#collapse134450\" aria-controls=\"collapse134450\" href=\"#\" aria-expanded=\"true\" tabindex=\"0\"><i aria-hidden=\"true\" role=\"presentation\" class=\"ea-expand-icon eap-icon-ea-expand-minus\"><\/i> Hvor finner jeg fraktkoden min?<\/a><\/h3><div class=\"sp-collapse spcollapse collapsed show\" id=\"collapse134450\" data-parent=\"#sp-ea-13445\" role=\"region\" aria-labelledby=\"ea-header-134450\"> <div class=\"ea-body\"><p>N\u00e5r bestillingen din er sendt, vil du motta et sporingsnummer p\u00e5 e-post. Sporingskoden sendes vanligvis innen 1\u20133 virkedager. V\u00e6r oppmerksom p\u00e5 at det kan ta flere virkedager f\u00f8r sporingskoden blir aktiv.<\/p><\/div><\/div><\/div><div class=\"ea-card sp-ea-single\"><h3 class=\"ea-header\"><a class=\"collapsed\" id=\"ea-header-134451\" role=\"button\" data-sptoggle=\"spcollapse\" data-sptarget=\"#collapse134451\" aria-controls=\"collapse134451\" href=\"#\" aria-expanded=\"false\" tabindex=\"0\"><i aria-hidden=\"true\" role=\"presentation\" class=\"ea-expand-icon eap-icon-ea-expand-plus\"><\/i> Hvordan kan jeg sjekke hvor bestillingen min er?<\/a><\/h3><div class=\"sp-collapse spcollapse \" id=\"collapse134451\" data-parent=\"#sp-ea-13445\" role=\"region\" aria-labelledby=\"ea-header-134451\"> <div class=\"ea-body\"><p>Bruk sporingskoden du mottar via e-post for \u00e5 spore statusen p\u00e5 bestillingen din. Skriv inn sporingsnummeret p\u00e5 sporingsnettstedet\u00a0<a href=\"https:\/\/www.17track.net\/en\">17track<\/a>\u00a0for \u00e5 sjekke statusen p\u00e5 forsendelsen. Hvis det vises at forsendelsen ikke har noen informasjon, velg YunExpress som transport\u00f8r for forsendelsen.<\/p><p>Sporingskoden sendes sammen med e-posten om fullf\u00f8rt bestilling, som du b\u00f8r motta innen 1\u20133 virkedager etter at du har lagt inn den f\u00f8rste bestillingen. Hvis du fortsatt ikke har mottatt sporingsnummeret etter 1\u20133 dager, kan du kontakte oss.<\/p><\/div><\/div><\/div><div class=\"ea-card sp-ea-single\"><h3 class=\"ea-header\"><a class=\"collapsed\" id=\"ea-header-134452\" role=\"button\" data-sptoggle=\"spcollapse\" data-sptarget=\"#collapse134452\" aria-controls=\"collapse134452\" href=\"#\" aria-expanded=\"false\" tabindex=\"0\"><i aria-hidden=\"true\" role=\"presentation\" class=\"ea-expand-icon eap-icon-ea-expand-plus\"><\/i> Hva om jeg ikke er forn\u00f8yd med bestillingen min?<\/a><\/h3><div class=\"sp-collapse spcollapse \" id=\"collapse134452\" data-parent=\"#sp-ea-13445\" role=\"region\" aria-labelledby=\"ea-header-134452\"> <div class=\"ea-body\"><p>Hvis du ikke er forn\u00f8yd med bestillingen din, kan du kontakte oss p\u00e5 info@mekulo.com. Beskriv problemet s\u00e5 detaljert som mulig ved \u00e5 legge ved et bilde eller en video. Etter \u00e5 ha vurdert problemet med det bestilte produktet, vil vi pr\u00f8ve \u00e5 svare s\u00e5 snart som mulig og finne en gjensidig l\u00f8sning for \u00e5 l\u00f8se problemet.<\/p><p>I tillegg kan alle bestillinger refunderes innen 14 virkedager. Les mer under\u00a0<a href=\"https:\/\/mekulo.com\/no\/frakt-og-retur\/\">Frakt og retur<\/a>.<\/p><\/div><\/div><\/div><div class=\"ea-card sp-ea-single\"><h3 class=\"ea-header\"><a class=\"collapsed\" id=\"ea-header-134453\" role=\"button\" data-sptoggle=\"spcollapse\" data-sptarget=\"#collapse134453\" aria-controls=\"collapse134453\" href=\"#\" aria-expanded=\"false\" tabindex=\"0\"><i aria-hidden=\"true\" role=\"presentation\" class=\"ea-expand-icon eap-icon-ea-expand-plus\"><\/i> Er betalingsopplysningene mine sikre?<\/a><\/h3><div class=\"sp-collapse spcollapse \" id=\"collapse134453\" data-parent=\"#sp-ea-13445\" role=\"region\" aria-labelledby=\"ea-header-134453\"> <div class=\"ea-body\"><p>Vi bruker SSL-kryptering (Secure Socket Layer), som sikrer at dataene dine overf\u00f8res sikkert mellom nettleseren din og serverne v\u00e5re. Dette gir ekstra beskyttelse mot datatyveri og sikrer at dine personlige betalingsopplysninger er trygge.<\/p><\/div><\/div><\/div><div class=\"ea-card sp-ea-single\"><h3 class=\"ea-header\"><a class=\"collapsed\" id=\"ea-header-134454\" role=\"button\" data-sptoggle=\"spcollapse\" data-sptarget=\"#collapse134454\" aria-controls=\"collapse134454\" href=\"#\" aria-expanded=\"false\" tabindex=\"0\"><i aria-hidden=\"true\" role=\"presentation\" class=\"ea-expand-icon eap-icon-ea-expand-plus\"><\/i> Hvordan kan jeg returnere et produkt?<\/a><\/h3><div class=\"sp-collapse spcollapse \" id=\"collapse134454\" data-parent=\"#sp-ea-13445\" role=\"region\" aria-labelledby=\"ea-header-134454\"> <div class=\"ea-body\"><p>Kontakt oss p\u00e5 info@mekulo.com for mer informasjon om retur av produkter. Alle kj\u00f8p kan returneres innen 14 virkedager uten \u00e5 oppgi noen grunn. Bare kontakt oss, s\u00e5 gir vi deg all n\u00f8dvendig informasjon for \u00e5 returnere pakken.<\/p><p>V\u00e5r returadresse er:<br \/>Vienyb\u0117s g. 5, \u0160ilal\u0117, LT-75129, Litauen<\/p><p>Les mer under\u00a0<a href=\"https:\/\/mekulo.com\/no\/frakt-og-retur\/\">Frakt og retur<\/a>.<\/p><\/div><\/div><\/div><div class=\"ea-card sp-ea-single\"><h3 class=\"ea-header\"><a class=\"collapsed\" id=\"ea-header-134455\" role=\"button\" data-sptoggle=\"spcollapse\" data-sptarget=\"#collapse134455\" aria-controls=\"collapse134455\" href=\"#\" aria-expanded=\"false\" tabindex=\"0\"><i aria-hidden=\"true\" role=\"presentation\" class=\"ea-expand-icon eap-icon-ea-expand-plus\"><\/i> Fant du ikke svaret p\u00e5 sp\u00f8rsm\u00e5let ditt?<\/a><\/h3><div class=\"sp-collapse spcollapse \" id=\"collapse134455\" data-parent=\"#sp-ea-13445\" role=\"region\" aria-labelledby=\"ea-header-134455\"> <div class=\"ea-body\"><p>Hvis du har ubesvarte sp\u00f8rsm\u00e5l eller trenger mer informasjon, kan du kontakte oss p\u00e5 info@mekulo.com.<\/p><p>V\u00e5r kundeservice er alltid klar til \u00e5 hjelpe deg og svare p\u00e5 dine sp\u00f8rsm\u00e5l. Vi svarer p\u00e5 sp\u00f8rsm\u00e5l innen 24 timer.<\/p><\/div><\/div><\/div><\/div><\/div><\/div>\n\t\t\t\t\t\t<\/div>\n\t\t\t\t\t<\/div>\n\t\t\t\t<\/div>\n\t\t\t\t<\/div>\n\t\t","protected":false},"excerpt":{"rendered":"<p>Frequently asked questions<\/p>\n","protected":false},"author":5,"featured_media":0,"parent":0,"menu_order":0,"comment_status":"closed","ping_status":"closed","template":"","meta":{"site-sidebar-layout":"no-sidebar","site-content-layout":"","ast-site-content-layout":"full-width-container","site-content-style":"default","site-sidebar-style":"default","ast-global-header-display":"","ast-banner-title-visibility":"","ast-main-header-display":"","ast-hfb-above-header-display":"","ast-hfb-below-header-display":"","ast-hfb-mobile-header-display":"","site-post-title":"disabled","ast-breadcrumbs-content":"","ast-featured-img":"disabled","footer-sml-layout":"","theme-transparent-header-meta":"","adv-header-id-meta":"","stick-header-meta":"","header-above-stick-meta":"","header-main-stick-meta":"","header-below-stick-meta":"","astra-migrate-meta-layouts":"default","ast-page-background-enabled":"default","ast-page-background-meta":{"desktop":{"background-color":"var(--ast-global-color-5)","background-image":"","background-repeat":"repeat","background-position":"center center","background-size":"auto","background-attachment":"scroll","background-type":"","background-media":"","overlay-type":"","overlay-color":"","overlay-opacity":"","overlay-gradient":""},"tablet":{"background-color":"","background-image":"","background-repeat":"repeat","background-position":"center center","background-size":"auto","background-attachment":"scroll","background-type":"","background-media":"","overlay-type":"","overlay-color":"","overlay-opacity":"","overlay-gradient":""},"mobile":{"background-color":"","background-image":"","background-repeat":"repeat","background-position":"center center","background-size":"auto","background-attachment":"scroll","background-type":"","background-media":"","overlay-type":"","overlay-color":"","overlay-opacity":"","overlay-gradient":""}},"ast-content-background-meta":{"desktop":{"background-color":"var(--ast-global-color-4)","background-image":"","background-repeat":"repeat","background-position":"center center","background-size":"auto","background-attachment":"scroll","background-type":"","background-media":"","overlay-type":"","overlay-color":"","overlay-opacity":"","overlay-gradient":""},"tablet":{"background-color":"var(--ast-global-color-4)","background-image":"","background-repeat":"repeat","background-position":"center center","background-size":"auto","background-attachment":"scroll","background-type":"","background-media":"","overlay-type":"","overlay-color":"","overlay-opacity":"","overlay-gradient":""},"mobile":{"background-color":"var(--ast-global-color-4)","background-image":"","background-repeat":"repeat","background-position":"center center","background-size":"auto","background-attachment":"scroll","background-type":"","background-media":"","overlay-type":"","overlay-color":"","overlay-opacity":"","overlay-gradient":""}},"footnotes":""},"class_list":["post-12790","page","type-page","status-publish","hentry"],"yoast_head":"<!-- This site is optimized with the Yoast SEO plugin v26.6 - https:\/\/yoast.com\/wordpress\/plugins\/seo\/ -->\n<title>Ofte stilte sp\u00f8rsm\u00e5l - Mekulo NO<\/title>\n<meta name=\"robots\" content=\"index, follow, max-snippet:-1, max-image-preview:large, max-video-preview:-1\" \/>\n<link rel=\"canonical\" href=\"https:\/\/mekulo.com\/no\/ofte-stilte-sporsmal\/\" \/>\n<meta property=\"og:locale\" content=\"nb_NO\" \/>\n<meta property=\"og:type\" content=\"article\" \/>\n<meta property=\"og:title\" content=\"Ofte stilte sp\u00f8rsm\u00e5l - Mekulo NO\" \/>\n<meta property=\"og:description\" content=\"Frequently asked questions\" \/>\n<meta property=\"og:url\" content=\"https:\/\/mekulo.com\/no\/ofte-stilte-sporsmal\/\" \/>\n<meta property=\"og:site_name\" content=\"Mekulo NO\" \/>\n<meta property=\"article:modified_time\" content=\"2025-12-29T12:06:48+00:00\" \/>\n<meta name=\"twitter:card\" content=\"summary_large_image\" \/>\n<meta name=\"twitter:label1\" content=\"Ansl. lesetid\" \/>\n\t<meta name=\"twitter:data1\" content=\"2 minutter\" \/>\n<script type=\"application\/ld+json\" class=\"yoast-schema-graph\">{\"@context\":\"https:\/\/schema.org\",\"@graph\":[{\"@type\":\"WebPage\",\"@id\":\"https:\/\/mekulo.com\/no\/ofte-stilte-sporsmal\/\",\"url\":\"https:\/\/mekulo.com\/no\/ofte-stilte-sporsmal\/\",\"name\":\"Ofte stilte sp\u00f8rsm\u00e5l - Mekulo NO\",\"isPartOf\":{\"@id\":\"https:\/\/mekulo.com\/no\/#website\"},\"datePublished\":\"2025-12-10T13:12:52+00:00\",\"dateModified\":\"2025-12-29T12:06:48+00:00\",\"breadcrumb\":{\"@id\":\"https:\/\/mekulo.com\/no\/ofte-stilte-sporsmal\/#breadcrumb\"},\"inLanguage\":\"nb-NO\",\"potentialAction\":[{\"@type\":\"ReadAction\",\"target\":[\"https:\/\/mekulo.com\/no\/ofte-stilte-sporsmal\/\"]}]},{\"@type\":\"BreadcrumbList\",\"@id\":\"https:\/\/mekulo.com\/no\/ofte-stilte-sporsmal\/#breadcrumb\",\"itemListElement\":[{\"@type\":\"ListItem\",\"position\":1,\"name\":\"Home\",\"item\":\"https:\/\/mekulo.com\/no\/\"},{\"@type\":\"ListItem\",\"position\":2,\"name\":\"Ofte stilte sp\u00f8rsm\u00e5l\"}]},{\"@type\":\"WebSite\",\"@id\":\"https:\/\/mekulo.com\/no\/#website\",\"url\":\"https:\/\/mekulo.com\/no\/\",\"name\":\"Mekulo NO\",\"description\":\"\",\"publisher\":{\"@id\":\"https:\/\/mekulo.com\/no\/#organization\"},\"potentialAction\":[{\"@type\":\"SearchAction\",\"target\":{\"@type\":\"EntryPoint\",\"urlTemplate\":\"https:\/\/mekulo.com\/no\/?s={search_term_string}\"},\"query-input\":{\"@type\":\"PropertyValueSpecification\",\"valueRequired\":true,\"valueName\":\"search_term_string\"}}],\"inLanguage\":\"nb-NO\"},{\"@type\":\"Organization\",\"@id\":\"https:\/\/mekulo.com\/no\/#organization\",\"name\":\"Mekulo\",\"url\":\"https:\/\/mekulo.com\/no\/\",\"logo\":{\"@type\":\"ImageObject\",\"inLanguage\":\"nb-NO\",\"@id\":\"https:\/\/mekulo.com\/no\/#\/schema\/logo\/image\/\",\"url\":\"https:\/\/mekulo.com\/no\/wp-content\/uploads\/sites\/10\/2025\/12\/favicon_mekulo.png\",\"contentUrl\":\"https:\/\/mekulo.com\/no\/wp-content\/uploads\/sites\/10\/2025\/12\/favicon_mekulo.png\",\"width\":50,\"height\":50,\"caption\":\"Mekulo\"},\"image\":{\"@id\":\"https:\/\/mekulo.com\/no\/#\/schema\/logo\/image\/\"}}]}<\/script>\n<!-- \/ Yoast SEO plugin. -->","yoast_head_json":{"title":"Ofte stilte sp\u00f8rsm\u00e5l - Mekulo NO","robots":{"index":"index","follow":"follow","max-snippet":"max-snippet:-1","max-image-preview":"max-image-preview:large","max-video-preview":"max-video-preview:-1"},"canonical":"https:\/\/mekulo.com\/no\/ofte-stilte-sporsmal\/","og_locale":"nb_NO","og_type":"article","og_title":"Ofte stilte sp\u00f8rsm\u00e5l - Mekulo NO","og_description":"Frequently asked questions","og_url":"https:\/\/mekulo.com\/no\/ofte-stilte-sporsmal\/","og_site_name":"Mekulo NO","article_modified_time":"2025-12-29T12:06:48+00:00","twitter_card":"summary_large_image","twitter_misc":{"Ansl. lesetid":"2 minutter"},"schema":{"@context":"https:\/\/schema.org","@graph":[{"@type":"WebPage","@id":"https:\/\/mekulo.com\/no\/ofte-stilte-sporsmal\/","url":"https:\/\/mekulo.com\/no\/ofte-stilte-sporsmal\/","name":"Ofte stilte sp\u00f8rsm\u00e5l - Mekulo NO","isPartOf":{"@id":"https:\/\/mekulo.com\/no\/#website"},"datePublished":"2025-12-10T13:12:52+00:00","dateModified":"2025-12-29T12:06:48+00:00","breadcrumb":{"@id":"https:\/\/mekulo.com\/no\/ofte-stilte-sporsmal\/#breadcrumb"},"inLanguage":"nb-NO","potentialAction":[{"@type":"ReadAction","target":["https:\/\/mekulo.com\/no\/ofte-stilte-sporsmal\/"]}]},{"@type":"BreadcrumbList","@id":"https:\/\/mekulo.com\/no\/ofte-stilte-sporsmal\/#breadcrumb","itemListElement":[{"@type":"ListItem","position":1,"name":"Home","item":"https:\/\/mekulo.com\/no\/"},{"@type":"ListItem","position":2,"name":"Ofte stilte sp\u00f8rsm\u00e5l"}]},{"@type":"WebSite","@id":"https:\/\/mekulo.com\/no\/#website","url":"https:\/\/mekulo.com\/no\/","name":"Mekulo NO","description":"","publisher":{"@id":"https:\/\/mekulo.com\/no\/#organization"},"potentialAction":[{"@type":"SearchAction","target":{"@type":"EntryPoint","urlTemplate":"https:\/\/mekulo.com\/no\/?s={search_term_string}"},"query-input":{"@type":"PropertyValueSpecification","valueRequired":true,"valueName":"search_term_string"}}],"inLanguage":"nb-NO"},{"@type":"Organization","@id":"https:\/\/mekulo.com\/no\/#organization","name":"Mekulo","url":"https:\/\/mekulo.com\/no\/","logo":{"@type":"ImageObject","inLanguage":"nb-NO","@id":"https:\/\/mekulo.com\/no\/#\/schema\/logo\/image\/","url":"https:\/\/mekulo.com\/no\/wp-content\/uploads\/sites\/10\/2025\/12\/favicon_mekulo.png","contentUrl":"https:\/\/mekulo.com\/no\/wp-content\/uploads\/sites\/10\/2025\/12\/favicon_mekulo.png","width":50,"height":50,"caption":"Mekulo"},"image":{"@id":"https:\/\/mekulo.com\/no\/#\/schema\/logo\/image\/"}}]}},"_links":{"self":[{"href":"https:\/\/mekulo.com\/no\/wp-json\/wp\/v2\/pages\/12790","targetHints":{"allow":["GET"]}}],"collection":[{"href":"https:\/\/mekulo.com\/no\/wp-json\/wp\/v2\/pages"}],"about":[{"href":"https:\/\/mekulo.com\/no\/wp-json\/wp\/v2\/types\/page"}],"author":[{"embeddable":true,"href":"https:\/\/mekulo.com\/no\/wp-json\/wp\/v2\/users\/5"}],"replies":[{"embeddable":true,"href":"https:\/\/mekulo.com\/no\/wp-json\/wp\/v2\/comments?post=12790"}],"version-history":[{"count":35,"href":"https:\/\/mekulo.com\/no\/wp-json\/wp\/v2\/pages\/12790\/revisions"}],"predecessor-version":[{"id":13457,"href":"https:\/\/mekulo.com\/no\/wp-json\/wp\/v2\/pages\/12790\/revisions\/13457"}],"wp:attachment":[{"href":"https:\/\/mekulo.com\/no\/wp-json\/wp\/v2\/media?parent=12790"}],"curies":[{"name":"wp","href":"https:\/\/api.w.org\/{rel}","templated":true}]}}